{"id":13569,"date":"2026-01-10T08:02:53","date_gmt":"2026-01-10T07:02:53","guid":{"rendered":"https:\/\/www.coccigames.com\/?post_type=product&#038;p=13569"},"modified":"2026-04-06T09:28:45","modified_gmt":"2026-04-06T07:28:45","slug":"echarde-ctan-du-nyctophore","status":"publish","type":"product","link":"https:\/\/www.coccigames.com\/index.php\/produit\/echarde-ctan-du-nyctophore\/","title":{"rendered":"\u00c9CHARDE C\u2019TAN DU NYCTOPHORE"},"content":{"rendered":"<p>Le Nyctophore, qui \u00e9tait jadis un dieu sadique capable de d\u00e9faire les \u00e9toiles, a \u00e9t\u00e9 bris\u00e9 par les N\u00e9crons, et ses fragments restants ont \u00e9t\u00e9 asservis. L\u2019\u00c9charde C\u2019tan du Nyctophore est l\u2019un de ces fragments emprisonn\u00e9s, d\u00e9cha\u00een\u00e9 par les dynasties n\u00e9crons sur les ennemis qu\u2019elles veulent annihiler. Le n\u00e9croderme de m\u00e9tal vivant en constante modification prend la forme d\u2019une silhouette funeste drap\u00e9e d\u2019une robe noire et arm\u00e9e d\u2019une faux qui surgit de sa forme morbide. D\u2019un seul arc de cette lame, le Nyctophore peut trancher des nu\u00e9es d\u2019ennemis inf\u00e9rieurs, aspirant la vie hors de ses adversaires d\u2019un regard qui inflige pas moins de D6+3 d\u00e9g\u00e2ts. Les r\u00e8gles mises \u00e0 jour pour cette figurine seront publi\u00e9es sur le site de Warhammer Community.<img decoding=\"async\" src=\"https:\/\/assets.warhammer-community.com\/sundaypreview-jan04-40k-necnightbringer-ugsisgyhba.jpg\" \/><\/p>\n","protected":false},"excerpt":{"rendered":"<p>Le Nyctophore, qui \u00e9tait jadis un dieu sadique capable de d\u00e9faire les \u00e9toiles, a \u00e9t\u00e9 bris\u00e9 par les N\u00e9crons, et ses fragments restants ont \u00e9t\u00e9 asservis. L\u2019\u00c9charde C\u2019tan du Nyctophore est l\u2019un de ces fragments emprisonn\u00e9s, d\u00e9cha\u00een\u00e9 par les dynasties n\u00e9crons sur les ennemis qu\u2019elles&hellip;<\/p>\n","protected":false},"featured_media":13570,"comment_status":"closed","ping_status":"closed","template":"","meta":[],"product_brand":[23],"product_cat":[291,16,277],"product_tag":[],"class_list":{"0":"post-13569","1":"product","2":"type-product","3":"status-publish","4":"has-post-thumbnail","6":"product_brand-games-workshop","7":"product_cat-necrons","8":"product_cat-warhammer-40000","9":"product_cat-xenos","11":"first","12":"outofstock","13":"sale","14":"taxable","15":"shipping-taxable","16":"purchasable","17":"product-type-simple"},"yoast_head":"<!-- This site is optimized with the Yoast SEO plugin v26.4 - https:\/\/yoast.com\/wordpress\/plugins\/seo\/ -->\n<title>\u00c9CHARDE C\u2019TAN DU NYCTOPHORE - Coccigames<\/title>\n<meta name=\"robots\" content=\"index, follow, max-snippet:-1, max-image-preview:large, max-video-preview:-1\" \/>\n<link rel=\"canonical\" href=\"https:\/\/www.coccigames.com\/index.php\/produit\/echarde-ctan-du-nyctophore\/\" \/>\n<meta property=\"og:locale\" content=\"fr_FR\" \/>\n<meta property=\"og:type\" content=\"article\" \/>\n<meta property=\"og:title\" content=\"\u00c9CHARDE C\u2019TAN DU NYCTOPHORE - Coccigames\" \/>\n<meta property=\"og:description\" content=\"Le Nyctophore, qui \u00e9tait jadis un dieu sadique capable de d\u00e9faire les \u00e9toiles, a \u00e9t\u00e9 bris\u00e9 par les N\u00e9crons, et ses fragments restants ont \u00e9t\u00e9 asservis. L\u2019\u00c9charde C\u2019tan du Nyctophore est l\u2019un de ces fragments emprisonn\u00e9s, d\u00e9cha\u00een\u00e9 par les dynasties n\u00e9crons sur les ennemis qu\u2019elles&hellip;\" \/>\n<meta property=\"og:url\" content=\"https:\/\/www.coccigames.com\/index.php\/produit\/echarde-ctan-du-nyctophore\/\" \/>\n<meta property=\"og:site_name\" content=\"Coccigames\" \/>\n<meta property=\"article:modified_time\" content=\"2026-04-06T07:28:45+00:00\" \/>\n<meta property=\"og:image\" content=\"https:\/\/www.coccigames.com\/wp-content\/uploads\/2026\/01\/99120110088_NecronsCtanShardOfTheNightbringer04.jpg\" \/>\n\t<meta property=\"og:image:width\" content=\"1840\" \/>\n\t<meta property=\"og:image:height\" content=\"1900\" \/>\n\t<meta property=\"og:image:type\" content=\"image\/jpeg\" \/>\n<meta name=\"twitter:card\" content=\"summary_large_image\" \/>\n<meta name=\"twitter:label1\" content=\"Dur\u00e9e de lecture estim\u00e9e\" \/>\n\t<meta name=\"twitter:data1\" content=\"2 minutes\" \/>\n<script type=\"application\/ld+json\" class=\"yoast-schema-graph\">{\"@context\":\"https:\/\/schema.org\",\"@graph\":[{\"@type\":\"WebPage\",\"@id\":\"https:\/\/www.coccigames.com\/index.php\/produit\/echarde-ctan-du-nyctophore\/\",\"url\":\"https:\/\/www.coccigames.com\/index.php\/produit\/echarde-ctan-du-nyctophore\/\",\"name\":\"\u00c9CHARDE C\u2019TAN DU NYCTOPHORE - Coccigames\",\"isPartOf\":{\"@id\":\"https:\/\/www.coccigames.com\/#website\"},\"primaryImageOfPage\":{\"@id\":\"https:\/\/www.coccigames.com\/index.php\/produit\/echarde-ctan-du-nyctophore\/#primaryimage\"},\"image\":{\"@id\":\"https:\/\/www.coccigames.com\/index.php\/produit\/echarde-ctan-du-nyctophore\/#primaryimage\"},\"thumbnailUrl\":\"https:\/\/www.coccigames.com\/wp-content\/uploads\/2026\/01\/99120110088_NecronsCtanShardOfTheNightbringer04.jpg\",\"datePublished\":\"2026-01-10T07:02:53+00:00\",\"dateModified\":\"2026-04-06T07:28:45+00:00\",\"breadcrumb\":{\"@id\":\"https:\/\/www.coccigames.com\/index.php\/produit\/echarde-ctan-du-nyctophore\/#breadcrumb\"},\"inLanguage\":\"fr-FR\",\"potentialAction\":[{\"@type\":\"ReadAction\",\"target\":[\"https:\/\/www.coccigames.com\/index.php\/produit\/echarde-ctan-du-nyctophore\/\"]}]},{\"@type\":\"ImageObject\",\"inLanguage\":\"fr-FR\",\"@id\":\"https:\/\/www.coccigames.com\/index.php\/produit\/echarde-ctan-du-nyctophore\/#primaryimage\",\"url\":\"https:\/\/www.coccigames.com\/wp-content\/uploads\/2026\/01\/99120110088_NecronsCtanShardOfTheNightbringer04.jpg\",\"contentUrl\":\"https:\/\/www.coccigames.com\/wp-content\/uploads\/2026\/01\/99120110088_NecronsCtanShardOfTheNightbringer04.jpg\",\"width\":1840,\"height\":1900},{\"@type\":\"BreadcrumbList\",\"@id\":\"https:\/\/www.coccigames.com\/index.php\/produit\/echarde-ctan-du-nyctophore\/#breadcrumb\",\"itemListElement\":[{\"@type\":\"ListItem\",\"position\":1,\"name\":\"Accueil\",\"item\":\"https:\/\/www.coccigames.com\/\"},{\"@type\":\"ListItem\",\"position\":2,\"name\":\"Boutique\",\"item\":\"https:\/\/www.coccigames.com\/index.php\/boutique\/\"},{\"@type\":\"ListItem\",\"position\":3,\"name\":\"\u00c9CHARDE C\u2019TAN DU NYCTOPHORE\"}]},{\"@type\":\"WebSite\",\"@id\":\"https:\/\/www.coccigames.com\/#website\",\"url\":\"https:\/\/www.coccigames.com\/\",\"name\":\"Coccigames - Figurines et Peintures\",\"description\":\"Figurines et Peintures\",\"publisher\":{\"@id\":\"https:\/\/www.coccigames.com\/#organization\"},\"potentialAction\":[{\"@type\":\"SearchAction\",\"target\":{\"@type\":\"EntryPoint\",\"urlTemplate\":\"https:\/\/www.coccigames.com\/?s={search_term_string}\"},\"query-input\":{\"@type\":\"PropertyValueSpecification\",\"valueRequired\":true,\"valueName\":\"search_term_string\"}}],\"inLanguage\":\"fr-FR\"},{\"@type\":\"Organization\",\"@id\":\"https:\/\/www.coccigames.com\/#organization\",\"name\":\"Coccigames\",\"url\":\"https:\/\/www.coccigames.com\/\",\"logo\":{\"@type\":\"ImageObject\",\"inLanguage\":\"fr-FR\",\"@id\":\"https:\/\/www.coccigames.com\/#\/schema\/logo\/image\/\",\"url\":\"https:\/\/www.coccigames.com\/wp-content\/uploads\/2025\/12\/coccigames_logo_v5.png\",\"contentUrl\":\"https:\/\/www.coccigames.com\/wp-content\/uploads\/2025\/12\/coccigames_logo_v5.png\",\"width\":1768,\"height\":424,\"caption\":\"Coccigames\"},\"image\":{\"@id\":\"https:\/\/www.coccigames.com\/#\/schema\/logo\/image\/\"}}]}<\/script>\n<!-- \/ Yoast SEO plugin. -->","yoast_head_json":{"title":"\u00c9CHARDE C\u2019TAN DU NYCTOPHORE - Coccigames","robots":{"index":"index","follow":"follow","max-snippet":"max-snippet:-1","max-image-preview":"max-image-preview:large","max-video-preview":"max-video-preview:-1"},"canonical":"https:\/\/www.coccigames.com\/index.php\/produit\/echarde-ctan-du-nyctophore\/","og_locale":"fr_FR","og_type":"article","og_title":"\u00c9CHARDE C\u2019TAN DU NYCTOPHORE - Coccigames","og_description":"Le Nyctophore, qui \u00e9tait jadis un dieu sadique capable de d\u00e9faire les \u00e9toiles, a \u00e9t\u00e9 bris\u00e9 par les N\u00e9crons, et ses fragments restants ont \u00e9t\u00e9 asservis. L\u2019\u00c9charde C\u2019tan du Nyctophore est l\u2019un de ces fragments emprisonn\u00e9s, d\u00e9cha\u00een\u00e9 par les dynasties n\u00e9crons sur les ennemis qu\u2019elles&hellip;","og_url":"https:\/\/www.coccigames.com\/index.php\/produit\/echarde-ctan-du-nyctophore\/","og_site_name":"Coccigames","article_modified_time":"2026-04-06T07:28:45+00:00","og_image":[{"width":1840,"height":1900,"url":"https:\/\/www.coccigames.com\/wp-content\/uploads\/2026\/01\/99120110088_NecronsCtanShardOfTheNightbringer04.jpg","type":"image\/jpeg"}],"twitter_card":"summary_large_image","twitter_misc":{"Dur\u00e9e de lecture estim\u00e9e":"2 minutes"},"schema":{"@context":"https:\/\/schema.org","@graph":[{"@type":"WebPage","@id":"https:\/\/www.coccigames.com\/index.php\/produit\/echarde-ctan-du-nyctophore\/","url":"https:\/\/www.coccigames.com\/index.php\/produit\/echarde-ctan-du-nyctophore\/","name":"\u00c9CHARDE C\u2019TAN DU NYCTOPHORE - Coccigames","isPartOf":{"@id":"https:\/\/www.coccigames.com\/#website"},"primaryImageOfPage":{"@id":"https:\/\/www.coccigames.com\/index.php\/produit\/echarde-ctan-du-nyctophore\/#primaryimage"},"image":{"@id":"https:\/\/www.coccigames.com\/index.php\/produit\/echarde-ctan-du-nyctophore\/#primaryimage"},"thumbnailUrl":"https:\/\/www.coccigames.com\/wp-content\/uploads\/2026\/01\/99120110088_NecronsCtanShardOfTheNightbringer04.jpg","datePublished":"2026-01-10T07:02:53+00:00","dateModified":"2026-04-06T07:28:45+00:00","breadcrumb":{"@id":"https:\/\/www.coccigames.com\/index.php\/produit\/echarde-ctan-du-nyctophore\/#breadcrumb"},"inLanguage":"fr-FR","potentialAction":[{"@type":"ReadAction","target":["https:\/\/www.coccigames.com\/index.php\/produit\/echarde-ctan-du-nyctophore\/"]}]},{"@type":"ImageObject","inLanguage":"fr-FR","@id":"https:\/\/www.coccigames.com\/index.php\/produit\/echarde-ctan-du-nyctophore\/#primaryimage","url":"https:\/\/www.coccigames.com\/wp-content\/uploads\/2026\/01\/99120110088_NecronsCtanShardOfTheNightbringer04.jpg","contentUrl":"https:\/\/www.coccigames.com\/wp-content\/uploads\/2026\/01\/99120110088_NecronsCtanShardOfTheNightbringer04.jpg","width":1840,"height":1900},{"@type":"BreadcrumbList","@id":"https:\/\/www.coccigames.com\/index.php\/produit\/echarde-ctan-du-nyctophore\/#breadcrumb","itemListElement":[{"@type":"ListItem","position":1,"name":"Accueil","item":"https:\/\/www.coccigames.com\/"},{"@type":"ListItem","position":2,"name":"Boutique","item":"https:\/\/www.coccigames.com\/index.php\/boutique\/"},{"@type":"ListItem","position":3,"name":"\u00c9CHARDE C\u2019TAN DU NYCTOPHORE"}]},{"@type":"WebSite","@id":"https:\/\/www.coccigames.com\/#website","url":"https:\/\/www.coccigames.com\/","name":"Coccigames - Figurines et Peintures","description":"Figurines et Peintures","publisher":{"@id":"https:\/\/www.coccigames.com\/#organization"},"potentialAction":[{"@type":"SearchAction","target":{"@type":"EntryPoint","urlTemplate":"https:\/\/www.coccigames.com\/?s={search_term_string}"},"query-input":{"@type":"PropertyValueSpecification","valueRequired":true,"valueName":"search_term_string"}}],"inLanguage":"fr-FR"},{"@type":"Organization","@id":"https:\/\/www.coccigames.com\/#organization","name":"Coccigames","url":"https:\/\/www.coccigames.com\/","logo":{"@type":"ImageObject","inLanguage":"fr-FR","@id":"https:\/\/www.coccigames.com\/#\/schema\/logo\/image\/","url":"https:\/\/www.coccigames.com\/wp-content\/uploads\/2025\/12\/coccigames_logo_v5.png","contentUrl":"https:\/\/www.coccigames.com\/wp-content\/uploads\/2025\/12\/coccigames_logo_v5.png","width":1768,"height":424,"caption":"Coccigames"},"image":{"@id":"https:\/\/www.coccigames.com\/#\/schema\/logo\/image\/"}}]}},"_links":{"self":[{"href":"https:\/\/www.coccigames.com\/index.php\/wp-json\/wp\/v2\/product\/13569","targetHints":{"allow":["GET"]}}],"collection":[{"href":"https:\/\/www.coccigames.com\/index.php\/wp-json\/wp\/v2\/product"}],"about":[{"href":"https:\/\/www.coccigames.com\/index.php\/wp-json\/wp\/v2\/types\/product"}],"replies":[{"embeddable":true,"href":"https:\/\/www.coccigames.com\/index.php\/wp-json\/wp\/v2\/comments?post=13569"}],"wp:featuredmedia":[{"embeddable":true,"href":"https:\/\/www.coccigames.com\/index.php\/wp-json\/wp\/v2\/media\/13570"}],"wp:attachment":[{"href":"https:\/\/www.coccigames.com\/index.php\/wp-json\/wp\/v2\/media?parent=13569"}],"wp:term":[{"taxonomy":"product_brand","embeddable":true,"href":"https:\/\/www.coccigames.com\/index.php\/wp-json\/wp\/v2\/product_brand?post=13569"},{"taxonomy":"product_cat","embeddable":true,"href":"https:\/\/www.coccigames.com\/index.php\/wp-json\/wp\/v2\/product_cat?post=13569"},{"taxonomy":"product_tag","embeddable":true,"href":"https:\/\/www.coccigames.com\/index.php\/wp-json\/wp\/v2\/product_tag?post=13569"}],"curies":[{"name":"wp","href":"https:\/\/api.w.org\/{rel}","templated":true}]}}