{"id":13567,"date":"2026-01-10T07:58:48","date_gmt":"2026-01-10T06:58:48","guid":{"rendered":"https:\/\/www.coccigames.com\/?post_type=product&#038;p=13567"},"modified":"2026-04-06T09:28:45","modified_gmt":"2026-04-06T07:28:45","slug":"nekrosor-ammentar","status":"publish","type":"product","link":"https:\/\/www.coccigames.com\/index.php\/produit\/nekrosor-ammentar\/","title":{"rendered":"N\u00c9KROSOR AMMENTAR"},"content":{"rendered":"<p>Personnage si terrifiant que m\u00eame les N\u00e9crons, g\u00e9n\u00e9ralement imperturbables, le craignent, le N\u00e9krosor Ammentar est un vortex de d\u00e9mence meurtri\u00e8re qui envo\u00fbte les N\u00e9crons. Au fil de nombreux si\u00e8cles, il n\u2019a eu de cesse de modifier son corps pour le rendre toujours plus efficace dans le massacre de toute vie organique, for\u00e7ant les Crypteks \u00e0 l\u2019\u00e9quiper de membres tranchants, d\u2019une queue serpentine, de projecteurs qui lui permettent de traverser les champs de bataille sous terre, ainsi que du d\u00e9vastateur Gantelet du Destructeur. Malgr\u00e9 sa forme d\u00e9mente, le N\u00e9krosor Ammentar conserve une intelligence redoutable et rassemble une suite cons\u00e9quente, dont nombre de membres sont affect\u00e9s par la mal\u00e9diction du Destroyer, tandis que d\u2019autres se joignent \u00e0 sa campagne de terreur \u00e0 leurs propres fins. Si les objectifs du N\u00e9krosor Ammentar restent inconnus, il envahit actuellement une r\u00e9gion de l\u2019espace appel\u00e9e Ultramar dans l\u2019Imperium. Une fiche technique de cette figurine sera mise \u00e0 disposition sur le site de Warhammer Community.<img decoding=\"async\" src=\"https:\/\/assets.warhammer-community.com\/sundaypreview-jan04-40k-necammentar-i7xtsbv8fq.jpg\" \/><\/p>\n","protected":false},"excerpt":{"rendered":"<p>Personnage si terrifiant que m\u00eame les N\u00e9crons, g\u00e9n\u00e9ralement imperturbables, le craignent, le N\u00e9krosor Ammentar est un vortex de d\u00e9mence meurtri\u00e8re qui envo\u00fbte les N\u00e9crons. Au fil de nombreux si\u00e8cles, il n\u2019a eu de cesse de modifier son corps pour le rendre toujours plus efficace dans&hellip;<\/p>\n","protected":false},"featured_media":13568,"comment_status":"closed","ping_status":"closed","template":"","meta":[],"product_brand":[23],"product_cat":[291,16,277],"product_tag":[],"class_list":{"0":"post-13567","1":"product","2":"type-product","3":"status-publish","4":"has-post-thumbnail","6":"product_brand-games-workshop","7":"product_cat-necrons","8":"product_cat-warhammer-40000","9":"product_cat-xenos","11":"first","12":"outofstock","13":"sale","14":"taxable","15":"shipping-taxable","16":"purchasable","17":"product-type-simple"},"yoast_head":"<!-- This site is optimized with the Yoast SEO plugin v26.4 - https:\/\/yoast.com\/wordpress\/plugins\/seo\/ -->\n<title>N\u00c9KROSOR AMMENTAR - Coccigames<\/title>\n<meta name=\"robots\" content=\"index, follow, max-snippet:-1, max-image-preview:large, max-video-preview:-1\" \/>\n<link rel=\"canonical\" href=\"https:\/\/www.coccigames.com\/index.php\/produit\/nekrosor-ammentar\/\" \/>\n<meta property=\"og:locale\" content=\"fr_FR\" \/>\n<meta property=\"og:type\" content=\"article\" \/>\n<meta property=\"og:title\" content=\"N\u00c9KROSOR AMMENTAR - Coccigames\" \/>\n<meta property=\"og:description\" content=\"Personnage si terrifiant que m\u00eame les N\u00e9crons, g\u00e9n\u00e9ralement imperturbables, le craignent, le N\u00e9krosor Ammentar est un vortex de d\u00e9mence meurtri\u00e8re qui envo\u00fbte les N\u00e9crons. Au fil de nombreux si\u00e8cles, il n\u2019a eu de cesse de modifier son corps pour le rendre toujours plus efficace dans&hellip;\" \/>\n<meta property=\"og:url\" content=\"https:\/\/www.coccigames.com\/index.php\/produit\/nekrosor-ammentar\/\" \/>\n<meta property=\"og:site_name\" content=\"Coccigames\" \/>\n<meta property=\"article:modified_time\" content=\"2026-04-06T07:28:45+00:00\" \/>\n<meta property=\"og:image\" content=\"https:\/\/www.coccigames.com\/wp-content\/uploads\/2026\/01\/99120110089_NecronsNekrosorAmmentar04.jpg\" \/>\n\t<meta property=\"og:image:width\" content=\"1840\" \/>\n\t<meta property=\"og:image:height\" content=\"1900\" \/>\n\t<meta property=\"og:image:type\" content=\"image\/jpeg\" \/>\n<meta name=\"twitter:card\" content=\"summary_large_image\" \/>\n<meta name=\"twitter:label1\" content=\"Dur\u00e9e de lecture estim\u00e9e\" \/>\n\t<meta name=\"twitter:data1\" content=\"2 minutes\" \/>\n<script type=\"application\/ld+json\" class=\"yoast-schema-graph\">{\"@context\":\"https:\/\/schema.org\",\"@graph\":[{\"@type\":\"WebPage\",\"@id\":\"https:\/\/www.coccigames.com\/index.php\/produit\/nekrosor-ammentar\/\",\"url\":\"https:\/\/www.coccigames.com\/index.php\/produit\/nekrosor-ammentar\/\",\"name\":\"N\u00c9KROSOR AMMENTAR - Coccigames\",\"isPartOf\":{\"@id\":\"https:\/\/www.coccigames.com\/#website\"},\"primaryImageOfPage\":{\"@id\":\"https:\/\/www.coccigames.com\/index.php\/produit\/nekrosor-ammentar\/#primaryimage\"},\"image\":{\"@id\":\"https:\/\/www.coccigames.com\/index.php\/produit\/nekrosor-ammentar\/#primaryimage\"},\"thumbnailUrl\":\"https:\/\/www.coccigames.com\/wp-content\/uploads\/2026\/01\/99120110089_NecronsNekrosorAmmentar04.jpg\",\"datePublished\":\"2026-01-10T06:58:48+00:00\",\"dateModified\":\"2026-04-06T07:28:45+00:00\",\"breadcrumb\":{\"@id\":\"https:\/\/www.coccigames.com\/index.php\/produit\/nekrosor-ammentar\/#breadcrumb\"},\"inLanguage\":\"fr-FR\",\"potentialAction\":[{\"@type\":\"ReadAction\",\"target\":[\"https:\/\/www.coccigames.com\/index.php\/produit\/nekrosor-ammentar\/\"]}]},{\"@type\":\"ImageObject\",\"inLanguage\":\"fr-FR\",\"@id\":\"https:\/\/www.coccigames.com\/index.php\/produit\/nekrosor-ammentar\/#primaryimage\",\"url\":\"https:\/\/www.coccigames.com\/wp-content\/uploads\/2026\/01\/99120110089_NecronsNekrosorAmmentar04.jpg\",\"contentUrl\":\"https:\/\/www.coccigames.com\/wp-content\/uploads\/2026\/01\/99120110089_NecronsNekrosorAmmentar04.jpg\",\"width\":1840,\"height\":1900},{\"@type\":\"BreadcrumbList\",\"@id\":\"https:\/\/www.coccigames.com\/index.php\/produit\/nekrosor-ammentar\/#breadcrumb\",\"itemListElement\":[{\"@type\":\"ListItem\",\"position\":1,\"name\":\"Accueil\",\"item\":\"https:\/\/www.coccigames.com\/\"},{\"@type\":\"ListItem\",\"position\":2,\"name\":\"Boutique\",\"item\":\"https:\/\/www.coccigames.com\/index.php\/boutique\/\"},{\"@type\":\"ListItem\",\"position\":3,\"name\":\"N\u00c9KROSOR AMMENTAR\"}]},{\"@type\":\"WebSite\",\"@id\":\"https:\/\/www.coccigames.com\/#website\",\"url\":\"https:\/\/www.coccigames.com\/\",\"name\":\"Coccigames - Figurines et Peintures\",\"description\":\"Figurines et Peintures\",\"publisher\":{\"@id\":\"https:\/\/www.coccigames.com\/#organization\"},\"potentialAction\":[{\"@type\":\"SearchAction\",\"target\":{\"@type\":\"EntryPoint\",\"urlTemplate\":\"https:\/\/www.coccigames.com\/?s={search_term_string}\"},\"query-input\":{\"@type\":\"PropertyValueSpecification\",\"valueRequired\":true,\"valueName\":\"search_term_string\"}}],\"inLanguage\":\"fr-FR\"},{\"@type\":\"Organization\",\"@id\":\"https:\/\/www.coccigames.com\/#organization\",\"name\":\"Coccigames\",\"url\":\"https:\/\/www.coccigames.com\/\",\"logo\":{\"@type\":\"ImageObject\",\"inLanguage\":\"fr-FR\",\"@id\":\"https:\/\/www.coccigames.com\/#\/schema\/logo\/image\/\",\"url\":\"https:\/\/www.coccigames.com\/wp-content\/uploads\/2025\/12\/coccigames_logo_v5.png\",\"contentUrl\":\"https:\/\/www.coccigames.com\/wp-content\/uploads\/2025\/12\/coccigames_logo_v5.png\",\"width\":1768,\"height\":424,\"caption\":\"Coccigames\"},\"image\":{\"@id\":\"https:\/\/www.coccigames.com\/#\/schema\/logo\/image\/\"}}]}<\/script>\n<!-- \/ Yoast SEO plugin. -->","yoast_head_json":{"title":"N\u00c9KROSOR AMMENTAR - Coccigames","robots":{"index":"index","follow":"follow","max-snippet":"max-snippet:-1","max-image-preview":"max-image-preview:large","max-video-preview":"max-video-preview:-1"},"canonical":"https:\/\/www.coccigames.com\/index.php\/produit\/nekrosor-ammentar\/","og_locale":"fr_FR","og_type":"article","og_title":"N\u00c9KROSOR AMMENTAR - Coccigames","og_description":"Personnage si terrifiant que m\u00eame les N\u00e9crons, g\u00e9n\u00e9ralement imperturbables, le craignent, le N\u00e9krosor Ammentar est un vortex de d\u00e9mence meurtri\u00e8re qui envo\u00fbte les N\u00e9crons. Au fil de nombreux si\u00e8cles, il n\u2019a eu de cesse de modifier son corps pour le rendre toujours plus efficace dans&hellip;","og_url":"https:\/\/www.coccigames.com\/index.php\/produit\/nekrosor-ammentar\/","og_site_name":"Coccigames","article_modified_time":"2026-04-06T07:28:45+00:00","og_image":[{"width":1840,"height":1900,"url":"https:\/\/www.coccigames.com\/wp-content\/uploads\/2026\/01\/99120110089_NecronsNekrosorAmmentar04.jpg","type":"image\/jpeg"}],"twitter_card":"summary_large_image","twitter_misc":{"Dur\u00e9e de lecture estim\u00e9e":"2 minutes"},"schema":{"@context":"https:\/\/schema.org","@graph":[{"@type":"WebPage","@id":"https:\/\/www.coccigames.com\/index.php\/produit\/nekrosor-ammentar\/","url":"https:\/\/www.coccigames.com\/index.php\/produit\/nekrosor-ammentar\/","name":"N\u00c9KROSOR AMMENTAR - Coccigames","isPartOf":{"@id":"https:\/\/www.coccigames.com\/#website"},"primaryImageOfPage":{"@id":"https:\/\/www.coccigames.com\/index.php\/produit\/nekrosor-ammentar\/#primaryimage"},"image":{"@id":"https:\/\/www.coccigames.com\/index.php\/produit\/nekrosor-ammentar\/#primaryimage"},"thumbnailUrl":"https:\/\/www.coccigames.com\/wp-content\/uploads\/2026\/01\/99120110089_NecronsNekrosorAmmentar04.jpg","datePublished":"2026-01-10T06:58:48+00:00","dateModified":"2026-04-06T07:28:45+00:00","breadcrumb":{"@id":"https:\/\/www.coccigames.com\/index.php\/produit\/nekrosor-ammentar\/#breadcrumb"},"inLanguage":"fr-FR","potentialAction":[{"@type":"ReadAction","target":["https:\/\/www.coccigames.com\/index.php\/produit\/nekrosor-ammentar\/"]}]},{"@type":"ImageObject","inLanguage":"fr-FR","@id":"https:\/\/www.coccigames.com\/index.php\/produit\/nekrosor-ammentar\/#primaryimage","url":"https:\/\/www.coccigames.com\/wp-content\/uploads\/2026\/01\/99120110089_NecronsNekrosorAmmentar04.jpg","contentUrl":"https:\/\/www.coccigames.com\/wp-content\/uploads\/2026\/01\/99120110089_NecronsNekrosorAmmentar04.jpg","width":1840,"height":1900},{"@type":"BreadcrumbList","@id":"https:\/\/www.coccigames.com\/index.php\/produit\/nekrosor-ammentar\/#breadcrumb","itemListElement":[{"@type":"ListItem","position":1,"name":"Accueil","item":"https:\/\/www.coccigames.com\/"},{"@type":"ListItem","position":2,"name":"Boutique","item":"https:\/\/www.coccigames.com\/index.php\/boutique\/"},{"@type":"ListItem","position":3,"name":"N\u00c9KROSOR AMMENTAR"}]},{"@type":"WebSite","@id":"https:\/\/www.coccigames.com\/#website","url":"https:\/\/www.coccigames.com\/","name":"Coccigames - Figurines et Peintures","description":"Figurines et Peintures","publisher":{"@id":"https:\/\/www.coccigames.com\/#organization"},"potentialAction":[{"@type":"SearchAction","target":{"@type":"EntryPoint","urlTemplate":"https:\/\/www.coccigames.com\/?s={search_term_string}"},"query-input":{"@type":"PropertyValueSpecification","valueRequired":true,"valueName":"search_term_string"}}],"inLanguage":"fr-FR"},{"@type":"Organization","@id":"https:\/\/www.coccigames.com\/#organization","name":"Coccigames","url":"https:\/\/www.coccigames.com\/","logo":{"@type":"ImageObject","inLanguage":"fr-FR","@id":"https:\/\/www.coccigames.com\/#\/schema\/logo\/image\/","url":"https:\/\/www.coccigames.com\/wp-content\/uploads\/2025\/12\/coccigames_logo_v5.png","contentUrl":"https:\/\/www.coccigames.com\/wp-content\/uploads\/2025\/12\/coccigames_logo_v5.png","width":1768,"height":424,"caption":"Coccigames"},"image":{"@id":"https:\/\/www.coccigames.com\/#\/schema\/logo\/image\/"}}]}},"_links":{"self":[{"href":"https:\/\/www.coccigames.com\/index.php\/wp-json\/wp\/v2\/product\/13567","targetHints":{"allow":["GET"]}}],"collection":[{"href":"https:\/\/www.coccigames.com\/index.php\/wp-json\/wp\/v2\/product"}],"about":[{"href":"https:\/\/www.coccigames.com\/index.php\/wp-json\/wp\/v2\/types\/product"}],"replies":[{"embeddable":true,"href":"https:\/\/www.coccigames.com\/index.php\/wp-json\/wp\/v2\/comments?post=13567"}],"wp:featuredmedia":[{"embeddable":true,"href":"https:\/\/www.coccigames.com\/index.php\/wp-json\/wp\/v2\/media\/13568"}],"wp:attachment":[{"href":"https:\/\/www.coccigames.com\/index.php\/wp-json\/wp\/v2\/media?parent=13567"}],"wp:term":[{"taxonomy":"product_brand","embeddable":true,"href":"https:\/\/www.coccigames.com\/index.php\/wp-json\/wp\/v2\/product_brand?post=13567"},{"taxonomy":"product_cat","embeddable":true,"href":"https:\/\/www.coccigames.com\/index.php\/wp-json\/wp\/v2\/product_cat?post=13567"},{"taxonomy":"product_tag","embeddable":true,"href":"https:\/\/www.coccigames.com\/index.php\/wp-json\/wp\/v2\/product_tag?post=13567"}],"curies":[{"name":"wp","href":"https:\/\/api.w.org\/{rel}","templated":true}]}}