{"id":13565,"date":"2026-01-10T07:56:11","date_gmt":"2026-01-10T06:56:11","guid":{"rendered":"https:\/\/www.coccigames.com\/?post_type=product&#038;p=13565"},"modified":"2026-04-06T09:28:45","modified_gmt":"2026-04-06T07:28:45","slug":"capitaine-titus-et-les-gardiens-dultramar","status":"publish","type":"product","link":"https:\/\/www.coccigames.com\/index.php\/produit\/capitaine-titus-et-les-gardiens-dultramar\/","title":{"rendered":"CAPITAINE TITUS ET LES GARDIENS D&rsquo;ULTRAMAR"},"content":{"rendered":"<p>Apr\u00e8s avoir surmont\u00e9 de terribles \u00e9preuves, Demetrian Titus a \u00e9t\u00e9 (re)nomm\u00e9 Capitaine de la Deuxi\u00e8me Compagnie des Ultramarines, et il se retrouve charg\u00e9 d\u2019une mission qui semble impossible. Mais rien ne le rend plus heureux que d\u2019\u00eatre en plein c\u0153ur des combats les plus sanglants.<\/p>\n<p>Il est accompagn\u00e9 par une cohorte loyale de conseillers et de camarades, pr\u00eats \u00e0 combattre \u00e0 ses c\u00f4t\u00e9s. Ce set contient le Capitaine Titus et ses plus proches alli\u00e9s\u00a0: le Sergent V\u00e9t\u00e9ran Metaurus, le Doyen Gadriel ainsi que Lucia Vestha, une pl\u00e9nipotentiaire d\u2019Ultramar, l\u2019Astropathe Dainal Korn\u00e9lius, Gaius Silva, commodore v\u00e9t\u00e9ran d\u2019Ultramar, et \u00c6m\u00e9lia Minervas, une Legatus des Auxiliaires de D\u00e9fense d\u2019Ultramar et commandante du 30<sup>e<\/sup> des Auxiliaires de D\u00e9fense de Macragge, rattach\u00e9 \u00e0 la flotte du Capitaine Titus. L\u2019Astropathe Korn\u00e9lius et le Sergent V\u00e9t\u00e9ran Metaurus disposent chacun d\u2019un choix de deux t\u00eates.<\/p>\n<p><img decoding=\"async\" src=\"https:\/\/assets.warhammer-community.com\/sundaypreview-jan04-40k-titus-dva9gsxnql.jpg\" \/><\/p>\n","protected":false},"excerpt":{"rendered":"<p>Apr\u00e8s avoir surmont\u00e9 de terribles \u00e9preuves, Demetrian Titus a \u00e9t\u00e9 (re)nomm\u00e9 Capitaine de la Deuxi\u00e8me Compagnie des Ultramarines, et il se retrouve charg\u00e9 d\u2019une mission qui semble impossible. Mais rien ne le rend plus heureux que d\u2019\u00eatre en plein c\u0153ur des combats les plus sanglants.&hellip;<\/p>\n","protected":false},"featured_media":13566,"comment_status":"closed","ping_status":"closed","template":"","meta":[],"product_brand":[23],"product_cat":[363,433,16],"product_tag":[],"class_list":{"0":"post-13565","1":"product","2":"type-product","3":"status-publish","4":"has-post-thumbnail","6":"product_brand-games-workshop","7":"product_cat-space-marines-warhammer-40000","8":"product_cat-ultramarines","9":"product_cat-warhammer-40000","11":"first","12":"outofstock","13":"sale","14":"taxable","15":"shipping-taxable","16":"purchasable","17":"product-type-simple"},"yoast_head":"<!-- This site is optimized with the Yoast SEO plugin v26.4 - https:\/\/yoast.com\/wordpress\/plugins\/seo\/ -->\n<title>CAPITAINE TITUS ET LES GARDIENS D&#039;ULTRAMAR - Coccigames<\/title>\n<meta name=\"robots\" content=\"index, follow, max-snippet:-1, max-image-preview:large, max-video-preview:-1\" \/>\n<link rel=\"canonical\" href=\"https:\/\/www.coccigames.com\/index.php\/produit\/capitaine-titus-et-les-gardiens-dultramar\/\" \/>\n<meta property=\"og:locale\" content=\"fr_FR\" \/>\n<meta property=\"og:type\" content=\"article\" \/>\n<meta property=\"og:title\" content=\"CAPITAINE TITUS ET LES GARDIENS D&#039;ULTRAMAR - Coccigames\" \/>\n<meta property=\"og:description\" content=\"Apr\u00e8s avoir surmont\u00e9 de terribles \u00e9preuves, Demetrian Titus a \u00e9t\u00e9 (re)nomm\u00e9 Capitaine de la Deuxi\u00e8me Compagnie des Ultramarines, et il se retrouve charg\u00e9 d\u2019une mission qui semble impossible. Mais rien ne le rend plus heureux que d\u2019\u00eatre en plein c\u0153ur des combats les plus sanglants.&hellip;\" \/>\n<meta property=\"og:url\" content=\"https:\/\/www.coccigames.com\/index.php\/produit\/capitaine-titus-et-les-gardiens-dultramar\/\" \/>\n<meta property=\"og:site_name\" content=\"Coccigames\" \/>\n<meta property=\"article:modified_time\" content=\"2026-04-06T07:28:45+00:00\" \/>\n<meta property=\"og:image\" content=\"https:\/\/www.coccigames.com\/wp-content\/uploads\/2026\/01\/99120101459_SpaceMarinesTitusWardensBOX.jpg\" \/>\n\t<meta property=\"og:image:width\" content=\"1840\" \/>\n\t<meta property=\"og:image:height\" content=\"1900\" \/>\n\t<meta property=\"og:image:type\" content=\"image\/jpeg\" \/>\n<meta name=\"twitter:card\" content=\"summary_large_image\" \/>\n<meta name=\"twitter:label1\" content=\"Dur\u00e9e de lecture estim\u00e9e\" \/>\n\t<meta name=\"twitter:data1\" content=\"2 minutes\" \/>\n<script type=\"application\/ld+json\" class=\"yoast-schema-graph\">{\"@context\":\"https:\/\/schema.org\",\"@graph\":[{\"@type\":\"WebPage\",\"@id\":\"https:\/\/www.coccigames.com\/index.php\/produit\/capitaine-titus-et-les-gardiens-dultramar\/\",\"url\":\"https:\/\/www.coccigames.com\/index.php\/produit\/capitaine-titus-et-les-gardiens-dultramar\/\",\"name\":\"CAPITAINE TITUS ET LES GARDIENS D'ULTRAMAR - Coccigames\",\"isPartOf\":{\"@id\":\"https:\/\/www.coccigames.com\/#website\"},\"primaryImageOfPage\":{\"@id\":\"https:\/\/www.coccigames.com\/index.php\/produit\/capitaine-titus-et-les-gardiens-dultramar\/#primaryimage\"},\"image\":{\"@id\":\"https:\/\/www.coccigames.com\/index.php\/produit\/capitaine-titus-et-les-gardiens-dultramar\/#primaryimage\"},\"thumbnailUrl\":\"https:\/\/www.coccigames.com\/wp-content\/uploads\/2026\/01\/99120101459_SpaceMarinesTitusWardensBOX.jpg\",\"datePublished\":\"2026-01-10T06:56:11+00:00\",\"dateModified\":\"2026-04-06T07:28:45+00:00\",\"breadcrumb\":{\"@id\":\"https:\/\/www.coccigames.com\/index.php\/produit\/capitaine-titus-et-les-gardiens-dultramar\/#breadcrumb\"},\"inLanguage\":\"fr-FR\",\"potentialAction\":[{\"@type\":\"ReadAction\",\"target\":[\"https:\/\/www.coccigames.com\/index.php\/produit\/capitaine-titus-et-les-gardiens-dultramar\/\"]}]},{\"@type\":\"ImageObject\",\"inLanguage\":\"fr-FR\",\"@id\":\"https:\/\/www.coccigames.com\/index.php\/produit\/capitaine-titus-et-les-gardiens-dultramar\/#primaryimage\",\"url\":\"https:\/\/www.coccigames.com\/wp-content\/uploads\/2026\/01\/99120101459_SpaceMarinesTitusWardensBOX.jpg\",\"contentUrl\":\"https:\/\/www.coccigames.com\/wp-content\/uploads\/2026\/01\/99120101459_SpaceMarinesTitusWardensBOX.jpg\",\"width\":1840,\"height\":1900},{\"@type\":\"BreadcrumbList\",\"@id\":\"https:\/\/www.coccigames.com\/index.php\/produit\/capitaine-titus-et-les-gardiens-dultramar\/#breadcrumb\",\"itemListElement\":[{\"@type\":\"ListItem\",\"position\":1,\"name\":\"Accueil\",\"item\":\"https:\/\/www.coccigames.com\/\"},{\"@type\":\"ListItem\",\"position\":2,\"name\":\"Boutique\",\"item\":\"https:\/\/www.coccigames.com\/index.php\/boutique\/\"},{\"@type\":\"ListItem\",\"position\":3,\"name\":\"CAPITAINE TITUS ET LES GARDIENS D&rsquo;ULTRAMAR\"}]},{\"@type\":\"WebSite\",\"@id\":\"https:\/\/www.coccigames.com\/#website\",\"url\":\"https:\/\/www.coccigames.com\/\",\"name\":\"Coccigames - Figurines et Peintures\",\"description\":\"Figurines et Peintures\",\"publisher\":{\"@id\":\"https:\/\/www.coccigames.com\/#organization\"},\"potentialAction\":[{\"@type\":\"SearchAction\",\"target\":{\"@type\":\"EntryPoint\",\"urlTemplate\":\"https:\/\/www.coccigames.com\/?s={search_term_string}\"},\"query-input\":{\"@type\":\"PropertyValueSpecification\",\"valueRequired\":true,\"valueName\":\"search_term_string\"}}],\"inLanguage\":\"fr-FR\"},{\"@type\":\"Organization\",\"@id\":\"https:\/\/www.coccigames.com\/#organization\",\"name\":\"Coccigames\",\"url\":\"https:\/\/www.coccigames.com\/\",\"logo\":{\"@type\":\"ImageObject\",\"inLanguage\":\"fr-FR\",\"@id\":\"https:\/\/www.coccigames.com\/#\/schema\/logo\/image\/\",\"url\":\"https:\/\/www.coccigames.com\/wp-content\/uploads\/2025\/12\/coccigames_logo_v5.png\",\"contentUrl\":\"https:\/\/www.coccigames.com\/wp-content\/uploads\/2025\/12\/coccigames_logo_v5.png\",\"width\":1768,\"height\":424,\"caption\":\"Coccigames\"},\"image\":{\"@id\":\"https:\/\/www.coccigames.com\/#\/schema\/logo\/image\/\"}}]}<\/script>\n<!-- \/ Yoast SEO plugin. -->","yoast_head_json":{"title":"CAPITAINE TITUS ET LES GARDIENS D'ULTRAMAR - Coccigames","robots":{"index":"index","follow":"follow","max-snippet":"max-snippet:-1","max-image-preview":"max-image-preview:large","max-video-preview":"max-video-preview:-1"},"canonical":"https:\/\/www.coccigames.com\/index.php\/produit\/capitaine-titus-et-les-gardiens-dultramar\/","og_locale":"fr_FR","og_type":"article","og_title":"CAPITAINE TITUS ET LES GARDIENS D'ULTRAMAR - Coccigames","og_description":"Apr\u00e8s avoir surmont\u00e9 de terribles \u00e9preuves, Demetrian Titus a \u00e9t\u00e9 (re)nomm\u00e9 Capitaine de la Deuxi\u00e8me Compagnie des Ultramarines, et il se retrouve charg\u00e9 d\u2019une mission qui semble impossible. Mais rien ne le rend plus heureux que d\u2019\u00eatre en plein c\u0153ur des combats les plus sanglants.&hellip;","og_url":"https:\/\/www.coccigames.com\/index.php\/produit\/capitaine-titus-et-les-gardiens-dultramar\/","og_site_name":"Coccigames","article_modified_time":"2026-04-06T07:28:45+00:00","og_image":[{"width":1840,"height":1900,"url":"https:\/\/www.coccigames.com\/wp-content\/uploads\/2026\/01\/99120101459_SpaceMarinesTitusWardensBOX.jpg","type":"image\/jpeg"}],"twitter_card":"summary_large_image","twitter_misc":{"Dur\u00e9e de lecture estim\u00e9e":"2 minutes"},"schema":{"@context":"https:\/\/schema.org","@graph":[{"@type":"WebPage","@id":"https:\/\/www.coccigames.com\/index.php\/produit\/capitaine-titus-et-les-gardiens-dultramar\/","url":"https:\/\/www.coccigames.com\/index.php\/produit\/capitaine-titus-et-les-gardiens-dultramar\/","name":"CAPITAINE TITUS ET LES GARDIENS D'ULTRAMAR - Coccigames","isPartOf":{"@id":"https:\/\/www.coccigames.com\/#website"},"primaryImageOfPage":{"@id":"https:\/\/www.coccigames.com\/index.php\/produit\/capitaine-titus-et-les-gardiens-dultramar\/#primaryimage"},"image":{"@id":"https:\/\/www.coccigames.com\/index.php\/produit\/capitaine-titus-et-les-gardiens-dultramar\/#primaryimage"},"thumbnailUrl":"https:\/\/www.coccigames.com\/wp-content\/uploads\/2026\/01\/99120101459_SpaceMarinesTitusWardensBOX.jpg","datePublished":"2026-01-10T06:56:11+00:00","dateModified":"2026-04-06T07:28:45+00:00","breadcrumb":{"@id":"https:\/\/www.coccigames.com\/index.php\/produit\/capitaine-titus-et-les-gardiens-dultramar\/#breadcrumb"},"inLanguage":"fr-FR","potentialAction":[{"@type":"ReadAction","target":["https:\/\/www.coccigames.com\/index.php\/produit\/capitaine-titus-et-les-gardiens-dultramar\/"]}]},{"@type":"ImageObject","inLanguage":"fr-FR","@id":"https:\/\/www.coccigames.com\/index.php\/produit\/capitaine-titus-et-les-gardiens-dultramar\/#primaryimage","url":"https:\/\/www.coccigames.com\/wp-content\/uploads\/2026\/01\/99120101459_SpaceMarinesTitusWardensBOX.jpg","contentUrl":"https:\/\/www.coccigames.com\/wp-content\/uploads\/2026\/01\/99120101459_SpaceMarinesTitusWardensBOX.jpg","width":1840,"height":1900},{"@type":"BreadcrumbList","@id":"https:\/\/www.coccigames.com\/index.php\/produit\/capitaine-titus-et-les-gardiens-dultramar\/#breadcrumb","itemListElement":[{"@type":"ListItem","position":1,"name":"Accueil","item":"https:\/\/www.coccigames.com\/"},{"@type":"ListItem","position":2,"name":"Boutique","item":"https:\/\/www.coccigames.com\/index.php\/boutique\/"},{"@type":"ListItem","position":3,"name":"CAPITAINE TITUS ET LES GARDIENS D&rsquo;ULTRAMAR"}]},{"@type":"WebSite","@id":"https:\/\/www.coccigames.com\/#website","url":"https:\/\/www.coccigames.com\/","name":"Coccigames - Figurines et Peintures","description":"Figurines et Peintures","publisher":{"@id":"https:\/\/www.coccigames.com\/#organization"},"potentialAction":[{"@type":"SearchAction","target":{"@type":"EntryPoint","urlTemplate":"https:\/\/www.coccigames.com\/?s={search_term_string}"},"query-input":{"@type":"PropertyValueSpecification","valueRequired":true,"valueName":"search_term_string"}}],"inLanguage":"fr-FR"},{"@type":"Organization","@id":"https:\/\/www.coccigames.com\/#organization","name":"Coccigames","url":"https:\/\/www.coccigames.com\/","logo":{"@type":"ImageObject","inLanguage":"fr-FR","@id":"https:\/\/www.coccigames.com\/#\/schema\/logo\/image\/","url":"https:\/\/www.coccigames.com\/wp-content\/uploads\/2025\/12\/coccigames_logo_v5.png","contentUrl":"https:\/\/www.coccigames.com\/wp-content\/uploads\/2025\/12\/coccigames_logo_v5.png","width":1768,"height":424,"caption":"Coccigames"},"image":{"@id":"https:\/\/www.coccigames.com\/#\/schema\/logo\/image\/"}}]}},"_links":{"self":[{"href":"https:\/\/www.coccigames.com\/index.php\/wp-json\/wp\/v2\/product\/13565","targetHints":{"allow":["GET"]}}],"collection":[{"href":"https:\/\/www.coccigames.com\/index.php\/wp-json\/wp\/v2\/product"}],"about":[{"href":"https:\/\/www.coccigames.com\/index.php\/wp-json\/wp\/v2\/types\/product"}],"replies":[{"embeddable":true,"href":"https:\/\/www.coccigames.com\/index.php\/wp-json\/wp\/v2\/comments?post=13565"}],"wp:featuredmedia":[{"embeddable":true,"href":"https:\/\/www.coccigames.com\/index.php\/wp-json\/wp\/v2\/media\/13566"}],"wp:attachment":[{"href":"https:\/\/www.coccigames.com\/index.php\/wp-json\/wp\/v2\/media?parent=13565"}],"wp:term":[{"taxonomy":"product_brand","embeddable":true,"href":"https:\/\/www.coccigames.com\/index.php\/wp-json\/wp\/v2\/product_brand?post=13565"},{"taxonomy":"product_cat","embeddable":true,"href":"https:\/\/www.coccigames.com\/index.php\/wp-json\/wp\/v2\/product_cat?post=13565"},{"taxonomy":"product_tag","embeddable":true,"href":"https:\/\/www.coccigames.com\/index.php\/wp-json\/wp\/v2\/product_tag?post=13565"}],"curies":[{"name":"wp","href":"https:\/\/api.w.org\/{rel}","templated":true}]}}