{"id":13563,"date":"2026-01-10T07:51:33","date_gmt":"2026-01-10T06:51:33","guid":{"rendered":"https:\/\/www.coccigames.com\/?post_type=product&#038;p=13563"},"modified":"2026-04-06T09:28:45","modified_gmt":"2026-04-06T07:28:45","slug":"necrons-destroyer-cult-dice-set-de-des-de-culte-destroyer","status":"publish","type":"product","link":"https:\/\/www.coccigames.com\/index.php\/produit\/necrons-destroyer-cult-dice-set-de-des-de-culte-destroyer\/","title":{"rendered":"NECRONS: DESTROYER CULT DICE \/ Set de D\u00e9s de Culte Destroyer"},"content":{"rendered":"<p>Sentez la folie se r\u00e9pandre avec ce set de 16 d\u00e9s de Culte Destroyer. Ils sont moul\u00e9s en plastique noir translucide, avec des marquages vert clair et l\u2019ic\u00f4ne de la Marque du N\u00e9krosor sur la face du six. C\u2019est l\u2019accessoire id\u00e9al pour votre Culte du Destroyer naissant. Ce produit sera disponible dans la limite des stocks<\/p>\n","protected":false},"excerpt":{"rendered":"<p>Sentez la folie se r\u00e9pandre avec ce set de 16 d\u00e9s de Culte Destroyer. Ils sont moul\u00e9s en plastique noir translucide, avec des marquages vert clair et l\u2019ic\u00f4ne de la Marque du N\u00e9krosor sur la face du six. C\u2019est l\u2019accessoire id\u00e9al pour votre Culte du&hellip;<\/p>\n","protected":false},"featured_media":13564,"comment_status":"closed","ping_status":"closed","template":"","meta":[],"product_brand":[23],"product_cat":[291,16,277],"product_tag":[84],"class_list":{"0":"post-13563","1":"product","2":"type-product","3":"status-publish","4":"has-post-thumbnail","6":"product_brand-games-workshop","7":"product_cat-necrons","8":"product_cat-warhammer-40000","9":"product_cat-xenos","10":"product_tag-des","12":"first","13":"outofstock","14":"sale","15":"taxable","16":"shipping-taxable","17":"purchasable","18":"product-type-simple"},"yoast_head":"<!-- This site is optimized with the Yoast SEO plugin v26.4 - https:\/\/yoast.com\/wordpress\/plugins\/seo\/ -->\n<title>NECRONS: DESTROYER CULT DICE \/ Set de D\u00e9s de Culte Destroyer - Coccigames<\/title>\n<meta name=\"robots\" content=\"index, follow, max-snippet:-1, max-image-preview:large, max-video-preview:-1\" \/>\n<link rel=\"canonical\" href=\"https:\/\/www.coccigames.com\/index.php\/produit\/necrons-destroyer-cult-dice-set-de-des-de-culte-destroyer\/\" \/>\n<meta property=\"og:locale\" content=\"fr_FR\" \/>\n<meta property=\"og:type\" content=\"article\" \/>\n<meta property=\"og:title\" content=\"NECRONS: DESTROYER CULT DICE \/ Set de D\u00e9s de Culte Destroyer - Coccigames\" \/>\n<meta property=\"og:description\" content=\"Sentez la folie se r\u00e9pandre avec ce set de 16 d\u00e9s de Culte Destroyer. Ils sont moul\u00e9s en plastique noir translucide, avec des marquages vert clair et l\u2019ic\u00f4ne de la Marque du N\u00e9krosor sur la face du six. C\u2019est l\u2019accessoire id\u00e9al pour votre Culte du&hellip;\" \/>\n<meta property=\"og:url\" content=\"https:\/\/www.coccigames.com\/index.php\/produit\/necrons-destroyer-cult-dice-set-de-des-de-culte-destroyer\/\" \/>\n<meta property=\"og:site_name\" content=\"Coccigames\" \/>\n<meta property=\"article:modified_time\" content=\"2026-04-06T07:28:45+00:00\" \/>\n<meta property=\"og:image\" content=\"https:\/\/www.coccigames.com\/wp-content\/uploads\/2026\/01\/99220110004_NecronsDestroyerCultDice02.jpg\" \/>\n\t<meta property=\"og:image:width\" content=\"1840\" \/>\n\t<meta property=\"og:image:height\" content=\"1900\" \/>\n\t<meta property=\"og:image:type\" content=\"image\/jpeg\" \/>\n<meta name=\"twitter:card\" content=\"summary_large_image\" \/>\n<meta name=\"twitter:label1\" content=\"Dur\u00e9e de lecture estim\u00e9e\" \/>\n\t<meta name=\"twitter:data1\" content=\"1 minute\" \/>\n<script type=\"application\/ld+json\" class=\"yoast-schema-graph\">{\"@context\":\"https:\/\/schema.org\",\"@graph\":[{\"@type\":\"WebPage\",\"@id\":\"https:\/\/www.coccigames.com\/index.php\/produit\/necrons-destroyer-cult-dice-set-de-des-de-culte-destroyer\/\",\"url\":\"https:\/\/www.coccigames.com\/index.php\/produit\/necrons-destroyer-cult-dice-set-de-des-de-culte-destroyer\/\",\"name\":\"NECRONS: DESTROYER CULT DICE \/ Set de D\u00e9s de Culte Destroyer - Coccigames\",\"isPartOf\":{\"@id\":\"https:\/\/www.coccigames.com\/#website\"},\"primaryImageOfPage\":{\"@id\":\"https:\/\/www.coccigames.com\/index.php\/produit\/necrons-destroyer-cult-dice-set-de-des-de-culte-destroyer\/#primaryimage\"},\"image\":{\"@id\":\"https:\/\/www.coccigames.com\/index.php\/produit\/necrons-destroyer-cult-dice-set-de-des-de-culte-destroyer\/#primaryimage\"},\"thumbnailUrl\":\"https:\/\/www.coccigames.com\/wp-content\/uploads\/2026\/01\/99220110004_NecronsDestroyerCultDice02.jpg\",\"datePublished\":\"2026-01-10T06:51:33+00:00\",\"dateModified\":\"2026-04-06T07:28:45+00:00\",\"breadcrumb\":{\"@id\":\"https:\/\/www.coccigames.com\/index.php\/produit\/necrons-destroyer-cult-dice-set-de-des-de-culte-destroyer\/#breadcrumb\"},\"inLanguage\":\"fr-FR\",\"potentialAction\":[{\"@type\":\"ReadAction\",\"target\":[\"https:\/\/www.coccigames.com\/index.php\/produit\/necrons-destroyer-cult-dice-set-de-des-de-culte-destroyer\/\"]}]},{\"@type\":\"ImageObject\",\"inLanguage\":\"fr-FR\",\"@id\":\"https:\/\/www.coccigames.com\/index.php\/produit\/necrons-destroyer-cult-dice-set-de-des-de-culte-destroyer\/#primaryimage\",\"url\":\"https:\/\/www.coccigames.com\/wp-content\/uploads\/2026\/01\/99220110004_NecronsDestroyerCultDice02.jpg\",\"contentUrl\":\"https:\/\/www.coccigames.com\/wp-content\/uploads\/2026\/01\/99220110004_NecronsDestroyerCultDice02.jpg\",\"width\":1840,\"height\":1900},{\"@type\":\"BreadcrumbList\",\"@id\":\"https:\/\/www.coccigames.com\/index.php\/produit\/necrons-destroyer-cult-dice-set-de-des-de-culte-destroyer\/#breadcrumb\",\"itemListElement\":[{\"@type\":\"ListItem\",\"position\":1,\"name\":\"Accueil\",\"item\":\"https:\/\/www.coccigames.com\/\"},{\"@type\":\"ListItem\",\"position\":2,\"name\":\"Boutique\",\"item\":\"https:\/\/www.coccigames.com\/index.php\/boutique\/\"},{\"@type\":\"ListItem\",\"position\":3,\"name\":\"NECRONS: DESTROYER CULT DICE \/ Set de D\u00e9s de Culte Destroyer\"}]},{\"@type\":\"WebSite\",\"@id\":\"https:\/\/www.coccigames.com\/#website\",\"url\":\"https:\/\/www.coccigames.com\/\",\"name\":\"Coccigames - Figurines et Peintures\",\"description\":\"Figurines et Peintures\",\"publisher\":{\"@id\":\"https:\/\/www.coccigames.com\/#organization\"},\"potentialAction\":[{\"@type\":\"SearchAction\",\"target\":{\"@type\":\"EntryPoint\",\"urlTemplate\":\"https:\/\/www.coccigames.com\/?s={search_term_string}\"},\"query-input\":{\"@type\":\"PropertyValueSpecification\",\"valueRequired\":true,\"valueName\":\"search_term_string\"}}],\"inLanguage\":\"fr-FR\"},{\"@type\":\"Organization\",\"@id\":\"https:\/\/www.coccigames.com\/#organization\",\"name\":\"Coccigames\",\"url\":\"https:\/\/www.coccigames.com\/\",\"logo\":{\"@type\":\"ImageObject\",\"inLanguage\":\"fr-FR\",\"@id\":\"https:\/\/www.coccigames.com\/#\/schema\/logo\/image\/\",\"url\":\"https:\/\/www.coccigames.com\/wp-content\/uploads\/2025\/12\/coccigames_logo_v5.png\",\"contentUrl\":\"https:\/\/www.coccigames.com\/wp-content\/uploads\/2025\/12\/coccigames_logo_v5.png\",\"width\":1768,\"height\":424,\"caption\":\"Coccigames\"},\"image\":{\"@id\":\"https:\/\/www.coccigames.com\/#\/schema\/logo\/image\/\"}}]}<\/script>\n<!-- \/ Yoast SEO plugin. -->","yoast_head_json":{"title":"NECRONS: DESTROYER CULT DICE \/ Set de D\u00e9s de Culte Destroyer - Coccigames","robots":{"index":"index","follow":"follow","max-snippet":"max-snippet:-1","max-image-preview":"max-image-preview:large","max-video-preview":"max-video-preview:-1"},"canonical":"https:\/\/www.coccigames.com\/index.php\/produit\/necrons-destroyer-cult-dice-set-de-des-de-culte-destroyer\/","og_locale":"fr_FR","og_type":"article","og_title":"NECRONS: DESTROYER CULT DICE \/ Set de D\u00e9s de Culte Destroyer - Coccigames","og_description":"Sentez la folie se r\u00e9pandre avec ce set de 16 d\u00e9s de Culte Destroyer. Ils sont moul\u00e9s en plastique noir translucide, avec des marquages vert clair et l\u2019ic\u00f4ne de la Marque du N\u00e9krosor sur la face du six. C\u2019est l\u2019accessoire id\u00e9al pour votre Culte du&hellip;","og_url":"https:\/\/www.coccigames.com\/index.php\/produit\/necrons-destroyer-cult-dice-set-de-des-de-culte-destroyer\/","og_site_name":"Coccigames","article_modified_time":"2026-04-06T07:28:45+00:00","og_image":[{"width":1840,"height":1900,"url":"https:\/\/www.coccigames.com\/wp-content\/uploads\/2026\/01\/99220110004_NecronsDestroyerCultDice02.jpg","type":"image\/jpeg"}],"twitter_card":"summary_large_image","twitter_misc":{"Dur\u00e9e de lecture estim\u00e9e":"1 minute"},"schema":{"@context":"https:\/\/schema.org","@graph":[{"@type":"WebPage","@id":"https:\/\/www.coccigames.com\/index.php\/produit\/necrons-destroyer-cult-dice-set-de-des-de-culte-destroyer\/","url":"https:\/\/www.coccigames.com\/index.php\/produit\/necrons-destroyer-cult-dice-set-de-des-de-culte-destroyer\/","name":"NECRONS: DESTROYER CULT DICE \/ Set de D\u00e9s de Culte Destroyer - Coccigames","isPartOf":{"@id":"https:\/\/www.coccigames.com\/#website"},"primaryImageOfPage":{"@id":"https:\/\/www.coccigames.com\/index.php\/produit\/necrons-destroyer-cult-dice-set-de-des-de-culte-destroyer\/#primaryimage"},"image":{"@id":"https:\/\/www.coccigames.com\/index.php\/produit\/necrons-destroyer-cult-dice-set-de-des-de-culte-destroyer\/#primaryimage"},"thumbnailUrl":"https:\/\/www.coccigames.com\/wp-content\/uploads\/2026\/01\/99220110004_NecronsDestroyerCultDice02.jpg","datePublished":"2026-01-10T06:51:33+00:00","dateModified":"2026-04-06T07:28:45+00:00","breadcrumb":{"@id":"https:\/\/www.coccigames.com\/index.php\/produit\/necrons-destroyer-cult-dice-set-de-des-de-culte-destroyer\/#breadcrumb"},"inLanguage":"fr-FR","potentialAction":[{"@type":"ReadAction","target":["https:\/\/www.coccigames.com\/index.php\/produit\/necrons-destroyer-cult-dice-set-de-des-de-culte-destroyer\/"]}]},{"@type":"ImageObject","inLanguage":"fr-FR","@id":"https:\/\/www.coccigames.com\/index.php\/produit\/necrons-destroyer-cult-dice-set-de-des-de-culte-destroyer\/#primaryimage","url":"https:\/\/www.coccigames.com\/wp-content\/uploads\/2026\/01\/99220110004_NecronsDestroyerCultDice02.jpg","contentUrl":"https:\/\/www.coccigames.com\/wp-content\/uploads\/2026\/01\/99220110004_NecronsDestroyerCultDice02.jpg","width":1840,"height":1900},{"@type":"BreadcrumbList","@id":"https:\/\/www.coccigames.com\/index.php\/produit\/necrons-destroyer-cult-dice-set-de-des-de-culte-destroyer\/#breadcrumb","itemListElement":[{"@type":"ListItem","position":1,"name":"Accueil","item":"https:\/\/www.coccigames.com\/"},{"@type":"ListItem","position":2,"name":"Boutique","item":"https:\/\/www.coccigames.com\/index.php\/boutique\/"},{"@type":"ListItem","position":3,"name":"NECRONS: DESTROYER CULT DICE \/ Set de D\u00e9s de Culte Destroyer"}]},{"@type":"WebSite","@id":"https:\/\/www.coccigames.com\/#website","url":"https:\/\/www.coccigames.com\/","name":"Coccigames - Figurines et Peintures","description":"Figurines et Peintures","publisher":{"@id":"https:\/\/www.coccigames.com\/#organization"},"potentialAction":[{"@type":"SearchAction","target":{"@type":"EntryPoint","urlTemplate":"https:\/\/www.coccigames.com\/?s={search_term_string}"},"query-input":{"@type":"PropertyValueSpecification","valueRequired":true,"valueName":"search_term_string"}}],"inLanguage":"fr-FR"},{"@type":"Organization","@id":"https:\/\/www.coccigames.com\/#organization","name":"Coccigames","url":"https:\/\/www.coccigames.com\/","logo":{"@type":"ImageObject","inLanguage":"fr-FR","@id":"https:\/\/www.coccigames.com\/#\/schema\/logo\/image\/","url":"https:\/\/www.coccigames.com\/wp-content\/uploads\/2025\/12\/coccigames_logo_v5.png","contentUrl":"https:\/\/www.coccigames.com\/wp-content\/uploads\/2025\/12\/coccigames_logo_v5.png","width":1768,"height":424,"caption":"Coccigames"},"image":{"@id":"https:\/\/www.coccigames.com\/#\/schema\/logo\/image\/"}}]}},"_links":{"self":[{"href":"https:\/\/www.coccigames.com\/index.php\/wp-json\/wp\/v2\/product\/13563","targetHints":{"allow":["GET"]}}],"collection":[{"href":"https:\/\/www.coccigames.com\/index.php\/wp-json\/wp\/v2\/product"}],"about":[{"href":"https:\/\/www.coccigames.com\/index.php\/wp-json\/wp\/v2\/types\/product"}],"replies":[{"embeddable":true,"href":"https:\/\/www.coccigames.com\/index.php\/wp-json\/wp\/v2\/comments?post=13563"}],"wp:featuredmedia":[{"embeddable":true,"href":"https:\/\/www.coccigames.com\/index.php\/wp-json\/wp\/v2\/media\/13564"}],"wp:attachment":[{"href":"https:\/\/www.coccigames.com\/index.php\/wp-json\/wp\/v2\/media?parent=13563"}],"wp:term":[{"taxonomy":"product_brand","embeddable":true,"href":"https:\/\/www.coccigames.com\/index.php\/wp-json\/wp\/v2\/product_brand?post=13563"},{"taxonomy":"product_cat","embeddable":true,"href":"https:\/\/www.coccigames.com\/index.php\/wp-json\/wp\/v2\/product_cat?post=13563"},{"taxonomy":"product_tag","embeddable":true,"href":"https:\/\/www.coccigames.com\/index.php\/wp-json\/wp\/v2\/product_tag?post=13563"}],"curies":[{"name":"wp","href":"https:\/\/api.w.org\/{rel}","templated":true}]}}