{"id":13561,"date":"2026-01-10T07:47:42","date_gmt":"2026-01-10T06:47:42","guid":{"rendered":"https:\/\/www.coccigames.com\/?post_type=product&#038;p=13561"},"modified":"2026-04-06T09:28:45","modified_gmt":"2026-04-06T07:28:45","slug":"500-worlds-titus-francais","status":"publish","type":"product","link":"https:\/\/www.coccigames.com\/index.php\/produit\/500-worlds-titus-francais\/","title":{"rendered":"500 WORLDS: TITUS (FRANCAIS)"},"content":{"rendered":"<p>Roboute Guilliman, Primarque des Ultramarines, a ordonn\u00e9 au Capitaine Demetrian Titus de reconqu\u00e9rir les Cinq Cents Mondes d\u2019Ultramar. L\u2019\u00e9chelle de cette t\u00e2che est colossale, et certains craignent qu\u2019il s\u2019agisse d\u2019une qu\u00eate impossible, car d\u2019antiques ennemis s\u2019animent dans les t\u00e9n\u00e8bres. Mais nous pensons que Titus est \u00e0 la hauteur de ce d\u00e9fi\u2026<\/p>\n<p><em>500\u00a0Worlds: Titus \u2013 La Bataille Pour l&rsquo;Unit\u00e9 Commence<\/em> est une extension narrative pour Warhammer\u00a040,000 qui couvre les premi\u00e8res \u00e9tapes de la guerre pour les 500\u00a0Mondes, en se concentrant sur le Front Vespator et l\u2019histoire du Capitaine Titus. Cette extension est pr\u00e9sent\u00e9e dans un coffret contenant trois livres broch\u00e9s et un livret rempli d\u2019historique et de r\u00e8gles pour Warhammer\u00a040,000.<\/p>\n<p><em>500\u00a0Worlds: Titus<\/em> contient 80\u00a0pages d\u2019historique couvrant le d\u00e9but de la Reconqu\u00eate d\u2019Ultramar, les personnages et les d\u00e9tachements qui y prennent part, la l\u00e9gion de N\u00e9crons assoiff\u00e9s de meurtres sous le commandement du N\u00e9krosor Ammentar, et la guerre pour Novamagnor.<\/p>\n<p><em>500 Worlds: Titus \u2013 Incursions Terrifiantes<\/em> contient des r\u00e8gles con\u00e7ues pour des parties d\u2019Action d\u2019Abordage se d\u00e9roulant au cours des batailles qui font rage dans tout Ultramar. Les r\u00e8gles de base d\u2019Actions d\u2019Abordage y sont r\u00e9\u00e9dit\u00e9es et s\u2019accompagnent de 12\u00a0nouvelles missions\u00a0: six pour le terrain standard et six pour le terrain de Monde-n\u00e9cropole (avec des r\u00e8gles suppl\u00e9mentaires adapt\u00e9es et deux nouveaux D\u00e9tachements, \u00e0 savoir le Rempart du Vide Sid\u00e9ral pour les Space Marines et la Cabale d&rsquo;\u00c9missaires pour les N\u00e9crons). Vous trouverez \u00e9galement un set de quatre Campagnes d\u2019Incursions Terrifiantes avec des r\u00e8gles permettant de combattre dans des vaisseaux spatiaux, des complexes fun\u00e9raires n\u00e9crons, lors de terribles batailles spatiales, dans les ruines de space hulks ou dans des tombes oubli\u00e9es.<\/p>\n<p><em>500 Worlds: Titus \u2013 Guerre sur le Front Vespator<\/em> est un livre de 56 pages contenant les r\u00e8gles permettant de mener une campagne avec carte pour deux joueurs ou plus, bas\u00e9e sur le Front Vespator. Elles vous fournissent le cadre pour livrer cette campagne en d\u00e9taillant les diff\u00e9rents th\u00e9\u00e2tres de guerre et six nouvelles missions agr\u00e9ment\u00e9es de r\u00e8gles th\u00e9matiques qui \u00e9voquent ce conflit. Sont \u00e9galement incluses une carte de campagne d\u00e9pliante s\u00e9par\u00e9e et une planche proposant 252 autocollants.<\/p>\n<p><em>500 Worlds: Titus \u2013 D\u00e9tachements <\/em>est un livret de 16\u00a0pages contenant de nouveaux D\u00e9tachements pour Warhammer\u00a040,000. Les Space Marines pourront utiliser la Force d&rsquo;Assaut Orbital, la Force Op\u00e9rationnelle Bastion et la Force de Reconqu\u00eate, tandis que les N\u00e9crons recevront le Panth\u00e9on de Malheur, la L\u00e9gion Maudite et le Conclave Cryptek. Ces r\u00e8gles seront \u00e9galement disponibles sur le site de Warhammer Community et dans l\u2019appli Warhammer\u00a040,000.<\/p>\n<p><img decoding=\"async\" src=\"https:\/\/assets.warhammer-community.com\/sundaypreview-jan04-40k-500worldsce-cfpfmlzajy.jpg\" \/><\/p>\n","protected":false},"excerpt":{"rendered":"<p>Roboute Guilliman, Primarque des Ultramarines, a ordonn\u00e9 au Capitaine Demetrian Titus de reconqu\u00e9rir les Cinq Cents Mondes d\u2019Ultramar. L\u2019\u00e9chelle de cette t\u00e2che est colossale, et certains craignent qu\u2019il s\u2019agisse d\u2019une qu\u00eate impossible, car d\u2019antiques ennemis s\u2019animent dans les t\u00e9n\u00e8bres. Mais nous pensons que Titus est&hellip;<\/p>\n","protected":false},"featured_media":13562,"comment_status":"closed","ping_status":"closed","template":"","meta":[],"product_brand":[23],"product_cat":[16],"product_tag":[],"class_list":{"0":"post-13561","1":"product","2":"type-product","3":"status-publish","4":"has-post-thumbnail","6":"product_brand-games-workshop","7":"product_cat-warhammer-40000","9":"first","10":"outofstock","11":"sale","12":"taxable","13":"shipping-taxable","14":"purchasable","15":"product-type-simple"},"yoast_head":"<!-- This site is optimized with the Yoast SEO plugin v26.4 - https:\/\/yoast.com\/wordpress\/plugins\/seo\/ -->\n<title>500 WORLDS: TITUS (FRANCAIS) - Coccigames<\/title>\n<meta name=\"robots\" content=\"index, follow, max-snippet:-1, max-image-preview:large, max-video-preview:-1\" \/>\n<link rel=\"canonical\" href=\"https:\/\/www.coccigames.com\/index.php\/produit\/500-worlds-titus-francais\/\" \/>\n<meta property=\"og:locale\" content=\"fr_FR\" \/>\n<meta property=\"og:type\" content=\"article\" \/>\n<meta property=\"og:title\" content=\"500 WORLDS: TITUS (FRANCAIS) - Coccigames\" \/>\n<meta property=\"og:description\" content=\"Roboute Guilliman, Primarque des Ultramarines, a ordonn\u00e9 au Capitaine Demetrian Titus de reconqu\u00e9rir les Cinq Cents Mondes d\u2019Ultramar. L\u2019\u00e9chelle de cette t\u00e2che est colossale, et certains craignent qu\u2019il s\u2019agisse d\u2019une qu\u00eate impossible, car d\u2019antiques ennemis s\u2019animent dans les t\u00e9n\u00e8bres. Mais nous pensons que Titus est&hellip;\" \/>\n<meta property=\"og:url\" content=\"https:\/\/www.coccigames.com\/index.php\/produit\/500-worlds-titus-francais\/\" \/>\n<meta property=\"og:site_name\" content=\"Coccigames\" \/>\n<meta property=\"article:modified_time\" content=\"2026-04-06T07:28:45+00:00\" \/>\n<meta property=\"og:image\" content=\"https:\/\/www.coccigames.com\/wp-content\/uploads\/2026\/01\/https___trade.games-workshop.com_assets_2026_01_01040199184_FRE500WorldsTitusBattletomeRulebookSB1.jpg\" \/>\n\t<meta property=\"og:image:width\" content=\"1840\" \/>\n\t<meta property=\"og:image:height\" content=\"1900\" \/>\n\t<meta property=\"og:image:type\" content=\"image\/jpeg\" \/>\n<meta name=\"twitter:card\" content=\"summary_large_image\" \/>\n<meta name=\"twitter:label1\" content=\"Dur\u00e9e de lecture estim\u00e9e\" \/>\n\t<meta name=\"twitter:data1\" content=\"3 minutes\" \/>\n<script type=\"application\/ld+json\" class=\"yoast-schema-graph\">{\"@context\":\"https:\/\/schema.org\",\"@graph\":[{\"@type\":\"WebPage\",\"@id\":\"https:\/\/www.coccigames.com\/index.php\/produit\/500-worlds-titus-francais\/\",\"url\":\"https:\/\/www.coccigames.com\/index.php\/produit\/500-worlds-titus-francais\/\",\"name\":\"500 WORLDS: TITUS (FRANCAIS) - Coccigames\",\"isPartOf\":{\"@id\":\"https:\/\/www.coccigames.com\/#website\"},\"primaryImageOfPage\":{\"@id\":\"https:\/\/www.coccigames.com\/index.php\/produit\/500-worlds-titus-francais\/#primaryimage\"},\"image\":{\"@id\":\"https:\/\/www.coccigames.com\/index.php\/produit\/500-worlds-titus-francais\/#primaryimage\"},\"thumbnailUrl\":\"https:\/\/www.coccigames.com\/wp-content\/uploads\/2026\/01\/https___trade.games-workshop.com_assets_2026_01_01040199184_FRE500WorldsTitusBattletomeRulebookSB1.jpg\",\"datePublished\":\"2026-01-10T06:47:42+00:00\",\"dateModified\":\"2026-04-06T07:28:45+00:00\",\"breadcrumb\":{\"@id\":\"https:\/\/www.coccigames.com\/index.php\/produit\/500-worlds-titus-francais\/#breadcrumb\"},\"inLanguage\":\"fr-FR\",\"potentialAction\":[{\"@type\":\"ReadAction\",\"target\":[\"https:\/\/www.coccigames.com\/index.php\/produit\/500-worlds-titus-francais\/\"]}]},{\"@type\":\"ImageObject\",\"inLanguage\":\"fr-FR\",\"@id\":\"https:\/\/www.coccigames.com\/index.php\/produit\/500-worlds-titus-francais\/#primaryimage\",\"url\":\"https:\/\/www.coccigames.com\/wp-content\/uploads\/2026\/01\/https___trade.games-workshop.com_assets_2026_01_01040199184_FRE500WorldsTitusBattletomeRulebookSB1.jpg\",\"contentUrl\":\"https:\/\/www.coccigames.com\/wp-content\/uploads\/2026\/01\/https___trade.games-workshop.com_assets_2026_01_01040199184_FRE500WorldsTitusBattletomeRulebookSB1.jpg\",\"width\":1840,\"height\":1900},{\"@type\":\"BreadcrumbList\",\"@id\":\"https:\/\/www.coccigames.com\/index.php\/produit\/500-worlds-titus-francais\/#breadcrumb\",\"itemListElement\":[{\"@type\":\"ListItem\",\"position\":1,\"name\":\"Accueil\",\"item\":\"https:\/\/www.coccigames.com\/\"},{\"@type\":\"ListItem\",\"position\":2,\"name\":\"Boutique\",\"item\":\"https:\/\/www.coccigames.com\/index.php\/boutique\/\"},{\"@type\":\"ListItem\",\"position\":3,\"name\":\"500 WORLDS: TITUS (FRANCAIS)\"}]},{\"@type\":\"WebSite\",\"@id\":\"https:\/\/www.coccigames.com\/#website\",\"url\":\"https:\/\/www.coccigames.com\/\",\"name\":\"Coccigames - Figurines et Peintures\",\"description\":\"Figurines et Peintures\",\"publisher\":{\"@id\":\"https:\/\/www.coccigames.com\/#organization\"},\"potentialAction\":[{\"@type\":\"SearchAction\",\"target\":{\"@type\":\"EntryPoint\",\"urlTemplate\":\"https:\/\/www.coccigames.com\/?s={search_term_string}\"},\"query-input\":{\"@type\":\"PropertyValueSpecification\",\"valueRequired\":true,\"valueName\":\"search_term_string\"}}],\"inLanguage\":\"fr-FR\"},{\"@type\":\"Organization\",\"@id\":\"https:\/\/www.coccigames.com\/#organization\",\"name\":\"Coccigames\",\"url\":\"https:\/\/www.coccigames.com\/\",\"logo\":{\"@type\":\"ImageObject\",\"inLanguage\":\"fr-FR\",\"@id\":\"https:\/\/www.coccigames.com\/#\/schema\/logo\/image\/\",\"url\":\"https:\/\/www.coccigames.com\/wp-content\/uploads\/2025\/12\/coccigames_logo_v5.png\",\"contentUrl\":\"https:\/\/www.coccigames.com\/wp-content\/uploads\/2025\/12\/coccigames_logo_v5.png\",\"width\":1768,\"height\":424,\"caption\":\"Coccigames\"},\"image\":{\"@id\":\"https:\/\/www.coccigames.com\/#\/schema\/logo\/image\/\"}}]}<\/script>\n<!-- \/ Yoast SEO plugin. -->","yoast_head_json":{"title":"500 WORLDS: TITUS (FRANCAIS) - Coccigames","robots":{"index":"index","follow":"follow","max-snippet":"max-snippet:-1","max-image-preview":"max-image-preview:large","max-video-preview":"max-video-preview:-1"},"canonical":"https:\/\/www.coccigames.com\/index.php\/produit\/500-worlds-titus-francais\/","og_locale":"fr_FR","og_type":"article","og_title":"500 WORLDS: TITUS (FRANCAIS) - Coccigames","og_description":"Roboute Guilliman, Primarque des Ultramarines, a ordonn\u00e9 au Capitaine Demetrian Titus de reconqu\u00e9rir les Cinq Cents Mondes d\u2019Ultramar. L\u2019\u00e9chelle de cette t\u00e2che est colossale, et certains craignent qu\u2019il s\u2019agisse d\u2019une qu\u00eate impossible, car d\u2019antiques ennemis s\u2019animent dans les t\u00e9n\u00e8bres. Mais nous pensons que Titus est&hellip;","og_url":"https:\/\/www.coccigames.com\/index.php\/produit\/500-worlds-titus-francais\/","og_site_name":"Coccigames","article_modified_time":"2026-04-06T07:28:45+00:00","og_image":[{"width":1840,"height":1900,"url":"https:\/\/www.coccigames.com\/wp-content\/uploads\/2026\/01\/https___trade.games-workshop.com_assets_2026_01_01040199184_FRE500WorldsTitusBattletomeRulebookSB1.jpg","type":"image\/jpeg"}],"twitter_card":"summary_large_image","twitter_misc":{"Dur\u00e9e de lecture estim\u00e9e":"3 minutes"},"schema":{"@context":"https:\/\/schema.org","@graph":[{"@type":"WebPage","@id":"https:\/\/www.coccigames.com\/index.php\/produit\/500-worlds-titus-francais\/","url":"https:\/\/www.coccigames.com\/index.php\/produit\/500-worlds-titus-francais\/","name":"500 WORLDS: TITUS (FRANCAIS) - Coccigames","isPartOf":{"@id":"https:\/\/www.coccigames.com\/#website"},"primaryImageOfPage":{"@id":"https:\/\/www.coccigames.com\/index.php\/produit\/500-worlds-titus-francais\/#primaryimage"},"image":{"@id":"https:\/\/www.coccigames.com\/index.php\/produit\/500-worlds-titus-francais\/#primaryimage"},"thumbnailUrl":"https:\/\/www.coccigames.com\/wp-content\/uploads\/2026\/01\/https___trade.games-workshop.com_assets_2026_01_01040199184_FRE500WorldsTitusBattletomeRulebookSB1.jpg","datePublished":"2026-01-10T06:47:42+00:00","dateModified":"2026-04-06T07:28:45+00:00","breadcrumb":{"@id":"https:\/\/www.coccigames.com\/index.php\/produit\/500-worlds-titus-francais\/#breadcrumb"},"inLanguage":"fr-FR","potentialAction":[{"@type":"ReadAction","target":["https:\/\/www.coccigames.com\/index.php\/produit\/500-worlds-titus-francais\/"]}]},{"@type":"ImageObject","inLanguage":"fr-FR","@id":"https:\/\/www.coccigames.com\/index.php\/produit\/500-worlds-titus-francais\/#primaryimage","url":"https:\/\/www.coccigames.com\/wp-content\/uploads\/2026\/01\/https___trade.games-workshop.com_assets_2026_01_01040199184_FRE500WorldsTitusBattletomeRulebookSB1.jpg","contentUrl":"https:\/\/www.coccigames.com\/wp-content\/uploads\/2026\/01\/https___trade.games-workshop.com_assets_2026_01_01040199184_FRE500WorldsTitusBattletomeRulebookSB1.jpg","width":1840,"height":1900},{"@type":"BreadcrumbList","@id":"https:\/\/www.coccigames.com\/index.php\/produit\/500-worlds-titus-francais\/#breadcrumb","itemListElement":[{"@type":"ListItem","position":1,"name":"Accueil","item":"https:\/\/www.coccigames.com\/"},{"@type":"ListItem","position":2,"name":"Boutique","item":"https:\/\/www.coccigames.com\/index.php\/boutique\/"},{"@type":"ListItem","position":3,"name":"500 WORLDS: TITUS (FRANCAIS)"}]},{"@type":"WebSite","@id":"https:\/\/www.coccigames.com\/#website","url":"https:\/\/www.coccigames.com\/","name":"Coccigames - Figurines et Peintures","description":"Figurines et Peintures","publisher":{"@id":"https:\/\/www.coccigames.com\/#organization"},"potentialAction":[{"@type":"SearchAction","target":{"@type":"EntryPoint","urlTemplate":"https:\/\/www.coccigames.com\/?s={search_term_string}"},"query-input":{"@type":"PropertyValueSpecification","valueRequired":true,"valueName":"search_term_string"}}],"inLanguage":"fr-FR"},{"@type":"Organization","@id":"https:\/\/www.coccigames.com\/#organization","name":"Coccigames","url":"https:\/\/www.coccigames.com\/","logo":{"@type":"ImageObject","inLanguage":"fr-FR","@id":"https:\/\/www.coccigames.com\/#\/schema\/logo\/image\/","url":"https:\/\/www.coccigames.com\/wp-content\/uploads\/2025\/12\/coccigames_logo_v5.png","contentUrl":"https:\/\/www.coccigames.com\/wp-content\/uploads\/2025\/12\/coccigames_logo_v5.png","width":1768,"height":424,"caption":"Coccigames"},"image":{"@id":"https:\/\/www.coccigames.com\/#\/schema\/logo\/image\/"}}]}},"_links":{"self":[{"href":"https:\/\/www.coccigames.com\/index.php\/wp-json\/wp\/v2\/product\/13561","targetHints":{"allow":["GET"]}}],"collection":[{"href":"https:\/\/www.coccigames.com\/index.php\/wp-json\/wp\/v2\/product"}],"about":[{"href":"https:\/\/www.coccigames.com\/index.php\/wp-json\/wp\/v2\/types\/product"}],"replies":[{"embeddable":true,"href":"https:\/\/www.coccigames.com\/index.php\/wp-json\/wp\/v2\/comments?post=13561"}],"wp:featuredmedia":[{"embeddable":true,"href":"https:\/\/www.coccigames.com\/index.php\/wp-json\/wp\/v2\/media\/13562"}],"wp:attachment":[{"href":"https:\/\/www.coccigames.com\/index.php\/wp-json\/wp\/v2\/media?parent=13561"}],"wp:term":[{"taxonomy":"product_brand","embeddable":true,"href":"https:\/\/www.coccigames.com\/index.php\/wp-json\/wp\/v2\/product_brand?post=13561"},{"taxonomy":"product_cat","embeddable":true,"href":"https:\/\/www.coccigames.com\/index.php\/wp-json\/wp\/v2\/product_cat?post=13561"},{"taxonomy":"product_tag","embeddable":true,"href":"https:\/\/www.coccigames.com\/index.php\/wp-json\/wp\/v2\/product_tag?post=13561"}],"curies":[{"name":"wp","href":"https:\/\/api.w.org\/{rel}","templated":true}]}}