{"id":13543,"date":"2025-12-28T07:57:34","date_gmt":"2025-12-28T06:57:34","guid":{"rendered":"https:\/\/www.coccigames.com\/?post_type=product&#038;p=13543"},"modified":"2026-04-06T09:28:44","modified_gmt":"2026-04-06T07:28:44","slug":"legiones-astartes-groupe-de-combat-forceur-de-siege","status":"publish","type":"product","link":"https:\/\/www.coccigames.com\/index.php\/produit\/legiones-astartes-groupe-de-combat-forceur-de-siege\/","title":{"rendered":"HORUS HERESY: GROUPE DE COMBAT FORCEUR DE SIEGE"},"content":{"rendered":"<p>Quand il est fait appel aux HORUS HERESY: pour prendre une position lourdement d\u00e9fendue et referm\u00e9e sur elle-m\u00eame, un Groupe de Combat Forceur de Si\u00e8ge est alors envoy\u00e9, compos\u00e9 d&rsquo;un m\u00e9lange de Terminators Cataphractii et d&rsquo;Escouades Br\u00e9cheuses, soutenus par un Dreadnought de Si\u00e8ge Leviathan. Tous s&rsquo;avancent sans crainte sous les tirs ennemis et viennent abattre implacablement leurs adversaires.<\/p>\n<p>Si vous souhaitez vous emparer de la galaxie pour l&rsquo;Empereur (ou tout mettre \u00e0 bas au nom d&rsquo;Horus), cette bo\u00eete constitue le moyen parfait d&rsquo;entamer une nouvelle collection de HORUS HERESY:, ou d&rsquo;\u00e9tendre une arm\u00e9e existante, en \u00e9conomisant sur l&rsquo;achat s\u00e9par\u00e9 de ces kits. Elle rassemble un noyau polyvalent de Terminators Cataphractii, pratiquement immunis\u00e9s aux tirs des armes antipersonnel et \u00e9quip\u00e9s d&rsquo;armes redoutables, et une unit\u00e9 de Br\u00e9cheurs, des sp\u00e9cialistes de l&rsquo;assaut en premi\u00e8re vague, porteurs de boucliers. En soutien de cette infanterie, l&rsquo;\u00e9norme Dreadnought de Si\u00e8ge Leviathan peut rapidement venir \u00e0 bout des fortifications aussi bien que des armures ennemies. C&rsquo;est la premi\u00e8re occasion que vous aurez de mettre la main sur les nouvelles figurines d&rsquo;Escouade Br\u00e9cheuse MkIII et de Terminators Cataphractii.<\/p>\n<p><strong>Cette bo\u00eete contient 23 figurines en plastique:<\/strong><\/p>\n<p>\u2013 1x Dreadnought de Si\u00e8ge Leviathan<\/p>\n<p>\u2013 10x figurines d&rsquo;Escouade Br\u00e9cheuse MkIII<\/p>\n<p>\u2013 6x Terminators Cataphractii avec chargeurs volkites et masses \u00e9nerg\u00e9tiques<\/p>\n<p>\u2013 6x Terminators Cataphractii avec combi-bolters et gantelets \u00e9nerg\u00e9tiques<\/p>\n<p>Les figurines de ce kit sont faciles \u00e0 personnaliser. Le torse du Dreadnought abrite une paire d&rsquo;armes auxiliaires (des lance-flammes lourds ou des arquebuses volkites jumel\u00e9es, selon votre choix), et il peut \u00e9galement \u00eatre \u00e9quip\u00e9 d&rsquo;un d\u00e9chargeur \u00e0 phosphex optionnel mont\u00e9 sur la coque. Chacun des poings m\u00e9caniques du Leviathan est arm\u00e9 d&rsquo;un fuseur int\u00e9gr\u00e9 et peut \u00eatre dot\u00e9 d&rsquo;une terrible pince de si\u00e8ge ou d&rsquo;un tr\u00e9pan de si\u00e8ge broyeur dont les doigts peuvent \u00eatre positionn\u00e9s individuellement. Le kit inclut \u00e9galement un choix de diff\u00e9rentes plaques de blindage.<\/p>\n<p>Un des Br\u00e9cheurs peut \u00eatre assembl\u00e9 comme un Sergent Br\u00e9cheur optionnel avec un choix de deux t\u00eates, nue ou casqu\u00e9e, et une charge de br\u00e8che optionnelle. Des \u00e9l\u00e9ments vous donnent pour option d&rsquo;\u00e9quiper un membre de l&rsquo;escouade d&rsquo;un d\u00e9coupeur laser, un autre d&rsquo;un fusil \u00e0 gravitons, un autre d&rsquo;un nuncio-vox et un autre d&rsquo;un vexillum.<\/p>\n<p>Chaque unit\u00e9 de Terminators Cataphractii peut \u00eatre men\u00e9e par un Sergent Terminator Cataphractii optionnel, arm\u00e9 d&rsquo;une \u00e9p\u00e9e \u00e9nerg\u00e9tique, d&rsquo;une hache \u00e9nerg\u00e9tique ou d&rsquo;un marteau Thunder. Chaque Terminator dispose d&rsquo;un choix de deux types d&rsquo;\u00e9pauli\u00e8res et des tassettes assorties, et d&rsquo;un \u00e9cusson optionnel. Une figurine arm\u00e9e d&rsquo;un combi-bolter peut le remplacer par un lance-flammes lourd, un des gantelets \u00e9nerg\u00e9tiques peut \u00eatre am\u00e9lior\u00e9 en poing tron\u00e7onneur, et un chargeur volkite peut \u00eatre remplac\u00e9 par un autocanon Reaper.<\/p>\n<p>Ce kit est fourni avec 3x Planches de D\u00e9calcos d&rsquo;Infanterie de L\u00e9gion, comprenant chacune 618 d\u00e9calcos de grande qualit\u00e9, et 1x Planche de D\u00e9calcos de Dreadnought des HORUS HERESY:, comportant 528 d\u00e9calcos de grande qualit\u00e9. Elles incluent des symboles pour les Iron Warriors, les Sons of Horus, les Salamanders et les Imperial Fists, ainsi que des chiffres, des marquages honorifiques et g\u00e9n\u00e9riques, des \u00e9critures et des ic\u00f4nes de commandement.<\/p>\n<p>Ce kit est compos\u00e9 de 745 \u00e9l\u00e9ments en plastique, de 12x Socles Ronds Citadel de 40mm, de 10x Socles Ronds Citadel de 32mm et de 1x Socle Rond Citadel de 80mm. Ces figurines sont fournies non peintes et n\u00e9cessitent assemblage \u2013 nous recommandons d&#8217;employer la Colle Plastique Citadel et la peinture Citadel Colour.<\/p>\n","protected":false},"excerpt":{"rendered":"<p>Quand il est fait appel aux HORUS HERESY: pour prendre une position lourdement d\u00e9fendue et referm\u00e9e sur elle-m\u00eame, un Groupe de Combat Forceur de Si\u00e8ge est alors envoy\u00e9, compos\u00e9 d&rsquo;un m\u00e9lange de Terminators Cataphractii et d&rsquo;Escouades Br\u00e9cheuses, soutenus par un Dreadnought de Si\u00e8ge Leviathan. Tous&hellip;<\/p>\n","protected":false},"featured_media":13544,"comment_status":"closed","ping_status":"closed","template":"","meta":[],"product_brand":[23],"product_cat":[6230],"product_tag":[],"class_list":{"0":"post-13543","1":"product","2":"type-product","3":"status-publish","4":"has-post-thumbnail","6":"product_brand-games-workshop","7":"product_cat-astartes","9":"first","10":"outofstock","11":"sale","12":"taxable","13":"shipping-taxable","14":"purchasable","15":"product-type-simple"},"yoast_head":"<!-- This site is optimized with the Yoast SEO plugin v26.4 - https:\/\/yoast.com\/wordpress\/plugins\/seo\/ -->\n<title>HORUS HERESY: GROUPE DE COMBAT FORCEUR DE SIEGE - Coccigames<\/title>\n<meta name=\"robots\" content=\"index, follow, max-snippet:-1, max-image-preview:large, max-video-preview:-1\" \/>\n<link rel=\"canonical\" href=\"https:\/\/www.coccigames.com\/index.php\/produit\/legiones-astartes-groupe-de-combat-forceur-de-siege\/\" \/>\n<meta property=\"og:locale\" content=\"fr_FR\" \/>\n<meta property=\"og:type\" content=\"article\" \/>\n<meta property=\"og:title\" content=\"HORUS HERESY: GROUPE DE COMBAT FORCEUR DE SIEGE - Coccigames\" \/>\n<meta property=\"og:description\" content=\"Quand il est fait appel aux HORUS HERESY: pour prendre une position lourdement d\u00e9fendue et referm\u00e9e sur elle-m\u00eame, un Groupe de Combat Forceur de Si\u00e8ge est alors envoy\u00e9, compos\u00e9 d&rsquo;un m\u00e9lange de Terminators Cataphractii et d&rsquo;Escouades Br\u00e9cheuses, soutenus par un Dreadnought de Si\u00e8ge Leviathan. Tous&hellip;\" \/>\n<meta property=\"og:url\" content=\"https:\/\/www.coccigames.com\/index.php\/produit\/legiones-astartes-groupe-de-combat-forceur-de-siege\/\" \/>\n<meta property=\"og:site_name\" content=\"Coccigames\" \/>\n<meta property=\"article:modified_time\" content=\"2026-04-06T07:28:44+00:00\" \/>\n<meta property=\"og:image\" content=\"https:\/\/www.coccigames.com\/wp-content\/uploads\/2025\/12\/groupe-de-combat-forceur-de-siege.jpg\" \/>\n\t<meta property=\"og:image:width\" content=\"540\" \/>\n\t<meta property=\"og:image:height\" content=\"540\" \/>\n\t<meta property=\"og:image:type\" content=\"image\/jpeg\" \/>\n<meta name=\"twitter:card\" content=\"summary_large_image\" \/>\n<meta name=\"twitter:label1\" content=\"Dur\u00e9e de lecture estim\u00e9e\" \/>\n\t<meta name=\"twitter:data1\" content=\"4 minutes\" \/>\n<script type=\"application\/ld+json\" class=\"yoast-schema-graph\">{\"@context\":\"https:\/\/schema.org\",\"@graph\":[{\"@type\":\"WebPage\",\"@id\":\"https:\/\/www.coccigames.com\/index.php\/produit\/legiones-astartes-groupe-de-combat-forceur-de-siege\/\",\"url\":\"https:\/\/www.coccigames.com\/index.php\/produit\/legiones-astartes-groupe-de-combat-forceur-de-siege\/\",\"name\":\"HORUS HERESY: GROUPE DE COMBAT FORCEUR DE SIEGE - Coccigames\",\"isPartOf\":{\"@id\":\"https:\/\/www.coccigames.com\/#website\"},\"primaryImageOfPage\":{\"@id\":\"https:\/\/www.coccigames.com\/index.php\/produit\/legiones-astartes-groupe-de-combat-forceur-de-siege\/#primaryimage\"},\"image\":{\"@id\":\"https:\/\/www.coccigames.com\/index.php\/produit\/legiones-astartes-groupe-de-combat-forceur-de-siege\/#primaryimage\"},\"thumbnailUrl\":\"https:\/\/www.coccigames.com\/wp-content\/uploads\/2025\/12\/groupe-de-combat-forceur-de-siege.jpg\",\"datePublished\":\"2025-12-28T06:57:34+00:00\",\"dateModified\":\"2026-04-06T07:28:44+00:00\",\"breadcrumb\":{\"@id\":\"https:\/\/www.coccigames.com\/index.php\/produit\/legiones-astartes-groupe-de-combat-forceur-de-siege\/#breadcrumb\"},\"inLanguage\":\"fr-FR\",\"potentialAction\":[{\"@type\":\"ReadAction\",\"target\":[\"https:\/\/www.coccigames.com\/index.php\/produit\/legiones-astartes-groupe-de-combat-forceur-de-siege\/\"]}]},{\"@type\":\"ImageObject\",\"inLanguage\":\"fr-FR\",\"@id\":\"https:\/\/www.coccigames.com\/index.php\/produit\/legiones-astartes-groupe-de-combat-forceur-de-siege\/#primaryimage\",\"url\":\"https:\/\/www.coccigames.com\/wp-content\/uploads\/2025\/12\/groupe-de-combat-forceur-de-siege.jpg\",\"contentUrl\":\"https:\/\/www.coccigames.com\/wp-content\/uploads\/2025\/12\/groupe-de-combat-forceur-de-siege.jpg\",\"width\":540,\"height\":540},{\"@type\":\"BreadcrumbList\",\"@id\":\"https:\/\/www.coccigames.com\/index.php\/produit\/legiones-astartes-groupe-de-combat-forceur-de-siege\/#breadcrumb\",\"itemListElement\":[{\"@type\":\"ListItem\",\"position\":1,\"name\":\"Accueil\",\"item\":\"https:\/\/www.coccigames.com\/\"},{\"@type\":\"ListItem\",\"position\":2,\"name\":\"Boutique\",\"item\":\"https:\/\/www.coccigames.com\/index.php\/boutique\/\"},{\"@type\":\"ListItem\",\"position\":3,\"name\":\"HORUS HERESY: GROUPE DE COMBAT FORCEUR DE SIEGE\"}]},{\"@type\":\"WebSite\",\"@id\":\"https:\/\/www.coccigames.com\/#website\",\"url\":\"https:\/\/www.coccigames.com\/\",\"name\":\"Coccigames - Figurines et Peintures\",\"description\":\"Figurines et Peintures\",\"publisher\":{\"@id\":\"https:\/\/www.coccigames.com\/#organization\"},\"potentialAction\":[{\"@type\":\"SearchAction\",\"target\":{\"@type\":\"EntryPoint\",\"urlTemplate\":\"https:\/\/www.coccigames.com\/?s={search_term_string}\"},\"query-input\":{\"@type\":\"PropertyValueSpecification\",\"valueRequired\":true,\"valueName\":\"search_term_string\"}}],\"inLanguage\":\"fr-FR\"},{\"@type\":\"Organization\",\"@id\":\"https:\/\/www.coccigames.com\/#organization\",\"name\":\"Coccigames\",\"url\":\"https:\/\/www.coccigames.com\/\",\"logo\":{\"@type\":\"ImageObject\",\"inLanguage\":\"fr-FR\",\"@id\":\"https:\/\/www.coccigames.com\/#\/schema\/logo\/image\/\",\"url\":\"https:\/\/www.coccigames.com\/wp-content\/uploads\/2025\/12\/coccigames_logo_v5.png\",\"contentUrl\":\"https:\/\/www.coccigames.com\/wp-content\/uploads\/2025\/12\/coccigames_logo_v5.png\",\"width\":1768,\"height\":424,\"caption\":\"Coccigames\"},\"image\":{\"@id\":\"https:\/\/www.coccigames.com\/#\/schema\/logo\/image\/\"}}]}<\/script>\n<!-- \/ Yoast SEO plugin. -->","yoast_head_json":{"title":"HORUS HERESY: GROUPE DE COMBAT FORCEUR DE SIEGE - Coccigames","robots":{"index":"index","follow":"follow","max-snippet":"max-snippet:-1","max-image-preview":"max-image-preview:large","max-video-preview":"max-video-preview:-1"},"canonical":"https:\/\/www.coccigames.com\/index.php\/produit\/legiones-astartes-groupe-de-combat-forceur-de-siege\/","og_locale":"fr_FR","og_type":"article","og_title":"HORUS HERESY: GROUPE DE COMBAT FORCEUR DE SIEGE - Coccigames","og_description":"Quand il est fait appel aux HORUS HERESY: pour prendre une position lourdement d\u00e9fendue et referm\u00e9e sur elle-m\u00eame, un Groupe de Combat Forceur de Si\u00e8ge est alors envoy\u00e9, compos\u00e9 d&rsquo;un m\u00e9lange de Terminators Cataphractii et d&rsquo;Escouades Br\u00e9cheuses, soutenus par un Dreadnought de Si\u00e8ge Leviathan. Tous&hellip;","og_url":"https:\/\/www.coccigames.com\/index.php\/produit\/legiones-astartes-groupe-de-combat-forceur-de-siege\/","og_site_name":"Coccigames","article_modified_time":"2026-04-06T07:28:44+00:00","og_image":[{"width":540,"height":540,"url":"https:\/\/www.coccigames.com\/wp-content\/uploads\/2025\/12\/groupe-de-combat-forceur-de-siege.jpg","type":"image\/jpeg"}],"twitter_card":"summary_large_image","twitter_misc":{"Dur\u00e9e de lecture estim\u00e9e":"4 minutes"},"schema":{"@context":"https:\/\/schema.org","@graph":[{"@type":"WebPage","@id":"https:\/\/www.coccigames.com\/index.php\/produit\/legiones-astartes-groupe-de-combat-forceur-de-siege\/","url":"https:\/\/www.coccigames.com\/index.php\/produit\/legiones-astartes-groupe-de-combat-forceur-de-siege\/","name":"HORUS HERESY: GROUPE DE COMBAT FORCEUR DE SIEGE - Coccigames","isPartOf":{"@id":"https:\/\/www.coccigames.com\/#website"},"primaryImageOfPage":{"@id":"https:\/\/www.coccigames.com\/index.php\/produit\/legiones-astartes-groupe-de-combat-forceur-de-siege\/#primaryimage"},"image":{"@id":"https:\/\/www.coccigames.com\/index.php\/produit\/legiones-astartes-groupe-de-combat-forceur-de-siege\/#primaryimage"},"thumbnailUrl":"https:\/\/www.coccigames.com\/wp-content\/uploads\/2025\/12\/groupe-de-combat-forceur-de-siege.jpg","datePublished":"2025-12-28T06:57:34+00:00","dateModified":"2026-04-06T07:28:44+00:00","breadcrumb":{"@id":"https:\/\/www.coccigames.com\/index.php\/produit\/legiones-astartes-groupe-de-combat-forceur-de-siege\/#breadcrumb"},"inLanguage":"fr-FR","potentialAction":[{"@type":"ReadAction","target":["https:\/\/www.coccigames.com\/index.php\/produit\/legiones-astartes-groupe-de-combat-forceur-de-siege\/"]}]},{"@type":"ImageObject","inLanguage":"fr-FR","@id":"https:\/\/www.coccigames.com\/index.php\/produit\/legiones-astartes-groupe-de-combat-forceur-de-siege\/#primaryimage","url":"https:\/\/www.coccigames.com\/wp-content\/uploads\/2025\/12\/groupe-de-combat-forceur-de-siege.jpg","contentUrl":"https:\/\/www.coccigames.com\/wp-content\/uploads\/2025\/12\/groupe-de-combat-forceur-de-siege.jpg","width":540,"height":540},{"@type":"BreadcrumbList","@id":"https:\/\/www.coccigames.com\/index.php\/produit\/legiones-astartes-groupe-de-combat-forceur-de-siege\/#breadcrumb","itemListElement":[{"@type":"ListItem","position":1,"name":"Accueil","item":"https:\/\/www.coccigames.com\/"},{"@type":"ListItem","position":2,"name":"Boutique","item":"https:\/\/www.coccigames.com\/index.php\/boutique\/"},{"@type":"ListItem","position":3,"name":"HORUS HERESY: GROUPE DE COMBAT FORCEUR DE SIEGE"}]},{"@type":"WebSite","@id":"https:\/\/www.coccigames.com\/#website","url":"https:\/\/www.coccigames.com\/","name":"Coccigames - Figurines et Peintures","description":"Figurines et Peintures","publisher":{"@id":"https:\/\/www.coccigames.com\/#organization"},"potentialAction":[{"@type":"SearchAction","target":{"@type":"EntryPoint","urlTemplate":"https:\/\/www.coccigames.com\/?s={search_term_string}"},"query-input":{"@type":"PropertyValueSpecification","valueRequired":true,"valueName":"search_term_string"}}],"inLanguage":"fr-FR"},{"@type":"Organization","@id":"https:\/\/www.coccigames.com\/#organization","name":"Coccigames","url":"https:\/\/www.coccigames.com\/","logo":{"@type":"ImageObject","inLanguage":"fr-FR","@id":"https:\/\/www.coccigames.com\/#\/schema\/logo\/image\/","url":"https:\/\/www.coccigames.com\/wp-content\/uploads\/2025\/12\/coccigames_logo_v5.png","contentUrl":"https:\/\/www.coccigames.com\/wp-content\/uploads\/2025\/12\/coccigames_logo_v5.png","width":1768,"height":424,"caption":"Coccigames"},"image":{"@id":"https:\/\/www.coccigames.com\/#\/schema\/logo\/image\/"}}]}},"_links":{"self":[{"href":"https:\/\/www.coccigames.com\/index.php\/wp-json\/wp\/v2\/product\/13543","targetHints":{"allow":["GET"]}}],"collection":[{"href":"https:\/\/www.coccigames.com\/index.php\/wp-json\/wp\/v2\/product"}],"about":[{"href":"https:\/\/www.coccigames.com\/index.php\/wp-json\/wp\/v2\/types\/product"}],"replies":[{"embeddable":true,"href":"https:\/\/www.coccigames.com\/index.php\/wp-json\/wp\/v2\/comments?post=13543"}],"wp:featuredmedia":[{"embeddable":true,"href":"https:\/\/www.coccigames.com\/index.php\/wp-json\/wp\/v2\/media\/13544"}],"wp:attachment":[{"href":"https:\/\/www.coccigames.com\/index.php\/wp-json\/wp\/v2\/media?parent=13543"}],"wp:term":[{"taxonomy":"product_brand","embeddable":true,"href":"https:\/\/www.coccigames.com\/index.php\/wp-json\/wp\/v2\/product_brand?post=13543"},{"taxonomy":"product_cat","embeddable":true,"href":"https:\/\/www.coccigames.com\/index.php\/wp-json\/wp\/v2\/product_cat?post=13543"},{"taxonomy":"product_tag","embeddable":true,"href":"https:\/\/www.coccigames.com\/index.php\/wp-json\/wp\/v2\/product_tag?post=13543"}],"curies":[{"name":"wp","href":"https:\/\/api.w.org\/{rel}","templated":true}]}}