{"id":13371,"date":"2025-12-21T15:00:56","date_gmt":"2025-12-21T14:00:56","guid":{"rendered":"https:\/\/www.coccigames.com\/index.php\/produit\/battalion-wood-elf-realms\/"},"modified":"2026-04-20T10:06:03","modified_gmt":"2026-04-20T08:06:03","slug":"battalion-wood-elf-realms","status":"publish","type":"product","link":"https:\/\/www.coccigames.com\/index.php\/produit\/battalion-wood-elf-realms\/","title":{"rendered":"BATTALION: WOOD ELF REALMS"},"content":{"rendered":"<p>Les arm\u00e9es des Royaumes Elfes Sylvains se rassemblent naturellement en cas de danger. Diverses troupes convergent vers la source du conflit, tandis que les r\u00e9sidents ordinaires s&#8217;emparent de leurs arcs longs et de leurs lances pour marcher sous la banni\u00e8re de leurs Seigneurs Sylvains. M\u00eame leurs soldats les plus communs sont dot\u00e9s d&rsquo;une gr\u00e2ce et d&rsquo;un talent martial qui les rendent mortels au combat.<\/p>\n<p>Cette bo\u00eete vous fournit le noyau d&rsquo;une puissante arm\u00e9e des Royaumes Elfes Sylvains pour Warhammer: The Old World. Les Cavaliers Sauvages et les S\u0153urs de l&rsquo;\u00c9pine, des unit\u00e9s de cavalerie d&rsquo;\u00e9lite, m\u00e8nent la charge tandis que les Patrouilleurs du Bois Sauvage et la Garde \u00c9ternelle font office de troupes de choc. Une grande unit\u00e9 de Gardes Sylvains vient soutenir le reste de l&rsquo;arm\u00e9e avec ses arcs longs Asrai.<\/p>\n<p>Les figurines de cette bo\u00eete sont faciles \u00e0 personnaliser. Les Cavaliers Sauvages, ou les S\u0153urs de l&rsquo;\u00c9pine, peuvent \u00eatre assembl\u00e9s en une seule grande unit\u00e9 ou en deux unit\u00e9s de cinq guerriers disposant chacune d&rsquo;un champion, d&rsquo;un musicien et d&rsquo;un porte-\u00e9tendard optionnels. Le kit contient des accessoires d\u00e9coratifs, et les Cavaliers Sauvages ont chacun droit \u00e0 un bouclier optionnel.<\/p>\n<p>Les Patrouilleurs du Bois Sauvage, ou la Garde \u00c9ternelle, peuvent \u00eatre assembl\u00e9s en une seule grande unit\u00e9 ou en deux unit\u00e9s de 10 guerriers disposant chacune d&rsquo;un champion, d&rsquo;un musicien et d&rsquo;un porte-\u00e9tendard optionnels. Les t\u00eates et armes sont interchangeables et les Gardes \u00c9ternels peuvent porter un bouclier optionnel.<\/p>\n<p>Les Gardes Sylvains peuvent \u00eatre assembl\u00e9s en une seule grande unit\u00e9 ou en deux unit\u00e9s de 16 archers, disposant chacune d&rsquo;un champion, d&rsquo;un musicien et d&rsquo;un porte-\u00e9tendard optionnels. Le champion peut \u00eatre assembl\u00e9 avec un arc long Asrai ou une \u00e9p\u00e9e, le porte-\u00e9tendard dispose d&rsquo;un choix de deux hauts de banni\u00e8re et les t\u00eates, jambes, torses, capes et armes sont interchangeables. Ces figurines peuvent \u00e9galement \u00eatre utilis\u00e9es pour repr\u00e9senter des \u00c9claireurs du Grand-bois.<\/p>\n<p>Quelle que soit la fa\u00e7on dont vous choisirez d&rsquo;assembler les figurines, cette bo\u00eete constitue un excellent moyen pour entamer une nouvelle arm\u00e9e de Royaumes Elfes Sylvains ou agrandir votre collection tout en \u00e9conomisant de l&rsquo;argent par rapport \u00e0 l&rsquo;achat des kits au d\u00e9tail.<\/p>\n<p><strong>Cette bo\u00eete contient 62 figurines en plastique:<\/strong><\/p>\n<p>\u2013 10x Cavaliers Sauvages (qui peuvent autrement \u00eatre assembl\u00e9s en tant que S\u0153urs de l&rsquo;\u00c9pine)<\/p>\n<p>\u2013 20x Patrouilleurs du Bois Sauvage (qui peuvent autrement \u00eatre assembl\u00e9s en tant que Garde \u00c9ternelle)<\/p>\n<p>\u2013 32x Gardes Sylvains<\/p>\n","protected":false},"excerpt":{"rendered":"<p>Les arm\u00e9es des Royaumes Elfes Sylvains se rassemblent naturellement en cas de danger. Diverses troupes convergent vers la source du conflit, tandis que les r\u00e9sidents ordinaires s&#8217;emparent de leurs arcs longs et de leurs lances pour marcher sous la banni\u00e8re de leurs Seigneurs Sylvains. M\u00eame&hellip;<\/p>\n","protected":false},"featured_media":13385,"comment_status":"open","ping_status":"closed","template":"","meta":[],"product_brand":[23],"product_cat":[6214],"product_tag":[],"class_list":{"0":"post-13371","1":"product","2":"type-product","3":"status-publish","4":"has-post-thumbnail","6":"product_brand-games-workshop","7":"product_cat-wood-elves","9":"first","10":"onbackorder","11":"sale","12":"featured","13":"taxable","14":"shipping-taxable","15":"purchasable","16":"product-type-simple"},"yoast_head":"<!-- This site is optimized with the Yoast SEO plugin v26.4 - https:\/\/yoast.com\/wordpress\/plugins\/seo\/ -->\n<title>BATTALION: WOOD ELF REALMS - Coccigames<\/title>\n<meta name=\"robots\" content=\"index, follow, max-snippet:-1, max-image-preview:large, max-video-preview:-1\" \/>\n<link rel=\"canonical\" href=\"https:\/\/www.coccigames.com\/index.php\/produit\/battalion-wood-elf-realms\/\" \/>\n<meta property=\"og:locale\" content=\"fr_FR\" \/>\n<meta property=\"og:type\" content=\"article\" \/>\n<meta property=\"og:title\" content=\"BATTALION: WOOD ELF REALMS - Coccigames\" \/>\n<meta property=\"og:description\" content=\"Les arm\u00e9es des Royaumes Elfes Sylvains se rassemblent naturellement en cas de danger. Diverses troupes convergent vers la source du conflit, tandis que les r\u00e9sidents ordinaires s&#8217;emparent de leurs arcs longs et de leurs lances pour marcher sous la banni\u00e8re de leurs Seigneurs Sylvains. M\u00eame&hellip;\" \/>\n<meta property=\"og:url\" content=\"https:\/\/www.coccigames.com\/index.php\/produit\/battalion-wood-elf-realms\/\" \/>\n<meta property=\"og:site_name\" content=\"Coccigames\" \/>\n<meta property=\"article:modified_time\" content=\"2026-04-20T08:06:03+00:00\" \/>\n<meta property=\"og:image\" content=\"https:\/\/www.coccigames.com\/wp-content\/uploads\/2025\/12\/99122704001_WERBattalion01.jpg\" \/>\n\t<meta property=\"og:image:width\" content=\"918\" \/>\n\t<meta property=\"og:image:height\" content=\"948\" \/>\n\t<meta property=\"og:image:type\" content=\"image\/jpeg\" \/>\n<meta name=\"twitter:card\" content=\"summary_large_image\" \/>\n<meta name=\"twitter:label1\" content=\"Dur\u00e9e de lecture estim\u00e9e\" \/>\n\t<meta name=\"twitter:data1\" content=\"3 minutes\" \/>\n<script type=\"application\/ld+json\" class=\"yoast-schema-graph\">{\"@context\":\"https:\/\/schema.org\",\"@graph\":[{\"@type\":\"WebPage\",\"@id\":\"https:\/\/www.coccigames.com\/index.php\/produit\/battalion-wood-elf-realms\/\",\"url\":\"https:\/\/www.coccigames.com\/index.php\/produit\/battalion-wood-elf-realms\/\",\"name\":\"BATTALION: WOOD ELF REALMS - Coccigames\",\"isPartOf\":{\"@id\":\"https:\/\/www.coccigames.com\/#website\"},\"primaryImageOfPage\":{\"@id\":\"https:\/\/www.coccigames.com\/index.php\/produit\/battalion-wood-elf-realms\/#primaryimage\"},\"image\":{\"@id\":\"https:\/\/www.coccigames.com\/index.php\/produit\/battalion-wood-elf-realms\/#primaryimage\"},\"thumbnailUrl\":\"https:\/\/www.coccigames.com\/wp-content\/uploads\/2025\/12\/99122704001_WERBattalion01.jpg\",\"datePublished\":\"2025-12-21T14:00:56+00:00\",\"dateModified\":\"2026-04-20T08:06:03+00:00\",\"breadcrumb\":{\"@id\":\"https:\/\/www.coccigames.com\/index.php\/produit\/battalion-wood-elf-realms\/#breadcrumb\"},\"inLanguage\":\"fr-FR\",\"potentialAction\":[{\"@type\":\"ReadAction\",\"target\":[\"https:\/\/www.coccigames.com\/index.php\/produit\/battalion-wood-elf-realms\/\"]}]},{\"@type\":\"ImageObject\",\"inLanguage\":\"fr-FR\",\"@id\":\"https:\/\/www.coccigames.com\/index.php\/produit\/battalion-wood-elf-realms\/#primaryimage\",\"url\":\"https:\/\/www.coccigames.com\/wp-content\/uploads\/2025\/12\/99122704001_WERBattalion01.jpg\",\"contentUrl\":\"https:\/\/www.coccigames.com\/wp-content\/uploads\/2025\/12\/99122704001_WERBattalion01.jpg\",\"width\":918,\"height\":948},{\"@type\":\"BreadcrumbList\",\"@id\":\"https:\/\/www.coccigames.com\/index.php\/produit\/battalion-wood-elf-realms\/#breadcrumb\",\"itemListElement\":[{\"@type\":\"ListItem\",\"position\":1,\"name\":\"Accueil\",\"item\":\"https:\/\/www.coccigames.com\/\"},{\"@type\":\"ListItem\",\"position\":2,\"name\":\"Boutique\",\"item\":\"https:\/\/www.coccigames.com\/index.php\/boutique\/\"},{\"@type\":\"ListItem\",\"position\":3,\"name\":\"BATTALION: WOOD ELF REALMS\"}]},{\"@type\":\"WebSite\",\"@id\":\"https:\/\/www.coccigames.com\/#website\",\"url\":\"https:\/\/www.coccigames.com\/\",\"name\":\"Coccigames - Figurines et Peintures\",\"description\":\"Figurines et Peintures\",\"publisher\":{\"@id\":\"https:\/\/www.coccigames.com\/#organization\"},\"potentialAction\":[{\"@type\":\"SearchAction\",\"target\":{\"@type\":\"EntryPoint\",\"urlTemplate\":\"https:\/\/www.coccigames.com\/?s={search_term_string}\"},\"query-input\":{\"@type\":\"PropertyValueSpecification\",\"valueRequired\":true,\"valueName\":\"search_term_string\"}}],\"inLanguage\":\"fr-FR\"},{\"@type\":\"Organization\",\"@id\":\"https:\/\/www.coccigames.com\/#organization\",\"name\":\"Coccigames\",\"url\":\"https:\/\/www.coccigames.com\/\",\"logo\":{\"@type\":\"ImageObject\",\"inLanguage\":\"fr-FR\",\"@id\":\"https:\/\/www.coccigames.com\/#\/schema\/logo\/image\/\",\"url\":\"https:\/\/www.coccigames.com\/wp-content\/uploads\/2025\/12\/coccigames_logo_v5.png\",\"contentUrl\":\"https:\/\/www.coccigames.com\/wp-content\/uploads\/2025\/12\/coccigames_logo_v5.png\",\"width\":1768,\"height\":424,\"caption\":\"Coccigames\"},\"image\":{\"@id\":\"https:\/\/www.coccigames.com\/#\/schema\/logo\/image\/\"}}]}<\/script>\n<!-- \/ Yoast SEO plugin. -->","yoast_head_json":{"title":"BATTALION: WOOD ELF REALMS - Coccigames","robots":{"index":"index","follow":"follow","max-snippet":"max-snippet:-1","max-image-preview":"max-image-preview:large","max-video-preview":"max-video-preview:-1"},"canonical":"https:\/\/www.coccigames.com\/index.php\/produit\/battalion-wood-elf-realms\/","og_locale":"fr_FR","og_type":"article","og_title":"BATTALION: WOOD ELF REALMS - Coccigames","og_description":"Les arm\u00e9es des Royaumes Elfes Sylvains se rassemblent naturellement en cas de danger. Diverses troupes convergent vers la source du conflit, tandis que les r\u00e9sidents ordinaires s&#8217;emparent de leurs arcs longs et de leurs lances pour marcher sous la banni\u00e8re de leurs Seigneurs Sylvains. M\u00eame&hellip;","og_url":"https:\/\/www.coccigames.com\/index.php\/produit\/battalion-wood-elf-realms\/","og_site_name":"Coccigames","article_modified_time":"2026-04-20T08:06:03+00:00","og_image":[{"width":918,"height":948,"url":"https:\/\/www.coccigames.com\/wp-content\/uploads\/2025\/12\/99122704001_WERBattalion01.jpg","type":"image\/jpeg"}],"twitter_card":"summary_large_image","twitter_misc":{"Dur\u00e9e de lecture estim\u00e9e":"3 minutes"},"schema":{"@context":"https:\/\/schema.org","@graph":[{"@type":"WebPage","@id":"https:\/\/www.coccigames.com\/index.php\/produit\/battalion-wood-elf-realms\/","url":"https:\/\/www.coccigames.com\/index.php\/produit\/battalion-wood-elf-realms\/","name":"BATTALION: WOOD ELF REALMS - Coccigames","isPartOf":{"@id":"https:\/\/www.coccigames.com\/#website"},"primaryImageOfPage":{"@id":"https:\/\/www.coccigames.com\/index.php\/produit\/battalion-wood-elf-realms\/#primaryimage"},"image":{"@id":"https:\/\/www.coccigames.com\/index.php\/produit\/battalion-wood-elf-realms\/#primaryimage"},"thumbnailUrl":"https:\/\/www.coccigames.com\/wp-content\/uploads\/2025\/12\/99122704001_WERBattalion01.jpg","datePublished":"2025-12-21T14:00:56+00:00","dateModified":"2026-04-20T08:06:03+00:00","breadcrumb":{"@id":"https:\/\/www.coccigames.com\/index.php\/produit\/battalion-wood-elf-realms\/#breadcrumb"},"inLanguage":"fr-FR","potentialAction":[{"@type":"ReadAction","target":["https:\/\/www.coccigames.com\/index.php\/produit\/battalion-wood-elf-realms\/"]}]},{"@type":"ImageObject","inLanguage":"fr-FR","@id":"https:\/\/www.coccigames.com\/index.php\/produit\/battalion-wood-elf-realms\/#primaryimage","url":"https:\/\/www.coccigames.com\/wp-content\/uploads\/2025\/12\/99122704001_WERBattalion01.jpg","contentUrl":"https:\/\/www.coccigames.com\/wp-content\/uploads\/2025\/12\/99122704001_WERBattalion01.jpg","width":918,"height":948},{"@type":"BreadcrumbList","@id":"https:\/\/www.coccigames.com\/index.php\/produit\/battalion-wood-elf-realms\/#breadcrumb","itemListElement":[{"@type":"ListItem","position":1,"name":"Accueil","item":"https:\/\/www.coccigames.com\/"},{"@type":"ListItem","position":2,"name":"Boutique","item":"https:\/\/www.coccigames.com\/index.php\/boutique\/"},{"@type":"ListItem","position":3,"name":"BATTALION: WOOD ELF REALMS"}]},{"@type":"WebSite","@id":"https:\/\/www.coccigames.com\/#website","url":"https:\/\/www.coccigames.com\/","name":"Coccigames - Figurines et Peintures","description":"Figurines et Peintures","publisher":{"@id":"https:\/\/www.coccigames.com\/#organization"},"potentialAction":[{"@type":"SearchAction","target":{"@type":"EntryPoint","urlTemplate":"https:\/\/www.coccigames.com\/?s={search_term_string}"},"query-input":{"@type":"PropertyValueSpecification","valueRequired":true,"valueName":"search_term_string"}}],"inLanguage":"fr-FR"},{"@type":"Organization","@id":"https:\/\/www.coccigames.com\/#organization","name":"Coccigames","url":"https:\/\/www.coccigames.com\/","logo":{"@type":"ImageObject","inLanguage":"fr-FR","@id":"https:\/\/www.coccigames.com\/#\/schema\/logo\/image\/","url":"https:\/\/www.coccigames.com\/wp-content\/uploads\/2025\/12\/coccigames_logo_v5.png","contentUrl":"https:\/\/www.coccigames.com\/wp-content\/uploads\/2025\/12\/coccigames_logo_v5.png","width":1768,"height":424,"caption":"Coccigames"},"image":{"@id":"https:\/\/www.coccigames.com\/#\/schema\/logo\/image\/"}}]}},"_links":{"self":[{"href":"https:\/\/www.coccigames.com\/index.php\/wp-json\/wp\/v2\/product\/13371","targetHints":{"allow":["GET"]}}],"collection":[{"href":"https:\/\/www.coccigames.com\/index.php\/wp-json\/wp\/v2\/product"}],"about":[{"href":"https:\/\/www.coccigames.com\/index.php\/wp-json\/wp\/v2\/types\/product"}],"replies":[{"embeddable":true,"href":"https:\/\/www.coccigames.com\/index.php\/wp-json\/wp\/v2\/comments?post=13371"}],"wp:featuredmedia":[{"embeddable":true,"href":"https:\/\/www.coccigames.com\/index.php\/wp-json\/wp\/v2\/media\/13385"}],"wp:attachment":[{"href":"https:\/\/www.coccigames.com\/index.php\/wp-json\/wp\/v2\/media?parent=13371"}],"wp:term":[{"taxonomy":"product_brand","embeddable":true,"href":"https:\/\/www.coccigames.com\/index.php\/wp-json\/wp\/v2\/product_brand?post=13371"},{"taxonomy":"product_cat","embeddable":true,"href":"https:\/\/www.coccigames.com\/index.php\/wp-json\/wp\/v2\/product_cat?post=13371"},{"taxonomy":"product_tag","embeddable":true,"href":"https:\/\/www.coccigames.com\/index.php\/wp-json\/wp\/v2\/product_tag?post=13371"}],"curies":[{"name":"wp","href":"https:\/\/api.w.org\/{rel}","templated":true}]}}