{"id":13063,"date":"2025-12-20T13:22:49","date_gmt":"2025-12-20T12:22:49","guid":{"rendered":"https:\/\/www.coccigames.com\/index.php\/produit\/whirlwind-skorpius-missile-tank-sqd\/"},"modified":"2026-04-06T09:28:35","modified_gmt":"2026-04-06T07:28:35","slug":"whirlwind-skorpius-missile-tank-sqd","status":"publish","type":"product","link":"https:\/\/www.coccigames.com\/index.php\/produit\/whirlwind-skorpius-missile-tank-sqd\/","title":{"rendered":"WHIRLWIND AND SKORPIUS MISSILE TANK SQUADRON"},"content":{"rendered":"<p>Le Scorpius est un mod\u00e8le de v\u00e9hicule blind\u00e9 con\u00e7u \u00e0 la demande de la L\u00e9gion des Space Wolves pour fournir des tirs de soutien indirects aux assauts par le biais de son syst\u00e8me lance-missiles avanc\u00e9. Adapt\u00e9 aux op\u00e9rations de haute intensit\u00e9, il a \u00e9t\u00e9 approuv\u00e9 pour le service chez toutes les Legiones Astartes juste avant que n&rsquo;\u00e9clate l&rsquo;H\u00e9r\u00e9sie d&rsquo;Horus. Dans le sillage du Scorpius, plusieurs autres unit\u00e9s d&rsquo;artillerie mobile ont \u00e9t\u00e9 d\u00e9ploy\u00e9es dans les arsenaux des Legiones Astartes, dont le Whirlwind. Transportant une batterie lance-missiles \u00e0 tir indirect, le Whirlwind fournit des tirs de saturation et peut noyer une large zone de combat sous ses charges explosives.<\/p>\n<p>Ce kit en plastique permet d&rsquo;assembler 4 Whirlwind et 4 Scorpius, de l&rsquo;artillerie mobile pour vos arm\u00e9es de Legiones Astartes lors des parties de Legions Imperialis. Les deux mod\u00e8les sont capables de fournir des tirs indirects, le Scorpius \u00e9tant destin\u00e9 \u00e0 abattre les v\u00e9hicules ennemis tandis que le Whirlwind est vou\u00e9 \u00e0 faire sortir l&rsquo;infanterie adverse de son couvert. Jusqu&rsquo;\u00e0 quatre de vos v\u00e9hicules peuvent \u00eatre \u00e9quip\u00e9s de lames de bulldozer optionnelles, ce qui permet de personnaliser vos tanks lance-missiles.<\/p>\n<p>Ce kit est compos\u00e9 de 120 \u00e9l\u00e9ments en plastique et de 1x Planche de D\u00e9calcos de V\u00e9hicules de L\u00e9gion proposant 1130 d\u00e9calcos de grande qualit\u00e9 pour d\u00e9corer vos figurines.<\/p>\n<p>Ces figurines sont fournies non peintes et n\u00e9cessitent assemblage \u2013 nous recommandons d&#8217;employer la Colle Plastique Citadel et la peinture Citadel Colour.<\/p>\n","protected":false},"excerpt":{"rendered":"<p>Le Scorpius est un mod\u00e8le de v\u00e9hicule blind\u00e9 con\u00e7u \u00e0 la demande de la L\u00e9gion des Space Wolves pour fournir des tirs de soutien indirects aux assauts par le biais de son syst\u00e8me lance-missiles avanc\u00e9. Adapt\u00e9 aux op\u00e9rations de haute intensit\u00e9, il a \u00e9t\u00e9 approuv\u00e9&hellip;<\/p>\n","protected":false},"featured_media":13116,"comment_status":"open","ping_status":"closed","template":"","meta":[],"product_brand":[23],"product_cat":[6185],"product_tag":[434,6184],"class_list":{"0":"post-13063","1":"product","2":"type-product","3":"status-publish","4":"has-post-thumbnail","6":"product_brand-games-workshop","7":"product_cat-legion-imperialis","8":"product_tag-generic","9":"product_tag-legion-imperialis","11":"first","12":"onbackorder","13":"sale","14":"taxable","15":"shipping-taxable","16":"purchasable","17":"product-type-simple"},"yoast_head":"<!-- This site is optimized with the Yoast SEO plugin v26.4 - https:\/\/yoast.com\/wordpress\/plugins\/seo\/ -->\n<title>WHIRLWIND AND SKORPIUS MISSILE TANK SQUADRON - Coccigames<\/title>\n<meta name=\"robots\" content=\"index, follow, max-snippet:-1, max-image-preview:large, max-video-preview:-1\" \/>\n<link rel=\"canonical\" href=\"https:\/\/www.coccigames.com\/index.php\/produit\/whirlwind-skorpius-missile-tank-sqd\/\" \/>\n<meta property=\"og:locale\" content=\"fr_FR\" \/>\n<meta property=\"og:type\" content=\"article\" \/>\n<meta property=\"og:title\" content=\"WHIRLWIND AND SKORPIUS MISSILE TANK SQUADRON - Coccigames\" \/>\n<meta property=\"og:description\" content=\"Le Scorpius est un mod\u00e8le de v\u00e9hicule blind\u00e9 con\u00e7u \u00e0 la demande de la L\u00e9gion des Space Wolves pour fournir des tirs de soutien indirects aux assauts par le biais de son syst\u00e8me lance-missiles avanc\u00e9. Adapt\u00e9 aux op\u00e9rations de haute intensit\u00e9, il a \u00e9t\u00e9 approuv\u00e9&hellip;\" \/>\n<meta property=\"og:url\" content=\"https:\/\/www.coccigames.com\/index.php\/produit\/whirlwind-skorpius-missile-tank-sqd\/\" \/>\n<meta property=\"og:site_name\" content=\"Coccigames\" \/>\n<meta property=\"article:modified_time\" content=\"2026-04-06T07:28:35+00:00\" \/>\n<meta property=\"og:image\" content=\"https:\/\/www.coccigames.com\/wp-content\/uploads\/2025\/12\/99122601019_LegionsImperialisWhirlwindSkorpiusMissileTankSquadron5.jpg\" \/>\n\t<meta property=\"og:image:width\" content=\"918\" \/>\n\t<meta property=\"og:image:height\" content=\"948\" \/>\n\t<meta property=\"og:image:type\" content=\"image\/jpeg\" \/>\n<meta name=\"twitter:card\" content=\"summary_large_image\" \/>\n<meta name=\"twitter:label1\" content=\"Dur\u00e9e de lecture estim\u00e9e\" \/>\n\t<meta name=\"twitter:data1\" content=\"2 minutes\" \/>\n<script type=\"application\/ld+json\" class=\"yoast-schema-graph\">{\"@context\":\"https:\/\/schema.org\",\"@graph\":[{\"@type\":\"WebPage\",\"@id\":\"https:\/\/www.coccigames.com\/index.php\/produit\/whirlwind-skorpius-missile-tank-sqd\/\",\"url\":\"https:\/\/www.coccigames.com\/index.php\/produit\/whirlwind-skorpius-missile-tank-sqd\/\",\"name\":\"WHIRLWIND AND SKORPIUS MISSILE TANK SQUADRON - Coccigames\",\"isPartOf\":{\"@id\":\"https:\/\/www.coccigames.com\/#website\"},\"primaryImageOfPage\":{\"@id\":\"https:\/\/www.coccigames.com\/index.php\/produit\/whirlwind-skorpius-missile-tank-sqd\/#primaryimage\"},\"image\":{\"@id\":\"https:\/\/www.coccigames.com\/index.php\/produit\/whirlwind-skorpius-missile-tank-sqd\/#primaryimage\"},\"thumbnailUrl\":\"https:\/\/www.coccigames.com\/wp-content\/uploads\/2025\/12\/99122601019_LegionsImperialisWhirlwindSkorpiusMissileTankSquadron5.jpg\",\"datePublished\":\"2025-12-20T12:22:49+00:00\",\"dateModified\":\"2026-04-06T07:28:35+00:00\",\"breadcrumb\":{\"@id\":\"https:\/\/www.coccigames.com\/index.php\/produit\/whirlwind-skorpius-missile-tank-sqd\/#breadcrumb\"},\"inLanguage\":\"fr-FR\",\"potentialAction\":[{\"@type\":\"ReadAction\",\"target\":[\"https:\/\/www.coccigames.com\/index.php\/produit\/whirlwind-skorpius-missile-tank-sqd\/\"]}]},{\"@type\":\"ImageObject\",\"inLanguage\":\"fr-FR\",\"@id\":\"https:\/\/www.coccigames.com\/index.php\/produit\/whirlwind-skorpius-missile-tank-sqd\/#primaryimage\",\"url\":\"https:\/\/www.coccigames.com\/wp-content\/uploads\/2025\/12\/99122601019_LegionsImperialisWhirlwindSkorpiusMissileTankSquadron5.jpg\",\"contentUrl\":\"https:\/\/www.coccigames.com\/wp-content\/uploads\/2025\/12\/99122601019_LegionsImperialisWhirlwindSkorpiusMissileTankSquadron5.jpg\",\"width\":918,\"height\":948},{\"@type\":\"BreadcrumbList\",\"@id\":\"https:\/\/www.coccigames.com\/index.php\/produit\/whirlwind-skorpius-missile-tank-sqd\/#breadcrumb\",\"itemListElement\":[{\"@type\":\"ListItem\",\"position\":1,\"name\":\"Accueil\",\"item\":\"https:\/\/www.coccigames.com\/\"},{\"@type\":\"ListItem\",\"position\":2,\"name\":\"Boutique\",\"item\":\"https:\/\/www.coccigames.com\/index.php\/boutique\/\"},{\"@type\":\"ListItem\",\"position\":3,\"name\":\"WHIRLWIND AND SKORPIUS MISSILE TANK SQUADRON\"}]},{\"@type\":\"WebSite\",\"@id\":\"https:\/\/www.coccigames.com\/#website\",\"url\":\"https:\/\/www.coccigames.com\/\",\"name\":\"Coccigames - Figurines et Peintures\",\"description\":\"Figurines et Peintures\",\"publisher\":{\"@id\":\"https:\/\/www.coccigames.com\/#organization\"},\"potentialAction\":[{\"@type\":\"SearchAction\",\"target\":{\"@type\":\"EntryPoint\",\"urlTemplate\":\"https:\/\/www.coccigames.com\/?s={search_term_string}\"},\"query-input\":{\"@type\":\"PropertyValueSpecification\",\"valueRequired\":true,\"valueName\":\"search_term_string\"}}],\"inLanguage\":\"fr-FR\"},{\"@type\":\"Organization\",\"@id\":\"https:\/\/www.coccigames.com\/#organization\",\"name\":\"Coccigames\",\"url\":\"https:\/\/www.coccigames.com\/\",\"logo\":{\"@type\":\"ImageObject\",\"inLanguage\":\"fr-FR\",\"@id\":\"https:\/\/www.coccigames.com\/#\/schema\/logo\/image\/\",\"url\":\"https:\/\/www.coccigames.com\/wp-content\/uploads\/2025\/12\/coccigames_logo_v5.png\",\"contentUrl\":\"https:\/\/www.coccigames.com\/wp-content\/uploads\/2025\/12\/coccigames_logo_v5.png\",\"width\":1768,\"height\":424,\"caption\":\"Coccigames\"},\"image\":{\"@id\":\"https:\/\/www.coccigames.com\/#\/schema\/logo\/image\/\"}}]}<\/script>\n<!-- \/ Yoast SEO plugin. -->","yoast_head_json":{"title":"WHIRLWIND AND SKORPIUS MISSILE TANK SQUADRON - Coccigames","robots":{"index":"index","follow":"follow","max-snippet":"max-snippet:-1","max-image-preview":"max-image-preview:large","max-video-preview":"max-video-preview:-1"},"canonical":"https:\/\/www.coccigames.com\/index.php\/produit\/whirlwind-skorpius-missile-tank-sqd\/","og_locale":"fr_FR","og_type":"article","og_title":"WHIRLWIND AND SKORPIUS MISSILE TANK SQUADRON - Coccigames","og_description":"Le Scorpius est un mod\u00e8le de v\u00e9hicule blind\u00e9 con\u00e7u \u00e0 la demande de la L\u00e9gion des Space Wolves pour fournir des tirs de soutien indirects aux assauts par le biais de son syst\u00e8me lance-missiles avanc\u00e9. Adapt\u00e9 aux op\u00e9rations de haute intensit\u00e9, il a \u00e9t\u00e9 approuv\u00e9&hellip;","og_url":"https:\/\/www.coccigames.com\/index.php\/produit\/whirlwind-skorpius-missile-tank-sqd\/","og_site_name":"Coccigames","article_modified_time":"2026-04-06T07:28:35+00:00","og_image":[{"width":918,"height":948,"url":"https:\/\/www.coccigames.com\/wp-content\/uploads\/2025\/12\/99122601019_LegionsImperialisWhirlwindSkorpiusMissileTankSquadron5.jpg","type":"image\/jpeg"}],"twitter_card":"summary_large_image","twitter_misc":{"Dur\u00e9e de lecture estim\u00e9e":"2 minutes"},"schema":{"@context":"https:\/\/schema.org","@graph":[{"@type":"WebPage","@id":"https:\/\/www.coccigames.com\/index.php\/produit\/whirlwind-skorpius-missile-tank-sqd\/","url":"https:\/\/www.coccigames.com\/index.php\/produit\/whirlwind-skorpius-missile-tank-sqd\/","name":"WHIRLWIND AND SKORPIUS MISSILE TANK SQUADRON - Coccigames","isPartOf":{"@id":"https:\/\/www.coccigames.com\/#website"},"primaryImageOfPage":{"@id":"https:\/\/www.coccigames.com\/index.php\/produit\/whirlwind-skorpius-missile-tank-sqd\/#primaryimage"},"image":{"@id":"https:\/\/www.coccigames.com\/index.php\/produit\/whirlwind-skorpius-missile-tank-sqd\/#primaryimage"},"thumbnailUrl":"https:\/\/www.coccigames.com\/wp-content\/uploads\/2025\/12\/99122601019_LegionsImperialisWhirlwindSkorpiusMissileTankSquadron5.jpg","datePublished":"2025-12-20T12:22:49+00:00","dateModified":"2026-04-06T07:28:35+00:00","breadcrumb":{"@id":"https:\/\/www.coccigames.com\/index.php\/produit\/whirlwind-skorpius-missile-tank-sqd\/#breadcrumb"},"inLanguage":"fr-FR","potentialAction":[{"@type":"ReadAction","target":["https:\/\/www.coccigames.com\/index.php\/produit\/whirlwind-skorpius-missile-tank-sqd\/"]}]},{"@type":"ImageObject","inLanguage":"fr-FR","@id":"https:\/\/www.coccigames.com\/index.php\/produit\/whirlwind-skorpius-missile-tank-sqd\/#primaryimage","url":"https:\/\/www.coccigames.com\/wp-content\/uploads\/2025\/12\/99122601019_LegionsImperialisWhirlwindSkorpiusMissileTankSquadron5.jpg","contentUrl":"https:\/\/www.coccigames.com\/wp-content\/uploads\/2025\/12\/99122601019_LegionsImperialisWhirlwindSkorpiusMissileTankSquadron5.jpg","width":918,"height":948},{"@type":"BreadcrumbList","@id":"https:\/\/www.coccigames.com\/index.php\/produit\/whirlwind-skorpius-missile-tank-sqd\/#breadcrumb","itemListElement":[{"@type":"ListItem","position":1,"name":"Accueil","item":"https:\/\/www.coccigames.com\/"},{"@type":"ListItem","position":2,"name":"Boutique","item":"https:\/\/www.coccigames.com\/index.php\/boutique\/"},{"@type":"ListItem","position":3,"name":"WHIRLWIND AND SKORPIUS MISSILE TANK SQUADRON"}]},{"@type":"WebSite","@id":"https:\/\/www.coccigames.com\/#website","url":"https:\/\/www.coccigames.com\/","name":"Coccigames - Figurines et Peintures","description":"Figurines et Peintures","publisher":{"@id":"https:\/\/www.coccigames.com\/#organization"},"potentialAction":[{"@type":"SearchAction","target":{"@type":"EntryPoint","urlTemplate":"https:\/\/www.coccigames.com\/?s={search_term_string}"},"query-input":{"@type":"PropertyValueSpecification","valueRequired":true,"valueName":"search_term_string"}}],"inLanguage":"fr-FR"},{"@type":"Organization","@id":"https:\/\/www.coccigames.com\/#organization","name":"Coccigames","url":"https:\/\/www.coccigames.com\/","logo":{"@type":"ImageObject","inLanguage":"fr-FR","@id":"https:\/\/www.coccigames.com\/#\/schema\/logo\/image\/","url":"https:\/\/www.coccigames.com\/wp-content\/uploads\/2025\/12\/coccigames_logo_v5.png","contentUrl":"https:\/\/www.coccigames.com\/wp-content\/uploads\/2025\/12\/coccigames_logo_v5.png","width":1768,"height":424,"caption":"Coccigames"},"image":{"@id":"https:\/\/www.coccigames.com\/#\/schema\/logo\/image\/"}}]}},"_links":{"self":[{"href":"https:\/\/www.coccigames.com\/index.php\/wp-json\/wp\/v2\/product\/13063","targetHints":{"allow":["GET"]}}],"collection":[{"href":"https:\/\/www.coccigames.com\/index.php\/wp-json\/wp\/v2\/product"}],"about":[{"href":"https:\/\/www.coccigames.com\/index.php\/wp-json\/wp\/v2\/types\/product"}],"replies":[{"embeddable":true,"href":"https:\/\/www.coccigames.com\/index.php\/wp-json\/wp\/v2\/comments?post=13063"}],"wp:featuredmedia":[{"embeddable":true,"href":"https:\/\/www.coccigames.com\/index.php\/wp-json\/wp\/v2\/media\/13116"}],"wp:attachment":[{"href":"https:\/\/www.coccigames.com\/index.php\/wp-json\/wp\/v2\/media?parent=13063"}],"wp:term":[{"taxonomy":"product_brand","embeddable":true,"href":"https:\/\/www.coccigames.com\/index.php\/wp-json\/wp\/v2\/product_brand?post=13063"},{"taxonomy":"product_cat","embeddable":true,"href":"https:\/\/www.coccigames.com\/index.php\/wp-json\/wp\/v2\/product_cat?post=13063"},{"taxonomy":"product_tag","embeddable":true,"href":"https:\/\/www.coccigames.com\/index.php\/wp-json\/wp\/v2\/product_tag?post=13063"}],"curies":[{"name":"wp","href":"https:\/\/api.w.org\/{rel}","templated":true}]}}