{"id":13061,"date":"2025-12-20T13:22:48","date_gmt":"2025-12-20T12:22:48","guid":{"rendered":"https:\/\/www.coccigames.com\/index.php\/produit\/mastodon-super-heavy-asslt-trnsprts\/"},"modified":"2026-04-06T09:28:35","modified_gmt":"2026-04-06T07:28:35","slug":"mastodon-super-heavy-asslt-trnsprts","status":"publish","type":"product","link":"https:\/\/www.coccigames.com\/index.php\/produit\/mastodon-super-heavy-asslt-trnsprts\/","title":{"rendered":"MASTODON SUPER-HEAVY ASSAULT TRANSPORTS"},"content":{"rendered":"<p>Le Mastodon est l&rsquo;un des transports d&rsquo;assaut les plus lourds de l&rsquo;arsenal des Legiones Astartes, et on r\u00e9serve g\u00e9n\u00e9ralement son usage contre les positions les plus lourdement prot\u00e9g\u00e9es. Il fait plusieurs fois la taille d&rsquo;un Land Raider et peut transporter jusqu&rsquo;\u00e0 quarante Space Marines \u00e0 travers les plus dangereux des champs de bataille tout en les prot\u00e9geant des tirs. Le r\u00f4le principal du Mastodon est de faire d\u00e9barquer ces troupes directement dans les br\u00e8ches qu&rsquo;il a cr\u00e9\u00e9es \u00e0 l&rsquo;aide des batteries de fuseurs mont\u00e9es sur sa proue blind\u00e9e. Peu de fortifications peuvent r\u00e9sister \u00e0 cette terrible arme, et les L\u00e9gionnaires traversent alors l&rsquo;acier et la pierre fondue pour se jeter au c\u0153ur des positions ennemies.<\/p>\n<p>Ce kit en plastique permet d&rsquo;assembler 2 Mastodon Super-heavy Assault Transports, d&rsquo;immenses transports pour vos arm\u00e9es de Legiones Astartes lors des parties de Legions Imperialis. Leurs boucliers Void leur permettent d&rsquo;encaisser la plus intense des puissances de feu, alors que votre adversaire tente d\u00e9sesp\u00e9r\u00e9ment de les abattre avant qu&rsquo;ils ne d\u00e9chargent leur cargaison mortelle et n&rsquo;envoient des vagues d&rsquo;infanterie d&rsquo;\u00e9lite directement au c\u0153ur des combats. Leurs batteries de fuseurs de si\u00e8ge sont con\u00e7ues pour d\u00e9truire les bunkers ennemis, mais elles s&rsquo;av\u00e8rent tout aussi efficaces contre les Chevaliers et les Titans. Le Mastodon est en outre dot\u00e9 d&rsquo;une immense batterie Skyreaper pour tenir les appareils a\u00e9riens \u00e0 distance, ainsi que de lance-flammes lourds lat\u00e9raux pour repousser l&rsquo;infanterie. Le kit contient \u00e9galement un choix de canon laser ou de bolters lourds lat\u00e9raux, ainsi que deux \u00e9coutilles sup\u00e9rieures, dont l&rsquo;une peut \u00eatre assembl\u00e9e ouverte, avec un commandant de tank qui observe le champ de bataille.<\/p>\n<p>Ce kit est compos\u00e9 de 83 \u00e9l\u00e9ments en plastique et de 1x Planche de D\u00e9calcos de V\u00e9hicules de L\u00e9gion proposant 1130 d\u00e9calcos de grande qualit\u00e9 pour d\u00e9corer vos figurines.<\/p>\n","protected":false},"excerpt":{"rendered":"<p>Le Mastodon est l&rsquo;un des transports d&rsquo;assaut les plus lourds de l&rsquo;arsenal des Legiones Astartes, et on r\u00e9serve g\u00e9n\u00e9ralement son usage contre les positions les plus lourdement prot\u00e9g\u00e9es. Il fait plusieurs fois la taille d&rsquo;un Land Raider et peut transporter jusqu&rsquo;\u00e0 quarante Space Marines \u00e0&hellip;<\/p>\n","protected":false},"featured_media":13180,"comment_status":"open","ping_status":"closed","template":"","meta":[],"product_brand":[23],"product_cat":[6185],"product_tag":[434,6184],"class_list":{"0":"post-13061","1":"product","2":"type-product","3":"status-publish","4":"has-post-thumbnail","6":"product_brand-games-workshop","7":"product_cat-legion-imperialis","8":"product_tag-generic","9":"product_tag-legion-imperialis","11":"first","12":"onbackorder","13":"sale","14":"taxable","15":"shipping-taxable","16":"purchasable","17":"product-type-simple"},"yoast_head":"<!-- This site is optimized with the Yoast SEO plugin v26.4 - https:\/\/yoast.com\/wordpress\/plugins\/seo\/ -->\n<title>MASTODON SUPER-HEAVY ASSAULT TRANSPORTS - Coccigames<\/title>\n<meta name=\"robots\" content=\"index, follow, max-snippet:-1, max-image-preview:large, max-video-preview:-1\" \/>\n<link rel=\"canonical\" href=\"https:\/\/www.coccigames.com\/index.php\/produit\/mastodon-super-heavy-asslt-trnsprts\/\" \/>\n<meta property=\"og:locale\" content=\"fr_FR\" \/>\n<meta property=\"og:type\" content=\"article\" \/>\n<meta property=\"og:title\" content=\"MASTODON SUPER-HEAVY ASSAULT TRANSPORTS - Coccigames\" \/>\n<meta property=\"og:description\" content=\"Le Mastodon est l&rsquo;un des transports d&rsquo;assaut les plus lourds de l&rsquo;arsenal des Legiones Astartes, et on r\u00e9serve g\u00e9n\u00e9ralement son usage contre les positions les plus lourdement prot\u00e9g\u00e9es. Il fait plusieurs fois la taille d&rsquo;un Land Raider et peut transporter jusqu&rsquo;\u00e0 quarante Space Marines \u00e0&hellip;\" \/>\n<meta property=\"og:url\" content=\"https:\/\/www.coccigames.com\/index.php\/produit\/mastodon-super-heavy-asslt-trnsprts\/\" \/>\n<meta property=\"og:site_name\" content=\"Coccigames\" \/>\n<meta property=\"article:modified_time\" content=\"2026-04-06T07:28:35+00:00\" \/>\n<meta property=\"og:image\" content=\"https:\/\/www.coccigames.com\/wp-content\/uploads\/2025\/12\/99122601025_LegionsImperialisMastodon4.jpg\" \/>\n\t<meta property=\"og:image:width\" content=\"918\" \/>\n\t<meta property=\"og:image:height\" content=\"948\" \/>\n\t<meta property=\"og:image:type\" content=\"image\/jpeg\" \/>\n<meta name=\"twitter:card\" content=\"summary_large_image\" \/>\n<meta name=\"twitter:label1\" content=\"Dur\u00e9e de lecture estim\u00e9e\" \/>\n\t<meta name=\"twitter:data1\" content=\"2 minutes\" \/>\n<script type=\"application\/ld+json\" class=\"yoast-schema-graph\">{\"@context\":\"https:\/\/schema.org\",\"@graph\":[{\"@type\":\"WebPage\",\"@id\":\"https:\/\/www.coccigames.com\/index.php\/produit\/mastodon-super-heavy-asslt-trnsprts\/\",\"url\":\"https:\/\/www.coccigames.com\/index.php\/produit\/mastodon-super-heavy-asslt-trnsprts\/\",\"name\":\"MASTODON SUPER-HEAVY ASSAULT TRANSPORTS - Coccigames\",\"isPartOf\":{\"@id\":\"https:\/\/www.coccigames.com\/#website\"},\"primaryImageOfPage\":{\"@id\":\"https:\/\/www.coccigames.com\/index.php\/produit\/mastodon-super-heavy-asslt-trnsprts\/#primaryimage\"},\"image\":{\"@id\":\"https:\/\/www.coccigames.com\/index.php\/produit\/mastodon-super-heavy-asslt-trnsprts\/#primaryimage\"},\"thumbnailUrl\":\"https:\/\/www.coccigames.com\/wp-content\/uploads\/2025\/12\/99122601025_LegionsImperialisMastodon4.jpg\",\"datePublished\":\"2025-12-20T12:22:48+00:00\",\"dateModified\":\"2026-04-06T07:28:35+00:00\",\"breadcrumb\":{\"@id\":\"https:\/\/www.coccigames.com\/index.php\/produit\/mastodon-super-heavy-asslt-trnsprts\/#breadcrumb\"},\"inLanguage\":\"fr-FR\",\"potentialAction\":[{\"@type\":\"ReadAction\",\"target\":[\"https:\/\/www.coccigames.com\/index.php\/produit\/mastodon-super-heavy-asslt-trnsprts\/\"]}]},{\"@type\":\"ImageObject\",\"inLanguage\":\"fr-FR\",\"@id\":\"https:\/\/www.coccigames.com\/index.php\/produit\/mastodon-super-heavy-asslt-trnsprts\/#primaryimage\",\"url\":\"https:\/\/www.coccigames.com\/wp-content\/uploads\/2025\/12\/99122601025_LegionsImperialisMastodon4.jpg\",\"contentUrl\":\"https:\/\/www.coccigames.com\/wp-content\/uploads\/2025\/12\/99122601025_LegionsImperialisMastodon4.jpg\",\"width\":918,\"height\":948},{\"@type\":\"BreadcrumbList\",\"@id\":\"https:\/\/www.coccigames.com\/index.php\/produit\/mastodon-super-heavy-asslt-trnsprts\/#breadcrumb\",\"itemListElement\":[{\"@type\":\"ListItem\",\"position\":1,\"name\":\"Accueil\",\"item\":\"https:\/\/www.coccigames.com\/\"},{\"@type\":\"ListItem\",\"position\":2,\"name\":\"Boutique\",\"item\":\"https:\/\/www.coccigames.com\/index.php\/boutique\/\"},{\"@type\":\"ListItem\",\"position\":3,\"name\":\"MASTODON SUPER-HEAVY ASSAULT TRANSPORTS\"}]},{\"@type\":\"WebSite\",\"@id\":\"https:\/\/www.coccigames.com\/#website\",\"url\":\"https:\/\/www.coccigames.com\/\",\"name\":\"Coccigames - Figurines et Peintures\",\"description\":\"Figurines et Peintures\",\"publisher\":{\"@id\":\"https:\/\/www.coccigames.com\/#organization\"},\"potentialAction\":[{\"@type\":\"SearchAction\",\"target\":{\"@type\":\"EntryPoint\",\"urlTemplate\":\"https:\/\/www.coccigames.com\/?s={search_term_string}\"},\"query-input\":{\"@type\":\"PropertyValueSpecification\",\"valueRequired\":true,\"valueName\":\"search_term_string\"}}],\"inLanguage\":\"fr-FR\"},{\"@type\":\"Organization\",\"@id\":\"https:\/\/www.coccigames.com\/#organization\",\"name\":\"Coccigames\",\"url\":\"https:\/\/www.coccigames.com\/\",\"logo\":{\"@type\":\"ImageObject\",\"inLanguage\":\"fr-FR\",\"@id\":\"https:\/\/www.coccigames.com\/#\/schema\/logo\/image\/\",\"url\":\"https:\/\/www.coccigames.com\/wp-content\/uploads\/2025\/12\/coccigames_logo_v5.png\",\"contentUrl\":\"https:\/\/www.coccigames.com\/wp-content\/uploads\/2025\/12\/coccigames_logo_v5.png\",\"width\":1768,\"height\":424,\"caption\":\"Coccigames\"},\"image\":{\"@id\":\"https:\/\/www.coccigames.com\/#\/schema\/logo\/image\/\"}}]}<\/script>\n<!-- \/ Yoast SEO plugin. -->","yoast_head_json":{"title":"MASTODON SUPER-HEAVY ASSAULT TRANSPORTS - Coccigames","robots":{"index":"index","follow":"follow","max-snippet":"max-snippet:-1","max-image-preview":"max-image-preview:large","max-video-preview":"max-video-preview:-1"},"canonical":"https:\/\/www.coccigames.com\/index.php\/produit\/mastodon-super-heavy-asslt-trnsprts\/","og_locale":"fr_FR","og_type":"article","og_title":"MASTODON SUPER-HEAVY ASSAULT TRANSPORTS - Coccigames","og_description":"Le Mastodon est l&rsquo;un des transports d&rsquo;assaut les plus lourds de l&rsquo;arsenal des Legiones Astartes, et on r\u00e9serve g\u00e9n\u00e9ralement son usage contre les positions les plus lourdement prot\u00e9g\u00e9es. Il fait plusieurs fois la taille d&rsquo;un Land Raider et peut transporter jusqu&rsquo;\u00e0 quarante Space Marines \u00e0&hellip;","og_url":"https:\/\/www.coccigames.com\/index.php\/produit\/mastodon-super-heavy-asslt-trnsprts\/","og_site_name":"Coccigames","article_modified_time":"2026-04-06T07:28:35+00:00","og_image":[{"width":918,"height":948,"url":"https:\/\/www.coccigames.com\/wp-content\/uploads\/2025\/12\/99122601025_LegionsImperialisMastodon4.jpg","type":"image\/jpeg"}],"twitter_card":"summary_large_image","twitter_misc":{"Dur\u00e9e de lecture estim\u00e9e":"2 minutes"},"schema":{"@context":"https:\/\/schema.org","@graph":[{"@type":"WebPage","@id":"https:\/\/www.coccigames.com\/index.php\/produit\/mastodon-super-heavy-asslt-trnsprts\/","url":"https:\/\/www.coccigames.com\/index.php\/produit\/mastodon-super-heavy-asslt-trnsprts\/","name":"MASTODON SUPER-HEAVY ASSAULT TRANSPORTS - Coccigames","isPartOf":{"@id":"https:\/\/www.coccigames.com\/#website"},"primaryImageOfPage":{"@id":"https:\/\/www.coccigames.com\/index.php\/produit\/mastodon-super-heavy-asslt-trnsprts\/#primaryimage"},"image":{"@id":"https:\/\/www.coccigames.com\/index.php\/produit\/mastodon-super-heavy-asslt-trnsprts\/#primaryimage"},"thumbnailUrl":"https:\/\/www.coccigames.com\/wp-content\/uploads\/2025\/12\/99122601025_LegionsImperialisMastodon4.jpg","datePublished":"2025-12-20T12:22:48+00:00","dateModified":"2026-04-06T07:28:35+00:00","breadcrumb":{"@id":"https:\/\/www.coccigames.com\/index.php\/produit\/mastodon-super-heavy-asslt-trnsprts\/#breadcrumb"},"inLanguage":"fr-FR","potentialAction":[{"@type":"ReadAction","target":["https:\/\/www.coccigames.com\/index.php\/produit\/mastodon-super-heavy-asslt-trnsprts\/"]}]},{"@type":"ImageObject","inLanguage":"fr-FR","@id":"https:\/\/www.coccigames.com\/index.php\/produit\/mastodon-super-heavy-asslt-trnsprts\/#primaryimage","url":"https:\/\/www.coccigames.com\/wp-content\/uploads\/2025\/12\/99122601025_LegionsImperialisMastodon4.jpg","contentUrl":"https:\/\/www.coccigames.com\/wp-content\/uploads\/2025\/12\/99122601025_LegionsImperialisMastodon4.jpg","width":918,"height":948},{"@type":"BreadcrumbList","@id":"https:\/\/www.coccigames.com\/index.php\/produit\/mastodon-super-heavy-asslt-trnsprts\/#breadcrumb","itemListElement":[{"@type":"ListItem","position":1,"name":"Accueil","item":"https:\/\/www.coccigames.com\/"},{"@type":"ListItem","position":2,"name":"Boutique","item":"https:\/\/www.coccigames.com\/index.php\/boutique\/"},{"@type":"ListItem","position":3,"name":"MASTODON SUPER-HEAVY ASSAULT TRANSPORTS"}]},{"@type":"WebSite","@id":"https:\/\/www.coccigames.com\/#website","url":"https:\/\/www.coccigames.com\/","name":"Coccigames - Figurines et Peintures","description":"Figurines et Peintures","publisher":{"@id":"https:\/\/www.coccigames.com\/#organization"},"potentialAction":[{"@type":"SearchAction","target":{"@type":"EntryPoint","urlTemplate":"https:\/\/www.coccigames.com\/?s={search_term_string}"},"query-input":{"@type":"PropertyValueSpecification","valueRequired":true,"valueName":"search_term_string"}}],"inLanguage":"fr-FR"},{"@type":"Organization","@id":"https:\/\/www.coccigames.com\/#organization","name":"Coccigames","url":"https:\/\/www.coccigames.com\/","logo":{"@type":"ImageObject","inLanguage":"fr-FR","@id":"https:\/\/www.coccigames.com\/#\/schema\/logo\/image\/","url":"https:\/\/www.coccigames.com\/wp-content\/uploads\/2025\/12\/coccigames_logo_v5.png","contentUrl":"https:\/\/www.coccigames.com\/wp-content\/uploads\/2025\/12\/coccigames_logo_v5.png","width":1768,"height":424,"caption":"Coccigames"},"image":{"@id":"https:\/\/www.coccigames.com\/#\/schema\/logo\/image\/"}}]}},"_links":{"self":[{"href":"https:\/\/www.coccigames.com\/index.php\/wp-json\/wp\/v2\/product\/13061","targetHints":{"allow":["GET"]}}],"collection":[{"href":"https:\/\/www.coccigames.com\/index.php\/wp-json\/wp\/v2\/product"}],"about":[{"href":"https:\/\/www.coccigames.com\/index.php\/wp-json\/wp\/v2\/types\/product"}],"replies":[{"embeddable":true,"href":"https:\/\/www.coccigames.com\/index.php\/wp-json\/wp\/v2\/comments?post=13061"}],"wp:featuredmedia":[{"embeddable":true,"href":"https:\/\/www.coccigames.com\/index.php\/wp-json\/wp\/v2\/media\/13180"}],"wp:attachment":[{"href":"https:\/\/www.coccigames.com\/index.php\/wp-json\/wp\/v2\/media?parent=13061"}],"wp:term":[{"taxonomy":"product_brand","embeddable":true,"href":"https:\/\/www.coccigames.com\/index.php\/wp-json\/wp\/v2\/product_brand?post=13061"},{"taxonomy":"product_cat","embeddable":true,"href":"https:\/\/www.coccigames.com\/index.php\/wp-json\/wp\/v2\/product_cat?post=13061"},{"taxonomy":"product_tag","embeddable":true,"href":"https:\/\/www.coccigames.com\/index.php\/wp-json\/wp\/v2\/product_tag?post=13061"}],"curies":[{"name":"wp","href":"https:\/\/api.w.org\/{rel}","templated":true}]}}