{"id":13060,"date":"2025-12-20T13:22:48","date_gmt":"2025-12-20T12:22:48","guid":{"rendered":"https:\/\/www.coccigames.com\/index.php\/produit\/typhon-heavy-siege-tank-squadron\/"},"modified":"2026-04-06T09:28:35","modified_gmt":"2026-04-06T07:28:35","slug":"typhon-heavy-siege-tank-squadron","status":"publish","type":"product","link":"https:\/\/www.coccigames.com\/index.php\/produit\/typhon-heavy-siege-tank-squadron\/","title":{"rendered":"TYPHON HEAVY SIEGE TANK SQUADRON"},"content":{"rendered":"<p>Le Char de Si\u00e8ge Lourd Typhon est une plateforme d&rsquo;arme mobile d&rsquo;une puissance prodigieuse con\u00e7ue pour transporter une immense pi\u00e8ce d&rsquo;artillerie de si\u00e8ge, le canon Dreadhammer. Ce blind\u00e9 fut cr\u00e9\u00e9 en r\u00e9ponse \u00e0 une demande pour d\u00e9ployer une machine de guerre capable de d\u00e9cha\u00eener une puissance de feu \u00e0 m\u00eame de briser une forteresse et pouvant se mouvoir bien plus rapidement que les lentes batteries d&rsquo;artillerie de l&rsquo;Arm\u00e9e Imp\u00e9riale.<\/p>\n<p>Ce kit en plastique permet d&rsquo;assembler 4 Typhon Heavy Siege Tanks pour vos arm\u00e9es de Legiones Astartes lors des parties de Legions Imperialis. Bas\u00e9s sur le ch\u00e2ssis du Land Raider, ils se sont vus retirer leur capacit\u00e9 de transport afin de laisser la place \u00e0 un immense canon Dreadhammer capable d&rsquo;\u00e9radiquer tout ce qui se pr\u00e9sente, des larges rangs d&rsquo;infanterie aux colonnes de blind\u00e9s, sans oublier les plus robustes des fortifications. Le kit contient des options pour armer vos v\u00e9hicules de canons laser ou bolters lourds lat\u00e9raux. Les \u00e9coutilles sup\u00e9rieures peuvent \u00eatre assembl\u00e9es ferm\u00e9es ou ouvertes avec un artilleur \u00e9quip\u00e9 d&rsquo;un bolter lourd ou d&rsquo;un multi-fuseur de tourelle.<\/p>\n<p>Ce kit est compos\u00e9 de 100 \u00e9l\u00e9ments en plastique et de 1x Planche de D\u00e9calcos de V\u00e9hicules de L\u00e9gion proposant 1130 d\u00e9calcos de grande qualit\u00e9 pour d\u00e9corer vos figurines.<\/p>\n<p>Ces figurines sont fournies non peintes et n\u00e9cessitent assemblage \u2013 nous recommandons d&#8217;employer la Colle Plastique Citadel et la peinture Citadel Colour.<\/p>\n","protected":false},"excerpt":{"rendered":"<p>Le Char de Si\u00e8ge Lourd Typhon est une plateforme d&rsquo;arme mobile d&rsquo;une puissance prodigieuse con\u00e7ue pour transporter une immense pi\u00e8ce d&rsquo;artillerie de si\u00e8ge, le canon Dreadhammer. Ce blind\u00e9 fut cr\u00e9\u00e9 en r\u00e9ponse \u00e0 une demande pour d\u00e9ployer une machine de guerre capable de d\u00e9cha\u00eener une&hellip;<\/p>\n","protected":false},"featured_media":13119,"comment_status":"open","ping_status":"closed","template":"","meta":[],"product_brand":[23],"product_cat":[6185],"product_tag":[434,6184],"class_list":{"0":"post-13060","1":"product","2":"type-product","3":"status-publish","4":"has-post-thumbnail","6":"product_brand-games-workshop","7":"product_cat-legion-imperialis","8":"product_tag-generic","9":"product_tag-legion-imperialis","11":"first","12":"onbackorder","13":"sale","14":"taxable","15":"shipping-taxable","16":"purchasable","17":"product-type-simple"},"yoast_head":"<!-- This site is optimized with the Yoast SEO plugin v26.4 - https:\/\/yoast.com\/wordpress\/plugins\/seo\/ -->\n<title>TYPHON HEAVY SIEGE TANK SQUADRON - Coccigames<\/title>\n<meta name=\"robots\" content=\"index, follow, max-snippet:-1, max-image-preview:large, max-video-preview:-1\" \/>\n<link rel=\"canonical\" href=\"https:\/\/www.coccigames.com\/index.php\/produit\/typhon-heavy-siege-tank-squadron\/\" \/>\n<meta property=\"og:locale\" content=\"fr_FR\" \/>\n<meta property=\"og:type\" content=\"article\" \/>\n<meta property=\"og:title\" content=\"TYPHON HEAVY SIEGE TANK SQUADRON - Coccigames\" \/>\n<meta property=\"og:description\" content=\"Le Char de Si\u00e8ge Lourd Typhon est une plateforme d&rsquo;arme mobile d&rsquo;une puissance prodigieuse con\u00e7ue pour transporter une immense pi\u00e8ce d&rsquo;artillerie de si\u00e8ge, le canon Dreadhammer. Ce blind\u00e9 fut cr\u00e9\u00e9 en r\u00e9ponse \u00e0 une demande pour d\u00e9ployer une machine de guerre capable de d\u00e9cha\u00eener une&hellip;\" \/>\n<meta property=\"og:url\" content=\"https:\/\/www.coccigames.com\/index.php\/produit\/typhon-heavy-siege-tank-squadron\/\" \/>\n<meta property=\"og:site_name\" content=\"Coccigames\" \/>\n<meta property=\"article:modified_time\" content=\"2026-04-06T07:28:35+00:00\" \/>\n<meta property=\"og:image\" content=\"https:\/\/www.coccigames.com\/wp-content\/uploads\/2025\/12\/99122601030_LITyphonHeavySiegeTankSquadron05.jpg\" \/>\n\t<meta property=\"og:image:width\" content=\"918\" \/>\n\t<meta property=\"og:image:height\" content=\"948\" \/>\n\t<meta property=\"og:image:type\" content=\"image\/jpeg\" \/>\n<meta name=\"twitter:card\" content=\"summary_large_image\" \/>\n<meta name=\"twitter:label1\" content=\"Dur\u00e9e de lecture estim\u00e9e\" \/>\n\t<meta name=\"twitter:data1\" content=\"2 minutes\" \/>\n<script type=\"application\/ld+json\" class=\"yoast-schema-graph\">{\"@context\":\"https:\/\/schema.org\",\"@graph\":[{\"@type\":\"WebPage\",\"@id\":\"https:\/\/www.coccigames.com\/index.php\/produit\/typhon-heavy-siege-tank-squadron\/\",\"url\":\"https:\/\/www.coccigames.com\/index.php\/produit\/typhon-heavy-siege-tank-squadron\/\",\"name\":\"TYPHON HEAVY SIEGE TANK SQUADRON - Coccigames\",\"isPartOf\":{\"@id\":\"https:\/\/www.coccigames.com\/#website\"},\"primaryImageOfPage\":{\"@id\":\"https:\/\/www.coccigames.com\/index.php\/produit\/typhon-heavy-siege-tank-squadron\/#primaryimage\"},\"image\":{\"@id\":\"https:\/\/www.coccigames.com\/index.php\/produit\/typhon-heavy-siege-tank-squadron\/#primaryimage\"},\"thumbnailUrl\":\"https:\/\/www.coccigames.com\/wp-content\/uploads\/2025\/12\/99122601030_LITyphonHeavySiegeTankSquadron05.jpg\",\"datePublished\":\"2025-12-20T12:22:48+00:00\",\"dateModified\":\"2026-04-06T07:28:35+00:00\",\"breadcrumb\":{\"@id\":\"https:\/\/www.coccigames.com\/index.php\/produit\/typhon-heavy-siege-tank-squadron\/#breadcrumb\"},\"inLanguage\":\"fr-FR\",\"potentialAction\":[{\"@type\":\"ReadAction\",\"target\":[\"https:\/\/www.coccigames.com\/index.php\/produit\/typhon-heavy-siege-tank-squadron\/\"]}]},{\"@type\":\"ImageObject\",\"inLanguage\":\"fr-FR\",\"@id\":\"https:\/\/www.coccigames.com\/index.php\/produit\/typhon-heavy-siege-tank-squadron\/#primaryimage\",\"url\":\"https:\/\/www.coccigames.com\/wp-content\/uploads\/2025\/12\/99122601030_LITyphonHeavySiegeTankSquadron05.jpg\",\"contentUrl\":\"https:\/\/www.coccigames.com\/wp-content\/uploads\/2025\/12\/99122601030_LITyphonHeavySiegeTankSquadron05.jpg\",\"width\":918,\"height\":948},{\"@type\":\"BreadcrumbList\",\"@id\":\"https:\/\/www.coccigames.com\/index.php\/produit\/typhon-heavy-siege-tank-squadron\/#breadcrumb\",\"itemListElement\":[{\"@type\":\"ListItem\",\"position\":1,\"name\":\"Accueil\",\"item\":\"https:\/\/www.coccigames.com\/\"},{\"@type\":\"ListItem\",\"position\":2,\"name\":\"Boutique\",\"item\":\"https:\/\/www.coccigames.com\/index.php\/boutique\/\"},{\"@type\":\"ListItem\",\"position\":3,\"name\":\"TYPHON HEAVY SIEGE TANK SQUADRON\"}]},{\"@type\":\"WebSite\",\"@id\":\"https:\/\/www.coccigames.com\/#website\",\"url\":\"https:\/\/www.coccigames.com\/\",\"name\":\"Coccigames - Figurines et Peintures\",\"description\":\"Figurines et Peintures\",\"publisher\":{\"@id\":\"https:\/\/www.coccigames.com\/#organization\"},\"potentialAction\":[{\"@type\":\"SearchAction\",\"target\":{\"@type\":\"EntryPoint\",\"urlTemplate\":\"https:\/\/www.coccigames.com\/?s={search_term_string}\"},\"query-input\":{\"@type\":\"PropertyValueSpecification\",\"valueRequired\":true,\"valueName\":\"search_term_string\"}}],\"inLanguage\":\"fr-FR\"},{\"@type\":\"Organization\",\"@id\":\"https:\/\/www.coccigames.com\/#organization\",\"name\":\"Coccigames\",\"url\":\"https:\/\/www.coccigames.com\/\",\"logo\":{\"@type\":\"ImageObject\",\"inLanguage\":\"fr-FR\",\"@id\":\"https:\/\/www.coccigames.com\/#\/schema\/logo\/image\/\",\"url\":\"https:\/\/www.coccigames.com\/wp-content\/uploads\/2025\/12\/coccigames_logo_v5.png\",\"contentUrl\":\"https:\/\/www.coccigames.com\/wp-content\/uploads\/2025\/12\/coccigames_logo_v5.png\",\"width\":1768,\"height\":424,\"caption\":\"Coccigames\"},\"image\":{\"@id\":\"https:\/\/www.coccigames.com\/#\/schema\/logo\/image\/\"}}]}<\/script>\n<!-- \/ Yoast SEO plugin. -->","yoast_head_json":{"title":"TYPHON HEAVY SIEGE TANK SQUADRON - Coccigames","robots":{"index":"index","follow":"follow","max-snippet":"max-snippet:-1","max-image-preview":"max-image-preview:large","max-video-preview":"max-video-preview:-1"},"canonical":"https:\/\/www.coccigames.com\/index.php\/produit\/typhon-heavy-siege-tank-squadron\/","og_locale":"fr_FR","og_type":"article","og_title":"TYPHON HEAVY SIEGE TANK SQUADRON - Coccigames","og_description":"Le Char de Si\u00e8ge Lourd Typhon est une plateforme d&rsquo;arme mobile d&rsquo;une puissance prodigieuse con\u00e7ue pour transporter une immense pi\u00e8ce d&rsquo;artillerie de si\u00e8ge, le canon Dreadhammer. Ce blind\u00e9 fut cr\u00e9\u00e9 en r\u00e9ponse \u00e0 une demande pour d\u00e9ployer une machine de guerre capable de d\u00e9cha\u00eener une&hellip;","og_url":"https:\/\/www.coccigames.com\/index.php\/produit\/typhon-heavy-siege-tank-squadron\/","og_site_name":"Coccigames","article_modified_time":"2026-04-06T07:28:35+00:00","og_image":[{"width":918,"height":948,"url":"https:\/\/www.coccigames.com\/wp-content\/uploads\/2025\/12\/99122601030_LITyphonHeavySiegeTankSquadron05.jpg","type":"image\/jpeg"}],"twitter_card":"summary_large_image","twitter_misc":{"Dur\u00e9e de lecture estim\u00e9e":"2 minutes"},"schema":{"@context":"https:\/\/schema.org","@graph":[{"@type":"WebPage","@id":"https:\/\/www.coccigames.com\/index.php\/produit\/typhon-heavy-siege-tank-squadron\/","url":"https:\/\/www.coccigames.com\/index.php\/produit\/typhon-heavy-siege-tank-squadron\/","name":"TYPHON HEAVY SIEGE TANK SQUADRON - Coccigames","isPartOf":{"@id":"https:\/\/www.coccigames.com\/#website"},"primaryImageOfPage":{"@id":"https:\/\/www.coccigames.com\/index.php\/produit\/typhon-heavy-siege-tank-squadron\/#primaryimage"},"image":{"@id":"https:\/\/www.coccigames.com\/index.php\/produit\/typhon-heavy-siege-tank-squadron\/#primaryimage"},"thumbnailUrl":"https:\/\/www.coccigames.com\/wp-content\/uploads\/2025\/12\/99122601030_LITyphonHeavySiegeTankSquadron05.jpg","datePublished":"2025-12-20T12:22:48+00:00","dateModified":"2026-04-06T07:28:35+00:00","breadcrumb":{"@id":"https:\/\/www.coccigames.com\/index.php\/produit\/typhon-heavy-siege-tank-squadron\/#breadcrumb"},"inLanguage":"fr-FR","potentialAction":[{"@type":"ReadAction","target":["https:\/\/www.coccigames.com\/index.php\/produit\/typhon-heavy-siege-tank-squadron\/"]}]},{"@type":"ImageObject","inLanguage":"fr-FR","@id":"https:\/\/www.coccigames.com\/index.php\/produit\/typhon-heavy-siege-tank-squadron\/#primaryimage","url":"https:\/\/www.coccigames.com\/wp-content\/uploads\/2025\/12\/99122601030_LITyphonHeavySiegeTankSquadron05.jpg","contentUrl":"https:\/\/www.coccigames.com\/wp-content\/uploads\/2025\/12\/99122601030_LITyphonHeavySiegeTankSquadron05.jpg","width":918,"height":948},{"@type":"BreadcrumbList","@id":"https:\/\/www.coccigames.com\/index.php\/produit\/typhon-heavy-siege-tank-squadron\/#breadcrumb","itemListElement":[{"@type":"ListItem","position":1,"name":"Accueil","item":"https:\/\/www.coccigames.com\/"},{"@type":"ListItem","position":2,"name":"Boutique","item":"https:\/\/www.coccigames.com\/index.php\/boutique\/"},{"@type":"ListItem","position":3,"name":"TYPHON HEAVY SIEGE TANK SQUADRON"}]},{"@type":"WebSite","@id":"https:\/\/www.coccigames.com\/#website","url":"https:\/\/www.coccigames.com\/","name":"Coccigames - Figurines et Peintures","description":"Figurines et Peintures","publisher":{"@id":"https:\/\/www.coccigames.com\/#organization"},"potentialAction":[{"@type":"SearchAction","target":{"@type":"EntryPoint","urlTemplate":"https:\/\/www.coccigames.com\/?s={search_term_string}"},"query-input":{"@type":"PropertyValueSpecification","valueRequired":true,"valueName":"search_term_string"}}],"inLanguage":"fr-FR"},{"@type":"Organization","@id":"https:\/\/www.coccigames.com\/#organization","name":"Coccigames","url":"https:\/\/www.coccigames.com\/","logo":{"@type":"ImageObject","inLanguage":"fr-FR","@id":"https:\/\/www.coccigames.com\/#\/schema\/logo\/image\/","url":"https:\/\/www.coccigames.com\/wp-content\/uploads\/2025\/12\/coccigames_logo_v5.png","contentUrl":"https:\/\/www.coccigames.com\/wp-content\/uploads\/2025\/12\/coccigames_logo_v5.png","width":1768,"height":424,"caption":"Coccigames"},"image":{"@id":"https:\/\/www.coccigames.com\/#\/schema\/logo\/image\/"}}]}},"_links":{"self":[{"href":"https:\/\/www.coccigames.com\/index.php\/wp-json\/wp\/v2\/product\/13060","targetHints":{"allow":["GET"]}}],"collection":[{"href":"https:\/\/www.coccigames.com\/index.php\/wp-json\/wp\/v2\/product"}],"about":[{"href":"https:\/\/www.coccigames.com\/index.php\/wp-json\/wp\/v2\/types\/product"}],"replies":[{"embeddable":true,"href":"https:\/\/www.coccigames.com\/index.php\/wp-json\/wp\/v2\/comments?post=13060"}],"wp:featuredmedia":[{"embeddable":true,"href":"https:\/\/www.coccigames.com\/index.php\/wp-json\/wp\/v2\/media\/13119"}],"wp:attachment":[{"href":"https:\/\/www.coccigames.com\/index.php\/wp-json\/wp\/v2\/media?parent=13060"}],"wp:term":[{"taxonomy":"product_brand","embeddable":true,"href":"https:\/\/www.coccigames.com\/index.php\/wp-json\/wp\/v2\/product_brand?post=13060"},{"taxonomy":"product_cat","embeddable":true,"href":"https:\/\/www.coccigames.com\/index.php\/wp-json\/wp\/v2\/product_cat?post=13060"},{"taxonomy":"product_tag","embeddable":true,"href":"https:\/\/www.coccigames.com\/index.php\/wp-json\/wp\/v2\/product_tag?post=13060"}],"curies":[{"name":"wp","href":"https:\/\/api.w.org\/{rel}","templated":true}]}}