{"id":13058,"date":"2025-12-20T13:22:47","date_gmt":"2025-12-20T12:22:47","guid":{"rendered":"https:\/\/www.coccigames.com\/index.php\/produit\/sicaran-arcus-punisher-squadron\/"},"modified":"2026-04-06T09:28:34","modified_gmt":"2026-04-06T07:28:34","slug":"sicaran-arcus-punisher-squadron","status":"publish","type":"product","link":"https:\/\/www.coccigames.com\/index.php\/produit\/sicaran-arcus-punisher-squadron\/","title":{"rendered":"SICARAN ARCUS\/PUNISHER SQUADRON"},"content":{"rendered":"<p>Le Sicaran est un char rapide con\u00e7u pour contourner les formations ennemies avant de d\u00e9cha\u00eener une terrifiante puissance de feu \u00e0 port\u00e9e moyenne. Son ch\u00e2ssis polyvalent peut recevoir diverses armes, ce qui permet aux Legiones Astartes de d\u00e9ployer des variantes sp\u00e9cialis\u00e9es, comme le Sicaran Arcus, qui lib\u00e8re un barrage de missiles pour \u00e9liminer les chars et les atouts a\u00e9riens rapides, tandis que le Sicaran Punisher d\u00e9cha\u00eene un blizzard de projectiles capable de d\u00e9cimer des hordes d&rsquo;infanterie.<\/p>\n<p>Ce kit en plastique permet d&rsquo;assembler quatre chars de frappe Sicaran des Legiones Astartes<\/p>\n","protected":false},"excerpt":{"rendered":"<p>Le Sicaran est un char rapide con\u00e7u pour contourner les formations ennemies avant de d\u00e9cha\u00eener une terrifiante puissance de feu \u00e0 port\u00e9e moyenne. Son ch\u00e2ssis polyvalent peut recevoir diverses armes, ce qui permet aux Legiones Astartes de d\u00e9ployer des variantes sp\u00e9cialis\u00e9es, comme le Sicaran Arcus,&hellip;<\/p>\n","protected":false},"featured_media":13067,"comment_status":"open","ping_status":"closed","template":"","meta":[],"product_brand":[23],"product_cat":[6185],"product_tag":[434,6184],"class_list":{"0":"post-13058","1":"product","2":"type-product","3":"status-publish","4":"has-post-thumbnail","6":"product_brand-games-workshop","7":"product_cat-legion-imperialis","8":"product_tag-generic","9":"product_tag-legion-imperialis","11":"first","12":"onbackorder","13":"sale","14":"taxable","15":"shipping-taxable","16":"purchasable","17":"product-type-simple"},"yoast_head":"<!-- This site is optimized with the Yoast SEO plugin v26.4 - https:\/\/yoast.com\/wordpress\/plugins\/seo\/ -->\n<title>SICARAN ARCUS\/PUNISHER SQUADRON - Coccigames<\/title>\n<meta name=\"robots\" content=\"index, follow, max-snippet:-1, max-image-preview:large, max-video-preview:-1\" \/>\n<link rel=\"canonical\" href=\"https:\/\/www.coccigames.com\/index.php\/produit\/sicaran-arcus-punisher-squadron\/\" \/>\n<meta property=\"og:locale\" content=\"fr_FR\" \/>\n<meta property=\"og:type\" content=\"article\" \/>\n<meta property=\"og:title\" content=\"SICARAN ARCUS\/PUNISHER SQUADRON - Coccigames\" \/>\n<meta property=\"og:description\" content=\"Le Sicaran est un char rapide con\u00e7u pour contourner les formations ennemies avant de d\u00e9cha\u00eener une terrifiante puissance de feu \u00e0 port\u00e9e moyenne. Son ch\u00e2ssis polyvalent peut recevoir diverses armes, ce qui permet aux Legiones Astartes de d\u00e9ployer des variantes sp\u00e9cialis\u00e9es, comme le Sicaran Arcus,&hellip;\" \/>\n<meta property=\"og:url\" content=\"https:\/\/www.coccigames.com\/index.php\/produit\/sicaran-arcus-punisher-squadron\/\" \/>\n<meta property=\"og:site_name\" content=\"Coccigames\" \/>\n<meta property=\"article:modified_time\" content=\"2026-04-06T07:28:34+00:00\" \/>\n<meta property=\"og:image\" content=\"https:\/\/www.coccigames.com\/wp-content\/uploads\/2025\/12\/99122601015_LISicaranArcusAndPunisherSquadron04.jpg\" \/>\n\t<meta property=\"og:image:width\" content=\"918\" \/>\n\t<meta property=\"og:image:height\" content=\"948\" \/>\n\t<meta property=\"og:image:type\" content=\"image\/jpeg\" \/>\n<meta name=\"twitter:card\" content=\"summary_large_image\" \/>\n<meta name=\"twitter:label1\" content=\"Dur\u00e9e de lecture estim\u00e9e\" \/>\n\t<meta name=\"twitter:data1\" content=\"1 minute\" \/>\n<script type=\"application\/ld+json\" class=\"yoast-schema-graph\">{\"@context\":\"https:\/\/schema.org\",\"@graph\":[{\"@type\":\"WebPage\",\"@id\":\"https:\/\/www.coccigames.com\/index.php\/produit\/sicaran-arcus-punisher-squadron\/\",\"url\":\"https:\/\/www.coccigames.com\/index.php\/produit\/sicaran-arcus-punisher-squadron\/\",\"name\":\"SICARAN ARCUS\/PUNISHER SQUADRON - Coccigames\",\"isPartOf\":{\"@id\":\"https:\/\/www.coccigames.com\/#website\"},\"primaryImageOfPage\":{\"@id\":\"https:\/\/www.coccigames.com\/index.php\/produit\/sicaran-arcus-punisher-squadron\/#primaryimage\"},\"image\":{\"@id\":\"https:\/\/www.coccigames.com\/index.php\/produit\/sicaran-arcus-punisher-squadron\/#primaryimage\"},\"thumbnailUrl\":\"https:\/\/www.coccigames.com\/wp-content\/uploads\/2025\/12\/99122601015_LISicaranArcusAndPunisherSquadron04.jpg\",\"datePublished\":\"2025-12-20T12:22:47+00:00\",\"dateModified\":\"2026-04-06T07:28:34+00:00\",\"breadcrumb\":{\"@id\":\"https:\/\/www.coccigames.com\/index.php\/produit\/sicaran-arcus-punisher-squadron\/#breadcrumb\"},\"inLanguage\":\"fr-FR\",\"potentialAction\":[{\"@type\":\"ReadAction\",\"target\":[\"https:\/\/www.coccigames.com\/index.php\/produit\/sicaran-arcus-punisher-squadron\/\"]}]},{\"@type\":\"ImageObject\",\"inLanguage\":\"fr-FR\",\"@id\":\"https:\/\/www.coccigames.com\/index.php\/produit\/sicaran-arcus-punisher-squadron\/#primaryimage\",\"url\":\"https:\/\/www.coccigames.com\/wp-content\/uploads\/2025\/12\/99122601015_LISicaranArcusAndPunisherSquadron04.jpg\",\"contentUrl\":\"https:\/\/www.coccigames.com\/wp-content\/uploads\/2025\/12\/99122601015_LISicaranArcusAndPunisherSquadron04.jpg\",\"width\":918,\"height\":948},{\"@type\":\"BreadcrumbList\",\"@id\":\"https:\/\/www.coccigames.com\/index.php\/produit\/sicaran-arcus-punisher-squadron\/#breadcrumb\",\"itemListElement\":[{\"@type\":\"ListItem\",\"position\":1,\"name\":\"Accueil\",\"item\":\"https:\/\/www.coccigames.com\/\"},{\"@type\":\"ListItem\",\"position\":2,\"name\":\"Boutique\",\"item\":\"https:\/\/www.coccigames.com\/index.php\/boutique\/\"},{\"@type\":\"ListItem\",\"position\":3,\"name\":\"SICARAN ARCUS\/PUNISHER SQUADRON\"}]},{\"@type\":\"WebSite\",\"@id\":\"https:\/\/www.coccigames.com\/#website\",\"url\":\"https:\/\/www.coccigames.com\/\",\"name\":\"Coccigames - Figurines et Peintures\",\"description\":\"Figurines et Peintures\",\"publisher\":{\"@id\":\"https:\/\/www.coccigames.com\/#organization\"},\"potentialAction\":[{\"@type\":\"SearchAction\",\"target\":{\"@type\":\"EntryPoint\",\"urlTemplate\":\"https:\/\/www.coccigames.com\/?s={search_term_string}\"},\"query-input\":{\"@type\":\"PropertyValueSpecification\",\"valueRequired\":true,\"valueName\":\"search_term_string\"}}],\"inLanguage\":\"fr-FR\"},{\"@type\":\"Organization\",\"@id\":\"https:\/\/www.coccigames.com\/#organization\",\"name\":\"Coccigames\",\"url\":\"https:\/\/www.coccigames.com\/\",\"logo\":{\"@type\":\"ImageObject\",\"inLanguage\":\"fr-FR\",\"@id\":\"https:\/\/www.coccigames.com\/#\/schema\/logo\/image\/\",\"url\":\"https:\/\/www.coccigames.com\/wp-content\/uploads\/2025\/12\/coccigames_logo_v5.png\",\"contentUrl\":\"https:\/\/www.coccigames.com\/wp-content\/uploads\/2025\/12\/coccigames_logo_v5.png\",\"width\":1768,\"height\":424,\"caption\":\"Coccigames\"},\"image\":{\"@id\":\"https:\/\/www.coccigames.com\/#\/schema\/logo\/image\/\"}}]}<\/script>\n<!-- \/ Yoast SEO plugin. -->","yoast_head_json":{"title":"SICARAN ARCUS\/PUNISHER SQUADRON - Coccigames","robots":{"index":"index","follow":"follow","max-snippet":"max-snippet:-1","max-image-preview":"max-image-preview:large","max-video-preview":"max-video-preview:-1"},"canonical":"https:\/\/www.coccigames.com\/index.php\/produit\/sicaran-arcus-punisher-squadron\/","og_locale":"fr_FR","og_type":"article","og_title":"SICARAN ARCUS\/PUNISHER SQUADRON - Coccigames","og_description":"Le Sicaran est un char rapide con\u00e7u pour contourner les formations ennemies avant de d\u00e9cha\u00eener une terrifiante puissance de feu \u00e0 port\u00e9e moyenne. Son ch\u00e2ssis polyvalent peut recevoir diverses armes, ce qui permet aux Legiones Astartes de d\u00e9ployer des variantes sp\u00e9cialis\u00e9es, comme le Sicaran Arcus,&hellip;","og_url":"https:\/\/www.coccigames.com\/index.php\/produit\/sicaran-arcus-punisher-squadron\/","og_site_name":"Coccigames","article_modified_time":"2026-04-06T07:28:34+00:00","og_image":[{"width":918,"height":948,"url":"https:\/\/www.coccigames.com\/wp-content\/uploads\/2025\/12\/99122601015_LISicaranArcusAndPunisherSquadron04.jpg","type":"image\/jpeg"}],"twitter_card":"summary_large_image","twitter_misc":{"Dur\u00e9e de lecture estim\u00e9e":"1 minute"},"schema":{"@context":"https:\/\/schema.org","@graph":[{"@type":"WebPage","@id":"https:\/\/www.coccigames.com\/index.php\/produit\/sicaran-arcus-punisher-squadron\/","url":"https:\/\/www.coccigames.com\/index.php\/produit\/sicaran-arcus-punisher-squadron\/","name":"SICARAN ARCUS\/PUNISHER SQUADRON - Coccigames","isPartOf":{"@id":"https:\/\/www.coccigames.com\/#website"},"primaryImageOfPage":{"@id":"https:\/\/www.coccigames.com\/index.php\/produit\/sicaran-arcus-punisher-squadron\/#primaryimage"},"image":{"@id":"https:\/\/www.coccigames.com\/index.php\/produit\/sicaran-arcus-punisher-squadron\/#primaryimage"},"thumbnailUrl":"https:\/\/www.coccigames.com\/wp-content\/uploads\/2025\/12\/99122601015_LISicaranArcusAndPunisherSquadron04.jpg","datePublished":"2025-12-20T12:22:47+00:00","dateModified":"2026-04-06T07:28:34+00:00","breadcrumb":{"@id":"https:\/\/www.coccigames.com\/index.php\/produit\/sicaran-arcus-punisher-squadron\/#breadcrumb"},"inLanguage":"fr-FR","potentialAction":[{"@type":"ReadAction","target":["https:\/\/www.coccigames.com\/index.php\/produit\/sicaran-arcus-punisher-squadron\/"]}]},{"@type":"ImageObject","inLanguage":"fr-FR","@id":"https:\/\/www.coccigames.com\/index.php\/produit\/sicaran-arcus-punisher-squadron\/#primaryimage","url":"https:\/\/www.coccigames.com\/wp-content\/uploads\/2025\/12\/99122601015_LISicaranArcusAndPunisherSquadron04.jpg","contentUrl":"https:\/\/www.coccigames.com\/wp-content\/uploads\/2025\/12\/99122601015_LISicaranArcusAndPunisherSquadron04.jpg","width":918,"height":948},{"@type":"BreadcrumbList","@id":"https:\/\/www.coccigames.com\/index.php\/produit\/sicaran-arcus-punisher-squadron\/#breadcrumb","itemListElement":[{"@type":"ListItem","position":1,"name":"Accueil","item":"https:\/\/www.coccigames.com\/"},{"@type":"ListItem","position":2,"name":"Boutique","item":"https:\/\/www.coccigames.com\/index.php\/boutique\/"},{"@type":"ListItem","position":3,"name":"SICARAN ARCUS\/PUNISHER SQUADRON"}]},{"@type":"WebSite","@id":"https:\/\/www.coccigames.com\/#website","url":"https:\/\/www.coccigames.com\/","name":"Coccigames - Figurines et Peintures","description":"Figurines et Peintures","publisher":{"@id":"https:\/\/www.coccigames.com\/#organization"},"potentialAction":[{"@type":"SearchAction","target":{"@type":"EntryPoint","urlTemplate":"https:\/\/www.coccigames.com\/?s={search_term_string}"},"query-input":{"@type":"PropertyValueSpecification","valueRequired":true,"valueName":"search_term_string"}}],"inLanguage":"fr-FR"},{"@type":"Organization","@id":"https:\/\/www.coccigames.com\/#organization","name":"Coccigames","url":"https:\/\/www.coccigames.com\/","logo":{"@type":"ImageObject","inLanguage":"fr-FR","@id":"https:\/\/www.coccigames.com\/#\/schema\/logo\/image\/","url":"https:\/\/www.coccigames.com\/wp-content\/uploads\/2025\/12\/coccigames_logo_v5.png","contentUrl":"https:\/\/www.coccigames.com\/wp-content\/uploads\/2025\/12\/coccigames_logo_v5.png","width":1768,"height":424,"caption":"Coccigames"},"image":{"@id":"https:\/\/www.coccigames.com\/#\/schema\/logo\/image\/"}}]}},"_links":{"self":[{"href":"https:\/\/www.coccigames.com\/index.php\/wp-json\/wp\/v2\/product\/13058","targetHints":{"allow":["GET"]}}],"collection":[{"href":"https:\/\/www.coccigames.com\/index.php\/wp-json\/wp\/v2\/product"}],"about":[{"href":"https:\/\/www.coccigames.com\/index.php\/wp-json\/wp\/v2\/types\/product"}],"replies":[{"embeddable":true,"href":"https:\/\/www.coccigames.com\/index.php\/wp-json\/wp\/v2\/comments?post=13058"}],"wp:featuredmedia":[{"embeddable":true,"href":"https:\/\/www.coccigames.com\/index.php\/wp-json\/wp\/v2\/media\/13067"}],"wp:attachment":[{"href":"https:\/\/www.coccigames.com\/index.php\/wp-json\/wp\/v2\/media?parent=13058"}],"wp:term":[{"taxonomy":"product_brand","embeddable":true,"href":"https:\/\/www.coccigames.com\/index.php\/wp-json\/wp\/v2\/product_brand?post=13058"},{"taxonomy":"product_cat","embeddable":true,"href":"https:\/\/www.coccigames.com\/index.php\/wp-json\/wp\/v2\/product_cat?post=13058"},{"taxonomy":"product_tag","embeddable":true,"href":"https:\/\/www.coccigames.com\/index.php\/wp-json\/wp\/v2\/product_tag?post=13058"}],"curies":[{"name":"wp","href":"https:\/\/api.w.org\/{rel}","templated":true}]}}