{"id":13057,"date":"2025-12-20T13:22:47","date_gmt":"2025-12-20T12:22:47","guid":{"rendered":"https:\/\/www.coccigames.com\/index.php\/produit\/sabre-strike-tank-squadron\/"},"modified":"2026-04-06T09:28:34","modified_gmt":"2026-04-06T07:28:34","slug":"sabre-strike-tank-squadron","status":"publish","type":"product","link":"https:\/\/www.coccigames.com\/index.php\/produit\/sabre-strike-tank-squadron\/","title":{"rendered":"SABRE STRIKE TANK SQUADRON"},"content":{"rendered":"<p>Le Sabre est un char l\u00e9ger et rapide \u00e9quip\u00e9 d&rsquo;armes puissantes pour sa taille et con\u00e7u par les Legiones Astartes pour d\u00e9ployer des armes lourdes \u00e0 grande vitesse. L&rsquo;essentiel de son ch\u00e2ssis est occup\u00e9 par son arme principale, comme l&rsquo;autocanon Anvilus redoutable contre l&rsquo;infanterie lourde, ou un puissant \u00e9clateur \u00e0 neutron pour affronter les blind\u00e9s ou les automates ennemis. Le Sabre porte \u00e9galement des missiles compacts et profite de sa mobilit\u00e9 pour contourner les v\u00e9hicules blind\u00e9s ennemis et d\u00e9cha\u00eener ses armes sur le blindage plus faible de leurs flancs ou de leur arri\u00e8re.<\/p>\n<p>Ce kit en plastique permet d&rsquo;assembler huit chars Sabre des Legiones Astartes \u00e0 l&rsquo;\u00e9chelle epic, des v\u00e9hicules d&rsquo;attaque agiles \u00e0 la redoutable puissance de feu pour les champs de bataille de Legions Imperialis. Chaque char peut \u00eatre \u00e9quip\u00e9 d&rsquo;une arme principale parmi deux au choix: un \u00e9clateur \u00e0 neutrons pour transpercer les blindages, ou un autocanon Anvilus pour massacrer l&rsquo;infanterie. Le Sabre est \u00e9galement dot\u00e9 de missiles compacts sur les flancs et dispose d&rsquo;une s\u00e9lection d&rsquo;armes secondaires mont\u00e9s sur sa coque, au choix un bolter lourd ou un multi-fuseur.<\/p>\n<p>Ce kit est compos\u00e9 de 130 \u00e9l\u00e9ments en plastique et de 1x Planche de D\u00e9calcos des Legiones Astartes pour Legions Imperialis, proposant 1118 d\u00e9calcos. Ces figurines sont fournies non peintes et n\u00e9cessitent assemblage \u2013 nous recommandons d&#8217;employer la Colle Plastique Citadel et la peinture Citadel Colour.<\/p>\n","protected":false},"excerpt":{"rendered":"<p>Le Sabre est un char l\u00e9ger et rapide \u00e9quip\u00e9 d&rsquo;armes puissantes pour sa taille et con\u00e7u par les Legiones Astartes pour d\u00e9ployer des armes lourdes \u00e0 grande vitesse. L&rsquo;essentiel de son ch\u00e2ssis est occup\u00e9 par son arme principale, comme l&rsquo;autocanon Anvilus redoutable contre l&rsquo;infanterie lourde,&hellip;<\/p>\n","protected":false},"featured_media":13182,"comment_status":"open","ping_status":"closed","template":"","meta":[],"product_brand":[23],"product_cat":[6185],"product_tag":[434,6184],"class_list":{"0":"post-13057","1":"product","2":"type-product","3":"status-publish","4":"has-post-thumbnail","6":"product_brand-games-workshop","7":"product_cat-legion-imperialis","8":"product_tag-generic","9":"product_tag-legion-imperialis","11":"first","12":"onbackorder","13":"sale","14":"taxable","15":"shipping-taxable","16":"purchasable","17":"product-type-simple"},"yoast_head":"<!-- This site is optimized with the Yoast SEO plugin v26.4 - https:\/\/yoast.com\/wordpress\/plugins\/seo\/ -->\n<title>SABRE STRIKE TANK SQUADRON - Coccigames<\/title>\n<meta name=\"robots\" content=\"index, follow, max-snippet:-1, max-image-preview:large, max-video-preview:-1\" \/>\n<link rel=\"canonical\" href=\"https:\/\/www.coccigames.com\/index.php\/produit\/sabre-strike-tank-squadron\/\" \/>\n<meta property=\"og:locale\" content=\"fr_FR\" \/>\n<meta property=\"og:type\" content=\"article\" \/>\n<meta property=\"og:title\" content=\"SABRE STRIKE TANK SQUADRON - Coccigames\" \/>\n<meta property=\"og:description\" content=\"Le Sabre est un char l\u00e9ger et rapide \u00e9quip\u00e9 d&rsquo;armes puissantes pour sa taille et con\u00e7u par les Legiones Astartes pour d\u00e9ployer des armes lourdes \u00e0 grande vitesse. L&rsquo;essentiel de son ch\u00e2ssis est occup\u00e9 par son arme principale, comme l&rsquo;autocanon Anvilus redoutable contre l&rsquo;infanterie lourde,&hellip;\" \/>\n<meta property=\"og:url\" content=\"https:\/\/www.coccigames.com\/index.php\/produit\/sabre-strike-tank-squadron\/\" \/>\n<meta property=\"og:site_name\" content=\"Coccigames\" \/>\n<meta property=\"article:modified_time\" content=\"2026-04-06T07:28:34+00:00\" \/>\n<meta property=\"og:image\" content=\"https:\/\/www.coccigames.com\/wp-content\/uploads\/2025\/12\/99122601016_LISabreStrikeTankSquadron04.jpg\" \/>\n\t<meta property=\"og:image:width\" content=\"918\" \/>\n\t<meta property=\"og:image:height\" content=\"948\" \/>\n\t<meta property=\"og:image:type\" content=\"image\/jpeg\" \/>\n<meta name=\"twitter:card\" content=\"summary_large_image\" \/>\n<meta name=\"twitter:label1\" content=\"Dur\u00e9e de lecture estim\u00e9e\" \/>\n\t<meta name=\"twitter:data1\" content=\"2 minutes\" \/>\n<script type=\"application\/ld+json\" class=\"yoast-schema-graph\">{\"@context\":\"https:\/\/schema.org\",\"@graph\":[{\"@type\":\"WebPage\",\"@id\":\"https:\/\/www.coccigames.com\/index.php\/produit\/sabre-strike-tank-squadron\/\",\"url\":\"https:\/\/www.coccigames.com\/index.php\/produit\/sabre-strike-tank-squadron\/\",\"name\":\"SABRE STRIKE TANK SQUADRON - Coccigames\",\"isPartOf\":{\"@id\":\"https:\/\/www.coccigames.com\/#website\"},\"primaryImageOfPage\":{\"@id\":\"https:\/\/www.coccigames.com\/index.php\/produit\/sabre-strike-tank-squadron\/#primaryimage\"},\"image\":{\"@id\":\"https:\/\/www.coccigames.com\/index.php\/produit\/sabre-strike-tank-squadron\/#primaryimage\"},\"thumbnailUrl\":\"https:\/\/www.coccigames.com\/wp-content\/uploads\/2025\/12\/99122601016_LISabreStrikeTankSquadron04.jpg\",\"datePublished\":\"2025-12-20T12:22:47+00:00\",\"dateModified\":\"2026-04-06T07:28:34+00:00\",\"breadcrumb\":{\"@id\":\"https:\/\/www.coccigames.com\/index.php\/produit\/sabre-strike-tank-squadron\/#breadcrumb\"},\"inLanguage\":\"fr-FR\",\"potentialAction\":[{\"@type\":\"ReadAction\",\"target\":[\"https:\/\/www.coccigames.com\/index.php\/produit\/sabre-strike-tank-squadron\/\"]}]},{\"@type\":\"ImageObject\",\"inLanguage\":\"fr-FR\",\"@id\":\"https:\/\/www.coccigames.com\/index.php\/produit\/sabre-strike-tank-squadron\/#primaryimage\",\"url\":\"https:\/\/www.coccigames.com\/wp-content\/uploads\/2025\/12\/99122601016_LISabreStrikeTankSquadron04.jpg\",\"contentUrl\":\"https:\/\/www.coccigames.com\/wp-content\/uploads\/2025\/12\/99122601016_LISabreStrikeTankSquadron04.jpg\",\"width\":918,\"height\":948},{\"@type\":\"BreadcrumbList\",\"@id\":\"https:\/\/www.coccigames.com\/index.php\/produit\/sabre-strike-tank-squadron\/#breadcrumb\",\"itemListElement\":[{\"@type\":\"ListItem\",\"position\":1,\"name\":\"Accueil\",\"item\":\"https:\/\/www.coccigames.com\/\"},{\"@type\":\"ListItem\",\"position\":2,\"name\":\"Boutique\",\"item\":\"https:\/\/www.coccigames.com\/index.php\/boutique\/\"},{\"@type\":\"ListItem\",\"position\":3,\"name\":\"SABRE STRIKE TANK SQUADRON\"}]},{\"@type\":\"WebSite\",\"@id\":\"https:\/\/www.coccigames.com\/#website\",\"url\":\"https:\/\/www.coccigames.com\/\",\"name\":\"Coccigames - Figurines et Peintures\",\"description\":\"Figurines et Peintures\",\"publisher\":{\"@id\":\"https:\/\/www.coccigames.com\/#organization\"},\"potentialAction\":[{\"@type\":\"SearchAction\",\"target\":{\"@type\":\"EntryPoint\",\"urlTemplate\":\"https:\/\/www.coccigames.com\/?s={search_term_string}\"},\"query-input\":{\"@type\":\"PropertyValueSpecification\",\"valueRequired\":true,\"valueName\":\"search_term_string\"}}],\"inLanguage\":\"fr-FR\"},{\"@type\":\"Organization\",\"@id\":\"https:\/\/www.coccigames.com\/#organization\",\"name\":\"Coccigames\",\"url\":\"https:\/\/www.coccigames.com\/\",\"logo\":{\"@type\":\"ImageObject\",\"inLanguage\":\"fr-FR\",\"@id\":\"https:\/\/www.coccigames.com\/#\/schema\/logo\/image\/\",\"url\":\"https:\/\/www.coccigames.com\/wp-content\/uploads\/2025\/12\/coccigames_logo_v5.png\",\"contentUrl\":\"https:\/\/www.coccigames.com\/wp-content\/uploads\/2025\/12\/coccigames_logo_v5.png\",\"width\":1768,\"height\":424,\"caption\":\"Coccigames\"},\"image\":{\"@id\":\"https:\/\/www.coccigames.com\/#\/schema\/logo\/image\/\"}}]}<\/script>\n<!-- \/ Yoast SEO plugin. -->","yoast_head_json":{"title":"SABRE STRIKE TANK SQUADRON - Coccigames","robots":{"index":"index","follow":"follow","max-snippet":"max-snippet:-1","max-image-preview":"max-image-preview:large","max-video-preview":"max-video-preview:-1"},"canonical":"https:\/\/www.coccigames.com\/index.php\/produit\/sabre-strike-tank-squadron\/","og_locale":"fr_FR","og_type":"article","og_title":"SABRE STRIKE TANK SQUADRON - Coccigames","og_description":"Le Sabre est un char l\u00e9ger et rapide \u00e9quip\u00e9 d&rsquo;armes puissantes pour sa taille et con\u00e7u par les Legiones Astartes pour d\u00e9ployer des armes lourdes \u00e0 grande vitesse. L&rsquo;essentiel de son ch\u00e2ssis est occup\u00e9 par son arme principale, comme l&rsquo;autocanon Anvilus redoutable contre l&rsquo;infanterie lourde,&hellip;","og_url":"https:\/\/www.coccigames.com\/index.php\/produit\/sabre-strike-tank-squadron\/","og_site_name":"Coccigames","article_modified_time":"2026-04-06T07:28:34+00:00","og_image":[{"width":918,"height":948,"url":"https:\/\/www.coccigames.com\/wp-content\/uploads\/2025\/12\/99122601016_LISabreStrikeTankSquadron04.jpg","type":"image\/jpeg"}],"twitter_card":"summary_large_image","twitter_misc":{"Dur\u00e9e de lecture estim\u00e9e":"2 minutes"},"schema":{"@context":"https:\/\/schema.org","@graph":[{"@type":"WebPage","@id":"https:\/\/www.coccigames.com\/index.php\/produit\/sabre-strike-tank-squadron\/","url":"https:\/\/www.coccigames.com\/index.php\/produit\/sabre-strike-tank-squadron\/","name":"SABRE STRIKE TANK SQUADRON - Coccigames","isPartOf":{"@id":"https:\/\/www.coccigames.com\/#website"},"primaryImageOfPage":{"@id":"https:\/\/www.coccigames.com\/index.php\/produit\/sabre-strike-tank-squadron\/#primaryimage"},"image":{"@id":"https:\/\/www.coccigames.com\/index.php\/produit\/sabre-strike-tank-squadron\/#primaryimage"},"thumbnailUrl":"https:\/\/www.coccigames.com\/wp-content\/uploads\/2025\/12\/99122601016_LISabreStrikeTankSquadron04.jpg","datePublished":"2025-12-20T12:22:47+00:00","dateModified":"2026-04-06T07:28:34+00:00","breadcrumb":{"@id":"https:\/\/www.coccigames.com\/index.php\/produit\/sabre-strike-tank-squadron\/#breadcrumb"},"inLanguage":"fr-FR","potentialAction":[{"@type":"ReadAction","target":["https:\/\/www.coccigames.com\/index.php\/produit\/sabre-strike-tank-squadron\/"]}]},{"@type":"ImageObject","inLanguage":"fr-FR","@id":"https:\/\/www.coccigames.com\/index.php\/produit\/sabre-strike-tank-squadron\/#primaryimage","url":"https:\/\/www.coccigames.com\/wp-content\/uploads\/2025\/12\/99122601016_LISabreStrikeTankSquadron04.jpg","contentUrl":"https:\/\/www.coccigames.com\/wp-content\/uploads\/2025\/12\/99122601016_LISabreStrikeTankSquadron04.jpg","width":918,"height":948},{"@type":"BreadcrumbList","@id":"https:\/\/www.coccigames.com\/index.php\/produit\/sabre-strike-tank-squadron\/#breadcrumb","itemListElement":[{"@type":"ListItem","position":1,"name":"Accueil","item":"https:\/\/www.coccigames.com\/"},{"@type":"ListItem","position":2,"name":"Boutique","item":"https:\/\/www.coccigames.com\/index.php\/boutique\/"},{"@type":"ListItem","position":3,"name":"SABRE STRIKE TANK SQUADRON"}]},{"@type":"WebSite","@id":"https:\/\/www.coccigames.com\/#website","url":"https:\/\/www.coccigames.com\/","name":"Coccigames - Figurines et Peintures","description":"Figurines et Peintures","publisher":{"@id":"https:\/\/www.coccigames.com\/#organization"},"potentialAction":[{"@type":"SearchAction","target":{"@type":"EntryPoint","urlTemplate":"https:\/\/www.coccigames.com\/?s={search_term_string}"},"query-input":{"@type":"PropertyValueSpecification","valueRequired":true,"valueName":"search_term_string"}}],"inLanguage":"fr-FR"},{"@type":"Organization","@id":"https:\/\/www.coccigames.com\/#organization","name":"Coccigames","url":"https:\/\/www.coccigames.com\/","logo":{"@type":"ImageObject","inLanguage":"fr-FR","@id":"https:\/\/www.coccigames.com\/#\/schema\/logo\/image\/","url":"https:\/\/www.coccigames.com\/wp-content\/uploads\/2025\/12\/coccigames_logo_v5.png","contentUrl":"https:\/\/www.coccigames.com\/wp-content\/uploads\/2025\/12\/coccigames_logo_v5.png","width":1768,"height":424,"caption":"Coccigames"},"image":{"@id":"https:\/\/www.coccigames.com\/#\/schema\/logo\/image\/"}}]}},"_links":{"self":[{"href":"https:\/\/www.coccigames.com\/index.php\/wp-json\/wp\/v2\/product\/13057","targetHints":{"allow":["GET"]}}],"collection":[{"href":"https:\/\/www.coccigames.com\/index.php\/wp-json\/wp\/v2\/product"}],"about":[{"href":"https:\/\/www.coccigames.com\/index.php\/wp-json\/wp\/v2\/types\/product"}],"replies":[{"embeddable":true,"href":"https:\/\/www.coccigames.com\/index.php\/wp-json\/wp\/v2\/comments?post=13057"}],"wp:featuredmedia":[{"embeddable":true,"href":"https:\/\/www.coccigames.com\/index.php\/wp-json\/wp\/v2\/media\/13182"}],"wp:attachment":[{"href":"https:\/\/www.coccigames.com\/index.php\/wp-json\/wp\/v2\/media?parent=13057"}],"wp:term":[{"taxonomy":"product_brand","embeddable":true,"href":"https:\/\/www.coccigames.com\/index.php\/wp-json\/wp\/v2\/product_brand?post=13057"},{"taxonomy":"product_cat","embeddable":true,"href":"https:\/\/www.coccigames.com\/index.php\/wp-json\/wp\/v2\/product_cat?post=13057"},{"taxonomy":"product_tag","embeddable":true,"href":"https:\/\/www.coccigames.com\/index.php\/wp-json\/wp\/v2\/product_tag?post=13057"}],"curies":[{"name":"wp","href":"https:\/\/api.w.org\/{rel}","templated":true}]}}