{"id":13056,"date":"2025-12-20T13:22:46","date_gmt":"2025-12-20T12:22:46","guid":{"rendered":"https:\/\/www.coccigames.com\/index.php\/produit\/termite-assault-drills\/"},"modified":"2026-04-06T09:28:34","modified_gmt":"2026-04-06T07:28:34","slug":"termite-assault-drills","status":"publish","type":"product","link":"https:\/\/www.coccigames.com\/index.php\/produit\/termite-assault-drills\/","title":{"rendered":"TERMITE ASSAULT DRILLS"},"content":{"rendered":"<p>Les Foreuses d&rsquo;Assaut Termite sont d\u00e9ploy\u00e9es contre les positions les plus r\u00e9calcitrantes et imp\u00e9n\u00e9trables. Ces transports souterrains utilisent une puissante foreuse \u00e0 roche pour se d\u00e9placer sous la surface d&rsquo;une plan\u00e8te, et disposent d&rsquo;un aff\u00fbt \u00e0 fusion pour annihiler les obstacles les plus r\u00e9sistants. Lorsque les Termite \u00e9mergent, ils d\u00e9ploient les effectifs de guerriers des Legiones Astartes abrit\u00e9s dans leur coque derri\u00e8re les lignes de l&rsquo;ennemi pris par surprise.<\/p>\n<p>Ce kit en plastique permet d&rsquo;assembler huit Termite Assault Drills des Legiones Astartes \u00e0 l&rsquo;\u00e9chelle epic, des v\u00e9hicules de transports sournois qui creusent sous les champs de bataille de Legions Imperialis. La silhouette trapue de ces engins tubulaires et inhabituels vous permet de transporter vos combattants \u00e0 travers la roche \u00e0 l&rsquo;aide des chenilles qui bordent leurs flancs. Chaque Termite dispose de trappes d&rsquo;armement \u00e0 l&rsquo;avant de sa coque, dont deux peuvent \u00eatre assembl\u00e9es ferm\u00e9es ou ouvertes avec les aff\u00fbts de bolter du v\u00e9hicule sortis.<\/p>\n<p>Ce kit est compos\u00e9 de 88 \u00e9l\u00e9ments en plastique et de 1x Planche de D\u00e9calcos de V\u00e9hicules des Legiones Astartes pour Legions Imperialis, proposant 1118 d\u00e9calcos.<\/p>\n","protected":false},"excerpt":{"rendered":"<p>Les Foreuses d&rsquo;Assaut Termite sont d\u00e9ploy\u00e9es contre les positions les plus r\u00e9calcitrantes et imp\u00e9n\u00e9trables. Ces transports souterrains utilisent une puissante foreuse \u00e0 roche pour se d\u00e9placer sous la surface d&rsquo;une plan\u00e8te, et disposent d&rsquo;un aff\u00fbt \u00e0 fusion pour annihiler les obstacles les plus r\u00e9sistants. Lorsque&hellip;<\/p>\n","protected":false},"featured_media":13189,"comment_status":"open","ping_status":"closed","template":"","meta":[],"product_brand":[23],"product_cat":[6185],"product_tag":[434,6184],"class_list":{"0":"post-13056","1":"product","2":"type-product","3":"status-publish","4":"has-post-thumbnail","6":"product_brand-games-workshop","7":"product_cat-legion-imperialis","8":"product_tag-generic","9":"product_tag-legion-imperialis","11":"first","12":"outofstock","13":"sale","14":"taxable","15":"shipping-taxable","16":"purchasable","17":"product-type-simple"},"yoast_head":"<!-- This site is optimized with the Yoast SEO plugin v26.4 - https:\/\/yoast.com\/wordpress\/plugins\/seo\/ -->\n<title>TERMITE ASSAULT DRILLS - Coccigames<\/title>\n<meta name=\"robots\" content=\"index, follow, max-snippet:-1, max-image-preview:large, max-video-preview:-1\" \/>\n<link rel=\"canonical\" href=\"https:\/\/www.coccigames.com\/index.php\/produit\/termite-assault-drills\/\" \/>\n<meta property=\"og:locale\" content=\"fr_FR\" \/>\n<meta property=\"og:type\" content=\"article\" \/>\n<meta property=\"og:title\" content=\"TERMITE ASSAULT DRILLS - Coccigames\" \/>\n<meta property=\"og:description\" content=\"Les Foreuses d&rsquo;Assaut Termite sont d\u00e9ploy\u00e9es contre les positions les plus r\u00e9calcitrantes et imp\u00e9n\u00e9trables. Ces transports souterrains utilisent une puissante foreuse \u00e0 roche pour se d\u00e9placer sous la surface d&rsquo;une plan\u00e8te, et disposent d&rsquo;un aff\u00fbt \u00e0 fusion pour annihiler les obstacles les plus r\u00e9sistants. Lorsque&hellip;\" \/>\n<meta property=\"og:url\" content=\"https:\/\/www.coccigames.com\/index.php\/produit\/termite-assault-drills\/\" \/>\n<meta property=\"og:site_name\" content=\"Coccigames\" \/>\n<meta property=\"article:modified_time\" content=\"2026-04-06T07:28:34+00:00\" \/>\n<meta property=\"og:image\" content=\"https:\/\/www.coccigames.com\/wp-content\/uploads\/2025\/12\/99122699019_LITermiteAssaultDrills04.jpg\" \/>\n\t<meta property=\"og:image:width\" content=\"918\" \/>\n\t<meta property=\"og:image:height\" content=\"948\" \/>\n\t<meta property=\"og:image:type\" content=\"image\/jpeg\" \/>\n<meta name=\"twitter:card\" content=\"summary_large_image\" \/>\n<meta name=\"twitter:label1\" content=\"Dur\u00e9e de lecture estim\u00e9e\" \/>\n\t<meta name=\"twitter:data1\" content=\"1 minute\" \/>\n<script type=\"application\/ld+json\" class=\"yoast-schema-graph\">{\"@context\":\"https:\/\/schema.org\",\"@graph\":[{\"@type\":\"WebPage\",\"@id\":\"https:\/\/www.coccigames.com\/index.php\/produit\/termite-assault-drills\/\",\"url\":\"https:\/\/www.coccigames.com\/index.php\/produit\/termite-assault-drills\/\",\"name\":\"TERMITE ASSAULT DRILLS - Coccigames\",\"isPartOf\":{\"@id\":\"https:\/\/www.coccigames.com\/#website\"},\"primaryImageOfPage\":{\"@id\":\"https:\/\/www.coccigames.com\/index.php\/produit\/termite-assault-drills\/#primaryimage\"},\"image\":{\"@id\":\"https:\/\/www.coccigames.com\/index.php\/produit\/termite-assault-drills\/#primaryimage\"},\"thumbnailUrl\":\"https:\/\/www.coccigames.com\/wp-content\/uploads\/2025\/12\/99122699019_LITermiteAssaultDrills04.jpg\",\"datePublished\":\"2025-12-20T12:22:46+00:00\",\"dateModified\":\"2026-04-06T07:28:34+00:00\",\"breadcrumb\":{\"@id\":\"https:\/\/www.coccigames.com\/index.php\/produit\/termite-assault-drills\/#breadcrumb\"},\"inLanguage\":\"fr-FR\",\"potentialAction\":[{\"@type\":\"ReadAction\",\"target\":[\"https:\/\/www.coccigames.com\/index.php\/produit\/termite-assault-drills\/\"]}]},{\"@type\":\"ImageObject\",\"inLanguage\":\"fr-FR\",\"@id\":\"https:\/\/www.coccigames.com\/index.php\/produit\/termite-assault-drills\/#primaryimage\",\"url\":\"https:\/\/www.coccigames.com\/wp-content\/uploads\/2025\/12\/99122699019_LITermiteAssaultDrills04.jpg\",\"contentUrl\":\"https:\/\/www.coccigames.com\/wp-content\/uploads\/2025\/12\/99122699019_LITermiteAssaultDrills04.jpg\",\"width\":918,\"height\":948},{\"@type\":\"BreadcrumbList\",\"@id\":\"https:\/\/www.coccigames.com\/index.php\/produit\/termite-assault-drills\/#breadcrumb\",\"itemListElement\":[{\"@type\":\"ListItem\",\"position\":1,\"name\":\"Accueil\",\"item\":\"https:\/\/www.coccigames.com\/\"},{\"@type\":\"ListItem\",\"position\":2,\"name\":\"Boutique\",\"item\":\"https:\/\/www.coccigames.com\/index.php\/boutique\/\"},{\"@type\":\"ListItem\",\"position\":3,\"name\":\"TERMITE ASSAULT DRILLS\"}]},{\"@type\":\"WebSite\",\"@id\":\"https:\/\/www.coccigames.com\/#website\",\"url\":\"https:\/\/www.coccigames.com\/\",\"name\":\"Coccigames - Figurines et Peintures\",\"description\":\"Figurines et Peintures\",\"publisher\":{\"@id\":\"https:\/\/www.coccigames.com\/#organization\"},\"potentialAction\":[{\"@type\":\"SearchAction\",\"target\":{\"@type\":\"EntryPoint\",\"urlTemplate\":\"https:\/\/www.coccigames.com\/?s={search_term_string}\"},\"query-input\":{\"@type\":\"PropertyValueSpecification\",\"valueRequired\":true,\"valueName\":\"search_term_string\"}}],\"inLanguage\":\"fr-FR\"},{\"@type\":\"Organization\",\"@id\":\"https:\/\/www.coccigames.com\/#organization\",\"name\":\"Coccigames\",\"url\":\"https:\/\/www.coccigames.com\/\",\"logo\":{\"@type\":\"ImageObject\",\"inLanguage\":\"fr-FR\",\"@id\":\"https:\/\/www.coccigames.com\/#\/schema\/logo\/image\/\",\"url\":\"https:\/\/www.coccigames.com\/wp-content\/uploads\/2025\/12\/coccigames_logo_v5.png\",\"contentUrl\":\"https:\/\/www.coccigames.com\/wp-content\/uploads\/2025\/12\/coccigames_logo_v5.png\",\"width\":1768,\"height\":424,\"caption\":\"Coccigames\"},\"image\":{\"@id\":\"https:\/\/www.coccigames.com\/#\/schema\/logo\/image\/\"}}]}<\/script>\n<!-- \/ Yoast SEO plugin. -->","yoast_head_json":{"title":"TERMITE ASSAULT DRILLS - Coccigames","robots":{"index":"index","follow":"follow","max-snippet":"max-snippet:-1","max-image-preview":"max-image-preview:large","max-video-preview":"max-video-preview:-1"},"canonical":"https:\/\/www.coccigames.com\/index.php\/produit\/termite-assault-drills\/","og_locale":"fr_FR","og_type":"article","og_title":"TERMITE ASSAULT DRILLS - Coccigames","og_description":"Les Foreuses d&rsquo;Assaut Termite sont d\u00e9ploy\u00e9es contre les positions les plus r\u00e9calcitrantes et imp\u00e9n\u00e9trables. Ces transports souterrains utilisent une puissante foreuse \u00e0 roche pour se d\u00e9placer sous la surface d&rsquo;une plan\u00e8te, et disposent d&rsquo;un aff\u00fbt \u00e0 fusion pour annihiler les obstacles les plus r\u00e9sistants. Lorsque&hellip;","og_url":"https:\/\/www.coccigames.com\/index.php\/produit\/termite-assault-drills\/","og_site_name":"Coccigames","article_modified_time":"2026-04-06T07:28:34+00:00","og_image":[{"width":918,"height":948,"url":"https:\/\/www.coccigames.com\/wp-content\/uploads\/2025\/12\/99122699019_LITermiteAssaultDrills04.jpg","type":"image\/jpeg"}],"twitter_card":"summary_large_image","twitter_misc":{"Dur\u00e9e de lecture estim\u00e9e":"1 minute"},"schema":{"@context":"https:\/\/schema.org","@graph":[{"@type":"WebPage","@id":"https:\/\/www.coccigames.com\/index.php\/produit\/termite-assault-drills\/","url":"https:\/\/www.coccigames.com\/index.php\/produit\/termite-assault-drills\/","name":"TERMITE ASSAULT DRILLS - Coccigames","isPartOf":{"@id":"https:\/\/www.coccigames.com\/#website"},"primaryImageOfPage":{"@id":"https:\/\/www.coccigames.com\/index.php\/produit\/termite-assault-drills\/#primaryimage"},"image":{"@id":"https:\/\/www.coccigames.com\/index.php\/produit\/termite-assault-drills\/#primaryimage"},"thumbnailUrl":"https:\/\/www.coccigames.com\/wp-content\/uploads\/2025\/12\/99122699019_LITermiteAssaultDrills04.jpg","datePublished":"2025-12-20T12:22:46+00:00","dateModified":"2026-04-06T07:28:34+00:00","breadcrumb":{"@id":"https:\/\/www.coccigames.com\/index.php\/produit\/termite-assault-drills\/#breadcrumb"},"inLanguage":"fr-FR","potentialAction":[{"@type":"ReadAction","target":["https:\/\/www.coccigames.com\/index.php\/produit\/termite-assault-drills\/"]}]},{"@type":"ImageObject","inLanguage":"fr-FR","@id":"https:\/\/www.coccigames.com\/index.php\/produit\/termite-assault-drills\/#primaryimage","url":"https:\/\/www.coccigames.com\/wp-content\/uploads\/2025\/12\/99122699019_LITermiteAssaultDrills04.jpg","contentUrl":"https:\/\/www.coccigames.com\/wp-content\/uploads\/2025\/12\/99122699019_LITermiteAssaultDrills04.jpg","width":918,"height":948},{"@type":"BreadcrumbList","@id":"https:\/\/www.coccigames.com\/index.php\/produit\/termite-assault-drills\/#breadcrumb","itemListElement":[{"@type":"ListItem","position":1,"name":"Accueil","item":"https:\/\/www.coccigames.com\/"},{"@type":"ListItem","position":2,"name":"Boutique","item":"https:\/\/www.coccigames.com\/index.php\/boutique\/"},{"@type":"ListItem","position":3,"name":"TERMITE ASSAULT DRILLS"}]},{"@type":"WebSite","@id":"https:\/\/www.coccigames.com\/#website","url":"https:\/\/www.coccigames.com\/","name":"Coccigames - Figurines et Peintures","description":"Figurines et Peintures","publisher":{"@id":"https:\/\/www.coccigames.com\/#organization"},"potentialAction":[{"@type":"SearchAction","target":{"@type":"EntryPoint","urlTemplate":"https:\/\/www.coccigames.com\/?s={search_term_string}"},"query-input":{"@type":"PropertyValueSpecification","valueRequired":true,"valueName":"search_term_string"}}],"inLanguage":"fr-FR"},{"@type":"Organization","@id":"https:\/\/www.coccigames.com\/#organization","name":"Coccigames","url":"https:\/\/www.coccigames.com\/","logo":{"@type":"ImageObject","inLanguage":"fr-FR","@id":"https:\/\/www.coccigames.com\/#\/schema\/logo\/image\/","url":"https:\/\/www.coccigames.com\/wp-content\/uploads\/2025\/12\/coccigames_logo_v5.png","contentUrl":"https:\/\/www.coccigames.com\/wp-content\/uploads\/2025\/12\/coccigames_logo_v5.png","width":1768,"height":424,"caption":"Coccigames"},"image":{"@id":"https:\/\/www.coccigames.com\/#\/schema\/logo\/image\/"}}]}},"_links":{"self":[{"href":"https:\/\/www.coccigames.com\/index.php\/wp-json\/wp\/v2\/product\/13056","targetHints":{"allow":["GET"]}}],"collection":[{"href":"https:\/\/www.coccigames.com\/index.php\/wp-json\/wp\/v2\/product"}],"about":[{"href":"https:\/\/www.coccigames.com\/index.php\/wp-json\/wp\/v2\/types\/product"}],"replies":[{"embeddable":true,"href":"https:\/\/www.coccigames.com\/index.php\/wp-json\/wp\/v2\/comments?post=13056"}],"wp:featuredmedia":[{"embeddable":true,"href":"https:\/\/www.coccigames.com\/index.php\/wp-json\/wp\/v2\/media\/13189"}],"wp:attachment":[{"href":"https:\/\/www.coccigames.com\/index.php\/wp-json\/wp\/v2\/media?parent=13056"}],"wp:term":[{"taxonomy":"product_brand","embeddable":true,"href":"https:\/\/www.coccigames.com\/index.php\/wp-json\/wp\/v2\/product_brand?post=13056"},{"taxonomy":"product_cat","embeddable":true,"href":"https:\/\/www.coccigames.com\/index.php\/wp-json\/wp\/v2\/product_cat?post=13056"},{"taxonomy":"product_tag","embeddable":true,"href":"https:\/\/www.coccigames.com\/index.php\/wp-json\/wp\/v2\/product_tag?post=13056"}],"curies":[{"name":"wp","href":"https:\/\/api.w.org\/{rel}","templated":true}]}}