{"id":13054,"date":"2025-12-20T13:22:45","date_gmt":"2025-12-20T12:22:45","guid":{"rendered":"https:\/\/www.coccigames.com\/index.php\/produit\/spartan-assault-tanks\/"},"modified":"2026-04-06T09:28:34","modified_gmt":"2026-04-06T07:28:34","slug":"spartan-assault-tanks","status":"publish","type":"product","link":"https:\/\/www.coccigames.com\/index.php\/produit\/spartan-assault-tanks\/","title":{"rendered":"SPARTAN ASSAULT TANKS"},"content":{"rendered":"<p>Les Chars d&rsquo;Assaut Spartan transportent d&rsquo;importants effectifs de Space Marines jusqu&rsquo;au c\u0153ur des combats. Dot\u00e9s d&rsquo;armes comparables \u00e0 celles des v\u00e9hicules blind\u00e9s super-lourds de la L\u00e9gion et prot\u00e9g\u00e9s par d&rsquo;\u00e9paisses couches de blindage, ces chars sont consid\u00e9r\u00e9s par beaucoup comme des forteresses mobiles.<\/p>\n<p>Les Chars d&rsquo;Assaut Spartan peuvent \u00eatre d\u00e9ploy\u00e9s dans les parties de Legions Imperialis au sein de D\u00e9tachements de Spartan de L\u00e9gion d\u00e9di\u00e9s, par les arm\u00e9es de Legiones Astartes comme d&rsquo;Astartes Ren\u00e9gats, ainsi que comme alli\u00e9s dans les arm\u00e9es de Solar Auxilia. Ils peuvent \u00eatre \u00e9quip\u00e9s de diverses options: des canons laser quadruples ou des destructeurs laser lat\u00e9raux, ainsi que de bolters lourds ou des canons laser de coque. De plus, ils peuvent \u00eatre assembl\u00e9s avec ou sans chef de char, et recevoir un bolter lourd ou un mutli-fuseur optionnel sur pivot.<\/p>\n<p>Ce kit est compos\u00e9 de 120 \u00e9l\u00e9ments en plastique permettant d&rsquo;assembler quatre Chars d&rsquo;Assaut Spartan \u00e0 l&rsquo;\u00e9chelle epic, utilisables dans les parties de Warhammer: The Horus Heresy \u2013 Legions Imperialis. Il contient \u00e9galement une Planche de D\u00e9calcos de V\u00e9hicules des Legiones Astartes proposant 1130 d\u00e9calcos, comprenant des symboles de diverses L\u00e9gions de Space Marines, ainsi que des num\u00e9ros, des marquages d&rsquo;escadron, d&rsquo;honneur et de tableau de chasse.<\/p>\n","protected":false},"excerpt":{"rendered":"<p>Les Chars d&rsquo;Assaut Spartan transportent d&rsquo;importants effectifs de Space Marines jusqu&rsquo;au c\u0153ur des combats. Dot\u00e9s d&rsquo;armes comparables \u00e0 celles des v\u00e9hicules blind\u00e9s super-lourds de la L\u00e9gion et prot\u00e9g\u00e9s par d&rsquo;\u00e9paisses couches de blindage, ces chars sont consid\u00e9r\u00e9s par beaucoup comme des forteresses mobiles. Les Chars&hellip;<\/p>\n","protected":false},"featured_media":13194,"comment_status":"open","ping_status":"closed","template":"","meta":[],"product_brand":[23],"product_cat":[6185],"product_tag":[434,6184],"class_list":{"0":"post-13054","1":"product","2":"type-product","3":"status-publish","4":"has-post-thumbnail","6":"product_brand-games-workshop","7":"product_cat-legion-imperialis","8":"product_tag-generic","9":"product_tag-legion-imperialis","11":"first","12":"onbackorder","13":"sale","14":"taxable","15":"shipping-taxable","16":"purchasable","17":"product-type-simple"},"yoast_head":"<!-- This site is optimized with the Yoast SEO plugin v26.4 - https:\/\/yoast.com\/wordpress\/plugins\/seo\/ -->\n<title>SPARTAN ASSAULT TANKS - Coccigames<\/title>\n<meta name=\"robots\" content=\"index, follow, max-snippet:-1, max-image-preview:large, max-video-preview:-1\" \/>\n<link rel=\"canonical\" href=\"https:\/\/www.coccigames.com\/index.php\/produit\/spartan-assault-tanks\/\" \/>\n<meta property=\"og:locale\" content=\"fr_FR\" \/>\n<meta property=\"og:type\" content=\"article\" \/>\n<meta property=\"og:title\" content=\"SPARTAN ASSAULT TANKS - Coccigames\" \/>\n<meta property=\"og:description\" content=\"Les Chars d&rsquo;Assaut Spartan transportent d&rsquo;importants effectifs de Space Marines jusqu&rsquo;au c\u0153ur des combats. Dot\u00e9s d&rsquo;armes comparables \u00e0 celles des v\u00e9hicules blind\u00e9s super-lourds de la L\u00e9gion et prot\u00e9g\u00e9s par d&rsquo;\u00e9paisses couches de blindage, ces chars sont consid\u00e9r\u00e9s par beaucoup comme des forteresses mobiles. Les Chars&hellip;\" \/>\n<meta property=\"og:url\" content=\"https:\/\/www.coccigames.com\/index.php\/produit\/spartan-assault-tanks\/\" \/>\n<meta property=\"og:site_name\" content=\"Coccigames\" \/>\n<meta property=\"article:modified_time\" content=\"2026-04-06T07:28:34+00:00\" \/>\n<meta property=\"og:image\" content=\"https:\/\/www.coccigames.com\/wp-content\/uploads\/2025\/12\/99122601014_LegionSpartans6.jpg\" \/>\n\t<meta property=\"og:image:width\" content=\"918\" \/>\n\t<meta property=\"og:image:height\" content=\"948\" \/>\n\t<meta property=\"og:image:type\" content=\"image\/jpeg\" \/>\n<meta name=\"twitter:card\" content=\"summary_large_image\" \/>\n<meta name=\"twitter:label1\" content=\"Dur\u00e9e de lecture estim\u00e9e\" \/>\n\t<meta name=\"twitter:data1\" content=\"2 minutes\" \/>\n<script type=\"application\/ld+json\" class=\"yoast-schema-graph\">{\"@context\":\"https:\/\/schema.org\",\"@graph\":[{\"@type\":\"WebPage\",\"@id\":\"https:\/\/www.coccigames.com\/index.php\/produit\/spartan-assault-tanks\/\",\"url\":\"https:\/\/www.coccigames.com\/index.php\/produit\/spartan-assault-tanks\/\",\"name\":\"SPARTAN ASSAULT TANKS - Coccigames\",\"isPartOf\":{\"@id\":\"https:\/\/www.coccigames.com\/#website\"},\"primaryImageOfPage\":{\"@id\":\"https:\/\/www.coccigames.com\/index.php\/produit\/spartan-assault-tanks\/#primaryimage\"},\"image\":{\"@id\":\"https:\/\/www.coccigames.com\/index.php\/produit\/spartan-assault-tanks\/#primaryimage\"},\"thumbnailUrl\":\"https:\/\/www.coccigames.com\/wp-content\/uploads\/2025\/12\/99122601014_LegionSpartans6.jpg\",\"datePublished\":\"2025-12-20T12:22:45+00:00\",\"dateModified\":\"2026-04-06T07:28:34+00:00\",\"breadcrumb\":{\"@id\":\"https:\/\/www.coccigames.com\/index.php\/produit\/spartan-assault-tanks\/#breadcrumb\"},\"inLanguage\":\"fr-FR\",\"potentialAction\":[{\"@type\":\"ReadAction\",\"target\":[\"https:\/\/www.coccigames.com\/index.php\/produit\/spartan-assault-tanks\/\"]}]},{\"@type\":\"ImageObject\",\"inLanguage\":\"fr-FR\",\"@id\":\"https:\/\/www.coccigames.com\/index.php\/produit\/spartan-assault-tanks\/#primaryimage\",\"url\":\"https:\/\/www.coccigames.com\/wp-content\/uploads\/2025\/12\/99122601014_LegionSpartans6.jpg\",\"contentUrl\":\"https:\/\/www.coccigames.com\/wp-content\/uploads\/2025\/12\/99122601014_LegionSpartans6.jpg\",\"width\":918,\"height\":948},{\"@type\":\"BreadcrumbList\",\"@id\":\"https:\/\/www.coccigames.com\/index.php\/produit\/spartan-assault-tanks\/#breadcrumb\",\"itemListElement\":[{\"@type\":\"ListItem\",\"position\":1,\"name\":\"Accueil\",\"item\":\"https:\/\/www.coccigames.com\/\"},{\"@type\":\"ListItem\",\"position\":2,\"name\":\"Boutique\",\"item\":\"https:\/\/www.coccigames.com\/index.php\/boutique\/\"},{\"@type\":\"ListItem\",\"position\":3,\"name\":\"SPARTAN ASSAULT TANKS\"}]},{\"@type\":\"WebSite\",\"@id\":\"https:\/\/www.coccigames.com\/#website\",\"url\":\"https:\/\/www.coccigames.com\/\",\"name\":\"Coccigames - Figurines et Peintures\",\"description\":\"Figurines et Peintures\",\"publisher\":{\"@id\":\"https:\/\/www.coccigames.com\/#organization\"},\"potentialAction\":[{\"@type\":\"SearchAction\",\"target\":{\"@type\":\"EntryPoint\",\"urlTemplate\":\"https:\/\/www.coccigames.com\/?s={search_term_string}\"},\"query-input\":{\"@type\":\"PropertyValueSpecification\",\"valueRequired\":true,\"valueName\":\"search_term_string\"}}],\"inLanguage\":\"fr-FR\"},{\"@type\":\"Organization\",\"@id\":\"https:\/\/www.coccigames.com\/#organization\",\"name\":\"Coccigames\",\"url\":\"https:\/\/www.coccigames.com\/\",\"logo\":{\"@type\":\"ImageObject\",\"inLanguage\":\"fr-FR\",\"@id\":\"https:\/\/www.coccigames.com\/#\/schema\/logo\/image\/\",\"url\":\"https:\/\/www.coccigames.com\/wp-content\/uploads\/2025\/12\/coccigames_logo_v5.png\",\"contentUrl\":\"https:\/\/www.coccigames.com\/wp-content\/uploads\/2025\/12\/coccigames_logo_v5.png\",\"width\":1768,\"height\":424,\"caption\":\"Coccigames\"},\"image\":{\"@id\":\"https:\/\/www.coccigames.com\/#\/schema\/logo\/image\/\"}}]}<\/script>\n<!-- \/ Yoast SEO plugin. -->","yoast_head_json":{"title":"SPARTAN ASSAULT TANKS - Coccigames","robots":{"index":"index","follow":"follow","max-snippet":"max-snippet:-1","max-image-preview":"max-image-preview:large","max-video-preview":"max-video-preview:-1"},"canonical":"https:\/\/www.coccigames.com\/index.php\/produit\/spartan-assault-tanks\/","og_locale":"fr_FR","og_type":"article","og_title":"SPARTAN ASSAULT TANKS - Coccigames","og_description":"Les Chars d&rsquo;Assaut Spartan transportent d&rsquo;importants effectifs de Space Marines jusqu&rsquo;au c\u0153ur des combats. Dot\u00e9s d&rsquo;armes comparables \u00e0 celles des v\u00e9hicules blind\u00e9s super-lourds de la L\u00e9gion et prot\u00e9g\u00e9s par d&rsquo;\u00e9paisses couches de blindage, ces chars sont consid\u00e9r\u00e9s par beaucoup comme des forteresses mobiles. Les Chars&hellip;","og_url":"https:\/\/www.coccigames.com\/index.php\/produit\/spartan-assault-tanks\/","og_site_name":"Coccigames","article_modified_time":"2026-04-06T07:28:34+00:00","og_image":[{"width":918,"height":948,"url":"https:\/\/www.coccigames.com\/wp-content\/uploads\/2025\/12\/99122601014_LegionSpartans6.jpg","type":"image\/jpeg"}],"twitter_card":"summary_large_image","twitter_misc":{"Dur\u00e9e de lecture estim\u00e9e":"2 minutes"},"schema":{"@context":"https:\/\/schema.org","@graph":[{"@type":"WebPage","@id":"https:\/\/www.coccigames.com\/index.php\/produit\/spartan-assault-tanks\/","url":"https:\/\/www.coccigames.com\/index.php\/produit\/spartan-assault-tanks\/","name":"SPARTAN ASSAULT TANKS - Coccigames","isPartOf":{"@id":"https:\/\/www.coccigames.com\/#website"},"primaryImageOfPage":{"@id":"https:\/\/www.coccigames.com\/index.php\/produit\/spartan-assault-tanks\/#primaryimage"},"image":{"@id":"https:\/\/www.coccigames.com\/index.php\/produit\/spartan-assault-tanks\/#primaryimage"},"thumbnailUrl":"https:\/\/www.coccigames.com\/wp-content\/uploads\/2025\/12\/99122601014_LegionSpartans6.jpg","datePublished":"2025-12-20T12:22:45+00:00","dateModified":"2026-04-06T07:28:34+00:00","breadcrumb":{"@id":"https:\/\/www.coccigames.com\/index.php\/produit\/spartan-assault-tanks\/#breadcrumb"},"inLanguage":"fr-FR","potentialAction":[{"@type":"ReadAction","target":["https:\/\/www.coccigames.com\/index.php\/produit\/spartan-assault-tanks\/"]}]},{"@type":"ImageObject","inLanguage":"fr-FR","@id":"https:\/\/www.coccigames.com\/index.php\/produit\/spartan-assault-tanks\/#primaryimage","url":"https:\/\/www.coccigames.com\/wp-content\/uploads\/2025\/12\/99122601014_LegionSpartans6.jpg","contentUrl":"https:\/\/www.coccigames.com\/wp-content\/uploads\/2025\/12\/99122601014_LegionSpartans6.jpg","width":918,"height":948},{"@type":"BreadcrumbList","@id":"https:\/\/www.coccigames.com\/index.php\/produit\/spartan-assault-tanks\/#breadcrumb","itemListElement":[{"@type":"ListItem","position":1,"name":"Accueil","item":"https:\/\/www.coccigames.com\/"},{"@type":"ListItem","position":2,"name":"Boutique","item":"https:\/\/www.coccigames.com\/index.php\/boutique\/"},{"@type":"ListItem","position":3,"name":"SPARTAN ASSAULT TANKS"}]},{"@type":"WebSite","@id":"https:\/\/www.coccigames.com\/#website","url":"https:\/\/www.coccigames.com\/","name":"Coccigames - Figurines et Peintures","description":"Figurines et Peintures","publisher":{"@id":"https:\/\/www.coccigames.com\/#organization"},"potentialAction":[{"@type":"SearchAction","target":{"@type":"EntryPoint","urlTemplate":"https:\/\/www.coccigames.com\/?s={search_term_string}"},"query-input":{"@type":"PropertyValueSpecification","valueRequired":true,"valueName":"search_term_string"}}],"inLanguage":"fr-FR"},{"@type":"Organization","@id":"https:\/\/www.coccigames.com\/#organization","name":"Coccigames","url":"https:\/\/www.coccigames.com\/","logo":{"@type":"ImageObject","inLanguage":"fr-FR","@id":"https:\/\/www.coccigames.com\/#\/schema\/logo\/image\/","url":"https:\/\/www.coccigames.com\/wp-content\/uploads\/2025\/12\/coccigames_logo_v5.png","contentUrl":"https:\/\/www.coccigames.com\/wp-content\/uploads\/2025\/12\/coccigames_logo_v5.png","width":1768,"height":424,"caption":"Coccigames"},"image":{"@id":"https:\/\/www.coccigames.com\/#\/schema\/logo\/image\/"}}]}},"_links":{"self":[{"href":"https:\/\/www.coccigames.com\/index.php\/wp-json\/wp\/v2\/product\/13054","targetHints":{"allow":["GET"]}}],"collection":[{"href":"https:\/\/www.coccigames.com\/index.php\/wp-json\/wp\/v2\/product"}],"about":[{"href":"https:\/\/www.coccigames.com\/index.php\/wp-json\/wp\/v2\/types\/product"}],"replies":[{"embeddable":true,"href":"https:\/\/www.coccigames.com\/index.php\/wp-json\/wp\/v2\/comments?post=13054"}],"wp:featuredmedia":[{"embeddable":true,"href":"https:\/\/www.coccigames.com\/index.php\/wp-json\/wp\/v2\/media\/13194"}],"wp:attachment":[{"href":"https:\/\/www.coccigames.com\/index.php\/wp-json\/wp\/v2\/media?parent=13054"}],"wp:term":[{"taxonomy":"product_brand","embeddable":true,"href":"https:\/\/www.coccigames.com\/index.php\/wp-json\/wp\/v2\/product_brand?post=13054"},{"taxonomy":"product_cat","embeddable":true,"href":"https:\/\/www.coccigames.com\/index.php\/wp-json\/wp\/v2\/product_cat?post=13054"},{"taxonomy":"product_tag","embeddable":true,"href":"https:\/\/www.coccigames.com\/index.php\/wp-json\/wp\/v2\/product_tag?post=13054"}],"curies":[{"name":"wp","href":"https:\/\/api.w.org\/{rel}","templated":true}]}}