{"id":13053,"date":"2025-12-20T13:22:45","date_gmt":"2025-12-20T12:22:45","guid":{"rendered":"https:\/\/www.coccigames.com\/index.php\/produit\/legion-fast-attack\/"},"modified":"2026-04-06T09:28:34","modified_gmt":"2026-04-06T07:28:34","slug":"legion-fast-attack","status":"publish","type":"product","link":"https:\/\/www.coccigames.com\/index.php\/produit\/legion-fast-attack\/","title":{"rendered":"LEGION FAST ATTACK"},"content":{"rendered":"<p>Les Legiones Astartes utilisent des motos de combat et des v\u00e9hicules glisseurs antigrav pour n\u00e9gocier le champ de bataille \u00e0 toute vitesse et avec une plus grande puissance de feu que n&rsquo;importe quel fantassin pourrait employer. Ces combattants rapides se ruent au contact et s\u00e8ment la destruction dans les lignes ennemies en menant des assuats de harc\u00e8lement, se repliant avant que les renforts ennemis puissent les rattraper.<\/p>\n<p>Ce kit en plastique permet d&rsquo;assembler 32 figurines des Legiones Astartes \u00e0 l&rsquo;\u00e9chelle epic pour vos parties de Legions Imperialis. Vous trouverez des Javelin et des Land Speeders plus petits avec divers choix d&rsquo;armes, ainsi que des motos Outrider et des motojets Scimitar. D\u00e9cha\u00eenez ces atouts rapides pour contourner votre adversaire et employer votre puissance de feu l\u00e0 o\u00f9 il s&rsquo;y attend le moins.<\/p>\n<p><strong>Ce set contient 32 figurines r\u00e9parties comme suit:<\/strong><\/p>\n<p>&#8211; 4x socles de Legion Outriders<\/p>\n<p>&#8211; 6x socles de Scimitar Jetbikes<\/p>\n<p>&#8211; 2x Land Speeders avec lance-flammes lourd et multi-fuseur<\/p>\n<p>&#8211; 2x Land Speeder avec canon \u00e0 plasma et bolter lourd<\/p>\n<p>&#8211; 4x Legion Javelins, chacun \u00e9quip\u00e9 avec les options d&rsquo;armes suivantes:<\/p>\n<p>\u2013 2x canons laser de flanc<\/p>\n<p>\u2013 2x lance-missiles Cyclone de flanc<\/p>\n","protected":false},"excerpt":{"rendered":"<p>Les Legiones Astartes utilisent des motos de combat et des v\u00e9hicules glisseurs antigrav pour n\u00e9gocier le champ de bataille \u00e0 toute vitesse et avec une plus grande puissance de feu que n&rsquo;importe quel fantassin pourrait employer. Ces combattants rapides se ruent au contact et s\u00e8ment&hellip;<\/p>\n","protected":false},"featured_media":13192,"comment_status":"open","ping_status":"closed","template":"","meta":[],"product_brand":[23],"product_cat":[6185],"product_tag":[434,6184],"class_list":{"0":"post-13053","1":"product","2":"type-product","3":"status-publish","4":"has-post-thumbnail","6":"product_brand-games-workshop","7":"product_cat-legion-imperialis","8":"product_tag-generic","9":"product_tag-legion-imperialis","11":"first","12":"onbackorder","13":"sale","14":"taxable","15":"shipping-taxable","16":"purchasable","17":"product-type-simple"},"yoast_head":"<!-- This site is optimized with the Yoast SEO plugin v26.4 - https:\/\/yoast.com\/wordpress\/plugins\/seo\/ -->\n<title>LEGION FAST ATTACK - Coccigames<\/title>\n<meta name=\"robots\" content=\"index, follow, max-snippet:-1, max-image-preview:large, max-video-preview:-1\" \/>\n<link rel=\"canonical\" href=\"https:\/\/www.coccigames.com\/index.php\/produit\/legion-fast-attack\/\" \/>\n<meta property=\"og:locale\" content=\"fr_FR\" \/>\n<meta property=\"og:type\" content=\"article\" \/>\n<meta property=\"og:title\" content=\"LEGION FAST ATTACK - Coccigames\" \/>\n<meta property=\"og:description\" content=\"Les Legiones Astartes utilisent des motos de combat et des v\u00e9hicules glisseurs antigrav pour n\u00e9gocier le champ de bataille \u00e0 toute vitesse et avec une plus grande puissance de feu que n&rsquo;importe quel fantassin pourrait employer. Ces combattants rapides se ruent au contact et s\u00e8ment&hellip;\" \/>\n<meta property=\"og:url\" content=\"https:\/\/www.coccigames.com\/index.php\/produit\/legion-fast-attack\/\" \/>\n<meta property=\"og:site_name\" content=\"Coccigames\" \/>\n<meta property=\"article:modified_time\" content=\"2026-04-06T07:28:34+00:00\" \/>\n<meta property=\"og:image\" content=\"https:\/\/www.coccigames.com\/wp-content\/uploads\/2025\/12\/99122601013_LILegionesAstartesFastAttack3.jpg\" \/>\n\t<meta property=\"og:image:width\" content=\"918\" \/>\n\t<meta property=\"og:image:height\" content=\"948\" \/>\n\t<meta property=\"og:image:type\" content=\"image\/jpeg\" \/>\n<meta name=\"twitter:card\" content=\"summary_large_image\" \/>\n<meta name=\"twitter:label1\" content=\"Dur\u00e9e de lecture estim\u00e9e\" \/>\n\t<meta name=\"twitter:data1\" content=\"1 minute\" \/>\n<script type=\"application\/ld+json\" class=\"yoast-schema-graph\">{\"@context\":\"https:\/\/schema.org\",\"@graph\":[{\"@type\":\"WebPage\",\"@id\":\"https:\/\/www.coccigames.com\/index.php\/produit\/legion-fast-attack\/\",\"url\":\"https:\/\/www.coccigames.com\/index.php\/produit\/legion-fast-attack\/\",\"name\":\"LEGION FAST ATTACK - Coccigames\",\"isPartOf\":{\"@id\":\"https:\/\/www.coccigames.com\/#website\"},\"primaryImageOfPage\":{\"@id\":\"https:\/\/www.coccigames.com\/index.php\/produit\/legion-fast-attack\/#primaryimage\"},\"image\":{\"@id\":\"https:\/\/www.coccigames.com\/index.php\/produit\/legion-fast-attack\/#primaryimage\"},\"thumbnailUrl\":\"https:\/\/www.coccigames.com\/wp-content\/uploads\/2025\/12\/99122601013_LILegionesAstartesFastAttack3.jpg\",\"datePublished\":\"2025-12-20T12:22:45+00:00\",\"dateModified\":\"2026-04-06T07:28:34+00:00\",\"breadcrumb\":{\"@id\":\"https:\/\/www.coccigames.com\/index.php\/produit\/legion-fast-attack\/#breadcrumb\"},\"inLanguage\":\"fr-FR\",\"potentialAction\":[{\"@type\":\"ReadAction\",\"target\":[\"https:\/\/www.coccigames.com\/index.php\/produit\/legion-fast-attack\/\"]}]},{\"@type\":\"ImageObject\",\"inLanguage\":\"fr-FR\",\"@id\":\"https:\/\/www.coccigames.com\/index.php\/produit\/legion-fast-attack\/#primaryimage\",\"url\":\"https:\/\/www.coccigames.com\/wp-content\/uploads\/2025\/12\/99122601013_LILegionesAstartesFastAttack3.jpg\",\"contentUrl\":\"https:\/\/www.coccigames.com\/wp-content\/uploads\/2025\/12\/99122601013_LILegionesAstartesFastAttack3.jpg\",\"width\":918,\"height\":948},{\"@type\":\"BreadcrumbList\",\"@id\":\"https:\/\/www.coccigames.com\/index.php\/produit\/legion-fast-attack\/#breadcrumb\",\"itemListElement\":[{\"@type\":\"ListItem\",\"position\":1,\"name\":\"Accueil\",\"item\":\"https:\/\/www.coccigames.com\/\"},{\"@type\":\"ListItem\",\"position\":2,\"name\":\"Boutique\",\"item\":\"https:\/\/www.coccigames.com\/index.php\/boutique\/\"},{\"@type\":\"ListItem\",\"position\":3,\"name\":\"LEGION FAST ATTACK\"}]},{\"@type\":\"WebSite\",\"@id\":\"https:\/\/www.coccigames.com\/#website\",\"url\":\"https:\/\/www.coccigames.com\/\",\"name\":\"Coccigames - Figurines et Peintures\",\"description\":\"Figurines et Peintures\",\"publisher\":{\"@id\":\"https:\/\/www.coccigames.com\/#organization\"},\"potentialAction\":[{\"@type\":\"SearchAction\",\"target\":{\"@type\":\"EntryPoint\",\"urlTemplate\":\"https:\/\/www.coccigames.com\/?s={search_term_string}\"},\"query-input\":{\"@type\":\"PropertyValueSpecification\",\"valueRequired\":true,\"valueName\":\"search_term_string\"}}],\"inLanguage\":\"fr-FR\"},{\"@type\":\"Organization\",\"@id\":\"https:\/\/www.coccigames.com\/#organization\",\"name\":\"Coccigames\",\"url\":\"https:\/\/www.coccigames.com\/\",\"logo\":{\"@type\":\"ImageObject\",\"inLanguage\":\"fr-FR\",\"@id\":\"https:\/\/www.coccigames.com\/#\/schema\/logo\/image\/\",\"url\":\"https:\/\/www.coccigames.com\/wp-content\/uploads\/2025\/12\/coccigames_logo_v5.png\",\"contentUrl\":\"https:\/\/www.coccigames.com\/wp-content\/uploads\/2025\/12\/coccigames_logo_v5.png\",\"width\":1768,\"height\":424,\"caption\":\"Coccigames\"},\"image\":{\"@id\":\"https:\/\/www.coccigames.com\/#\/schema\/logo\/image\/\"}}]}<\/script>\n<!-- \/ Yoast SEO plugin. -->","yoast_head_json":{"title":"LEGION FAST ATTACK - Coccigames","robots":{"index":"index","follow":"follow","max-snippet":"max-snippet:-1","max-image-preview":"max-image-preview:large","max-video-preview":"max-video-preview:-1"},"canonical":"https:\/\/www.coccigames.com\/index.php\/produit\/legion-fast-attack\/","og_locale":"fr_FR","og_type":"article","og_title":"LEGION FAST ATTACK - Coccigames","og_description":"Les Legiones Astartes utilisent des motos de combat et des v\u00e9hicules glisseurs antigrav pour n\u00e9gocier le champ de bataille \u00e0 toute vitesse et avec une plus grande puissance de feu que n&rsquo;importe quel fantassin pourrait employer. Ces combattants rapides se ruent au contact et s\u00e8ment&hellip;","og_url":"https:\/\/www.coccigames.com\/index.php\/produit\/legion-fast-attack\/","og_site_name":"Coccigames","article_modified_time":"2026-04-06T07:28:34+00:00","og_image":[{"width":918,"height":948,"url":"https:\/\/www.coccigames.com\/wp-content\/uploads\/2025\/12\/99122601013_LILegionesAstartesFastAttack3.jpg","type":"image\/jpeg"}],"twitter_card":"summary_large_image","twitter_misc":{"Dur\u00e9e de lecture estim\u00e9e":"1 minute"},"schema":{"@context":"https:\/\/schema.org","@graph":[{"@type":"WebPage","@id":"https:\/\/www.coccigames.com\/index.php\/produit\/legion-fast-attack\/","url":"https:\/\/www.coccigames.com\/index.php\/produit\/legion-fast-attack\/","name":"LEGION FAST ATTACK - Coccigames","isPartOf":{"@id":"https:\/\/www.coccigames.com\/#website"},"primaryImageOfPage":{"@id":"https:\/\/www.coccigames.com\/index.php\/produit\/legion-fast-attack\/#primaryimage"},"image":{"@id":"https:\/\/www.coccigames.com\/index.php\/produit\/legion-fast-attack\/#primaryimage"},"thumbnailUrl":"https:\/\/www.coccigames.com\/wp-content\/uploads\/2025\/12\/99122601013_LILegionesAstartesFastAttack3.jpg","datePublished":"2025-12-20T12:22:45+00:00","dateModified":"2026-04-06T07:28:34+00:00","breadcrumb":{"@id":"https:\/\/www.coccigames.com\/index.php\/produit\/legion-fast-attack\/#breadcrumb"},"inLanguage":"fr-FR","potentialAction":[{"@type":"ReadAction","target":["https:\/\/www.coccigames.com\/index.php\/produit\/legion-fast-attack\/"]}]},{"@type":"ImageObject","inLanguage":"fr-FR","@id":"https:\/\/www.coccigames.com\/index.php\/produit\/legion-fast-attack\/#primaryimage","url":"https:\/\/www.coccigames.com\/wp-content\/uploads\/2025\/12\/99122601013_LILegionesAstartesFastAttack3.jpg","contentUrl":"https:\/\/www.coccigames.com\/wp-content\/uploads\/2025\/12\/99122601013_LILegionesAstartesFastAttack3.jpg","width":918,"height":948},{"@type":"BreadcrumbList","@id":"https:\/\/www.coccigames.com\/index.php\/produit\/legion-fast-attack\/#breadcrumb","itemListElement":[{"@type":"ListItem","position":1,"name":"Accueil","item":"https:\/\/www.coccigames.com\/"},{"@type":"ListItem","position":2,"name":"Boutique","item":"https:\/\/www.coccigames.com\/index.php\/boutique\/"},{"@type":"ListItem","position":3,"name":"LEGION FAST ATTACK"}]},{"@type":"WebSite","@id":"https:\/\/www.coccigames.com\/#website","url":"https:\/\/www.coccigames.com\/","name":"Coccigames - Figurines et Peintures","description":"Figurines et Peintures","publisher":{"@id":"https:\/\/www.coccigames.com\/#organization"},"potentialAction":[{"@type":"SearchAction","target":{"@type":"EntryPoint","urlTemplate":"https:\/\/www.coccigames.com\/?s={search_term_string}"},"query-input":{"@type":"PropertyValueSpecification","valueRequired":true,"valueName":"search_term_string"}}],"inLanguage":"fr-FR"},{"@type":"Organization","@id":"https:\/\/www.coccigames.com\/#organization","name":"Coccigames","url":"https:\/\/www.coccigames.com\/","logo":{"@type":"ImageObject","inLanguage":"fr-FR","@id":"https:\/\/www.coccigames.com\/#\/schema\/logo\/image\/","url":"https:\/\/www.coccigames.com\/wp-content\/uploads\/2025\/12\/coccigames_logo_v5.png","contentUrl":"https:\/\/www.coccigames.com\/wp-content\/uploads\/2025\/12\/coccigames_logo_v5.png","width":1768,"height":424,"caption":"Coccigames"},"image":{"@id":"https:\/\/www.coccigames.com\/#\/schema\/logo\/image\/"}}]}},"_links":{"self":[{"href":"https:\/\/www.coccigames.com\/index.php\/wp-json\/wp\/v2\/product\/13053","targetHints":{"allow":["GET"]}}],"collection":[{"href":"https:\/\/www.coccigames.com\/index.php\/wp-json\/wp\/v2\/product"}],"about":[{"href":"https:\/\/www.coccigames.com\/index.php\/wp-json\/wp\/v2\/types\/product"}],"replies":[{"embeddable":true,"href":"https:\/\/www.coccigames.com\/index.php\/wp-json\/wp\/v2\/comments?post=13053"}],"wp:featuredmedia":[{"embeddable":true,"href":"https:\/\/www.coccigames.com\/index.php\/wp-json\/wp\/v2\/media\/13192"}],"wp:attachment":[{"href":"https:\/\/www.coccigames.com\/index.php\/wp-json\/wp\/v2\/media?parent=13053"}],"wp:term":[{"taxonomy":"product_brand","embeddable":true,"href":"https:\/\/www.coccigames.com\/index.php\/wp-json\/wp\/v2\/product_brand?post=13053"},{"taxonomy":"product_cat","embeddable":true,"href":"https:\/\/www.coccigames.com\/index.php\/wp-json\/wp\/v2\/product_cat?post=13053"},{"taxonomy":"product_tag","embeddable":true,"href":"https:\/\/www.coccigames.com\/index.php\/wp-json\/wp\/v2\/product_tag?post=13053"}],"curies":[{"name":"wp","href":"https:\/\/api.w.org\/{rel}","templated":true}]}}