{"id":13052,"date":"2025-12-20T13:22:44","date_gmt":"2025-12-20T12:22:44","guid":{"rendered":"https:\/\/www.coccigames.com\/index.php\/produit\/thunderhawk-gunship\/"},"modified":"2026-04-06T09:28:34","modified_gmt":"2026-04-06T07:28:34","slug":"thunderhawk-gunship","status":"publish","type":"product","link":"https:\/\/www.coccigames.com\/index.php\/produit\/thunderhawk-gunship\/","title":{"rendered":"THUNDERHAWK GUNSHIP"},"content":{"rendered":"<p>L&rsquo;Escorteur Thunderhawk remplit de nombreux r\u00f4les au sein des Legiones Astartes, mais il sert principalement d&rsquo;appareil de largage, traversant l&rsquo;atmosph\u00e8re et le vide spatial pour d\u00e9poser sa cargaison mortelle de Space Marines. Mais c&rsquo;est \u00e9galement une formidable plate-forme d&rsquo;armes, \u00e9quip\u00e9e pour nettoyer les zones d&rsquo;atterrissage et affronter les a\u00e9ronefs ennemis.<\/p>\n<p>Ce kit plastique permet d&rsquo;assembler un Thunderhawk Gunship \u00e0 l&rsquo;\u00e9chelle epic. L&rsquo;arme principale de ce colosse a\u00e9roport\u00e9 est un destructeur turbo-laser, tandis que son fuselage et ses ailes sont chacun \u00e9quip\u00e9s d&rsquo;une paire de tourelles de bolters lourds pour \u00e9liminer les cibles plus l\u00e9g\u00e8res. Il dispose \u00e9galement de deux canons laser mont\u00e9s sur les ailes d&rsquo;attaque auxiliaires, qui peuvent \u00eatre assembl\u00e9es sans colle pour pouvoir en ajuster la position en cours de partie. Le Thunderhawk est fourni avec six missiles Hellstrike \u00e0 monter sous ses ailes principales, et il peut \u00eatre assembl\u00e9 avec ses trains d&rsquo;atterrissage d\u00e9ploy\u00e9s pour se poser, ou rentr\u00e9s dans sa coque.<\/p>\n<p>Cette figurine peut \u00e9galement \u00eatre utilis\u00e9e dans les parties d&rsquo;Aeronautica Imperialis en la montant sur un socle Aeronautica Imperialis appropri\u00e9 et vendu s\u00e9par\u00e9ment.<\/p>\n<p><strong>Ce set contient:<\/strong><\/p>\n<p>&#8211; 1x Thunderhawk Gunship<\/p>\n<p>&#8211; 1x Socle Volant Legions Imperialis de 40 mm avec tige \u00e0 rotule<\/p>\n<p>&#8211; 1x Planche de D\u00e9calcos d&rsquo;Escadron Space Marine Legions Imperialis<\/p>\n","protected":false},"excerpt":{"rendered":"<p>L&rsquo;Escorteur Thunderhawk remplit de nombreux r\u00f4les au sein des Legiones Astartes, mais il sert principalement d&rsquo;appareil de largage, traversant l&rsquo;atmosph\u00e8re et le vide spatial pour d\u00e9poser sa cargaison mortelle de Space Marines. Mais c&rsquo;est \u00e9galement une formidable plate-forme d&rsquo;armes, \u00e9quip\u00e9e pour nettoyer les zones d&rsquo;atterrissage&hellip;<\/p>\n","protected":false},"featured_media":13200,"comment_status":"open","ping_status":"closed","template":"","meta":[],"product_brand":[23],"product_cat":[6185],"product_tag":[434,6184],"class_list":{"0":"post-13052","1":"product","2":"type-product","3":"status-publish","4":"has-post-thumbnail","6":"product_brand-games-workshop","7":"product_cat-legion-imperialis","8":"product_tag-generic","9":"product_tag-legion-imperialis","11":"first","12":"onbackorder","13":"sale","14":"taxable","15":"shipping-taxable","16":"purchasable","17":"product-type-simple"},"yoast_head":"<!-- This site is optimized with the Yoast SEO plugin v26.4 - https:\/\/yoast.com\/wordpress\/plugins\/seo\/ -->\n<title>THUNDERHAWK GUNSHIP - Coccigames<\/title>\n<meta name=\"robots\" content=\"index, follow, max-snippet:-1, max-image-preview:large, max-video-preview:-1\" \/>\n<link rel=\"canonical\" href=\"https:\/\/www.coccigames.com\/index.php\/produit\/thunderhawk-gunship\/\" \/>\n<meta property=\"og:locale\" content=\"fr_FR\" \/>\n<meta property=\"og:type\" content=\"article\" \/>\n<meta property=\"og:title\" content=\"THUNDERHAWK GUNSHIP - Coccigames\" \/>\n<meta property=\"og:description\" content=\"L&rsquo;Escorteur Thunderhawk remplit de nombreux r\u00f4les au sein des Legiones Astartes, mais il sert principalement d&rsquo;appareil de largage, traversant l&rsquo;atmosph\u00e8re et le vide spatial pour d\u00e9poser sa cargaison mortelle de Space Marines. Mais c&rsquo;est \u00e9galement une formidable plate-forme d&rsquo;armes, \u00e9quip\u00e9e pour nettoyer les zones d&rsquo;atterrissage&hellip;\" \/>\n<meta property=\"og:url\" content=\"https:\/\/www.coccigames.com\/index.php\/produit\/thunderhawk-gunship\/\" \/>\n<meta property=\"og:site_name\" content=\"Coccigames\" \/>\n<meta property=\"article:modified_time\" content=\"2026-04-06T07:28:34+00:00\" \/>\n<meta property=\"og:image\" content=\"https:\/\/www.coccigames.com\/wp-content\/uploads\/2025\/12\/99122601012_ThunderhawkGunship5.jpg\" \/>\n\t<meta property=\"og:image:width\" content=\"918\" \/>\n\t<meta property=\"og:image:height\" content=\"948\" \/>\n\t<meta property=\"og:image:type\" content=\"image\/jpeg\" \/>\n<meta name=\"twitter:card\" content=\"summary_large_image\" \/>\n<meta name=\"twitter:label1\" content=\"Dur\u00e9e de lecture estim\u00e9e\" \/>\n\t<meta name=\"twitter:data1\" content=\"2 minutes\" \/>\n<script type=\"application\/ld+json\" class=\"yoast-schema-graph\">{\"@context\":\"https:\/\/schema.org\",\"@graph\":[{\"@type\":\"WebPage\",\"@id\":\"https:\/\/www.coccigames.com\/index.php\/produit\/thunderhawk-gunship\/\",\"url\":\"https:\/\/www.coccigames.com\/index.php\/produit\/thunderhawk-gunship\/\",\"name\":\"THUNDERHAWK GUNSHIP - Coccigames\",\"isPartOf\":{\"@id\":\"https:\/\/www.coccigames.com\/#website\"},\"primaryImageOfPage\":{\"@id\":\"https:\/\/www.coccigames.com\/index.php\/produit\/thunderhawk-gunship\/#primaryimage\"},\"image\":{\"@id\":\"https:\/\/www.coccigames.com\/index.php\/produit\/thunderhawk-gunship\/#primaryimage\"},\"thumbnailUrl\":\"https:\/\/www.coccigames.com\/wp-content\/uploads\/2025\/12\/99122601012_ThunderhawkGunship5.jpg\",\"datePublished\":\"2025-12-20T12:22:44+00:00\",\"dateModified\":\"2026-04-06T07:28:34+00:00\",\"breadcrumb\":{\"@id\":\"https:\/\/www.coccigames.com\/index.php\/produit\/thunderhawk-gunship\/#breadcrumb\"},\"inLanguage\":\"fr-FR\",\"potentialAction\":[{\"@type\":\"ReadAction\",\"target\":[\"https:\/\/www.coccigames.com\/index.php\/produit\/thunderhawk-gunship\/\"]}]},{\"@type\":\"ImageObject\",\"inLanguage\":\"fr-FR\",\"@id\":\"https:\/\/www.coccigames.com\/index.php\/produit\/thunderhawk-gunship\/#primaryimage\",\"url\":\"https:\/\/www.coccigames.com\/wp-content\/uploads\/2025\/12\/99122601012_ThunderhawkGunship5.jpg\",\"contentUrl\":\"https:\/\/www.coccigames.com\/wp-content\/uploads\/2025\/12\/99122601012_ThunderhawkGunship5.jpg\",\"width\":918,\"height\":948},{\"@type\":\"BreadcrumbList\",\"@id\":\"https:\/\/www.coccigames.com\/index.php\/produit\/thunderhawk-gunship\/#breadcrumb\",\"itemListElement\":[{\"@type\":\"ListItem\",\"position\":1,\"name\":\"Accueil\",\"item\":\"https:\/\/www.coccigames.com\/\"},{\"@type\":\"ListItem\",\"position\":2,\"name\":\"Boutique\",\"item\":\"https:\/\/www.coccigames.com\/index.php\/boutique\/\"},{\"@type\":\"ListItem\",\"position\":3,\"name\":\"THUNDERHAWK GUNSHIP\"}]},{\"@type\":\"WebSite\",\"@id\":\"https:\/\/www.coccigames.com\/#website\",\"url\":\"https:\/\/www.coccigames.com\/\",\"name\":\"Coccigames - Figurines et Peintures\",\"description\":\"Figurines et Peintures\",\"publisher\":{\"@id\":\"https:\/\/www.coccigames.com\/#organization\"},\"potentialAction\":[{\"@type\":\"SearchAction\",\"target\":{\"@type\":\"EntryPoint\",\"urlTemplate\":\"https:\/\/www.coccigames.com\/?s={search_term_string}\"},\"query-input\":{\"@type\":\"PropertyValueSpecification\",\"valueRequired\":true,\"valueName\":\"search_term_string\"}}],\"inLanguage\":\"fr-FR\"},{\"@type\":\"Organization\",\"@id\":\"https:\/\/www.coccigames.com\/#organization\",\"name\":\"Coccigames\",\"url\":\"https:\/\/www.coccigames.com\/\",\"logo\":{\"@type\":\"ImageObject\",\"inLanguage\":\"fr-FR\",\"@id\":\"https:\/\/www.coccigames.com\/#\/schema\/logo\/image\/\",\"url\":\"https:\/\/www.coccigames.com\/wp-content\/uploads\/2025\/12\/coccigames_logo_v5.png\",\"contentUrl\":\"https:\/\/www.coccigames.com\/wp-content\/uploads\/2025\/12\/coccigames_logo_v5.png\",\"width\":1768,\"height\":424,\"caption\":\"Coccigames\"},\"image\":{\"@id\":\"https:\/\/www.coccigames.com\/#\/schema\/logo\/image\/\"}}]}<\/script>\n<!-- \/ Yoast SEO plugin. -->","yoast_head_json":{"title":"THUNDERHAWK GUNSHIP - Coccigames","robots":{"index":"index","follow":"follow","max-snippet":"max-snippet:-1","max-image-preview":"max-image-preview:large","max-video-preview":"max-video-preview:-1"},"canonical":"https:\/\/www.coccigames.com\/index.php\/produit\/thunderhawk-gunship\/","og_locale":"fr_FR","og_type":"article","og_title":"THUNDERHAWK GUNSHIP - Coccigames","og_description":"L&rsquo;Escorteur Thunderhawk remplit de nombreux r\u00f4les au sein des Legiones Astartes, mais il sert principalement d&rsquo;appareil de largage, traversant l&rsquo;atmosph\u00e8re et le vide spatial pour d\u00e9poser sa cargaison mortelle de Space Marines. Mais c&rsquo;est \u00e9galement une formidable plate-forme d&rsquo;armes, \u00e9quip\u00e9e pour nettoyer les zones d&rsquo;atterrissage&hellip;","og_url":"https:\/\/www.coccigames.com\/index.php\/produit\/thunderhawk-gunship\/","og_site_name":"Coccigames","article_modified_time":"2026-04-06T07:28:34+00:00","og_image":[{"width":918,"height":948,"url":"https:\/\/www.coccigames.com\/wp-content\/uploads\/2025\/12\/99122601012_ThunderhawkGunship5.jpg","type":"image\/jpeg"}],"twitter_card":"summary_large_image","twitter_misc":{"Dur\u00e9e de lecture estim\u00e9e":"2 minutes"},"schema":{"@context":"https:\/\/schema.org","@graph":[{"@type":"WebPage","@id":"https:\/\/www.coccigames.com\/index.php\/produit\/thunderhawk-gunship\/","url":"https:\/\/www.coccigames.com\/index.php\/produit\/thunderhawk-gunship\/","name":"THUNDERHAWK GUNSHIP - Coccigames","isPartOf":{"@id":"https:\/\/www.coccigames.com\/#website"},"primaryImageOfPage":{"@id":"https:\/\/www.coccigames.com\/index.php\/produit\/thunderhawk-gunship\/#primaryimage"},"image":{"@id":"https:\/\/www.coccigames.com\/index.php\/produit\/thunderhawk-gunship\/#primaryimage"},"thumbnailUrl":"https:\/\/www.coccigames.com\/wp-content\/uploads\/2025\/12\/99122601012_ThunderhawkGunship5.jpg","datePublished":"2025-12-20T12:22:44+00:00","dateModified":"2026-04-06T07:28:34+00:00","breadcrumb":{"@id":"https:\/\/www.coccigames.com\/index.php\/produit\/thunderhawk-gunship\/#breadcrumb"},"inLanguage":"fr-FR","potentialAction":[{"@type":"ReadAction","target":["https:\/\/www.coccigames.com\/index.php\/produit\/thunderhawk-gunship\/"]}]},{"@type":"ImageObject","inLanguage":"fr-FR","@id":"https:\/\/www.coccigames.com\/index.php\/produit\/thunderhawk-gunship\/#primaryimage","url":"https:\/\/www.coccigames.com\/wp-content\/uploads\/2025\/12\/99122601012_ThunderhawkGunship5.jpg","contentUrl":"https:\/\/www.coccigames.com\/wp-content\/uploads\/2025\/12\/99122601012_ThunderhawkGunship5.jpg","width":918,"height":948},{"@type":"BreadcrumbList","@id":"https:\/\/www.coccigames.com\/index.php\/produit\/thunderhawk-gunship\/#breadcrumb","itemListElement":[{"@type":"ListItem","position":1,"name":"Accueil","item":"https:\/\/www.coccigames.com\/"},{"@type":"ListItem","position":2,"name":"Boutique","item":"https:\/\/www.coccigames.com\/index.php\/boutique\/"},{"@type":"ListItem","position":3,"name":"THUNDERHAWK GUNSHIP"}]},{"@type":"WebSite","@id":"https:\/\/www.coccigames.com\/#website","url":"https:\/\/www.coccigames.com\/","name":"Coccigames - Figurines et Peintures","description":"Figurines et Peintures","publisher":{"@id":"https:\/\/www.coccigames.com\/#organization"},"potentialAction":[{"@type":"SearchAction","target":{"@type":"EntryPoint","urlTemplate":"https:\/\/www.coccigames.com\/?s={search_term_string}"},"query-input":{"@type":"PropertyValueSpecification","valueRequired":true,"valueName":"search_term_string"}}],"inLanguage":"fr-FR"},{"@type":"Organization","@id":"https:\/\/www.coccigames.com\/#organization","name":"Coccigames","url":"https:\/\/www.coccigames.com\/","logo":{"@type":"ImageObject","inLanguage":"fr-FR","@id":"https:\/\/www.coccigames.com\/#\/schema\/logo\/image\/","url":"https:\/\/www.coccigames.com\/wp-content\/uploads\/2025\/12\/coccigames_logo_v5.png","contentUrl":"https:\/\/www.coccigames.com\/wp-content\/uploads\/2025\/12\/coccigames_logo_v5.png","width":1768,"height":424,"caption":"Coccigames"},"image":{"@id":"https:\/\/www.coccigames.com\/#\/schema\/logo\/image\/"}}]}},"_links":{"self":[{"href":"https:\/\/www.coccigames.com\/index.php\/wp-json\/wp\/v2\/product\/13052","targetHints":{"allow":["GET"]}}],"collection":[{"href":"https:\/\/www.coccigames.com\/index.php\/wp-json\/wp\/v2\/product"}],"about":[{"href":"https:\/\/www.coccigames.com\/index.php\/wp-json\/wp\/v2\/types\/product"}],"replies":[{"embeddable":true,"href":"https:\/\/www.coccigames.com\/index.php\/wp-json\/wp\/v2\/comments?post=13052"}],"wp:featuredmedia":[{"embeddable":true,"href":"https:\/\/www.coccigames.com\/index.php\/wp-json\/wp\/v2\/media\/13200"}],"wp:attachment":[{"href":"https:\/\/www.coccigames.com\/index.php\/wp-json\/wp\/v2\/media?parent=13052"}],"wp:term":[{"taxonomy":"product_brand","embeddable":true,"href":"https:\/\/www.coccigames.com\/index.php\/wp-json\/wp\/v2\/product_brand?post=13052"},{"taxonomy":"product_cat","embeddable":true,"href":"https:\/\/www.coccigames.com\/index.php\/wp-json\/wp\/v2\/product_cat?post=13052"},{"taxonomy":"product_tag","embeddable":true,"href":"https:\/\/www.coccigames.com\/index.php\/wp-json\/wp\/v2\/product_tag?post=13052"}],"curies":[{"name":"wp","href":"https:\/\/api.w.org\/{rel}","templated":true}]}}