{"id":13051,"date":"2025-12-20T13:22:44","date_gmt":"2025-12-20T12:22:44","guid":{"rendered":"https:\/\/www.coccigames.com\/index.php\/produit\/xiphon-interceptor-squadron\/"},"modified":"2026-04-06T09:28:34","modified_gmt":"2026-04-06T07:28:34","slug":"xiphon-interceptor-squadron","status":"publish","type":"product","link":"https:\/\/www.coccigames.com\/index.php\/produit\/xiphon-interceptor-squadron\/","title":{"rendered":"XIPHON INTERCEPTOR SQUADRON"},"content":{"rendered":"<p>Le Xiphon est un appareil de combat pouvant \u00e9voluer dans et hors de l&rsquo;atmosph\u00e8re et dont les origines remontent loin dans l&rsquo;histoire. Des variantes uniques du mod\u00e8le de base ont \u00e9t\u00e9 d\u00e9couvertes sur des colonies humaines perdues dans toute la galaxie. Puissant et lourdement arm\u00e9, le Xiphon \u00e9tait de moins en moins utilis\u00e9 sur les lignes de front \u00e0 la fin de la Grande Croisade: des dizaines de milliers d&rsquo;a\u00e9ronefs d\u00e9laiss\u00e9s reprirent rapidement du service lors de l&rsquo;H\u00e9r\u00e9sie d&rsquo;Horus.<\/p>\n<p>Plus difficiles \u00e0 abattre que la plupart des chasseurs, et dot\u00e9s d&rsquo;une terrible puissance de feu prenant la forme de quatre canons laser et d&rsquo;un syst\u00e8me de missiles, les Xiphon Interceptors sont capables de d\u00e9chiqueter m\u00eame les plus farouches r\u00e9sistances. Les missiles frag peuvent \u00eatre \u00e9chang\u00e9s contre des missiles krak pour transpercer les cibles au sol, ou contre des missiles traqueurs pour arracher la sup\u00e9riorit\u00e9 a\u00e9rienne. Ces appareils peuvent rivaliser avec n&rsquo;importe quel ennemi, et cette bo\u00eete vous en fournit pas moins de six pour soutenir votre arm\u00e9e<\/p>\n<p>Ces figurines peuvent \u00e9galement \u00eatre utilis\u00e9es dans les parties d&rsquo;Aeronautica Imperialis en les montant sur des socles Aeronautica Imperialis, vendus s\u00e9par\u00e9ment.<\/p>\n<p><strong>Ce set contient:<\/strong><\/p>\n<p>&#8211; 6x figurines en plastique d&rsquo;Adeptus Astartes Xiphon Interceptors<\/p>\n<p>&#8211; 6x Socles Ronds Volants Legions Imperialis de 40mm avec tige \u00e0 rotule<\/p>\n<p>&#8211; 1x planche de d\u00e9calcos d&rsquo;Escadron Space Marine<\/p>\n","protected":false},"excerpt":{"rendered":"<p>Le Xiphon est un appareil de combat pouvant \u00e9voluer dans et hors de l&rsquo;atmosph\u00e8re et dont les origines remontent loin dans l&rsquo;histoire. Des variantes uniques du mod\u00e8le de base ont \u00e9t\u00e9 d\u00e9couvertes sur des colonies humaines perdues dans toute la galaxie. Puissant et lourdement arm\u00e9,&hellip;<\/p>\n","protected":false},"featured_media":13198,"comment_status":"open","ping_status":"closed","template":"","meta":[],"product_brand":[23],"product_cat":[6185],"product_tag":[434,6184],"class_list":{"0":"post-13051","1":"product","2":"type-product","3":"status-publish","4":"has-post-thumbnail","6":"product_brand-games-workshop","7":"product_cat-legion-imperialis","8":"product_tag-generic","9":"product_tag-legion-imperialis","11":"first","12":"onbackorder","13":"sale","14":"taxable","15":"shipping-taxable","16":"purchasable","17":"product-type-simple"},"yoast_head":"<!-- This site is optimized with the Yoast SEO plugin v26.4 - https:\/\/yoast.com\/wordpress\/plugins\/seo\/ -->\n<title>XIPHON INTERCEPTOR SQUADRON - Coccigames<\/title>\n<meta name=\"robots\" content=\"index, follow, max-snippet:-1, max-image-preview:large, max-video-preview:-1\" \/>\n<link rel=\"canonical\" href=\"https:\/\/www.coccigames.com\/index.php\/produit\/xiphon-interceptor-squadron\/\" \/>\n<meta property=\"og:locale\" content=\"fr_FR\" \/>\n<meta property=\"og:type\" content=\"article\" \/>\n<meta property=\"og:title\" content=\"XIPHON INTERCEPTOR SQUADRON - Coccigames\" \/>\n<meta property=\"og:description\" content=\"Le Xiphon est un appareil de combat pouvant \u00e9voluer dans et hors de l&rsquo;atmosph\u00e8re et dont les origines remontent loin dans l&rsquo;histoire. Des variantes uniques du mod\u00e8le de base ont \u00e9t\u00e9 d\u00e9couvertes sur des colonies humaines perdues dans toute la galaxie. Puissant et lourdement arm\u00e9,&hellip;\" \/>\n<meta property=\"og:url\" content=\"https:\/\/www.coccigames.com\/index.php\/produit\/xiphon-interceptor-squadron\/\" \/>\n<meta property=\"og:site_name\" content=\"Coccigames\" \/>\n<meta property=\"article:modified_time\" content=\"2026-04-06T07:28:34+00:00\" \/>\n<meta property=\"og:image\" content=\"https:\/\/www.coccigames.com\/wp-content\/uploads\/2025\/12\/99122601010_XiphonInterceptorSquad6.jpg\" \/>\n\t<meta property=\"og:image:width\" content=\"918\" \/>\n\t<meta property=\"og:image:height\" content=\"948\" \/>\n\t<meta property=\"og:image:type\" content=\"image\/jpeg\" \/>\n<meta name=\"twitter:card\" content=\"summary_large_image\" \/>\n<meta name=\"twitter:label1\" content=\"Dur\u00e9e de lecture estim\u00e9e\" \/>\n\t<meta name=\"twitter:data1\" content=\"2 minutes\" \/>\n<script type=\"application\/ld+json\" class=\"yoast-schema-graph\">{\"@context\":\"https:\/\/schema.org\",\"@graph\":[{\"@type\":\"WebPage\",\"@id\":\"https:\/\/www.coccigames.com\/index.php\/produit\/xiphon-interceptor-squadron\/\",\"url\":\"https:\/\/www.coccigames.com\/index.php\/produit\/xiphon-interceptor-squadron\/\",\"name\":\"XIPHON INTERCEPTOR SQUADRON - Coccigames\",\"isPartOf\":{\"@id\":\"https:\/\/www.coccigames.com\/#website\"},\"primaryImageOfPage\":{\"@id\":\"https:\/\/www.coccigames.com\/index.php\/produit\/xiphon-interceptor-squadron\/#primaryimage\"},\"image\":{\"@id\":\"https:\/\/www.coccigames.com\/index.php\/produit\/xiphon-interceptor-squadron\/#primaryimage\"},\"thumbnailUrl\":\"https:\/\/www.coccigames.com\/wp-content\/uploads\/2025\/12\/99122601010_XiphonInterceptorSquad6.jpg\",\"datePublished\":\"2025-12-20T12:22:44+00:00\",\"dateModified\":\"2026-04-06T07:28:34+00:00\",\"breadcrumb\":{\"@id\":\"https:\/\/www.coccigames.com\/index.php\/produit\/xiphon-interceptor-squadron\/#breadcrumb\"},\"inLanguage\":\"fr-FR\",\"potentialAction\":[{\"@type\":\"ReadAction\",\"target\":[\"https:\/\/www.coccigames.com\/index.php\/produit\/xiphon-interceptor-squadron\/\"]}]},{\"@type\":\"ImageObject\",\"inLanguage\":\"fr-FR\",\"@id\":\"https:\/\/www.coccigames.com\/index.php\/produit\/xiphon-interceptor-squadron\/#primaryimage\",\"url\":\"https:\/\/www.coccigames.com\/wp-content\/uploads\/2025\/12\/99122601010_XiphonInterceptorSquad6.jpg\",\"contentUrl\":\"https:\/\/www.coccigames.com\/wp-content\/uploads\/2025\/12\/99122601010_XiphonInterceptorSquad6.jpg\",\"width\":918,\"height\":948},{\"@type\":\"BreadcrumbList\",\"@id\":\"https:\/\/www.coccigames.com\/index.php\/produit\/xiphon-interceptor-squadron\/#breadcrumb\",\"itemListElement\":[{\"@type\":\"ListItem\",\"position\":1,\"name\":\"Accueil\",\"item\":\"https:\/\/www.coccigames.com\/\"},{\"@type\":\"ListItem\",\"position\":2,\"name\":\"Boutique\",\"item\":\"https:\/\/www.coccigames.com\/index.php\/boutique\/\"},{\"@type\":\"ListItem\",\"position\":3,\"name\":\"XIPHON INTERCEPTOR SQUADRON\"}]},{\"@type\":\"WebSite\",\"@id\":\"https:\/\/www.coccigames.com\/#website\",\"url\":\"https:\/\/www.coccigames.com\/\",\"name\":\"Coccigames - Figurines et Peintures\",\"description\":\"Figurines et Peintures\",\"publisher\":{\"@id\":\"https:\/\/www.coccigames.com\/#organization\"},\"potentialAction\":[{\"@type\":\"SearchAction\",\"target\":{\"@type\":\"EntryPoint\",\"urlTemplate\":\"https:\/\/www.coccigames.com\/?s={search_term_string}\"},\"query-input\":{\"@type\":\"PropertyValueSpecification\",\"valueRequired\":true,\"valueName\":\"search_term_string\"}}],\"inLanguage\":\"fr-FR\"},{\"@type\":\"Organization\",\"@id\":\"https:\/\/www.coccigames.com\/#organization\",\"name\":\"Coccigames\",\"url\":\"https:\/\/www.coccigames.com\/\",\"logo\":{\"@type\":\"ImageObject\",\"inLanguage\":\"fr-FR\",\"@id\":\"https:\/\/www.coccigames.com\/#\/schema\/logo\/image\/\",\"url\":\"https:\/\/www.coccigames.com\/wp-content\/uploads\/2025\/12\/coccigames_logo_v5.png\",\"contentUrl\":\"https:\/\/www.coccigames.com\/wp-content\/uploads\/2025\/12\/coccigames_logo_v5.png\",\"width\":1768,\"height\":424,\"caption\":\"Coccigames\"},\"image\":{\"@id\":\"https:\/\/www.coccigames.com\/#\/schema\/logo\/image\/\"}}]}<\/script>\n<!-- \/ Yoast SEO plugin. -->","yoast_head_json":{"title":"XIPHON INTERCEPTOR SQUADRON - Coccigames","robots":{"index":"index","follow":"follow","max-snippet":"max-snippet:-1","max-image-preview":"max-image-preview:large","max-video-preview":"max-video-preview:-1"},"canonical":"https:\/\/www.coccigames.com\/index.php\/produit\/xiphon-interceptor-squadron\/","og_locale":"fr_FR","og_type":"article","og_title":"XIPHON INTERCEPTOR SQUADRON - Coccigames","og_description":"Le Xiphon est un appareil de combat pouvant \u00e9voluer dans et hors de l&rsquo;atmosph\u00e8re et dont les origines remontent loin dans l&rsquo;histoire. Des variantes uniques du mod\u00e8le de base ont \u00e9t\u00e9 d\u00e9couvertes sur des colonies humaines perdues dans toute la galaxie. Puissant et lourdement arm\u00e9,&hellip;","og_url":"https:\/\/www.coccigames.com\/index.php\/produit\/xiphon-interceptor-squadron\/","og_site_name":"Coccigames","article_modified_time":"2026-04-06T07:28:34+00:00","og_image":[{"width":918,"height":948,"url":"https:\/\/www.coccigames.com\/wp-content\/uploads\/2025\/12\/99122601010_XiphonInterceptorSquad6.jpg","type":"image\/jpeg"}],"twitter_card":"summary_large_image","twitter_misc":{"Dur\u00e9e de lecture estim\u00e9e":"2 minutes"},"schema":{"@context":"https:\/\/schema.org","@graph":[{"@type":"WebPage","@id":"https:\/\/www.coccigames.com\/index.php\/produit\/xiphon-interceptor-squadron\/","url":"https:\/\/www.coccigames.com\/index.php\/produit\/xiphon-interceptor-squadron\/","name":"XIPHON INTERCEPTOR SQUADRON - Coccigames","isPartOf":{"@id":"https:\/\/www.coccigames.com\/#website"},"primaryImageOfPage":{"@id":"https:\/\/www.coccigames.com\/index.php\/produit\/xiphon-interceptor-squadron\/#primaryimage"},"image":{"@id":"https:\/\/www.coccigames.com\/index.php\/produit\/xiphon-interceptor-squadron\/#primaryimage"},"thumbnailUrl":"https:\/\/www.coccigames.com\/wp-content\/uploads\/2025\/12\/99122601010_XiphonInterceptorSquad6.jpg","datePublished":"2025-12-20T12:22:44+00:00","dateModified":"2026-04-06T07:28:34+00:00","breadcrumb":{"@id":"https:\/\/www.coccigames.com\/index.php\/produit\/xiphon-interceptor-squadron\/#breadcrumb"},"inLanguage":"fr-FR","potentialAction":[{"@type":"ReadAction","target":["https:\/\/www.coccigames.com\/index.php\/produit\/xiphon-interceptor-squadron\/"]}]},{"@type":"ImageObject","inLanguage":"fr-FR","@id":"https:\/\/www.coccigames.com\/index.php\/produit\/xiphon-interceptor-squadron\/#primaryimage","url":"https:\/\/www.coccigames.com\/wp-content\/uploads\/2025\/12\/99122601010_XiphonInterceptorSquad6.jpg","contentUrl":"https:\/\/www.coccigames.com\/wp-content\/uploads\/2025\/12\/99122601010_XiphonInterceptorSquad6.jpg","width":918,"height":948},{"@type":"BreadcrumbList","@id":"https:\/\/www.coccigames.com\/index.php\/produit\/xiphon-interceptor-squadron\/#breadcrumb","itemListElement":[{"@type":"ListItem","position":1,"name":"Accueil","item":"https:\/\/www.coccigames.com\/"},{"@type":"ListItem","position":2,"name":"Boutique","item":"https:\/\/www.coccigames.com\/index.php\/boutique\/"},{"@type":"ListItem","position":3,"name":"XIPHON INTERCEPTOR SQUADRON"}]},{"@type":"WebSite","@id":"https:\/\/www.coccigames.com\/#website","url":"https:\/\/www.coccigames.com\/","name":"Coccigames - Figurines et Peintures","description":"Figurines et Peintures","publisher":{"@id":"https:\/\/www.coccigames.com\/#organization"},"potentialAction":[{"@type":"SearchAction","target":{"@type":"EntryPoint","urlTemplate":"https:\/\/www.coccigames.com\/?s={search_term_string}"},"query-input":{"@type":"PropertyValueSpecification","valueRequired":true,"valueName":"search_term_string"}}],"inLanguage":"fr-FR"},{"@type":"Organization","@id":"https:\/\/www.coccigames.com\/#organization","name":"Coccigames","url":"https:\/\/www.coccigames.com\/","logo":{"@type":"ImageObject","inLanguage":"fr-FR","@id":"https:\/\/www.coccigames.com\/#\/schema\/logo\/image\/","url":"https:\/\/www.coccigames.com\/wp-content\/uploads\/2025\/12\/coccigames_logo_v5.png","contentUrl":"https:\/\/www.coccigames.com\/wp-content\/uploads\/2025\/12\/coccigames_logo_v5.png","width":1768,"height":424,"caption":"Coccigames"},"image":{"@id":"https:\/\/www.coccigames.com\/#\/schema\/logo\/image\/"}}]}},"_links":{"self":[{"href":"https:\/\/www.coccigames.com\/index.php\/wp-json\/wp\/v2\/product\/13051","targetHints":{"allow":["GET"]}}],"collection":[{"href":"https:\/\/www.coccigames.com\/index.php\/wp-json\/wp\/v2\/product"}],"about":[{"href":"https:\/\/www.coccigames.com\/index.php\/wp-json\/wp\/v2\/types\/product"}],"replies":[{"embeddable":true,"href":"https:\/\/www.coccigames.com\/index.php\/wp-json\/wp\/v2\/comments?post=13051"}],"wp:featuredmedia":[{"embeddable":true,"href":"https:\/\/www.coccigames.com\/index.php\/wp-json\/wp\/v2\/media\/13198"}],"wp:attachment":[{"href":"https:\/\/www.coccigames.com\/index.php\/wp-json\/wp\/v2\/media?parent=13051"}],"wp:term":[{"taxonomy":"product_brand","embeddable":true,"href":"https:\/\/www.coccigames.com\/index.php\/wp-json\/wp\/v2\/product_brand?post=13051"},{"taxonomy":"product_cat","embeddable":true,"href":"https:\/\/www.coccigames.com\/index.php\/wp-json\/wp\/v2\/product_cat?post=13051"},{"taxonomy":"product_tag","embeddable":true,"href":"https:\/\/www.coccigames.com\/index.php\/wp-json\/wp\/v2\/product_tag?post=13051"}],"curies":[{"name":"wp","href":"https:\/\/api.w.org\/{rel}","templated":true}]}}