{"id":13049,"date":"2025-12-20T13:22:43","date_gmt":"2025-12-20T12:22:43","guid":{"rendered":"https:\/\/www.coccigames.com\/index.php\/produit\/rhino-transports\/"},"modified":"2026-04-06T09:28:34","modified_gmt":"2026-04-06T07:28:34","slug":"rhino-transports","status":"publish","type":"product","link":"https:\/\/www.coccigames.com\/index.php\/produit\/rhino-transports\/","title":{"rendered":"RHINO TRANSPORTS"},"content":{"rendered":"<p>Le Rhino est le transport de personnel blind\u00e9 le plus r\u00e9pandu de l&rsquo;Imperium. Bas\u00e9e sur la technologie d&rsquo;un antique SCS, sa conception \u00e9l\u00e9mentaire est fiable, robuste et facile \u00e0 entretenir, et elle est dot\u00e9e d&rsquo;un moteur adaptatif pouvant accepter une grande vari\u00e9t\u00e9 de carburants. Au sein des L\u00e9gions de Space Marines, le mod\u00e8le Deimos est le plus r\u00e9pandu et sert de transport de troupes blind\u00e9 de base aux Legiones Astartes, ainsi que de fondation \u00e0 bon nombre d&rsquo;autres machines de guerre.<\/p>\n<p>Ce kit plastique permet d&rsquo;assembler 10 Rhinos des Legiones Astartes \u00e0 l&rsquo;\u00e9chelle epic. Ces robustes transports emm\u00e8nent votre infanterie space marine \u00e0 travers les champs de bataille de Legions Imperialis. Chacun est dot\u00e9 de bolters jumel\u00e9s sur pivot par d\u00e9faut, mais le kit contient deux lanceurs Havoc sur pivot et quatre multi-fuseurs pour fournir un meilleur tir de soutien. Vous trouverez \u00e9galement des options d&rsquo;assemblages esth\u00e9tiques pour vous aider \u00e0 personnaliser vos v\u00e9hicules, comme des lames de bulldozer, des missiles traqueurs et des bolters jumel\u00e9s s\u00e9par\u00e9s ou combin\u00e9s.<\/p>\n<p><strong>Ce set contient:<\/strong><\/p>\n<p>&#8211; 10x Rhinos<\/p>\n<p>&#8211; 16x bolters jumel\u00e9s sur pivot (10 s\u00e9par\u00e9s, 6 combin\u00e9s)<\/p>\n<p>&#8211; 4x multi-fuseurs sur pivot<\/p>\n<p>&#8211; 2x lanceurs Havoc sur pivot<\/p>\n<p>&#8211; 1x Planche de D\u00e9calcos de V\u00e9hicules de L\u00e9gion des Legiones Astartes<\/p>\n","protected":false},"excerpt":{"rendered":"<p>Le Rhino est le transport de personnel blind\u00e9 le plus r\u00e9pandu de l&rsquo;Imperium. Bas\u00e9e sur la technologie d&rsquo;un antique SCS, sa conception \u00e9l\u00e9mentaire est fiable, robuste et facile \u00e0 entretenir, et elle est dot\u00e9e d&rsquo;un moteur adaptatif pouvant accepter une grande vari\u00e9t\u00e9 de carburants. Au&hellip;<\/p>\n","protected":false},"featured_media":13209,"comment_status":"open","ping_status":"closed","template":"","meta":[],"product_brand":[23],"product_cat":[6185],"product_tag":[434,6184],"class_list":{"0":"post-13049","1":"product","2":"type-product","3":"status-publish","4":"has-post-thumbnail","6":"product_brand-games-workshop","7":"product_cat-legion-imperialis","8":"product_tag-generic","9":"product_tag-legion-imperialis","11":"first","12":"onbackorder","13":"sale","14":"taxable","15":"shipping-taxable","16":"purchasable","17":"product-type-simple"},"yoast_head":"<!-- This site is optimized with the Yoast SEO plugin v26.4 - https:\/\/yoast.com\/wordpress\/plugins\/seo\/ -->\n<title>RHINO TRANSPORTS - Coccigames<\/title>\n<meta name=\"robots\" content=\"index, follow, max-snippet:-1, max-image-preview:large, max-video-preview:-1\" \/>\n<link rel=\"canonical\" href=\"https:\/\/www.coccigames.com\/index.php\/produit\/rhino-transports\/\" \/>\n<meta property=\"og:locale\" content=\"fr_FR\" \/>\n<meta property=\"og:type\" content=\"article\" \/>\n<meta property=\"og:title\" content=\"RHINO TRANSPORTS - Coccigames\" \/>\n<meta property=\"og:description\" content=\"Le Rhino est le transport de personnel blind\u00e9 le plus r\u00e9pandu de l&rsquo;Imperium. Bas\u00e9e sur la technologie d&rsquo;un antique SCS, sa conception \u00e9l\u00e9mentaire est fiable, robuste et facile \u00e0 entretenir, et elle est dot\u00e9e d&rsquo;un moteur adaptatif pouvant accepter une grande vari\u00e9t\u00e9 de carburants. Au&hellip;\" \/>\n<meta property=\"og:url\" content=\"https:\/\/www.coccigames.com\/index.php\/produit\/rhino-transports\/\" \/>\n<meta property=\"og:site_name\" content=\"Coccigames\" \/>\n<meta property=\"article:modified_time\" content=\"2026-04-06T07:28:34+00:00\" \/>\n<meta property=\"og:image\" content=\"https:\/\/www.coccigames.com\/wp-content\/uploads\/2025\/12\/99122601008_RhinoDetachment5.jpg\" \/>\n\t<meta property=\"og:image:width\" content=\"918\" \/>\n\t<meta property=\"og:image:height\" content=\"948\" \/>\n\t<meta property=\"og:image:type\" content=\"image\/jpeg\" \/>\n<meta name=\"twitter:card\" content=\"summary_large_image\" \/>\n<meta name=\"twitter:label1\" content=\"Dur\u00e9e de lecture estim\u00e9e\" \/>\n\t<meta name=\"twitter:data1\" content=\"2 minutes\" \/>\n<script type=\"application\/ld+json\" class=\"yoast-schema-graph\">{\"@context\":\"https:\/\/schema.org\",\"@graph\":[{\"@type\":\"WebPage\",\"@id\":\"https:\/\/www.coccigames.com\/index.php\/produit\/rhino-transports\/\",\"url\":\"https:\/\/www.coccigames.com\/index.php\/produit\/rhino-transports\/\",\"name\":\"RHINO TRANSPORTS - Coccigames\",\"isPartOf\":{\"@id\":\"https:\/\/www.coccigames.com\/#website\"},\"primaryImageOfPage\":{\"@id\":\"https:\/\/www.coccigames.com\/index.php\/produit\/rhino-transports\/#primaryimage\"},\"image\":{\"@id\":\"https:\/\/www.coccigames.com\/index.php\/produit\/rhino-transports\/#primaryimage\"},\"thumbnailUrl\":\"https:\/\/www.coccigames.com\/wp-content\/uploads\/2025\/12\/99122601008_RhinoDetachment5.jpg\",\"datePublished\":\"2025-12-20T12:22:43+00:00\",\"dateModified\":\"2026-04-06T07:28:34+00:00\",\"breadcrumb\":{\"@id\":\"https:\/\/www.coccigames.com\/index.php\/produit\/rhino-transports\/#breadcrumb\"},\"inLanguage\":\"fr-FR\",\"potentialAction\":[{\"@type\":\"ReadAction\",\"target\":[\"https:\/\/www.coccigames.com\/index.php\/produit\/rhino-transports\/\"]}]},{\"@type\":\"ImageObject\",\"inLanguage\":\"fr-FR\",\"@id\":\"https:\/\/www.coccigames.com\/index.php\/produit\/rhino-transports\/#primaryimage\",\"url\":\"https:\/\/www.coccigames.com\/wp-content\/uploads\/2025\/12\/99122601008_RhinoDetachment5.jpg\",\"contentUrl\":\"https:\/\/www.coccigames.com\/wp-content\/uploads\/2025\/12\/99122601008_RhinoDetachment5.jpg\",\"width\":918,\"height\":948},{\"@type\":\"BreadcrumbList\",\"@id\":\"https:\/\/www.coccigames.com\/index.php\/produit\/rhino-transports\/#breadcrumb\",\"itemListElement\":[{\"@type\":\"ListItem\",\"position\":1,\"name\":\"Accueil\",\"item\":\"https:\/\/www.coccigames.com\/\"},{\"@type\":\"ListItem\",\"position\":2,\"name\":\"Boutique\",\"item\":\"https:\/\/www.coccigames.com\/index.php\/boutique\/\"},{\"@type\":\"ListItem\",\"position\":3,\"name\":\"RHINO TRANSPORTS\"}]},{\"@type\":\"WebSite\",\"@id\":\"https:\/\/www.coccigames.com\/#website\",\"url\":\"https:\/\/www.coccigames.com\/\",\"name\":\"Coccigames - Figurines et Peintures\",\"description\":\"Figurines et Peintures\",\"publisher\":{\"@id\":\"https:\/\/www.coccigames.com\/#organization\"},\"potentialAction\":[{\"@type\":\"SearchAction\",\"target\":{\"@type\":\"EntryPoint\",\"urlTemplate\":\"https:\/\/www.coccigames.com\/?s={search_term_string}\"},\"query-input\":{\"@type\":\"PropertyValueSpecification\",\"valueRequired\":true,\"valueName\":\"search_term_string\"}}],\"inLanguage\":\"fr-FR\"},{\"@type\":\"Organization\",\"@id\":\"https:\/\/www.coccigames.com\/#organization\",\"name\":\"Coccigames\",\"url\":\"https:\/\/www.coccigames.com\/\",\"logo\":{\"@type\":\"ImageObject\",\"inLanguage\":\"fr-FR\",\"@id\":\"https:\/\/www.coccigames.com\/#\/schema\/logo\/image\/\",\"url\":\"https:\/\/www.coccigames.com\/wp-content\/uploads\/2025\/12\/coccigames_logo_v5.png\",\"contentUrl\":\"https:\/\/www.coccigames.com\/wp-content\/uploads\/2025\/12\/coccigames_logo_v5.png\",\"width\":1768,\"height\":424,\"caption\":\"Coccigames\"},\"image\":{\"@id\":\"https:\/\/www.coccigames.com\/#\/schema\/logo\/image\/\"}}]}<\/script>\n<!-- \/ Yoast SEO plugin. -->","yoast_head_json":{"title":"RHINO TRANSPORTS - Coccigames","robots":{"index":"index","follow":"follow","max-snippet":"max-snippet:-1","max-image-preview":"max-image-preview:large","max-video-preview":"max-video-preview:-1"},"canonical":"https:\/\/www.coccigames.com\/index.php\/produit\/rhino-transports\/","og_locale":"fr_FR","og_type":"article","og_title":"RHINO TRANSPORTS - Coccigames","og_description":"Le Rhino est le transport de personnel blind\u00e9 le plus r\u00e9pandu de l&rsquo;Imperium. Bas\u00e9e sur la technologie d&rsquo;un antique SCS, sa conception \u00e9l\u00e9mentaire est fiable, robuste et facile \u00e0 entretenir, et elle est dot\u00e9e d&rsquo;un moteur adaptatif pouvant accepter une grande vari\u00e9t\u00e9 de carburants. Au&hellip;","og_url":"https:\/\/www.coccigames.com\/index.php\/produit\/rhino-transports\/","og_site_name":"Coccigames","article_modified_time":"2026-04-06T07:28:34+00:00","og_image":[{"width":918,"height":948,"url":"https:\/\/www.coccigames.com\/wp-content\/uploads\/2025\/12\/99122601008_RhinoDetachment5.jpg","type":"image\/jpeg"}],"twitter_card":"summary_large_image","twitter_misc":{"Dur\u00e9e de lecture estim\u00e9e":"2 minutes"},"schema":{"@context":"https:\/\/schema.org","@graph":[{"@type":"WebPage","@id":"https:\/\/www.coccigames.com\/index.php\/produit\/rhino-transports\/","url":"https:\/\/www.coccigames.com\/index.php\/produit\/rhino-transports\/","name":"RHINO TRANSPORTS - Coccigames","isPartOf":{"@id":"https:\/\/www.coccigames.com\/#website"},"primaryImageOfPage":{"@id":"https:\/\/www.coccigames.com\/index.php\/produit\/rhino-transports\/#primaryimage"},"image":{"@id":"https:\/\/www.coccigames.com\/index.php\/produit\/rhino-transports\/#primaryimage"},"thumbnailUrl":"https:\/\/www.coccigames.com\/wp-content\/uploads\/2025\/12\/99122601008_RhinoDetachment5.jpg","datePublished":"2025-12-20T12:22:43+00:00","dateModified":"2026-04-06T07:28:34+00:00","breadcrumb":{"@id":"https:\/\/www.coccigames.com\/index.php\/produit\/rhino-transports\/#breadcrumb"},"inLanguage":"fr-FR","potentialAction":[{"@type":"ReadAction","target":["https:\/\/www.coccigames.com\/index.php\/produit\/rhino-transports\/"]}]},{"@type":"ImageObject","inLanguage":"fr-FR","@id":"https:\/\/www.coccigames.com\/index.php\/produit\/rhino-transports\/#primaryimage","url":"https:\/\/www.coccigames.com\/wp-content\/uploads\/2025\/12\/99122601008_RhinoDetachment5.jpg","contentUrl":"https:\/\/www.coccigames.com\/wp-content\/uploads\/2025\/12\/99122601008_RhinoDetachment5.jpg","width":918,"height":948},{"@type":"BreadcrumbList","@id":"https:\/\/www.coccigames.com\/index.php\/produit\/rhino-transports\/#breadcrumb","itemListElement":[{"@type":"ListItem","position":1,"name":"Accueil","item":"https:\/\/www.coccigames.com\/"},{"@type":"ListItem","position":2,"name":"Boutique","item":"https:\/\/www.coccigames.com\/index.php\/boutique\/"},{"@type":"ListItem","position":3,"name":"RHINO TRANSPORTS"}]},{"@type":"WebSite","@id":"https:\/\/www.coccigames.com\/#website","url":"https:\/\/www.coccigames.com\/","name":"Coccigames - Figurines et Peintures","description":"Figurines et Peintures","publisher":{"@id":"https:\/\/www.coccigames.com\/#organization"},"potentialAction":[{"@type":"SearchAction","target":{"@type":"EntryPoint","urlTemplate":"https:\/\/www.coccigames.com\/?s={search_term_string}"},"query-input":{"@type":"PropertyValueSpecification","valueRequired":true,"valueName":"search_term_string"}}],"inLanguage":"fr-FR"},{"@type":"Organization","@id":"https:\/\/www.coccigames.com\/#organization","name":"Coccigames","url":"https:\/\/www.coccigames.com\/","logo":{"@type":"ImageObject","inLanguage":"fr-FR","@id":"https:\/\/www.coccigames.com\/#\/schema\/logo\/image\/","url":"https:\/\/www.coccigames.com\/wp-content\/uploads\/2025\/12\/coccigames_logo_v5.png","contentUrl":"https:\/\/www.coccigames.com\/wp-content\/uploads\/2025\/12\/coccigames_logo_v5.png","width":1768,"height":424,"caption":"Coccigames"},"image":{"@id":"https:\/\/www.coccigames.com\/#\/schema\/logo\/image\/"}}]}},"_links":{"self":[{"href":"https:\/\/www.coccigames.com\/index.php\/wp-json\/wp\/v2\/product\/13049","targetHints":{"allow":["GET"]}}],"collection":[{"href":"https:\/\/www.coccigames.com\/index.php\/wp-json\/wp\/v2\/product"}],"about":[{"href":"https:\/\/www.coccigames.com\/index.php\/wp-json\/wp\/v2\/types\/product"}],"replies":[{"embeddable":true,"href":"https:\/\/www.coccigames.com\/index.php\/wp-json\/wp\/v2\/comments?post=13049"}],"wp:featuredmedia":[{"embeddable":true,"href":"https:\/\/www.coccigames.com\/index.php\/wp-json\/wp\/v2\/media\/13209"}],"wp:attachment":[{"href":"https:\/\/www.coccigames.com\/index.php\/wp-json\/wp\/v2\/media?parent=13049"}],"wp:term":[{"taxonomy":"product_brand","embeddable":true,"href":"https:\/\/www.coccigames.com\/index.php\/wp-json\/wp\/v2\/product_brand?post=13049"},{"taxonomy":"product_cat","embeddable":true,"href":"https:\/\/www.coccigames.com\/index.php\/wp-json\/wp\/v2\/product_cat?post=13049"},{"taxonomy":"product_tag","embeddable":true,"href":"https:\/\/www.coccigames.com\/index.php\/wp-json\/wp\/v2\/product_tag?post=13049"}],"curies":[{"name":"wp","href":"https:\/\/api.w.org\/{rel}","templated":true}]}}