{"id":13047,"date":"2025-12-20T13:22:42","date_gmt":"2025-12-20T12:22:42","guid":{"rendered":"https:\/\/www.coccigames.com\/index.php\/produit\/legiones-astartes-support\/"},"modified":"2026-04-06T09:28:33","modified_gmt":"2026-04-06T07:28:33","slug":"legiones-astartes-support","status":"publish","type":"product","link":"https:\/\/www.coccigames.com\/index.php\/produit\/legiones-astartes-support\/","title":{"rendered":"LEGIONES ASTARTES SUPPORT"},"content":{"rendered":"<p>Les Legiones Astartes emploient une vari\u00e9t\u00e9 \u00e9tourdissante de machines de guerre et de plates-formes d&rsquo;armes sp\u00e9cialis\u00e9es, dont des Dreadnoughts lourds con\u00e7us pour offrir une puissance de feu \u00e0 longue port\u00e9e, et d&rsquo;autres variantes d&rsquo;assaut lourdes pour briser les lignes. Ces atouts sont g\u00e9n\u00e9ralement organis\u00e9s en d\u00e9tachements de soutien, d\u00e9ploy\u00e9s pour renforcer et compl\u00e9ter la terrible infanterie et les redoutables chars de leur L\u00e9gion.<\/p>\n<p>Ce kit plastique permet d&rsquo;assembler 24 figurines des Legiones Astartes \u00e0 l&rsquo;\u00e9chelle epic, r\u00e9parties en 16 socles. Vous trouverez des Dreadnoughts Leviathan et Deredeo dot\u00e9s de diverses armes puissantes, ainsi que des plates-formes d&rsquo;armes lourdes Rapier et Tarantula. Ajoutez ces d\u00e9tachements de soutien pour vous assurer que votre arm\u00e9e soit en mesure de frapper fort pour pouvoir abattre les cibles les plus robustes de l&rsquo;\u00c2ge des T\u00e9n\u00e8bres.<\/p>\n<p><strong>Ce set contient 24 figurines, r\u00e9parties comme suit:<\/strong><\/p>\n<p>&#8211; 2x Dreadnoughts de Si\u00e8ge Leviathan avec lance \u00e0 fusion cyclonique<\/p>\n<p>&#8211; 2x Dreadnoughts de Si\u00e8ge Leviathan avec canons Storm Leviathan<\/p>\n<p>&#8211; 2x Dreadnoughts Deredeo avec batterie d&rsquo;autocanons Anvilus<\/p>\n<p>&#8211; 2x Dreadnoughts Deredeo avec canonnade \u00e0 plasma Feu d&rsquo;Enfer<\/p>\n<p>&#8211; 2x Rapier de L\u00e9gion avec aff\u00fbt de destructeur laser<\/p>\n<p>&#8211; 2x Rapier de L\u00e9gion avec lanceur quadruple<\/p>\n<p>&#8211; 2x Tarantula de L\u00e9gion avec batterie laser Tarantula<\/p>\n<p>&#8211; 2x Tarantula de L\u00e9gion avec lance-missiles Hyperios de d\u00e9fense a\u00e9rienne<\/p>\n","protected":false},"excerpt":{"rendered":"<p>Les Legiones Astartes emploient une vari\u00e9t\u00e9 \u00e9tourdissante de machines de guerre et de plates-formes d&rsquo;armes sp\u00e9cialis\u00e9es, dont des Dreadnoughts lourds con\u00e7us pour offrir une puissance de feu \u00e0 longue port\u00e9e, et d&rsquo;autres variantes d&rsquo;assaut lourdes pour briser les lignes. Ces atouts sont g\u00e9n\u00e9ralement organis\u00e9s en&hellip;<\/p>\n","protected":false},"featured_media":13218,"comment_status":"open","ping_status":"closed","template":"","meta":[],"product_brand":[23],"product_cat":[6185],"product_tag":[434,6184],"class_list":{"0":"post-13047","1":"product","2":"type-product","3":"status-publish","4":"has-post-thumbnail","6":"product_brand-games-workshop","7":"product_cat-legion-imperialis","8":"product_tag-generic","9":"product_tag-legion-imperialis","11":"first","12":"onbackorder","13":"sale","14":"taxable","15":"shipping-taxable","16":"purchasable","17":"product-type-simple"},"yoast_head":"<!-- This site is optimized with the Yoast SEO plugin v26.4 - https:\/\/yoast.com\/wordpress\/plugins\/seo\/ -->\n<title>LEGIONES ASTARTES SUPPORT - Coccigames<\/title>\n<meta name=\"robots\" content=\"index, follow, max-snippet:-1, max-image-preview:large, max-video-preview:-1\" \/>\n<link rel=\"canonical\" href=\"https:\/\/www.coccigames.com\/index.php\/produit\/legiones-astartes-support\/\" \/>\n<meta property=\"og:locale\" content=\"fr_FR\" \/>\n<meta property=\"og:type\" content=\"article\" \/>\n<meta property=\"og:title\" content=\"LEGIONES ASTARTES SUPPORT - Coccigames\" \/>\n<meta property=\"og:description\" content=\"Les Legiones Astartes emploient une vari\u00e9t\u00e9 \u00e9tourdissante de machines de guerre et de plates-formes d&rsquo;armes sp\u00e9cialis\u00e9es, dont des Dreadnoughts lourds con\u00e7us pour offrir une puissance de feu \u00e0 longue port\u00e9e, et d&rsquo;autres variantes d&rsquo;assaut lourdes pour briser les lignes. Ces atouts sont g\u00e9n\u00e9ralement organis\u00e9s en&hellip;\" \/>\n<meta property=\"og:url\" content=\"https:\/\/www.coccigames.com\/index.php\/produit\/legiones-astartes-support\/\" \/>\n<meta property=\"og:site_name\" content=\"Coccigames\" \/>\n<meta property=\"article:modified_time\" content=\"2026-04-06T07:28:33+00:00\" \/>\n<meta property=\"og:image\" content=\"https:\/\/www.coccigames.com\/wp-content\/uploads\/2025\/12\/99122601005_LILegionesAstartesSupport02.jpg\" \/>\n\t<meta property=\"og:image:width\" content=\"918\" \/>\n\t<meta property=\"og:image:height\" content=\"948\" \/>\n\t<meta property=\"og:image:type\" content=\"image\/jpeg\" \/>\n<meta name=\"twitter:card\" content=\"summary_large_image\" \/>\n<meta name=\"twitter:label1\" content=\"Dur\u00e9e de lecture estim\u00e9e\" \/>\n\t<meta name=\"twitter:data1\" content=\"2 minutes\" \/>\n<script type=\"application\/ld+json\" class=\"yoast-schema-graph\">{\"@context\":\"https:\/\/schema.org\",\"@graph\":[{\"@type\":\"WebPage\",\"@id\":\"https:\/\/www.coccigames.com\/index.php\/produit\/legiones-astartes-support\/\",\"url\":\"https:\/\/www.coccigames.com\/index.php\/produit\/legiones-astartes-support\/\",\"name\":\"LEGIONES ASTARTES SUPPORT - Coccigames\",\"isPartOf\":{\"@id\":\"https:\/\/www.coccigames.com\/#website\"},\"primaryImageOfPage\":{\"@id\":\"https:\/\/www.coccigames.com\/index.php\/produit\/legiones-astartes-support\/#primaryimage\"},\"image\":{\"@id\":\"https:\/\/www.coccigames.com\/index.php\/produit\/legiones-astartes-support\/#primaryimage\"},\"thumbnailUrl\":\"https:\/\/www.coccigames.com\/wp-content\/uploads\/2025\/12\/99122601005_LILegionesAstartesSupport02.jpg\",\"datePublished\":\"2025-12-20T12:22:42+00:00\",\"dateModified\":\"2026-04-06T07:28:33+00:00\",\"breadcrumb\":{\"@id\":\"https:\/\/www.coccigames.com\/index.php\/produit\/legiones-astartes-support\/#breadcrumb\"},\"inLanguage\":\"fr-FR\",\"potentialAction\":[{\"@type\":\"ReadAction\",\"target\":[\"https:\/\/www.coccigames.com\/index.php\/produit\/legiones-astartes-support\/\"]}]},{\"@type\":\"ImageObject\",\"inLanguage\":\"fr-FR\",\"@id\":\"https:\/\/www.coccigames.com\/index.php\/produit\/legiones-astartes-support\/#primaryimage\",\"url\":\"https:\/\/www.coccigames.com\/wp-content\/uploads\/2025\/12\/99122601005_LILegionesAstartesSupport02.jpg\",\"contentUrl\":\"https:\/\/www.coccigames.com\/wp-content\/uploads\/2025\/12\/99122601005_LILegionesAstartesSupport02.jpg\",\"width\":918,\"height\":948},{\"@type\":\"BreadcrumbList\",\"@id\":\"https:\/\/www.coccigames.com\/index.php\/produit\/legiones-astartes-support\/#breadcrumb\",\"itemListElement\":[{\"@type\":\"ListItem\",\"position\":1,\"name\":\"Accueil\",\"item\":\"https:\/\/www.coccigames.com\/\"},{\"@type\":\"ListItem\",\"position\":2,\"name\":\"Boutique\",\"item\":\"https:\/\/www.coccigames.com\/index.php\/boutique\/\"},{\"@type\":\"ListItem\",\"position\":3,\"name\":\"LEGIONES ASTARTES SUPPORT\"}]},{\"@type\":\"WebSite\",\"@id\":\"https:\/\/www.coccigames.com\/#website\",\"url\":\"https:\/\/www.coccigames.com\/\",\"name\":\"Coccigames - Figurines et Peintures\",\"description\":\"Figurines et Peintures\",\"publisher\":{\"@id\":\"https:\/\/www.coccigames.com\/#organization\"},\"potentialAction\":[{\"@type\":\"SearchAction\",\"target\":{\"@type\":\"EntryPoint\",\"urlTemplate\":\"https:\/\/www.coccigames.com\/?s={search_term_string}\"},\"query-input\":{\"@type\":\"PropertyValueSpecification\",\"valueRequired\":true,\"valueName\":\"search_term_string\"}}],\"inLanguage\":\"fr-FR\"},{\"@type\":\"Organization\",\"@id\":\"https:\/\/www.coccigames.com\/#organization\",\"name\":\"Coccigames\",\"url\":\"https:\/\/www.coccigames.com\/\",\"logo\":{\"@type\":\"ImageObject\",\"inLanguage\":\"fr-FR\",\"@id\":\"https:\/\/www.coccigames.com\/#\/schema\/logo\/image\/\",\"url\":\"https:\/\/www.coccigames.com\/wp-content\/uploads\/2025\/12\/coccigames_logo_v5.png\",\"contentUrl\":\"https:\/\/www.coccigames.com\/wp-content\/uploads\/2025\/12\/coccigames_logo_v5.png\",\"width\":1768,\"height\":424,\"caption\":\"Coccigames\"},\"image\":{\"@id\":\"https:\/\/www.coccigames.com\/#\/schema\/logo\/image\/\"}}]}<\/script>\n<!-- \/ Yoast SEO plugin. -->","yoast_head_json":{"title":"LEGIONES ASTARTES SUPPORT - Coccigames","robots":{"index":"index","follow":"follow","max-snippet":"max-snippet:-1","max-image-preview":"max-image-preview:large","max-video-preview":"max-video-preview:-1"},"canonical":"https:\/\/www.coccigames.com\/index.php\/produit\/legiones-astartes-support\/","og_locale":"fr_FR","og_type":"article","og_title":"LEGIONES ASTARTES SUPPORT - Coccigames","og_description":"Les Legiones Astartes emploient une vari\u00e9t\u00e9 \u00e9tourdissante de machines de guerre et de plates-formes d&rsquo;armes sp\u00e9cialis\u00e9es, dont des Dreadnoughts lourds con\u00e7us pour offrir une puissance de feu \u00e0 longue port\u00e9e, et d&rsquo;autres variantes d&rsquo;assaut lourdes pour briser les lignes. Ces atouts sont g\u00e9n\u00e9ralement organis\u00e9s en&hellip;","og_url":"https:\/\/www.coccigames.com\/index.php\/produit\/legiones-astartes-support\/","og_site_name":"Coccigames","article_modified_time":"2026-04-06T07:28:33+00:00","og_image":[{"width":918,"height":948,"url":"https:\/\/www.coccigames.com\/wp-content\/uploads\/2025\/12\/99122601005_LILegionesAstartesSupport02.jpg","type":"image\/jpeg"}],"twitter_card":"summary_large_image","twitter_misc":{"Dur\u00e9e de lecture estim\u00e9e":"2 minutes"},"schema":{"@context":"https:\/\/schema.org","@graph":[{"@type":"WebPage","@id":"https:\/\/www.coccigames.com\/index.php\/produit\/legiones-astartes-support\/","url":"https:\/\/www.coccigames.com\/index.php\/produit\/legiones-astartes-support\/","name":"LEGIONES ASTARTES SUPPORT - Coccigames","isPartOf":{"@id":"https:\/\/www.coccigames.com\/#website"},"primaryImageOfPage":{"@id":"https:\/\/www.coccigames.com\/index.php\/produit\/legiones-astartes-support\/#primaryimage"},"image":{"@id":"https:\/\/www.coccigames.com\/index.php\/produit\/legiones-astartes-support\/#primaryimage"},"thumbnailUrl":"https:\/\/www.coccigames.com\/wp-content\/uploads\/2025\/12\/99122601005_LILegionesAstartesSupport02.jpg","datePublished":"2025-12-20T12:22:42+00:00","dateModified":"2026-04-06T07:28:33+00:00","breadcrumb":{"@id":"https:\/\/www.coccigames.com\/index.php\/produit\/legiones-astartes-support\/#breadcrumb"},"inLanguage":"fr-FR","potentialAction":[{"@type":"ReadAction","target":["https:\/\/www.coccigames.com\/index.php\/produit\/legiones-astartes-support\/"]}]},{"@type":"ImageObject","inLanguage":"fr-FR","@id":"https:\/\/www.coccigames.com\/index.php\/produit\/legiones-astartes-support\/#primaryimage","url":"https:\/\/www.coccigames.com\/wp-content\/uploads\/2025\/12\/99122601005_LILegionesAstartesSupport02.jpg","contentUrl":"https:\/\/www.coccigames.com\/wp-content\/uploads\/2025\/12\/99122601005_LILegionesAstartesSupport02.jpg","width":918,"height":948},{"@type":"BreadcrumbList","@id":"https:\/\/www.coccigames.com\/index.php\/produit\/legiones-astartes-support\/#breadcrumb","itemListElement":[{"@type":"ListItem","position":1,"name":"Accueil","item":"https:\/\/www.coccigames.com\/"},{"@type":"ListItem","position":2,"name":"Boutique","item":"https:\/\/www.coccigames.com\/index.php\/boutique\/"},{"@type":"ListItem","position":3,"name":"LEGIONES ASTARTES SUPPORT"}]},{"@type":"WebSite","@id":"https:\/\/www.coccigames.com\/#website","url":"https:\/\/www.coccigames.com\/","name":"Coccigames - Figurines et Peintures","description":"Figurines et Peintures","publisher":{"@id":"https:\/\/www.coccigames.com\/#organization"},"potentialAction":[{"@type":"SearchAction","target":{"@type":"EntryPoint","urlTemplate":"https:\/\/www.coccigames.com\/?s={search_term_string}"},"query-input":{"@type":"PropertyValueSpecification","valueRequired":true,"valueName":"search_term_string"}}],"inLanguage":"fr-FR"},{"@type":"Organization","@id":"https:\/\/www.coccigames.com\/#organization","name":"Coccigames","url":"https:\/\/www.coccigames.com\/","logo":{"@type":"ImageObject","inLanguage":"fr-FR","@id":"https:\/\/www.coccigames.com\/#\/schema\/logo\/image\/","url":"https:\/\/www.coccigames.com\/wp-content\/uploads\/2025\/12\/coccigames_logo_v5.png","contentUrl":"https:\/\/www.coccigames.com\/wp-content\/uploads\/2025\/12\/coccigames_logo_v5.png","width":1768,"height":424,"caption":"Coccigames"},"image":{"@id":"https:\/\/www.coccigames.com\/#\/schema\/logo\/image\/"}}]}},"_links":{"self":[{"href":"https:\/\/www.coccigames.com\/index.php\/wp-json\/wp\/v2\/product\/13047","targetHints":{"allow":["GET"]}}],"collection":[{"href":"https:\/\/www.coccigames.com\/index.php\/wp-json\/wp\/v2\/product"}],"about":[{"href":"https:\/\/www.coccigames.com\/index.php\/wp-json\/wp\/v2\/types\/product"}],"replies":[{"embeddable":true,"href":"https:\/\/www.coccigames.com\/index.php\/wp-json\/wp\/v2\/comments?post=13047"}],"wp:featuredmedia":[{"embeddable":true,"href":"https:\/\/www.coccigames.com\/index.php\/wp-json\/wp\/v2\/media\/13218"}],"wp:attachment":[{"href":"https:\/\/www.coccigames.com\/index.php\/wp-json\/wp\/v2\/media?parent=13047"}],"wp:term":[{"taxonomy":"product_brand","embeddable":true,"href":"https:\/\/www.coccigames.com\/index.php\/wp-json\/wp\/v2\/product_brand?post=13047"},{"taxonomy":"product_cat","embeddable":true,"href":"https:\/\/www.coccigames.com\/index.php\/wp-json\/wp\/v2\/product_cat?post=13047"},{"taxonomy":"product_tag","embeddable":true,"href":"https:\/\/www.coccigames.com\/index.php\/wp-json\/wp\/v2\/product_tag?post=13047"}],"curies":[{"name":"wp","href":"https:\/\/api.w.org\/{rel}","templated":true}]}}