{"id":13046,"date":"2025-12-20T13:22:42","date_gmt":"2025-12-20T12:22:42","guid":{"rendered":"https:\/\/www.coccigames.com\/index.php\/produit\/legiones-astartes-infantry\/"},"modified":"2026-04-06T09:28:33","modified_gmt":"2026-04-06T07:28:33","slug":"legiones-astartes-infantry","status":"publish","type":"product","link":"https:\/\/www.coccigames.com\/index.php\/produit\/legiones-astartes-infantry\/","title":{"rendered":"LEGIONES ASTARTES INFANTRY"},"content":{"rendered":"<p>Les Legiones Astartes emploient leur infanterie surhumaine avec une efficacit\u00e9 mortelle. Engonc\u00e9s dans des armures \u00e9nerg\u00e9tiques robustes et arm\u00e9s de bolters explosifs et de tout un arsenal d&rsquo;armes lourdes, ces L\u00e9gionnaires se d\u00e9ploient dans les cit\u00e9s encombr\u00e9es de gravats comme une crue, faisant tonner leur puissance de feu depuis des angles inattendus et chargeant pour frapper l\u00e0 o\u00f9 l&rsquo;ennemi est le plus vuln\u00e9rable. Les L\u00e9gions \u00e9tant partag\u00e9es entre les Primarques Loyalistes et les Tra\u00eetres du Ma\u00eetre de Guerre, les forces combattantes les plus puissantes de la galaxie d\u00e9cha\u00eenent d\u00e9sormais leurs armes contre leurs propres fr\u00e8res pour la premi\u00e8re fois.<\/p>\n<p>Ce kit plastique permet d&rsquo;assembler 106 figurines des Legiones Astartes \u00e0 l&rsquo;\u00e9chelle epic, r\u00e9parties sur 22 socles. Vous trouverez non seulement un noyau cons\u00e9quent de L\u00e9gionnaires Tactiques, mais \u00e9galement de nombreux \u00e9l\u00e9ments de soutien comme des Escouades de Commandement, des Marines d&rsquo;Assaut, des armes sp\u00e9ciales et lourdes, et m\u00eame des Dreadnoughts Contemptor et des Terminators. Ces troupes forment le c\u0153ur et l&rsquo;\u00e2me de toutes les formations des Legiones Astartes, et elles trouveront leur utilit\u00e9 dans toutes les parties de Legions Imperialis.<\/p>\n<p>Ce set contient 106 figurines, divis\u00e9es comme suit:<\/p>\n<p>&#8211; 2x Escouades de Commandement de L\u00e9gion<\/p>\n<p>&#8211; 8x socles de L\u00e9gionnaires Tactiques<\/p>\n<p>&#8211; 2x socles de Terminators de L\u00e9gion<\/p>\n<p>&#8211; 2x socles de Marines d&rsquo;Assaut<\/p>\n<p>&#8211; 2x socles de L\u00e9gionnaires de Soutien avec fusils \u00e0 plasma<\/p>\n<p>&#8211; 2x socles de L\u00e9gionnaires de Soutien avec lance-missiles<\/p>\n<p>&#8211; 4x Dreadnoughts Contemptor<\/p>\n<p>&#8211; 22x Socles Ronds Legions Imperialis de 25mm<\/p>\n","protected":false},"excerpt":{"rendered":"<p>Les Legiones Astartes emploient leur infanterie surhumaine avec une efficacit\u00e9 mortelle. Engonc\u00e9s dans des armures \u00e9nerg\u00e9tiques robustes et arm\u00e9s de bolters explosifs et de tout un arsenal d&rsquo;armes lourdes, ces L\u00e9gionnaires se d\u00e9ploient dans les cit\u00e9s encombr\u00e9es de gravats comme une crue, faisant tonner leur&hellip;<\/p>\n","protected":false},"featured_media":13214,"comment_status":"open","ping_status":"closed","template":"","meta":[],"product_brand":[23],"product_cat":[6185],"product_tag":[434,6184],"class_list":{"0":"post-13046","1":"product","2":"type-product","3":"status-publish","4":"has-post-thumbnail","6":"product_brand-games-workshop","7":"product_cat-legion-imperialis","8":"product_tag-generic","9":"product_tag-legion-imperialis","11":"first","12":"onbackorder","13":"sale","14":"taxable","15":"shipping-taxable","16":"purchasable","17":"product-type-simple"},"yoast_head":"<!-- This site is optimized with the Yoast SEO plugin v26.4 - https:\/\/yoast.com\/wordpress\/plugins\/seo\/ -->\n<title>LEGIONES ASTARTES INFANTRY - Coccigames<\/title>\n<meta name=\"robots\" content=\"index, follow, max-snippet:-1, max-image-preview:large, max-video-preview:-1\" \/>\n<link rel=\"canonical\" href=\"https:\/\/www.coccigames.com\/index.php\/produit\/legiones-astartes-infantry\/\" \/>\n<meta property=\"og:locale\" content=\"fr_FR\" \/>\n<meta property=\"og:type\" content=\"article\" \/>\n<meta property=\"og:title\" content=\"LEGIONES ASTARTES INFANTRY - Coccigames\" \/>\n<meta property=\"og:description\" content=\"Les Legiones Astartes emploient leur infanterie surhumaine avec une efficacit\u00e9 mortelle. Engonc\u00e9s dans des armures \u00e9nerg\u00e9tiques robustes et arm\u00e9s de bolters explosifs et de tout un arsenal d&rsquo;armes lourdes, ces L\u00e9gionnaires se d\u00e9ploient dans les cit\u00e9s encombr\u00e9es de gravats comme une crue, faisant tonner leur&hellip;\" \/>\n<meta property=\"og:url\" content=\"https:\/\/www.coccigames.com\/index.php\/produit\/legiones-astartes-infantry\/\" \/>\n<meta property=\"og:site_name\" content=\"Coccigames\" \/>\n<meta property=\"article:modified_time\" content=\"2026-04-06T07:28:33+00:00\" \/>\n<meta property=\"og:image\" content=\"https:\/\/www.coccigames.com\/wp-content\/uploads\/2025\/12\/99122601004_LAInfantry5.jpg\" \/>\n\t<meta property=\"og:image:width\" content=\"918\" \/>\n\t<meta property=\"og:image:height\" content=\"948\" \/>\n\t<meta property=\"og:image:type\" content=\"image\/jpeg\" \/>\n<meta name=\"twitter:card\" content=\"summary_large_image\" \/>\n<meta name=\"twitter:label1\" content=\"Dur\u00e9e de lecture estim\u00e9e\" \/>\n\t<meta name=\"twitter:data1\" content=\"2 minutes\" \/>\n<script type=\"application\/ld+json\" class=\"yoast-schema-graph\">{\"@context\":\"https:\/\/schema.org\",\"@graph\":[{\"@type\":\"WebPage\",\"@id\":\"https:\/\/www.coccigames.com\/index.php\/produit\/legiones-astartes-infantry\/\",\"url\":\"https:\/\/www.coccigames.com\/index.php\/produit\/legiones-astartes-infantry\/\",\"name\":\"LEGIONES ASTARTES INFANTRY - Coccigames\",\"isPartOf\":{\"@id\":\"https:\/\/www.coccigames.com\/#website\"},\"primaryImageOfPage\":{\"@id\":\"https:\/\/www.coccigames.com\/index.php\/produit\/legiones-astartes-infantry\/#primaryimage\"},\"image\":{\"@id\":\"https:\/\/www.coccigames.com\/index.php\/produit\/legiones-astartes-infantry\/#primaryimage\"},\"thumbnailUrl\":\"https:\/\/www.coccigames.com\/wp-content\/uploads\/2025\/12\/99122601004_LAInfantry5.jpg\",\"datePublished\":\"2025-12-20T12:22:42+00:00\",\"dateModified\":\"2026-04-06T07:28:33+00:00\",\"breadcrumb\":{\"@id\":\"https:\/\/www.coccigames.com\/index.php\/produit\/legiones-astartes-infantry\/#breadcrumb\"},\"inLanguage\":\"fr-FR\",\"potentialAction\":[{\"@type\":\"ReadAction\",\"target\":[\"https:\/\/www.coccigames.com\/index.php\/produit\/legiones-astartes-infantry\/\"]}]},{\"@type\":\"ImageObject\",\"inLanguage\":\"fr-FR\",\"@id\":\"https:\/\/www.coccigames.com\/index.php\/produit\/legiones-astartes-infantry\/#primaryimage\",\"url\":\"https:\/\/www.coccigames.com\/wp-content\/uploads\/2025\/12\/99122601004_LAInfantry5.jpg\",\"contentUrl\":\"https:\/\/www.coccigames.com\/wp-content\/uploads\/2025\/12\/99122601004_LAInfantry5.jpg\",\"width\":918,\"height\":948},{\"@type\":\"BreadcrumbList\",\"@id\":\"https:\/\/www.coccigames.com\/index.php\/produit\/legiones-astartes-infantry\/#breadcrumb\",\"itemListElement\":[{\"@type\":\"ListItem\",\"position\":1,\"name\":\"Accueil\",\"item\":\"https:\/\/www.coccigames.com\/\"},{\"@type\":\"ListItem\",\"position\":2,\"name\":\"Boutique\",\"item\":\"https:\/\/www.coccigames.com\/index.php\/boutique\/\"},{\"@type\":\"ListItem\",\"position\":3,\"name\":\"LEGIONES ASTARTES INFANTRY\"}]},{\"@type\":\"WebSite\",\"@id\":\"https:\/\/www.coccigames.com\/#website\",\"url\":\"https:\/\/www.coccigames.com\/\",\"name\":\"Coccigames - Figurines et Peintures\",\"description\":\"Figurines et Peintures\",\"publisher\":{\"@id\":\"https:\/\/www.coccigames.com\/#organization\"},\"potentialAction\":[{\"@type\":\"SearchAction\",\"target\":{\"@type\":\"EntryPoint\",\"urlTemplate\":\"https:\/\/www.coccigames.com\/?s={search_term_string}\"},\"query-input\":{\"@type\":\"PropertyValueSpecification\",\"valueRequired\":true,\"valueName\":\"search_term_string\"}}],\"inLanguage\":\"fr-FR\"},{\"@type\":\"Organization\",\"@id\":\"https:\/\/www.coccigames.com\/#organization\",\"name\":\"Coccigames\",\"url\":\"https:\/\/www.coccigames.com\/\",\"logo\":{\"@type\":\"ImageObject\",\"inLanguage\":\"fr-FR\",\"@id\":\"https:\/\/www.coccigames.com\/#\/schema\/logo\/image\/\",\"url\":\"https:\/\/www.coccigames.com\/wp-content\/uploads\/2025\/12\/coccigames_logo_v5.png\",\"contentUrl\":\"https:\/\/www.coccigames.com\/wp-content\/uploads\/2025\/12\/coccigames_logo_v5.png\",\"width\":1768,\"height\":424,\"caption\":\"Coccigames\"},\"image\":{\"@id\":\"https:\/\/www.coccigames.com\/#\/schema\/logo\/image\/\"}}]}<\/script>\n<!-- \/ Yoast SEO plugin. -->","yoast_head_json":{"title":"LEGIONES ASTARTES INFANTRY - Coccigames","robots":{"index":"index","follow":"follow","max-snippet":"max-snippet:-1","max-image-preview":"max-image-preview:large","max-video-preview":"max-video-preview:-1"},"canonical":"https:\/\/www.coccigames.com\/index.php\/produit\/legiones-astartes-infantry\/","og_locale":"fr_FR","og_type":"article","og_title":"LEGIONES ASTARTES INFANTRY - Coccigames","og_description":"Les Legiones Astartes emploient leur infanterie surhumaine avec une efficacit\u00e9 mortelle. Engonc\u00e9s dans des armures \u00e9nerg\u00e9tiques robustes et arm\u00e9s de bolters explosifs et de tout un arsenal d&rsquo;armes lourdes, ces L\u00e9gionnaires se d\u00e9ploient dans les cit\u00e9s encombr\u00e9es de gravats comme une crue, faisant tonner leur&hellip;","og_url":"https:\/\/www.coccigames.com\/index.php\/produit\/legiones-astartes-infantry\/","og_site_name":"Coccigames","article_modified_time":"2026-04-06T07:28:33+00:00","og_image":[{"width":918,"height":948,"url":"https:\/\/www.coccigames.com\/wp-content\/uploads\/2025\/12\/99122601004_LAInfantry5.jpg","type":"image\/jpeg"}],"twitter_card":"summary_large_image","twitter_misc":{"Dur\u00e9e de lecture estim\u00e9e":"2 minutes"},"schema":{"@context":"https:\/\/schema.org","@graph":[{"@type":"WebPage","@id":"https:\/\/www.coccigames.com\/index.php\/produit\/legiones-astartes-infantry\/","url":"https:\/\/www.coccigames.com\/index.php\/produit\/legiones-astartes-infantry\/","name":"LEGIONES ASTARTES INFANTRY - Coccigames","isPartOf":{"@id":"https:\/\/www.coccigames.com\/#website"},"primaryImageOfPage":{"@id":"https:\/\/www.coccigames.com\/index.php\/produit\/legiones-astartes-infantry\/#primaryimage"},"image":{"@id":"https:\/\/www.coccigames.com\/index.php\/produit\/legiones-astartes-infantry\/#primaryimage"},"thumbnailUrl":"https:\/\/www.coccigames.com\/wp-content\/uploads\/2025\/12\/99122601004_LAInfantry5.jpg","datePublished":"2025-12-20T12:22:42+00:00","dateModified":"2026-04-06T07:28:33+00:00","breadcrumb":{"@id":"https:\/\/www.coccigames.com\/index.php\/produit\/legiones-astartes-infantry\/#breadcrumb"},"inLanguage":"fr-FR","potentialAction":[{"@type":"ReadAction","target":["https:\/\/www.coccigames.com\/index.php\/produit\/legiones-astartes-infantry\/"]}]},{"@type":"ImageObject","inLanguage":"fr-FR","@id":"https:\/\/www.coccigames.com\/index.php\/produit\/legiones-astartes-infantry\/#primaryimage","url":"https:\/\/www.coccigames.com\/wp-content\/uploads\/2025\/12\/99122601004_LAInfantry5.jpg","contentUrl":"https:\/\/www.coccigames.com\/wp-content\/uploads\/2025\/12\/99122601004_LAInfantry5.jpg","width":918,"height":948},{"@type":"BreadcrumbList","@id":"https:\/\/www.coccigames.com\/index.php\/produit\/legiones-astartes-infantry\/#breadcrumb","itemListElement":[{"@type":"ListItem","position":1,"name":"Accueil","item":"https:\/\/www.coccigames.com\/"},{"@type":"ListItem","position":2,"name":"Boutique","item":"https:\/\/www.coccigames.com\/index.php\/boutique\/"},{"@type":"ListItem","position":3,"name":"LEGIONES ASTARTES INFANTRY"}]},{"@type":"WebSite","@id":"https:\/\/www.coccigames.com\/#website","url":"https:\/\/www.coccigames.com\/","name":"Coccigames - Figurines et Peintures","description":"Figurines et Peintures","publisher":{"@id":"https:\/\/www.coccigames.com\/#organization"},"potentialAction":[{"@type":"SearchAction","target":{"@type":"EntryPoint","urlTemplate":"https:\/\/www.coccigames.com\/?s={search_term_string}"},"query-input":{"@type":"PropertyValueSpecification","valueRequired":true,"valueName":"search_term_string"}}],"inLanguage":"fr-FR"},{"@type":"Organization","@id":"https:\/\/www.coccigames.com\/#organization","name":"Coccigames","url":"https:\/\/www.coccigames.com\/","logo":{"@type":"ImageObject","inLanguage":"fr-FR","@id":"https:\/\/www.coccigames.com\/#\/schema\/logo\/image\/","url":"https:\/\/www.coccigames.com\/wp-content\/uploads\/2025\/12\/coccigames_logo_v5.png","contentUrl":"https:\/\/www.coccigames.com\/wp-content\/uploads\/2025\/12\/coccigames_logo_v5.png","width":1768,"height":424,"caption":"Coccigames"},"image":{"@id":"https:\/\/www.coccigames.com\/#\/schema\/logo\/image\/"}}]}},"_links":{"self":[{"href":"https:\/\/www.coccigames.com\/index.php\/wp-json\/wp\/v2\/product\/13046","targetHints":{"allow":["GET"]}}],"collection":[{"href":"https:\/\/www.coccigames.com\/index.php\/wp-json\/wp\/v2\/product"}],"about":[{"href":"https:\/\/www.coccigames.com\/index.php\/wp-json\/wp\/v2\/types\/product"}],"replies":[{"embeddable":true,"href":"https:\/\/www.coccigames.com\/index.php\/wp-json\/wp\/v2\/comments?post=13046"}],"wp:featuredmedia":[{"embeddable":true,"href":"https:\/\/www.coccigames.com\/index.php\/wp-json\/wp\/v2\/media\/13214"}],"wp:attachment":[{"href":"https:\/\/www.coccigames.com\/index.php\/wp-json\/wp\/v2\/media?parent=13046"}],"wp:term":[{"taxonomy":"product_brand","embeddable":true,"href":"https:\/\/www.coccigames.com\/index.php\/wp-json\/wp\/v2\/product_brand?post=13046"},{"taxonomy":"product_cat","embeddable":true,"href":"https:\/\/www.coccigames.com\/index.php\/wp-json\/wp\/v2\/product_cat?post=13046"},{"taxonomy":"product_tag","embeddable":true,"href":"https:\/\/www.coccigames.com\/index.php\/wp-json\/wp\/v2\/product_tag?post=13046"}],"curies":[{"name":"wp","href":"https:\/\/api.w.org\/{rel}","templated":true}]}}