{"id":13045,"date":"2025-12-20T13:22:42","date_gmt":"2025-12-20T12:22:42","guid":{"rendered":"https:\/\/www.coccigames.com\/index.php\/produit\/kratos-tank-squadron\/"},"modified":"2026-04-20T10:05:53","modified_gmt":"2026-04-20T08:05:53","slug":"kratos-tank-squadron","status":"publish","type":"product","link":"https:\/\/www.coccigames.com\/index.php\/produit\/kratos-tank-squadron\/","title":{"rendered":"KRATOS TANK SQUADRON"},"content":{"rendered":"<p>Le Char d&rsquo;Assaut Lourd Kratos est bas\u00e9 sur un antique mod\u00e8le de Terra, d\u00e9ploy\u00e9 pour la premi\u00e8re fois lors de l&rsquo;Unification de la Vieille Terre. Remani\u00e9 apr\u00e8s le trait\u00e9 sign\u00e9 par l&rsquo;Empereur et les Seigneurs de Mars pour servir de fer de lance lors de la Grande Croisade, c&rsquo;est un briseur de lignes et le fl\u00e9au des ennemis. Sa progression r\u00e9guli\u00e8re et inexorable fournit un noyau implacable \u00e0 tous les assauts des Legiones Astartes, permis par un barrage de puissance de feu d\u00e9vastatrice.<\/p>\n<p>Ce kit plastique permet d&rsquo;assembler quatre chars Kratos des Legiones Astartes \u00e0 l&rsquo;\u00e9chelle epic. Ces v\u00e9hicules lourdement blind\u00e9s sont h\u00e9riss\u00e9s d&rsquo;armes. Chacun peut-\u00eatre assembl\u00e9 avec des armes de tourelle parmi deux au choix: l&rsquo;obusier Kratos polyvalent, ou le fuseur-\u00e9clateur \u00e0 courte port\u00e9e. Cette arme est combin\u00e9e \u00e0 un autocanon coaxial. Ces chars disposent \u00e9galement d&rsquo;armes de coque: des autocanons, des bolters lourds ou des canons laser. Ils arborent \u00e9galement une paire de bolters lourds ou de canons laser lat\u00e9raux. Vous trouverez des options d&rsquo;assemblage esth\u00e9tiques pour vous aider \u00e0 personnaliser votre escadron, comme des lames de bulldozer ainsi qu&rsquo;un artilleur, un observateur ou une \u00e9coutille ferm\u00e9e. La tourelle peut en outre \u00eatre assembl\u00e9e sans colle pour ajuster la vis\u00e9e de chaque char en cours de bataille.<\/p>\n<p><strong>Ce set contient:<\/strong><\/p>\n<p>&#8211; 4x Chars Lourds Kratos, chacun dot\u00e9 des options d&rsquo;arme suivantes:<\/p>\n<p>\u2013 1x obusier Kratos en tourelle<\/p>\n<p>\u2013 1x fuseur-\u00e9clateur en tourelle<\/p>\n<p>\u2013 2x autocanons de coque<\/p>\n<p>\u2013 2x bolters lourds de coque<\/p>\n<p>\u2013 2x canons laser de coque<\/p>\n<p>\u2013 2x bolters lourds lat\u00e9raux<\/p>\n<p>\u2013 2x canons laser lat\u00e9raux<\/p>\n<p>&#8211; 1x Planche de D\u00e9calcos de V\u00e9hicules des Legiones Astartes<\/p>\n","protected":false},"excerpt":{"rendered":"<p>Le Char d&rsquo;Assaut Lourd Kratos est bas\u00e9 sur un antique mod\u00e8le de Terra, d\u00e9ploy\u00e9 pour la premi\u00e8re fois lors de l&rsquo;Unification de la Vieille Terre. Remani\u00e9 apr\u00e8s le trait\u00e9 sign\u00e9 par l&rsquo;Empereur et les Seigneurs de Mars pour servir de fer de lance lors de&hellip;<\/p>\n","protected":false},"featured_media":13212,"comment_status":"open","ping_status":"closed","template":"","meta":[],"product_brand":[23],"product_cat":[6185],"product_tag":[434,6184],"class_list":{"0":"post-13045","1":"product","2":"type-product","3":"status-publish","4":"has-post-thumbnail","6":"product_brand-games-workshop","7":"product_cat-legion-imperialis","8":"product_tag-generic","9":"product_tag-legion-imperialis","11":"first","12":"onbackorder","13":"sale","14":"taxable","15":"shipping-taxable","16":"purchasable","17":"product-type-simple"},"yoast_head":"<!-- This site is optimized with the Yoast SEO plugin v26.4 - https:\/\/yoast.com\/wordpress\/plugins\/seo\/ -->\n<title>KRATOS TANK SQUADRON - Coccigames<\/title>\n<meta name=\"robots\" content=\"index, follow, max-snippet:-1, max-image-preview:large, max-video-preview:-1\" \/>\n<link rel=\"canonical\" href=\"https:\/\/www.coccigames.com\/index.php\/produit\/kratos-tank-squadron\/\" \/>\n<meta property=\"og:locale\" content=\"fr_FR\" \/>\n<meta property=\"og:type\" content=\"article\" \/>\n<meta property=\"og:title\" content=\"KRATOS TANK SQUADRON - Coccigames\" \/>\n<meta property=\"og:description\" content=\"Le Char d&rsquo;Assaut Lourd Kratos est bas\u00e9 sur un antique mod\u00e8le de Terra, d\u00e9ploy\u00e9 pour la premi\u00e8re fois lors de l&rsquo;Unification de la Vieille Terre. Remani\u00e9 apr\u00e8s le trait\u00e9 sign\u00e9 par l&rsquo;Empereur et les Seigneurs de Mars pour servir de fer de lance lors de&hellip;\" \/>\n<meta property=\"og:url\" content=\"https:\/\/www.coccigames.com\/index.php\/produit\/kratos-tank-squadron\/\" \/>\n<meta property=\"og:site_name\" content=\"Coccigames\" \/>\n<meta property=\"article:modified_time\" content=\"2026-04-20T08:05:53+00:00\" \/>\n<meta property=\"og:image\" content=\"https:\/\/www.coccigames.com\/wp-content\/uploads\/2025\/12\/99122601003_KratosHeavyTankSquadron5.jpg\" \/>\n\t<meta property=\"og:image:width\" content=\"918\" \/>\n\t<meta property=\"og:image:height\" content=\"948\" \/>\n\t<meta property=\"og:image:type\" content=\"image\/jpeg\" \/>\n<meta name=\"twitter:card\" content=\"summary_large_image\" \/>\n<meta name=\"twitter:label1\" content=\"Dur\u00e9e de lecture estim\u00e9e\" \/>\n\t<meta name=\"twitter:data1\" content=\"2 minutes\" \/>\n<script type=\"application\/ld+json\" class=\"yoast-schema-graph\">{\"@context\":\"https:\/\/schema.org\",\"@graph\":[{\"@type\":\"WebPage\",\"@id\":\"https:\/\/www.coccigames.com\/index.php\/produit\/kratos-tank-squadron\/\",\"url\":\"https:\/\/www.coccigames.com\/index.php\/produit\/kratos-tank-squadron\/\",\"name\":\"KRATOS TANK SQUADRON - Coccigames\",\"isPartOf\":{\"@id\":\"https:\/\/www.coccigames.com\/#website\"},\"primaryImageOfPage\":{\"@id\":\"https:\/\/www.coccigames.com\/index.php\/produit\/kratos-tank-squadron\/#primaryimage\"},\"image\":{\"@id\":\"https:\/\/www.coccigames.com\/index.php\/produit\/kratos-tank-squadron\/#primaryimage\"},\"thumbnailUrl\":\"https:\/\/www.coccigames.com\/wp-content\/uploads\/2025\/12\/99122601003_KratosHeavyTankSquadron5.jpg\",\"datePublished\":\"2025-12-20T12:22:42+00:00\",\"dateModified\":\"2026-04-20T08:05:53+00:00\",\"breadcrumb\":{\"@id\":\"https:\/\/www.coccigames.com\/index.php\/produit\/kratos-tank-squadron\/#breadcrumb\"},\"inLanguage\":\"fr-FR\",\"potentialAction\":[{\"@type\":\"ReadAction\",\"target\":[\"https:\/\/www.coccigames.com\/index.php\/produit\/kratos-tank-squadron\/\"]}]},{\"@type\":\"ImageObject\",\"inLanguage\":\"fr-FR\",\"@id\":\"https:\/\/www.coccigames.com\/index.php\/produit\/kratos-tank-squadron\/#primaryimage\",\"url\":\"https:\/\/www.coccigames.com\/wp-content\/uploads\/2025\/12\/99122601003_KratosHeavyTankSquadron5.jpg\",\"contentUrl\":\"https:\/\/www.coccigames.com\/wp-content\/uploads\/2025\/12\/99122601003_KratosHeavyTankSquadron5.jpg\",\"width\":918,\"height\":948},{\"@type\":\"BreadcrumbList\",\"@id\":\"https:\/\/www.coccigames.com\/index.php\/produit\/kratos-tank-squadron\/#breadcrumb\",\"itemListElement\":[{\"@type\":\"ListItem\",\"position\":1,\"name\":\"Accueil\",\"item\":\"https:\/\/www.coccigames.com\/\"},{\"@type\":\"ListItem\",\"position\":2,\"name\":\"Boutique\",\"item\":\"https:\/\/www.coccigames.com\/index.php\/boutique\/\"},{\"@type\":\"ListItem\",\"position\":3,\"name\":\"KRATOS TANK SQUADRON\"}]},{\"@type\":\"WebSite\",\"@id\":\"https:\/\/www.coccigames.com\/#website\",\"url\":\"https:\/\/www.coccigames.com\/\",\"name\":\"Coccigames - Figurines et Peintures\",\"description\":\"Figurines et Peintures\",\"publisher\":{\"@id\":\"https:\/\/www.coccigames.com\/#organization\"},\"potentialAction\":[{\"@type\":\"SearchAction\",\"target\":{\"@type\":\"EntryPoint\",\"urlTemplate\":\"https:\/\/www.coccigames.com\/?s={search_term_string}\"},\"query-input\":{\"@type\":\"PropertyValueSpecification\",\"valueRequired\":true,\"valueName\":\"search_term_string\"}}],\"inLanguage\":\"fr-FR\"},{\"@type\":\"Organization\",\"@id\":\"https:\/\/www.coccigames.com\/#organization\",\"name\":\"Coccigames\",\"url\":\"https:\/\/www.coccigames.com\/\",\"logo\":{\"@type\":\"ImageObject\",\"inLanguage\":\"fr-FR\",\"@id\":\"https:\/\/www.coccigames.com\/#\/schema\/logo\/image\/\",\"url\":\"https:\/\/www.coccigames.com\/wp-content\/uploads\/2025\/12\/coccigames_logo_v5.png\",\"contentUrl\":\"https:\/\/www.coccigames.com\/wp-content\/uploads\/2025\/12\/coccigames_logo_v5.png\",\"width\":1768,\"height\":424,\"caption\":\"Coccigames\"},\"image\":{\"@id\":\"https:\/\/www.coccigames.com\/#\/schema\/logo\/image\/\"}}]}<\/script>\n<!-- \/ Yoast SEO plugin. -->","yoast_head_json":{"title":"KRATOS TANK SQUADRON - Coccigames","robots":{"index":"index","follow":"follow","max-snippet":"max-snippet:-1","max-image-preview":"max-image-preview:large","max-video-preview":"max-video-preview:-1"},"canonical":"https:\/\/www.coccigames.com\/index.php\/produit\/kratos-tank-squadron\/","og_locale":"fr_FR","og_type":"article","og_title":"KRATOS TANK SQUADRON - Coccigames","og_description":"Le Char d&rsquo;Assaut Lourd Kratos est bas\u00e9 sur un antique mod\u00e8le de Terra, d\u00e9ploy\u00e9 pour la premi\u00e8re fois lors de l&rsquo;Unification de la Vieille Terre. Remani\u00e9 apr\u00e8s le trait\u00e9 sign\u00e9 par l&rsquo;Empereur et les Seigneurs de Mars pour servir de fer de lance lors de&hellip;","og_url":"https:\/\/www.coccigames.com\/index.php\/produit\/kratos-tank-squadron\/","og_site_name":"Coccigames","article_modified_time":"2026-04-20T08:05:53+00:00","og_image":[{"width":918,"height":948,"url":"https:\/\/www.coccigames.com\/wp-content\/uploads\/2025\/12\/99122601003_KratosHeavyTankSquadron5.jpg","type":"image\/jpeg"}],"twitter_card":"summary_large_image","twitter_misc":{"Dur\u00e9e de lecture estim\u00e9e":"2 minutes"},"schema":{"@context":"https:\/\/schema.org","@graph":[{"@type":"WebPage","@id":"https:\/\/www.coccigames.com\/index.php\/produit\/kratos-tank-squadron\/","url":"https:\/\/www.coccigames.com\/index.php\/produit\/kratos-tank-squadron\/","name":"KRATOS TANK SQUADRON - Coccigames","isPartOf":{"@id":"https:\/\/www.coccigames.com\/#website"},"primaryImageOfPage":{"@id":"https:\/\/www.coccigames.com\/index.php\/produit\/kratos-tank-squadron\/#primaryimage"},"image":{"@id":"https:\/\/www.coccigames.com\/index.php\/produit\/kratos-tank-squadron\/#primaryimage"},"thumbnailUrl":"https:\/\/www.coccigames.com\/wp-content\/uploads\/2025\/12\/99122601003_KratosHeavyTankSquadron5.jpg","datePublished":"2025-12-20T12:22:42+00:00","dateModified":"2026-04-20T08:05:53+00:00","breadcrumb":{"@id":"https:\/\/www.coccigames.com\/index.php\/produit\/kratos-tank-squadron\/#breadcrumb"},"inLanguage":"fr-FR","potentialAction":[{"@type":"ReadAction","target":["https:\/\/www.coccigames.com\/index.php\/produit\/kratos-tank-squadron\/"]}]},{"@type":"ImageObject","inLanguage":"fr-FR","@id":"https:\/\/www.coccigames.com\/index.php\/produit\/kratos-tank-squadron\/#primaryimage","url":"https:\/\/www.coccigames.com\/wp-content\/uploads\/2025\/12\/99122601003_KratosHeavyTankSquadron5.jpg","contentUrl":"https:\/\/www.coccigames.com\/wp-content\/uploads\/2025\/12\/99122601003_KratosHeavyTankSquadron5.jpg","width":918,"height":948},{"@type":"BreadcrumbList","@id":"https:\/\/www.coccigames.com\/index.php\/produit\/kratos-tank-squadron\/#breadcrumb","itemListElement":[{"@type":"ListItem","position":1,"name":"Accueil","item":"https:\/\/www.coccigames.com\/"},{"@type":"ListItem","position":2,"name":"Boutique","item":"https:\/\/www.coccigames.com\/index.php\/boutique\/"},{"@type":"ListItem","position":3,"name":"KRATOS TANK SQUADRON"}]},{"@type":"WebSite","@id":"https:\/\/www.coccigames.com\/#website","url":"https:\/\/www.coccigames.com\/","name":"Coccigames - Figurines et Peintures","description":"Figurines et Peintures","publisher":{"@id":"https:\/\/www.coccigames.com\/#organization"},"potentialAction":[{"@type":"SearchAction","target":{"@type":"EntryPoint","urlTemplate":"https:\/\/www.coccigames.com\/?s={search_term_string}"},"query-input":{"@type":"PropertyValueSpecification","valueRequired":true,"valueName":"search_term_string"}}],"inLanguage":"fr-FR"},{"@type":"Organization","@id":"https:\/\/www.coccigames.com\/#organization","name":"Coccigames","url":"https:\/\/www.coccigames.com\/","logo":{"@type":"ImageObject","inLanguage":"fr-FR","@id":"https:\/\/www.coccigames.com\/#\/schema\/logo\/image\/","url":"https:\/\/www.coccigames.com\/wp-content\/uploads\/2025\/12\/coccigames_logo_v5.png","contentUrl":"https:\/\/www.coccigames.com\/wp-content\/uploads\/2025\/12\/coccigames_logo_v5.png","width":1768,"height":424,"caption":"Coccigames"},"image":{"@id":"https:\/\/www.coccigames.com\/#\/schema\/logo\/image\/"}}]}},"_links":{"self":[{"href":"https:\/\/www.coccigames.com\/index.php\/wp-json\/wp\/v2\/product\/13045","targetHints":{"allow":["GET"]}}],"collection":[{"href":"https:\/\/www.coccigames.com\/index.php\/wp-json\/wp\/v2\/product"}],"about":[{"href":"https:\/\/www.coccigames.com\/index.php\/wp-json\/wp\/v2\/types\/product"}],"replies":[{"embeddable":true,"href":"https:\/\/www.coccigames.com\/index.php\/wp-json\/wp\/v2\/comments?post=13045"}],"wp:featuredmedia":[{"embeddable":true,"href":"https:\/\/www.coccigames.com\/index.php\/wp-json\/wp\/v2\/media\/13212"}],"wp:attachment":[{"href":"https:\/\/www.coccigames.com\/index.php\/wp-json\/wp\/v2\/media?parent=13045"}],"wp:term":[{"taxonomy":"product_brand","embeddable":true,"href":"https:\/\/www.coccigames.com\/index.php\/wp-json\/wp\/v2\/product_brand?post=13045"},{"taxonomy":"product_cat","embeddable":true,"href":"https:\/\/www.coccigames.com\/index.php\/wp-json\/wp\/v2\/product_cat?post=13045"},{"taxonomy":"product_tag","embeddable":true,"href":"https:\/\/www.coccigames.com\/index.php\/wp-json\/wp\/v2\/product_tag?post=13045"}],"curies":[{"name":"wp","href":"https:\/\/api.w.org\/{rel}","templated":true}]}}