{"id":13041,"date":"2025-12-20T13:22:38","date_gmt":"2025-12-20T12:22:38","guid":{"rendered":"https:\/\/www.coccigames.com\/index.php\/produit\/mechanicum-karacnos-assault-tank-sq\/"},"modified":"2026-04-06T09:28:33","modified_gmt":"2026-04-06T07:28:33","slug":"mechanicum-karacnos-assault-tank-sq","status":"publish","type":"product","link":"https:\/\/www.coccigames.com\/index.php\/produit\/mechanicum-karacnos-assault-tank-sq\/","title":{"rendered":"MECHANICUM KARACNOS ASSAULT TANK SQUADRON"},"content":{"rendered":"<p>Le Karacnos est une variante du Convoyeur Blind\u00e9 Triaros, dont le compartiment de transport a \u00e9t\u00e9 remplac\u00e9 par des batteries de mortiers \u00e0 obus irradi\u00e9s, auxquelles s&rsquo;ajoutent des mousquets \u00e0 foudre \u00e0 vis\u00e9e ind\u00e9pendante. Ceci fait du Karacnos une v\u00e9ritable plateforme d&rsquo;artillerie mobile capable de s&rsquo;approcher des lignes ennemies et d&rsquo;endurer les pires attaques pour d\u00e9livrer sa cargaison mortelle.<\/p>\n<p>Ce kit en plastique permet d&rsquo;assembler quatre Karacnos Assault Tanks, de puissantes plateformes d&rsquo;artillerie mobiles \u00e0 d\u00e9ployer dans vos arm\u00e9es du Mechanicum ou du Mechanicum Noir, ou en tant qu&rsquo;alli\u00e9s dans vos arm\u00e9es de Legiones Astartes ou de Solar Auxilia, lors des parties de Legions Imperialis. Chacun d&rsquo;entre eux est une plateforme de tir bien prot\u00e9g\u00e9e, capable de d\u00e9cimer l&rsquo;infanterie \u00e0 l&rsquo;aide de ses obus irradi\u00e9s et de ses canonnades de mousquets \u00e0 foudre. Ils peuvent \u00eatre assembl\u00e9s avec les batteries de mortiers expos\u00e9es ou rentr\u00e9es. Ces puissants chars viendront renforcer votre arm\u00e9e avec leur terrible puissance de feu et pourront facilement interdire l&rsquo;acc\u00e8s \u00e0 certaines zones du champ de bataille.<\/p>\n","protected":false},"excerpt":{"rendered":"<p>Le Karacnos est une variante du Convoyeur Blind\u00e9 Triaros, dont le compartiment de transport a \u00e9t\u00e9 remplac\u00e9 par des batteries de mortiers \u00e0 obus irradi\u00e9s, auxquelles s&rsquo;ajoutent des mousquets \u00e0 foudre \u00e0 vis\u00e9e ind\u00e9pendante. Ceci fait du Karacnos une v\u00e9ritable plateforme d&rsquo;artillerie mobile capable de&hellip;<\/p>\n","protected":false},"featured_media":13231,"comment_status":"open","ping_status":"closed","template":"","meta":[],"product_brand":[23],"product_cat":[6185],"product_tag":[434,6184],"class_list":{"0":"post-13041","1":"product","2":"type-product","3":"status-publish","4":"has-post-thumbnail","6":"product_brand-games-workshop","7":"product_cat-legion-imperialis","8":"product_tag-generic","9":"product_tag-legion-imperialis","11":"first","12":"onbackorder","13":"sale","14":"taxable","15":"shipping-taxable","16":"purchasable","17":"product-type-simple"},"yoast_head":"<!-- This site is optimized with the Yoast SEO plugin v26.4 - https:\/\/yoast.com\/wordpress\/plugins\/seo\/ -->\n<title>MECHANICUM KARACNOS ASSAULT TANK SQUADRON - Coccigames<\/title>\n<meta name=\"robots\" content=\"index, follow, max-snippet:-1, max-image-preview:large, max-video-preview:-1\" \/>\n<link rel=\"canonical\" href=\"https:\/\/www.coccigames.com\/index.php\/produit\/mechanicum-karacnos-assault-tank-sq\/\" \/>\n<meta property=\"og:locale\" content=\"fr_FR\" \/>\n<meta property=\"og:type\" content=\"article\" \/>\n<meta property=\"og:title\" content=\"MECHANICUM KARACNOS ASSAULT TANK SQUADRON - Coccigames\" \/>\n<meta property=\"og:description\" content=\"Le Karacnos est une variante du Convoyeur Blind\u00e9 Triaros, dont le compartiment de transport a \u00e9t\u00e9 remplac\u00e9 par des batteries de mortiers \u00e0 obus irradi\u00e9s, auxquelles s&rsquo;ajoutent des mousquets \u00e0 foudre \u00e0 vis\u00e9e ind\u00e9pendante. Ceci fait du Karacnos une v\u00e9ritable plateforme d&rsquo;artillerie mobile capable de&hellip;\" \/>\n<meta property=\"og:url\" content=\"https:\/\/www.coccigames.com\/index.php\/produit\/mechanicum-karacnos-assault-tank-sq\/\" \/>\n<meta property=\"og:site_name\" content=\"Coccigames\" \/>\n<meta property=\"article:modified_time\" content=\"2026-04-06T07:28:33+00:00\" \/>\n<meta property=\"og:image\" content=\"https:\/\/www.coccigames.com\/wp-content\/uploads\/2025\/12\/99122616008_LIKaracnosAssaultTankSquadron04.jpg\" \/>\n\t<meta property=\"og:image:width\" content=\"918\" \/>\n\t<meta property=\"og:image:height\" content=\"948\" \/>\n\t<meta property=\"og:image:type\" content=\"image\/jpeg\" \/>\n<meta name=\"twitter:card\" content=\"summary_large_image\" \/>\n<meta name=\"twitter:label1\" content=\"Dur\u00e9e de lecture estim\u00e9e\" \/>\n\t<meta name=\"twitter:data1\" content=\"2 minutes\" \/>\n<script type=\"application\/ld+json\" class=\"yoast-schema-graph\">{\"@context\":\"https:\/\/schema.org\",\"@graph\":[{\"@type\":\"WebPage\",\"@id\":\"https:\/\/www.coccigames.com\/index.php\/produit\/mechanicum-karacnos-assault-tank-sq\/\",\"url\":\"https:\/\/www.coccigames.com\/index.php\/produit\/mechanicum-karacnos-assault-tank-sq\/\",\"name\":\"MECHANICUM KARACNOS ASSAULT TANK SQUADRON - Coccigames\",\"isPartOf\":{\"@id\":\"https:\/\/www.coccigames.com\/#website\"},\"primaryImageOfPage\":{\"@id\":\"https:\/\/www.coccigames.com\/index.php\/produit\/mechanicum-karacnos-assault-tank-sq\/#primaryimage\"},\"image\":{\"@id\":\"https:\/\/www.coccigames.com\/index.php\/produit\/mechanicum-karacnos-assault-tank-sq\/#primaryimage\"},\"thumbnailUrl\":\"https:\/\/www.coccigames.com\/wp-content\/uploads\/2025\/12\/99122616008_LIKaracnosAssaultTankSquadron04.jpg\",\"datePublished\":\"2025-12-20T12:22:38+00:00\",\"dateModified\":\"2026-04-06T07:28:33+00:00\",\"breadcrumb\":{\"@id\":\"https:\/\/www.coccigames.com\/index.php\/produit\/mechanicum-karacnos-assault-tank-sq\/#breadcrumb\"},\"inLanguage\":\"fr-FR\",\"potentialAction\":[{\"@type\":\"ReadAction\",\"target\":[\"https:\/\/www.coccigames.com\/index.php\/produit\/mechanicum-karacnos-assault-tank-sq\/\"]}]},{\"@type\":\"ImageObject\",\"inLanguage\":\"fr-FR\",\"@id\":\"https:\/\/www.coccigames.com\/index.php\/produit\/mechanicum-karacnos-assault-tank-sq\/#primaryimage\",\"url\":\"https:\/\/www.coccigames.com\/wp-content\/uploads\/2025\/12\/99122616008_LIKaracnosAssaultTankSquadron04.jpg\",\"contentUrl\":\"https:\/\/www.coccigames.com\/wp-content\/uploads\/2025\/12\/99122616008_LIKaracnosAssaultTankSquadron04.jpg\",\"width\":918,\"height\":948},{\"@type\":\"BreadcrumbList\",\"@id\":\"https:\/\/www.coccigames.com\/index.php\/produit\/mechanicum-karacnos-assault-tank-sq\/#breadcrumb\",\"itemListElement\":[{\"@type\":\"ListItem\",\"position\":1,\"name\":\"Accueil\",\"item\":\"https:\/\/www.coccigames.com\/\"},{\"@type\":\"ListItem\",\"position\":2,\"name\":\"Boutique\",\"item\":\"https:\/\/www.coccigames.com\/index.php\/boutique\/\"},{\"@type\":\"ListItem\",\"position\":3,\"name\":\"MECHANICUM KARACNOS ASSAULT TANK SQUADRON\"}]},{\"@type\":\"WebSite\",\"@id\":\"https:\/\/www.coccigames.com\/#website\",\"url\":\"https:\/\/www.coccigames.com\/\",\"name\":\"Coccigames - Figurines et Peintures\",\"description\":\"Figurines et Peintures\",\"publisher\":{\"@id\":\"https:\/\/www.coccigames.com\/#organization\"},\"potentialAction\":[{\"@type\":\"SearchAction\",\"target\":{\"@type\":\"EntryPoint\",\"urlTemplate\":\"https:\/\/www.coccigames.com\/?s={search_term_string}\"},\"query-input\":{\"@type\":\"PropertyValueSpecification\",\"valueRequired\":true,\"valueName\":\"search_term_string\"}}],\"inLanguage\":\"fr-FR\"},{\"@type\":\"Organization\",\"@id\":\"https:\/\/www.coccigames.com\/#organization\",\"name\":\"Coccigames\",\"url\":\"https:\/\/www.coccigames.com\/\",\"logo\":{\"@type\":\"ImageObject\",\"inLanguage\":\"fr-FR\",\"@id\":\"https:\/\/www.coccigames.com\/#\/schema\/logo\/image\/\",\"url\":\"https:\/\/www.coccigames.com\/wp-content\/uploads\/2025\/12\/coccigames_logo_v5.png\",\"contentUrl\":\"https:\/\/www.coccigames.com\/wp-content\/uploads\/2025\/12\/coccigames_logo_v5.png\",\"width\":1768,\"height\":424,\"caption\":\"Coccigames\"},\"image\":{\"@id\":\"https:\/\/www.coccigames.com\/#\/schema\/logo\/image\/\"}}]}<\/script>\n<!-- \/ Yoast SEO plugin. -->","yoast_head_json":{"title":"MECHANICUM KARACNOS ASSAULT TANK SQUADRON - Coccigames","robots":{"index":"index","follow":"follow","max-snippet":"max-snippet:-1","max-image-preview":"max-image-preview:large","max-video-preview":"max-video-preview:-1"},"canonical":"https:\/\/www.coccigames.com\/index.php\/produit\/mechanicum-karacnos-assault-tank-sq\/","og_locale":"fr_FR","og_type":"article","og_title":"MECHANICUM KARACNOS ASSAULT TANK SQUADRON - Coccigames","og_description":"Le Karacnos est une variante du Convoyeur Blind\u00e9 Triaros, dont le compartiment de transport a \u00e9t\u00e9 remplac\u00e9 par des batteries de mortiers \u00e0 obus irradi\u00e9s, auxquelles s&rsquo;ajoutent des mousquets \u00e0 foudre \u00e0 vis\u00e9e ind\u00e9pendante. Ceci fait du Karacnos une v\u00e9ritable plateforme d&rsquo;artillerie mobile capable de&hellip;","og_url":"https:\/\/www.coccigames.com\/index.php\/produit\/mechanicum-karacnos-assault-tank-sq\/","og_site_name":"Coccigames","article_modified_time":"2026-04-06T07:28:33+00:00","og_image":[{"width":918,"height":948,"url":"https:\/\/www.coccigames.com\/wp-content\/uploads\/2025\/12\/99122616008_LIKaracnosAssaultTankSquadron04.jpg","type":"image\/jpeg"}],"twitter_card":"summary_large_image","twitter_misc":{"Dur\u00e9e de lecture estim\u00e9e":"2 minutes"},"schema":{"@context":"https:\/\/schema.org","@graph":[{"@type":"WebPage","@id":"https:\/\/www.coccigames.com\/index.php\/produit\/mechanicum-karacnos-assault-tank-sq\/","url":"https:\/\/www.coccigames.com\/index.php\/produit\/mechanicum-karacnos-assault-tank-sq\/","name":"MECHANICUM KARACNOS ASSAULT TANK SQUADRON - Coccigames","isPartOf":{"@id":"https:\/\/www.coccigames.com\/#website"},"primaryImageOfPage":{"@id":"https:\/\/www.coccigames.com\/index.php\/produit\/mechanicum-karacnos-assault-tank-sq\/#primaryimage"},"image":{"@id":"https:\/\/www.coccigames.com\/index.php\/produit\/mechanicum-karacnos-assault-tank-sq\/#primaryimage"},"thumbnailUrl":"https:\/\/www.coccigames.com\/wp-content\/uploads\/2025\/12\/99122616008_LIKaracnosAssaultTankSquadron04.jpg","datePublished":"2025-12-20T12:22:38+00:00","dateModified":"2026-04-06T07:28:33+00:00","breadcrumb":{"@id":"https:\/\/www.coccigames.com\/index.php\/produit\/mechanicum-karacnos-assault-tank-sq\/#breadcrumb"},"inLanguage":"fr-FR","potentialAction":[{"@type":"ReadAction","target":["https:\/\/www.coccigames.com\/index.php\/produit\/mechanicum-karacnos-assault-tank-sq\/"]}]},{"@type":"ImageObject","inLanguage":"fr-FR","@id":"https:\/\/www.coccigames.com\/index.php\/produit\/mechanicum-karacnos-assault-tank-sq\/#primaryimage","url":"https:\/\/www.coccigames.com\/wp-content\/uploads\/2025\/12\/99122616008_LIKaracnosAssaultTankSquadron04.jpg","contentUrl":"https:\/\/www.coccigames.com\/wp-content\/uploads\/2025\/12\/99122616008_LIKaracnosAssaultTankSquadron04.jpg","width":918,"height":948},{"@type":"BreadcrumbList","@id":"https:\/\/www.coccigames.com\/index.php\/produit\/mechanicum-karacnos-assault-tank-sq\/#breadcrumb","itemListElement":[{"@type":"ListItem","position":1,"name":"Accueil","item":"https:\/\/www.coccigames.com\/"},{"@type":"ListItem","position":2,"name":"Boutique","item":"https:\/\/www.coccigames.com\/index.php\/boutique\/"},{"@type":"ListItem","position":3,"name":"MECHANICUM KARACNOS ASSAULT TANK SQUADRON"}]},{"@type":"WebSite","@id":"https:\/\/www.coccigames.com\/#website","url":"https:\/\/www.coccigames.com\/","name":"Coccigames - Figurines et Peintures","description":"Figurines et Peintures","publisher":{"@id":"https:\/\/www.coccigames.com\/#organization"},"potentialAction":[{"@type":"SearchAction","target":{"@type":"EntryPoint","urlTemplate":"https:\/\/www.coccigames.com\/?s={search_term_string}"},"query-input":{"@type":"PropertyValueSpecification","valueRequired":true,"valueName":"search_term_string"}}],"inLanguage":"fr-FR"},{"@type":"Organization","@id":"https:\/\/www.coccigames.com\/#organization","name":"Coccigames","url":"https:\/\/www.coccigames.com\/","logo":{"@type":"ImageObject","inLanguage":"fr-FR","@id":"https:\/\/www.coccigames.com\/#\/schema\/logo\/image\/","url":"https:\/\/www.coccigames.com\/wp-content\/uploads\/2025\/12\/coccigames_logo_v5.png","contentUrl":"https:\/\/www.coccigames.com\/wp-content\/uploads\/2025\/12\/coccigames_logo_v5.png","width":1768,"height":424,"caption":"Coccigames"},"image":{"@id":"https:\/\/www.coccigames.com\/#\/schema\/logo\/image\/"}}]}},"_links":{"self":[{"href":"https:\/\/www.coccigames.com\/index.php\/wp-json\/wp\/v2\/product\/13041","targetHints":{"allow":["GET"]}}],"collection":[{"href":"https:\/\/www.coccigames.com\/index.php\/wp-json\/wp\/v2\/product"}],"about":[{"href":"https:\/\/www.coccigames.com\/index.php\/wp-json\/wp\/v2\/types\/product"}],"replies":[{"embeddable":true,"href":"https:\/\/www.coccigames.com\/index.php\/wp-json\/wp\/v2\/comments?post=13041"}],"wp:featuredmedia":[{"embeddable":true,"href":"https:\/\/www.coccigames.com\/index.php\/wp-json\/wp\/v2\/media\/13231"}],"wp:attachment":[{"href":"https:\/\/www.coccigames.com\/index.php\/wp-json\/wp\/v2\/media?parent=13041"}],"wp:term":[{"taxonomy":"product_brand","embeddable":true,"href":"https:\/\/www.coccigames.com\/index.php\/wp-json\/wp\/v2\/product_brand?post=13041"},{"taxonomy":"product_cat","embeddable":true,"href":"https:\/\/www.coccigames.com\/index.php\/wp-json\/wp\/v2\/product_cat?post=13041"},{"taxonomy":"product_tag","embeddable":true,"href":"https:\/\/www.coccigames.com\/index.php\/wp-json\/wp\/v2\/product_tag?post=13041"}],"curies":[{"name":"wp","href":"https:\/\/api.w.org\/{rel}","templated":true}]}}