{"id":13037,"date":"2025-12-20T13:22:37","date_gmt":"2025-12-20T12:22:37","guid":{"rendered":"https:\/\/www.coccigames.com\/index.php\/produit\/thanatar-cohort\/"},"modified":"2026-04-06T09:28:33","modified_gmt":"2026-04-06T07:28:33","slug":"thanatar-cohort","status":"publish","type":"product","link":"https:\/\/www.coccigames.com\/index.php\/produit\/thanatar-cohort\/","title":{"rendered":"THANATAR COHORT"},"content":{"rendered":"<p>L&rsquo;Automate de Si\u00e8ge Thanatar est une plateforme d&rsquo;artillerie mobile, con\u00e7ue pour accueillir tout un ensemble d&rsquo;armes lourdes. Il est utilis\u00e9 principalement lors des si\u00e8ges, ou d&rsquo;engagements urbains, l\u00e0 o\u00f9 ses armes redoutables pourront \u00e9ventrer les fortifications les plus solides sous un pilonnage implacable.<\/p>\n<p>Ce kit plastique permet d&rsquo;assembler huit figurines de Thanatar Siege-Automata \u00e0 l&rsquo;\u00e9chelle Epic, pour vos arm\u00e9es des Taghmata du Mechanicum et du Mechanicum Noir, ou comme alli\u00e9s de vos arm\u00e9es de Solar Auxilia dans vos parties de Legions Imperialis. Quatre figurines peuvent \u00eatre assembl\u00e9es avec des lasers lourds Sollex, des canons \u00e0 bolts Mauler et des b\u00e9liers \u00e0 gravitons, tandis que les quatre autres peuvent \u00eatre \u00e9quip\u00e9es de mortiers \u00e0 plasma, pouvant \u00eatre assembl\u00e9s avec la bouche ouverte ou ferm\u00e9e, et de canons \u00e0 bolts Mauler.<\/p>\n","protected":false},"excerpt":{"rendered":"<p>L&rsquo;Automate de Si\u00e8ge Thanatar est une plateforme d&rsquo;artillerie mobile, con\u00e7ue pour accueillir tout un ensemble d&rsquo;armes lourdes. Il est utilis\u00e9 principalement lors des si\u00e8ges, ou d&rsquo;engagements urbains, l\u00e0 o\u00f9 ses armes redoutables pourront \u00e9ventrer les fortifications les plus solides sous un pilonnage implacable. Ce kit&hellip;<\/p>\n","protected":false},"featured_media":13129,"comment_status":"open","ping_status":"closed","template":"","meta":[],"product_brand":[23],"product_cat":[6185],"product_tag":[434,6184],"class_list":{"0":"post-13037","1":"product","2":"type-product","3":"status-publish","4":"has-post-thumbnail","6":"product_brand-games-workshop","7":"product_cat-legion-imperialis","8":"product_tag-generic","9":"product_tag-legion-imperialis","11":"first","12":"outofstock","13":"sale","14":"taxable","15":"shipping-taxable","16":"purchasable","17":"product-type-simple"},"yoast_head":"<!-- This site is optimized with the Yoast SEO plugin v26.4 - https:\/\/yoast.com\/wordpress\/plugins\/seo\/ -->\n<title>THANATAR COHORT - Coccigames<\/title>\n<meta name=\"robots\" content=\"index, follow, max-snippet:-1, max-image-preview:large, max-video-preview:-1\" \/>\n<link rel=\"canonical\" href=\"https:\/\/www.coccigames.com\/index.php\/produit\/thanatar-cohort\/\" \/>\n<meta property=\"og:locale\" content=\"fr_FR\" \/>\n<meta property=\"og:type\" content=\"article\" \/>\n<meta property=\"og:title\" content=\"THANATAR COHORT - Coccigames\" \/>\n<meta property=\"og:description\" content=\"L&rsquo;Automate de Si\u00e8ge Thanatar est une plateforme d&rsquo;artillerie mobile, con\u00e7ue pour accueillir tout un ensemble d&rsquo;armes lourdes. Il est utilis\u00e9 principalement lors des si\u00e8ges, ou d&rsquo;engagements urbains, l\u00e0 o\u00f9 ses armes redoutables pourront \u00e9ventrer les fortifications les plus solides sous un pilonnage implacable. Ce kit&hellip;\" \/>\n<meta property=\"og:url\" content=\"https:\/\/www.coccigames.com\/index.php\/produit\/thanatar-cohort\/\" \/>\n<meta property=\"og:site_name\" content=\"Coccigames\" \/>\n<meta property=\"article:modified_time\" content=\"2026-04-06T07:28:33+00:00\" \/>\n<meta property=\"og:image\" content=\"https:\/\/www.coccigames.com\/wp-content\/uploads\/2025\/12\/99122616007_LIThanatarSiegeAutomataCohort03.jpg\" \/>\n\t<meta property=\"og:image:width\" content=\"918\" \/>\n\t<meta property=\"og:image:height\" content=\"948\" \/>\n\t<meta property=\"og:image:type\" content=\"image\/jpeg\" \/>\n<meta name=\"twitter:card\" content=\"summary_large_image\" \/>\n<meta name=\"twitter:label1\" content=\"Dur\u00e9e de lecture estim\u00e9e\" \/>\n\t<meta name=\"twitter:data1\" content=\"1 minute\" \/>\n<script type=\"application\/ld+json\" class=\"yoast-schema-graph\">{\"@context\":\"https:\/\/schema.org\",\"@graph\":[{\"@type\":\"WebPage\",\"@id\":\"https:\/\/www.coccigames.com\/index.php\/produit\/thanatar-cohort\/\",\"url\":\"https:\/\/www.coccigames.com\/index.php\/produit\/thanatar-cohort\/\",\"name\":\"THANATAR COHORT - Coccigames\",\"isPartOf\":{\"@id\":\"https:\/\/www.coccigames.com\/#website\"},\"primaryImageOfPage\":{\"@id\":\"https:\/\/www.coccigames.com\/index.php\/produit\/thanatar-cohort\/#primaryimage\"},\"image\":{\"@id\":\"https:\/\/www.coccigames.com\/index.php\/produit\/thanatar-cohort\/#primaryimage\"},\"thumbnailUrl\":\"https:\/\/www.coccigames.com\/wp-content\/uploads\/2025\/12\/99122616007_LIThanatarSiegeAutomataCohort03.jpg\",\"datePublished\":\"2025-12-20T12:22:37+00:00\",\"dateModified\":\"2026-04-06T07:28:33+00:00\",\"breadcrumb\":{\"@id\":\"https:\/\/www.coccigames.com\/index.php\/produit\/thanatar-cohort\/#breadcrumb\"},\"inLanguage\":\"fr-FR\",\"potentialAction\":[{\"@type\":\"ReadAction\",\"target\":[\"https:\/\/www.coccigames.com\/index.php\/produit\/thanatar-cohort\/\"]}]},{\"@type\":\"ImageObject\",\"inLanguage\":\"fr-FR\",\"@id\":\"https:\/\/www.coccigames.com\/index.php\/produit\/thanatar-cohort\/#primaryimage\",\"url\":\"https:\/\/www.coccigames.com\/wp-content\/uploads\/2025\/12\/99122616007_LIThanatarSiegeAutomataCohort03.jpg\",\"contentUrl\":\"https:\/\/www.coccigames.com\/wp-content\/uploads\/2025\/12\/99122616007_LIThanatarSiegeAutomataCohort03.jpg\",\"width\":918,\"height\":948},{\"@type\":\"BreadcrumbList\",\"@id\":\"https:\/\/www.coccigames.com\/index.php\/produit\/thanatar-cohort\/#breadcrumb\",\"itemListElement\":[{\"@type\":\"ListItem\",\"position\":1,\"name\":\"Accueil\",\"item\":\"https:\/\/www.coccigames.com\/\"},{\"@type\":\"ListItem\",\"position\":2,\"name\":\"Boutique\",\"item\":\"https:\/\/www.coccigames.com\/index.php\/boutique\/\"},{\"@type\":\"ListItem\",\"position\":3,\"name\":\"THANATAR COHORT\"}]},{\"@type\":\"WebSite\",\"@id\":\"https:\/\/www.coccigames.com\/#website\",\"url\":\"https:\/\/www.coccigames.com\/\",\"name\":\"Coccigames - Figurines et Peintures\",\"description\":\"Figurines et Peintures\",\"publisher\":{\"@id\":\"https:\/\/www.coccigames.com\/#organization\"},\"potentialAction\":[{\"@type\":\"SearchAction\",\"target\":{\"@type\":\"EntryPoint\",\"urlTemplate\":\"https:\/\/www.coccigames.com\/?s={search_term_string}\"},\"query-input\":{\"@type\":\"PropertyValueSpecification\",\"valueRequired\":true,\"valueName\":\"search_term_string\"}}],\"inLanguage\":\"fr-FR\"},{\"@type\":\"Organization\",\"@id\":\"https:\/\/www.coccigames.com\/#organization\",\"name\":\"Coccigames\",\"url\":\"https:\/\/www.coccigames.com\/\",\"logo\":{\"@type\":\"ImageObject\",\"inLanguage\":\"fr-FR\",\"@id\":\"https:\/\/www.coccigames.com\/#\/schema\/logo\/image\/\",\"url\":\"https:\/\/www.coccigames.com\/wp-content\/uploads\/2025\/12\/coccigames_logo_v5.png\",\"contentUrl\":\"https:\/\/www.coccigames.com\/wp-content\/uploads\/2025\/12\/coccigames_logo_v5.png\",\"width\":1768,\"height\":424,\"caption\":\"Coccigames\"},\"image\":{\"@id\":\"https:\/\/www.coccigames.com\/#\/schema\/logo\/image\/\"}}]}<\/script>\n<!-- \/ Yoast SEO plugin. -->","yoast_head_json":{"title":"THANATAR COHORT - Coccigames","robots":{"index":"index","follow":"follow","max-snippet":"max-snippet:-1","max-image-preview":"max-image-preview:large","max-video-preview":"max-video-preview:-1"},"canonical":"https:\/\/www.coccigames.com\/index.php\/produit\/thanatar-cohort\/","og_locale":"fr_FR","og_type":"article","og_title":"THANATAR COHORT - Coccigames","og_description":"L&rsquo;Automate de Si\u00e8ge Thanatar est une plateforme d&rsquo;artillerie mobile, con\u00e7ue pour accueillir tout un ensemble d&rsquo;armes lourdes. Il est utilis\u00e9 principalement lors des si\u00e8ges, ou d&rsquo;engagements urbains, l\u00e0 o\u00f9 ses armes redoutables pourront \u00e9ventrer les fortifications les plus solides sous un pilonnage implacable. Ce kit&hellip;","og_url":"https:\/\/www.coccigames.com\/index.php\/produit\/thanatar-cohort\/","og_site_name":"Coccigames","article_modified_time":"2026-04-06T07:28:33+00:00","og_image":[{"width":918,"height":948,"url":"https:\/\/www.coccigames.com\/wp-content\/uploads\/2025\/12\/99122616007_LIThanatarSiegeAutomataCohort03.jpg","type":"image\/jpeg"}],"twitter_card":"summary_large_image","twitter_misc":{"Dur\u00e9e de lecture estim\u00e9e":"1 minute"},"schema":{"@context":"https:\/\/schema.org","@graph":[{"@type":"WebPage","@id":"https:\/\/www.coccigames.com\/index.php\/produit\/thanatar-cohort\/","url":"https:\/\/www.coccigames.com\/index.php\/produit\/thanatar-cohort\/","name":"THANATAR COHORT - Coccigames","isPartOf":{"@id":"https:\/\/www.coccigames.com\/#website"},"primaryImageOfPage":{"@id":"https:\/\/www.coccigames.com\/index.php\/produit\/thanatar-cohort\/#primaryimage"},"image":{"@id":"https:\/\/www.coccigames.com\/index.php\/produit\/thanatar-cohort\/#primaryimage"},"thumbnailUrl":"https:\/\/www.coccigames.com\/wp-content\/uploads\/2025\/12\/99122616007_LIThanatarSiegeAutomataCohort03.jpg","datePublished":"2025-12-20T12:22:37+00:00","dateModified":"2026-04-06T07:28:33+00:00","breadcrumb":{"@id":"https:\/\/www.coccigames.com\/index.php\/produit\/thanatar-cohort\/#breadcrumb"},"inLanguage":"fr-FR","potentialAction":[{"@type":"ReadAction","target":["https:\/\/www.coccigames.com\/index.php\/produit\/thanatar-cohort\/"]}]},{"@type":"ImageObject","inLanguage":"fr-FR","@id":"https:\/\/www.coccigames.com\/index.php\/produit\/thanatar-cohort\/#primaryimage","url":"https:\/\/www.coccigames.com\/wp-content\/uploads\/2025\/12\/99122616007_LIThanatarSiegeAutomataCohort03.jpg","contentUrl":"https:\/\/www.coccigames.com\/wp-content\/uploads\/2025\/12\/99122616007_LIThanatarSiegeAutomataCohort03.jpg","width":918,"height":948},{"@type":"BreadcrumbList","@id":"https:\/\/www.coccigames.com\/index.php\/produit\/thanatar-cohort\/#breadcrumb","itemListElement":[{"@type":"ListItem","position":1,"name":"Accueil","item":"https:\/\/www.coccigames.com\/"},{"@type":"ListItem","position":2,"name":"Boutique","item":"https:\/\/www.coccigames.com\/index.php\/boutique\/"},{"@type":"ListItem","position":3,"name":"THANATAR COHORT"}]},{"@type":"WebSite","@id":"https:\/\/www.coccigames.com\/#website","url":"https:\/\/www.coccigames.com\/","name":"Coccigames - Figurines et Peintures","description":"Figurines et Peintures","publisher":{"@id":"https:\/\/www.coccigames.com\/#organization"},"potentialAction":[{"@type":"SearchAction","target":{"@type":"EntryPoint","urlTemplate":"https:\/\/www.coccigames.com\/?s={search_term_string}"},"query-input":{"@type":"PropertyValueSpecification","valueRequired":true,"valueName":"search_term_string"}}],"inLanguage":"fr-FR"},{"@type":"Organization","@id":"https:\/\/www.coccigames.com\/#organization","name":"Coccigames","url":"https:\/\/www.coccigames.com\/","logo":{"@type":"ImageObject","inLanguage":"fr-FR","@id":"https:\/\/www.coccigames.com\/#\/schema\/logo\/image\/","url":"https:\/\/www.coccigames.com\/wp-content\/uploads\/2025\/12\/coccigames_logo_v5.png","contentUrl":"https:\/\/www.coccigames.com\/wp-content\/uploads\/2025\/12\/coccigames_logo_v5.png","width":1768,"height":424,"caption":"Coccigames"},"image":{"@id":"https:\/\/www.coccigames.com\/#\/schema\/logo\/image\/"}}]}},"_links":{"self":[{"href":"https:\/\/www.coccigames.com\/index.php\/wp-json\/wp\/v2\/product\/13037","targetHints":{"allow":["GET"]}}],"collection":[{"href":"https:\/\/www.coccigames.com\/index.php\/wp-json\/wp\/v2\/product"}],"about":[{"href":"https:\/\/www.coccigames.com\/index.php\/wp-json\/wp\/v2\/types\/product"}],"replies":[{"embeddable":true,"href":"https:\/\/www.coccigames.com\/index.php\/wp-json\/wp\/v2\/comments?post=13037"}],"wp:featuredmedia":[{"embeddable":true,"href":"https:\/\/www.coccigames.com\/index.php\/wp-json\/wp\/v2\/media\/13129"}],"wp:attachment":[{"href":"https:\/\/www.coccigames.com\/index.php\/wp-json\/wp\/v2\/media?parent=13037"}],"wp:term":[{"taxonomy":"product_brand","embeddable":true,"href":"https:\/\/www.coccigames.com\/index.php\/wp-json\/wp\/v2\/product_brand?post=13037"},{"taxonomy":"product_cat","embeddable":true,"href":"https:\/\/www.coccigames.com\/index.php\/wp-json\/wp\/v2\/product_cat?post=13037"},{"taxonomy":"product_tag","embeddable":true,"href":"https:\/\/www.coccigames.com\/index.php\/wp-json\/wp\/v2\/product_tag?post=13037"}],"curies":[{"name":"wp","href":"https:\/\/api.w.org\/{rel}","templated":true}]}}