{"id":13035,"date":"2025-12-20T13:22:36","date_gmt":"2025-12-20T12:22:36","guid":{"rendered":"https:\/\/www.coccigames.com\/index.php\/produit\/mechanicum-cerastus-knights-atrapos\/"},"modified":"2026-04-06T09:28:33","modified_gmt":"2026-04-06T07:28:33","slug":"mechanicum-cerastus-knights-atrapos","status":"publish","type":"product","link":"https:\/\/www.coccigames.com\/index.php\/produit\/mechanicum-cerastus-knights-atrapos\/","title":{"rendered":"MECHANICUM CERASTUS KNIGHTS ATRAPOS"},"content":{"rendered":"<p>Les Chevaliers Cerastus Atrapos sont des mod\u00e8les aux origines antiques et \u00e0 la puissance stup\u00e9fiante. C&rsquo;est un honneur rare pour une Maisonn\u00e9e que de pouvoir en compter parmi ses rangs, et chacun d&rsquo;entre eux est une v\u00e9ritable relique trait\u00e9e avec beaucoup de r\u00e9v\u00e9rence. Ils sont souvent employ\u00e9s en tant qu&rsquo;ex\u00e9cuteurs des Chevaliers qui ont d\u00e9voy\u00e9 leur all\u00e9geance \u00e0 leur Maison. La soif de destruction profond\u00e9ment imbriqu\u00e9e dans leur esprit de la machine n&rsquo;est apais\u00e9e que par l&rsquo;\u00e9limination des plus terribles ennemis.<\/p>\n<p>Ce kit en plastique permet d&rsquo;assembler quatre Cerastus Knights Atrapos, des Chevaliers aussi vifs que l\u00e9taux \u00e0 d\u00e9ployer dans vos arm\u00e9es du Mechanicum, du Mechanicum Noir ou de Questoris Familia, ou en tant qu&rsquo;alli\u00e9s dans vos arm\u00e9es de Legiones Astartes ou de Solar Auxilia, lors des parties de Legions Imperialis. Ils sont particuli\u00e8rement efficaces contre les blind\u00e9s et les autres Chevaliers, avec leurs canons \u00e0 singularit\u00e9 et leurs d\u00e9coupeurs laser Atrapos, et les unit\u00e9s adverses les redouteront \u00e0 juste titre.<\/p>\n<p>Vous pouvez facilement personnaliser vos Chevaliers avec des jambes, torses, t\u00eates, bras, \u00e9pauli\u00e8res et gr\u00e8ves interchangeables. Vous avez le choix entre des \u00e9pauli\u00e8res et gr\u00e8ves neutres, ou avec l&#8217;embl\u00e8me du Mechanicum pour afficher votre all\u00e9geance.<\/p>\n","protected":false},"excerpt":{"rendered":"<p>Les Chevaliers Cerastus Atrapos sont des mod\u00e8les aux origines antiques et \u00e0 la puissance stup\u00e9fiante. C&rsquo;est un honneur rare pour une Maisonn\u00e9e que de pouvoir en compter parmi ses rangs, et chacun d&rsquo;entre eux est une v\u00e9ritable relique trait\u00e9e avec beaucoup de r\u00e9v\u00e9rence. Ils sont&hellip;<\/p>\n","protected":false},"featured_media":13239,"comment_status":"open","ping_status":"closed","template":"","meta":[],"product_brand":[23],"product_cat":[6202],"product_tag":[256,6184],"class_list":{"0":"post-13035","1":"product","2":"type-product","3":"status-publish","4":"has-post-thumbnail","6":"product_brand-games-workshop","7":"product_cat-knights","8":"product_tag-knights","9":"product_tag-legion-imperialis","11":"first","12":"onbackorder","13":"sale","14":"taxable","15":"shipping-taxable","16":"purchasable","17":"product-type-simple"},"yoast_head":"<!-- This site is optimized with the Yoast SEO plugin v26.4 - https:\/\/yoast.com\/wordpress\/plugins\/seo\/ -->\n<title>MECHANICUM CERASTUS KNIGHTS ATRAPOS - Coccigames<\/title>\n<meta name=\"robots\" content=\"index, follow, max-snippet:-1, max-image-preview:large, max-video-preview:-1\" \/>\n<link rel=\"canonical\" href=\"https:\/\/www.coccigames.com\/index.php\/produit\/mechanicum-cerastus-knights-atrapos\/\" \/>\n<meta property=\"og:locale\" content=\"fr_FR\" \/>\n<meta property=\"og:type\" content=\"article\" \/>\n<meta property=\"og:title\" content=\"MECHANICUM CERASTUS KNIGHTS ATRAPOS - Coccigames\" \/>\n<meta property=\"og:description\" content=\"Les Chevaliers Cerastus Atrapos sont des mod\u00e8les aux origines antiques et \u00e0 la puissance stup\u00e9fiante. C&rsquo;est un honneur rare pour une Maisonn\u00e9e que de pouvoir en compter parmi ses rangs, et chacun d&rsquo;entre eux est une v\u00e9ritable relique trait\u00e9e avec beaucoup de r\u00e9v\u00e9rence. Ils sont&hellip;\" \/>\n<meta property=\"og:url\" content=\"https:\/\/www.coccigames.com\/index.php\/produit\/mechanicum-cerastus-knights-atrapos\/\" \/>\n<meta property=\"og:site_name\" content=\"Coccigames\" \/>\n<meta property=\"article:modified_time\" content=\"2026-04-06T07:28:33+00:00\" \/>\n<meta property=\"og:image\" content=\"https:\/\/www.coccigames.com\/wp-content\/uploads\/2025\/12\/99122616005_LegionsImperialisMechanicumKnightsAtroposMiniature1.jpg\" \/>\n\t<meta property=\"og:image:width\" content=\"918\" \/>\n\t<meta property=\"og:image:height\" content=\"948\" \/>\n\t<meta property=\"og:image:type\" content=\"image\/jpeg\" \/>\n<meta name=\"twitter:card\" content=\"summary_large_image\" \/>\n<meta name=\"twitter:label1\" content=\"Dur\u00e9e de lecture estim\u00e9e\" \/>\n\t<meta name=\"twitter:data1\" content=\"2 minutes\" \/>\n<script type=\"application\/ld+json\" class=\"yoast-schema-graph\">{\"@context\":\"https:\/\/schema.org\",\"@graph\":[{\"@type\":\"WebPage\",\"@id\":\"https:\/\/www.coccigames.com\/index.php\/produit\/mechanicum-cerastus-knights-atrapos\/\",\"url\":\"https:\/\/www.coccigames.com\/index.php\/produit\/mechanicum-cerastus-knights-atrapos\/\",\"name\":\"MECHANICUM CERASTUS KNIGHTS ATRAPOS - Coccigames\",\"isPartOf\":{\"@id\":\"https:\/\/www.coccigames.com\/#website\"},\"primaryImageOfPage\":{\"@id\":\"https:\/\/www.coccigames.com\/index.php\/produit\/mechanicum-cerastus-knights-atrapos\/#primaryimage\"},\"image\":{\"@id\":\"https:\/\/www.coccigames.com\/index.php\/produit\/mechanicum-cerastus-knights-atrapos\/#primaryimage\"},\"thumbnailUrl\":\"https:\/\/www.coccigames.com\/wp-content\/uploads\/2025\/12\/99122616005_LegionsImperialisMechanicumKnightsAtroposMiniature1.jpg\",\"datePublished\":\"2025-12-20T12:22:36+00:00\",\"dateModified\":\"2026-04-06T07:28:33+00:00\",\"breadcrumb\":{\"@id\":\"https:\/\/www.coccigames.com\/index.php\/produit\/mechanicum-cerastus-knights-atrapos\/#breadcrumb\"},\"inLanguage\":\"fr-FR\",\"potentialAction\":[{\"@type\":\"ReadAction\",\"target\":[\"https:\/\/www.coccigames.com\/index.php\/produit\/mechanicum-cerastus-knights-atrapos\/\"]}]},{\"@type\":\"ImageObject\",\"inLanguage\":\"fr-FR\",\"@id\":\"https:\/\/www.coccigames.com\/index.php\/produit\/mechanicum-cerastus-knights-atrapos\/#primaryimage\",\"url\":\"https:\/\/www.coccigames.com\/wp-content\/uploads\/2025\/12\/99122616005_LegionsImperialisMechanicumKnightsAtroposMiniature1.jpg\",\"contentUrl\":\"https:\/\/www.coccigames.com\/wp-content\/uploads\/2025\/12\/99122616005_LegionsImperialisMechanicumKnightsAtroposMiniature1.jpg\",\"width\":918,\"height\":948},{\"@type\":\"BreadcrumbList\",\"@id\":\"https:\/\/www.coccigames.com\/index.php\/produit\/mechanicum-cerastus-knights-atrapos\/#breadcrumb\",\"itemListElement\":[{\"@type\":\"ListItem\",\"position\":1,\"name\":\"Accueil\",\"item\":\"https:\/\/www.coccigames.com\/\"},{\"@type\":\"ListItem\",\"position\":2,\"name\":\"Boutique\",\"item\":\"https:\/\/www.coccigames.com\/index.php\/boutique\/\"},{\"@type\":\"ListItem\",\"position\":3,\"name\":\"MECHANICUM CERASTUS KNIGHTS ATRAPOS\"}]},{\"@type\":\"WebSite\",\"@id\":\"https:\/\/www.coccigames.com\/#website\",\"url\":\"https:\/\/www.coccigames.com\/\",\"name\":\"Coccigames - Figurines et Peintures\",\"description\":\"Figurines et Peintures\",\"publisher\":{\"@id\":\"https:\/\/www.coccigames.com\/#organization\"},\"potentialAction\":[{\"@type\":\"SearchAction\",\"target\":{\"@type\":\"EntryPoint\",\"urlTemplate\":\"https:\/\/www.coccigames.com\/?s={search_term_string}\"},\"query-input\":{\"@type\":\"PropertyValueSpecification\",\"valueRequired\":true,\"valueName\":\"search_term_string\"}}],\"inLanguage\":\"fr-FR\"},{\"@type\":\"Organization\",\"@id\":\"https:\/\/www.coccigames.com\/#organization\",\"name\":\"Coccigames\",\"url\":\"https:\/\/www.coccigames.com\/\",\"logo\":{\"@type\":\"ImageObject\",\"inLanguage\":\"fr-FR\",\"@id\":\"https:\/\/www.coccigames.com\/#\/schema\/logo\/image\/\",\"url\":\"https:\/\/www.coccigames.com\/wp-content\/uploads\/2025\/12\/coccigames_logo_v5.png\",\"contentUrl\":\"https:\/\/www.coccigames.com\/wp-content\/uploads\/2025\/12\/coccigames_logo_v5.png\",\"width\":1768,\"height\":424,\"caption\":\"Coccigames\"},\"image\":{\"@id\":\"https:\/\/www.coccigames.com\/#\/schema\/logo\/image\/\"}}]}<\/script>\n<!-- \/ Yoast SEO plugin. -->","yoast_head_json":{"title":"MECHANICUM CERASTUS KNIGHTS ATRAPOS - Coccigames","robots":{"index":"index","follow":"follow","max-snippet":"max-snippet:-1","max-image-preview":"max-image-preview:large","max-video-preview":"max-video-preview:-1"},"canonical":"https:\/\/www.coccigames.com\/index.php\/produit\/mechanicum-cerastus-knights-atrapos\/","og_locale":"fr_FR","og_type":"article","og_title":"MECHANICUM CERASTUS KNIGHTS ATRAPOS - Coccigames","og_description":"Les Chevaliers Cerastus Atrapos sont des mod\u00e8les aux origines antiques et \u00e0 la puissance stup\u00e9fiante. C&rsquo;est un honneur rare pour une Maisonn\u00e9e que de pouvoir en compter parmi ses rangs, et chacun d&rsquo;entre eux est une v\u00e9ritable relique trait\u00e9e avec beaucoup de r\u00e9v\u00e9rence. Ils sont&hellip;","og_url":"https:\/\/www.coccigames.com\/index.php\/produit\/mechanicum-cerastus-knights-atrapos\/","og_site_name":"Coccigames","article_modified_time":"2026-04-06T07:28:33+00:00","og_image":[{"width":918,"height":948,"url":"https:\/\/www.coccigames.com\/wp-content\/uploads\/2025\/12\/99122616005_LegionsImperialisMechanicumKnightsAtroposMiniature1.jpg","type":"image\/jpeg"}],"twitter_card":"summary_large_image","twitter_misc":{"Dur\u00e9e de lecture estim\u00e9e":"2 minutes"},"schema":{"@context":"https:\/\/schema.org","@graph":[{"@type":"WebPage","@id":"https:\/\/www.coccigames.com\/index.php\/produit\/mechanicum-cerastus-knights-atrapos\/","url":"https:\/\/www.coccigames.com\/index.php\/produit\/mechanicum-cerastus-knights-atrapos\/","name":"MECHANICUM CERASTUS KNIGHTS ATRAPOS - Coccigames","isPartOf":{"@id":"https:\/\/www.coccigames.com\/#website"},"primaryImageOfPage":{"@id":"https:\/\/www.coccigames.com\/index.php\/produit\/mechanicum-cerastus-knights-atrapos\/#primaryimage"},"image":{"@id":"https:\/\/www.coccigames.com\/index.php\/produit\/mechanicum-cerastus-knights-atrapos\/#primaryimage"},"thumbnailUrl":"https:\/\/www.coccigames.com\/wp-content\/uploads\/2025\/12\/99122616005_LegionsImperialisMechanicumKnightsAtroposMiniature1.jpg","datePublished":"2025-12-20T12:22:36+00:00","dateModified":"2026-04-06T07:28:33+00:00","breadcrumb":{"@id":"https:\/\/www.coccigames.com\/index.php\/produit\/mechanicum-cerastus-knights-atrapos\/#breadcrumb"},"inLanguage":"fr-FR","potentialAction":[{"@type":"ReadAction","target":["https:\/\/www.coccigames.com\/index.php\/produit\/mechanicum-cerastus-knights-atrapos\/"]}]},{"@type":"ImageObject","inLanguage":"fr-FR","@id":"https:\/\/www.coccigames.com\/index.php\/produit\/mechanicum-cerastus-knights-atrapos\/#primaryimage","url":"https:\/\/www.coccigames.com\/wp-content\/uploads\/2025\/12\/99122616005_LegionsImperialisMechanicumKnightsAtroposMiniature1.jpg","contentUrl":"https:\/\/www.coccigames.com\/wp-content\/uploads\/2025\/12\/99122616005_LegionsImperialisMechanicumKnightsAtroposMiniature1.jpg","width":918,"height":948},{"@type":"BreadcrumbList","@id":"https:\/\/www.coccigames.com\/index.php\/produit\/mechanicum-cerastus-knights-atrapos\/#breadcrumb","itemListElement":[{"@type":"ListItem","position":1,"name":"Accueil","item":"https:\/\/www.coccigames.com\/"},{"@type":"ListItem","position":2,"name":"Boutique","item":"https:\/\/www.coccigames.com\/index.php\/boutique\/"},{"@type":"ListItem","position":3,"name":"MECHANICUM CERASTUS KNIGHTS ATRAPOS"}]},{"@type":"WebSite","@id":"https:\/\/www.coccigames.com\/#website","url":"https:\/\/www.coccigames.com\/","name":"Coccigames - Figurines et Peintures","description":"Figurines et Peintures","publisher":{"@id":"https:\/\/www.coccigames.com\/#organization"},"potentialAction":[{"@type":"SearchAction","target":{"@type":"EntryPoint","urlTemplate":"https:\/\/www.coccigames.com\/?s={search_term_string}"},"query-input":{"@type":"PropertyValueSpecification","valueRequired":true,"valueName":"search_term_string"}}],"inLanguage":"fr-FR"},{"@type":"Organization","@id":"https:\/\/www.coccigames.com\/#organization","name":"Coccigames","url":"https:\/\/www.coccigames.com\/","logo":{"@type":"ImageObject","inLanguage":"fr-FR","@id":"https:\/\/www.coccigames.com\/#\/schema\/logo\/image\/","url":"https:\/\/www.coccigames.com\/wp-content\/uploads\/2025\/12\/coccigames_logo_v5.png","contentUrl":"https:\/\/www.coccigames.com\/wp-content\/uploads\/2025\/12\/coccigames_logo_v5.png","width":1768,"height":424,"caption":"Coccigames"},"image":{"@id":"https:\/\/www.coccigames.com\/#\/schema\/logo\/image\/"}}]}},"_links":{"self":[{"href":"https:\/\/www.coccigames.com\/index.php\/wp-json\/wp\/v2\/product\/13035","targetHints":{"allow":["GET"]}}],"collection":[{"href":"https:\/\/www.coccigames.com\/index.php\/wp-json\/wp\/v2\/product"}],"about":[{"href":"https:\/\/www.coccigames.com\/index.php\/wp-json\/wp\/v2\/types\/product"}],"replies":[{"embeddable":true,"href":"https:\/\/www.coccigames.com\/index.php\/wp-json\/wp\/v2\/comments?post=13035"}],"wp:featuredmedia":[{"embeddable":true,"href":"https:\/\/www.coccigames.com\/index.php\/wp-json\/wp\/v2\/media\/13239"}],"wp:attachment":[{"href":"https:\/\/www.coccigames.com\/index.php\/wp-json\/wp\/v2\/media?parent=13035"}],"wp:term":[{"taxonomy":"product_brand","embeddable":true,"href":"https:\/\/www.coccigames.com\/index.php\/wp-json\/wp\/v2\/product_brand?post=13035"},{"taxonomy":"product_cat","embeddable":true,"href":"https:\/\/www.coccigames.com\/index.php\/wp-json\/wp\/v2\/product_cat?post=13035"},{"taxonomy":"product_tag","embeddable":true,"href":"https:\/\/www.coccigames.com\/index.php\/wp-json\/wp\/v2\/product_tag?post=13035"}],"curies":[{"name":"wp","href":"https:\/\/api.w.org\/{rel}","templated":true}]}}