{"id":13034,"date":"2025-12-20T13:22:35","date_gmt":"2025-12-20T12:22:35","guid":{"rendered":"https:\/\/www.coccigames.com\/index.php\/produit\/mechanicum-acastus-knights-asterius\/"},"modified":"2026-04-06T09:28:32","modified_gmt":"2026-04-06T07:28:32","slug":"mechanicum-acastus-knights-asterius","status":"publish","type":"product","link":"https:\/\/www.coccigames.com\/index.php\/produit\/mechanicum-acastus-knights-asterius\/","title":{"rendered":"MECHANICUM ACASTUS KNIGHTS ASTERIUS"},"content":{"rendered":"<p>Les Chevaliers Acastus Asterius sont arm\u00e9s de lourds canons \u00e0 conversion capables de r\u00e9duire les plus puissants \u00e9difices en cendres et m\u00eame de menacer les colossales machines de guerre des L\u00e9gions Tianiques. Leurs armes secondaires sont tout aussi l\u00e9tales: l&rsquo;\u00e9norme batterie de mortiers Karacnos mont\u00e9e sur leur coque est capable d&rsquo;annihiler des phalanges de troupes enti\u00e8res ou de saturer les fortifications d&rsquo;explosifs ravageurs, tandis que les deux couleuvrines Volkites mont\u00e9es sur leur torse permettent de d\u00e9truire les cibles prioritaires.<\/p>\n<p>Ce kit en plastique permet d&rsquo;assembler deux Acastus Knights Asterius, des machines de guerre d\u00e9vastatrices \u00e0 d\u00e9ployer dans vos arm\u00e9es du Mechanicum, du Mechanicum Noir ou de Questoris Familia, ou en tant qu&rsquo;alli\u00e9s dans vos arm\u00e9es de Legiones Astartes ou de Solar Auxilia, lors des parties de Legions Imperialis. \u00c9quip\u00e9s d&rsquo;un arsenal l\u00e9tal, ils peuvent \u00e9liminer tout type de menace, qu&rsquo;il s&rsquo;agisse d&rsquo;infanterie, de blind\u00e9s, d&rsquo;autres Chevaliers, voire m\u00eame de Titans. Si vous souhaitez ajouter de la puissance de feu d\u00e9vastatrice \u00e0 votre arm\u00e9e, ces immenses Chevaliers lourdement blind\u00e9s rempliront ais\u00e9ment ce r\u00f4le. Les batteries de mortiers Karacnos peuvent \u00eatre assembl\u00e9es ouvertes ou ferm\u00e9es sur les deux figurines.<\/p>\n","protected":false},"excerpt":{"rendered":"<p>Les Chevaliers Acastus Asterius sont arm\u00e9s de lourds canons \u00e0 conversion capables de r\u00e9duire les plus puissants \u00e9difices en cendres et m\u00eame de menacer les colossales machines de guerre des L\u00e9gions Tianiques. Leurs armes secondaires sont tout aussi l\u00e9tales: l&rsquo;\u00e9norme batterie de mortiers Karacnos mont\u00e9e&hellip;<\/p>\n","protected":false},"featured_media":13243,"comment_status":"open","ping_status":"closed","template":"","meta":[],"product_brand":[23],"product_cat":[6202],"product_tag":[256,6184],"class_list":{"0":"post-13034","1":"product","2":"type-product","3":"status-publish","4":"has-post-thumbnail","6":"product_brand-games-workshop","7":"product_cat-knights","8":"product_tag-knights","9":"product_tag-legion-imperialis","11":"first","12":"onbackorder","13":"sale","14":"taxable","15":"shipping-taxable","16":"purchasable","17":"product-type-simple"},"yoast_head":"<!-- This site is optimized with the Yoast SEO plugin v26.4 - https:\/\/yoast.com\/wordpress\/plugins\/seo\/ -->\n<title>MECHANICUM ACASTUS KNIGHTS ASTERIUS - Coccigames<\/title>\n<meta name=\"robots\" content=\"index, follow, max-snippet:-1, max-image-preview:large, max-video-preview:-1\" \/>\n<link rel=\"canonical\" href=\"https:\/\/www.coccigames.com\/index.php\/produit\/mechanicum-acastus-knights-asterius\/\" \/>\n<meta property=\"og:locale\" content=\"fr_FR\" \/>\n<meta property=\"og:type\" content=\"article\" \/>\n<meta property=\"og:title\" content=\"MECHANICUM ACASTUS KNIGHTS ASTERIUS - Coccigames\" \/>\n<meta property=\"og:description\" content=\"Les Chevaliers Acastus Asterius sont arm\u00e9s de lourds canons \u00e0 conversion capables de r\u00e9duire les plus puissants \u00e9difices en cendres et m\u00eame de menacer les colossales machines de guerre des L\u00e9gions Tianiques. Leurs armes secondaires sont tout aussi l\u00e9tales: l&rsquo;\u00e9norme batterie de mortiers Karacnos mont\u00e9e&hellip;\" \/>\n<meta property=\"og:url\" content=\"https:\/\/www.coccigames.com\/index.php\/produit\/mechanicum-acastus-knights-asterius\/\" \/>\n<meta property=\"og:site_name\" content=\"Coccigames\" \/>\n<meta property=\"article:modified_time\" content=\"2026-04-06T07:28:32+00:00\" \/>\n<meta property=\"og:image\" content=\"https:\/\/www.coccigames.com\/wp-content\/uploads\/2025\/12\/99122616006_LIAcastusKnightsAsterius01.jpg\" \/>\n\t<meta property=\"og:image:width\" content=\"918\" \/>\n\t<meta property=\"og:image:height\" content=\"948\" \/>\n\t<meta property=\"og:image:type\" content=\"image\/jpeg\" \/>\n<meta name=\"twitter:card\" content=\"summary_large_image\" \/>\n<meta name=\"twitter:label1\" content=\"Dur\u00e9e de lecture estim\u00e9e\" \/>\n\t<meta name=\"twitter:data1\" content=\"2 minutes\" \/>\n<script type=\"application\/ld+json\" class=\"yoast-schema-graph\">{\"@context\":\"https:\/\/schema.org\",\"@graph\":[{\"@type\":\"WebPage\",\"@id\":\"https:\/\/www.coccigames.com\/index.php\/produit\/mechanicum-acastus-knights-asterius\/\",\"url\":\"https:\/\/www.coccigames.com\/index.php\/produit\/mechanicum-acastus-knights-asterius\/\",\"name\":\"MECHANICUM ACASTUS KNIGHTS ASTERIUS - Coccigames\",\"isPartOf\":{\"@id\":\"https:\/\/www.coccigames.com\/#website\"},\"primaryImageOfPage\":{\"@id\":\"https:\/\/www.coccigames.com\/index.php\/produit\/mechanicum-acastus-knights-asterius\/#primaryimage\"},\"image\":{\"@id\":\"https:\/\/www.coccigames.com\/index.php\/produit\/mechanicum-acastus-knights-asterius\/#primaryimage\"},\"thumbnailUrl\":\"https:\/\/www.coccigames.com\/wp-content\/uploads\/2025\/12\/99122616006_LIAcastusKnightsAsterius01.jpg\",\"datePublished\":\"2025-12-20T12:22:35+00:00\",\"dateModified\":\"2026-04-06T07:28:32+00:00\",\"breadcrumb\":{\"@id\":\"https:\/\/www.coccigames.com\/index.php\/produit\/mechanicum-acastus-knights-asterius\/#breadcrumb\"},\"inLanguage\":\"fr-FR\",\"potentialAction\":[{\"@type\":\"ReadAction\",\"target\":[\"https:\/\/www.coccigames.com\/index.php\/produit\/mechanicum-acastus-knights-asterius\/\"]}]},{\"@type\":\"ImageObject\",\"inLanguage\":\"fr-FR\",\"@id\":\"https:\/\/www.coccigames.com\/index.php\/produit\/mechanicum-acastus-knights-asterius\/#primaryimage\",\"url\":\"https:\/\/www.coccigames.com\/wp-content\/uploads\/2025\/12\/99122616006_LIAcastusKnightsAsterius01.jpg\",\"contentUrl\":\"https:\/\/www.coccigames.com\/wp-content\/uploads\/2025\/12\/99122616006_LIAcastusKnightsAsterius01.jpg\",\"width\":918,\"height\":948},{\"@type\":\"BreadcrumbList\",\"@id\":\"https:\/\/www.coccigames.com\/index.php\/produit\/mechanicum-acastus-knights-asterius\/#breadcrumb\",\"itemListElement\":[{\"@type\":\"ListItem\",\"position\":1,\"name\":\"Accueil\",\"item\":\"https:\/\/www.coccigames.com\/\"},{\"@type\":\"ListItem\",\"position\":2,\"name\":\"Boutique\",\"item\":\"https:\/\/www.coccigames.com\/index.php\/boutique\/\"},{\"@type\":\"ListItem\",\"position\":3,\"name\":\"MECHANICUM ACASTUS KNIGHTS ASTERIUS\"}]},{\"@type\":\"WebSite\",\"@id\":\"https:\/\/www.coccigames.com\/#website\",\"url\":\"https:\/\/www.coccigames.com\/\",\"name\":\"Coccigames - Figurines et Peintures\",\"description\":\"Figurines et Peintures\",\"publisher\":{\"@id\":\"https:\/\/www.coccigames.com\/#organization\"},\"potentialAction\":[{\"@type\":\"SearchAction\",\"target\":{\"@type\":\"EntryPoint\",\"urlTemplate\":\"https:\/\/www.coccigames.com\/?s={search_term_string}\"},\"query-input\":{\"@type\":\"PropertyValueSpecification\",\"valueRequired\":true,\"valueName\":\"search_term_string\"}}],\"inLanguage\":\"fr-FR\"},{\"@type\":\"Organization\",\"@id\":\"https:\/\/www.coccigames.com\/#organization\",\"name\":\"Coccigames\",\"url\":\"https:\/\/www.coccigames.com\/\",\"logo\":{\"@type\":\"ImageObject\",\"inLanguage\":\"fr-FR\",\"@id\":\"https:\/\/www.coccigames.com\/#\/schema\/logo\/image\/\",\"url\":\"https:\/\/www.coccigames.com\/wp-content\/uploads\/2025\/12\/coccigames_logo_v5.png\",\"contentUrl\":\"https:\/\/www.coccigames.com\/wp-content\/uploads\/2025\/12\/coccigames_logo_v5.png\",\"width\":1768,\"height\":424,\"caption\":\"Coccigames\"},\"image\":{\"@id\":\"https:\/\/www.coccigames.com\/#\/schema\/logo\/image\/\"}}]}<\/script>\n<!-- \/ Yoast SEO plugin. -->","yoast_head_json":{"title":"MECHANICUM ACASTUS KNIGHTS ASTERIUS - Coccigames","robots":{"index":"index","follow":"follow","max-snippet":"max-snippet:-1","max-image-preview":"max-image-preview:large","max-video-preview":"max-video-preview:-1"},"canonical":"https:\/\/www.coccigames.com\/index.php\/produit\/mechanicum-acastus-knights-asterius\/","og_locale":"fr_FR","og_type":"article","og_title":"MECHANICUM ACASTUS KNIGHTS ASTERIUS - Coccigames","og_description":"Les Chevaliers Acastus Asterius sont arm\u00e9s de lourds canons \u00e0 conversion capables de r\u00e9duire les plus puissants \u00e9difices en cendres et m\u00eame de menacer les colossales machines de guerre des L\u00e9gions Tianiques. Leurs armes secondaires sont tout aussi l\u00e9tales: l&rsquo;\u00e9norme batterie de mortiers Karacnos mont\u00e9e&hellip;","og_url":"https:\/\/www.coccigames.com\/index.php\/produit\/mechanicum-acastus-knights-asterius\/","og_site_name":"Coccigames","article_modified_time":"2026-04-06T07:28:32+00:00","og_image":[{"width":918,"height":948,"url":"https:\/\/www.coccigames.com\/wp-content\/uploads\/2025\/12\/99122616006_LIAcastusKnightsAsterius01.jpg","type":"image\/jpeg"}],"twitter_card":"summary_large_image","twitter_misc":{"Dur\u00e9e de lecture estim\u00e9e":"2 minutes"},"schema":{"@context":"https:\/\/schema.org","@graph":[{"@type":"WebPage","@id":"https:\/\/www.coccigames.com\/index.php\/produit\/mechanicum-acastus-knights-asterius\/","url":"https:\/\/www.coccigames.com\/index.php\/produit\/mechanicum-acastus-knights-asterius\/","name":"MECHANICUM ACASTUS KNIGHTS ASTERIUS - Coccigames","isPartOf":{"@id":"https:\/\/www.coccigames.com\/#website"},"primaryImageOfPage":{"@id":"https:\/\/www.coccigames.com\/index.php\/produit\/mechanicum-acastus-knights-asterius\/#primaryimage"},"image":{"@id":"https:\/\/www.coccigames.com\/index.php\/produit\/mechanicum-acastus-knights-asterius\/#primaryimage"},"thumbnailUrl":"https:\/\/www.coccigames.com\/wp-content\/uploads\/2025\/12\/99122616006_LIAcastusKnightsAsterius01.jpg","datePublished":"2025-12-20T12:22:35+00:00","dateModified":"2026-04-06T07:28:32+00:00","breadcrumb":{"@id":"https:\/\/www.coccigames.com\/index.php\/produit\/mechanicum-acastus-knights-asterius\/#breadcrumb"},"inLanguage":"fr-FR","potentialAction":[{"@type":"ReadAction","target":["https:\/\/www.coccigames.com\/index.php\/produit\/mechanicum-acastus-knights-asterius\/"]}]},{"@type":"ImageObject","inLanguage":"fr-FR","@id":"https:\/\/www.coccigames.com\/index.php\/produit\/mechanicum-acastus-knights-asterius\/#primaryimage","url":"https:\/\/www.coccigames.com\/wp-content\/uploads\/2025\/12\/99122616006_LIAcastusKnightsAsterius01.jpg","contentUrl":"https:\/\/www.coccigames.com\/wp-content\/uploads\/2025\/12\/99122616006_LIAcastusKnightsAsterius01.jpg","width":918,"height":948},{"@type":"BreadcrumbList","@id":"https:\/\/www.coccigames.com\/index.php\/produit\/mechanicum-acastus-knights-asterius\/#breadcrumb","itemListElement":[{"@type":"ListItem","position":1,"name":"Accueil","item":"https:\/\/www.coccigames.com\/"},{"@type":"ListItem","position":2,"name":"Boutique","item":"https:\/\/www.coccigames.com\/index.php\/boutique\/"},{"@type":"ListItem","position":3,"name":"MECHANICUM ACASTUS KNIGHTS ASTERIUS"}]},{"@type":"WebSite","@id":"https:\/\/www.coccigames.com\/#website","url":"https:\/\/www.coccigames.com\/","name":"Coccigames - Figurines et Peintures","description":"Figurines et Peintures","publisher":{"@id":"https:\/\/www.coccigames.com\/#organization"},"potentialAction":[{"@type":"SearchAction","target":{"@type":"EntryPoint","urlTemplate":"https:\/\/www.coccigames.com\/?s={search_term_string}"},"query-input":{"@type":"PropertyValueSpecification","valueRequired":true,"valueName":"search_term_string"}}],"inLanguage":"fr-FR"},{"@type":"Organization","@id":"https:\/\/www.coccigames.com\/#organization","name":"Coccigames","url":"https:\/\/www.coccigames.com\/","logo":{"@type":"ImageObject","inLanguage":"fr-FR","@id":"https:\/\/www.coccigames.com\/#\/schema\/logo\/image\/","url":"https:\/\/www.coccigames.com\/wp-content\/uploads\/2025\/12\/coccigames_logo_v5.png","contentUrl":"https:\/\/www.coccigames.com\/wp-content\/uploads\/2025\/12\/coccigames_logo_v5.png","width":1768,"height":424,"caption":"Coccigames"},"image":{"@id":"https:\/\/www.coccigames.com\/#\/schema\/logo\/image\/"}}]}},"_links":{"self":[{"href":"https:\/\/www.coccigames.com\/index.php\/wp-json\/wp\/v2\/product\/13034","targetHints":{"allow":["GET"]}}],"collection":[{"href":"https:\/\/www.coccigames.com\/index.php\/wp-json\/wp\/v2\/product"}],"about":[{"href":"https:\/\/www.coccigames.com\/index.php\/wp-json\/wp\/v2\/types\/product"}],"replies":[{"embeddable":true,"href":"https:\/\/www.coccigames.com\/index.php\/wp-json\/wp\/v2\/comments?post=13034"}],"wp:featuredmedia":[{"embeddable":true,"href":"https:\/\/www.coccigames.com\/index.php\/wp-json\/wp\/v2\/media\/13243"}],"wp:attachment":[{"href":"https:\/\/www.coccigames.com\/index.php\/wp-json\/wp\/v2\/media?parent=13034"}],"wp:term":[{"taxonomy":"product_brand","embeddable":true,"href":"https:\/\/www.coccigames.com\/index.php\/wp-json\/wp\/v2\/product_brand?post=13034"},{"taxonomy":"product_cat","embeddable":true,"href":"https:\/\/www.coccigames.com\/index.php\/wp-json\/wp\/v2\/product_cat?post=13034"},{"taxonomy":"product_tag","embeddable":true,"href":"https:\/\/www.coccigames.com\/index.php\/wp-json\/wp\/v2\/product_tag?post=13034"}],"curies":[{"name":"wp","href":"https:\/\/api.w.org\/{rel}","templated":true}]}}