{"id":13033,"date":"2025-12-20T13:22:35","date_gmt":"2025-12-20T12:22:35","guid":{"rendered":"https:\/\/www.coccigames.com\/index.php\/produit\/acastus-knights-porphyrion\/"},"modified":"2026-04-06T09:28:32","modified_gmt":"2026-04-06T07:28:32","slug":"acastus-knights-porphyrion","status":"publish","type":"product","link":"https:\/\/www.coccigames.com\/index.php\/produit\/acastus-knights-porphyrion\/","title":{"rendered":"ACASTUS KNIGHTS PORPHYRION"},"content":{"rendered":"<p>Les Chevaliers Acastus comptent parmi les plus lourdement arm\u00e9s et blind\u00e9s de tous les ch\u00e2ssis de Chevalier en service. Chacun est un symbole de la faveur du Culte de la Machine, et m\u00eame les plus prestigieuses Maisonn\u00e9es de Chevaliers n&rsquo;en poss\u00e8dent pas plus de quelques-uns. La variante de Chevalier Porphyrion est un b\u00e9h\u00e9moth immense dot\u00e9 de la taille et de la puissance qui lui permettent de rivaliser avec un Titan de Reconnaissance, d&rsquo;\u00e9ventrer des formations blind\u00e9es, des fortifications ennemies et le blindage de Chevaliers rivaux avec une aisance m\u00e9prisante.<\/p>\n<p>Ce kit plastique permet d&rsquo;assembler deux Acastus Knight Porphyrion \u00e0 l&rsquo;\u00e9chelle epic. Chacune de ces machines est arm\u00e9e de deux magna-canons laser et peut \u00eatre dot\u00e9e soit de missiles de d\u00e9fense Helios ou d&rsquo;une nacelle lance-missiles Ironstorm, ainsi que de canons laser ou autocanons Acastus mont\u00e9s sur la coque.<\/p>\n<p>Ces figurines peuvent \u00eatre utilis\u00e9es dans les parties de Legions Imperialis, ainsi que dans les parties d&rsquo;Adeptus Titanicus \u00e0 l&rsquo;aide du Terminal de Commandement Adeptus Titanicus fourni.<\/p>\n<p><strong>Ce set contient:<\/strong><\/p>\n<p>&#8211; 2x Acastus Knights Porphyrion<\/p>\n<p>&#8211; 2x nacelles lance-missiles Ironstorm<\/p>\n<p>&#8211; 2x missiles de d\u00e9fense Helios<\/p>\n<p>&#8211; 2x paires d&rsquo;autocanons Acastus<\/p>\n<p>&#8211; 2x paires de canons laser Acastus<\/p>\n<p>&#8211; 2x Socles Ronds Legions Imperialis de 60mm<\/p>\n<p>&#8211; 1x Planche de D\u00e9calcos de Chevalier Acastus Porphyrion Adeptus Titanicus<\/p>\n<p>&#8211; 1x Terminal de Commandement d&rsquo;Acastus Knight Adeptus Titanicus<\/p>\n","protected":false},"excerpt":{"rendered":"<p>Les Chevaliers Acastus comptent parmi les plus lourdement arm\u00e9s et blind\u00e9s de tous les ch\u00e2ssis de Chevalier en service. Chacun est un symbole de la faveur du Culte de la Machine, et m\u00eame les plus prestigieuses Maisonn\u00e9es de Chevaliers n&rsquo;en poss\u00e8dent pas plus de quelques-uns.&hellip;<\/p>\n","protected":false},"featured_media":13241,"comment_status":"open","ping_status":"closed","template":"","meta":[],"product_brand":[23],"product_cat":[6202],"product_tag":[256,6184],"class_list":{"0":"post-13033","1":"product","2":"type-product","3":"status-publish","4":"has-post-thumbnail","6":"product_brand-games-workshop","7":"product_cat-knights","8":"product_tag-knights","9":"product_tag-legion-imperialis","11":"first","12":"onbackorder","13":"sale","14":"taxable","15":"shipping-taxable","16":"purchasable","17":"product-type-simple"},"yoast_head":"<!-- This site is optimized with the Yoast SEO plugin v26.4 - https:\/\/yoast.com\/wordpress\/plugins\/seo\/ -->\n<title>ACASTUS KNIGHTS PORPHYRION - Coccigames<\/title>\n<meta name=\"robots\" content=\"index, follow, max-snippet:-1, max-image-preview:large, max-video-preview:-1\" \/>\n<link rel=\"canonical\" href=\"https:\/\/www.coccigames.com\/index.php\/produit\/acastus-knights-porphyrion\/\" \/>\n<meta property=\"og:locale\" content=\"fr_FR\" \/>\n<meta property=\"og:type\" content=\"article\" \/>\n<meta property=\"og:title\" content=\"ACASTUS KNIGHTS PORPHYRION - Coccigames\" \/>\n<meta property=\"og:description\" content=\"Les Chevaliers Acastus comptent parmi les plus lourdement arm\u00e9s et blind\u00e9s de tous les ch\u00e2ssis de Chevalier en service. Chacun est un symbole de la faveur du Culte de la Machine, et m\u00eame les plus prestigieuses Maisonn\u00e9es de Chevaliers n&rsquo;en poss\u00e8dent pas plus de quelques-uns.&hellip;\" \/>\n<meta property=\"og:url\" content=\"https:\/\/www.coccigames.com\/index.php\/produit\/acastus-knights-porphyrion\/\" \/>\n<meta property=\"og:site_name\" content=\"Coccigames\" \/>\n<meta property=\"article:modified_time\" content=\"2026-04-06T07:28:32+00:00\" \/>\n<meta property=\"og:image\" content=\"https:\/\/www.coccigames.com\/wp-content\/uploads\/2025\/12\/99122699018_AcastusKnightsPorphyrion2.jpg\" \/>\n\t<meta property=\"og:image:width\" content=\"918\" \/>\n\t<meta property=\"og:image:height\" content=\"948\" \/>\n\t<meta property=\"og:image:type\" content=\"image\/jpeg\" \/>\n<meta name=\"twitter:card\" content=\"summary_large_image\" \/>\n<meta name=\"twitter:label1\" content=\"Dur\u00e9e de lecture estim\u00e9e\" \/>\n\t<meta name=\"twitter:data1\" content=\"2 minutes\" \/>\n<script type=\"application\/ld+json\" class=\"yoast-schema-graph\">{\"@context\":\"https:\/\/schema.org\",\"@graph\":[{\"@type\":\"WebPage\",\"@id\":\"https:\/\/www.coccigames.com\/index.php\/produit\/acastus-knights-porphyrion\/\",\"url\":\"https:\/\/www.coccigames.com\/index.php\/produit\/acastus-knights-porphyrion\/\",\"name\":\"ACASTUS KNIGHTS PORPHYRION - Coccigames\",\"isPartOf\":{\"@id\":\"https:\/\/www.coccigames.com\/#website\"},\"primaryImageOfPage\":{\"@id\":\"https:\/\/www.coccigames.com\/index.php\/produit\/acastus-knights-porphyrion\/#primaryimage\"},\"image\":{\"@id\":\"https:\/\/www.coccigames.com\/index.php\/produit\/acastus-knights-porphyrion\/#primaryimage\"},\"thumbnailUrl\":\"https:\/\/www.coccigames.com\/wp-content\/uploads\/2025\/12\/99122699018_AcastusKnightsPorphyrion2.jpg\",\"datePublished\":\"2025-12-20T12:22:35+00:00\",\"dateModified\":\"2026-04-06T07:28:32+00:00\",\"breadcrumb\":{\"@id\":\"https:\/\/www.coccigames.com\/index.php\/produit\/acastus-knights-porphyrion\/#breadcrumb\"},\"inLanguage\":\"fr-FR\",\"potentialAction\":[{\"@type\":\"ReadAction\",\"target\":[\"https:\/\/www.coccigames.com\/index.php\/produit\/acastus-knights-porphyrion\/\"]}]},{\"@type\":\"ImageObject\",\"inLanguage\":\"fr-FR\",\"@id\":\"https:\/\/www.coccigames.com\/index.php\/produit\/acastus-knights-porphyrion\/#primaryimage\",\"url\":\"https:\/\/www.coccigames.com\/wp-content\/uploads\/2025\/12\/99122699018_AcastusKnightsPorphyrion2.jpg\",\"contentUrl\":\"https:\/\/www.coccigames.com\/wp-content\/uploads\/2025\/12\/99122699018_AcastusKnightsPorphyrion2.jpg\",\"width\":918,\"height\":948},{\"@type\":\"BreadcrumbList\",\"@id\":\"https:\/\/www.coccigames.com\/index.php\/produit\/acastus-knights-porphyrion\/#breadcrumb\",\"itemListElement\":[{\"@type\":\"ListItem\",\"position\":1,\"name\":\"Accueil\",\"item\":\"https:\/\/www.coccigames.com\/\"},{\"@type\":\"ListItem\",\"position\":2,\"name\":\"Boutique\",\"item\":\"https:\/\/www.coccigames.com\/index.php\/boutique\/\"},{\"@type\":\"ListItem\",\"position\":3,\"name\":\"ACASTUS KNIGHTS PORPHYRION\"}]},{\"@type\":\"WebSite\",\"@id\":\"https:\/\/www.coccigames.com\/#website\",\"url\":\"https:\/\/www.coccigames.com\/\",\"name\":\"Coccigames - Figurines et Peintures\",\"description\":\"Figurines et Peintures\",\"publisher\":{\"@id\":\"https:\/\/www.coccigames.com\/#organization\"},\"potentialAction\":[{\"@type\":\"SearchAction\",\"target\":{\"@type\":\"EntryPoint\",\"urlTemplate\":\"https:\/\/www.coccigames.com\/?s={search_term_string}\"},\"query-input\":{\"@type\":\"PropertyValueSpecification\",\"valueRequired\":true,\"valueName\":\"search_term_string\"}}],\"inLanguage\":\"fr-FR\"},{\"@type\":\"Organization\",\"@id\":\"https:\/\/www.coccigames.com\/#organization\",\"name\":\"Coccigames\",\"url\":\"https:\/\/www.coccigames.com\/\",\"logo\":{\"@type\":\"ImageObject\",\"inLanguage\":\"fr-FR\",\"@id\":\"https:\/\/www.coccigames.com\/#\/schema\/logo\/image\/\",\"url\":\"https:\/\/www.coccigames.com\/wp-content\/uploads\/2025\/12\/coccigames_logo_v5.png\",\"contentUrl\":\"https:\/\/www.coccigames.com\/wp-content\/uploads\/2025\/12\/coccigames_logo_v5.png\",\"width\":1768,\"height\":424,\"caption\":\"Coccigames\"},\"image\":{\"@id\":\"https:\/\/www.coccigames.com\/#\/schema\/logo\/image\/\"}}]}<\/script>\n<!-- \/ Yoast SEO plugin. -->","yoast_head_json":{"title":"ACASTUS KNIGHTS PORPHYRION - Coccigames","robots":{"index":"index","follow":"follow","max-snippet":"max-snippet:-1","max-image-preview":"max-image-preview:large","max-video-preview":"max-video-preview:-1"},"canonical":"https:\/\/www.coccigames.com\/index.php\/produit\/acastus-knights-porphyrion\/","og_locale":"fr_FR","og_type":"article","og_title":"ACASTUS KNIGHTS PORPHYRION - Coccigames","og_description":"Les Chevaliers Acastus comptent parmi les plus lourdement arm\u00e9s et blind\u00e9s de tous les ch\u00e2ssis de Chevalier en service. Chacun est un symbole de la faveur du Culte de la Machine, et m\u00eame les plus prestigieuses Maisonn\u00e9es de Chevaliers n&rsquo;en poss\u00e8dent pas plus de quelques-uns.&hellip;","og_url":"https:\/\/www.coccigames.com\/index.php\/produit\/acastus-knights-porphyrion\/","og_site_name":"Coccigames","article_modified_time":"2026-04-06T07:28:32+00:00","og_image":[{"width":918,"height":948,"url":"https:\/\/www.coccigames.com\/wp-content\/uploads\/2025\/12\/99122699018_AcastusKnightsPorphyrion2.jpg","type":"image\/jpeg"}],"twitter_card":"summary_large_image","twitter_misc":{"Dur\u00e9e de lecture estim\u00e9e":"2 minutes"},"schema":{"@context":"https:\/\/schema.org","@graph":[{"@type":"WebPage","@id":"https:\/\/www.coccigames.com\/index.php\/produit\/acastus-knights-porphyrion\/","url":"https:\/\/www.coccigames.com\/index.php\/produit\/acastus-knights-porphyrion\/","name":"ACASTUS KNIGHTS PORPHYRION - Coccigames","isPartOf":{"@id":"https:\/\/www.coccigames.com\/#website"},"primaryImageOfPage":{"@id":"https:\/\/www.coccigames.com\/index.php\/produit\/acastus-knights-porphyrion\/#primaryimage"},"image":{"@id":"https:\/\/www.coccigames.com\/index.php\/produit\/acastus-knights-porphyrion\/#primaryimage"},"thumbnailUrl":"https:\/\/www.coccigames.com\/wp-content\/uploads\/2025\/12\/99122699018_AcastusKnightsPorphyrion2.jpg","datePublished":"2025-12-20T12:22:35+00:00","dateModified":"2026-04-06T07:28:32+00:00","breadcrumb":{"@id":"https:\/\/www.coccigames.com\/index.php\/produit\/acastus-knights-porphyrion\/#breadcrumb"},"inLanguage":"fr-FR","potentialAction":[{"@type":"ReadAction","target":["https:\/\/www.coccigames.com\/index.php\/produit\/acastus-knights-porphyrion\/"]}]},{"@type":"ImageObject","inLanguage":"fr-FR","@id":"https:\/\/www.coccigames.com\/index.php\/produit\/acastus-knights-porphyrion\/#primaryimage","url":"https:\/\/www.coccigames.com\/wp-content\/uploads\/2025\/12\/99122699018_AcastusKnightsPorphyrion2.jpg","contentUrl":"https:\/\/www.coccigames.com\/wp-content\/uploads\/2025\/12\/99122699018_AcastusKnightsPorphyrion2.jpg","width":918,"height":948},{"@type":"BreadcrumbList","@id":"https:\/\/www.coccigames.com\/index.php\/produit\/acastus-knights-porphyrion\/#breadcrumb","itemListElement":[{"@type":"ListItem","position":1,"name":"Accueil","item":"https:\/\/www.coccigames.com\/"},{"@type":"ListItem","position":2,"name":"Boutique","item":"https:\/\/www.coccigames.com\/index.php\/boutique\/"},{"@type":"ListItem","position":3,"name":"ACASTUS KNIGHTS PORPHYRION"}]},{"@type":"WebSite","@id":"https:\/\/www.coccigames.com\/#website","url":"https:\/\/www.coccigames.com\/","name":"Coccigames - Figurines et Peintures","description":"Figurines et Peintures","publisher":{"@id":"https:\/\/www.coccigames.com\/#organization"},"potentialAction":[{"@type":"SearchAction","target":{"@type":"EntryPoint","urlTemplate":"https:\/\/www.coccigames.com\/?s={search_term_string}"},"query-input":{"@type":"PropertyValueSpecification","valueRequired":true,"valueName":"search_term_string"}}],"inLanguage":"fr-FR"},{"@type":"Organization","@id":"https:\/\/www.coccigames.com\/#organization","name":"Coccigames","url":"https:\/\/www.coccigames.com\/","logo":{"@type":"ImageObject","inLanguage":"fr-FR","@id":"https:\/\/www.coccigames.com\/#\/schema\/logo\/image\/","url":"https:\/\/www.coccigames.com\/wp-content\/uploads\/2025\/12\/coccigames_logo_v5.png","contentUrl":"https:\/\/www.coccigames.com\/wp-content\/uploads\/2025\/12\/coccigames_logo_v5.png","width":1768,"height":424,"caption":"Coccigames"},"image":{"@id":"https:\/\/www.coccigames.com\/#\/schema\/logo\/image\/"}}]}},"_links":{"self":[{"href":"https:\/\/www.coccigames.com\/index.php\/wp-json\/wp\/v2\/product\/13033","targetHints":{"allow":["GET"]}}],"collection":[{"href":"https:\/\/www.coccigames.com\/index.php\/wp-json\/wp\/v2\/product"}],"about":[{"href":"https:\/\/www.coccigames.com\/index.php\/wp-json\/wp\/v2\/types\/product"}],"replies":[{"embeddable":true,"href":"https:\/\/www.coccigames.com\/index.php\/wp-json\/wp\/v2\/comments?post=13033"}],"wp:featuredmedia":[{"embeddable":true,"href":"https:\/\/www.coccigames.com\/index.php\/wp-json\/wp\/v2\/media\/13241"}],"wp:attachment":[{"href":"https:\/\/www.coccigames.com\/index.php\/wp-json\/wp\/v2\/media?parent=13033"}],"wp:term":[{"taxonomy":"product_brand","embeddable":true,"href":"https:\/\/www.coccigames.com\/index.php\/wp-json\/wp\/v2\/product_brand?post=13033"},{"taxonomy":"product_cat","embeddable":true,"href":"https:\/\/www.coccigames.com\/index.php\/wp-json\/wp\/v2\/product_cat?post=13033"},{"taxonomy":"product_tag","embeddable":true,"href":"https:\/\/www.coccigames.com\/index.php\/wp-json\/wp\/v2\/product_tag?post=13033"}],"curies":[{"name":"wp","href":"https:\/\/api.w.org\/{rel}","templated":true}]}}