{"id":13032,"date":"2025-12-20T13:22:34","date_gmt":"2025-12-20T12:22:34","guid":{"rendered":"https:\/\/www.coccigames.com\/index.php\/produit\/cerastus-knights-acheron-castigator\/"},"modified":"2026-04-06T09:28:32","modified_gmt":"2026-04-06T07:28:32","slug":"cerastus-knights-acheron-castigator","status":"publish","type":"product","link":"https:\/\/www.coccigames.com\/index.php\/produit\/cerastus-knights-acheron-castigator\/","title":{"rendered":"CERASTUS KNIGHTS ACHERON AND CASTIGATOR"},"content":{"rendered":"<p>Le Chevalier Castigator et la r\u00e9ponse des Maisonn\u00e9es aux hordes d&rsquo;ennemis inf\u00e9rieurs. Arm\u00e9 du redoutable canon \u00e0 bolts mod\u00e8le Castigator, ce Chevalier est capable d&rsquo;annihiler les formations d&rsquo;infanterie dans un d\u00e9luge rageur de projectiles \u00e0 d\u00e9tection de masse et de lames \u00e9nerg\u00e9tiques tourbillonnantes, et il peut tout aussi facilement \u00e9ventrer les v\u00e9hicules l\u00e9gers. Le Chevalier Acheron Cerastus est un terrible adversaire, un faucheur soigneusement con\u00e7u pour d\u00e9truire l&rsquo;ennemi par les flammes, mais \u00e9galement pour r\u00e9pandre la terreur \u00e0 la fois par son apparence et par sa mani\u00e8re d&rsquo;accomplir sa funeste t\u00e2che.<\/p>\n<p>Ce kit plastique permet d&rsquo;assembler quatre Cerastus Knights \u00e0 l&rsquo;\u00e9chelle epic. Deux de ces machines de guerre sont des Cerastus Knights Acheron, arm\u00e9s de poings tron\u00e7onneurs Acheron et de canons \u00e0 flammes mod\u00e8le Acheron. Les deux autres sont des Cerastus Knights Castigator, chacun arm\u00e9 d&rsquo;une lame de guerre Castigator et d&rsquo;un canon \u00e0 bolts mod\u00e8le Castigator.<\/p>\n<p>Ces figurines peuvent \u00eatre utilis\u00e9es dans les parties de Legions Imperialis, et dans les parties d&rsquo;Adeptus Titanicus en utilisant le Terminal de Commandement Adeptus Titanicus inclus.<\/p>\n<p><strong>Ce set contient:<\/strong><\/p>\n<p>&#8211; 2x Cerastus Knights Acheron<\/p>\n<p>&#8211; 2x Cerastus Knights Castigator<\/p>\n<p>&#8211; 4x Socles Ronds Legions Imperialis de 50mm<\/p>\n<p>&#8211; 1x Planche de D\u00e9calcos de Cerastus Knight Adeptus Titanicus<\/p>\n<p>&#8211; 1x Terminal de Commandement Cerastus Knight Adeptus Titanicus<\/p>\n","protected":false},"excerpt":{"rendered":"<p>Le Chevalier Castigator et la r\u00e9ponse des Maisonn\u00e9es aux hordes d&rsquo;ennemis inf\u00e9rieurs. Arm\u00e9 du redoutable canon \u00e0 bolts mod\u00e8le Castigator, ce Chevalier est capable d&rsquo;annihiler les formations d&rsquo;infanterie dans un d\u00e9luge rageur de projectiles \u00e0 d\u00e9tection de masse et de lames \u00e9nerg\u00e9tiques tourbillonnantes, et il&hellip;<\/p>\n","protected":false},"featured_media":13247,"comment_status":"open","ping_status":"closed","template":"","meta":[],"product_brand":[23],"product_cat":[6202],"product_tag":[256,6184],"class_list":{"0":"post-13032","1":"product","2":"type-product","3":"status-publish","4":"has-post-thumbnail","6":"product_brand-games-workshop","7":"product_cat-knights","8":"product_tag-knights","9":"product_tag-legion-imperialis","11":"first","12":"onbackorder","13":"sale","14":"taxable","15":"shipping-taxable","16":"purchasable","17":"product-type-simple"},"yoast_head":"<!-- This site is optimized with the Yoast SEO plugin v26.4 - https:\/\/yoast.com\/wordpress\/plugins\/seo\/ -->\n<title>CERASTUS KNIGHTS ACHERON AND CASTIGATOR - Coccigames<\/title>\n<meta name=\"robots\" content=\"index, follow, max-snippet:-1, max-image-preview:large, max-video-preview:-1\" \/>\n<link rel=\"canonical\" href=\"https:\/\/www.coccigames.com\/index.php\/produit\/cerastus-knights-acheron-castigator\/\" \/>\n<meta property=\"og:locale\" content=\"fr_FR\" \/>\n<meta property=\"og:type\" content=\"article\" \/>\n<meta property=\"og:title\" content=\"CERASTUS KNIGHTS ACHERON AND CASTIGATOR - Coccigames\" \/>\n<meta property=\"og:description\" content=\"Le Chevalier Castigator et la r\u00e9ponse des Maisonn\u00e9es aux hordes d&rsquo;ennemis inf\u00e9rieurs. Arm\u00e9 du redoutable canon \u00e0 bolts mod\u00e8le Castigator, ce Chevalier est capable d&rsquo;annihiler les formations d&rsquo;infanterie dans un d\u00e9luge rageur de projectiles \u00e0 d\u00e9tection de masse et de lames \u00e9nerg\u00e9tiques tourbillonnantes, et il&hellip;\" \/>\n<meta property=\"og:url\" content=\"https:\/\/www.coccigames.com\/index.php\/produit\/cerastus-knights-acheron-castigator\/\" \/>\n<meta property=\"og:site_name\" content=\"Coccigames\" \/>\n<meta property=\"article:modified_time\" content=\"2026-04-06T07:28:32+00:00\" \/>\n<meta property=\"og:image\" content=\"https:\/\/www.coccigames.com\/wp-content\/uploads\/2025\/12\/99122699017_CerastusKnightsAcheronCastigator2.jpg\" \/>\n\t<meta property=\"og:image:width\" content=\"918\" \/>\n\t<meta property=\"og:image:height\" content=\"948\" \/>\n\t<meta property=\"og:image:type\" content=\"image\/jpeg\" \/>\n<meta name=\"twitter:card\" content=\"summary_large_image\" \/>\n<meta name=\"twitter:label1\" content=\"Dur\u00e9e de lecture estim\u00e9e\" \/>\n\t<meta name=\"twitter:data1\" content=\"2 minutes\" \/>\n<script type=\"application\/ld+json\" class=\"yoast-schema-graph\">{\"@context\":\"https:\/\/schema.org\",\"@graph\":[{\"@type\":\"WebPage\",\"@id\":\"https:\/\/www.coccigames.com\/index.php\/produit\/cerastus-knights-acheron-castigator\/\",\"url\":\"https:\/\/www.coccigames.com\/index.php\/produit\/cerastus-knights-acheron-castigator\/\",\"name\":\"CERASTUS KNIGHTS ACHERON AND CASTIGATOR - Coccigames\",\"isPartOf\":{\"@id\":\"https:\/\/www.coccigames.com\/#website\"},\"primaryImageOfPage\":{\"@id\":\"https:\/\/www.coccigames.com\/index.php\/produit\/cerastus-knights-acheron-castigator\/#primaryimage\"},\"image\":{\"@id\":\"https:\/\/www.coccigames.com\/index.php\/produit\/cerastus-knights-acheron-castigator\/#primaryimage\"},\"thumbnailUrl\":\"https:\/\/www.coccigames.com\/wp-content\/uploads\/2025\/12\/99122699017_CerastusKnightsAcheronCastigator2.jpg\",\"datePublished\":\"2025-12-20T12:22:34+00:00\",\"dateModified\":\"2026-04-06T07:28:32+00:00\",\"breadcrumb\":{\"@id\":\"https:\/\/www.coccigames.com\/index.php\/produit\/cerastus-knights-acheron-castigator\/#breadcrumb\"},\"inLanguage\":\"fr-FR\",\"potentialAction\":[{\"@type\":\"ReadAction\",\"target\":[\"https:\/\/www.coccigames.com\/index.php\/produit\/cerastus-knights-acheron-castigator\/\"]}]},{\"@type\":\"ImageObject\",\"inLanguage\":\"fr-FR\",\"@id\":\"https:\/\/www.coccigames.com\/index.php\/produit\/cerastus-knights-acheron-castigator\/#primaryimage\",\"url\":\"https:\/\/www.coccigames.com\/wp-content\/uploads\/2025\/12\/99122699017_CerastusKnightsAcheronCastigator2.jpg\",\"contentUrl\":\"https:\/\/www.coccigames.com\/wp-content\/uploads\/2025\/12\/99122699017_CerastusKnightsAcheronCastigator2.jpg\",\"width\":918,\"height\":948},{\"@type\":\"BreadcrumbList\",\"@id\":\"https:\/\/www.coccigames.com\/index.php\/produit\/cerastus-knights-acheron-castigator\/#breadcrumb\",\"itemListElement\":[{\"@type\":\"ListItem\",\"position\":1,\"name\":\"Accueil\",\"item\":\"https:\/\/www.coccigames.com\/\"},{\"@type\":\"ListItem\",\"position\":2,\"name\":\"Boutique\",\"item\":\"https:\/\/www.coccigames.com\/index.php\/boutique\/\"},{\"@type\":\"ListItem\",\"position\":3,\"name\":\"CERASTUS KNIGHTS ACHERON AND CASTIGATOR\"}]},{\"@type\":\"WebSite\",\"@id\":\"https:\/\/www.coccigames.com\/#website\",\"url\":\"https:\/\/www.coccigames.com\/\",\"name\":\"Coccigames - Figurines et Peintures\",\"description\":\"Figurines et Peintures\",\"publisher\":{\"@id\":\"https:\/\/www.coccigames.com\/#organization\"},\"potentialAction\":[{\"@type\":\"SearchAction\",\"target\":{\"@type\":\"EntryPoint\",\"urlTemplate\":\"https:\/\/www.coccigames.com\/?s={search_term_string}\"},\"query-input\":{\"@type\":\"PropertyValueSpecification\",\"valueRequired\":true,\"valueName\":\"search_term_string\"}}],\"inLanguage\":\"fr-FR\"},{\"@type\":\"Organization\",\"@id\":\"https:\/\/www.coccigames.com\/#organization\",\"name\":\"Coccigames\",\"url\":\"https:\/\/www.coccigames.com\/\",\"logo\":{\"@type\":\"ImageObject\",\"inLanguage\":\"fr-FR\",\"@id\":\"https:\/\/www.coccigames.com\/#\/schema\/logo\/image\/\",\"url\":\"https:\/\/www.coccigames.com\/wp-content\/uploads\/2025\/12\/coccigames_logo_v5.png\",\"contentUrl\":\"https:\/\/www.coccigames.com\/wp-content\/uploads\/2025\/12\/coccigames_logo_v5.png\",\"width\":1768,\"height\":424,\"caption\":\"Coccigames\"},\"image\":{\"@id\":\"https:\/\/www.coccigames.com\/#\/schema\/logo\/image\/\"}}]}<\/script>\n<!-- \/ Yoast SEO plugin. -->","yoast_head_json":{"title":"CERASTUS KNIGHTS ACHERON AND CASTIGATOR - Coccigames","robots":{"index":"index","follow":"follow","max-snippet":"max-snippet:-1","max-image-preview":"max-image-preview:large","max-video-preview":"max-video-preview:-1"},"canonical":"https:\/\/www.coccigames.com\/index.php\/produit\/cerastus-knights-acheron-castigator\/","og_locale":"fr_FR","og_type":"article","og_title":"CERASTUS KNIGHTS ACHERON AND CASTIGATOR - Coccigames","og_description":"Le Chevalier Castigator et la r\u00e9ponse des Maisonn\u00e9es aux hordes d&rsquo;ennemis inf\u00e9rieurs. Arm\u00e9 du redoutable canon \u00e0 bolts mod\u00e8le Castigator, ce Chevalier est capable d&rsquo;annihiler les formations d&rsquo;infanterie dans un d\u00e9luge rageur de projectiles \u00e0 d\u00e9tection de masse et de lames \u00e9nerg\u00e9tiques tourbillonnantes, et il&hellip;","og_url":"https:\/\/www.coccigames.com\/index.php\/produit\/cerastus-knights-acheron-castigator\/","og_site_name":"Coccigames","article_modified_time":"2026-04-06T07:28:32+00:00","og_image":[{"width":918,"height":948,"url":"https:\/\/www.coccigames.com\/wp-content\/uploads\/2025\/12\/99122699017_CerastusKnightsAcheronCastigator2.jpg","type":"image\/jpeg"}],"twitter_card":"summary_large_image","twitter_misc":{"Dur\u00e9e de lecture estim\u00e9e":"2 minutes"},"schema":{"@context":"https:\/\/schema.org","@graph":[{"@type":"WebPage","@id":"https:\/\/www.coccigames.com\/index.php\/produit\/cerastus-knights-acheron-castigator\/","url":"https:\/\/www.coccigames.com\/index.php\/produit\/cerastus-knights-acheron-castigator\/","name":"CERASTUS KNIGHTS ACHERON AND CASTIGATOR - Coccigames","isPartOf":{"@id":"https:\/\/www.coccigames.com\/#website"},"primaryImageOfPage":{"@id":"https:\/\/www.coccigames.com\/index.php\/produit\/cerastus-knights-acheron-castigator\/#primaryimage"},"image":{"@id":"https:\/\/www.coccigames.com\/index.php\/produit\/cerastus-knights-acheron-castigator\/#primaryimage"},"thumbnailUrl":"https:\/\/www.coccigames.com\/wp-content\/uploads\/2025\/12\/99122699017_CerastusKnightsAcheronCastigator2.jpg","datePublished":"2025-12-20T12:22:34+00:00","dateModified":"2026-04-06T07:28:32+00:00","breadcrumb":{"@id":"https:\/\/www.coccigames.com\/index.php\/produit\/cerastus-knights-acheron-castigator\/#breadcrumb"},"inLanguage":"fr-FR","potentialAction":[{"@type":"ReadAction","target":["https:\/\/www.coccigames.com\/index.php\/produit\/cerastus-knights-acheron-castigator\/"]}]},{"@type":"ImageObject","inLanguage":"fr-FR","@id":"https:\/\/www.coccigames.com\/index.php\/produit\/cerastus-knights-acheron-castigator\/#primaryimage","url":"https:\/\/www.coccigames.com\/wp-content\/uploads\/2025\/12\/99122699017_CerastusKnightsAcheronCastigator2.jpg","contentUrl":"https:\/\/www.coccigames.com\/wp-content\/uploads\/2025\/12\/99122699017_CerastusKnightsAcheronCastigator2.jpg","width":918,"height":948},{"@type":"BreadcrumbList","@id":"https:\/\/www.coccigames.com\/index.php\/produit\/cerastus-knights-acheron-castigator\/#breadcrumb","itemListElement":[{"@type":"ListItem","position":1,"name":"Accueil","item":"https:\/\/www.coccigames.com\/"},{"@type":"ListItem","position":2,"name":"Boutique","item":"https:\/\/www.coccigames.com\/index.php\/boutique\/"},{"@type":"ListItem","position":3,"name":"CERASTUS KNIGHTS ACHERON AND CASTIGATOR"}]},{"@type":"WebSite","@id":"https:\/\/www.coccigames.com\/#website","url":"https:\/\/www.coccigames.com\/","name":"Coccigames - Figurines et Peintures","description":"Figurines et Peintures","publisher":{"@id":"https:\/\/www.coccigames.com\/#organization"},"potentialAction":[{"@type":"SearchAction","target":{"@type":"EntryPoint","urlTemplate":"https:\/\/www.coccigames.com\/?s={search_term_string}"},"query-input":{"@type":"PropertyValueSpecification","valueRequired":true,"valueName":"search_term_string"}}],"inLanguage":"fr-FR"},{"@type":"Organization","@id":"https:\/\/www.coccigames.com\/#organization","name":"Coccigames","url":"https:\/\/www.coccigames.com\/","logo":{"@type":"ImageObject","inLanguage":"fr-FR","@id":"https:\/\/www.coccigames.com\/#\/schema\/logo\/image\/","url":"https:\/\/www.coccigames.com\/wp-content\/uploads\/2025\/12\/coccigames_logo_v5.png","contentUrl":"https:\/\/www.coccigames.com\/wp-content\/uploads\/2025\/12\/coccigames_logo_v5.png","width":1768,"height":424,"caption":"Coccigames"},"image":{"@id":"https:\/\/www.coccigames.com\/#\/schema\/logo\/image\/"}}]}},"_links":{"self":[{"href":"https:\/\/www.coccigames.com\/index.php\/wp-json\/wp\/v2\/product\/13032","targetHints":{"allow":["GET"]}}],"collection":[{"href":"https:\/\/www.coccigames.com\/index.php\/wp-json\/wp\/v2\/product"}],"about":[{"href":"https:\/\/www.coccigames.com\/index.php\/wp-json\/wp\/v2\/types\/product"}],"replies":[{"embeddable":true,"href":"https:\/\/www.coccigames.com\/index.php\/wp-json\/wp\/v2\/comments?post=13032"}],"wp:featuredmedia":[{"embeddable":true,"href":"https:\/\/www.coccigames.com\/index.php\/wp-json\/wp\/v2\/media\/13247"}],"wp:attachment":[{"href":"https:\/\/www.coccigames.com\/index.php\/wp-json\/wp\/v2\/media?parent=13032"}],"wp:term":[{"taxonomy":"product_brand","embeddable":true,"href":"https:\/\/www.coccigames.com\/index.php\/wp-json\/wp\/v2\/product_brand?post=13032"},{"taxonomy":"product_cat","embeddable":true,"href":"https:\/\/www.coccigames.com\/index.php\/wp-json\/wp\/v2\/product_cat?post=13032"},{"taxonomy":"product_tag","embeddable":true,"href":"https:\/\/www.coccigames.com\/index.php\/wp-json\/wp\/v2\/product_tag?post=13032"}],"curies":[{"name":"wp","href":"https:\/\/api.w.org\/{rel}","templated":true}]}}