{"id":13030,"date":"2025-12-20T13:22:33","date_gmt":"2025-12-20T12:22:33","guid":{"rendered":"https:\/\/www.coccigames.com\/index.php\/produit\/warhound-titans-w-ursus-claws-mlt\/"},"modified":"2026-04-20T10:05:52","modified_gmt":"2026-04-20T08:05:52","slug":"warhound-titans-w-ursus-claws-mlt","status":"publish","type":"product","link":"https:\/\/www.coccigames.com\/index.php\/produit\/warhound-titans-w-ursus-claws-mlt\/","title":{"rendered":"WARHOUND TITANS WITH URSUS CLAWS &#038; MELTA LANCES"},"content":{"rendered":"<p>Les Warhounds constituent la plus petite classe de \u00ab\u00a0v\u00e9ritables\u00a0\u00bb Titans, et sont consid\u00e9r\u00e9s comme des Titans de Reconnaissance en r\u00e9f\u00e9rence \u00e0 leur r\u00f4le op\u00e9rationnel habituel d&rsquo;avant-garde pour des groupes de Titans de combat plus importants. Lorsqu&rsquo;ils affrontent des machines divines ennemies, les Warhounds doivent compter sur leur vitesse, leur man\u0153uvrabilit\u00e9 et des tactiques de meute pour abattre leurs adversaires plus imposants.<\/p>\n<p>Ce kit plastique permet d&rsquo;assembler deux Warhound Scout Titans \u00e0 l&rsquo;\u00e9chelle epic, des machines divines \u00e0 la silhouette courb\u00e9e embl\u00e9matique. Chaque Warhound dispose de deux armes mont\u00e9es sur les bras, choisies parmi un arsenal g\u00e9n\u00e9reux: ce kit contient deux griffes Ursus, deux lances \u00e0 fusion, deux \u00e9radicateurs volkites, deux lances-chocs natrix et deux nacelles lance-missiles avec des missiles sismiques ou des missiles \u00e0 nu\u00e9e.<\/p>\n<p>Ce kit propose de nombreuses amni\u00e8res de personnaliser vos Scout Titans. Vous trouverez diff\u00e9rents styles de t\u00eates, plusieurs plaques de blindage pour les jambes, des protections d&rsquo;\u00e9paule avec diff\u00e9rents symboles, et quatre styles de carapace: une sculpt\u00e9e avec l&rsquo;iconographie des Loyalistes, une avec celle des Ren\u00e9gats, une avec un bouclier honorifique et la derni\u00e8re est laiss\u00e9e vierge. Ce kit fournit des articulations \u00e0 plusieurs endroits, ce qui vous permet de choisir la position des t\u00eates et des hanches de vos Titans. Vous trouverez \u00e9galement une planche de d\u00e9calcos proposant 118 d\u00e9calcos de grande qualit\u00e9 pour d\u00e9corer vos Titans.<\/p>\n<p>Ces figurines peuvent \u00eatre utilis\u00e9es dans les parties de Legions Imperialis, ainsi que dans les parties d&rsquo;Adeptus Titanicus \u00e0 l&rsquo;aide des Terminaux de Commandement Adeptus Titanicus et des Cartes d&rsquo;Arme.<\/p>\n<p><strong>Ce set contient:<\/strong><\/p>\n<p>&#8211; 2x Warhound Scout Titans<\/p>\n<p>&#8211; 2x griffes Ursus<\/p>\n<p>&#8211; 2x lances \u00e0 fusion mod\u00e8le Incisor<\/p>\n<p>&#8211; 2x lances-chocs natrix<\/p>\n<p>&#8211; 2x \u00e9radicateurs volkites<\/p>\n<p>&#8211; 2x nacelles lance-missiles, pouvant \u00eatre assembl\u00e9es avec des missiles sismiques ou des missiles \u00e0 nu\u00e9e<\/p>\n<p>&#8211; 2x Socles Ovales Legions Imperialis de 80mm<\/p>\n<p>&#8211; 1x Planche de D\u00e9calco de Titan Warhound Adeptus Titanicus<\/p>\n<p>&#8211; 1x Terminaux de Commande de Warhound Titan Adeptus Titanicus<\/p>\n<p>&#8211; 1x Planche de Cartes d&rsquo;Arme de Warhound Titan Adeptus Titanicus<\/p>\n","protected":false},"excerpt":{"rendered":"<p>Les Warhounds constituent la plus petite classe de \u00ab\u00a0v\u00e9ritables\u00a0\u00bb Titans, et sont consid\u00e9r\u00e9s comme des Titans de Reconnaissance en r\u00e9f\u00e9rence \u00e0 leur r\u00f4le op\u00e9rationnel habituel d&rsquo;avant-garde pour des groupes de Titans de combat plus importants. Lorsqu&rsquo;ils affrontent des machines divines ennemies, les Warhounds doivent compter&hellip;<\/p>\n","protected":false},"featured_media":13177,"comment_status":"open","ping_status":"closed","template":"","meta":[],"product_brand":[23],"product_cat":[6200],"product_tag":[6184,6201],"class_list":{"0":"post-13030","1":"product","2":"type-product","3":"status-publish","4":"has-post-thumbnail","6":"product_brand-games-workshop","7":"product_cat-titans","8":"product_tag-legion-imperialis","9":"product_tag-titans","11":"first","12":"onbackorder","13":"sale","14":"taxable","15":"shipping-taxable","16":"purchasable","17":"product-type-simple"},"yoast_head":"<!-- This site is optimized with the Yoast SEO plugin v26.4 - https:\/\/yoast.com\/wordpress\/plugins\/seo\/ -->\n<title>WARHOUND TITANS WITH URSUS CLAWS &amp; MELTA LANCES - Coccigames<\/title>\n<meta name=\"robots\" content=\"index, follow, max-snippet:-1, max-image-preview:large, max-video-preview:-1\" \/>\n<link rel=\"canonical\" href=\"https:\/\/www.coccigames.com\/index.php\/produit\/warhound-titans-w-ursus-claws-mlt\/\" \/>\n<meta property=\"og:locale\" content=\"fr_FR\" \/>\n<meta property=\"og:type\" content=\"article\" \/>\n<meta property=\"og:title\" content=\"WARHOUND TITANS WITH URSUS CLAWS &amp; MELTA LANCES - Coccigames\" \/>\n<meta property=\"og:description\" content=\"Les Warhounds constituent la plus petite classe de \u00ab\u00a0v\u00e9ritables\u00a0\u00bb Titans, et sont consid\u00e9r\u00e9s comme des Titans de Reconnaissance en r\u00e9f\u00e9rence \u00e0 leur r\u00f4le op\u00e9rationnel habituel d&rsquo;avant-garde pour des groupes de Titans de combat plus importants. Lorsqu&rsquo;ils affrontent des machines divines ennemies, les Warhounds doivent compter&hellip;\" \/>\n<meta property=\"og:url\" content=\"https:\/\/www.coccigames.com\/index.php\/produit\/warhound-titans-w-ursus-claws-mlt\/\" \/>\n<meta property=\"og:site_name\" content=\"Coccigames\" \/>\n<meta property=\"article:modified_time\" content=\"2026-04-20T08:05:52+00:00\" \/>\n<meta property=\"og:image\" content=\"https:\/\/www.coccigames.com\/wp-content\/uploads\/2025\/12\/99282608006_WarhoundTitansUsusClawsMeltaLances7.jpg\" \/>\n\t<meta property=\"og:image:width\" content=\"918\" \/>\n\t<meta property=\"og:image:height\" content=\"948\" \/>\n\t<meta property=\"og:image:type\" content=\"image\/jpeg\" \/>\n<meta name=\"twitter:card\" content=\"summary_large_image\" \/>\n<meta name=\"twitter:label1\" content=\"Dur\u00e9e de lecture estim\u00e9e\" \/>\n\t<meta name=\"twitter:data1\" content=\"2 minutes\" \/>\n<script type=\"application\/ld+json\" class=\"yoast-schema-graph\">{\"@context\":\"https:\/\/schema.org\",\"@graph\":[{\"@type\":\"WebPage\",\"@id\":\"https:\/\/www.coccigames.com\/index.php\/produit\/warhound-titans-w-ursus-claws-mlt\/\",\"url\":\"https:\/\/www.coccigames.com\/index.php\/produit\/warhound-titans-w-ursus-claws-mlt\/\",\"name\":\"WARHOUND TITANS WITH URSUS CLAWS & MELTA LANCES - Coccigames\",\"isPartOf\":{\"@id\":\"https:\/\/www.coccigames.com\/#website\"},\"primaryImageOfPage\":{\"@id\":\"https:\/\/www.coccigames.com\/index.php\/produit\/warhound-titans-w-ursus-claws-mlt\/#primaryimage\"},\"image\":{\"@id\":\"https:\/\/www.coccigames.com\/index.php\/produit\/warhound-titans-w-ursus-claws-mlt\/#primaryimage\"},\"thumbnailUrl\":\"https:\/\/www.coccigames.com\/wp-content\/uploads\/2025\/12\/99282608006_WarhoundTitansUsusClawsMeltaLances7.jpg\",\"datePublished\":\"2025-12-20T12:22:33+00:00\",\"dateModified\":\"2026-04-20T08:05:52+00:00\",\"breadcrumb\":{\"@id\":\"https:\/\/www.coccigames.com\/index.php\/produit\/warhound-titans-w-ursus-claws-mlt\/#breadcrumb\"},\"inLanguage\":\"fr-FR\",\"potentialAction\":[{\"@type\":\"ReadAction\",\"target\":[\"https:\/\/www.coccigames.com\/index.php\/produit\/warhound-titans-w-ursus-claws-mlt\/\"]}]},{\"@type\":\"ImageObject\",\"inLanguage\":\"fr-FR\",\"@id\":\"https:\/\/www.coccigames.com\/index.php\/produit\/warhound-titans-w-ursus-claws-mlt\/#primaryimage\",\"url\":\"https:\/\/www.coccigames.com\/wp-content\/uploads\/2025\/12\/99282608006_WarhoundTitansUsusClawsMeltaLances7.jpg\",\"contentUrl\":\"https:\/\/www.coccigames.com\/wp-content\/uploads\/2025\/12\/99282608006_WarhoundTitansUsusClawsMeltaLances7.jpg\",\"width\":918,\"height\":948},{\"@type\":\"BreadcrumbList\",\"@id\":\"https:\/\/www.coccigames.com\/index.php\/produit\/warhound-titans-w-ursus-claws-mlt\/#breadcrumb\",\"itemListElement\":[{\"@type\":\"ListItem\",\"position\":1,\"name\":\"Accueil\",\"item\":\"https:\/\/www.coccigames.com\/\"},{\"@type\":\"ListItem\",\"position\":2,\"name\":\"Boutique\",\"item\":\"https:\/\/www.coccigames.com\/index.php\/boutique\/\"},{\"@type\":\"ListItem\",\"position\":3,\"name\":\"WARHOUND TITANS WITH URSUS CLAWS &#038; MELTA LANCES\"}]},{\"@type\":\"WebSite\",\"@id\":\"https:\/\/www.coccigames.com\/#website\",\"url\":\"https:\/\/www.coccigames.com\/\",\"name\":\"Coccigames - Figurines et Peintures\",\"description\":\"Figurines et Peintures\",\"publisher\":{\"@id\":\"https:\/\/www.coccigames.com\/#organization\"},\"potentialAction\":[{\"@type\":\"SearchAction\",\"target\":{\"@type\":\"EntryPoint\",\"urlTemplate\":\"https:\/\/www.coccigames.com\/?s={search_term_string}\"},\"query-input\":{\"@type\":\"PropertyValueSpecification\",\"valueRequired\":true,\"valueName\":\"search_term_string\"}}],\"inLanguage\":\"fr-FR\"},{\"@type\":\"Organization\",\"@id\":\"https:\/\/www.coccigames.com\/#organization\",\"name\":\"Coccigames\",\"url\":\"https:\/\/www.coccigames.com\/\",\"logo\":{\"@type\":\"ImageObject\",\"inLanguage\":\"fr-FR\",\"@id\":\"https:\/\/www.coccigames.com\/#\/schema\/logo\/image\/\",\"url\":\"https:\/\/www.coccigames.com\/wp-content\/uploads\/2025\/12\/coccigames_logo_v5.png\",\"contentUrl\":\"https:\/\/www.coccigames.com\/wp-content\/uploads\/2025\/12\/coccigames_logo_v5.png\",\"width\":1768,\"height\":424,\"caption\":\"Coccigames\"},\"image\":{\"@id\":\"https:\/\/www.coccigames.com\/#\/schema\/logo\/image\/\"}}]}<\/script>\n<!-- \/ Yoast SEO plugin. -->","yoast_head_json":{"title":"WARHOUND TITANS WITH URSUS CLAWS & MELTA LANCES - Coccigames","robots":{"index":"index","follow":"follow","max-snippet":"max-snippet:-1","max-image-preview":"max-image-preview:large","max-video-preview":"max-video-preview:-1"},"canonical":"https:\/\/www.coccigames.com\/index.php\/produit\/warhound-titans-w-ursus-claws-mlt\/","og_locale":"fr_FR","og_type":"article","og_title":"WARHOUND TITANS WITH URSUS CLAWS & MELTA LANCES - Coccigames","og_description":"Les Warhounds constituent la plus petite classe de \u00ab\u00a0v\u00e9ritables\u00a0\u00bb Titans, et sont consid\u00e9r\u00e9s comme des Titans de Reconnaissance en r\u00e9f\u00e9rence \u00e0 leur r\u00f4le op\u00e9rationnel habituel d&rsquo;avant-garde pour des groupes de Titans de combat plus importants. Lorsqu&rsquo;ils affrontent des machines divines ennemies, les Warhounds doivent compter&hellip;","og_url":"https:\/\/www.coccigames.com\/index.php\/produit\/warhound-titans-w-ursus-claws-mlt\/","og_site_name":"Coccigames","article_modified_time":"2026-04-20T08:05:52+00:00","og_image":[{"width":918,"height":948,"url":"https:\/\/www.coccigames.com\/wp-content\/uploads\/2025\/12\/99282608006_WarhoundTitansUsusClawsMeltaLances7.jpg","type":"image\/jpeg"}],"twitter_card":"summary_large_image","twitter_misc":{"Dur\u00e9e de lecture estim\u00e9e":"2 minutes"},"schema":{"@context":"https:\/\/schema.org","@graph":[{"@type":"WebPage","@id":"https:\/\/www.coccigames.com\/index.php\/produit\/warhound-titans-w-ursus-claws-mlt\/","url":"https:\/\/www.coccigames.com\/index.php\/produit\/warhound-titans-w-ursus-claws-mlt\/","name":"WARHOUND TITANS WITH URSUS CLAWS & MELTA LANCES - Coccigames","isPartOf":{"@id":"https:\/\/www.coccigames.com\/#website"},"primaryImageOfPage":{"@id":"https:\/\/www.coccigames.com\/index.php\/produit\/warhound-titans-w-ursus-claws-mlt\/#primaryimage"},"image":{"@id":"https:\/\/www.coccigames.com\/index.php\/produit\/warhound-titans-w-ursus-claws-mlt\/#primaryimage"},"thumbnailUrl":"https:\/\/www.coccigames.com\/wp-content\/uploads\/2025\/12\/99282608006_WarhoundTitansUsusClawsMeltaLances7.jpg","datePublished":"2025-12-20T12:22:33+00:00","dateModified":"2026-04-20T08:05:52+00:00","breadcrumb":{"@id":"https:\/\/www.coccigames.com\/index.php\/produit\/warhound-titans-w-ursus-claws-mlt\/#breadcrumb"},"inLanguage":"fr-FR","potentialAction":[{"@type":"ReadAction","target":["https:\/\/www.coccigames.com\/index.php\/produit\/warhound-titans-w-ursus-claws-mlt\/"]}]},{"@type":"ImageObject","inLanguage":"fr-FR","@id":"https:\/\/www.coccigames.com\/index.php\/produit\/warhound-titans-w-ursus-claws-mlt\/#primaryimage","url":"https:\/\/www.coccigames.com\/wp-content\/uploads\/2025\/12\/99282608006_WarhoundTitansUsusClawsMeltaLances7.jpg","contentUrl":"https:\/\/www.coccigames.com\/wp-content\/uploads\/2025\/12\/99282608006_WarhoundTitansUsusClawsMeltaLances7.jpg","width":918,"height":948},{"@type":"BreadcrumbList","@id":"https:\/\/www.coccigames.com\/index.php\/produit\/warhound-titans-w-ursus-claws-mlt\/#breadcrumb","itemListElement":[{"@type":"ListItem","position":1,"name":"Accueil","item":"https:\/\/www.coccigames.com\/"},{"@type":"ListItem","position":2,"name":"Boutique","item":"https:\/\/www.coccigames.com\/index.php\/boutique\/"},{"@type":"ListItem","position":3,"name":"WARHOUND TITANS WITH URSUS CLAWS &#038; MELTA LANCES"}]},{"@type":"WebSite","@id":"https:\/\/www.coccigames.com\/#website","url":"https:\/\/www.coccigames.com\/","name":"Coccigames - Figurines et Peintures","description":"Figurines et Peintures","publisher":{"@id":"https:\/\/www.coccigames.com\/#organization"},"potentialAction":[{"@type":"SearchAction","target":{"@type":"EntryPoint","urlTemplate":"https:\/\/www.coccigames.com\/?s={search_term_string}"},"query-input":{"@type":"PropertyValueSpecification","valueRequired":true,"valueName":"search_term_string"}}],"inLanguage":"fr-FR"},{"@type":"Organization","@id":"https:\/\/www.coccigames.com\/#organization","name":"Coccigames","url":"https:\/\/www.coccigames.com\/","logo":{"@type":"ImageObject","inLanguage":"fr-FR","@id":"https:\/\/www.coccigames.com\/#\/schema\/logo\/image\/","url":"https:\/\/www.coccigames.com\/wp-content\/uploads\/2025\/12\/coccigames_logo_v5.png","contentUrl":"https:\/\/www.coccigames.com\/wp-content\/uploads\/2025\/12\/coccigames_logo_v5.png","width":1768,"height":424,"caption":"Coccigames"},"image":{"@id":"https:\/\/www.coccigames.com\/#\/schema\/logo\/image\/"}}]}},"_links":{"self":[{"href":"https:\/\/www.coccigames.com\/index.php\/wp-json\/wp\/v2\/product\/13030","targetHints":{"allow":["GET"]}}],"collection":[{"href":"https:\/\/www.coccigames.com\/index.php\/wp-json\/wp\/v2\/product"}],"about":[{"href":"https:\/\/www.coccigames.com\/index.php\/wp-json\/wp\/v2\/types\/product"}],"replies":[{"embeddable":true,"href":"https:\/\/www.coccigames.com\/index.php\/wp-json\/wp\/v2\/comments?post=13030"}],"wp:featuredmedia":[{"embeddable":true,"href":"https:\/\/www.coccigames.com\/index.php\/wp-json\/wp\/v2\/media\/13177"}],"wp:attachment":[{"href":"https:\/\/www.coccigames.com\/index.php\/wp-json\/wp\/v2\/media?parent=13030"}],"wp:term":[{"taxonomy":"product_brand","embeddable":true,"href":"https:\/\/www.coccigames.com\/index.php\/wp-json\/wp\/v2\/product_brand?post=13030"},{"taxonomy":"product_cat","embeddable":true,"href":"https:\/\/www.coccigames.com\/index.php\/wp-json\/wp\/v2\/product_cat?post=13030"},{"taxonomy":"product_tag","embeddable":true,"href":"https:\/\/www.coccigames.com\/index.php\/wp-json\/wp\/v2\/product_tag?post=13030"}],"curies":[{"name":"wp","href":"https:\/\/api.w.org\/{rel}","templated":true}]}}