{"id":13029,"date":"2025-12-20T13:22:33","date_gmt":"2025-12-20T12:22:33","guid":{"rendered":"https:\/\/www.coccigames.com\/index.php\/produit\/dire-wolf-heavy-scout-titans\/"},"modified":"2026-04-06T09:28:32","modified_gmt":"2026-04-06T07:28:32","slug":"dire-wolf-heavy-scout-titans","status":"publish","type":"product","link":"https:\/\/www.coccigames.com\/index.php\/produit\/dire-wolf-heavy-scout-titans\/","title":{"rendered":"DIRE WOLF HEAVY SCOUT TITANS"},"content":{"rendered":"<p>Les Titans de Reconnaissance Lourds Dire Wolf sont plus robustes et plus lourdement amr\u00e9s que leurs cousins Warhounds et sont charg\u00e9s de tendre des embuscades au sein des groupes de combats des L\u00e9gions Titaniques. Les Dire Wolves se tiennent pr\u00eats dans leurs positions avanc\u00e9es pour prendre en embuscade et annihiler les cibles cl\u00e9s \u00e0 l&rsquo;aide de tirs pr\u00e9cis de leur arme dorsale principale, tandis que leurs armes de bras sur pivot leur fournissent une certaine protection contre les cibles plus fragiles, ce qui permet aux Titans de Reconnaissance Lourd de se concentrer sur le verrouillage d&rsquo;une solution de tir.<\/p>\n<p>Ce kit plastique permet d&rsquo;assembler deux Dire Wolf Heavy Scout Titans, des machines divines rapides et terriblement destructrices. Chacun de ces chasseurs agiles est \u00e9quip\u00e9 de deux m\u00e9ga bolters Ardex mont\u00e9s sur les bras, et dispose d&rsquo;une seule arme super lourde mont\u00e9e sur sa carapace. Le kit contient au choix un laser \u00e0 neutrons, un canon volcano et un dissipateur de conversion pour chaque Titan.<\/p>\n<p>Ce kit vous permet de personnaliser vos Heavy Scout Titans gr\u00e2ce \u00e0 diff\u00e9rentes positions de jambes et des positions ajustables gr\u00e2ce \u00e0 un assemblage sans colle pour les armes de bras, et il vous fournit une planche de d\u00e9calcos proposant 118 d\u00e9calcos de grande qualit\u00e9 pour d\u00e9corer le blindage de vos Titans.<\/p>\n<p>Ces figurines peuvent \u00eatre utilis\u00e9es dans les parties de Legions Imperialis, ainsi que dans les parties d&rsquo;Adeptus Titanicus gr\u00e2ce aux Terminaux de Commande Adeptus Titanicus et aux Cartes d&rsquo;Arme fournis.<\/p>\n<p><strong>Ce set contient:<\/strong><\/p>\n<p>&#8211; 2x Dire Wolf Heavy Scout Titans<\/p>\n<p>&#8211; 4x m\u00e9ga bolters Ardex<\/p>\n<p>&#8211; 2x laser \u00e0 neutrons<\/p>\n<p>&#8211; 2x canons Volcano<\/p>\n<p>&#8211; 2x dissipateurs de conversion<\/p>\n<p>&#8211; 2x Socles Ovales Legions Imperialis de 80mm<\/p>\n<p>&#8211; 1x Planche de D\u00e9calcos de Titan Warhound Adeptus Titanicus<\/p>\n<p>&#8211; 1x Terminaux de Commande de Dire Wolf Heavy Scout Titan Adeptus Titanicus<\/p>\n<p>&#8211; 1x Planche de Cartes d&rsquo;Arme de Dire Wolf Heavy Scout Titan Adeptus Titanicus<\/p>\n","protected":false},"excerpt":{"rendered":"<p>Les Titans de Reconnaissance Lourds Dire Wolf sont plus robustes et plus lourdement amr\u00e9s que leurs cousins Warhounds et sont charg\u00e9s de tendre des embuscades au sein des groupes de combats des L\u00e9gions Titaniques. Les Dire Wolves se tiennent pr\u00eats dans leurs positions avanc\u00e9es pour&hellip;<\/p>\n","protected":false},"featured_media":13207,"comment_status":"open","ping_status":"closed","template":"","meta":[],"product_brand":[23],"product_cat":[6200],"product_tag":[6184,6201],"class_list":{"0":"post-13029","1":"product","2":"type-product","3":"status-publish","4":"has-post-thumbnail","6":"product_brand-games-workshop","7":"product_cat-titans","8":"product_tag-legion-imperialis","9":"product_tag-titans","11":"first","12":"onbackorder","13":"sale","14":"taxable","15":"shipping-taxable","16":"purchasable","17":"product-type-simple"},"yoast_head":"<!-- This site is optimized with the Yoast SEO plugin v26.4 - https:\/\/yoast.com\/wordpress\/plugins\/seo\/ -->\n<title>DIRE WOLF HEAVY SCOUT TITANS - Coccigames<\/title>\n<meta name=\"robots\" content=\"index, follow, max-snippet:-1, max-image-preview:large, max-video-preview:-1\" \/>\n<link rel=\"canonical\" href=\"https:\/\/www.coccigames.com\/index.php\/produit\/dire-wolf-heavy-scout-titans\/\" \/>\n<meta property=\"og:locale\" content=\"fr_FR\" \/>\n<meta property=\"og:type\" content=\"article\" \/>\n<meta property=\"og:title\" content=\"DIRE WOLF HEAVY SCOUT TITANS - Coccigames\" \/>\n<meta property=\"og:description\" content=\"Les Titans de Reconnaissance Lourds Dire Wolf sont plus robustes et plus lourdement amr\u00e9s que leurs cousins Warhounds et sont charg\u00e9s de tendre des embuscades au sein des groupes de combats des L\u00e9gions Titaniques. Les Dire Wolves se tiennent pr\u00eats dans leurs positions avanc\u00e9es pour&hellip;\" \/>\n<meta property=\"og:url\" content=\"https:\/\/www.coccigames.com\/index.php\/produit\/dire-wolf-heavy-scout-titans\/\" \/>\n<meta property=\"og:site_name\" content=\"Coccigames\" \/>\n<meta property=\"article:modified_time\" content=\"2026-04-06T07:28:32+00:00\" \/>\n<meta property=\"og:image\" content=\"https:\/\/www.coccigames.com\/wp-content\/uploads\/2025\/12\/99122699022_DireWolfHeavyScoutTitans7.jpg\" \/>\n\t<meta property=\"og:image:width\" content=\"918\" \/>\n\t<meta property=\"og:image:height\" content=\"948\" \/>\n\t<meta property=\"og:image:type\" content=\"image\/jpeg\" \/>\n<meta name=\"twitter:card\" content=\"summary_large_image\" \/>\n<meta name=\"twitter:label1\" content=\"Dur\u00e9e de lecture estim\u00e9e\" \/>\n\t<meta name=\"twitter:data1\" content=\"2 minutes\" \/>\n<script type=\"application\/ld+json\" class=\"yoast-schema-graph\">{\"@context\":\"https:\/\/schema.org\",\"@graph\":[{\"@type\":\"WebPage\",\"@id\":\"https:\/\/www.coccigames.com\/index.php\/produit\/dire-wolf-heavy-scout-titans\/\",\"url\":\"https:\/\/www.coccigames.com\/index.php\/produit\/dire-wolf-heavy-scout-titans\/\",\"name\":\"DIRE WOLF HEAVY SCOUT TITANS - Coccigames\",\"isPartOf\":{\"@id\":\"https:\/\/www.coccigames.com\/#website\"},\"primaryImageOfPage\":{\"@id\":\"https:\/\/www.coccigames.com\/index.php\/produit\/dire-wolf-heavy-scout-titans\/#primaryimage\"},\"image\":{\"@id\":\"https:\/\/www.coccigames.com\/index.php\/produit\/dire-wolf-heavy-scout-titans\/#primaryimage\"},\"thumbnailUrl\":\"https:\/\/www.coccigames.com\/wp-content\/uploads\/2025\/12\/99122699022_DireWolfHeavyScoutTitans7.jpg\",\"datePublished\":\"2025-12-20T12:22:33+00:00\",\"dateModified\":\"2026-04-06T07:28:32+00:00\",\"breadcrumb\":{\"@id\":\"https:\/\/www.coccigames.com\/index.php\/produit\/dire-wolf-heavy-scout-titans\/#breadcrumb\"},\"inLanguage\":\"fr-FR\",\"potentialAction\":[{\"@type\":\"ReadAction\",\"target\":[\"https:\/\/www.coccigames.com\/index.php\/produit\/dire-wolf-heavy-scout-titans\/\"]}]},{\"@type\":\"ImageObject\",\"inLanguage\":\"fr-FR\",\"@id\":\"https:\/\/www.coccigames.com\/index.php\/produit\/dire-wolf-heavy-scout-titans\/#primaryimage\",\"url\":\"https:\/\/www.coccigames.com\/wp-content\/uploads\/2025\/12\/99122699022_DireWolfHeavyScoutTitans7.jpg\",\"contentUrl\":\"https:\/\/www.coccigames.com\/wp-content\/uploads\/2025\/12\/99122699022_DireWolfHeavyScoutTitans7.jpg\",\"width\":918,\"height\":948},{\"@type\":\"BreadcrumbList\",\"@id\":\"https:\/\/www.coccigames.com\/index.php\/produit\/dire-wolf-heavy-scout-titans\/#breadcrumb\",\"itemListElement\":[{\"@type\":\"ListItem\",\"position\":1,\"name\":\"Accueil\",\"item\":\"https:\/\/www.coccigames.com\/\"},{\"@type\":\"ListItem\",\"position\":2,\"name\":\"Boutique\",\"item\":\"https:\/\/www.coccigames.com\/index.php\/boutique\/\"},{\"@type\":\"ListItem\",\"position\":3,\"name\":\"DIRE WOLF HEAVY SCOUT TITANS\"}]},{\"@type\":\"WebSite\",\"@id\":\"https:\/\/www.coccigames.com\/#website\",\"url\":\"https:\/\/www.coccigames.com\/\",\"name\":\"Coccigames - Figurines et Peintures\",\"description\":\"Figurines et Peintures\",\"publisher\":{\"@id\":\"https:\/\/www.coccigames.com\/#organization\"},\"potentialAction\":[{\"@type\":\"SearchAction\",\"target\":{\"@type\":\"EntryPoint\",\"urlTemplate\":\"https:\/\/www.coccigames.com\/?s={search_term_string}\"},\"query-input\":{\"@type\":\"PropertyValueSpecification\",\"valueRequired\":true,\"valueName\":\"search_term_string\"}}],\"inLanguage\":\"fr-FR\"},{\"@type\":\"Organization\",\"@id\":\"https:\/\/www.coccigames.com\/#organization\",\"name\":\"Coccigames\",\"url\":\"https:\/\/www.coccigames.com\/\",\"logo\":{\"@type\":\"ImageObject\",\"inLanguage\":\"fr-FR\",\"@id\":\"https:\/\/www.coccigames.com\/#\/schema\/logo\/image\/\",\"url\":\"https:\/\/www.coccigames.com\/wp-content\/uploads\/2025\/12\/coccigames_logo_v5.png\",\"contentUrl\":\"https:\/\/www.coccigames.com\/wp-content\/uploads\/2025\/12\/coccigames_logo_v5.png\",\"width\":1768,\"height\":424,\"caption\":\"Coccigames\"},\"image\":{\"@id\":\"https:\/\/www.coccigames.com\/#\/schema\/logo\/image\/\"}}]}<\/script>\n<!-- \/ Yoast SEO plugin. -->","yoast_head_json":{"title":"DIRE WOLF HEAVY SCOUT TITANS - Coccigames","robots":{"index":"index","follow":"follow","max-snippet":"max-snippet:-1","max-image-preview":"max-image-preview:large","max-video-preview":"max-video-preview:-1"},"canonical":"https:\/\/www.coccigames.com\/index.php\/produit\/dire-wolf-heavy-scout-titans\/","og_locale":"fr_FR","og_type":"article","og_title":"DIRE WOLF HEAVY SCOUT TITANS - Coccigames","og_description":"Les Titans de Reconnaissance Lourds Dire Wolf sont plus robustes et plus lourdement amr\u00e9s que leurs cousins Warhounds et sont charg\u00e9s de tendre des embuscades au sein des groupes de combats des L\u00e9gions Titaniques. Les Dire Wolves se tiennent pr\u00eats dans leurs positions avanc\u00e9es pour&hellip;","og_url":"https:\/\/www.coccigames.com\/index.php\/produit\/dire-wolf-heavy-scout-titans\/","og_site_name":"Coccigames","article_modified_time":"2026-04-06T07:28:32+00:00","og_image":[{"width":918,"height":948,"url":"https:\/\/www.coccigames.com\/wp-content\/uploads\/2025\/12\/99122699022_DireWolfHeavyScoutTitans7.jpg","type":"image\/jpeg"}],"twitter_card":"summary_large_image","twitter_misc":{"Dur\u00e9e de lecture estim\u00e9e":"2 minutes"},"schema":{"@context":"https:\/\/schema.org","@graph":[{"@type":"WebPage","@id":"https:\/\/www.coccigames.com\/index.php\/produit\/dire-wolf-heavy-scout-titans\/","url":"https:\/\/www.coccigames.com\/index.php\/produit\/dire-wolf-heavy-scout-titans\/","name":"DIRE WOLF HEAVY SCOUT TITANS - Coccigames","isPartOf":{"@id":"https:\/\/www.coccigames.com\/#website"},"primaryImageOfPage":{"@id":"https:\/\/www.coccigames.com\/index.php\/produit\/dire-wolf-heavy-scout-titans\/#primaryimage"},"image":{"@id":"https:\/\/www.coccigames.com\/index.php\/produit\/dire-wolf-heavy-scout-titans\/#primaryimage"},"thumbnailUrl":"https:\/\/www.coccigames.com\/wp-content\/uploads\/2025\/12\/99122699022_DireWolfHeavyScoutTitans7.jpg","datePublished":"2025-12-20T12:22:33+00:00","dateModified":"2026-04-06T07:28:32+00:00","breadcrumb":{"@id":"https:\/\/www.coccigames.com\/index.php\/produit\/dire-wolf-heavy-scout-titans\/#breadcrumb"},"inLanguage":"fr-FR","potentialAction":[{"@type":"ReadAction","target":["https:\/\/www.coccigames.com\/index.php\/produit\/dire-wolf-heavy-scout-titans\/"]}]},{"@type":"ImageObject","inLanguage":"fr-FR","@id":"https:\/\/www.coccigames.com\/index.php\/produit\/dire-wolf-heavy-scout-titans\/#primaryimage","url":"https:\/\/www.coccigames.com\/wp-content\/uploads\/2025\/12\/99122699022_DireWolfHeavyScoutTitans7.jpg","contentUrl":"https:\/\/www.coccigames.com\/wp-content\/uploads\/2025\/12\/99122699022_DireWolfHeavyScoutTitans7.jpg","width":918,"height":948},{"@type":"BreadcrumbList","@id":"https:\/\/www.coccigames.com\/index.php\/produit\/dire-wolf-heavy-scout-titans\/#breadcrumb","itemListElement":[{"@type":"ListItem","position":1,"name":"Accueil","item":"https:\/\/www.coccigames.com\/"},{"@type":"ListItem","position":2,"name":"Boutique","item":"https:\/\/www.coccigames.com\/index.php\/boutique\/"},{"@type":"ListItem","position":3,"name":"DIRE WOLF HEAVY SCOUT TITANS"}]},{"@type":"WebSite","@id":"https:\/\/www.coccigames.com\/#website","url":"https:\/\/www.coccigames.com\/","name":"Coccigames - Figurines et Peintures","description":"Figurines et Peintures","publisher":{"@id":"https:\/\/www.coccigames.com\/#organization"},"potentialAction":[{"@type":"SearchAction","target":{"@type":"EntryPoint","urlTemplate":"https:\/\/www.coccigames.com\/?s={search_term_string}"},"query-input":{"@type":"PropertyValueSpecification","valueRequired":true,"valueName":"search_term_string"}}],"inLanguage":"fr-FR"},{"@type":"Organization","@id":"https:\/\/www.coccigames.com\/#organization","name":"Coccigames","url":"https:\/\/www.coccigames.com\/","logo":{"@type":"ImageObject","inLanguage":"fr-FR","@id":"https:\/\/www.coccigames.com\/#\/schema\/logo\/image\/","url":"https:\/\/www.coccigames.com\/wp-content\/uploads\/2025\/12\/coccigames_logo_v5.png","contentUrl":"https:\/\/www.coccigames.com\/wp-content\/uploads\/2025\/12\/coccigames_logo_v5.png","width":1768,"height":424,"caption":"Coccigames"},"image":{"@id":"https:\/\/www.coccigames.com\/#\/schema\/logo\/image\/"}}]}},"_links":{"self":[{"href":"https:\/\/www.coccigames.com\/index.php\/wp-json\/wp\/v2\/product\/13029","targetHints":{"allow":["GET"]}}],"collection":[{"href":"https:\/\/www.coccigames.com\/index.php\/wp-json\/wp\/v2\/product"}],"about":[{"href":"https:\/\/www.coccigames.com\/index.php\/wp-json\/wp\/v2\/types\/product"}],"replies":[{"embeddable":true,"href":"https:\/\/www.coccigames.com\/index.php\/wp-json\/wp\/v2\/comments?post=13029"}],"wp:featuredmedia":[{"embeddable":true,"href":"https:\/\/www.coccigames.com\/index.php\/wp-json\/wp\/v2\/media\/13207"}],"wp:attachment":[{"href":"https:\/\/www.coccigames.com\/index.php\/wp-json\/wp\/v2\/media?parent=13029"}],"wp:term":[{"taxonomy":"product_brand","embeddable":true,"href":"https:\/\/www.coccigames.com\/index.php\/wp-json\/wp\/v2\/product_brand?post=13029"},{"taxonomy":"product_cat","embeddable":true,"href":"https:\/\/www.coccigames.com\/index.php\/wp-json\/wp\/v2\/product_cat?post=13029"},{"taxonomy":"product_tag","embeddable":true,"href":"https:\/\/www.coccigames.com\/index.php\/wp-json\/wp\/v2\/product_tag?post=13029"}],"curies":[{"name":"wp","href":"https:\/\/api.w.org\/{rel}","templated":true}]}}