{"id":13027,"date":"2025-12-20T13:22:32","date_gmt":"2025-12-20T12:22:32","guid":{"rendered":"https:\/\/www.coccigames.com\/index.php\/produit\/warmaster-heavy-battle-titan\/"},"modified":"2026-04-06T09:28:32","modified_gmt":"2026-04-06T07:28:32","slug":"warmaster-heavy-battle-titan","status":"publish","type":"product","link":"https:\/\/www.coccigames.com\/index.php\/produit\/warmaster-heavy-battle-titan\/","title":{"rendered":"WARMASTER HEAVY BATTLE TITAN"},"content":{"rendered":"<p>les Titans Lourds Warmaster sont l&rsquo;incarnation de l&rsquo;ire de l&rsquo;Omnimessie. Jadis dissimul\u00e9es aux regards indiscrets, ces machines de guerre ont \u00e9t\u00e9 d\u00e9ploy\u00e9es au cours des jours sombres de l&rsquo;H\u00e9r\u00e9sie d&rsquo;Horus. Bien que tr\u00e8s rares, les Warmaster annoncent par le seul grondement de leurs pas le funeste destin qui attend leurs ennemis, car rares sont les choses capables de s&rsquo;opposer \u00e0 leur fureur.<\/p>\n<p>Ce kit plastique permet d&rsquo;assembler un Warmaster Heavy Battle Titan \u00e0 l&rsquo;\u00e9chelle epic. Cette \u00e9norme figurine est arm\u00e9e de deux destructeurs \u00e0 plasma de classe Suzerain d\u00e9vastateurs, ainsi que d&rsquo;un<\/p>\n","protected":false},"excerpt":{"rendered":"<p>les Titans Lourds Warmaster sont l&rsquo;incarnation de l&rsquo;ire de l&rsquo;Omnimessie. Jadis dissimul\u00e9es aux regards indiscrets, ces machines de guerre ont \u00e9t\u00e9 d\u00e9ploy\u00e9es au cours des jours sombres de l&rsquo;H\u00e9r\u00e9sie d&rsquo;Horus. Bien que tr\u00e8s rares, les Warmaster annoncent par le seul grondement de leurs pas le&hellip;<\/p>\n","protected":false},"featured_media":13111,"comment_status":"open","ping_status":"closed","template":"","meta":[],"product_brand":[23],"product_cat":[6200],"product_tag":[6184,6201],"class_list":{"0":"post-13027","1":"product","2":"type-product","3":"status-publish","4":"has-post-thumbnail","6":"product_brand-games-workshop","7":"product_cat-titans","8":"product_tag-legion-imperialis","9":"product_tag-titans","11":"first","12":"onbackorder","13":"sale","14":"featured","15":"taxable","16":"shipping-taxable","17":"purchasable","18":"product-type-simple"},"yoast_head":"<!-- This site is optimized with the Yoast SEO plugin v26.4 - https:\/\/yoast.com\/wordpress\/plugins\/seo\/ -->\n<title>WARMASTER HEAVY BATTLE TITAN - Coccigames<\/title>\n<meta name=\"robots\" content=\"index, follow, max-snippet:-1, max-image-preview:large, max-video-preview:-1\" \/>\n<link rel=\"canonical\" href=\"https:\/\/www.coccigames.com\/index.php\/produit\/warmaster-heavy-battle-titan\/\" \/>\n<meta property=\"og:locale\" content=\"fr_FR\" \/>\n<meta property=\"og:type\" content=\"article\" \/>\n<meta property=\"og:title\" content=\"WARMASTER HEAVY BATTLE TITAN - Coccigames\" \/>\n<meta property=\"og:description\" content=\"les Titans Lourds Warmaster sont l&rsquo;incarnation de l&rsquo;ire de l&rsquo;Omnimessie. Jadis dissimul\u00e9es aux regards indiscrets, ces machines de guerre ont \u00e9t\u00e9 d\u00e9ploy\u00e9es au cours des jours sombres de l&rsquo;H\u00e9r\u00e9sie d&rsquo;Horus. Bien que tr\u00e8s rares, les Warmaster annoncent par le seul grondement de leurs pas le&hellip;\" \/>\n<meta property=\"og:url\" content=\"https:\/\/www.coccigames.com\/index.php\/produit\/warmaster-heavy-battle-titan\/\" \/>\n<meta property=\"og:site_name\" content=\"Coccigames\" \/>\n<meta property=\"article:modified_time\" content=\"2026-04-06T07:28:32+00:00\" \/>\n<meta property=\"og:image\" content=\"https:\/\/www.coccigames.com\/wp-content\/uploads\/2025\/12\/99282699010_WarmasterHeavyBattleTitanPlasmaDestructors7.jpg\" \/>\n\t<meta property=\"og:image:width\" content=\"918\" \/>\n\t<meta property=\"og:image:height\" content=\"948\" \/>\n\t<meta property=\"og:image:type\" content=\"image\/jpeg\" \/>\n<meta name=\"twitter:card\" content=\"summary_large_image\" \/>\n<meta name=\"twitter:label1\" content=\"Dur\u00e9e de lecture estim\u00e9e\" \/>\n\t<meta name=\"twitter:data1\" content=\"1 minute\" \/>\n<script type=\"application\/ld+json\" class=\"yoast-schema-graph\">{\"@context\":\"https:\/\/schema.org\",\"@graph\":[{\"@type\":\"WebPage\",\"@id\":\"https:\/\/www.coccigames.com\/index.php\/produit\/warmaster-heavy-battle-titan\/\",\"url\":\"https:\/\/www.coccigames.com\/index.php\/produit\/warmaster-heavy-battle-titan\/\",\"name\":\"WARMASTER HEAVY BATTLE TITAN - Coccigames\",\"isPartOf\":{\"@id\":\"https:\/\/www.coccigames.com\/#website\"},\"primaryImageOfPage\":{\"@id\":\"https:\/\/www.coccigames.com\/index.php\/produit\/warmaster-heavy-battle-titan\/#primaryimage\"},\"image\":{\"@id\":\"https:\/\/www.coccigames.com\/index.php\/produit\/warmaster-heavy-battle-titan\/#primaryimage\"},\"thumbnailUrl\":\"https:\/\/www.coccigames.com\/wp-content\/uploads\/2025\/12\/99282699010_WarmasterHeavyBattleTitanPlasmaDestructors7.jpg\",\"datePublished\":\"2025-12-20T12:22:32+00:00\",\"dateModified\":\"2026-04-06T07:28:32+00:00\",\"breadcrumb\":{\"@id\":\"https:\/\/www.coccigames.com\/index.php\/produit\/warmaster-heavy-battle-titan\/#breadcrumb\"},\"inLanguage\":\"fr-FR\",\"potentialAction\":[{\"@type\":\"ReadAction\",\"target\":[\"https:\/\/www.coccigames.com\/index.php\/produit\/warmaster-heavy-battle-titan\/\"]}]},{\"@type\":\"ImageObject\",\"inLanguage\":\"fr-FR\",\"@id\":\"https:\/\/www.coccigames.com\/index.php\/produit\/warmaster-heavy-battle-titan\/#primaryimage\",\"url\":\"https:\/\/www.coccigames.com\/wp-content\/uploads\/2025\/12\/99282699010_WarmasterHeavyBattleTitanPlasmaDestructors7.jpg\",\"contentUrl\":\"https:\/\/www.coccigames.com\/wp-content\/uploads\/2025\/12\/99282699010_WarmasterHeavyBattleTitanPlasmaDestructors7.jpg\",\"width\":918,\"height\":948},{\"@type\":\"BreadcrumbList\",\"@id\":\"https:\/\/www.coccigames.com\/index.php\/produit\/warmaster-heavy-battle-titan\/#breadcrumb\",\"itemListElement\":[{\"@type\":\"ListItem\",\"position\":1,\"name\":\"Accueil\",\"item\":\"https:\/\/www.coccigames.com\/\"},{\"@type\":\"ListItem\",\"position\":2,\"name\":\"Boutique\",\"item\":\"https:\/\/www.coccigames.com\/index.php\/boutique\/\"},{\"@type\":\"ListItem\",\"position\":3,\"name\":\"WARMASTER HEAVY BATTLE TITAN\"}]},{\"@type\":\"WebSite\",\"@id\":\"https:\/\/www.coccigames.com\/#website\",\"url\":\"https:\/\/www.coccigames.com\/\",\"name\":\"Coccigames - Figurines et Peintures\",\"description\":\"Figurines et Peintures\",\"publisher\":{\"@id\":\"https:\/\/www.coccigames.com\/#organization\"},\"potentialAction\":[{\"@type\":\"SearchAction\",\"target\":{\"@type\":\"EntryPoint\",\"urlTemplate\":\"https:\/\/www.coccigames.com\/?s={search_term_string}\"},\"query-input\":{\"@type\":\"PropertyValueSpecification\",\"valueRequired\":true,\"valueName\":\"search_term_string\"}}],\"inLanguage\":\"fr-FR\"},{\"@type\":\"Organization\",\"@id\":\"https:\/\/www.coccigames.com\/#organization\",\"name\":\"Coccigames\",\"url\":\"https:\/\/www.coccigames.com\/\",\"logo\":{\"@type\":\"ImageObject\",\"inLanguage\":\"fr-FR\",\"@id\":\"https:\/\/www.coccigames.com\/#\/schema\/logo\/image\/\",\"url\":\"https:\/\/www.coccigames.com\/wp-content\/uploads\/2025\/12\/coccigames_logo_v5.png\",\"contentUrl\":\"https:\/\/www.coccigames.com\/wp-content\/uploads\/2025\/12\/coccigames_logo_v5.png\",\"width\":1768,\"height\":424,\"caption\":\"Coccigames\"},\"image\":{\"@id\":\"https:\/\/www.coccigames.com\/#\/schema\/logo\/image\/\"}}]}<\/script>\n<!-- \/ Yoast SEO plugin. -->","yoast_head_json":{"title":"WARMASTER HEAVY BATTLE TITAN - Coccigames","robots":{"index":"index","follow":"follow","max-snippet":"max-snippet:-1","max-image-preview":"max-image-preview:large","max-video-preview":"max-video-preview:-1"},"canonical":"https:\/\/www.coccigames.com\/index.php\/produit\/warmaster-heavy-battle-titan\/","og_locale":"fr_FR","og_type":"article","og_title":"WARMASTER HEAVY BATTLE TITAN - Coccigames","og_description":"les Titans Lourds Warmaster sont l&rsquo;incarnation de l&rsquo;ire de l&rsquo;Omnimessie. Jadis dissimul\u00e9es aux regards indiscrets, ces machines de guerre ont \u00e9t\u00e9 d\u00e9ploy\u00e9es au cours des jours sombres de l&rsquo;H\u00e9r\u00e9sie d&rsquo;Horus. Bien que tr\u00e8s rares, les Warmaster annoncent par le seul grondement de leurs pas le&hellip;","og_url":"https:\/\/www.coccigames.com\/index.php\/produit\/warmaster-heavy-battle-titan\/","og_site_name":"Coccigames","article_modified_time":"2026-04-06T07:28:32+00:00","og_image":[{"width":918,"height":948,"url":"https:\/\/www.coccigames.com\/wp-content\/uploads\/2025\/12\/99282699010_WarmasterHeavyBattleTitanPlasmaDestructors7.jpg","type":"image\/jpeg"}],"twitter_card":"summary_large_image","twitter_misc":{"Dur\u00e9e de lecture estim\u00e9e":"1 minute"},"schema":{"@context":"https:\/\/schema.org","@graph":[{"@type":"WebPage","@id":"https:\/\/www.coccigames.com\/index.php\/produit\/warmaster-heavy-battle-titan\/","url":"https:\/\/www.coccigames.com\/index.php\/produit\/warmaster-heavy-battle-titan\/","name":"WARMASTER HEAVY BATTLE TITAN - Coccigames","isPartOf":{"@id":"https:\/\/www.coccigames.com\/#website"},"primaryImageOfPage":{"@id":"https:\/\/www.coccigames.com\/index.php\/produit\/warmaster-heavy-battle-titan\/#primaryimage"},"image":{"@id":"https:\/\/www.coccigames.com\/index.php\/produit\/warmaster-heavy-battle-titan\/#primaryimage"},"thumbnailUrl":"https:\/\/www.coccigames.com\/wp-content\/uploads\/2025\/12\/99282699010_WarmasterHeavyBattleTitanPlasmaDestructors7.jpg","datePublished":"2025-12-20T12:22:32+00:00","dateModified":"2026-04-06T07:28:32+00:00","breadcrumb":{"@id":"https:\/\/www.coccigames.com\/index.php\/produit\/warmaster-heavy-battle-titan\/#breadcrumb"},"inLanguage":"fr-FR","potentialAction":[{"@type":"ReadAction","target":["https:\/\/www.coccigames.com\/index.php\/produit\/warmaster-heavy-battle-titan\/"]}]},{"@type":"ImageObject","inLanguage":"fr-FR","@id":"https:\/\/www.coccigames.com\/index.php\/produit\/warmaster-heavy-battle-titan\/#primaryimage","url":"https:\/\/www.coccigames.com\/wp-content\/uploads\/2025\/12\/99282699010_WarmasterHeavyBattleTitanPlasmaDestructors7.jpg","contentUrl":"https:\/\/www.coccigames.com\/wp-content\/uploads\/2025\/12\/99282699010_WarmasterHeavyBattleTitanPlasmaDestructors7.jpg","width":918,"height":948},{"@type":"BreadcrumbList","@id":"https:\/\/www.coccigames.com\/index.php\/produit\/warmaster-heavy-battle-titan\/#breadcrumb","itemListElement":[{"@type":"ListItem","position":1,"name":"Accueil","item":"https:\/\/www.coccigames.com\/"},{"@type":"ListItem","position":2,"name":"Boutique","item":"https:\/\/www.coccigames.com\/index.php\/boutique\/"},{"@type":"ListItem","position":3,"name":"WARMASTER HEAVY BATTLE TITAN"}]},{"@type":"WebSite","@id":"https:\/\/www.coccigames.com\/#website","url":"https:\/\/www.coccigames.com\/","name":"Coccigames - Figurines et Peintures","description":"Figurines et Peintures","publisher":{"@id":"https:\/\/www.coccigames.com\/#organization"},"potentialAction":[{"@type":"SearchAction","target":{"@type":"EntryPoint","urlTemplate":"https:\/\/www.coccigames.com\/?s={search_term_string}"},"query-input":{"@type":"PropertyValueSpecification","valueRequired":true,"valueName":"search_term_string"}}],"inLanguage":"fr-FR"},{"@type":"Organization","@id":"https:\/\/www.coccigames.com\/#organization","name":"Coccigames","url":"https:\/\/www.coccigames.com\/","logo":{"@type":"ImageObject","inLanguage":"fr-FR","@id":"https:\/\/www.coccigames.com\/#\/schema\/logo\/image\/","url":"https:\/\/www.coccigames.com\/wp-content\/uploads\/2025\/12\/coccigames_logo_v5.png","contentUrl":"https:\/\/www.coccigames.com\/wp-content\/uploads\/2025\/12\/coccigames_logo_v5.png","width":1768,"height":424,"caption":"Coccigames"},"image":{"@id":"https:\/\/www.coccigames.com\/#\/schema\/logo\/image\/"}}]}},"_links":{"self":[{"href":"https:\/\/www.coccigames.com\/index.php\/wp-json\/wp\/v2\/product\/13027","targetHints":{"allow":["GET"]}}],"collection":[{"href":"https:\/\/www.coccigames.com\/index.php\/wp-json\/wp\/v2\/product"}],"about":[{"href":"https:\/\/www.coccigames.com\/index.php\/wp-json\/wp\/v2\/types\/product"}],"replies":[{"embeddable":true,"href":"https:\/\/www.coccigames.com\/index.php\/wp-json\/wp\/v2\/comments?post=13027"}],"wp:featuredmedia":[{"embeddable":true,"href":"https:\/\/www.coccigames.com\/index.php\/wp-json\/wp\/v2\/media\/13111"}],"wp:attachment":[{"href":"https:\/\/www.coccigames.com\/index.php\/wp-json\/wp\/v2\/media?parent=13027"}],"wp:term":[{"taxonomy":"product_brand","embeddable":true,"href":"https:\/\/www.coccigames.com\/index.php\/wp-json\/wp\/v2\/product_brand?post=13027"},{"taxonomy":"product_cat","embeddable":true,"href":"https:\/\/www.coccigames.com\/index.php\/wp-json\/wp\/v2\/product_cat?post=13027"},{"taxonomy":"product_tag","embeddable":true,"href":"https:\/\/www.coccigames.com\/index.php\/wp-json\/wp\/v2\/product_tag?post=13027"}],"curies":[{"name":"wp","href":"https:\/\/api.w.org\/{rel}","templated":true}]}}