{"id":13026,"date":"2025-12-20T13:22:31","date_gmt":"2025-12-20T12:22:31","guid":{"rendered":"https:\/\/www.coccigames.com\/index.php\/produit\/warbringer-nemesis-titan\/"},"modified":"2026-04-06T09:28:31","modified_gmt":"2026-04-06T07:28:31","slug":"warbringer-nemesis-titan","status":"publish","type":"product","link":"https:\/\/www.coccigames.com\/index.php\/produit\/warbringer-nemesis-titan\/","title":{"rendered":"WARBRINGER NEMESIS TITAN"},"content":{"rendered":"<p>Le Titan Warbringer nemesis assure au sein des Collegia Titanica un r\u00f4le d&rsquo;appui feu lourd. Il est \u00e9quip\u00e9 d&rsquo;une arme de classe Warlord sur sa carapace sup\u00e9rieur et d&rsquo;armes de classe Reaver sur ses bras. Il sacrifie donc la rapidit\u00e9, le blindage et la man\u0153uvrabilit\u00e9 d&rsquo;un Titant de Bataille conventionnel en faveur d&rsquo;une puissance de feu bien sup\u00e9rieure \u00e0 ce que laisse penser sa taille. Avec un canon Quake Mori tirant des obus \u00e0 la puissace \u00e9sot\u00e9rique, le Warbringer Nemesis inspire la terreur \u00e0 tous les Princeps ennemis, sinon les plus endurcis.<\/p>\n<p>Ce kit plastique permet d&rsquo;assembler un Warbringer Nemesis Titan \u00e0 l&rsquo;\u00e9chelle epic. Cette puissante machine divine est d&rsquo;une taille entre celle d&rsquo;un Reaver et celle d&rsquo;un Warlord. Le kit contient un \u00e9norme canon Quake Mori de carapace ainsi que deux armes de bras plus petites: un canon Volcano et un \u00e9clateur laser. En plus de ces armes principales, le Warbringer Nemesis est dot\u00e9 de deux canons \u00e0 bolts Mauler mont\u00e9s sur son torse, ainsi que de deux batteries de d\u00e9fense mont\u00e9es sur le dessus de sa coque.<\/p>\n<p>Ce kit propose de nombreux d\u00e9tails et offre de nombreuses mani\u00e8res de personnaliser votre Titan. Vous trouverez des boucliers h\u00e9raldiques et diff\u00e9rents styles de plaques de blindage sculpt\u00e9es de motifs. Le kit pr\u00e9sente des articulations \u00e0 diff\u00e9rents endroits, ce qui vous permet de choisir la position de votre Titan au niveau de la t\u00eate, des genoux, de la taille et bien plus. Ses batteries de d\u00e9fense et son arme de carapace sont \u00e9galement ajustables, ce qui signifie que vous pouvez les faire viser l\u00e0 o\u00f9 vous voulez, voire les assembler sans colle pour les repositionner en cours de partie.<\/p>\n<p><strong>Ce set contient:<\/strong><\/p>\n<p>&#8211; 1x Warmaster Iconoclast Heavy Battle Titan<\/p>\n<p>&#8211; 1x \u00e9clateur laser Reaver<\/p>\n<p>&#8211; 1x canon Volcano reaver<\/p>\n<p>&#8211; 1x canon Quake Mori<\/p>\n<p>&#8211; 1x Socle Ovale Legions Imperialis de 105mm<\/p>\n<p>&#8211; 1x Planche de D\u00e9calcos de Titan Warbringer Nemesis Adeptus Titanicus<\/p>\n<p>&#8211; 1x Terminal de Commande de Warmaster Titan Adeptus Titanicus<\/p>\n<p>&#8211; 3x Cartes d&rsquo;Arme de Warbringer Nemesis Titan<\/p>\n","protected":false},"excerpt":{"rendered":"<p>Le Titan Warbringer nemesis assure au sein des Collegia Titanica un r\u00f4le d&rsquo;appui feu lourd. Il est \u00e9quip\u00e9 d&rsquo;une arme de classe Warlord sur sa carapace sup\u00e9rieur et d&rsquo;armes de classe Reaver sur ses bras. Il sacrifie donc la rapidit\u00e9, le blindage et la man\u0153uvrabilit\u00e9&hellip;<\/p>\n","protected":false},"featured_media":13162,"comment_status":"open","ping_status":"closed","template":"","meta":[],"product_brand":[23],"product_cat":[6200],"product_tag":[6184,6201],"class_list":{"0":"post-13026","1":"product","2":"type-product","3":"status-publish","4":"has-post-thumbnail","6":"product_brand-games-workshop","7":"product_cat-titans","8":"product_tag-legion-imperialis","9":"product_tag-titans","11":"first","12":"onbackorder","13":"sale","14":"taxable","15":"shipping-taxable","16":"purchasable","17":"product-type-simple"},"yoast_head":"<!-- This site is optimized with the Yoast SEO plugin v26.4 - https:\/\/yoast.com\/wordpress\/plugins\/seo\/ -->\n<title>WARBRINGER NEMESIS TITAN - Coccigames<\/title>\n<meta name=\"robots\" content=\"index, follow, max-snippet:-1, max-image-preview:large, max-video-preview:-1\" \/>\n<link rel=\"canonical\" href=\"https:\/\/www.coccigames.com\/index.php\/produit\/warbringer-nemesis-titan\/\" \/>\n<meta property=\"og:locale\" content=\"fr_FR\" \/>\n<meta property=\"og:type\" content=\"article\" \/>\n<meta property=\"og:title\" content=\"WARBRINGER NEMESIS TITAN - Coccigames\" \/>\n<meta property=\"og:description\" content=\"Le Titan Warbringer nemesis assure au sein des Collegia Titanica un r\u00f4le d&rsquo;appui feu lourd. Il est \u00e9quip\u00e9 d&rsquo;une arme de classe Warlord sur sa carapace sup\u00e9rieur et d&rsquo;armes de classe Reaver sur ses bras. Il sacrifie donc la rapidit\u00e9, le blindage et la man\u0153uvrabilit\u00e9&hellip;\" \/>\n<meta property=\"og:url\" content=\"https:\/\/www.coccigames.com\/index.php\/produit\/warbringer-nemesis-titan\/\" \/>\n<meta property=\"og:site_name\" content=\"Coccigames\" \/>\n<meta property=\"article:modified_time\" content=\"2026-04-06T07:28:31+00:00\" \/>\n<meta property=\"og:image\" content=\"https:\/\/www.coccigames.com\/wp-content\/uploads\/2025\/12\/99122699027_WarbringerNemesisTitan7.jpg\" \/>\n\t<meta property=\"og:image:width\" content=\"918\" \/>\n\t<meta property=\"og:image:height\" content=\"948\" \/>\n\t<meta property=\"og:image:type\" content=\"image\/jpeg\" \/>\n<meta name=\"twitter:card\" content=\"summary_large_image\" \/>\n<meta name=\"twitter:label1\" content=\"Dur\u00e9e de lecture estim\u00e9e\" \/>\n\t<meta name=\"twitter:data1\" content=\"2 minutes\" \/>\n<script type=\"application\/ld+json\" class=\"yoast-schema-graph\">{\"@context\":\"https:\/\/schema.org\",\"@graph\":[{\"@type\":\"WebPage\",\"@id\":\"https:\/\/www.coccigames.com\/index.php\/produit\/warbringer-nemesis-titan\/\",\"url\":\"https:\/\/www.coccigames.com\/index.php\/produit\/warbringer-nemesis-titan\/\",\"name\":\"WARBRINGER NEMESIS TITAN - Coccigames\",\"isPartOf\":{\"@id\":\"https:\/\/www.coccigames.com\/#website\"},\"primaryImageOfPage\":{\"@id\":\"https:\/\/www.coccigames.com\/index.php\/produit\/warbringer-nemesis-titan\/#primaryimage\"},\"image\":{\"@id\":\"https:\/\/www.coccigames.com\/index.php\/produit\/warbringer-nemesis-titan\/#primaryimage\"},\"thumbnailUrl\":\"https:\/\/www.coccigames.com\/wp-content\/uploads\/2025\/12\/99122699027_WarbringerNemesisTitan7.jpg\",\"datePublished\":\"2025-12-20T12:22:31+00:00\",\"dateModified\":\"2026-04-06T07:28:31+00:00\",\"breadcrumb\":{\"@id\":\"https:\/\/www.coccigames.com\/index.php\/produit\/warbringer-nemesis-titan\/#breadcrumb\"},\"inLanguage\":\"fr-FR\",\"potentialAction\":[{\"@type\":\"ReadAction\",\"target\":[\"https:\/\/www.coccigames.com\/index.php\/produit\/warbringer-nemesis-titan\/\"]}]},{\"@type\":\"ImageObject\",\"inLanguage\":\"fr-FR\",\"@id\":\"https:\/\/www.coccigames.com\/index.php\/produit\/warbringer-nemesis-titan\/#primaryimage\",\"url\":\"https:\/\/www.coccigames.com\/wp-content\/uploads\/2025\/12\/99122699027_WarbringerNemesisTitan7.jpg\",\"contentUrl\":\"https:\/\/www.coccigames.com\/wp-content\/uploads\/2025\/12\/99122699027_WarbringerNemesisTitan7.jpg\",\"width\":918,\"height\":948},{\"@type\":\"BreadcrumbList\",\"@id\":\"https:\/\/www.coccigames.com\/index.php\/produit\/warbringer-nemesis-titan\/#breadcrumb\",\"itemListElement\":[{\"@type\":\"ListItem\",\"position\":1,\"name\":\"Accueil\",\"item\":\"https:\/\/www.coccigames.com\/\"},{\"@type\":\"ListItem\",\"position\":2,\"name\":\"Boutique\",\"item\":\"https:\/\/www.coccigames.com\/index.php\/boutique\/\"},{\"@type\":\"ListItem\",\"position\":3,\"name\":\"WARBRINGER NEMESIS TITAN\"}]},{\"@type\":\"WebSite\",\"@id\":\"https:\/\/www.coccigames.com\/#website\",\"url\":\"https:\/\/www.coccigames.com\/\",\"name\":\"Coccigames - Figurines et Peintures\",\"description\":\"Figurines et Peintures\",\"publisher\":{\"@id\":\"https:\/\/www.coccigames.com\/#organization\"},\"potentialAction\":[{\"@type\":\"SearchAction\",\"target\":{\"@type\":\"EntryPoint\",\"urlTemplate\":\"https:\/\/www.coccigames.com\/?s={search_term_string}\"},\"query-input\":{\"@type\":\"PropertyValueSpecification\",\"valueRequired\":true,\"valueName\":\"search_term_string\"}}],\"inLanguage\":\"fr-FR\"},{\"@type\":\"Organization\",\"@id\":\"https:\/\/www.coccigames.com\/#organization\",\"name\":\"Coccigames\",\"url\":\"https:\/\/www.coccigames.com\/\",\"logo\":{\"@type\":\"ImageObject\",\"inLanguage\":\"fr-FR\",\"@id\":\"https:\/\/www.coccigames.com\/#\/schema\/logo\/image\/\",\"url\":\"https:\/\/www.coccigames.com\/wp-content\/uploads\/2025\/12\/coccigames_logo_v5.png\",\"contentUrl\":\"https:\/\/www.coccigames.com\/wp-content\/uploads\/2025\/12\/coccigames_logo_v5.png\",\"width\":1768,\"height\":424,\"caption\":\"Coccigames\"},\"image\":{\"@id\":\"https:\/\/www.coccigames.com\/#\/schema\/logo\/image\/\"}}]}<\/script>\n<!-- \/ Yoast SEO plugin. -->","yoast_head_json":{"title":"WARBRINGER NEMESIS TITAN - Coccigames","robots":{"index":"index","follow":"follow","max-snippet":"max-snippet:-1","max-image-preview":"max-image-preview:large","max-video-preview":"max-video-preview:-1"},"canonical":"https:\/\/www.coccigames.com\/index.php\/produit\/warbringer-nemesis-titan\/","og_locale":"fr_FR","og_type":"article","og_title":"WARBRINGER NEMESIS TITAN - Coccigames","og_description":"Le Titan Warbringer nemesis assure au sein des Collegia Titanica un r\u00f4le d&rsquo;appui feu lourd. Il est \u00e9quip\u00e9 d&rsquo;une arme de classe Warlord sur sa carapace sup\u00e9rieur et d&rsquo;armes de classe Reaver sur ses bras. Il sacrifie donc la rapidit\u00e9, le blindage et la man\u0153uvrabilit\u00e9&hellip;","og_url":"https:\/\/www.coccigames.com\/index.php\/produit\/warbringer-nemesis-titan\/","og_site_name":"Coccigames","article_modified_time":"2026-04-06T07:28:31+00:00","og_image":[{"width":918,"height":948,"url":"https:\/\/www.coccigames.com\/wp-content\/uploads\/2025\/12\/99122699027_WarbringerNemesisTitan7.jpg","type":"image\/jpeg"}],"twitter_card":"summary_large_image","twitter_misc":{"Dur\u00e9e de lecture estim\u00e9e":"2 minutes"},"schema":{"@context":"https:\/\/schema.org","@graph":[{"@type":"WebPage","@id":"https:\/\/www.coccigames.com\/index.php\/produit\/warbringer-nemesis-titan\/","url":"https:\/\/www.coccigames.com\/index.php\/produit\/warbringer-nemesis-titan\/","name":"WARBRINGER NEMESIS TITAN - Coccigames","isPartOf":{"@id":"https:\/\/www.coccigames.com\/#website"},"primaryImageOfPage":{"@id":"https:\/\/www.coccigames.com\/index.php\/produit\/warbringer-nemesis-titan\/#primaryimage"},"image":{"@id":"https:\/\/www.coccigames.com\/index.php\/produit\/warbringer-nemesis-titan\/#primaryimage"},"thumbnailUrl":"https:\/\/www.coccigames.com\/wp-content\/uploads\/2025\/12\/99122699027_WarbringerNemesisTitan7.jpg","datePublished":"2025-12-20T12:22:31+00:00","dateModified":"2026-04-06T07:28:31+00:00","breadcrumb":{"@id":"https:\/\/www.coccigames.com\/index.php\/produit\/warbringer-nemesis-titan\/#breadcrumb"},"inLanguage":"fr-FR","potentialAction":[{"@type":"ReadAction","target":["https:\/\/www.coccigames.com\/index.php\/produit\/warbringer-nemesis-titan\/"]}]},{"@type":"ImageObject","inLanguage":"fr-FR","@id":"https:\/\/www.coccigames.com\/index.php\/produit\/warbringer-nemesis-titan\/#primaryimage","url":"https:\/\/www.coccigames.com\/wp-content\/uploads\/2025\/12\/99122699027_WarbringerNemesisTitan7.jpg","contentUrl":"https:\/\/www.coccigames.com\/wp-content\/uploads\/2025\/12\/99122699027_WarbringerNemesisTitan7.jpg","width":918,"height":948},{"@type":"BreadcrumbList","@id":"https:\/\/www.coccigames.com\/index.php\/produit\/warbringer-nemesis-titan\/#breadcrumb","itemListElement":[{"@type":"ListItem","position":1,"name":"Accueil","item":"https:\/\/www.coccigames.com\/"},{"@type":"ListItem","position":2,"name":"Boutique","item":"https:\/\/www.coccigames.com\/index.php\/boutique\/"},{"@type":"ListItem","position":3,"name":"WARBRINGER NEMESIS TITAN"}]},{"@type":"WebSite","@id":"https:\/\/www.coccigames.com\/#website","url":"https:\/\/www.coccigames.com\/","name":"Coccigames - Figurines et Peintures","description":"Figurines et Peintures","publisher":{"@id":"https:\/\/www.coccigames.com\/#organization"},"potentialAction":[{"@type":"SearchAction","target":{"@type":"EntryPoint","urlTemplate":"https:\/\/www.coccigames.com\/?s={search_term_string}"},"query-input":{"@type":"PropertyValueSpecification","valueRequired":true,"valueName":"search_term_string"}}],"inLanguage":"fr-FR"},{"@type":"Organization","@id":"https:\/\/www.coccigames.com\/#organization","name":"Coccigames","url":"https:\/\/www.coccigames.com\/","logo":{"@type":"ImageObject","inLanguage":"fr-FR","@id":"https:\/\/www.coccigames.com\/#\/schema\/logo\/image\/","url":"https:\/\/www.coccigames.com\/wp-content\/uploads\/2025\/12\/coccigames_logo_v5.png","contentUrl":"https:\/\/www.coccigames.com\/wp-content\/uploads\/2025\/12\/coccigames_logo_v5.png","width":1768,"height":424,"caption":"Coccigames"},"image":{"@id":"https:\/\/www.coccigames.com\/#\/schema\/logo\/image\/"}}]}},"_links":{"self":[{"href":"https:\/\/www.coccigames.com\/index.php\/wp-json\/wp\/v2\/product\/13026","targetHints":{"allow":["GET"]}}],"collection":[{"href":"https:\/\/www.coccigames.com\/index.php\/wp-json\/wp\/v2\/product"}],"about":[{"href":"https:\/\/www.coccigames.com\/index.php\/wp-json\/wp\/v2\/types\/product"}],"replies":[{"embeddable":true,"href":"https:\/\/www.coccigames.com\/index.php\/wp-json\/wp\/v2\/comments?post=13026"}],"wp:featuredmedia":[{"embeddable":true,"href":"https:\/\/www.coccigames.com\/index.php\/wp-json\/wp\/v2\/media\/13162"}],"wp:attachment":[{"href":"https:\/\/www.coccigames.com\/index.php\/wp-json\/wp\/v2\/media?parent=13026"}],"wp:term":[{"taxonomy":"product_brand","embeddable":true,"href":"https:\/\/www.coccigames.com\/index.php\/wp-json\/wp\/v2\/product_brand?post=13026"},{"taxonomy":"product_cat","embeddable":true,"href":"https:\/\/www.coccigames.com\/index.php\/wp-json\/wp\/v2\/product_cat?post=13026"},{"taxonomy":"product_tag","embeddable":true,"href":"https:\/\/www.coccigames.com\/index.php\/wp-json\/wp\/v2\/product_tag?post=13026"}],"curies":[{"name":"wp","href":"https:\/\/api.w.org\/{rel}","templated":true}]}}