{"id":13023,"date":"2025-12-20T13:22:30","date_gmt":"2025-12-20T12:22:30","guid":{"rendered":"https:\/\/www.coccigames.com\/index.php\/produit\/warlord-titan-w-plasma-annihilator\/"},"modified":"2026-04-06T09:28:31","modified_gmt":"2026-04-06T07:28:31","slug":"warlord-titan-w-plasma-annihilator","status":"publish","type":"product","link":"https:\/\/www.coccigames.com\/index.php\/produit\/warlord-titan-w-plasma-annihilator\/","title":{"rendered":"WARLORD TITAN WITH PLASMA ANNIHILATOR AND POWER CLAW"},"content":{"rendered":"<p>Les Titans de Bataille Warlord arpentent les champs de bataille de l&rsquo;H\u00e9r\u00e9sie d&rsquo;Horus, et leurs pas sismiques annoncent la destruction. Piliers des Collegia Titanica, ces Titans comptent parmi les plus grandes machines de guerre jamais con\u00e7ues par le Mechanicum, et ils disposent d&rsquo;un vaste arsenal d&rsquo;armes: les griffes \u00e9nerg\u00e9tiques Arioch \u00e9ventrent les Titans ennemis au corps \u00e0 corps, tandis que les annihilateurs \u00e0 plasma offrent une redoutable puissance de feu \u00e0 port\u00e9e moyenne.<\/p>\n<p>Ce kit permet d&rsquo;assembler un Warlord Battle Titan \u00e0 l&rsquo;\u00e9chelle epic. Cette variante est arm\u00e9e pour le combat \u00e0 port\u00e9e moyenne, avec un annihilateur \u00e0 plasma Sunfury mont\u00e9 sur le bras, une griffe \u00e9nerg\u00e9tique Arioch et un set d&rsquo;\u00e9clateurs laser mont\u00e9s sur la carapace. En plus de ses armes principales, le Warlord dispose \u00e9galement de deux canons \u00e0 bolts Mauler mont\u00e9s sur le torse et d&rsquo;une paire de tourelles \u00e0 canons laser mont\u00e9e \u00e0 l&rsquo;arri\u00e8re.<\/p>\n<p>Ce kit vous propose de nombreuses mani\u00e8res de personnaliser votre Titan. Vous trouverez deux visi\u00e8res diff\u00e9rentes et deux syst\u00e8mes de capteurs diff\u00e9rents pour la t\u00eate, ainsi que trois paires d&rsquo;\u00e9paulettes: une avec le symbole sculpt\u00e9 de la Grande Croisade, une avec l&rsquo;imagerie des Tra\u00eetres et une vierge. Le kit dispose d&rsquo;articulations \u00e0 diff\u00e9rents endroits, ce qui vous permet de changer la position de votre Titan au niveau de la t\u00eate, des genoux, de la taille, et bien plus. Ses armes sont \u00e9galement ajustables pour pouvoir viser l\u00e0 o\u00f9 vous en avez besoin.<\/p>\n<p>Cette figurine peut \u00eatre utilis\u00e9e dans les parties de Legions Imperialis, ainsi que dans les parties d&rsquo;Adeptus Titanicus en vous servant du Terminal de Commandement Adeptus Titanicus inclus.<\/p>\n<p><strong>Ce set contient:<\/strong><\/p>\n<p>&#8211; 1x Warlord Battle Titan<\/p>\n<p>&#8211; 1x annihilateur \u00e0 plasma Sunfury<\/p>\n<p>&#8211; 1x griffe \u00e9nerg\u00e9tique Arioch<\/p>\n<p>&#8211; 1x set d&rsquo;\u00e9clateurs laser jumel\u00e9s<\/p>\n<p>&#8211; 1x Socle Ovale Legions Imperialis de 120mm<\/p>\n<p>&#8211; 1x Planche de D\u00e9calcos de Titan Warlord Adeptus Titanicus<\/p>\n<p>&#8211; 1x Terminal de Commandement de Warlord Titan<\/p>\n<p>&#8211; 7x Cartes d&rsquo;Arme de Warlord Titan<\/p>\n","protected":false},"excerpt":{"rendered":"<p>Les Titans de Bataille Warlord arpentent les champs de bataille de l&rsquo;H\u00e9r\u00e9sie d&rsquo;Horus, et leurs pas sismiques annoncent la destruction. Piliers des Collegia Titanica, ces Titans comptent parmi les plus grandes machines de guerre jamais con\u00e7ues par le Mechanicum, et ils disposent d&rsquo;un vaste arsenal&hellip;<\/p>\n","protected":false},"featured_media":13155,"comment_status":"open","ping_status":"closed","template":"","meta":[],"product_brand":[23],"product_cat":[6200],"product_tag":[6184,6201],"class_list":{"0":"post-13023","1":"product","2":"type-product","3":"status-publish","4":"has-post-thumbnail","6":"product_brand-games-workshop","7":"product_cat-titans","8":"product_tag-legion-imperialis","9":"product_tag-titans","11":"first","12":"onbackorder","13":"sale","14":"taxable","15":"shipping-taxable","16":"purchasable","17":"product-type-simple"},"yoast_head":"<!-- This site is optimized with the Yoast SEO plugin v26.4 - https:\/\/yoast.com\/wordpress\/plugins\/seo\/ -->\n<title>WARLORD TITAN WITH PLASMA ANNIHILATOR AND POWER CLAW - Coccigames<\/title>\n<meta name=\"robots\" content=\"index, follow, max-snippet:-1, max-image-preview:large, max-video-preview:-1\" \/>\n<link rel=\"canonical\" href=\"https:\/\/www.coccigames.com\/index.php\/produit\/warlord-titan-w-plasma-annihilator\/\" \/>\n<meta property=\"og:locale\" content=\"fr_FR\" \/>\n<meta property=\"og:type\" content=\"article\" \/>\n<meta property=\"og:title\" content=\"WARLORD TITAN WITH PLASMA ANNIHILATOR AND POWER CLAW - Coccigames\" \/>\n<meta property=\"og:description\" content=\"Les Titans de Bataille Warlord arpentent les champs de bataille de l&rsquo;H\u00e9r\u00e9sie d&rsquo;Horus, et leurs pas sismiques annoncent la destruction. Piliers des Collegia Titanica, ces Titans comptent parmi les plus grandes machines de guerre jamais con\u00e7ues par le Mechanicum, et ils disposent d&rsquo;un vaste arsenal&hellip;\" \/>\n<meta property=\"og:url\" content=\"https:\/\/www.coccigames.com\/index.php\/produit\/warlord-titan-w-plasma-annihilator\/\" \/>\n<meta property=\"og:site_name\" content=\"Coccigames\" \/>\n<meta property=\"article:modified_time\" content=\"2026-04-06T07:28:31+00:00\" \/>\n<meta property=\"og:image\" content=\"https:\/\/www.coccigames.com\/wp-content\/uploads\/2025\/12\/99122699008_WarlordTitanPlasmaAnnihilator6.jpg\" \/>\n\t<meta property=\"og:image:width\" content=\"918\" \/>\n\t<meta property=\"og:image:height\" content=\"948\" \/>\n\t<meta property=\"og:image:type\" content=\"image\/jpeg\" \/>\n<meta name=\"twitter:card\" content=\"summary_large_image\" \/>\n<meta name=\"twitter:label1\" content=\"Dur\u00e9e de lecture estim\u00e9e\" \/>\n\t<meta name=\"twitter:data1\" content=\"2 minutes\" \/>\n<script type=\"application\/ld+json\" class=\"yoast-schema-graph\">{\"@context\":\"https:\/\/schema.org\",\"@graph\":[{\"@type\":\"WebPage\",\"@id\":\"https:\/\/www.coccigames.com\/index.php\/produit\/warlord-titan-w-plasma-annihilator\/\",\"url\":\"https:\/\/www.coccigames.com\/index.php\/produit\/warlord-titan-w-plasma-annihilator\/\",\"name\":\"WARLORD TITAN WITH PLASMA ANNIHILATOR AND POWER CLAW - Coccigames\",\"isPartOf\":{\"@id\":\"https:\/\/www.coccigames.com\/#website\"},\"primaryImageOfPage\":{\"@id\":\"https:\/\/www.coccigames.com\/index.php\/produit\/warlord-titan-w-plasma-annihilator\/#primaryimage\"},\"image\":{\"@id\":\"https:\/\/www.coccigames.com\/index.php\/produit\/warlord-titan-w-plasma-annihilator\/#primaryimage\"},\"thumbnailUrl\":\"https:\/\/www.coccigames.com\/wp-content\/uploads\/2025\/12\/99122699008_WarlordTitanPlasmaAnnihilator6.jpg\",\"datePublished\":\"2025-12-20T12:22:30+00:00\",\"dateModified\":\"2026-04-06T07:28:31+00:00\",\"breadcrumb\":{\"@id\":\"https:\/\/www.coccigames.com\/index.php\/produit\/warlord-titan-w-plasma-annihilator\/#breadcrumb\"},\"inLanguage\":\"fr-FR\",\"potentialAction\":[{\"@type\":\"ReadAction\",\"target\":[\"https:\/\/www.coccigames.com\/index.php\/produit\/warlord-titan-w-plasma-annihilator\/\"]}]},{\"@type\":\"ImageObject\",\"inLanguage\":\"fr-FR\",\"@id\":\"https:\/\/www.coccigames.com\/index.php\/produit\/warlord-titan-w-plasma-annihilator\/#primaryimage\",\"url\":\"https:\/\/www.coccigames.com\/wp-content\/uploads\/2025\/12\/99122699008_WarlordTitanPlasmaAnnihilator6.jpg\",\"contentUrl\":\"https:\/\/www.coccigames.com\/wp-content\/uploads\/2025\/12\/99122699008_WarlordTitanPlasmaAnnihilator6.jpg\",\"width\":918,\"height\":948},{\"@type\":\"BreadcrumbList\",\"@id\":\"https:\/\/www.coccigames.com\/index.php\/produit\/warlord-titan-w-plasma-annihilator\/#breadcrumb\",\"itemListElement\":[{\"@type\":\"ListItem\",\"position\":1,\"name\":\"Accueil\",\"item\":\"https:\/\/www.coccigames.com\/\"},{\"@type\":\"ListItem\",\"position\":2,\"name\":\"Boutique\",\"item\":\"https:\/\/www.coccigames.com\/index.php\/boutique\/\"},{\"@type\":\"ListItem\",\"position\":3,\"name\":\"WARLORD TITAN WITH PLASMA ANNIHILATOR AND POWER CLAW\"}]},{\"@type\":\"WebSite\",\"@id\":\"https:\/\/www.coccigames.com\/#website\",\"url\":\"https:\/\/www.coccigames.com\/\",\"name\":\"Coccigames - Figurines et Peintures\",\"description\":\"Figurines et Peintures\",\"publisher\":{\"@id\":\"https:\/\/www.coccigames.com\/#organization\"},\"potentialAction\":[{\"@type\":\"SearchAction\",\"target\":{\"@type\":\"EntryPoint\",\"urlTemplate\":\"https:\/\/www.coccigames.com\/?s={search_term_string}\"},\"query-input\":{\"@type\":\"PropertyValueSpecification\",\"valueRequired\":true,\"valueName\":\"search_term_string\"}}],\"inLanguage\":\"fr-FR\"},{\"@type\":\"Organization\",\"@id\":\"https:\/\/www.coccigames.com\/#organization\",\"name\":\"Coccigames\",\"url\":\"https:\/\/www.coccigames.com\/\",\"logo\":{\"@type\":\"ImageObject\",\"inLanguage\":\"fr-FR\",\"@id\":\"https:\/\/www.coccigames.com\/#\/schema\/logo\/image\/\",\"url\":\"https:\/\/www.coccigames.com\/wp-content\/uploads\/2025\/12\/coccigames_logo_v5.png\",\"contentUrl\":\"https:\/\/www.coccigames.com\/wp-content\/uploads\/2025\/12\/coccigames_logo_v5.png\",\"width\":1768,\"height\":424,\"caption\":\"Coccigames\"},\"image\":{\"@id\":\"https:\/\/www.coccigames.com\/#\/schema\/logo\/image\/\"}}]}<\/script>\n<!-- \/ Yoast SEO plugin. -->","yoast_head_json":{"title":"WARLORD TITAN WITH PLASMA ANNIHILATOR AND POWER CLAW - Coccigames","robots":{"index":"index","follow":"follow","max-snippet":"max-snippet:-1","max-image-preview":"max-image-preview:large","max-video-preview":"max-video-preview:-1"},"canonical":"https:\/\/www.coccigames.com\/index.php\/produit\/warlord-titan-w-plasma-annihilator\/","og_locale":"fr_FR","og_type":"article","og_title":"WARLORD TITAN WITH PLASMA ANNIHILATOR AND POWER CLAW - Coccigames","og_description":"Les Titans de Bataille Warlord arpentent les champs de bataille de l&rsquo;H\u00e9r\u00e9sie d&rsquo;Horus, et leurs pas sismiques annoncent la destruction. Piliers des Collegia Titanica, ces Titans comptent parmi les plus grandes machines de guerre jamais con\u00e7ues par le Mechanicum, et ils disposent d&rsquo;un vaste arsenal&hellip;","og_url":"https:\/\/www.coccigames.com\/index.php\/produit\/warlord-titan-w-plasma-annihilator\/","og_site_name":"Coccigames","article_modified_time":"2026-04-06T07:28:31+00:00","og_image":[{"width":918,"height":948,"url":"https:\/\/www.coccigames.com\/wp-content\/uploads\/2025\/12\/99122699008_WarlordTitanPlasmaAnnihilator6.jpg","type":"image\/jpeg"}],"twitter_card":"summary_large_image","twitter_misc":{"Dur\u00e9e de lecture estim\u00e9e":"2 minutes"},"schema":{"@context":"https:\/\/schema.org","@graph":[{"@type":"WebPage","@id":"https:\/\/www.coccigames.com\/index.php\/produit\/warlord-titan-w-plasma-annihilator\/","url":"https:\/\/www.coccigames.com\/index.php\/produit\/warlord-titan-w-plasma-annihilator\/","name":"WARLORD TITAN WITH PLASMA ANNIHILATOR AND POWER CLAW - Coccigames","isPartOf":{"@id":"https:\/\/www.coccigames.com\/#website"},"primaryImageOfPage":{"@id":"https:\/\/www.coccigames.com\/index.php\/produit\/warlord-titan-w-plasma-annihilator\/#primaryimage"},"image":{"@id":"https:\/\/www.coccigames.com\/index.php\/produit\/warlord-titan-w-plasma-annihilator\/#primaryimage"},"thumbnailUrl":"https:\/\/www.coccigames.com\/wp-content\/uploads\/2025\/12\/99122699008_WarlordTitanPlasmaAnnihilator6.jpg","datePublished":"2025-12-20T12:22:30+00:00","dateModified":"2026-04-06T07:28:31+00:00","breadcrumb":{"@id":"https:\/\/www.coccigames.com\/index.php\/produit\/warlord-titan-w-plasma-annihilator\/#breadcrumb"},"inLanguage":"fr-FR","potentialAction":[{"@type":"ReadAction","target":["https:\/\/www.coccigames.com\/index.php\/produit\/warlord-titan-w-plasma-annihilator\/"]}]},{"@type":"ImageObject","inLanguage":"fr-FR","@id":"https:\/\/www.coccigames.com\/index.php\/produit\/warlord-titan-w-plasma-annihilator\/#primaryimage","url":"https:\/\/www.coccigames.com\/wp-content\/uploads\/2025\/12\/99122699008_WarlordTitanPlasmaAnnihilator6.jpg","contentUrl":"https:\/\/www.coccigames.com\/wp-content\/uploads\/2025\/12\/99122699008_WarlordTitanPlasmaAnnihilator6.jpg","width":918,"height":948},{"@type":"BreadcrumbList","@id":"https:\/\/www.coccigames.com\/index.php\/produit\/warlord-titan-w-plasma-annihilator\/#breadcrumb","itemListElement":[{"@type":"ListItem","position":1,"name":"Accueil","item":"https:\/\/www.coccigames.com\/"},{"@type":"ListItem","position":2,"name":"Boutique","item":"https:\/\/www.coccigames.com\/index.php\/boutique\/"},{"@type":"ListItem","position":3,"name":"WARLORD TITAN WITH PLASMA ANNIHILATOR AND POWER CLAW"}]},{"@type":"WebSite","@id":"https:\/\/www.coccigames.com\/#website","url":"https:\/\/www.coccigames.com\/","name":"Coccigames - Figurines et Peintures","description":"Figurines et Peintures","publisher":{"@id":"https:\/\/www.coccigames.com\/#organization"},"potentialAction":[{"@type":"SearchAction","target":{"@type":"EntryPoint","urlTemplate":"https:\/\/www.coccigames.com\/?s={search_term_string}"},"query-input":{"@type":"PropertyValueSpecification","valueRequired":true,"valueName":"search_term_string"}}],"inLanguage":"fr-FR"},{"@type":"Organization","@id":"https:\/\/www.coccigames.com\/#organization","name":"Coccigames","url":"https:\/\/www.coccigames.com\/","logo":{"@type":"ImageObject","inLanguage":"fr-FR","@id":"https:\/\/www.coccigames.com\/#\/schema\/logo\/image\/","url":"https:\/\/www.coccigames.com\/wp-content\/uploads\/2025\/12\/coccigames_logo_v5.png","contentUrl":"https:\/\/www.coccigames.com\/wp-content\/uploads\/2025\/12\/coccigames_logo_v5.png","width":1768,"height":424,"caption":"Coccigames"},"image":{"@id":"https:\/\/www.coccigames.com\/#\/schema\/logo\/image\/"}}]}},"_links":{"self":[{"href":"https:\/\/www.coccigames.com\/index.php\/wp-json\/wp\/v2\/product\/13023","targetHints":{"allow":["GET"]}}],"collection":[{"href":"https:\/\/www.coccigames.com\/index.php\/wp-json\/wp\/v2\/product"}],"about":[{"href":"https:\/\/www.coccigames.com\/index.php\/wp-json\/wp\/v2\/types\/product"}],"replies":[{"embeddable":true,"href":"https:\/\/www.coccigames.com\/index.php\/wp-json\/wp\/v2\/comments?post=13023"}],"wp:featuredmedia":[{"embeddable":true,"href":"https:\/\/www.coccigames.com\/index.php\/wp-json\/wp\/v2\/media\/13155"}],"wp:attachment":[{"href":"https:\/\/www.coccigames.com\/index.php\/wp-json\/wp\/v2\/media?parent=13023"}],"wp:term":[{"taxonomy":"product_brand","embeddable":true,"href":"https:\/\/www.coccigames.com\/index.php\/wp-json\/wp\/v2\/product_brand?post=13023"},{"taxonomy":"product_cat","embeddable":true,"href":"https:\/\/www.coccigames.com\/index.php\/wp-json\/wp\/v2\/product_cat?post=13023"},{"taxonomy":"product_tag","embeddable":true,"href":"https:\/\/www.coccigames.com\/index.php\/wp-json\/wp\/v2\/product_tag?post=13023"}],"curies":[{"name":"wp","href":"https:\/\/api.w.org\/{rel}","templated":true}]}}