{"id":13022,"date":"2025-12-20T13:22:30","date_gmt":"2025-12-20T12:22:30","guid":{"rendered":"https:\/\/www.coccigames.com\/index.php\/produit\/shadowswords-stormblades\/"},"modified":"2026-04-06T09:28:31","modified_gmt":"2026-04-06T07:28:31","slug":"shadowswords-stormblades","status":"publish","type":"product","link":"https:\/\/www.coccigames.com\/index.php\/produit\/shadowswords-stormblades\/","title":{"rendered":"SHADOWSWORDS, STORMBLADES ET STORMSWORD"},"content":{"rendered":"<p>Le Shadowsword est un cousin du Baneblade, un v\u00e9hicule super-lourd employ\u00e9 par les cohortes des Solar Auxilia pour d\u00e9truire les macro-machines ennemies \u00e0 l&rsquo;aide de son canon Volcano. Le m\u00eame ch\u00e2ssis a \u00e9galement \u00e9t\u00e9 adapt\u00e9 pour accueillir diff\u00e9rentes armes principales adapt\u00e9es \u00e0 leurs propres r\u00f4les destructeurs, comme le canon de si\u00e8ge Stormsword \u00e9ventreur de bunkers ou l&rsquo;\u00e9clateur \u00e0 plasma polyvalent du Stormblade.<\/p>\n<p>Ce kit en plastique permet d&rsquo;assembler deux chars super-lourds des Solar Auxilia, chacun pouvant \u00eatre assembl\u00e9 selon les configurations Shadowsword, Stormblade ou Stormsword. Chacun de ces v\u00e9hicules est dot\u00e9 d&rsquo;une puissance de feu terrifiante, du canon Volcano tueur de titans au canon de si\u00e8ge briseur de bunkers en passant par le potentiel d\u00e9vastateur \u00e0 courte port\u00e9e de l&rsquo;\u00e9clateur \u00e0 plasma. Chaque variante est \u00e9galement dot\u00e9e d&rsquo;un bolter lourd jumel\u00e9 de coque et de deux tourelles lat\u00e9rales \u00e9quip\u00e9s de bolters lourds jumel\u00e9s et de canons laser. Vous trouverez diverses options pour la coupole de chaque v\u00e9hicule, qui peut \u00eatre assembl\u00e9e avec une \u00e9coutille ferm\u00e9e, ou au choix des artilleurs, des observateurs ou des chefs de char.<\/p>\n<p><strong>Ce set contient:<\/strong><\/p>\n<p>&#8211; 2x chars Super-lourds des Solar Auxilia, chacun avec les options d&rsquo;armes suivantes:<\/p>\n<p>\u2013 1x \u00e9clateur \u00e0 plasma en tourelle<\/p>\n<p>\u2013 1x canon de si\u00e8ge en tourelle<\/p>\n<p>\u2013 1x canon Volcano en tourelle<\/p>\n<p>&#8211; 1x Planche de D\u00e9calcos de V\u00e9hicules des Solar Auxilia pour Legions Imperialis, proposant 288 d\u00e9calcos<\/p>\n","protected":false},"excerpt":{"rendered":"<p>Le Shadowsword est un cousin du Baneblade, un v\u00e9hicule super-lourd employ\u00e9 par les cohortes des Solar Auxilia pour d\u00e9truire les macro-machines ennemies \u00e0 l&rsquo;aide de son canon Volcano. Le m\u00eame ch\u00e2ssis a \u00e9galement \u00e9t\u00e9 adapt\u00e9 pour accueillir diff\u00e9rentes armes principales adapt\u00e9es \u00e0 leurs propres r\u00f4les&hellip;<\/p>\n","protected":false},"featured_media":13156,"comment_status":"open","ping_status":"closed","template":"","meta":[],"product_brand":[23],"product_cat":[6198],"product_tag":[6184,224],"class_list":{"0":"post-13022","1":"product","2":"type-product","3":"status-publish","4":"has-post-thumbnail","6":"product_brand-games-workshop","7":"product_cat-solar-auxilia","8":"product_tag-legion-imperialis","9":"product_tag-solar-auxilia","11":"first","12":"onbackorder","13":"sale","14":"taxable","15":"shipping-taxable","16":"purchasable","17":"product-type-simple"},"yoast_head":"<!-- This site is optimized with the Yoast SEO plugin v26.4 - https:\/\/yoast.com\/wordpress\/plugins\/seo\/ -->\n<title>SHADOWSWORDS, STORMBLADES ET STORMSWORD - Coccigames<\/title>\n<meta name=\"robots\" content=\"index, follow, max-snippet:-1, max-image-preview:large, max-video-preview:-1\" \/>\n<link rel=\"canonical\" href=\"https:\/\/www.coccigames.com\/index.php\/produit\/shadowswords-stormblades\/\" \/>\n<meta property=\"og:locale\" content=\"fr_FR\" \/>\n<meta property=\"og:type\" content=\"article\" \/>\n<meta property=\"og:title\" content=\"SHADOWSWORDS, STORMBLADES ET STORMSWORD - Coccigames\" \/>\n<meta property=\"og:description\" content=\"Le Shadowsword est un cousin du Baneblade, un v\u00e9hicule super-lourd employ\u00e9 par les cohortes des Solar Auxilia pour d\u00e9truire les macro-machines ennemies \u00e0 l&rsquo;aide de son canon Volcano. Le m\u00eame ch\u00e2ssis a \u00e9galement \u00e9t\u00e9 adapt\u00e9 pour accueillir diff\u00e9rentes armes principales adapt\u00e9es \u00e0 leurs propres r\u00f4les&hellip;\" \/>\n<meta property=\"og:url\" content=\"https:\/\/www.coccigames.com\/index.php\/produit\/shadowswords-stormblades\/\" \/>\n<meta property=\"og:site_name\" content=\"Coccigames\" \/>\n<meta property=\"article:modified_time\" content=\"2026-04-06T07:28:31+00:00\" \/>\n<meta property=\"og:image\" content=\"https:\/\/www.coccigames.com\/wp-content\/uploads\/2025\/12\/99122605010_LIShadowswordsStormbladesAndStormswords04.jpg\" \/>\n\t<meta property=\"og:image:width\" content=\"918\" \/>\n\t<meta property=\"og:image:height\" content=\"948\" \/>\n\t<meta property=\"og:image:type\" content=\"image\/jpeg\" \/>\n<meta name=\"twitter:card\" content=\"summary_large_image\" \/>\n<meta name=\"twitter:label1\" content=\"Dur\u00e9e de lecture estim\u00e9e\" \/>\n\t<meta name=\"twitter:data1\" content=\"2 minutes\" \/>\n<script type=\"application\/ld+json\" class=\"yoast-schema-graph\">{\"@context\":\"https:\/\/schema.org\",\"@graph\":[{\"@type\":\"WebPage\",\"@id\":\"https:\/\/www.coccigames.com\/index.php\/produit\/shadowswords-stormblades\/\",\"url\":\"https:\/\/www.coccigames.com\/index.php\/produit\/shadowswords-stormblades\/\",\"name\":\"SHADOWSWORDS, STORMBLADES ET STORMSWORD - Coccigames\",\"isPartOf\":{\"@id\":\"https:\/\/www.coccigames.com\/#website\"},\"primaryImageOfPage\":{\"@id\":\"https:\/\/www.coccigames.com\/index.php\/produit\/shadowswords-stormblades\/#primaryimage\"},\"image\":{\"@id\":\"https:\/\/www.coccigames.com\/index.php\/produit\/shadowswords-stormblades\/#primaryimage\"},\"thumbnailUrl\":\"https:\/\/www.coccigames.com\/wp-content\/uploads\/2025\/12\/99122605010_LIShadowswordsStormbladesAndStormswords04.jpg\",\"datePublished\":\"2025-12-20T12:22:30+00:00\",\"dateModified\":\"2026-04-06T07:28:31+00:00\",\"breadcrumb\":{\"@id\":\"https:\/\/www.coccigames.com\/index.php\/produit\/shadowswords-stormblades\/#breadcrumb\"},\"inLanguage\":\"fr-FR\",\"potentialAction\":[{\"@type\":\"ReadAction\",\"target\":[\"https:\/\/www.coccigames.com\/index.php\/produit\/shadowswords-stormblades\/\"]}]},{\"@type\":\"ImageObject\",\"inLanguage\":\"fr-FR\",\"@id\":\"https:\/\/www.coccigames.com\/index.php\/produit\/shadowswords-stormblades\/#primaryimage\",\"url\":\"https:\/\/www.coccigames.com\/wp-content\/uploads\/2025\/12\/99122605010_LIShadowswordsStormbladesAndStormswords04.jpg\",\"contentUrl\":\"https:\/\/www.coccigames.com\/wp-content\/uploads\/2025\/12\/99122605010_LIShadowswordsStormbladesAndStormswords04.jpg\",\"width\":918,\"height\":948},{\"@type\":\"BreadcrumbList\",\"@id\":\"https:\/\/www.coccigames.com\/index.php\/produit\/shadowswords-stormblades\/#breadcrumb\",\"itemListElement\":[{\"@type\":\"ListItem\",\"position\":1,\"name\":\"Accueil\",\"item\":\"https:\/\/www.coccigames.com\/\"},{\"@type\":\"ListItem\",\"position\":2,\"name\":\"Boutique\",\"item\":\"https:\/\/www.coccigames.com\/index.php\/boutique\/\"},{\"@type\":\"ListItem\",\"position\":3,\"name\":\"SHADOWSWORDS, STORMBLADES ET STORMSWORD\"}]},{\"@type\":\"WebSite\",\"@id\":\"https:\/\/www.coccigames.com\/#website\",\"url\":\"https:\/\/www.coccigames.com\/\",\"name\":\"Coccigames - Figurines et Peintures\",\"description\":\"Figurines et Peintures\",\"publisher\":{\"@id\":\"https:\/\/www.coccigames.com\/#organization\"},\"potentialAction\":[{\"@type\":\"SearchAction\",\"target\":{\"@type\":\"EntryPoint\",\"urlTemplate\":\"https:\/\/www.coccigames.com\/?s={search_term_string}\"},\"query-input\":{\"@type\":\"PropertyValueSpecification\",\"valueRequired\":true,\"valueName\":\"search_term_string\"}}],\"inLanguage\":\"fr-FR\"},{\"@type\":\"Organization\",\"@id\":\"https:\/\/www.coccigames.com\/#organization\",\"name\":\"Coccigames\",\"url\":\"https:\/\/www.coccigames.com\/\",\"logo\":{\"@type\":\"ImageObject\",\"inLanguage\":\"fr-FR\",\"@id\":\"https:\/\/www.coccigames.com\/#\/schema\/logo\/image\/\",\"url\":\"https:\/\/www.coccigames.com\/wp-content\/uploads\/2025\/12\/coccigames_logo_v5.png\",\"contentUrl\":\"https:\/\/www.coccigames.com\/wp-content\/uploads\/2025\/12\/coccigames_logo_v5.png\",\"width\":1768,\"height\":424,\"caption\":\"Coccigames\"},\"image\":{\"@id\":\"https:\/\/www.coccigames.com\/#\/schema\/logo\/image\/\"}}]}<\/script>\n<!-- \/ Yoast SEO plugin. -->","yoast_head_json":{"title":"SHADOWSWORDS, STORMBLADES ET STORMSWORD - Coccigames","robots":{"index":"index","follow":"follow","max-snippet":"max-snippet:-1","max-image-preview":"max-image-preview:large","max-video-preview":"max-video-preview:-1"},"canonical":"https:\/\/www.coccigames.com\/index.php\/produit\/shadowswords-stormblades\/","og_locale":"fr_FR","og_type":"article","og_title":"SHADOWSWORDS, STORMBLADES ET STORMSWORD - Coccigames","og_description":"Le Shadowsword est un cousin du Baneblade, un v\u00e9hicule super-lourd employ\u00e9 par les cohortes des Solar Auxilia pour d\u00e9truire les macro-machines ennemies \u00e0 l&rsquo;aide de son canon Volcano. Le m\u00eame ch\u00e2ssis a \u00e9galement \u00e9t\u00e9 adapt\u00e9 pour accueillir diff\u00e9rentes armes principales adapt\u00e9es \u00e0 leurs propres r\u00f4les&hellip;","og_url":"https:\/\/www.coccigames.com\/index.php\/produit\/shadowswords-stormblades\/","og_site_name":"Coccigames","article_modified_time":"2026-04-06T07:28:31+00:00","og_image":[{"width":918,"height":948,"url":"https:\/\/www.coccigames.com\/wp-content\/uploads\/2025\/12\/99122605010_LIShadowswordsStormbladesAndStormswords04.jpg","type":"image\/jpeg"}],"twitter_card":"summary_large_image","twitter_misc":{"Dur\u00e9e de lecture estim\u00e9e":"2 minutes"},"schema":{"@context":"https:\/\/schema.org","@graph":[{"@type":"WebPage","@id":"https:\/\/www.coccigames.com\/index.php\/produit\/shadowswords-stormblades\/","url":"https:\/\/www.coccigames.com\/index.php\/produit\/shadowswords-stormblades\/","name":"SHADOWSWORDS, STORMBLADES ET STORMSWORD - Coccigames","isPartOf":{"@id":"https:\/\/www.coccigames.com\/#website"},"primaryImageOfPage":{"@id":"https:\/\/www.coccigames.com\/index.php\/produit\/shadowswords-stormblades\/#primaryimage"},"image":{"@id":"https:\/\/www.coccigames.com\/index.php\/produit\/shadowswords-stormblades\/#primaryimage"},"thumbnailUrl":"https:\/\/www.coccigames.com\/wp-content\/uploads\/2025\/12\/99122605010_LIShadowswordsStormbladesAndStormswords04.jpg","datePublished":"2025-12-20T12:22:30+00:00","dateModified":"2026-04-06T07:28:31+00:00","breadcrumb":{"@id":"https:\/\/www.coccigames.com\/index.php\/produit\/shadowswords-stormblades\/#breadcrumb"},"inLanguage":"fr-FR","potentialAction":[{"@type":"ReadAction","target":["https:\/\/www.coccigames.com\/index.php\/produit\/shadowswords-stormblades\/"]}]},{"@type":"ImageObject","inLanguage":"fr-FR","@id":"https:\/\/www.coccigames.com\/index.php\/produit\/shadowswords-stormblades\/#primaryimage","url":"https:\/\/www.coccigames.com\/wp-content\/uploads\/2025\/12\/99122605010_LIShadowswordsStormbladesAndStormswords04.jpg","contentUrl":"https:\/\/www.coccigames.com\/wp-content\/uploads\/2025\/12\/99122605010_LIShadowswordsStormbladesAndStormswords04.jpg","width":918,"height":948},{"@type":"BreadcrumbList","@id":"https:\/\/www.coccigames.com\/index.php\/produit\/shadowswords-stormblades\/#breadcrumb","itemListElement":[{"@type":"ListItem","position":1,"name":"Accueil","item":"https:\/\/www.coccigames.com\/"},{"@type":"ListItem","position":2,"name":"Boutique","item":"https:\/\/www.coccigames.com\/index.php\/boutique\/"},{"@type":"ListItem","position":3,"name":"SHADOWSWORDS, STORMBLADES ET STORMSWORD"}]},{"@type":"WebSite","@id":"https:\/\/www.coccigames.com\/#website","url":"https:\/\/www.coccigames.com\/","name":"Coccigames - Figurines et Peintures","description":"Figurines et Peintures","publisher":{"@id":"https:\/\/www.coccigames.com\/#organization"},"potentialAction":[{"@type":"SearchAction","target":{"@type":"EntryPoint","urlTemplate":"https:\/\/www.coccigames.com\/?s={search_term_string}"},"query-input":{"@type":"PropertyValueSpecification","valueRequired":true,"valueName":"search_term_string"}}],"inLanguage":"fr-FR"},{"@type":"Organization","@id":"https:\/\/www.coccigames.com\/#organization","name":"Coccigames","url":"https:\/\/www.coccigames.com\/","logo":{"@type":"ImageObject","inLanguage":"fr-FR","@id":"https:\/\/www.coccigames.com\/#\/schema\/logo\/image\/","url":"https:\/\/www.coccigames.com\/wp-content\/uploads\/2025\/12\/coccigames_logo_v5.png","contentUrl":"https:\/\/www.coccigames.com\/wp-content\/uploads\/2025\/12\/coccigames_logo_v5.png","width":1768,"height":424,"caption":"Coccigames"},"image":{"@id":"https:\/\/www.coccigames.com\/#\/schema\/logo\/image\/"}}]}},"_links":{"self":[{"href":"https:\/\/www.coccigames.com\/index.php\/wp-json\/wp\/v2\/product\/13022","targetHints":{"allow":["GET"]}}],"collection":[{"href":"https:\/\/www.coccigames.com\/index.php\/wp-json\/wp\/v2\/product"}],"about":[{"href":"https:\/\/www.coccigames.com\/index.php\/wp-json\/wp\/v2\/types\/product"}],"replies":[{"embeddable":true,"href":"https:\/\/www.coccigames.com\/index.php\/wp-json\/wp\/v2\/comments?post=13022"}],"wp:featuredmedia":[{"embeddable":true,"href":"https:\/\/www.coccigames.com\/index.php\/wp-json\/wp\/v2\/media\/13156"}],"wp:attachment":[{"href":"https:\/\/www.coccigames.com\/index.php\/wp-json\/wp\/v2\/media?parent=13022"}],"wp:term":[{"taxonomy":"product_brand","embeddable":true,"href":"https:\/\/www.coccigames.com\/index.php\/wp-json\/wp\/v2\/product_brand?post=13022"},{"taxonomy":"product_cat","embeddable":true,"href":"https:\/\/www.coccigames.com\/index.php\/wp-json\/wp\/v2\/product_cat?post=13022"},{"taxonomy":"product_tag","embeddable":true,"href":"https:\/\/www.coccigames.com\/index.php\/wp-json\/wp\/v2\/product_tag?post=13022"}],"curies":[{"name":"wp","href":"https:\/\/api.w.org\/{rel}","templated":true}]}}