{"id":13020,"date":"2025-12-20T13:22:28","date_gmt":"2025-12-20T12:22:28","guid":{"rendered":"https:\/\/www.coccigames.com\/index.php\/produit\/leman-russ-executioner-demolishr-sqd\/"},"modified":"2026-04-06T09:28:31","modified_gmt":"2026-04-06T07:28:31","slug":"leman-russ-executioner-demolishr-sqd","status":"publish","type":"product","link":"https:\/\/www.coccigames.com\/index.php\/produit\/leman-russ-executioner-demolishr-sqd\/","title":{"rendered":"LEMAN RUSS EXECUTIONER ET DEMOLISHER SQUADRON"},"content":{"rendered":"<p>Les chars de combat Leman Russ sont des atouts blind\u00e9s incroyablement polyvalents, \u00e9quip\u00e9s de divers canons puissants pour surmonter tous les obstacles qui osent mettre en difficult\u00e9 les Solar Auxilia. Les Executioner tirent des torrents de plasma pour \u00e9liminer les atouts lourds, tandis que les Demolisher font pleuvoir d&rsquo;\u00e9normes obus pour pilonner les fortifications et les masses d&rsquo;infanterie.<\/p>\n<p>Ce kit en plastique permet d&rsquo;assembler huit chars Leman Russ des Solar Auxilia \u00e0 l&rsquo;\u00e9chelle epic, chacun pouvant \u00eatre \u00e9quip\u00e9 en configuration Executioner ou Demolisher. Le canon \u00e0 plasma de l&rsquo;Executioner est une arme polyvalente qui peut s&rsquo;av\u00e9rer mortelle pour de nombreuses cibles, tandis que les projectiles explosifs du Demolisher sont capables de briser les remparts et de d\u00e9terrer les ennemis retranch\u00e9s. Chacun de ces chars peut \u00eatre personnalis\u00e9 par l&rsquo;ajout d&rsquo;une arme de coque, au choix un bolter lourd ou un canon laser. Vous trouverez \u00e9galement diverses options d&rsquo;\u00e9quipage et d&rsquo;\u00e9coutilles ferm\u00e9es pour la coupole de la tourelle, pour ajouter de la vari\u00e9t\u00e9 parmi vos chars.<\/p>\n<p>Ce kit est compos\u00e9 de 132 \u00e9l\u00e9ments en plastique et est fourni avec 1x Planche de D\u00e9calcos de V\u00e9hicule des Solar Auxilia pour Legions Imperialis, proposant 288 d\u00e9calcos. Ces figurines sont fournies non peintes et n\u00e9cessitent assemblage \u2013 nous recommandons d&#8217;employer la Colle Plastique Citadel et la peinture Citadel Colour.<\/p>\n<p>Les r\u00e8gles permettant d&rsquo;utiliser les Leman Russ Executioner et Demolisher dans vos parties de Legions Imperialis se trouvent dans <i>Legions Imperialis: The Devastation of Tallarn<\/i>, disponible s\u00e9par\u00e9ment.<\/p>\n","protected":false},"excerpt":{"rendered":"<p>Les chars de combat Leman Russ sont des atouts blind\u00e9s incroyablement polyvalents, \u00e9quip\u00e9s de divers canons puissants pour surmonter tous les obstacles qui osent mettre en difficult\u00e9 les Solar Auxilia. Les Executioner tirent des torrents de plasma pour \u00e9liminer les atouts lourds, tandis que les&hellip;<\/p>\n","protected":false},"featured_media":13147,"comment_status":"open","ping_status":"closed","template":"","meta":[],"product_brand":[23],"product_cat":[6198],"product_tag":[6184,224],"class_list":{"0":"post-13020","1":"product","2":"type-product","3":"status-publish","4":"has-post-thumbnail","6":"product_brand-games-workshop","7":"product_cat-solar-auxilia","8":"product_tag-legion-imperialis","9":"product_tag-solar-auxilia","11":"first","12":"outofstock","13":"sale","14":"taxable","15":"shipping-taxable","16":"purchasable","17":"product-type-simple"},"yoast_head":"<!-- This site is optimized with the Yoast SEO plugin v26.4 - https:\/\/yoast.com\/wordpress\/plugins\/seo\/ -->\n<title>LEMAN RUSS EXECUTIONER ET DEMOLISHER SQUADRON - Coccigames<\/title>\n<meta name=\"robots\" content=\"index, follow, max-snippet:-1, max-image-preview:large, max-video-preview:-1\" \/>\n<link rel=\"canonical\" href=\"https:\/\/www.coccigames.com\/index.php\/produit\/leman-russ-executioner-demolishr-sqd\/\" \/>\n<meta property=\"og:locale\" content=\"fr_FR\" \/>\n<meta property=\"og:type\" content=\"article\" \/>\n<meta property=\"og:title\" content=\"LEMAN RUSS EXECUTIONER ET DEMOLISHER SQUADRON - Coccigames\" \/>\n<meta property=\"og:description\" content=\"Les chars de combat Leman Russ sont des atouts blind\u00e9s incroyablement polyvalents, \u00e9quip\u00e9s de divers canons puissants pour surmonter tous les obstacles qui osent mettre en difficult\u00e9 les Solar Auxilia. Les Executioner tirent des torrents de plasma pour \u00e9liminer les atouts lourds, tandis que les&hellip;\" \/>\n<meta property=\"og:url\" content=\"https:\/\/www.coccigames.com\/index.php\/produit\/leman-russ-executioner-demolishr-sqd\/\" \/>\n<meta property=\"og:site_name\" content=\"Coccigames\" \/>\n<meta property=\"article:modified_time\" content=\"2026-04-06T07:28:31+00:00\" \/>\n<meta property=\"og:image\" content=\"https:\/\/www.coccigames.com\/wp-content\/uploads\/2025\/12\/99122605011_LILemanRussExecutionerAndDemolisherSquadron04.jpg\" \/>\n\t<meta property=\"og:image:width\" content=\"918\" \/>\n\t<meta property=\"og:image:height\" content=\"948\" \/>\n\t<meta property=\"og:image:type\" content=\"image\/jpeg\" \/>\n<meta name=\"twitter:card\" content=\"summary_large_image\" \/>\n<meta name=\"twitter:label1\" content=\"Dur\u00e9e de lecture estim\u00e9e\" \/>\n\t<meta name=\"twitter:data1\" content=\"2 minutes\" \/>\n<script type=\"application\/ld+json\" class=\"yoast-schema-graph\">{\"@context\":\"https:\/\/schema.org\",\"@graph\":[{\"@type\":\"WebPage\",\"@id\":\"https:\/\/www.coccigames.com\/index.php\/produit\/leman-russ-executioner-demolishr-sqd\/\",\"url\":\"https:\/\/www.coccigames.com\/index.php\/produit\/leman-russ-executioner-demolishr-sqd\/\",\"name\":\"LEMAN RUSS EXECUTIONER ET DEMOLISHER SQUADRON - Coccigames\",\"isPartOf\":{\"@id\":\"https:\/\/www.coccigames.com\/#website\"},\"primaryImageOfPage\":{\"@id\":\"https:\/\/www.coccigames.com\/index.php\/produit\/leman-russ-executioner-demolishr-sqd\/#primaryimage\"},\"image\":{\"@id\":\"https:\/\/www.coccigames.com\/index.php\/produit\/leman-russ-executioner-demolishr-sqd\/#primaryimage\"},\"thumbnailUrl\":\"https:\/\/www.coccigames.com\/wp-content\/uploads\/2025\/12\/99122605011_LILemanRussExecutionerAndDemolisherSquadron04.jpg\",\"datePublished\":\"2025-12-20T12:22:28+00:00\",\"dateModified\":\"2026-04-06T07:28:31+00:00\",\"breadcrumb\":{\"@id\":\"https:\/\/www.coccigames.com\/index.php\/produit\/leman-russ-executioner-demolishr-sqd\/#breadcrumb\"},\"inLanguage\":\"fr-FR\",\"potentialAction\":[{\"@type\":\"ReadAction\",\"target\":[\"https:\/\/www.coccigames.com\/index.php\/produit\/leman-russ-executioner-demolishr-sqd\/\"]}]},{\"@type\":\"ImageObject\",\"inLanguage\":\"fr-FR\",\"@id\":\"https:\/\/www.coccigames.com\/index.php\/produit\/leman-russ-executioner-demolishr-sqd\/#primaryimage\",\"url\":\"https:\/\/www.coccigames.com\/wp-content\/uploads\/2025\/12\/99122605011_LILemanRussExecutionerAndDemolisherSquadron04.jpg\",\"contentUrl\":\"https:\/\/www.coccigames.com\/wp-content\/uploads\/2025\/12\/99122605011_LILemanRussExecutionerAndDemolisherSquadron04.jpg\",\"width\":918,\"height\":948},{\"@type\":\"BreadcrumbList\",\"@id\":\"https:\/\/www.coccigames.com\/index.php\/produit\/leman-russ-executioner-demolishr-sqd\/#breadcrumb\",\"itemListElement\":[{\"@type\":\"ListItem\",\"position\":1,\"name\":\"Accueil\",\"item\":\"https:\/\/www.coccigames.com\/\"},{\"@type\":\"ListItem\",\"position\":2,\"name\":\"Boutique\",\"item\":\"https:\/\/www.coccigames.com\/index.php\/boutique\/\"},{\"@type\":\"ListItem\",\"position\":3,\"name\":\"LEMAN RUSS EXECUTIONER ET DEMOLISHER SQUADRON\"}]},{\"@type\":\"WebSite\",\"@id\":\"https:\/\/www.coccigames.com\/#website\",\"url\":\"https:\/\/www.coccigames.com\/\",\"name\":\"Coccigames - Figurines et Peintures\",\"description\":\"Figurines et Peintures\",\"publisher\":{\"@id\":\"https:\/\/www.coccigames.com\/#organization\"},\"potentialAction\":[{\"@type\":\"SearchAction\",\"target\":{\"@type\":\"EntryPoint\",\"urlTemplate\":\"https:\/\/www.coccigames.com\/?s={search_term_string}\"},\"query-input\":{\"@type\":\"PropertyValueSpecification\",\"valueRequired\":true,\"valueName\":\"search_term_string\"}}],\"inLanguage\":\"fr-FR\"},{\"@type\":\"Organization\",\"@id\":\"https:\/\/www.coccigames.com\/#organization\",\"name\":\"Coccigames\",\"url\":\"https:\/\/www.coccigames.com\/\",\"logo\":{\"@type\":\"ImageObject\",\"inLanguage\":\"fr-FR\",\"@id\":\"https:\/\/www.coccigames.com\/#\/schema\/logo\/image\/\",\"url\":\"https:\/\/www.coccigames.com\/wp-content\/uploads\/2025\/12\/coccigames_logo_v5.png\",\"contentUrl\":\"https:\/\/www.coccigames.com\/wp-content\/uploads\/2025\/12\/coccigames_logo_v5.png\",\"width\":1768,\"height\":424,\"caption\":\"Coccigames\"},\"image\":{\"@id\":\"https:\/\/www.coccigames.com\/#\/schema\/logo\/image\/\"}}]}<\/script>\n<!-- \/ Yoast SEO plugin. -->","yoast_head_json":{"title":"LEMAN RUSS EXECUTIONER ET DEMOLISHER SQUADRON - Coccigames","robots":{"index":"index","follow":"follow","max-snippet":"max-snippet:-1","max-image-preview":"max-image-preview:large","max-video-preview":"max-video-preview:-1"},"canonical":"https:\/\/www.coccigames.com\/index.php\/produit\/leman-russ-executioner-demolishr-sqd\/","og_locale":"fr_FR","og_type":"article","og_title":"LEMAN RUSS EXECUTIONER ET DEMOLISHER SQUADRON - Coccigames","og_description":"Les chars de combat Leman Russ sont des atouts blind\u00e9s incroyablement polyvalents, \u00e9quip\u00e9s de divers canons puissants pour surmonter tous les obstacles qui osent mettre en difficult\u00e9 les Solar Auxilia. Les Executioner tirent des torrents de plasma pour \u00e9liminer les atouts lourds, tandis que les&hellip;","og_url":"https:\/\/www.coccigames.com\/index.php\/produit\/leman-russ-executioner-demolishr-sqd\/","og_site_name":"Coccigames","article_modified_time":"2026-04-06T07:28:31+00:00","og_image":[{"width":918,"height":948,"url":"https:\/\/www.coccigames.com\/wp-content\/uploads\/2025\/12\/99122605011_LILemanRussExecutionerAndDemolisherSquadron04.jpg","type":"image\/jpeg"}],"twitter_card":"summary_large_image","twitter_misc":{"Dur\u00e9e de lecture estim\u00e9e":"2 minutes"},"schema":{"@context":"https:\/\/schema.org","@graph":[{"@type":"WebPage","@id":"https:\/\/www.coccigames.com\/index.php\/produit\/leman-russ-executioner-demolishr-sqd\/","url":"https:\/\/www.coccigames.com\/index.php\/produit\/leman-russ-executioner-demolishr-sqd\/","name":"LEMAN RUSS EXECUTIONER ET DEMOLISHER SQUADRON - Coccigames","isPartOf":{"@id":"https:\/\/www.coccigames.com\/#website"},"primaryImageOfPage":{"@id":"https:\/\/www.coccigames.com\/index.php\/produit\/leman-russ-executioner-demolishr-sqd\/#primaryimage"},"image":{"@id":"https:\/\/www.coccigames.com\/index.php\/produit\/leman-russ-executioner-demolishr-sqd\/#primaryimage"},"thumbnailUrl":"https:\/\/www.coccigames.com\/wp-content\/uploads\/2025\/12\/99122605011_LILemanRussExecutionerAndDemolisherSquadron04.jpg","datePublished":"2025-12-20T12:22:28+00:00","dateModified":"2026-04-06T07:28:31+00:00","breadcrumb":{"@id":"https:\/\/www.coccigames.com\/index.php\/produit\/leman-russ-executioner-demolishr-sqd\/#breadcrumb"},"inLanguage":"fr-FR","potentialAction":[{"@type":"ReadAction","target":["https:\/\/www.coccigames.com\/index.php\/produit\/leman-russ-executioner-demolishr-sqd\/"]}]},{"@type":"ImageObject","inLanguage":"fr-FR","@id":"https:\/\/www.coccigames.com\/index.php\/produit\/leman-russ-executioner-demolishr-sqd\/#primaryimage","url":"https:\/\/www.coccigames.com\/wp-content\/uploads\/2025\/12\/99122605011_LILemanRussExecutionerAndDemolisherSquadron04.jpg","contentUrl":"https:\/\/www.coccigames.com\/wp-content\/uploads\/2025\/12\/99122605011_LILemanRussExecutionerAndDemolisherSquadron04.jpg","width":918,"height":948},{"@type":"BreadcrumbList","@id":"https:\/\/www.coccigames.com\/index.php\/produit\/leman-russ-executioner-demolishr-sqd\/#breadcrumb","itemListElement":[{"@type":"ListItem","position":1,"name":"Accueil","item":"https:\/\/www.coccigames.com\/"},{"@type":"ListItem","position":2,"name":"Boutique","item":"https:\/\/www.coccigames.com\/index.php\/boutique\/"},{"@type":"ListItem","position":3,"name":"LEMAN RUSS EXECUTIONER ET DEMOLISHER SQUADRON"}]},{"@type":"WebSite","@id":"https:\/\/www.coccigames.com\/#website","url":"https:\/\/www.coccigames.com\/","name":"Coccigames - Figurines et Peintures","description":"Figurines et Peintures","publisher":{"@id":"https:\/\/www.coccigames.com\/#organization"},"potentialAction":[{"@type":"SearchAction","target":{"@type":"EntryPoint","urlTemplate":"https:\/\/www.coccigames.com\/?s={search_term_string}"},"query-input":{"@type":"PropertyValueSpecification","valueRequired":true,"valueName":"search_term_string"}}],"inLanguage":"fr-FR"},{"@type":"Organization","@id":"https:\/\/www.coccigames.com\/#organization","name":"Coccigames","url":"https:\/\/www.coccigames.com\/","logo":{"@type":"ImageObject","inLanguage":"fr-FR","@id":"https:\/\/www.coccigames.com\/#\/schema\/logo\/image\/","url":"https:\/\/www.coccigames.com\/wp-content\/uploads\/2025\/12\/coccigames_logo_v5.png","contentUrl":"https:\/\/www.coccigames.com\/wp-content\/uploads\/2025\/12\/coccigames_logo_v5.png","width":1768,"height":424,"caption":"Coccigames"},"image":{"@id":"https:\/\/www.coccigames.com\/#\/schema\/logo\/image\/"}}]}},"_links":{"self":[{"href":"https:\/\/www.coccigames.com\/index.php\/wp-json\/wp\/v2\/product\/13020","targetHints":{"allow":["GET"]}}],"collection":[{"href":"https:\/\/www.coccigames.com\/index.php\/wp-json\/wp\/v2\/product"}],"about":[{"href":"https:\/\/www.coccigames.com\/index.php\/wp-json\/wp\/v2\/types\/product"}],"replies":[{"embeddable":true,"href":"https:\/\/www.coccigames.com\/index.php\/wp-json\/wp\/v2\/comments?post=13020"}],"wp:featuredmedia":[{"embeddable":true,"href":"https:\/\/www.coccigames.com\/index.php\/wp-json\/wp\/v2\/media\/13147"}],"wp:attachment":[{"href":"https:\/\/www.coccigames.com\/index.php\/wp-json\/wp\/v2\/media?parent=13020"}],"wp:term":[{"taxonomy":"product_brand","embeddable":true,"href":"https:\/\/www.coccigames.com\/index.php\/wp-json\/wp\/v2\/product_brand?post=13020"},{"taxonomy":"product_cat","embeddable":true,"href":"https:\/\/www.coccigames.com\/index.php\/wp-json\/wp\/v2\/product_cat?post=13020"},{"taxonomy":"product_tag","embeddable":true,"href":"https:\/\/www.coccigames.com\/index.php\/wp-json\/wp\/v2\/product_tag?post=13020"}],"curies":[{"name":"wp","href":"https:\/\/api.w.org\/{rel}","templated":true}]}}