{"id":13019,"date":"2025-12-20T13:22:28","date_gmt":"2025-12-20T12:22:28","guid":{"rendered":"https:\/\/www.coccigames.com\/index.php\/produit\/malcador-infernus-valdors\/"},"modified":"2026-04-06T09:28:31","modified_gmt":"2026-04-06T07:28:31","slug":"malcador-infernus-valdors","status":"publish","type":"product","link":"https:\/\/www.coccigames.com\/index.php\/produit\/malcador-infernus-valdors\/","title":{"rendered":"MALCADOR INFERNUS ET CHASSEURS DE CHARS VALDORS"},"content":{"rendered":"<p>Le Malcador Infernus et le Chasseur de Chars Valdor sont deux variantes du char Malcador omnipr\u00e9sent, qui profitent de son ch\u00e2ssis pour transporter des armes lourdes sp\u00e9cialis\u00e9es. La puissance du Malcador Infernus est presque in\u00e9luctable pour ses ennemis, car il vomit d&rsquo;interminables torrents de flammes qui consument tout. \u00c0 l&rsquo;inverse, le Chasseur de Chars Valdor se concentre sur les cibles renforc\u00e9es, et se montre digne de son nom en projetant des rayons laser \u00e0 neutrons sur les v\u00e9hicules blind\u00e9s pour les \u00e9ventrer.<\/p>\n<p>Ce kit plastique permet d&rsquo;assembler quatre chars lourds des Solar Auxilia \u00e0 l&rsquo;\u00e9chelle epic, con\u00e7us sur le formidable ch\u00e2ssis du Malcador: deux chars lance-flammes Malcador Infernus et deux Chasseurs de Chars Valdor. Le Malcador Infernus embarque un canon Inferno pour carboniser l&rsquo;infanterie et la chasser des couverts denses, et remorque un r\u00e9servoir de combustible. Le Chasseur de Chars Valdor est arm\u00e9 d&rsquo;un puissant laser \u00e0 neutrons. Chacun de ces chars lourds peut \u00eatre assembl\u00e9 avec ou sans chef de char, et s&rsquo;accompagne des tourelles lat\u00e9rales pouvant accueillir des autocanons ou des canons laser.<\/p>\n<p><strong>Ce set contient:<\/strong><\/p>\n<p>&#8211; 2x Chars Malcador Infernus des Solar Auxilia, proposant chacun les options d&rsquo;arme suivantes:<\/p>\n<p>\u2013 2x autocanons lat\u00e9raux<\/p>\n<p>\u2013 2x canons laser lat\u00e9raux<\/p>\n<p>&#8211; 2x Chasseurs de Chars Valdor, proposant chacun les options d&rsquo;arme suivantes:<\/p>\n<p>\u2013 1x autocanon lat\u00e9raux<\/p>\n<p>\u2013 1x canon laser lat\u00e9raux<\/p>\n<p>&#8211; 1x Planche de D\u00e9calcos de V\u00e9hicules des Solar Auxilia<\/p>\n","protected":false},"excerpt":{"rendered":"<p>Le Malcador Infernus et le Chasseur de Chars Valdor sont deux variantes du char Malcador omnipr\u00e9sent, qui profitent de son ch\u00e2ssis pour transporter des armes lourdes sp\u00e9cialis\u00e9es. La puissance du Malcador Infernus est presque in\u00e9luctable pour ses ennemis, car il vomit d&rsquo;interminables torrents de flammes&hellip;<\/p>\n","protected":false},"featured_media":13149,"comment_status":"open","ping_status":"closed","template":"","meta":[],"product_brand":[23],"product_cat":[6198],"product_tag":[6184,224],"class_list":{"0":"post-13019","1":"product","2":"type-product","3":"status-publish","4":"has-post-thumbnail","6":"product_brand-games-workshop","7":"product_cat-solar-auxilia","8":"product_tag-legion-imperialis","9":"product_tag-solar-auxilia","11":"first","12":"outofstock","13":"sale","14":"taxable","15":"shipping-taxable","16":"purchasable","17":"product-type-simple"},"yoast_head":"<!-- This site is optimized with the Yoast SEO plugin v26.4 - https:\/\/yoast.com\/wordpress\/plugins\/seo\/ -->\n<title>MALCADOR INFERNUS ET CHASSEURS DE CHARS VALDORS - Coccigames<\/title>\n<meta name=\"robots\" content=\"index, follow, max-snippet:-1, max-image-preview:large, max-video-preview:-1\" \/>\n<link rel=\"canonical\" href=\"https:\/\/www.coccigames.com\/index.php\/produit\/malcador-infernus-valdors\/\" \/>\n<meta property=\"og:locale\" content=\"fr_FR\" \/>\n<meta property=\"og:type\" content=\"article\" \/>\n<meta property=\"og:title\" content=\"MALCADOR INFERNUS ET CHASSEURS DE CHARS VALDORS - Coccigames\" \/>\n<meta property=\"og:description\" content=\"Le Malcador Infernus et le Chasseur de Chars Valdor sont deux variantes du char Malcador omnipr\u00e9sent, qui profitent de son ch\u00e2ssis pour transporter des armes lourdes sp\u00e9cialis\u00e9es. La puissance du Malcador Infernus est presque in\u00e9luctable pour ses ennemis, car il vomit d&rsquo;interminables torrents de flammes&hellip;\" \/>\n<meta property=\"og:url\" content=\"https:\/\/www.coccigames.com\/index.php\/produit\/malcador-infernus-valdors\/\" \/>\n<meta property=\"og:site_name\" content=\"Coccigames\" \/>\n<meta property=\"article:modified_time\" content=\"2026-04-06T07:28:31+00:00\" \/>\n<meta property=\"og:image\" content=\"https:\/\/www.coccigames.com\/wp-content\/uploads\/2025\/12\/99122605009_SolarAuxiliaMalcadorInfernusValdors6.jpg\" \/>\n\t<meta property=\"og:image:width\" content=\"918\" \/>\n\t<meta property=\"og:image:height\" content=\"948\" \/>\n\t<meta property=\"og:image:type\" content=\"image\/jpeg\" \/>\n<meta name=\"twitter:card\" content=\"summary_large_image\" \/>\n<meta name=\"twitter:label1\" content=\"Dur\u00e9e de lecture estim\u00e9e\" \/>\n\t<meta name=\"twitter:data1\" content=\"2 minutes\" \/>\n<script type=\"application\/ld+json\" class=\"yoast-schema-graph\">{\"@context\":\"https:\/\/schema.org\",\"@graph\":[{\"@type\":\"WebPage\",\"@id\":\"https:\/\/www.coccigames.com\/index.php\/produit\/malcador-infernus-valdors\/\",\"url\":\"https:\/\/www.coccigames.com\/index.php\/produit\/malcador-infernus-valdors\/\",\"name\":\"MALCADOR INFERNUS ET CHASSEURS DE CHARS VALDORS - Coccigames\",\"isPartOf\":{\"@id\":\"https:\/\/www.coccigames.com\/#website\"},\"primaryImageOfPage\":{\"@id\":\"https:\/\/www.coccigames.com\/index.php\/produit\/malcador-infernus-valdors\/#primaryimage\"},\"image\":{\"@id\":\"https:\/\/www.coccigames.com\/index.php\/produit\/malcador-infernus-valdors\/#primaryimage\"},\"thumbnailUrl\":\"https:\/\/www.coccigames.com\/wp-content\/uploads\/2025\/12\/99122605009_SolarAuxiliaMalcadorInfernusValdors6.jpg\",\"datePublished\":\"2025-12-20T12:22:28+00:00\",\"dateModified\":\"2026-04-06T07:28:31+00:00\",\"breadcrumb\":{\"@id\":\"https:\/\/www.coccigames.com\/index.php\/produit\/malcador-infernus-valdors\/#breadcrumb\"},\"inLanguage\":\"fr-FR\",\"potentialAction\":[{\"@type\":\"ReadAction\",\"target\":[\"https:\/\/www.coccigames.com\/index.php\/produit\/malcador-infernus-valdors\/\"]}]},{\"@type\":\"ImageObject\",\"inLanguage\":\"fr-FR\",\"@id\":\"https:\/\/www.coccigames.com\/index.php\/produit\/malcador-infernus-valdors\/#primaryimage\",\"url\":\"https:\/\/www.coccigames.com\/wp-content\/uploads\/2025\/12\/99122605009_SolarAuxiliaMalcadorInfernusValdors6.jpg\",\"contentUrl\":\"https:\/\/www.coccigames.com\/wp-content\/uploads\/2025\/12\/99122605009_SolarAuxiliaMalcadorInfernusValdors6.jpg\",\"width\":918,\"height\":948},{\"@type\":\"BreadcrumbList\",\"@id\":\"https:\/\/www.coccigames.com\/index.php\/produit\/malcador-infernus-valdors\/#breadcrumb\",\"itemListElement\":[{\"@type\":\"ListItem\",\"position\":1,\"name\":\"Accueil\",\"item\":\"https:\/\/www.coccigames.com\/\"},{\"@type\":\"ListItem\",\"position\":2,\"name\":\"Boutique\",\"item\":\"https:\/\/www.coccigames.com\/index.php\/boutique\/\"},{\"@type\":\"ListItem\",\"position\":3,\"name\":\"MALCADOR INFERNUS ET CHASSEURS DE CHARS VALDORS\"}]},{\"@type\":\"WebSite\",\"@id\":\"https:\/\/www.coccigames.com\/#website\",\"url\":\"https:\/\/www.coccigames.com\/\",\"name\":\"Coccigames - Figurines et Peintures\",\"description\":\"Figurines et Peintures\",\"publisher\":{\"@id\":\"https:\/\/www.coccigames.com\/#organization\"},\"potentialAction\":[{\"@type\":\"SearchAction\",\"target\":{\"@type\":\"EntryPoint\",\"urlTemplate\":\"https:\/\/www.coccigames.com\/?s={search_term_string}\"},\"query-input\":{\"@type\":\"PropertyValueSpecification\",\"valueRequired\":true,\"valueName\":\"search_term_string\"}}],\"inLanguage\":\"fr-FR\"},{\"@type\":\"Organization\",\"@id\":\"https:\/\/www.coccigames.com\/#organization\",\"name\":\"Coccigames\",\"url\":\"https:\/\/www.coccigames.com\/\",\"logo\":{\"@type\":\"ImageObject\",\"inLanguage\":\"fr-FR\",\"@id\":\"https:\/\/www.coccigames.com\/#\/schema\/logo\/image\/\",\"url\":\"https:\/\/www.coccigames.com\/wp-content\/uploads\/2025\/12\/coccigames_logo_v5.png\",\"contentUrl\":\"https:\/\/www.coccigames.com\/wp-content\/uploads\/2025\/12\/coccigames_logo_v5.png\",\"width\":1768,\"height\":424,\"caption\":\"Coccigames\"},\"image\":{\"@id\":\"https:\/\/www.coccigames.com\/#\/schema\/logo\/image\/\"}}]}<\/script>\n<!-- \/ Yoast SEO plugin. -->","yoast_head_json":{"title":"MALCADOR INFERNUS ET CHASSEURS DE CHARS VALDORS - Coccigames","robots":{"index":"index","follow":"follow","max-snippet":"max-snippet:-1","max-image-preview":"max-image-preview:large","max-video-preview":"max-video-preview:-1"},"canonical":"https:\/\/www.coccigames.com\/index.php\/produit\/malcador-infernus-valdors\/","og_locale":"fr_FR","og_type":"article","og_title":"MALCADOR INFERNUS ET CHASSEURS DE CHARS VALDORS - Coccigames","og_description":"Le Malcador Infernus et le Chasseur de Chars Valdor sont deux variantes du char Malcador omnipr\u00e9sent, qui profitent de son ch\u00e2ssis pour transporter des armes lourdes sp\u00e9cialis\u00e9es. La puissance du Malcador Infernus est presque in\u00e9luctable pour ses ennemis, car il vomit d&rsquo;interminables torrents de flammes&hellip;","og_url":"https:\/\/www.coccigames.com\/index.php\/produit\/malcador-infernus-valdors\/","og_site_name":"Coccigames","article_modified_time":"2026-04-06T07:28:31+00:00","og_image":[{"width":918,"height":948,"url":"https:\/\/www.coccigames.com\/wp-content\/uploads\/2025\/12\/99122605009_SolarAuxiliaMalcadorInfernusValdors6.jpg","type":"image\/jpeg"}],"twitter_card":"summary_large_image","twitter_misc":{"Dur\u00e9e de lecture estim\u00e9e":"2 minutes"},"schema":{"@context":"https:\/\/schema.org","@graph":[{"@type":"WebPage","@id":"https:\/\/www.coccigames.com\/index.php\/produit\/malcador-infernus-valdors\/","url":"https:\/\/www.coccigames.com\/index.php\/produit\/malcador-infernus-valdors\/","name":"MALCADOR INFERNUS ET CHASSEURS DE CHARS VALDORS - Coccigames","isPartOf":{"@id":"https:\/\/www.coccigames.com\/#website"},"primaryImageOfPage":{"@id":"https:\/\/www.coccigames.com\/index.php\/produit\/malcador-infernus-valdors\/#primaryimage"},"image":{"@id":"https:\/\/www.coccigames.com\/index.php\/produit\/malcador-infernus-valdors\/#primaryimage"},"thumbnailUrl":"https:\/\/www.coccigames.com\/wp-content\/uploads\/2025\/12\/99122605009_SolarAuxiliaMalcadorInfernusValdors6.jpg","datePublished":"2025-12-20T12:22:28+00:00","dateModified":"2026-04-06T07:28:31+00:00","breadcrumb":{"@id":"https:\/\/www.coccigames.com\/index.php\/produit\/malcador-infernus-valdors\/#breadcrumb"},"inLanguage":"fr-FR","potentialAction":[{"@type":"ReadAction","target":["https:\/\/www.coccigames.com\/index.php\/produit\/malcador-infernus-valdors\/"]}]},{"@type":"ImageObject","inLanguage":"fr-FR","@id":"https:\/\/www.coccigames.com\/index.php\/produit\/malcador-infernus-valdors\/#primaryimage","url":"https:\/\/www.coccigames.com\/wp-content\/uploads\/2025\/12\/99122605009_SolarAuxiliaMalcadorInfernusValdors6.jpg","contentUrl":"https:\/\/www.coccigames.com\/wp-content\/uploads\/2025\/12\/99122605009_SolarAuxiliaMalcadorInfernusValdors6.jpg","width":918,"height":948},{"@type":"BreadcrumbList","@id":"https:\/\/www.coccigames.com\/index.php\/produit\/malcador-infernus-valdors\/#breadcrumb","itemListElement":[{"@type":"ListItem","position":1,"name":"Accueil","item":"https:\/\/www.coccigames.com\/"},{"@type":"ListItem","position":2,"name":"Boutique","item":"https:\/\/www.coccigames.com\/index.php\/boutique\/"},{"@type":"ListItem","position":3,"name":"MALCADOR INFERNUS ET CHASSEURS DE CHARS VALDORS"}]},{"@type":"WebSite","@id":"https:\/\/www.coccigames.com\/#website","url":"https:\/\/www.coccigames.com\/","name":"Coccigames - Figurines et Peintures","description":"Figurines et Peintures","publisher":{"@id":"https:\/\/www.coccigames.com\/#organization"},"potentialAction":[{"@type":"SearchAction","target":{"@type":"EntryPoint","urlTemplate":"https:\/\/www.coccigames.com\/?s={search_term_string}"},"query-input":{"@type":"PropertyValueSpecification","valueRequired":true,"valueName":"search_term_string"}}],"inLanguage":"fr-FR"},{"@type":"Organization","@id":"https:\/\/www.coccigames.com\/#organization","name":"Coccigames","url":"https:\/\/www.coccigames.com\/","logo":{"@type":"ImageObject","inLanguage":"fr-FR","@id":"https:\/\/www.coccigames.com\/#\/schema\/logo\/image\/","url":"https:\/\/www.coccigames.com\/wp-content\/uploads\/2025\/12\/coccigames_logo_v5.png","contentUrl":"https:\/\/www.coccigames.com\/wp-content\/uploads\/2025\/12\/coccigames_logo_v5.png","width":1768,"height":424,"caption":"Coccigames"},"image":{"@id":"https:\/\/www.coccigames.com\/#\/schema\/logo\/image\/"}}]}},"_links":{"self":[{"href":"https:\/\/www.coccigames.com\/index.php\/wp-json\/wp\/v2\/product\/13019","targetHints":{"allow":["GET"]}}],"collection":[{"href":"https:\/\/www.coccigames.com\/index.php\/wp-json\/wp\/v2\/product"}],"about":[{"href":"https:\/\/www.coccigames.com\/index.php\/wp-json\/wp\/v2\/types\/product"}],"replies":[{"embeddable":true,"href":"https:\/\/www.coccigames.com\/index.php\/wp-json\/wp\/v2\/comments?post=13019"}],"wp:featuredmedia":[{"embeddable":true,"href":"https:\/\/www.coccigames.com\/index.php\/wp-json\/wp\/v2\/media\/13149"}],"wp:attachment":[{"href":"https:\/\/www.coccigames.com\/index.php\/wp-json\/wp\/v2\/media?parent=13019"}],"wp:term":[{"taxonomy":"product_brand","embeddable":true,"href":"https:\/\/www.coccigames.com\/index.php\/wp-json\/wp\/v2\/product_brand?post=13019"},{"taxonomy":"product_cat","embeddable":true,"href":"https:\/\/www.coccigames.com\/index.php\/wp-json\/wp\/v2\/product_cat?post=13019"},{"taxonomy":"product_tag","embeddable":true,"href":"https:\/\/www.coccigames.com\/index.php\/wp-json\/wp\/v2\/product_tag?post=13019"}],"curies":[{"name":"wp","href":"https:\/\/api.w.org\/{rel}","templated":true}]}}