{"id":13017,"date":"2025-12-20T13:22:27","date_gmt":"2025-12-20T12:22:27","guid":{"rendered":"https:\/\/www.coccigames.com\/index.php\/produit\/avenger-strike-fighters\/"},"modified":"2026-04-06T09:28:30","modified_gmt":"2026-04-06T07:28:30","slug":"avenger-strike-fighters","status":"publish","type":"product","link":"https:\/\/www.coccigames.com\/index.php\/produit\/avenger-strike-fighters\/","title":{"rendered":"AVENGER STRIKE FIGHTERS"},"content":{"rendered":"<p>Le chasseur d&rsquo;attaque Avenger est un appareil air-sol con\u00e7u pour op\u00e9rer en soutien des cohortes de Solar Auxilia lors d&rsquo;invasions plan\u00e9taires. Baptis\u00e9 d&rsquo;apr\u00e8s son armement principal, le canon \u00e0 bolts Avenger, cet a\u00e9ronef est id\u00e9al pour mener des missions de mitraillage sur les formations ennemies blind\u00e9es en criblant de bolts \u00e0 r\u00e9action de masse les points faibles des coques. L&rsquo;Avenger peut \u00e9galement assumer le r\u00f4le secondaire d&rsquo;intercepteur, en fournissant un soutien a\u00e9rien de proximit\u00e9 aux troupes au sol contre les escadrons de bombardiers ennemis.<\/p>\n<p>Les Solar Auxilia ont un grand choix en mati\u00e8re de petits mais redoutables appareils de combat a\u00e9rien. Ajoutez des Avenger Strike Fighter \u00e0 vos forces et offrez-leur une grande puissance de feu, prot\u00e9g\u00e9e par une arme de queue, ce qui est rare sur d&rsquo;aussi petits a\u00e9ronefs. Leurs armes diversifi\u00e9es leur permettent de tenir un r\u00f4le d&rsquo;attaque au sol ou d&rsquo;\u00e9liminer les bombardiers lents. Ils ont \u00e9galement un style unique qui les fera ressortir au sein de votre force gr\u00e2ce \u00e0 leurs ailes recourb\u00e9es, leurs moteurs apparents et leur queue large.<\/p>\n<p>Ces figurines peuvent \u00e9galement \u00eatre utilis\u00e9es dans les parties d&rsquo;Aeronautica Imperialis en les montant sur des socles Aeronautica Imperialis, vendus s\u00e9par\u00e9ment.<\/p>\n<p><strong>Ce set contient:<\/strong><\/p>\n<p>&#8211; 4x figurines en plastique de Solar Auxilia Avenger Strike Fighters<\/p>\n<p>&#8211; 4x Socles Ronds Volants Legions Imperialis de 40mm avec tige \u00e0 rotule<\/p>\n<p>&#8211; 1x planche de d\u00e9calcos d&rsquo;Escadron d&rsquo;Avenger<\/p>\n","protected":false},"excerpt":{"rendered":"<p>Le chasseur d&rsquo;attaque Avenger est un appareil air-sol con\u00e7u pour op\u00e9rer en soutien des cohortes de Solar Auxilia lors d&rsquo;invasions plan\u00e9taires. Baptis\u00e9 d&rsquo;apr\u00e8s son armement principal, le canon \u00e0 bolts Avenger, cet a\u00e9ronef est id\u00e9al pour mener des missions de mitraillage sur les formations ennemies&hellip;<\/p>\n","protected":false},"featured_media":13145,"comment_status":"open","ping_status":"closed","template":"","meta":[],"product_brand":[23],"product_cat":[6198],"product_tag":[6184,224],"class_list":{"0":"post-13017","1":"product","2":"type-product","3":"status-publish","4":"has-post-thumbnail","6":"product_brand-games-workshop","7":"product_cat-solar-auxilia","8":"product_tag-legion-imperialis","9":"product_tag-solar-auxilia","11":"first","12":"outofstock","13":"sale","14":"taxable","15":"shipping-taxable","16":"purchasable","17":"product-type-simple"},"yoast_head":"<!-- This site is optimized with the Yoast SEO plugin v26.4 - https:\/\/yoast.com\/wordpress\/plugins\/seo\/ -->\n<title>AVENGER STRIKE FIGHTERS - Coccigames<\/title>\n<meta name=\"robots\" content=\"index, follow, max-snippet:-1, max-image-preview:large, max-video-preview:-1\" \/>\n<link rel=\"canonical\" href=\"https:\/\/www.coccigames.com\/index.php\/produit\/avenger-strike-fighters\/\" \/>\n<meta property=\"og:locale\" content=\"fr_FR\" \/>\n<meta property=\"og:type\" content=\"article\" \/>\n<meta property=\"og:title\" content=\"AVENGER STRIKE FIGHTERS - Coccigames\" \/>\n<meta property=\"og:description\" content=\"Le chasseur d&rsquo;attaque Avenger est un appareil air-sol con\u00e7u pour op\u00e9rer en soutien des cohortes de Solar Auxilia lors d&rsquo;invasions plan\u00e9taires. Baptis\u00e9 d&rsquo;apr\u00e8s son armement principal, le canon \u00e0 bolts Avenger, cet a\u00e9ronef est id\u00e9al pour mener des missions de mitraillage sur les formations ennemies&hellip;\" \/>\n<meta property=\"og:url\" content=\"https:\/\/www.coccigames.com\/index.php\/produit\/avenger-strike-fighters\/\" \/>\n<meta property=\"og:site_name\" content=\"Coccigames\" \/>\n<meta property=\"article:modified_time\" content=\"2026-04-06T07:28:30+00:00\" \/>\n<meta property=\"og:image\" content=\"https:\/\/www.coccigames.com\/wp-content\/uploads\/2025\/12\/99122608006_AvengerStrikeFighters6.jpg\" \/>\n\t<meta property=\"og:image:width\" content=\"918\" \/>\n\t<meta property=\"og:image:height\" content=\"948\" \/>\n\t<meta property=\"og:image:type\" content=\"image\/jpeg\" \/>\n<meta name=\"twitter:card\" content=\"summary_large_image\" \/>\n<meta name=\"twitter:label1\" content=\"Dur\u00e9e de lecture estim\u00e9e\" \/>\n\t<meta name=\"twitter:data1\" content=\"2 minutes\" \/>\n<script type=\"application\/ld+json\" class=\"yoast-schema-graph\">{\"@context\":\"https:\/\/schema.org\",\"@graph\":[{\"@type\":\"WebPage\",\"@id\":\"https:\/\/www.coccigames.com\/index.php\/produit\/avenger-strike-fighters\/\",\"url\":\"https:\/\/www.coccigames.com\/index.php\/produit\/avenger-strike-fighters\/\",\"name\":\"AVENGER STRIKE FIGHTERS - Coccigames\",\"isPartOf\":{\"@id\":\"https:\/\/www.coccigames.com\/#website\"},\"primaryImageOfPage\":{\"@id\":\"https:\/\/www.coccigames.com\/index.php\/produit\/avenger-strike-fighters\/#primaryimage\"},\"image\":{\"@id\":\"https:\/\/www.coccigames.com\/index.php\/produit\/avenger-strike-fighters\/#primaryimage\"},\"thumbnailUrl\":\"https:\/\/www.coccigames.com\/wp-content\/uploads\/2025\/12\/99122608006_AvengerStrikeFighters6.jpg\",\"datePublished\":\"2025-12-20T12:22:27+00:00\",\"dateModified\":\"2026-04-06T07:28:30+00:00\",\"breadcrumb\":{\"@id\":\"https:\/\/www.coccigames.com\/index.php\/produit\/avenger-strike-fighters\/#breadcrumb\"},\"inLanguage\":\"fr-FR\",\"potentialAction\":[{\"@type\":\"ReadAction\",\"target\":[\"https:\/\/www.coccigames.com\/index.php\/produit\/avenger-strike-fighters\/\"]}]},{\"@type\":\"ImageObject\",\"inLanguage\":\"fr-FR\",\"@id\":\"https:\/\/www.coccigames.com\/index.php\/produit\/avenger-strike-fighters\/#primaryimage\",\"url\":\"https:\/\/www.coccigames.com\/wp-content\/uploads\/2025\/12\/99122608006_AvengerStrikeFighters6.jpg\",\"contentUrl\":\"https:\/\/www.coccigames.com\/wp-content\/uploads\/2025\/12\/99122608006_AvengerStrikeFighters6.jpg\",\"width\":918,\"height\":948},{\"@type\":\"BreadcrumbList\",\"@id\":\"https:\/\/www.coccigames.com\/index.php\/produit\/avenger-strike-fighters\/#breadcrumb\",\"itemListElement\":[{\"@type\":\"ListItem\",\"position\":1,\"name\":\"Accueil\",\"item\":\"https:\/\/www.coccigames.com\/\"},{\"@type\":\"ListItem\",\"position\":2,\"name\":\"Boutique\",\"item\":\"https:\/\/www.coccigames.com\/index.php\/boutique\/\"},{\"@type\":\"ListItem\",\"position\":3,\"name\":\"AVENGER STRIKE FIGHTERS\"}]},{\"@type\":\"WebSite\",\"@id\":\"https:\/\/www.coccigames.com\/#website\",\"url\":\"https:\/\/www.coccigames.com\/\",\"name\":\"Coccigames - Figurines et Peintures\",\"description\":\"Figurines et Peintures\",\"publisher\":{\"@id\":\"https:\/\/www.coccigames.com\/#organization\"},\"potentialAction\":[{\"@type\":\"SearchAction\",\"target\":{\"@type\":\"EntryPoint\",\"urlTemplate\":\"https:\/\/www.coccigames.com\/?s={search_term_string}\"},\"query-input\":{\"@type\":\"PropertyValueSpecification\",\"valueRequired\":true,\"valueName\":\"search_term_string\"}}],\"inLanguage\":\"fr-FR\"},{\"@type\":\"Organization\",\"@id\":\"https:\/\/www.coccigames.com\/#organization\",\"name\":\"Coccigames\",\"url\":\"https:\/\/www.coccigames.com\/\",\"logo\":{\"@type\":\"ImageObject\",\"inLanguage\":\"fr-FR\",\"@id\":\"https:\/\/www.coccigames.com\/#\/schema\/logo\/image\/\",\"url\":\"https:\/\/www.coccigames.com\/wp-content\/uploads\/2025\/12\/coccigames_logo_v5.png\",\"contentUrl\":\"https:\/\/www.coccigames.com\/wp-content\/uploads\/2025\/12\/coccigames_logo_v5.png\",\"width\":1768,\"height\":424,\"caption\":\"Coccigames\"},\"image\":{\"@id\":\"https:\/\/www.coccigames.com\/#\/schema\/logo\/image\/\"}}]}<\/script>\n<!-- \/ Yoast SEO plugin. -->","yoast_head_json":{"title":"AVENGER STRIKE FIGHTERS - Coccigames","robots":{"index":"index","follow":"follow","max-snippet":"max-snippet:-1","max-image-preview":"max-image-preview:large","max-video-preview":"max-video-preview:-1"},"canonical":"https:\/\/www.coccigames.com\/index.php\/produit\/avenger-strike-fighters\/","og_locale":"fr_FR","og_type":"article","og_title":"AVENGER STRIKE FIGHTERS - Coccigames","og_description":"Le chasseur d&rsquo;attaque Avenger est un appareil air-sol con\u00e7u pour op\u00e9rer en soutien des cohortes de Solar Auxilia lors d&rsquo;invasions plan\u00e9taires. Baptis\u00e9 d&rsquo;apr\u00e8s son armement principal, le canon \u00e0 bolts Avenger, cet a\u00e9ronef est id\u00e9al pour mener des missions de mitraillage sur les formations ennemies&hellip;","og_url":"https:\/\/www.coccigames.com\/index.php\/produit\/avenger-strike-fighters\/","og_site_name":"Coccigames","article_modified_time":"2026-04-06T07:28:30+00:00","og_image":[{"width":918,"height":948,"url":"https:\/\/www.coccigames.com\/wp-content\/uploads\/2025\/12\/99122608006_AvengerStrikeFighters6.jpg","type":"image\/jpeg"}],"twitter_card":"summary_large_image","twitter_misc":{"Dur\u00e9e de lecture estim\u00e9e":"2 minutes"},"schema":{"@context":"https:\/\/schema.org","@graph":[{"@type":"WebPage","@id":"https:\/\/www.coccigames.com\/index.php\/produit\/avenger-strike-fighters\/","url":"https:\/\/www.coccigames.com\/index.php\/produit\/avenger-strike-fighters\/","name":"AVENGER STRIKE FIGHTERS - Coccigames","isPartOf":{"@id":"https:\/\/www.coccigames.com\/#website"},"primaryImageOfPage":{"@id":"https:\/\/www.coccigames.com\/index.php\/produit\/avenger-strike-fighters\/#primaryimage"},"image":{"@id":"https:\/\/www.coccigames.com\/index.php\/produit\/avenger-strike-fighters\/#primaryimage"},"thumbnailUrl":"https:\/\/www.coccigames.com\/wp-content\/uploads\/2025\/12\/99122608006_AvengerStrikeFighters6.jpg","datePublished":"2025-12-20T12:22:27+00:00","dateModified":"2026-04-06T07:28:30+00:00","breadcrumb":{"@id":"https:\/\/www.coccigames.com\/index.php\/produit\/avenger-strike-fighters\/#breadcrumb"},"inLanguage":"fr-FR","potentialAction":[{"@type":"ReadAction","target":["https:\/\/www.coccigames.com\/index.php\/produit\/avenger-strike-fighters\/"]}]},{"@type":"ImageObject","inLanguage":"fr-FR","@id":"https:\/\/www.coccigames.com\/index.php\/produit\/avenger-strike-fighters\/#primaryimage","url":"https:\/\/www.coccigames.com\/wp-content\/uploads\/2025\/12\/99122608006_AvengerStrikeFighters6.jpg","contentUrl":"https:\/\/www.coccigames.com\/wp-content\/uploads\/2025\/12\/99122608006_AvengerStrikeFighters6.jpg","width":918,"height":948},{"@type":"BreadcrumbList","@id":"https:\/\/www.coccigames.com\/index.php\/produit\/avenger-strike-fighters\/#breadcrumb","itemListElement":[{"@type":"ListItem","position":1,"name":"Accueil","item":"https:\/\/www.coccigames.com\/"},{"@type":"ListItem","position":2,"name":"Boutique","item":"https:\/\/www.coccigames.com\/index.php\/boutique\/"},{"@type":"ListItem","position":3,"name":"AVENGER STRIKE FIGHTERS"}]},{"@type":"WebSite","@id":"https:\/\/www.coccigames.com\/#website","url":"https:\/\/www.coccigames.com\/","name":"Coccigames - Figurines et Peintures","description":"Figurines et Peintures","publisher":{"@id":"https:\/\/www.coccigames.com\/#organization"},"potentialAction":[{"@type":"SearchAction","target":{"@type":"EntryPoint","urlTemplate":"https:\/\/www.coccigames.com\/?s={search_term_string}"},"query-input":{"@type":"PropertyValueSpecification","valueRequired":true,"valueName":"search_term_string"}}],"inLanguage":"fr-FR"},{"@type":"Organization","@id":"https:\/\/www.coccigames.com\/#organization","name":"Coccigames","url":"https:\/\/www.coccigames.com\/","logo":{"@type":"ImageObject","inLanguage":"fr-FR","@id":"https:\/\/www.coccigames.com\/#\/schema\/logo\/image\/","url":"https:\/\/www.coccigames.com\/wp-content\/uploads\/2025\/12\/coccigames_logo_v5.png","contentUrl":"https:\/\/www.coccigames.com\/wp-content\/uploads\/2025\/12\/coccigames_logo_v5.png","width":1768,"height":424,"caption":"Coccigames"},"image":{"@id":"https:\/\/www.coccigames.com\/#\/schema\/logo\/image\/"}}]}},"_links":{"self":[{"href":"https:\/\/www.coccigames.com\/index.php\/wp-json\/wp\/v2\/product\/13017","targetHints":{"allow":["GET"]}}],"collection":[{"href":"https:\/\/www.coccigames.com\/index.php\/wp-json\/wp\/v2\/product"}],"about":[{"href":"https:\/\/www.coccigames.com\/index.php\/wp-json\/wp\/v2\/types\/product"}],"replies":[{"embeddable":true,"href":"https:\/\/www.coccigames.com\/index.php\/wp-json\/wp\/v2\/comments?post=13017"}],"wp:featuredmedia":[{"embeddable":true,"href":"https:\/\/www.coccigames.com\/index.php\/wp-json\/wp\/v2\/media\/13145"}],"wp:attachment":[{"href":"https:\/\/www.coccigames.com\/index.php\/wp-json\/wp\/v2\/media?parent=13017"}],"wp:term":[{"taxonomy":"product_brand","embeddable":true,"href":"https:\/\/www.coccigames.com\/index.php\/wp-json\/wp\/v2\/product_brand?post=13017"},{"taxonomy":"product_cat","embeddable":true,"href":"https:\/\/www.coccigames.com\/index.php\/wp-json\/wp\/v2\/product_cat?post=13017"},{"taxonomy":"product_tag","embeddable":true,"href":"https:\/\/www.coccigames.com\/index.php\/wp-json\/wp\/v2\/product_tag?post=13017"}],"curies":[{"name":"wp","href":"https:\/\/api.w.org\/{rel}","templated":true}]}}