{"id":13016,"date":"2025-12-20T13:22:26","date_gmt":"2025-12-20T12:22:26","guid":{"rendered":"https:\/\/www.coccigames.com\/index.php\/produit\/thunderbolt-fighters-squadron\/"},"modified":"2026-04-06T09:28:30","modified_gmt":"2026-04-06T07:28:30","slug":"thunderbolt-fighters-squadron","status":"publish","type":"product","link":"https:\/\/www.coccigames.com\/index.php\/produit\/thunderbolt-fighters-squadron\/","title":{"rendered":"THUNDERBOLT FIGHTERS SQUADRON"},"content":{"rendered":"<p>Le Thunderbolt est un chasseur lourd combinant une puissance de feu d\u00e9vastatrice \u00e0 une vitesse et une man\u0153uvrabilit\u00e9 exceptionnelles. Les escadrons de ces appareils sont au c\u0153ur des formations atmosph\u00e9riques de l&rsquo;Armada Imp\u00e9riale. Bien que le r\u00f4le principal du Thunderbolt soit d&rsquo;assurer la sup\u00e9riorit\u00e9 a\u00e9rienne, sa principale caract\u00e9ristique est son impressionnante r\u00e9sistance: il n&rsquo;est pas rare que des Thunderbolt reviennent \u00e0 la base avec des d\u00e9g\u00e2ts qui auraient sign\u00e9 la mort d&rsquo;a\u00e9ronefs inf\u00e9rieurs.<\/p>\n<p>Si vous cherchez \u00e0 dominer les airs, les chasseurs Thunderbolt sont faits pour vous. Ces appareils polyvalents sont \u00e9quip\u00e9s de canons laser jumel\u00e9s qui vous permettent de d\u00e9vaster les colonnes blind\u00e9es ennemies, ainsi que d&rsquo;autocanons quadruples ou de canons \u00e0 bolts Avenger pour d\u00e9chiqueter les a\u00e9ronefs ennemis ainsi que les cibles au sol.<\/p>\n<p>Ces figurines peuvent \u00e9galement \u00eatre utilis\u00e9es dans les parties d&rsquo;Aeronautica Imperialis en les montant sur des socles Aeronautica Imperialis, vendus s\u00e9par\u00e9ment.<\/p>\n<p><strong>Ce set contient:<\/strong><\/p>\n<p>&#8211; 4x figurines de chasseurs Thunderbolt en plastique (tout ou partie de ces figurines peuvent \u00eatre assembl\u00e9es avec des canons \u00e0 bolts Avenger plut\u00f4t qu&rsquo;avec des autocanons quadruples. Le kit contient \u00e9galement un choix de missiles Hellstrike, de missiles Skystrike ou de bombes externes avec lesquels \u00e9quiper vos figurines.)<\/p>\n<p>&#8211; 4x Socles Ronds Volants Legions Imperialis de 40mm avec tige \u00e0 rotule<\/p>\n<p>&#8211; 1x planche de d\u00e9calcos de Thunderbolt<\/p>\n","protected":false},"excerpt":{"rendered":"<p>Le Thunderbolt est un chasseur lourd combinant une puissance de feu d\u00e9vastatrice \u00e0 une vitesse et une man\u0153uvrabilit\u00e9 exceptionnelles. Les escadrons de ces appareils sont au c\u0153ur des formations atmosph\u00e9riques de l&rsquo;Armada Imp\u00e9riale. Bien que le r\u00f4le principal du Thunderbolt soit d&rsquo;assurer la sup\u00e9riorit\u00e9 a\u00e9rienne,&hellip;<\/p>\n","protected":false},"featured_media":13141,"comment_status":"open","ping_status":"closed","template":"","meta":[],"product_brand":[23],"product_cat":[6198],"product_tag":[6184,224],"class_list":{"0":"post-13016","1":"product","2":"type-product","3":"status-publish","4":"has-post-thumbnail","6":"product_brand-games-workshop","7":"product_cat-solar-auxilia","8":"product_tag-legion-imperialis","9":"product_tag-solar-auxilia","11":"first","12":"outofstock","13":"sale","14":"taxable","15":"shipping-taxable","16":"purchasable","17":"product-type-simple"},"yoast_head":"<!-- This site is optimized with the Yoast SEO plugin v26.4 - https:\/\/yoast.com\/wordpress\/plugins\/seo\/ -->\n<title>THUNDERBOLT FIGHTERS SQUADRON - Coccigames<\/title>\n<meta name=\"robots\" content=\"index, follow, max-snippet:-1, max-image-preview:large, max-video-preview:-1\" \/>\n<link rel=\"canonical\" href=\"https:\/\/www.coccigames.com\/index.php\/produit\/thunderbolt-fighters-squadron\/\" \/>\n<meta property=\"og:locale\" content=\"fr_FR\" \/>\n<meta property=\"og:type\" content=\"article\" \/>\n<meta property=\"og:title\" content=\"THUNDERBOLT FIGHTERS SQUADRON - Coccigames\" \/>\n<meta property=\"og:description\" content=\"Le Thunderbolt est un chasseur lourd combinant une puissance de feu d\u00e9vastatrice \u00e0 une vitesse et une man\u0153uvrabilit\u00e9 exceptionnelles. Les escadrons de ces appareils sont au c\u0153ur des formations atmosph\u00e9riques de l&rsquo;Armada Imp\u00e9riale. Bien que le r\u00f4le principal du Thunderbolt soit d&rsquo;assurer la sup\u00e9riorit\u00e9 a\u00e9rienne,&hellip;\" \/>\n<meta property=\"og:url\" content=\"https:\/\/www.coccigames.com\/index.php\/produit\/thunderbolt-fighters-squadron\/\" \/>\n<meta property=\"og:site_name\" content=\"Coccigames\" \/>\n<meta property=\"article:modified_time\" content=\"2026-04-06T07:28:30+00:00\" \/>\n<meta property=\"og:image\" content=\"https:\/\/www.coccigames.com\/wp-content\/uploads\/2025\/12\/99122608002_ThunderboltFighterSquadron6.jpg\" \/>\n\t<meta property=\"og:image:width\" content=\"918\" \/>\n\t<meta property=\"og:image:height\" content=\"948\" \/>\n\t<meta property=\"og:image:type\" content=\"image\/jpeg\" \/>\n<meta name=\"twitter:card\" content=\"summary_large_image\" \/>\n<meta name=\"twitter:label1\" content=\"Dur\u00e9e de lecture estim\u00e9e\" \/>\n\t<meta name=\"twitter:data1\" content=\"2 minutes\" \/>\n<script type=\"application\/ld+json\" class=\"yoast-schema-graph\">{\"@context\":\"https:\/\/schema.org\",\"@graph\":[{\"@type\":\"WebPage\",\"@id\":\"https:\/\/www.coccigames.com\/index.php\/produit\/thunderbolt-fighters-squadron\/\",\"url\":\"https:\/\/www.coccigames.com\/index.php\/produit\/thunderbolt-fighters-squadron\/\",\"name\":\"THUNDERBOLT FIGHTERS SQUADRON - Coccigames\",\"isPartOf\":{\"@id\":\"https:\/\/www.coccigames.com\/#website\"},\"primaryImageOfPage\":{\"@id\":\"https:\/\/www.coccigames.com\/index.php\/produit\/thunderbolt-fighters-squadron\/#primaryimage\"},\"image\":{\"@id\":\"https:\/\/www.coccigames.com\/index.php\/produit\/thunderbolt-fighters-squadron\/#primaryimage\"},\"thumbnailUrl\":\"https:\/\/www.coccigames.com\/wp-content\/uploads\/2025\/12\/99122608002_ThunderboltFighterSquadron6.jpg\",\"datePublished\":\"2025-12-20T12:22:26+00:00\",\"dateModified\":\"2026-04-06T07:28:30+00:00\",\"breadcrumb\":{\"@id\":\"https:\/\/www.coccigames.com\/index.php\/produit\/thunderbolt-fighters-squadron\/#breadcrumb\"},\"inLanguage\":\"fr-FR\",\"potentialAction\":[{\"@type\":\"ReadAction\",\"target\":[\"https:\/\/www.coccigames.com\/index.php\/produit\/thunderbolt-fighters-squadron\/\"]}]},{\"@type\":\"ImageObject\",\"inLanguage\":\"fr-FR\",\"@id\":\"https:\/\/www.coccigames.com\/index.php\/produit\/thunderbolt-fighters-squadron\/#primaryimage\",\"url\":\"https:\/\/www.coccigames.com\/wp-content\/uploads\/2025\/12\/99122608002_ThunderboltFighterSquadron6.jpg\",\"contentUrl\":\"https:\/\/www.coccigames.com\/wp-content\/uploads\/2025\/12\/99122608002_ThunderboltFighterSquadron6.jpg\",\"width\":918,\"height\":948},{\"@type\":\"BreadcrumbList\",\"@id\":\"https:\/\/www.coccigames.com\/index.php\/produit\/thunderbolt-fighters-squadron\/#breadcrumb\",\"itemListElement\":[{\"@type\":\"ListItem\",\"position\":1,\"name\":\"Accueil\",\"item\":\"https:\/\/www.coccigames.com\/\"},{\"@type\":\"ListItem\",\"position\":2,\"name\":\"Boutique\",\"item\":\"https:\/\/www.coccigames.com\/index.php\/boutique\/\"},{\"@type\":\"ListItem\",\"position\":3,\"name\":\"THUNDERBOLT FIGHTERS SQUADRON\"}]},{\"@type\":\"WebSite\",\"@id\":\"https:\/\/www.coccigames.com\/#website\",\"url\":\"https:\/\/www.coccigames.com\/\",\"name\":\"Coccigames - Figurines et Peintures\",\"description\":\"Figurines et Peintures\",\"publisher\":{\"@id\":\"https:\/\/www.coccigames.com\/#organization\"},\"potentialAction\":[{\"@type\":\"SearchAction\",\"target\":{\"@type\":\"EntryPoint\",\"urlTemplate\":\"https:\/\/www.coccigames.com\/?s={search_term_string}\"},\"query-input\":{\"@type\":\"PropertyValueSpecification\",\"valueRequired\":true,\"valueName\":\"search_term_string\"}}],\"inLanguage\":\"fr-FR\"},{\"@type\":\"Organization\",\"@id\":\"https:\/\/www.coccigames.com\/#organization\",\"name\":\"Coccigames\",\"url\":\"https:\/\/www.coccigames.com\/\",\"logo\":{\"@type\":\"ImageObject\",\"inLanguage\":\"fr-FR\",\"@id\":\"https:\/\/www.coccigames.com\/#\/schema\/logo\/image\/\",\"url\":\"https:\/\/www.coccigames.com\/wp-content\/uploads\/2025\/12\/coccigames_logo_v5.png\",\"contentUrl\":\"https:\/\/www.coccigames.com\/wp-content\/uploads\/2025\/12\/coccigames_logo_v5.png\",\"width\":1768,\"height\":424,\"caption\":\"Coccigames\"},\"image\":{\"@id\":\"https:\/\/www.coccigames.com\/#\/schema\/logo\/image\/\"}}]}<\/script>\n<!-- \/ Yoast SEO plugin. -->","yoast_head_json":{"title":"THUNDERBOLT FIGHTERS SQUADRON - Coccigames","robots":{"index":"index","follow":"follow","max-snippet":"max-snippet:-1","max-image-preview":"max-image-preview:large","max-video-preview":"max-video-preview:-1"},"canonical":"https:\/\/www.coccigames.com\/index.php\/produit\/thunderbolt-fighters-squadron\/","og_locale":"fr_FR","og_type":"article","og_title":"THUNDERBOLT FIGHTERS SQUADRON - Coccigames","og_description":"Le Thunderbolt est un chasseur lourd combinant une puissance de feu d\u00e9vastatrice \u00e0 une vitesse et une man\u0153uvrabilit\u00e9 exceptionnelles. Les escadrons de ces appareils sont au c\u0153ur des formations atmosph\u00e9riques de l&rsquo;Armada Imp\u00e9riale. Bien que le r\u00f4le principal du Thunderbolt soit d&rsquo;assurer la sup\u00e9riorit\u00e9 a\u00e9rienne,&hellip;","og_url":"https:\/\/www.coccigames.com\/index.php\/produit\/thunderbolt-fighters-squadron\/","og_site_name":"Coccigames","article_modified_time":"2026-04-06T07:28:30+00:00","og_image":[{"width":918,"height":948,"url":"https:\/\/www.coccigames.com\/wp-content\/uploads\/2025\/12\/99122608002_ThunderboltFighterSquadron6.jpg","type":"image\/jpeg"}],"twitter_card":"summary_large_image","twitter_misc":{"Dur\u00e9e de lecture estim\u00e9e":"2 minutes"},"schema":{"@context":"https:\/\/schema.org","@graph":[{"@type":"WebPage","@id":"https:\/\/www.coccigames.com\/index.php\/produit\/thunderbolt-fighters-squadron\/","url":"https:\/\/www.coccigames.com\/index.php\/produit\/thunderbolt-fighters-squadron\/","name":"THUNDERBOLT FIGHTERS SQUADRON - Coccigames","isPartOf":{"@id":"https:\/\/www.coccigames.com\/#website"},"primaryImageOfPage":{"@id":"https:\/\/www.coccigames.com\/index.php\/produit\/thunderbolt-fighters-squadron\/#primaryimage"},"image":{"@id":"https:\/\/www.coccigames.com\/index.php\/produit\/thunderbolt-fighters-squadron\/#primaryimage"},"thumbnailUrl":"https:\/\/www.coccigames.com\/wp-content\/uploads\/2025\/12\/99122608002_ThunderboltFighterSquadron6.jpg","datePublished":"2025-12-20T12:22:26+00:00","dateModified":"2026-04-06T07:28:30+00:00","breadcrumb":{"@id":"https:\/\/www.coccigames.com\/index.php\/produit\/thunderbolt-fighters-squadron\/#breadcrumb"},"inLanguage":"fr-FR","potentialAction":[{"@type":"ReadAction","target":["https:\/\/www.coccigames.com\/index.php\/produit\/thunderbolt-fighters-squadron\/"]}]},{"@type":"ImageObject","inLanguage":"fr-FR","@id":"https:\/\/www.coccigames.com\/index.php\/produit\/thunderbolt-fighters-squadron\/#primaryimage","url":"https:\/\/www.coccigames.com\/wp-content\/uploads\/2025\/12\/99122608002_ThunderboltFighterSquadron6.jpg","contentUrl":"https:\/\/www.coccigames.com\/wp-content\/uploads\/2025\/12\/99122608002_ThunderboltFighterSquadron6.jpg","width":918,"height":948},{"@type":"BreadcrumbList","@id":"https:\/\/www.coccigames.com\/index.php\/produit\/thunderbolt-fighters-squadron\/#breadcrumb","itemListElement":[{"@type":"ListItem","position":1,"name":"Accueil","item":"https:\/\/www.coccigames.com\/"},{"@type":"ListItem","position":2,"name":"Boutique","item":"https:\/\/www.coccigames.com\/index.php\/boutique\/"},{"@type":"ListItem","position":3,"name":"THUNDERBOLT FIGHTERS SQUADRON"}]},{"@type":"WebSite","@id":"https:\/\/www.coccigames.com\/#website","url":"https:\/\/www.coccigames.com\/","name":"Coccigames - Figurines et Peintures","description":"Figurines et Peintures","publisher":{"@id":"https:\/\/www.coccigames.com\/#organization"},"potentialAction":[{"@type":"SearchAction","target":{"@type":"EntryPoint","urlTemplate":"https:\/\/www.coccigames.com\/?s={search_term_string}"},"query-input":{"@type":"PropertyValueSpecification","valueRequired":true,"valueName":"search_term_string"}}],"inLanguage":"fr-FR"},{"@type":"Organization","@id":"https:\/\/www.coccigames.com\/#organization","name":"Coccigames","url":"https:\/\/www.coccigames.com\/","logo":{"@type":"ImageObject","inLanguage":"fr-FR","@id":"https:\/\/www.coccigames.com\/#\/schema\/logo\/image\/","url":"https:\/\/www.coccigames.com\/wp-content\/uploads\/2025\/12\/coccigames_logo_v5.png","contentUrl":"https:\/\/www.coccigames.com\/wp-content\/uploads\/2025\/12\/coccigames_logo_v5.png","width":1768,"height":424,"caption":"Coccigames"},"image":{"@id":"https:\/\/www.coccigames.com\/#\/schema\/logo\/image\/"}}]}},"_links":{"self":[{"href":"https:\/\/www.coccigames.com\/index.php\/wp-json\/wp\/v2\/product\/13016","targetHints":{"allow":["GET"]}}],"collection":[{"href":"https:\/\/www.coccigames.com\/index.php\/wp-json\/wp\/v2\/product"}],"about":[{"href":"https:\/\/www.coccigames.com\/index.php\/wp-json\/wp\/v2\/types\/product"}],"replies":[{"embeddable":true,"href":"https:\/\/www.coccigames.com\/index.php\/wp-json\/wp\/v2\/comments?post=13016"}],"wp:featuredmedia":[{"embeddable":true,"href":"https:\/\/www.coccigames.com\/index.php\/wp-json\/wp\/v2\/media\/13141"}],"wp:attachment":[{"href":"https:\/\/www.coccigames.com\/index.php\/wp-json\/wp\/v2\/media?parent=13016"}],"wp:term":[{"taxonomy":"product_brand","embeddable":true,"href":"https:\/\/www.coccigames.com\/index.php\/wp-json\/wp\/v2\/product_brand?post=13016"},{"taxonomy":"product_cat","embeddable":true,"href":"https:\/\/www.coccigames.com\/index.php\/wp-json\/wp\/v2\/product_cat?post=13016"},{"taxonomy":"product_tag","embeddable":true,"href":"https:\/\/www.coccigames.com\/index.php\/wp-json\/wp\/v2\/product_tag?post=13016"}],"curies":[{"name":"wp","href":"https:\/\/api.w.org\/{rel}","templated":true}]}}