{"id":13012,"date":"2025-12-20T13:22:23","date_gmt":"2025-12-20T12:22:23","guid":{"rendered":"https:\/\/www.coccigames.com\/index.php\/produit\/solar-auxilia-infantry\/"},"modified":"2026-04-06T09:28:30","modified_gmt":"2026-04-06T07:28:30","slug":"solar-auxilia-infantry","status":"publish","type":"product","link":"https:\/\/www.coccigames.com\/index.php\/produit\/solar-auxilia-infantry\/","title":{"rendered":"SOLAR AUXILIA INFANTRY"},"content":{"rendered":"<p>Les Solar Auxilia sont les corps d&rsquo;\u00e9lite de l&rsquo;Arm\u00e9e Imp\u00e9riale, recrut\u00e9s dans toute la galaxie. Les soldats des Solar Auxilia sont \u00e9quip\u00e9s des armes et \u00e9quipements n\u00e9cessaires pour livrer bataille dans certains des environnements les plus hostiles que l&rsquo;on puisse imaginer. Bien que largement plus faibles que les puissants Space Marines \u00e0 l&rsquo;\u00e9chelle individuelle, ces troupes se d\u00e9ploient en nombres bien plus importants et sont pr\u00eates \u00e0 sacrifier leur vie pour leur cause, qu&rsquo;elles aient jur\u00e9 fid\u00e9lit\u00e9 au Tr\u00f4ne d&rsquo;Or de Terra ou qu&rsquo;elles partagent les ambitions du Ma\u00eetre de Guerre rebelle de l&rsquo;Imperium.<\/p>\n<p>Ce kit plastique permet d&rsquo;assembler 104 figurines des Solar Auxilia \u00e0 l&rsquo;\u00e9chelle epic, r\u00e9parties sur 26 socles. Des Tercios \u00e9quip\u00e9s de fusils laser qui constituent les fantassins des Auxilia aux Veletarii d&rsquo;\u00e9lite arm\u00e9s de haches, les Solar Auxilia se tiennent pr\u00eates \u00e0 prendre et tenir leurs objectifs en appliquant leur discipline inflexible et la puissance pure de leurs effectifs. Soutenus par les Commandants L\u00e9gats, des escadrons de lance-flammes, les \u00e9normes Ogryns Charonites, et les Sentinels Lourds Aethon, ils jouissent d&rsquo;une puissance de feu mortelle qui surprendra quiconque sous-estime leur valeur de soldats mortels.<\/p>\n<p><strong>Ce set contient 104 figurines r\u00e9parties comme suit:<\/strong><\/p>\n<p>&#8211; 2x socles de Commandants L\u00e9gats, qui peuvent autrement \u00eatre assembl\u00e9s en socles de Commandement Tactique des Auxilia<\/p>\n<p>&#8211; 8x socles d&rsquo;Auxilia<\/p>\n<p>&#8211; 4x socles de Veletarii<\/p>\n<p>&#8211; 4x socles d&rsquo;Auxiliaires avec lance-flammes<\/p>\n<p>&#8211; 4x socles d&rsquo;Ogryns Charonites<\/p>\n<p>&#8211; 4x Sentinels Lourds Aethon<\/p>\n<p>&#8211; 26x Socles Ronds Legions Imperialis de 25mm<\/p>\n","protected":false},"excerpt":{"rendered":"<p>Les Solar Auxilia sont les corps d&rsquo;\u00e9lite de l&rsquo;Arm\u00e9e Imp\u00e9riale, recrut\u00e9s dans toute la galaxie. Les soldats des Solar Auxilia sont \u00e9quip\u00e9s des armes et \u00e9quipements n\u00e9cessaires pour livrer bataille dans certains des environnements les plus hostiles que l&rsquo;on puisse imaginer. Bien que largement plus&hellip;<\/p>\n","protected":false},"featured_media":13133,"comment_status":"open","ping_status":"closed","template":"","meta":[],"product_brand":[23],"product_cat":[6198],"product_tag":[6184,224],"class_list":{"0":"post-13012","1":"product","2":"type-product","3":"status-publish","4":"has-post-thumbnail","6":"product_brand-games-workshop","7":"product_cat-solar-auxilia","8":"product_tag-legion-imperialis","9":"product_tag-solar-auxilia","11":"first","12":"onbackorder","13":"sale","14":"taxable","15":"shipping-taxable","16":"purchasable","17":"product-type-simple"},"yoast_head":"<!-- This site is optimized with the Yoast SEO plugin v26.4 - https:\/\/yoast.com\/wordpress\/plugins\/seo\/ -->\n<title>SOLAR AUXILIA INFANTRY - Coccigames<\/title>\n<meta name=\"robots\" content=\"index, follow, max-snippet:-1, max-image-preview:large, max-video-preview:-1\" \/>\n<link rel=\"canonical\" href=\"https:\/\/www.coccigames.com\/index.php\/produit\/solar-auxilia-infantry\/\" \/>\n<meta property=\"og:locale\" content=\"fr_FR\" \/>\n<meta property=\"og:type\" content=\"article\" \/>\n<meta property=\"og:title\" content=\"SOLAR AUXILIA INFANTRY - Coccigames\" \/>\n<meta property=\"og:description\" content=\"Les Solar Auxilia sont les corps d&rsquo;\u00e9lite de l&rsquo;Arm\u00e9e Imp\u00e9riale, recrut\u00e9s dans toute la galaxie. Les soldats des Solar Auxilia sont \u00e9quip\u00e9s des armes et \u00e9quipements n\u00e9cessaires pour livrer bataille dans certains des environnements les plus hostiles que l&rsquo;on puisse imaginer. Bien que largement plus&hellip;\" \/>\n<meta property=\"og:url\" content=\"https:\/\/www.coccigames.com\/index.php\/produit\/solar-auxilia-infantry\/\" \/>\n<meta property=\"og:site_name\" content=\"Coccigames\" \/>\n<meta property=\"article:modified_time\" content=\"2026-04-06T07:28:30+00:00\" \/>\n<meta property=\"og:image\" content=\"https:\/\/www.coccigames.com\/wp-content\/uploads\/2025\/12\/99122605004_SolarAuxiliaInfantry5.jpg\" \/>\n\t<meta property=\"og:image:width\" content=\"918\" \/>\n\t<meta property=\"og:image:height\" content=\"948\" \/>\n\t<meta property=\"og:image:type\" content=\"image\/jpeg\" \/>\n<meta name=\"twitter:card\" content=\"summary_large_image\" \/>\n<meta name=\"twitter:label1\" content=\"Dur\u00e9e de lecture estim\u00e9e\" \/>\n\t<meta name=\"twitter:data1\" content=\"2 minutes\" \/>\n<script type=\"application\/ld+json\" class=\"yoast-schema-graph\">{\"@context\":\"https:\/\/schema.org\",\"@graph\":[{\"@type\":\"WebPage\",\"@id\":\"https:\/\/www.coccigames.com\/index.php\/produit\/solar-auxilia-infantry\/\",\"url\":\"https:\/\/www.coccigames.com\/index.php\/produit\/solar-auxilia-infantry\/\",\"name\":\"SOLAR AUXILIA INFANTRY - Coccigames\",\"isPartOf\":{\"@id\":\"https:\/\/www.coccigames.com\/#website\"},\"primaryImageOfPage\":{\"@id\":\"https:\/\/www.coccigames.com\/index.php\/produit\/solar-auxilia-infantry\/#primaryimage\"},\"image\":{\"@id\":\"https:\/\/www.coccigames.com\/index.php\/produit\/solar-auxilia-infantry\/#primaryimage\"},\"thumbnailUrl\":\"https:\/\/www.coccigames.com\/wp-content\/uploads\/2025\/12\/99122605004_SolarAuxiliaInfantry5.jpg\",\"datePublished\":\"2025-12-20T12:22:23+00:00\",\"dateModified\":\"2026-04-06T07:28:30+00:00\",\"breadcrumb\":{\"@id\":\"https:\/\/www.coccigames.com\/index.php\/produit\/solar-auxilia-infantry\/#breadcrumb\"},\"inLanguage\":\"fr-FR\",\"potentialAction\":[{\"@type\":\"ReadAction\",\"target\":[\"https:\/\/www.coccigames.com\/index.php\/produit\/solar-auxilia-infantry\/\"]}]},{\"@type\":\"ImageObject\",\"inLanguage\":\"fr-FR\",\"@id\":\"https:\/\/www.coccigames.com\/index.php\/produit\/solar-auxilia-infantry\/#primaryimage\",\"url\":\"https:\/\/www.coccigames.com\/wp-content\/uploads\/2025\/12\/99122605004_SolarAuxiliaInfantry5.jpg\",\"contentUrl\":\"https:\/\/www.coccigames.com\/wp-content\/uploads\/2025\/12\/99122605004_SolarAuxiliaInfantry5.jpg\",\"width\":918,\"height\":948},{\"@type\":\"BreadcrumbList\",\"@id\":\"https:\/\/www.coccigames.com\/index.php\/produit\/solar-auxilia-infantry\/#breadcrumb\",\"itemListElement\":[{\"@type\":\"ListItem\",\"position\":1,\"name\":\"Accueil\",\"item\":\"https:\/\/www.coccigames.com\/\"},{\"@type\":\"ListItem\",\"position\":2,\"name\":\"Boutique\",\"item\":\"https:\/\/www.coccigames.com\/index.php\/boutique\/\"},{\"@type\":\"ListItem\",\"position\":3,\"name\":\"SOLAR AUXILIA INFANTRY\"}]},{\"@type\":\"WebSite\",\"@id\":\"https:\/\/www.coccigames.com\/#website\",\"url\":\"https:\/\/www.coccigames.com\/\",\"name\":\"Coccigames - Figurines et Peintures\",\"description\":\"Figurines et Peintures\",\"publisher\":{\"@id\":\"https:\/\/www.coccigames.com\/#organization\"},\"potentialAction\":[{\"@type\":\"SearchAction\",\"target\":{\"@type\":\"EntryPoint\",\"urlTemplate\":\"https:\/\/www.coccigames.com\/?s={search_term_string}\"},\"query-input\":{\"@type\":\"PropertyValueSpecification\",\"valueRequired\":true,\"valueName\":\"search_term_string\"}}],\"inLanguage\":\"fr-FR\"},{\"@type\":\"Organization\",\"@id\":\"https:\/\/www.coccigames.com\/#organization\",\"name\":\"Coccigames\",\"url\":\"https:\/\/www.coccigames.com\/\",\"logo\":{\"@type\":\"ImageObject\",\"inLanguage\":\"fr-FR\",\"@id\":\"https:\/\/www.coccigames.com\/#\/schema\/logo\/image\/\",\"url\":\"https:\/\/www.coccigames.com\/wp-content\/uploads\/2025\/12\/coccigames_logo_v5.png\",\"contentUrl\":\"https:\/\/www.coccigames.com\/wp-content\/uploads\/2025\/12\/coccigames_logo_v5.png\",\"width\":1768,\"height\":424,\"caption\":\"Coccigames\"},\"image\":{\"@id\":\"https:\/\/www.coccigames.com\/#\/schema\/logo\/image\/\"}}]}<\/script>\n<!-- \/ Yoast SEO plugin. -->","yoast_head_json":{"title":"SOLAR AUXILIA INFANTRY - Coccigames","robots":{"index":"index","follow":"follow","max-snippet":"max-snippet:-1","max-image-preview":"max-image-preview:large","max-video-preview":"max-video-preview:-1"},"canonical":"https:\/\/www.coccigames.com\/index.php\/produit\/solar-auxilia-infantry\/","og_locale":"fr_FR","og_type":"article","og_title":"SOLAR AUXILIA INFANTRY - Coccigames","og_description":"Les Solar Auxilia sont les corps d&rsquo;\u00e9lite de l&rsquo;Arm\u00e9e Imp\u00e9riale, recrut\u00e9s dans toute la galaxie. Les soldats des Solar Auxilia sont \u00e9quip\u00e9s des armes et \u00e9quipements n\u00e9cessaires pour livrer bataille dans certains des environnements les plus hostiles que l&rsquo;on puisse imaginer. Bien que largement plus&hellip;","og_url":"https:\/\/www.coccigames.com\/index.php\/produit\/solar-auxilia-infantry\/","og_site_name":"Coccigames","article_modified_time":"2026-04-06T07:28:30+00:00","og_image":[{"width":918,"height":948,"url":"https:\/\/www.coccigames.com\/wp-content\/uploads\/2025\/12\/99122605004_SolarAuxiliaInfantry5.jpg","type":"image\/jpeg"}],"twitter_card":"summary_large_image","twitter_misc":{"Dur\u00e9e de lecture estim\u00e9e":"2 minutes"},"schema":{"@context":"https:\/\/schema.org","@graph":[{"@type":"WebPage","@id":"https:\/\/www.coccigames.com\/index.php\/produit\/solar-auxilia-infantry\/","url":"https:\/\/www.coccigames.com\/index.php\/produit\/solar-auxilia-infantry\/","name":"SOLAR AUXILIA INFANTRY - Coccigames","isPartOf":{"@id":"https:\/\/www.coccigames.com\/#website"},"primaryImageOfPage":{"@id":"https:\/\/www.coccigames.com\/index.php\/produit\/solar-auxilia-infantry\/#primaryimage"},"image":{"@id":"https:\/\/www.coccigames.com\/index.php\/produit\/solar-auxilia-infantry\/#primaryimage"},"thumbnailUrl":"https:\/\/www.coccigames.com\/wp-content\/uploads\/2025\/12\/99122605004_SolarAuxiliaInfantry5.jpg","datePublished":"2025-12-20T12:22:23+00:00","dateModified":"2026-04-06T07:28:30+00:00","breadcrumb":{"@id":"https:\/\/www.coccigames.com\/index.php\/produit\/solar-auxilia-infantry\/#breadcrumb"},"inLanguage":"fr-FR","potentialAction":[{"@type":"ReadAction","target":["https:\/\/www.coccigames.com\/index.php\/produit\/solar-auxilia-infantry\/"]}]},{"@type":"ImageObject","inLanguage":"fr-FR","@id":"https:\/\/www.coccigames.com\/index.php\/produit\/solar-auxilia-infantry\/#primaryimage","url":"https:\/\/www.coccigames.com\/wp-content\/uploads\/2025\/12\/99122605004_SolarAuxiliaInfantry5.jpg","contentUrl":"https:\/\/www.coccigames.com\/wp-content\/uploads\/2025\/12\/99122605004_SolarAuxiliaInfantry5.jpg","width":918,"height":948},{"@type":"BreadcrumbList","@id":"https:\/\/www.coccigames.com\/index.php\/produit\/solar-auxilia-infantry\/#breadcrumb","itemListElement":[{"@type":"ListItem","position":1,"name":"Accueil","item":"https:\/\/www.coccigames.com\/"},{"@type":"ListItem","position":2,"name":"Boutique","item":"https:\/\/www.coccigames.com\/index.php\/boutique\/"},{"@type":"ListItem","position":3,"name":"SOLAR AUXILIA INFANTRY"}]},{"@type":"WebSite","@id":"https:\/\/www.coccigames.com\/#website","url":"https:\/\/www.coccigames.com\/","name":"Coccigames - Figurines et Peintures","description":"Figurines et Peintures","publisher":{"@id":"https:\/\/www.coccigames.com\/#organization"},"potentialAction":[{"@type":"SearchAction","target":{"@type":"EntryPoint","urlTemplate":"https:\/\/www.coccigames.com\/?s={search_term_string}"},"query-input":{"@type":"PropertyValueSpecification","valueRequired":true,"valueName":"search_term_string"}}],"inLanguage":"fr-FR"},{"@type":"Organization","@id":"https:\/\/www.coccigames.com\/#organization","name":"Coccigames","url":"https:\/\/www.coccigames.com\/","logo":{"@type":"ImageObject","inLanguage":"fr-FR","@id":"https:\/\/www.coccigames.com\/#\/schema\/logo\/image\/","url":"https:\/\/www.coccigames.com\/wp-content\/uploads\/2025\/12\/coccigames_logo_v5.png","contentUrl":"https:\/\/www.coccigames.com\/wp-content\/uploads\/2025\/12\/coccigames_logo_v5.png","width":1768,"height":424,"caption":"Coccigames"},"image":{"@id":"https:\/\/www.coccigames.com\/#\/schema\/logo\/image\/"}}]}},"_links":{"self":[{"href":"https:\/\/www.coccigames.com\/index.php\/wp-json\/wp\/v2\/product\/13012","targetHints":{"allow":["GET"]}}],"collection":[{"href":"https:\/\/www.coccigames.com\/index.php\/wp-json\/wp\/v2\/product"}],"about":[{"href":"https:\/\/www.coccigames.com\/index.php\/wp-json\/wp\/v2\/types\/product"}],"replies":[{"embeddable":true,"href":"https:\/\/www.coccigames.com\/index.php\/wp-json\/wp\/v2\/comments?post=13012"}],"wp:featuredmedia":[{"embeddable":true,"href":"https:\/\/www.coccigames.com\/index.php\/wp-json\/wp\/v2\/media\/13133"}],"wp:attachment":[{"href":"https:\/\/www.coccigames.com\/index.php\/wp-json\/wp\/v2\/media?parent=13012"}],"wp:term":[{"taxonomy":"product_brand","embeddable":true,"href":"https:\/\/www.coccigames.com\/index.php\/wp-json\/wp\/v2\/product_brand?post=13012"},{"taxonomy":"product_cat","embeddable":true,"href":"https:\/\/www.coccigames.com\/index.php\/wp-json\/wp\/v2\/product_cat?post=13012"},{"taxonomy":"product_tag","embeddable":true,"href":"https:\/\/www.coccigames.com\/index.php\/wp-json\/wp\/v2\/product_tag?post=13012"}],"curies":[{"name":"wp","href":"https:\/\/api.w.org\/{rel}","templated":true}]}}