{"id":13009,"date":"2025-12-20T13:22:21","date_gmt":"2025-12-20T12:22:21","guid":{"rendered":"https:\/\/www.coccigames.com\/index.php\/produit\/malcador-squadron\/"},"modified":"2026-04-06T09:28:30","modified_gmt":"2026-04-06T07:28:30","slug":"malcador-squadron","status":"publish","type":"product","link":"https:\/\/www.coccigames.com\/index.php\/produit\/malcador-squadron\/","title":{"rendered":"MALCADOR SQUADRON"},"content":{"rendered":"<p>Le char de combat Malcador jouit de nombreux avantages, dont le principal est sa vitesse de combat, v\u00e9ritablement formidable pour un char de cette taille gr\u00e2ce \u00e0 un moteur sophistiqu\u00e9. \u00c0 l&rsquo;\u00e9poque de l&rsquo;H\u00e9r\u00e9sie d&rsquo;Horus, ces v\u00e9hicules \u00e9taient employ\u00e9s aux c\u00f4t\u00e9s des unit\u00e9s de seconde ligne de l&rsquo;Arm\u00e9e Imp\u00e9riale, alors que les strat\u00e9gies se tournaient vers des chars plus petits et jouissant d&rsquo;une plus grande flexibilit\u00e9 tactique. Les exigences de la guerre les ramen\u00e8rent sur le devant de la sc\u00e8ne au sein d&rsquo;\u00e9normes formations et r\u00e9\u00e9quip\u00e9es avec de diverses armes.<\/p>\n<p>Ce kit en plastique permet d&rsquo;assembler quatre Malcador \u00e0 l&rsquo;\u00e9chelle epic, des chars de combat pour vos arm\u00e9es des Solar Auxilia. Plus rapides et plus l\u00e9g\u00e8rement blind\u00e9s que les chars de combat Leman Russ, ils peuvent \u00eatre \u00e9quip\u00e9s de diverses armes pour remplir le r\u00f4le que vous leur attribuerez sur le champ de bataille. La tourelle peut accueillir un obusier Malcador polyvalent, un canon laser Malcador perceur de blindages, ou un obusier Vanquisher Malcador \u00e0 tr\u00e8s longue port\u00e9e. La coque peut \u00eatre dot\u00e9e d&rsquo;un bolter lourd, d&rsquo;un canon laser, d&rsquo;un autocanon ou d&rsquo;un canon Demolisher, et les flancs peuvent recevoir des autocanons Malcador, des canons laser Malcador ou des bolters lourds Malcador. Vous pouvez pesronnaliser davantage votre escadron avec des options d&rsquo;artilleurs, d&rsquo;observateurs ou d&rsquo;\u00e9coutilles ouvertes ou ferm\u00e9es.<\/p>\n<p><strong>Ce set contient:<\/strong><\/p>\n<p>&#8211; 4x chars Malcador<\/p>\n<p>&#8211; 1x Planche de D\u00e9calcos de V\u00e9hicules des Solar Auxilia pour Legions Imperialis proposant 288 d\u00e9calcos<\/p>\n<p>Ce kit est compos\u00e9 de 124 \u00e9l\u00e9ments en plastique.<\/p>\n","protected":false},"excerpt":{"rendered":"<p>Le char de combat Malcador jouit de nombreux avantages, dont le principal est sa vitesse de combat, v\u00e9ritablement formidable pour un char de cette taille gr\u00e2ce \u00e0 un moteur sophistiqu\u00e9. \u00c0 l&rsquo;\u00e9poque de l&rsquo;H\u00e9r\u00e9sie d&rsquo;Horus, ces v\u00e9hicules \u00e9taient employ\u00e9s aux c\u00f4t\u00e9s des unit\u00e9s de seconde&hellip;<\/p>\n","protected":false},"featured_media":13125,"comment_status":"open","ping_status":"closed","template":"","meta":[],"product_brand":[23],"product_cat":[6198],"product_tag":[6184,224],"class_list":{"0":"post-13009","1":"product","2":"type-product","3":"status-publish","4":"has-post-thumbnail","6":"product_brand-games-workshop","7":"product_cat-solar-auxilia","8":"product_tag-legion-imperialis","9":"product_tag-solar-auxilia","11":"first","12":"outofstock","13":"sale","14":"taxable","15":"shipping-taxable","16":"purchasable","17":"product-type-simple"},"yoast_head":"<!-- This site is optimized with the Yoast SEO plugin v26.4 - https:\/\/yoast.com\/wordpress\/plugins\/seo\/ -->\n<title>MALCADOR SQUADRON - Coccigames<\/title>\n<meta name=\"robots\" content=\"index, follow, max-snippet:-1, max-image-preview:large, max-video-preview:-1\" \/>\n<link rel=\"canonical\" href=\"https:\/\/www.coccigames.com\/index.php\/produit\/malcador-squadron\/\" \/>\n<meta property=\"og:locale\" content=\"fr_FR\" \/>\n<meta property=\"og:type\" content=\"article\" \/>\n<meta property=\"og:title\" content=\"MALCADOR SQUADRON - Coccigames\" \/>\n<meta property=\"og:description\" content=\"Le char de combat Malcador jouit de nombreux avantages, dont le principal est sa vitesse de combat, v\u00e9ritablement formidable pour un char de cette taille gr\u00e2ce \u00e0 un moteur sophistiqu\u00e9. \u00c0 l&rsquo;\u00e9poque de l&rsquo;H\u00e9r\u00e9sie d&rsquo;Horus, ces v\u00e9hicules \u00e9taient employ\u00e9s aux c\u00f4t\u00e9s des unit\u00e9s de seconde&hellip;\" \/>\n<meta property=\"og:url\" content=\"https:\/\/www.coccigames.com\/index.php\/produit\/malcador-squadron\/\" \/>\n<meta property=\"og:site_name\" content=\"Coccigames\" \/>\n<meta property=\"article:modified_time\" content=\"2026-04-06T07:28:30+00:00\" \/>\n<meta property=\"og:image\" content=\"https:\/\/www.coccigames.com\/wp-content\/uploads\/2025\/12\/99122605001_MalcadorSquadron5.jpg\" \/>\n\t<meta property=\"og:image:width\" content=\"918\" \/>\n\t<meta property=\"og:image:height\" content=\"948\" \/>\n\t<meta property=\"og:image:type\" content=\"image\/jpeg\" \/>\n<meta name=\"twitter:card\" content=\"summary_large_image\" \/>\n<meta name=\"twitter:label1\" content=\"Dur\u00e9e de lecture estim\u00e9e\" \/>\n\t<meta name=\"twitter:data1\" content=\"2 minutes\" \/>\n<script type=\"application\/ld+json\" class=\"yoast-schema-graph\">{\"@context\":\"https:\/\/schema.org\",\"@graph\":[{\"@type\":\"WebPage\",\"@id\":\"https:\/\/www.coccigames.com\/index.php\/produit\/malcador-squadron\/\",\"url\":\"https:\/\/www.coccigames.com\/index.php\/produit\/malcador-squadron\/\",\"name\":\"MALCADOR SQUADRON - Coccigames\",\"isPartOf\":{\"@id\":\"https:\/\/www.coccigames.com\/#website\"},\"primaryImageOfPage\":{\"@id\":\"https:\/\/www.coccigames.com\/index.php\/produit\/malcador-squadron\/#primaryimage\"},\"image\":{\"@id\":\"https:\/\/www.coccigames.com\/index.php\/produit\/malcador-squadron\/#primaryimage\"},\"thumbnailUrl\":\"https:\/\/www.coccigames.com\/wp-content\/uploads\/2025\/12\/99122605001_MalcadorSquadron5.jpg\",\"datePublished\":\"2025-12-20T12:22:21+00:00\",\"dateModified\":\"2026-04-06T07:28:30+00:00\",\"breadcrumb\":{\"@id\":\"https:\/\/www.coccigames.com\/index.php\/produit\/malcador-squadron\/#breadcrumb\"},\"inLanguage\":\"fr-FR\",\"potentialAction\":[{\"@type\":\"ReadAction\",\"target\":[\"https:\/\/www.coccigames.com\/index.php\/produit\/malcador-squadron\/\"]}]},{\"@type\":\"ImageObject\",\"inLanguage\":\"fr-FR\",\"@id\":\"https:\/\/www.coccigames.com\/index.php\/produit\/malcador-squadron\/#primaryimage\",\"url\":\"https:\/\/www.coccigames.com\/wp-content\/uploads\/2025\/12\/99122605001_MalcadorSquadron5.jpg\",\"contentUrl\":\"https:\/\/www.coccigames.com\/wp-content\/uploads\/2025\/12\/99122605001_MalcadorSquadron5.jpg\",\"width\":918,\"height\":948},{\"@type\":\"BreadcrumbList\",\"@id\":\"https:\/\/www.coccigames.com\/index.php\/produit\/malcador-squadron\/#breadcrumb\",\"itemListElement\":[{\"@type\":\"ListItem\",\"position\":1,\"name\":\"Accueil\",\"item\":\"https:\/\/www.coccigames.com\/\"},{\"@type\":\"ListItem\",\"position\":2,\"name\":\"Boutique\",\"item\":\"https:\/\/www.coccigames.com\/index.php\/boutique\/\"},{\"@type\":\"ListItem\",\"position\":3,\"name\":\"MALCADOR SQUADRON\"}]},{\"@type\":\"WebSite\",\"@id\":\"https:\/\/www.coccigames.com\/#website\",\"url\":\"https:\/\/www.coccigames.com\/\",\"name\":\"Coccigames - Figurines et Peintures\",\"description\":\"Figurines et Peintures\",\"publisher\":{\"@id\":\"https:\/\/www.coccigames.com\/#organization\"},\"potentialAction\":[{\"@type\":\"SearchAction\",\"target\":{\"@type\":\"EntryPoint\",\"urlTemplate\":\"https:\/\/www.coccigames.com\/?s={search_term_string}\"},\"query-input\":{\"@type\":\"PropertyValueSpecification\",\"valueRequired\":true,\"valueName\":\"search_term_string\"}}],\"inLanguage\":\"fr-FR\"},{\"@type\":\"Organization\",\"@id\":\"https:\/\/www.coccigames.com\/#organization\",\"name\":\"Coccigames\",\"url\":\"https:\/\/www.coccigames.com\/\",\"logo\":{\"@type\":\"ImageObject\",\"inLanguage\":\"fr-FR\",\"@id\":\"https:\/\/www.coccigames.com\/#\/schema\/logo\/image\/\",\"url\":\"https:\/\/www.coccigames.com\/wp-content\/uploads\/2025\/12\/coccigames_logo_v5.png\",\"contentUrl\":\"https:\/\/www.coccigames.com\/wp-content\/uploads\/2025\/12\/coccigames_logo_v5.png\",\"width\":1768,\"height\":424,\"caption\":\"Coccigames\"},\"image\":{\"@id\":\"https:\/\/www.coccigames.com\/#\/schema\/logo\/image\/\"}}]}<\/script>\n<!-- \/ Yoast SEO plugin. -->","yoast_head_json":{"title":"MALCADOR SQUADRON - Coccigames","robots":{"index":"index","follow":"follow","max-snippet":"max-snippet:-1","max-image-preview":"max-image-preview:large","max-video-preview":"max-video-preview:-1"},"canonical":"https:\/\/www.coccigames.com\/index.php\/produit\/malcador-squadron\/","og_locale":"fr_FR","og_type":"article","og_title":"MALCADOR SQUADRON - Coccigames","og_description":"Le char de combat Malcador jouit de nombreux avantages, dont le principal est sa vitesse de combat, v\u00e9ritablement formidable pour un char de cette taille gr\u00e2ce \u00e0 un moteur sophistiqu\u00e9. \u00c0 l&rsquo;\u00e9poque de l&rsquo;H\u00e9r\u00e9sie d&rsquo;Horus, ces v\u00e9hicules \u00e9taient employ\u00e9s aux c\u00f4t\u00e9s des unit\u00e9s de seconde&hellip;","og_url":"https:\/\/www.coccigames.com\/index.php\/produit\/malcador-squadron\/","og_site_name":"Coccigames","article_modified_time":"2026-04-06T07:28:30+00:00","og_image":[{"width":918,"height":948,"url":"https:\/\/www.coccigames.com\/wp-content\/uploads\/2025\/12\/99122605001_MalcadorSquadron5.jpg","type":"image\/jpeg"}],"twitter_card":"summary_large_image","twitter_misc":{"Dur\u00e9e de lecture estim\u00e9e":"2 minutes"},"schema":{"@context":"https:\/\/schema.org","@graph":[{"@type":"WebPage","@id":"https:\/\/www.coccigames.com\/index.php\/produit\/malcador-squadron\/","url":"https:\/\/www.coccigames.com\/index.php\/produit\/malcador-squadron\/","name":"MALCADOR SQUADRON - Coccigames","isPartOf":{"@id":"https:\/\/www.coccigames.com\/#website"},"primaryImageOfPage":{"@id":"https:\/\/www.coccigames.com\/index.php\/produit\/malcador-squadron\/#primaryimage"},"image":{"@id":"https:\/\/www.coccigames.com\/index.php\/produit\/malcador-squadron\/#primaryimage"},"thumbnailUrl":"https:\/\/www.coccigames.com\/wp-content\/uploads\/2025\/12\/99122605001_MalcadorSquadron5.jpg","datePublished":"2025-12-20T12:22:21+00:00","dateModified":"2026-04-06T07:28:30+00:00","breadcrumb":{"@id":"https:\/\/www.coccigames.com\/index.php\/produit\/malcador-squadron\/#breadcrumb"},"inLanguage":"fr-FR","potentialAction":[{"@type":"ReadAction","target":["https:\/\/www.coccigames.com\/index.php\/produit\/malcador-squadron\/"]}]},{"@type":"ImageObject","inLanguage":"fr-FR","@id":"https:\/\/www.coccigames.com\/index.php\/produit\/malcador-squadron\/#primaryimage","url":"https:\/\/www.coccigames.com\/wp-content\/uploads\/2025\/12\/99122605001_MalcadorSquadron5.jpg","contentUrl":"https:\/\/www.coccigames.com\/wp-content\/uploads\/2025\/12\/99122605001_MalcadorSquadron5.jpg","width":918,"height":948},{"@type":"BreadcrumbList","@id":"https:\/\/www.coccigames.com\/index.php\/produit\/malcador-squadron\/#breadcrumb","itemListElement":[{"@type":"ListItem","position":1,"name":"Accueil","item":"https:\/\/www.coccigames.com\/"},{"@type":"ListItem","position":2,"name":"Boutique","item":"https:\/\/www.coccigames.com\/index.php\/boutique\/"},{"@type":"ListItem","position":3,"name":"MALCADOR SQUADRON"}]},{"@type":"WebSite","@id":"https:\/\/www.coccigames.com\/#website","url":"https:\/\/www.coccigames.com\/","name":"Coccigames - Figurines et Peintures","description":"Figurines et Peintures","publisher":{"@id":"https:\/\/www.coccigames.com\/#organization"},"potentialAction":[{"@type":"SearchAction","target":{"@type":"EntryPoint","urlTemplate":"https:\/\/www.coccigames.com\/?s={search_term_string}"},"query-input":{"@type":"PropertyValueSpecification","valueRequired":true,"valueName":"search_term_string"}}],"inLanguage":"fr-FR"},{"@type":"Organization","@id":"https:\/\/www.coccigames.com\/#organization","name":"Coccigames","url":"https:\/\/www.coccigames.com\/","logo":{"@type":"ImageObject","inLanguage":"fr-FR","@id":"https:\/\/www.coccigames.com\/#\/schema\/logo\/image\/","url":"https:\/\/www.coccigames.com\/wp-content\/uploads\/2025\/12\/coccigames_logo_v5.png","contentUrl":"https:\/\/www.coccigames.com\/wp-content\/uploads\/2025\/12\/coccigames_logo_v5.png","width":1768,"height":424,"caption":"Coccigames"},"image":{"@id":"https:\/\/www.coccigames.com\/#\/schema\/logo\/image\/"}}]}},"_links":{"self":[{"href":"https:\/\/www.coccigames.com\/index.php\/wp-json\/wp\/v2\/product\/13009","targetHints":{"allow":["GET"]}}],"collection":[{"href":"https:\/\/www.coccigames.com\/index.php\/wp-json\/wp\/v2\/product"}],"about":[{"href":"https:\/\/www.coccigames.com\/index.php\/wp-json\/wp\/v2\/types\/product"}],"replies":[{"embeddable":true,"href":"https:\/\/www.coccigames.com\/index.php\/wp-json\/wp\/v2\/comments?post=13009"}],"wp:featuredmedia":[{"embeddable":true,"href":"https:\/\/www.coccigames.com\/index.php\/wp-json\/wp\/v2\/media\/13125"}],"wp:attachment":[{"href":"https:\/\/www.coccigames.com\/index.php\/wp-json\/wp\/v2\/media?parent=13009"}],"wp:term":[{"taxonomy":"product_brand","embeddable":true,"href":"https:\/\/www.coccigames.com\/index.php\/wp-json\/wp\/v2\/product_brand?post=13009"},{"taxonomy":"product_cat","embeddable":true,"href":"https:\/\/www.coccigames.com\/index.php\/wp-json\/wp\/v2\/product_cat?post=13009"},{"taxonomy":"product_tag","embeddable":true,"href":"https:\/\/www.coccigames.com\/index.php\/wp-json\/wp\/v2\/product_tag?post=13009"}],"curies":[{"name":"wp","href":"https:\/\/api.w.org\/{rel}","templated":true}]}}