{"id":13008,"date":"2025-12-20T13:22:21","date_gmt":"2025-12-20T12:22:21","guid":{"rendered":"https:\/\/www.coccigames.com\/index.php\/produit\/dark-mechanicum-stalker-constructs\/"},"modified":"2026-04-06T09:28:30","modified_gmt":"2026-04-06T07:28:30","slug":"dark-mechanicum-stalker-constructs","status":"publish","type":"product","link":"https:\/\/www.coccigames.com\/index.php\/produit\/dark-mechanicum-stalker-constructs\/","title":{"rendered":"DARK MECHANICUM STALKER CONSTRUCTS"},"content":{"rendered":"<p>Les Stalker Constructs constituent un exemple frappant de la corruption invasive du Mechanicum Noir. De nombreux mod\u00e8les devinrent une vision courante durant l&rsquo;H\u00e9r\u00e9sie d&rsquo;Horus, et l&rsquo;inqui\u00e9tude la plus marqu\u00e9e parmi les Loyalistes \u00e9tait la conscience collective qui semblait habiter chacun d&rsquo;entre eux.<\/p>\n<p>Ce kit plastique permet d&rsquo;assembler 30 figurines de Stalker Constructs \u00e0 l&rsquo;\u00e9chelle Epic, r\u00e9parties sur 14 socles, pour les arm\u00e9es du Mechanicum Noir \u00e0 Legions Imperialis. Le style s&rsquo;\u00e9talant sur le blindage de chacune les relie au Mechanicum, mais se retrouve contrebalanc\u00e9 par la pr\u00e9sence de piquants et de pattes griffues. Les trois mod\u00e8les de marcheurs, l&rsquo;Errax &lsquo;Butcher&rsquo; Assault Stalker, le Tenebrax &lsquo;Archer&rsquo; Battle Stalker, et le Scintillax &lsquo;Cyclops&rsquo; Noospheric Stalker remplissent chacun un r\u00f4le de combat diff\u00e9rent, en \u00e9tant soutenus par des nu\u00e9es d&rsquo;Harpax &lsquo;Swarmer&rsquo; Scouts agissant en masse comme troupes de ligne.<\/p>\n<p><strong>Contient 30 figurines \u00e0 l&rsquo;\u00e9chelle Epic:<\/strong><\/p>\n<p>\u2013 24x figurines d&rsquo;Harpax &lsquo;Swarmer&rsquo; Scout Host group\u00e9es sur 8x socles<\/p>\n<p>\u2013 2x figurines d&rsquo;Errax &lsquo;Butcher&rsquo; Assault Stalker Cohort sur 2x socles<\/p>\n<p>\u2013 2x figurines de Tenebrax &lsquo;Archer&rsquo; Battle Stalker Cohort sur 2x socles<\/p>\n<p>\u2013 2x figurines de Scintillax &lsquo;Cyclops&rsquo; Noospheric Stalker Network sur 2x socles<\/p>\n<p>Ce kit s&rsquo;accompagne aussi de Terminaux de Commande pour les Errax, les Tenebrax et les Scintillax, afin de pouvoir les utiliser dans des parties d&rsquo;Adeptus Titanicus.<\/p>\n","protected":false},"excerpt":{"rendered":"<p>Les Stalker Constructs constituent un exemple frappant de la corruption invasive du Mechanicum Noir. De nombreux mod\u00e8les devinrent une vision courante durant l&rsquo;H\u00e9r\u00e9sie d&rsquo;Horus, et l&rsquo;inqui\u00e9tude la plus marqu\u00e9e parmi les Loyalistes \u00e9tait la conscience collective qui semblait habiter chacun d&rsquo;entre eux. Ce kit plastique&hellip;<\/p>\n","protected":false},"featured_media":13127,"comment_status":"open","ping_status":"closed","template":"","meta":[],"product_brand":[23],"product_cat":[6199],"product_tag":[6184,225],"class_list":{"0":"post-13008","1":"product","2":"type-product","3":"status-publish","4":"has-post-thumbnail","6":"product_brand-games-workshop","7":"product_cat-mechanicum","8":"product_tag-legion-imperialis","9":"product_tag-mechanicum","11":"first","12":"onbackorder","13":"sale","14":"taxable","15":"shipping-taxable","16":"purchasable","17":"product-type-simple"},"yoast_head":"<!-- This site is optimized with the Yoast SEO plugin v26.4 - https:\/\/yoast.com\/wordpress\/plugins\/seo\/ -->\n<title>DARK MECHANICUM STALKER CONSTRUCTS - Coccigames<\/title>\n<meta name=\"robots\" content=\"index, follow, max-snippet:-1, max-image-preview:large, max-video-preview:-1\" \/>\n<link rel=\"canonical\" href=\"https:\/\/www.coccigames.com\/index.php\/produit\/dark-mechanicum-stalker-constructs\/\" \/>\n<meta property=\"og:locale\" content=\"fr_FR\" \/>\n<meta property=\"og:type\" content=\"article\" \/>\n<meta property=\"og:title\" content=\"DARK MECHANICUM STALKER CONSTRUCTS - Coccigames\" \/>\n<meta property=\"og:description\" content=\"Les Stalker Constructs constituent un exemple frappant de la corruption invasive du Mechanicum Noir. De nombreux mod\u00e8les devinrent une vision courante durant l&rsquo;H\u00e9r\u00e9sie d&rsquo;Horus, et l&rsquo;inqui\u00e9tude la plus marqu\u00e9e parmi les Loyalistes \u00e9tait la conscience collective qui semblait habiter chacun d&rsquo;entre eux. Ce kit plastique&hellip;\" \/>\n<meta property=\"og:url\" content=\"https:\/\/www.coccigames.com\/index.php\/produit\/dark-mechanicum-stalker-constructs\/\" \/>\n<meta property=\"og:site_name\" content=\"Coccigames\" \/>\n<meta property=\"article:modified_time\" content=\"2026-04-06T07:28:30+00:00\" \/>\n<meta property=\"og:image\" content=\"https:\/\/www.coccigames.com\/wp-content\/uploads\/2025\/12\/99122619001_LIDarkMechanicumConstructs03.jpg\" \/>\n\t<meta property=\"og:image:width\" content=\"918\" \/>\n\t<meta property=\"og:image:height\" content=\"948\" \/>\n\t<meta property=\"og:image:type\" content=\"image\/jpeg\" \/>\n<meta name=\"twitter:card\" content=\"summary_large_image\" \/>\n<meta name=\"twitter:label1\" content=\"Dur\u00e9e de lecture estim\u00e9e\" \/>\n\t<meta name=\"twitter:data1\" content=\"2 minutes\" \/>\n<script type=\"application\/ld+json\" class=\"yoast-schema-graph\">{\"@context\":\"https:\/\/schema.org\",\"@graph\":[{\"@type\":\"WebPage\",\"@id\":\"https:\/\/www.coccigames.com\/index.php\/produit\/dark-mechanicum-stalker-constructs\/\",\"url\":\"https:\/\/www.coccigames.com\/index.php\/produit\/dark-mechanicum-stalker-constructs\/\",\"name\":\"DARK MECHANICUM STALKER CONSTRUCTS - Coccigames\",\"isPartOf\":{\"@id\":\"https:\/\/www.coccigames.com\/#website\"},\"primaryImageOfPage\":{\"@id\":\"https:\/\/www.coccigames.com\/index.php\/produit\/dark-mechanicum-stalker-constructs\/#primaryimage\"},\"image\":{\"@id\":\"https:\/\/www.coccigames.com\/index.php\/produit\/dark-mechanicum-stalker-constructs\/#primaryimage\"},\"thumbnailUrl\":\"https:\/\/www.coccigames.com\/wp-content\/uploads\/2025\/12\/99122619001_LIDarkMechanicumConstructs03.jpg\",\"datePublished\":\"2025-12-20T12:22:21+00:00\",\"dateModified\":\"2026-04-06T07:28:30+00:00\",\"breadcrumb\":{\"@id\":\"https:\/\/www.coccigames.com\/index.php\/produit\/dark-mechanicum-stalker-constructs\/#breadcrumb\"},\"inLanguage\":\"fr-FR\",\"potentialAction\":[{\"@type\":\"ReadAction\",\"target\":[\"https:\/\/www.coccigames.com\/index.php\/produit\/dark-mechanicum-stalker-constructs\/\"]}]},{\"@type\":\"ImageObject\",\"inLanguage\":\"fr-FR\",\"@id\":\"https:\/\/www.coccigames.com\/index.php\/produit\/dark-mechanicum-stalker-constructs\/#primaryimage\",\"url\":\"https:\/\/www.coccigames.com\/wp-content\/uploads\/2025\/12\/99122619001_LIDarkMechanicumConstructs03.jpg\",\"contentUrl\":\"https:\/\/www.coccigames.com\/wp-content\/uploads\/2025\/12\/99122619001_LIDarkMechanicumConstructs03.jpg\",\"width\":918,\"height\":948},{\"@type\":\"BreadcrumbList\",\"@id\":\"https:\/\/www.coccigames.com\/index.php\/produit\/dark-mechanicum-stalker-constructs\/#breadcrumb\",\"itemListElement\":[{\"@type\":\"ListItem\",\"position\":1,\"name\":\"Accueil\",\"item\":\"https:\/\/www.coccigames.com\/\"},{\"@type\":\"ListItem\",\"position\":2,\"name\":\"Boutique\",\"item\":\"https:\/\/www.coccigames.com\/index.php\/boutique\/\"},{\"@type\":\"ListItem\",\"position\":3,\"name\":\"DARK MECHANICUM STALKER CONSTRUCTS\"}]},{\"@type\":\"WebSite\",\"@id\":\"https:\/\/www.coccigames.com\/#website\",\"url\":\"https:\/\/www.coccigames.com\/\",\"name\":\"Coccigames - Figurines et Peintures\",\"description\":\"Figurines et Peintures\",\"publisher\":{\"@id\":\"https:\/\/www.coccigames.com\/#organization\"},\"potentialAction\":[{\"@type\":\"SearchAction\",\"target\":{\"@type\":\"EntryPoint\",\"urlTemplate\":\"https:\/\/www.coccigames.com\/?s={search_term_string}\"},\"query-input\":{\"@type\":\"PropertyValueSpecification\",\"valueRequired\":true,\"valueName\":\"search_term_string\"}}],\"inLanguage\":\"fr-FR\"},{\"@type\":\"Organization\",\"@id\":\"https:\/\/www.coccigames.com\/#organization\",\"name\":\"Coccigames\",\"url\":\"https:\/\/www.coccigames.com\/\",\"logo\":{\"@type\":\"ImageObject\",\"inLanguage\":\"fr-FR\",\"@id\":\"https:\/\/www.coccigames.com\/#\/schema\/logo\/image\/\",\"url\":\"https:\/\/www.coccigames.com\/wp-content\/uploads\/2025\/12\/coccigames_logo_v5.png\",\"contentUrl\":\"https:\/\/www.coccigames.com\/wp-content\/uploads\/2025\/12\/coccigames_logo_v5.png\",\"width\":1768,\"height\":424,\"caption\":\"Coccigames\"},\"image\":{\"@id\":\"https:\/\/www.coccigames.com\/#\/schema\/logo\/image\/\"}}]}<\/script>\n<!-- \/ Yoast SEO plugin. -->","yoast_head_json":{"title":"DARK MECHANICUM STALKER CONSTRUCTS - Coccigames","robots":{"index":"index","follow":"follow","max-snippet":"max-snippet:-1","max-image-preview":"max-image-preview:large","max-video-preview":"max-video-preview:-1"},"canonical":"https:\/\/www.coccigames.com\/index.php\/produit\/dark-mechanicum-stalker-constructs\/","og_locale":"fr_FR","og_type":"article","og_title":"DARK MECHANICUM STALKER CONSTRUCTS - Coccigames","og_description":"Les Stalker Constructs constituent un exemple frappant de la corruption invasive du Mechanicum Noir. De nombreux mod\u00e8les devinrent une vision courante durant l&rsquo;H\u00e9r\u00e9sie d&rsquo;Horus, et l&rsquo;inqui\u00e9tude la plus marqu\u00e9e parmi les Loyalistes \u00e9tait la conscience collective qui semblait habiter chacun d&rsquo;entre eux. Ce kit plastique&hellip;","og_url":"https:\/\/www.coccigames.com\/index.php\/produit\/dark-mechanicum-stalker-constructs\/","og_site_name":"Coccigames","article_modified_time":"2026-04-06T07:28:30+00:00","og_image":[{"width":918,"height":948,"url":"https:\/\/www.coccigames.com\/wp-content\/uploads\/2025\/12\/99122619001_LIDarkMechanicumConstructs03.jpg","type":"image\/jpeg"}],"twitter_card":"summary_large_image","twitter_misc":{"Dur\u00e9e de lecture estim\u00e9e":"2 minutes"},"schema":{"@context":"https:\/\/schema.org","@graph":[{"@type":"WebPage","@id":"https:\/\/www.coccigames.com\/index.php\/produit\/dark-mechanicum-stalker-constructs\/","url":"https:\/\/www.coccigames.com\/index.php\/produit\/dark-mechanicum-stalker-constructs\/","name":"DARK MECHANICUM STALKER CONSTRUCTS - Coccigames","isPartOf":{"@id":"https:\/\/www.coccigames.com\/#website"},"primaryImageOfPage":{"@id":"https:\/\/www.coccigames.com\/index.php\/produit\/dark-mechanicum-stalker-constructs\/#primaryimage"},"image":{"@id":"https:\/\/www.coccigames.com\/index.php\/produit\/dark-mechanicum-stalker-constructs\/#primaryimage"},"thumbnailUrl":"https:\/\/www.coccigames.com\/wp-content\/uploads\/2025\/12\/99122619001_LIDarkMechanicumConstructs03.jpg","datePublished":"2025-12-20T12:22:21+00:00","dateModified":"2026-04-06T07:28:30+00:00","breadcrumb":{"@id":"https:\/\/www.coccigames.com\/index.php\/produit\/dark-mechanicum-stalker-constructs\/#breadcrumb"},"inLanguage":"fr-FR","potentialAction":[{"@type":"ReadAction","target":["https:\/\/www.coccigames.com\/index.php\/produit\/dark-mechanicum-stalker-constructs\/"]}]},{"@type":"ImageObject","inLanguage":"fr-FR","@id":"https:\/\/www.coccigames.com\/index.php\/produit\/dark-mechanicum-stalker-constructs\/#primaryimage","url":"https:\/\/www.coccigames.com\/wp-content\/uploads\/2025\/12\/99122619001_LIDarkMechanicumConstructs03.jpg","contentUrl":"https:\/\/www.coccigames.com\/wp-content\/uploads\/2025\/12\/99122619001_LIDarkMechanicumConstructs03.jpg","width":918,"height":948},{"@type":"BreadcrumbList","@id":"https:\/\/www.coccigames.com\/index.php\/produit\/dark-mechanicum-stalker-constructs\/#breadcrumb","itemListElement":[{"@type":"ListItem","position":1,"name":"Accueil","item":"https:\/\/www.coccigames.com\/"},{"@type":"ListItem","position":2,"name":"Boutique","item":"https:\/\/www.coccigames.com\/index.php\/boutique\/"},{"@type":"ListItem","position":3,"name":"DARK MECHANICUM STALKER CONSTRUCTS"}]},{"@type":"WebSite","@id":"https:\/\/www.coccigames.com\/#website","url":"https:\/\/www.coccigames.com\/","name":"Coccigames - Figurines et Peintures","description":"Figurines et Peintures","publisher":{"@id":"https:\/\/www.coccigames.com\/#organization"},"potentialAction":[{"@type":"SearchAction","target":{"@type":"EntryPoint","urlTemplate":"https:\/\/www.coccigames.com\/?s={search_term_string}"},"query-input":{"@type":"PropertyValueSpecification","valueRequired":true,"valueName":"search_term_string"}}],"inLanguage":"fr-FR"},{"@type":"Organization","@id":"https:\/\/www.coccigames.com\/#organization","name":"Coccigames","url":"https:\/\/www.coccigames.com\/","logo":{"@type":"ImageObject","inLanguage":"fr-FR","@id":"https:\/\/www.coccigames.com\/#\/schema\/logo\/image\/","url":"https:\/\/www.coccigames.com\/wp-content\/uploads\/2025\/12\/coccigames_logo_v5.png","contentUrl":"https:\/\/www.coccigames.com\/wp-content\/uploads\/2025\/12\/coccigames_logo_v5.png","width":1768,"height":424,"caption":"Coccigames"},"image":{"@id":"https:\/\/www.coccigames.com\/#\/schema\/logo\/image\/"}}]}},"_links":{"self":[{"href":"https:\/\/www.coccigames.com\/index.php\/wp-json\/wp\/v2\/product\/13008","targetHints":{"allow":["GET"]}}],"collection":[{"href":"https:\/\/www.coccigames.com\/index.php\/wp-json\/wp\/v2\/product"}],"about":[{"href":"https:\/\/www.coccigames.com\/index.php\/wp-json\/wp\/v2\/types\/product"}],"replies":[{"embeddable":true,"href":"https:\/\/www.coccigames.com\/index.php\/wp-json\/wp\/v2\/comments?post=13008"}],"wp:featuredmedia":[{"embeddable":true,"href":"https:\/\/www.coccigames.com\/index.php\/wp-json\/wp\/v2\/media\/13127"}],"wp:attachment":[{"href":"https:\/\/www.coccigames.com\/index.php\/wp-json\/wp\/v2\/media?parent=13008"}],"wp:term":[{"taxonomy":"product_brand","embeddable":true,"href":"https:\/\/www.coccigames.com\/index.php\/wp-json\/wp\/v2\/product_brand?post=13008"},{"taxonomy":"product_cat","embeddable":true,"href":"https:\/\/www.coccigames.com\/index.php\/wp-json\/wp\/v2\/product_cat?post=13008"},{"taxonomy":"product_tag","embeddable":true,"href":"https:\/\/www.coccigames.com\/index.php\/wp-json\/wp\/v2\/product_tag?post=13008"}],"curies":[{"name":"wp","href":"https:\/\/api.w.org\/{rel}","templated":true}]}}