{"id":13007,"date":"2025-12-20T13:22:20","date_gmt":"2025-12-20T12:22:20","guid":{"rendered":"https:\/\/www.coccigames.com\/index.php\/produit\/dark-mech-serperos-heavy-stalkers\/"},"modified":"2026-04-06T09:28:29","modified_gmt":"2026-04-06T07:28:29","slug":"dark-mech-serperos-heavy-stalkers","status":"publish","type":"product","link":"https:\/\/www.coccigames.com\/index.php\/produit\/dark-mech-serperos-heavy-stalkers\/","title":{"rendered":"DARK MECH SERPEROS OVERLORD HEAVY STALKERS"},"content":{"rendered":"<p>Le Serperos Heavy Stalker est un briseur de si\u00e8ge du Mechanicum Noir, fortement prot\u00e9g\u00e9 et lourdement arm\u00e9. Des plaques de blindage \u00e9paisses et plusieurs g\u00e9n\u00e9rateurs de boucliers le pr\u00e9servent de tous les tirs hormis les plus appuy\u00e9s. L&rsquo;arme qui l&rsquo;\u00e9quipe de fa\u00e7on la plus courante est la bombarde exoplanaire \u2013 un instrument de mort redoutable, aliment\u00e9 par l&rsquo;\u00e9ther, d\u00e9chiquetant les armures aussi ais\u00e9ment que la chair.<\/p>\n<p>Ce kit plastique permet d&rsquo;assembler quatre Serperos &lsquo;Overlord&rsquo; Heavy Stalkers pour vos arm\u00e9es du Mechanicum Noir \u00e0 l&rsquo;\u00e9chelle Epic, \u00e0 employer dans vos parties de Legions Imperialis et Adeptus Titanicus. Ces quatre marcheurs maudits peuvent \u00eatre arm\u00e9s d&rsquo;une vaste s\u00e9lection d&rsquo;armes puissantes, incluant les lasers de d\u00e9coupe Serperos anti-tanks, et la bombarde exoplanaire, tandis que leurs boucliers en font des briseurs de si\u00e8ge id\u00e9aux.<\/p>\n<p><strong>Contient:<\/strong><\/p>\n<p>\u2013 4x Serperos &lsquo;Overlord&rsquo; Heavy Stalkers<\/p>\n<p>\u2013 1x Planche de D\u00e9calcos du Mechanicum Noir Legions Imperialis<\/p>\n<p>Ce kit s&rsquo;accompagne aussi de deux Terminaux de Commande afin de pouvoir utiliser les Serperos &lsquo;Overlord&rsquo; Heavy Stalkers dans des parties d&rsquo;Adeptus Titanicus.<\/p>\n<p>Ce kit est compos\u00e9 de 84 \u00e9l\u00e9ments en plastique et de 4x Socles Ronds Legions Imperialis de 60mm. Ces figurines sont fournies non peintes et n\u00e9cessitent assemblage \u2013 nous recommandons d&#8217;employer la Colle Plastique Citadel et la peinture Citadel Colour.<\/p>\n","protected":false},"excerpt":{"rendered":"<p>Le Serperos Heavy Stalker est un briseur de si\u00e8ge du Mechanicum Noir, fortement prot\u00e9g\u00e9 et lourdement arm\u00e9. Des plaques de blindage \u00e9paisses et plusieurs g\u00e9n\u00e9rateurs de boucliers le pr\u00e9servent de tous les tirs hormis les plus appuy\u00e9s. L&rsquo;arme qui l&rsquo;\u00e9quipe de fa\u00e7on la plus courante&hellip;<\/p>\n","protected":false},"featured_media":13121,"comment_status":"open","ping_status":"closed","template":"","meta":[],"product_brand":[23],"product_cat":[6199],"product_tag":[6184,225],"class_list":{"0":"post-13007","1":"product","2":"type-product","3":"status-publish","4":"has-post-thumbnail","6":"product_brand-games-workshop","7":"product_cat-mechanicum","8":"product_tag-legion-imperialis","9":"product_tag-mechanicum","11":"first","12":"onbackorder","13":"sale","14":"taxable","15":"shipping-taxable","16":"purchasable","17":"product-type-simple"},"yoast_head":"<!-- This site is optimized with the Yoast SEO plugin v26.4 - https:\/\/yoast.com\/wordpress\/plugins\/seo\/ -->\n<title>DARK MECH SERPEROS OVERLORD HEAVY STALKERS - Coccigames<\/title>\n<meta name=\"robots\" content=\"index, follow, max-snippet:-1, max-image-preview:large, max-video-preview:-1\" \/>\n<link rel=\"canonical\" href=\"https:\/\/www.coccigames.com\/index.php\/produit\/dark-mech-serperos-heavy-stalkers\/\" \/>\n<meta property=\"og:locale\" content=\"fr_FR\" \/>\n<meta property=\"og:type\" content=\"article\" \/>\n<meta property=\"og:title\" content=\"DARK MECH SERPEROS OVERLORD HEAVY STALKERS - Coccigames\" \/>\n<meta property=\"og:description\" content=\"Le Serperos Heavy Stalker est un briseur de si\u00e8ge du Mechanicum Noir, fortement prot\u00e9g\u00e9 et lourdement arm\u00e9. Des plaques de blindage \u00e9paisses et plusieurs g\u00e9n\u00e9rateurs de boucliers le pr\u00e9servent de tous les tirs hormis les plus appuy\u00e9s. L&rsquo;arme qui l&rsquo;\u00e9quipe de fa\u00e7on la plus courante&hellip;\" \/>\n<meta property=\"og:url\" content=\"https:\/\/www.coccigames.com\/index.php\/produit\/dark-mech-serperos-heavy-stalkers\/\" \/>\n<meta property=\"og:site_name\" content=\"Coccigames\" \/>\n<meta property=\"article:modified_time\" content=\"2026-04-06T07:28:29+00:00\" \/>\n<meta property=\"og:image\" content=\"https:\/\/www.coccigames.com\/wp-content\/uploads\/2025\/12\/99122619002_LIDarkMechanicumSeroporosConstructs05.jpg\" \/>\n\t<meta property=\"og:image:width\" content=\"918\" \/>\n\t<meta property=\"og:image:height\" content=\"948\" \/>\n\t<meta property=\"og:image:type\" content=\"image\/jpeg\" \/>\n<meta name=\"twitter:card\" content=\"summary_large_image\" \/>\n<meta name=\"twitter:label1\" content=\"Dur\u00e9e de lecture estim\u00e9e\" \/>\n\t<meta name=\"twitter:data1\" content=\"2 minutes\" \/>\n<script type=\"application\/ld+json\" class=\"yoast-schema-graph\">{\"@context\":\"https:\/\/schema.org\",\"@graph\":[{\"@type\":\"WebPage\",\"@id\":\"https:\/\/www.coccigames.com\/index.php\/produit\/dark-mech-serperos-heavy-stalkers\/\",\"url\":\"https:\/\/www.coccigames.com\/index.php\/produit\/dark-mech-serperos-heavy-stalkers\/\",\"name\":\"DARK MECH SERPEROS OVERLORD HEAVY STALKERS - Coccigames\",\"isPartOf\":{\"@id\":\"https:\/\/www.coccigames.com\/#website\"},\"primaryImageOfPage\":{\"@id\":\"https:\/\/www.coccigames.com\/index.php\/produit\/dark-mech-serperos-heavy-stalkers\/#primaryimage\"},\"image\":{\"@id\":\"https:\/\/www.coccigames.com\/index.php\/produit\/dark-mech-serperos-heavy-stalkers\/#primaryimage\"},\"thumbnailUrl\":\"https:\/\/www.coccigames.com\/wp-content\/uploads\/2025\/12\/99122619002_LIDarkMechanicumSeroporosConstructs05.jpg\",\"datePublished\":\"2025-12-20T12:22:20+00:00\",\"dateModified\":\"2026-04-06T07:28:29+00:00\",\"breadcrumb\":{\"@id\":\"https:\/\/www.coccigames.com\/index.php\/produit\/dark-mech-serperos-heavy-stalkers\/#breadcrumb\"},\"inLanguage\":\"fr-FR\",\"potentialAction\":[{\"@type\":\"ReadAction\",\"target\":[\"https:\/\/www.coccigames.com\/index.php\/produit\/dark-mech-serperos-heavy-stalkers\/\"]}]},{\"@type\":\"ImageObject\",\"inLanguage\":\"fr-FR\",\"@id\":\"https:\/\/www.coccigames.com\/index.php\/produit\/dark-mech-serperos-heavy-stalkers\/#primaryimage\",\"url\":\"https:\/\/www.coccigames.com\/wp-content\/uploads\/2025\/12\/99122619002_LIDarkMechanicumSeroporosConstructs05.jpg\",\"contentUrl\":\"https:\/\/www.coccigames.com\/wp-content\/uploads\/2025\/12\/99122619002_LIDarkMechanicumSeroporosConstructs05.jpg\",\"width\":918,\"height\":948},{\"@type\":\"BreadcrumbList\",\"@id\":\"https:\/\/www.coccigames.com\/index.php\/produit\/dark-mech-serperos-heavy-stalkers\/#breadcrumb\",\"itemListElement\":[{\"@type\":\"ListItem\",\"position\":1,\"name\":\"Accueil\",\"item\":\"https:\/\/www.coccigames.com\/\"},{\"@type\":\"ListItem\",\"position\":2,\"name\":\"Boutique\",\"item\":\"https:\/\/www.coccigames.com\/index.php\/boutique\/\"},{\"@type\":\"ListItem\",\"position\":3,\"name\":\"DARK MECH SERPEROS OVERLORD HEAVY STALKERS\"}]},{\"@type\":\"WebSite\",\"@id\":\"https:\/\/www.coccigames.com\/#website\",\"url\":\"https:\/\/www.coccigames.com\/\",\"name\":\"Coccigames - Figurines et Peintures\",\"description\":\"Figurines et Peintures\",\"publisher\":{\"@id\":\"https:\/\/www.coccigames.com\/#organization\"},\"potentialAction\":[{\"@type\":\"SearchAction\",\"target\":{\"@type\":\"EntryPoint\",\"urlTemplate\":\"https:\/\/www.coccigames.com\/?s={search_term_string}\"},\"query-input\":{\"@type\":\"PropertyValueSpecification\",\"valueRequired\":true,\"valueName\":\"search_term_string\"}}],\"inLanguage\":\"fr-FR\"},{\"@type\":\"Organization\",\"@id\":\"https:\/\/www.coccigames.com\/#organization\",\"name\":\"Coccigames\",\"url\":\"https:\/\/www.coccigames.com\/\",\"logo\":{\"@type\":\"ImageObject\",\"inLanguage\":\"fr-FR\",\"@id\":\"https:\/\/www.coccigames.com\/#\/schema\/logo\/image\/\",\"url\":\"https:\/\/www.coccigames.com\/wp-content\/uploads\/2025\/12\/coccigames_logo_v5.png\",\"contentUrl\":\"https:\/\/www.coccigames.com\/wp-content\/uploads\/2025\/12\/coccigames_logo_v5.png\",\"width\":1768,\"height\":424,\"caption\":\"Coccigames\"},\"image\":{\"@id\":\"https:\/\/www.coccigames.com\/#\/schema\/logo\/image\/\"}}]}<\/script>\n<!-- \/ Yoast SEO plugin. -->","yoast_head_json":{"title":"DARK MECH SERPEROS OVERLORD HEAVY STALKERS - Coccigames","robots":{"index":"index","follow":"follow","max-snippet":"max-snippet:-1","max-image-preview":"max-image-preview:large","max-video-preview":"max-video-preview:-1"},"canonical":"https:\/\/www.coccigames.com\/index.php\/produit\/dark-mech-serperos-heavy-stalkers\/","og_locale":"fr_FR","og_type":"article","og_title":"DARK MECH SERPEROS OVERLORD HEAVY STALKERS - Coccigames","og_description":"Le Serperos Heavy Stalker est un briseur de si\u00e8ge du Mechanicum Noir, fortement prot\u00e9g\u00e9 et lourdement arm\u00e9. Des plaques de blindage \u00e9paisses et plusieurs g\u00e9n\u00e9rateurs de boucliers le pr\u00e9servent de tous les tirs hormis les plus appuy\u00e9s. L&rsquo;arme qui l&rsquo;\u00e9quipe de fa\u00e7on la plus courante&hellip;","og_url":"https:\/\/www.coccigames.com\/index.php\/produit\/dark-mech-serperos-heavy-stalkers\/","og_site_name":"Coccigames","article_modified_time":"2026-04-06T07:28:29+00:00","og_image":[{"width":918,"height":948,"url":"https:\/\/www.coccigames.com\/wp-content\/uploads\/2025\/12\/99122619002_LIDarkMechanicumSeroporosConstructs05.jpg","type":"image\/jpeg"}],"twitter_card":"summary_large_image","twitter_misc":{"Dur\u00e9e de lecture estim\u00e9e":"2 minutes"},"schema":{"@context":"https:\/\/schema.org","@graph":[{"@type":"WebPage","@id":"https:\/\/www.coccigames.com\/index.php\/produit\/dark-mech-serperos-heavy-stalkers\/","url":"https:\/\/www.coccigames.com\/index.php\/produit\/dark-mech-serperos-heavy-stalkers\/","name":"DARK MECH SERPEROS OVERLORD HEAVY STALKERS - Coccigames","isPartOf":{"@id":"https:\/\/www.coccigames.com\/#website"},"primaryImageOfPage":{"@id":"https:\/\/www.coccigames.com\/index.php\/produit\/dark-mech-serperos-heavy-stalkers\/#primaryimage"},"image":{"@id":"https:\/\/www.coccigames.com\/index.php\/produit\/dark-mech-serperos-heavy-stalkers\/#primaryimage"},"thumbnailUrl":"https:\/\/www.coccigames.com\/wp-content\/uploads\/2025\/12\/99122619002_LIDarkMechanicumSeroporosConstructs05.jpg","datePublished":"2025-12-20T12:22:20+00:00","dateModified":"2026-04-06T07:28:29+00:00","breadcrumb":{"@id":"https:\/\/www.coccigames.com\/index.php\/produit\/dark-mech-serperos-heavy-stalkers\/#breadcrumb"},"inLanguage":"fr-FR","potentialAction":[{"@type":"ReadAction","target":["https:\/\/www.coccigames.com\/index.php\/produit\/dark-mech-serperos-heavy-stalkers\/"]}]},{"@type":"ImageObject","inLanguage":"fr-FR","@id":"https:\/\/www.coccigames.com\/index.php\/produit\/dark-mech-serperos-heavy-stalkers\/#primaryimage","url":"https:\/\/www.coccigames.com\/wp-content\/uploads\/2025\/12\/99122619002_LIDarkMechanicumSeroporosConstructs05.jpg","contentUrl":"https:\/\/www.coccigames.com\/wp-content\/uploads\/2025\/12\/99122619002_LIDarkMechanicumSeroporosConstructs05.jpg","width":918,"height":948},{"@type":"BreadcrumbList","@id":"https:\/\/www.coccigames.com\/index.php\/produit\/dark-mech-serperos-heavy-stalkers\/#breadcrumb","itemListElement":[{"@type":"ListItem","position":1,"name":"Accueil","item":"https:\/\/www.coccigames.com\/"},{"@type":"ListItem","position":2,"name":"Boutique","item":"https:\/\/www.coccigames.com\/index.php\/boutique\/"},{"@type":"ListItem","position":3,"name":"DARK MECH SERPEROS OVERLORD HEAVY STALKERS"}]},{"@type":"WebSite","@id":"https:\/\/www.coccigames.com\/#website","url":"https:\/\/www.coccigames.com\/","name":"Coccigames - Figurines et Peintures","description":"Figurines et Peintures","publisher":{"@id":"https:\/\/www.coccigames.com\/#organization"},"potentialAction":[{"@type":"SearchAction","target":{"@type":"EntryPoint","urlTemplate":"https:\/\/www.coccigames.com\/?s={search_term_string}"},"query-input":{"@type":"PropertyValueSpecification","valueRequired":true,"valueName":"search_term_string"}}],"inLanguage":"fr-FR"},{"@type":"Organization","@id":"https:\/\/www.coccigames.com\/#organization","name":"Coccigames","url":"https:\/\/www.coccigames.com\/","logo":{"@type":"ImageObject","inLanguage":"fr-FR","@id":"https:\/\/www.coccigames.com\/#\/schema\/logo\/image\/","url":"https:\/\/www.coccigames.com\/wp-content\/uploads\/2025\/12\/coccigames_logo_v5.png","contentUrl":"https:\/\/www.coccigames.com\/wp-content\/uploads\/2025\/12\/coccigames_logo_v5.png","width":1768,"height":424,"caption":"Coccigames"},"image":{"@id":"https:\/\/www.coccigames.com\/#\/schema\/logo\/image\/"}}]}},"_links":{"self":[{"href":"https:\/\/www.coccigames.com\/index.php\/wp-json\/wp\/v2\/product\/13007","targetHints":{"allow":["GET"]}}],"collection":[{"href":"https:\/\/www.coccigames.com\/index.php\/wp-json\/wp\/v2\/product"}],"about":[{"href":"https:\/\/www.coccigames.com\/index.php\/wp-json\/wp\/v2\/types\/product"}],"replies":[{"embeddable":true,"href":"https:\/\/www.coccigames.com\/index.php\/wp-json\/wp\/v2\/comments?post=13007"}],"wp:featuredmedia":[{"embeddable":true,"href":"https:\/\/www.coccigames.com\/index.php\/wp-json\/wp\/v2\/media\/13121"}],"wp:attachment":[{"href":"https:\/\/www.coccigames.com\/index.php\/wp-json\/wp\/v2\/media?parent=13007"}],"wp:term":[{"taxonomy":"product_brand","embeddable":true,"href":"https:\/\/www.coccigames.com\/index.php\/wp-json\/wp\/v2\/product_brand?post=13007"},{"taxonomy":"product_cat","embeddable":true,"href":"https:\/\/www.coccigames.com\/index.php\/wp-json\/wp\/v2\/product_cat?post=13007"},{"taxonomy":"product_tag","embeddable":true,"href":"https:\/\/www.coccigames.com\/index.php\/wp-json\/wp\/v2\/product_tag?post=13007"}],"curies":[{"name":"wp","href":"https:\/\/api.w.org\/{rel}","templated":true}]}}