{"id":13006,"date":"2025-12-20T13:22:20","date_gmt":"2025-12-20T12:22:20","guid":{"rendered":"https:\/\/www.coccigames.com\/index.php\/produit\/manufactorum-imperialis-sector\/"},"modified":"2026-04-06T09:28:29","modified_gmt":"2026-04-06T07:28:29","slug":"manufactorum-imperialis-sector","status":"publish","type":"product","link":"https:\/\/www.coccigames.com\/index.php\/produit\/manufactorum-imperialis-sector\/","title":{"rendered":"MANUFACTORUM IMPERIALIS SECTOR"},"content":{"rendered":"<p>Sur les mondes de l&rsquo;\u00c2ge des T\u00e9n\u00e8bres d\u00e9chir\u00e9s par la guerre, d&rsquo;immenses arm\u00e9es s&rsquo;affrontent dans les cit\u00e9s en ruines. Certains des champs de bataille les plus \u00e2prement contest\u00e9s sont les secteurs industriels, dont les ressources sont convoit\u00e9es pour proc\u00e9der \u00e0 des r\u00e9parations et au r\u00e9approvisionnement des puissantes machines divines et de leurs alli\u00e9s.<\/p>\n<p>Ce kit rempli d&rsquo;\u00e9l\u00e9ments de d\u00e9cor modulaires \u00e0 l&rsquo;\u00e9chelle Epic offre tout un ensemble de ressources strat\u00e9giques pour lesquelles vos arm\u00e9es se battront f\u00e9rocement. Ce set modulaire contient des canalisations, des grues, d&rsquo;\u00e9normes r\u00e9servoirs de carburant, des turbines, des g\u00e9n\u00e9rateurs d&rsquo;\u00e9nergie, des a\u00e9rations et bien plus encore. Tous ces \u00e9l\u00e9ments peuvent \u00eatre agenc\u00e9s selon diverses configurations: vous pouvez assembler de petits b\u00e2timents, quelques structures moyennes ou une structure assez imposante pour offrir un couvert \u00e0 vos Titans!<\/p>\n<p><strong>Ce kit contient les 104 \u00e9l\u00e9ments de d\u00e9cor suivants:<\/strong><\/p>\n<p>\u2013 4x Crane Grapples<\/p>\n<p>\u2013 4x Crane Hooks<\/p>\n<p>\u2013 4x Refinery Hubs<\/p>\n<p>\u2013 4x Storage Silos<\/p>\n<p>\u2013 4x Generator Silos<\/p>\n<p>\u2013 4x Generator Towers<\/p>\n<p>\u2013 4x Large Generator Towers<\/p>\n<p>\u2013 4x Generator Interlock Hubs<\/p>\n<p>\u2013 4x Generator Multi-capacitors<\/p>\n<p>\u2013 12x Generator Capacitors<\/p>\n<p>\u2013 12x Promethium Barrels and Supply Crates<\/p>\n<p>\u2013 16x Storage Tank Containers<\/p>\n<p>\u2013 24x Generator Terminals<\/p>\n<p>Ces d\u00e9cors sont fournis non peints et n\u00e9cessitent assemblage \u2013 nous recommandons d&#8217;employer la Colle Plastique Citadel et la peinture Citadel Colour.<\/p>\n","protected":false},"excerpt":{"rendered":"<p>Sur les mondes de l&rsquo;\u00c2ge des T\u00e9n\u00e8bres d\u00e9chir\u00e9s par la guerre, d&rsquo;immenses arm\u00e9es s&rsquo;affrontent dans les cit\u00e9s en ruines. Certains des champs de bataille les plus \u00e2prement contest\u00e9s sont les secteurs industriels, dont les ressources sont convoit\u00e9es pour proc\u00e9der \u00e0 des r\u00e9parations et au r\u00e9approvisionnement&hellip;<\/p>\n","protected":false},"featured_media":13123,"comment_status":"open","ping_status":"closed","template":"","meta":[],"product_brand":[23],"product_cat":[6185],"product_tag":[434,6184],"class_list":{"0":"post-13006","1":"product","2":"type-product","3":"status-publish","4":"has-post-thumbnail","6":"product_brand-games-workshop","7":"product_cat-legion-imperialis","8":"product_tag-generic","9":"product_tag-legion-imperialis","11":"first","12":"onbackorder","13":"sale","14":"taxable","15":"shipping-taxable","16":"purchasable","17":"product-type-simple"},"yoast_head":"<!-- This site is optimized with the Yoast SEO plugin v26.4 - https:\/\/yoast.com\/wordpress\/plugins\/seo\/ -->\n<title>MANUFACTORUM IMPERIALIS SECTOR - Coccigames<\/title>\n<meta name=\"robots\" content=\"index, follow, max-snippet:-1, max-image-preview:large, max-video-preview:-1\" \/>\n<link rel=\"canonical\" href=\"https:\/\/www.coccigames.com\/index.php\/produit\/manufactorum-imperialis-sector\/\" \/>\n<meta property=\"og:locale\" content=\"fr_FR\" \/>\n<meta property=\"og:type\" content=\"article\" \/>\n<meta property=\"og:title\" content=\"MANUFACTORUM IMPERIALIS SECTOR - Coccigames\" \/>\n<meta property=\"og:description\" content=\"Sur les mondes de l&rsquo;\u00c2ge des T\u00e9n\u00e8bres d\u00e9chir\u00e9s par la guerre, d&rsquo;immenses arm\u00e9es s&rsquo;affrontent dans les cit\u00e9s en ruines. Certains des champs de bataille les plus \u00e2prement contest\u00e9s sont les secteurs industriels, dont les ressources sont convoit\u00e9es pour proc\u00e9der \u00e0 des r\u00e9parations et au r\u00e9approvisionnement&hellip;\" \/>\n<meta property=\"og:url\" content=\"https:\/\/www.coccigames.com\/index.php\/produit\/manufactorum-imperialis-sector\/\" \/>\n<meta property=\"og:site_name\" content=\"Coccigames\" \/>\n<meta property=\"article:modified_time\" content=\"2026-04-06T07:28:29+00:00\" \/>\n<meta property=\"og:image\" content=\"https:\/\/www.coccigames.com\/wp-content\/uploads\/2025\/12\/99122699024_LIManufactorumImperialisSector04.jpg\" \/>\n\t<meta property=\"og:image:width\" content=\"918\" \/>\n\t<meta property=\"og:image:height\" content=\"948\" \/>\n\t<meta property=\"og:image:type\" content=\"image\/jpeg\" \/>\n<meta name=\"twitter:card\" content=\"summary_large_image\" \/>\n<meta name=\"twitter:label1\" content=\"Dur\u00e9e de lecture estim\u00e9e\" \/>\n\t<meta name=\"twitter:data1\" content=\"2 minutes\" \/>\n<script type=\"application\/ld+json\" class=\"yoast-schema-graph\">{\"@context\":\"https:\/\/schema.org\",\"@graph\":[{\"@type\":\"WebPage\",\"@id\":\"https:\/\/www.coccigames.com\/index.php\/produit\/manufactorum-imperialis-sector\/\",\"url\":\"https:\/\/www.coccigames.com\/index.php\/produit\/manufactorum-imperialis-sector\/\",\"name\":\"MANUFACTORUM IMPERIALIS SECTOR - Coccigames\",\"isPartOf\":{\"@id\":\"https:\/\/www.coccigames.com\/#website\"},\"primaryImageOfPage\":{\"@id\":\"https:\/\/www.coccigames.com\/index.php\/produit\/manufactorum-imperialis-sector\/#primaryimage\"},\"image\":{\"@id\":\"https:\/\/www.coccigames.com\/index.php\/produit\/manufactorum-imperialis-sector\/#primaryimage\"},\"thumbnailUrl\":\"https:\/\/www.coccigames.com\/wp-content\/uploads\/2025\/12\/99122699024_LIManufactorumImperialisSector04.jpg\",\"datePublished\":\"2025-12-20T12:22:20+00:00\",\"dateModified\":\"2026-04-06T07:28:29+00:00\",\"breadcrumb\":{\"@id\":\"https:\/\/www.coccigames.com\/index.php\/produit\/manufactorum-imperialis-sector\/#breadcrumb\"},\"inLanguage\":\"fr-FR\",\"potentialAction\":[{\"@type\":\"ReadAction\",\"target\":[\"https:\/\/www.coccigames.com\/index.php\/produit\/manufactorum-imperialis-sector\/\"]}]},{\"@type\":\"ImageObject\",\"inLanguage\":\"fr-FR\",\"@id\":\"https:\/\/www.coccigames.com\/index.php\/produit\/manufactorum-imperialis-sector\/#primaryimage\",\"url\":\"https:\/\/www.coccigames.com\/wp-content\/uploads\/2025\/12\/99122699024_LIManufactorumImperialisSector04.jpg\",\"contentUrl\":\"https:\/\/www.coccigames.com\/wp-content\/uploads\/2025\/12\/99122699024_LIManufactorumImperialisSector04.jpg\",\"width\":918,\"height\":948},{\"@type\":\"BreadcrumbList\",\"@id\":\"https:\/\/www.coccigames.com\/index.php\/produit\/manufactorum-imperialis-sector\/#breadcrumb\",\"itemListElement\":[{\"@type\":\"ListItem\",\"position\":1,\"name\":\"Accueil\",\"item\":\"https:\/\/www.coccigames.com\/\"},{\"@type\":\"ListItem\",\"position\":2,\"name\":\"Boutique\",\"item\":\"https:\/\/www.coccigames.com\/index.php\/boutique\/\"},{\"@type\":\"ListItem\",\"position\":3,\"name\":\"MANUFACTORUM IMPERIALIS SECTOR\"}]},{\"@type\":\"WebSite\",\"@id\":\"https:\/\/www.coccigames.com\/#website\",\"url\":\"https:\/\/www.coccigames.com\/\",\"name\":\"Coccigames - Figurines et Peintures\",\"description\":\"Figurines et Peintures\",\"publisher\":{\"@id\":\"https:\/\/www.coccigames.com\/#organization\"},\"potentialAction\":[{\"@type\":\"SearchAction\",\"target\":{\"@type\":\"EntryPoint\",\"urlTemplate\":\"https:\/\/www.coccigames.com\/?s={search_term_string}\"},\"query-input\":{\"@type\":\"PropertyValueSpecification\",\"valueRequired\":true,\"valueName\":\"search_term_string\"}}],\"inLanguage\":\"fr-FR\"},{\"@type\":\"Organization\",\"@id\":\"https:\/\/www.coccigames.com\/#organization\",\"name\":\"Coccigames\",\"url\":\"https:\/\/www.coccigames.com\/\",\"logo\":{\"@type\":\"ImageObject\",\"inLanguage\":\"fr-FR\",\"@id\":\"https:\/\/www.coccigames.com\/#\/schema\/logo\/image\/\",\"url\":\"https:\/\/www.coccigames.com\/wp-content\/uploads\/2025\/12\/coccigames_logo_v5.png\",\"contentUrl\":\"https:\/\/www.coccigames.com\/wp-content\/uploads\/2025\/12\/coccigames_logo_v5.png\",\"width\":1768,\"height\":424,\"caption\":\"Coccigames\"},\"image\":{\"@id\":\"https:\/\/www.coccigames.com\/#\/schema\/logo\/image\/\"}}]}<\/script>\n<!-- \/ Yoast SEO plugin. -->","yoast_head_json":{"title":"MANUFACTORUM IMPERIALIS SECTOR - Coccigames","robots":{"index":"index","follow":"follow","max-snippet":"max-snippet:-1","max-image-preview":"max-image-preview:large","max-video-preview":"max-video-preview:-1"},"canonical":"https:\/\/www.coccigames.com\/index.php\/produit\/manufactorum-imperialis-sector\/","og_locale":"fr_FR","og_type":"article","og_title":"MANUFACTORUM IMPERIALIS SECTOR - Coccigames","og_description":"Sur les mondes de l&rsquo;\u00c2ge des T\u00e9n\u00e8bres d\u00e9chir\u00e9s par la guerre, d&rsquo;immenses arm\u00e9es s&rsquo;affrontent dans les cit\u00e9s en ruines. Certains des champs de bataille les plus \u00e2prement contest\u00e9s sont les secteurs industriels, dont les ressources sont convoit\u00e9es pour proc\u00e9der \u00e0 des r\u00e9parations et au r\u00e9approvisionnement&hellip;","og_url":"https:\/\/www.coccigames.com\/index.php\/produit\/manufactorum-imperialis-sector\/","og_site_name":"Coccigames","article_modified_time":"2026-04-06T07:28:29+00:00","og_image":[{"width":918,"height":948,"url":"https:\/\/www.coccigames.com\/wp-content\/uploads\/2025\/12\/99122699024_LIManufactorumImperialisSector04.jpg","type":"image\/jpeg"}],"twitter_card":"summary_large_image","twitter_misc":{"Dur\u00e9e de lecture estim\u00e9e":"2 minutes"},"schema":{"@context":"https:\/\/schema.org","@graph":[{"@type":"WebPage","@id":"https:\/\/www.coccigames.com\/index.php\/produit\/manufactorum-imperialis-sector\/","url":"https:\/\/www.coccigames.com\/index.php\/produit\/manufactorum-imperialis-sector\/","name":"MANUFACTORUM IMPERIALIS SECTOR - Coccigames","isPartOf":{"@id":"https:\/\/www.coccigames.com\/#website"},"primaryImageOfPage":{"@id":"https:\/\/www.coccigames.com\/index.php\/produit\/manufactorum-imperialis-sector\/#primaryimage"},"image":{"@id":"https:\/\/www.coccigames.com\/index.php\/produit\/manufactorum-imperialis-sector\/#primaryimage"},"thumbnailUrl":"https:\/\/www.coccigames.com\/wp-content\/uploads\/2025\/12\/99122699024_LIManufactorumImperialisSector04.jpg","datePublished":"2025-12-20T12:22:20+00:00","dateModified":"2026-04-06T07:28:29+00:00","breadcrumb":{"@id":"https:\/\/www.coccigames.com\/index.php\/produit\/manufactorum-imperialis-sector\/#breadcrumb"},"inLanguage":"fr-FR","potentialAction":[{"@type":"ReadAction","target":["https:\/\/www.coccigames.com\/index.php\/produit\/manufactorum-imperialis-sector\/"]}]},{"@type":"ImageObject","inLanguage":"fr-FR","@id":"https:\/\/www.coccigames.com\/index.php\/produit\/manufactorum-imperialis-sector\/#primaryimage","url":"https:\/\/www.coccigames.com\/wp-content\/uploads\/2025\/12\/99122699024_LIManufactorumImperialisSector04.jpg","contentUrl":"https:\/\/www.coccigames.com\/wp-content\/uploads\/2025\/12\/99122699024_LIManufactorumImperialisSector04.jpg","width":918,"height":948},{"@type":"BreadcrumbList","@id":"https:\/\/www.coccigames.com\/index.php\/produit\/manufactorum-imperialis-sector\/#breadcrumb","itemListElement":[{"@type":"ListItem","position":1,"name":"Accueil","item":"https:\/\/www.coccigames.com\/"},{"@type":"ListItem","position":2,"name":"Boutique","item":"https:\/\/www.coccigames.com\/index.php\/boutique\/"},{"@type":"ListItem","position":3,"name":"MANUFACTORUM IMPERIALIS SECTOR"}]},{"@type":"WebSite","@id":"https:\/\/www.coccigames.com\/#website","url":"https:\/\/www.coccigames.com\/","name":"Coccigames - Figurines et Peintures","description":"Figurines et Peintures","publisher":{"@id":"https:\/\/www.coccigames.com\/#organization"},"potentialAction":[{"@type":"SearchAction","target":{"@type":"EntryPoint","urlTemplate":"https:\/\/www.coccigames.com\/?s={search_term_string}"},"query-input":{"@type":"PropertyValueSpecification","valueRequired":true,"valueName":"search_term_string"}}],"inLanguage":"fr-FR"},{"@type":"Organization","@id":"https:\/\/www.coccigames.com\/#organization","name":"Coccigames","url":"https:\/\/www.coccigames.com\/","logo":{"@type":"ImageObject","inLanguage":"fr-FR","@id":"https:\/\/www.coccigames.com\/#\/schema\/logo\/image\/","url":"https:\/\/www.coccigames.com\/wp-content\/uploads\/2025\/12\/coccigames_logo_v5.png","contentUrl":"https:\/\/www.coccigames.com\/wp-content\/uploads\/2025\/12\/coccigames_logo_v5.png","width":1768,"height":424,"caption":"Coccigames"},"image":{"@id":"https:\/\/www.coccigames.com\/#\/schema\/logo\/image\/"}}]}},"_links":{"self":[{"href":"https:\/\/www.coccigames.com\/index.php\/wp-json\/wp\/v2\/product\/13006","targetHints":{"allow":["GET"]}}],"collection":[{"href":"https:\/\/www.coccigames.com\/index.php\/wp-json\/wp\/v2\/product"}],"about":[{"href":"https:\/\/www.coccigames.com\/index.php\/wp-json\/wp\/v2\/types\/product"}],"replies":[{"embeddable":true,"href":"https:\/\/www.coccigames.com\/index.php\/wp-json\/wp\/v2\/comments?post=13006"}],"wp:featuredmedia":[{"embeddable":true,"href":"https:\/\/www.coccigames.com\/index.php\/wp-json\/wp\/v2\/media\/13123"}],"wp:attachment":[{"href":"https:\/\/www.coccigames.com\/index.php\/wp-json\/wp\/v2\/media?parent=13006"}],"wp:term":[{"taxonomy":"product_brand","embeddable":true,"href":"https:\/\/www.coccigames.com\/index.php\/wp-json\/wp\/v2\/product_brand?post=13006"},{"taxonomy":"product_cat","embeddable":true,"href":"https:\/\/www.coccigames.com\/index.php\/wp-json\/wp\/v2\/product_cat?post=13006"},{"taxonomy":"product_tag","embeddable":true,"href":"https:\/\/www.coccigames.com\/index.php\/wp-json\/wp\/v2\/product_tag?post=13006"}],"curies":[{"name":"wp","href":"https:\/\/api.w.org\/{rel}","templated":true}]}}