{"id":13002,"date":"2025-12-20T13:22:17","date_gmt":"2025-12-20T12:22:17","guid":{"rendered":"https:\/\/www.coccigames.com\/index.php\/produit\/civitas-imperialis\/"},"modified":"2026-04-06T09:28:29","modified_gmt":"2026-04-06T07:28:29","slug":"civitas-imperialis","status":"publish","type":"product","link":"https:\/\/www.coccigames.com\/index.php\/produit\/civitas-imperialis\/","title":{"rendered":"CIVITAS IMPERIALIS"},"content":{"rendered":"<p>M\u00eame \u00e0 l&rsquo;\u00c2ge des T\u00e9n\u00e8bres, la monumentale architecture de l&rsquo;Imperium naissant favorise les \u00e9difices impressionnants, m\u00e9lange d&rsquo;\u00e9l\u00e9ments baroques et gothiques et de structures militaris\u00e9es con\u00e7us pour r\u00e9sister m\u00eame dans les environnements les plus hostiles.<\/p>\n<p>Ce kit en plastique permet d&rsquo;assembler un set de b\u00e2timents \u00e0 l&rsquo;\u00e9chelle epic, con\u00e7us pour \u00eatre utilis\u00e9s dans les parties de Legions Imperialis et d&rsquo;Adeptus Titanicus. Ce set modulaire peut \u00eatre agenc\u00e9 et empil\u00e9 de plusieurs mani\u00e8res diff\u00e9rentes: vous pouvez assembler plusieurs petits b\u00e2timents, quelques structures moyennes ou une tour assez haute pour servir de couvert \u00e0 un Titan Warlord!<\/p>\n<p><strong>Contient:<\/strong><\/p>\n<p>&#8211; 6x sections de mur individuelles<\/p>\n<p>&#8211; 4x sections de toit double face<\/p>\n<p>&#8211; 7x grandes sections de mur<\/p>\n<p>&#8211; 2x arcs-boutants<\/p>\n<p>&#8211; 6x petits contreforts<\/p>\n<p>&#8211; 2x contreforts moyens<\/p>\n<p>&#8211; 5x grands contreforts<\/p>\n<p>Ces figurines sont fournies non peintes et n\u00e9cessitent assemblage \u2013 nous recommandons d&#8217;employer la Colle Plastique Citadel et la peinture Citadel Colour.<\/p>\n","protected":false},"excerpt":{"rendered":"<p>M\u00eame \u00e0 l&rsquo;\u00c2ge des T\u00e9n\u00e8bres, la monumentale architecture de l&rsquo;Imperium naissant favorise les \u00e9difices impressionnants, m\u00e9lange d&rsquo;\u00e9l\u00e9ments baroques et gothiques et de structures militaris\u00e9es con\u00e7us pour r\u00e9sister m\u00eame dans les environnements les plus hostiles. Ce kit en plastique permet d&rsquo;assembler un set de b\u00e2timents \u00e0&hellip;<\/p>\n","protected":false},"featured_media":13094,"comment_status":"open","ping_status":"closed","template":"","meta":[],"product_brand":[23],"product_cat":[6185],"product_tag":[434,6184],"class_list":{"0":"post-13002","1":"product","2":"type-product","3":"status-publish","4":"has-post-thumbnail","6":"product_brand-games-workshop","7":"product_cat-legion-imperialis","8":"product_tag-generic","9":"product_tag-legion-imperialis","11":"first","12":"onbackorder","13":"sale","14":"taxable","15":"shipping-taxable","16":"purchasable","17":"product-type-simple"},"yoast_head":"<!-- This site is optimized with the Yoast SEO plugin v26.4 - https:\/\/yoast.com\/wordpress\/plugins\/seo\/ -->\n<title>CIVITAS IMPERIALIS - Coccigames<\/title>\n<meta name=\"robots\" content=\"index, follow, max-snippet:-1, max-image-preview:large, max-video-preview:-1\" \/>\n<link rel=\"canonical\" href=\"https:\/\/www.coccigames.com\/index.php\/produit\/civitas-imperialis\/\" \/>\n<meta property=\"og:locale\" content=\"fr_FR\" \/>\n<meta property=\"og:type\" content=\"article\" \/>\n<meta property=\"og:title\" content=\"CIVITAS IMPERIALIS - Coccigames\" \/>\n<meta property=\"og:description\" content=\"M\u00eame \u00e0 l&rsquo;\u00c2ge des T\u00e9n\u00e8bres, la monumentale architecture de l&rsquo;Imperium naissant favorise les \u00e9difices impressionnants, m\u00e9lange d&rsquo;\u00e9l\u00e9ments baroques et gothiques et de structures militaris\u00e9es con\u00e7us pour r\u00e9sister m\u00eame dans les environnements les plus hostiles. Ce kit en plastique permet d&rsquo;assembler un set de b\u00e2timents \u00e0&hellip;\" \/>\n<meta property=\"og:url\" content=\"https:\/\/www.coccigames.com\/index.php\/produit\/civitas-imperialis\/\" \/>\n<meta property=\"og:site_name\" content=\"Coccigames\" \/>\n<meta property=\"article:modified_time\" content=\"2026-04-06T07:28:29+00:00\" \/>\n<meta property=\"og:image\" content=\"https:\/\/www.coccigames.com\/wp-content\/uploads\/2025\/12\/99122699004_CivitasImperialis5.jpg\" \/>\n\t<meta property=\"og:image:width\" content=\"918\" \/>\n\t<meta property=\"og:image:height\" content=\"948\" \/>\n\t<meta property=\"og:image:type\" content=\"image\/jpeg\" \/>\n<meta name=\"twitter:card\" content=\"summary_large_image\" \/>\n<meta name=\"twitter:label1\" content=\"Dur\u00e9e de lecture estim\u00e9e\" \/>\n\t<meta name=\"twitter:data1\" content=\"1 minute\" \/>\n<script type=\"application\/ld+json\" class=\"yoast-schema-graph\">{\"@context\":\"https:\/\/schema.org\",\"@graph\":[{\"@type\":\"WebPage\",\"@id\":\"https:\/\/www.coccigames.com\/index.php\/produit\/civitas-imperialis\/\",\"url\":\"https:\/\/www.coccigames.com\/index.php\/produit\/civitas-imperialis\/\",\"name\":\"CIVITAS IMPERIALIS - Coccigames\",\"isPartOf\":{\"@id\":\"https:\/\/www.coccigames.com\/#website\"},\"primaryImageOfPage\":{\"@id\":\"https:\/\/www.coccigames.com\/index.php\/produit\/civitas-imperialis\/#primaryimage\"},\"image\":{\"@id\":\"https:\/\/www.coccigames.com\/index.php\/produit\/civitas-imperialis\/#primaryimage\"},\"thumbnailUrl\":\"https:\/\/www.coccigames.com\/wp-content\/uploads\/2025\/12\/99122699004_CivitasImperialis5.jpg\",\"datePublished\":\"2025-12-20T12:22:17+00:00\",\"dateModified\":\"2026-04-06T07:28:29+00:00\",\"breadcrumb\":{\"@id\":\"https:\/\/www.coccigames.com\/index.php\/produit\/civitas-imperialis\/#breadcrumb\"},\"inLanguage\":\"fr-FR\",\"potentialAction\":[{\"@type\":\"ReadAction\",\"target\":[\"https:\/\/www.coccigames.com\/index.php\/produit\/civitas-imperialis\/\"]}]},{\"@type\":\"ImageObject\",\"inLanguage\":\"fr-FR\",\"@id\":\"https:\/\/www.coccigames.com\/index.php\/produit\/civitas-imperialis\/#primaryimage\",\"url\":\"https:\/\/www.coccigames.com\/wp-content\/uploads\/2025\/12\/99122699004_CivitasImperialis5.jpg\",\"contentUrl\":\"https:\/\/www.coccigames.com\/wp-content\/uploads\/2025\/12\/99122699004_CivitasImperialis5.jpg\",\"width\":918,\"height\":948},{\"@type\":\"BreadcrumbList\",\"@id\":\"https:\/\/www.coccigames.com\/index.php\/produit\/civitas-imperialis\/#breadcrumb\",\"itemListElement\":[{\"@type\":\"ListItem\",\"position\":1,\"name\":\"Accueil\",\"item\":\"https:\/\/www.coccigames.com\/\"},{\"@type\":\"ListItem\",\"position\":2,\"name\":\"Boutique\",\"item\":\"https:\/\/www.coccigames.com\/index.php\/boutique\/\"},{\"@type\":\"ListItem\",\"position\":3,\"name\":\"CIVITAS IMPERIALIS\"}]},{\"@type\":\"WebSite\",\"@id\":\"https:\/\/www.coccigames.com\/#website\",\"url\":\"https:\/\/www.coccigames.com\/\",\"name\":\"Coccigames - Figurines et Peintures\",\"description\":\"Figurines et Peintures\",\"publisher\":{\"@id\":\"https:\/\/www.coccigames.com\/#organization\"},\"potentialAction\":[{\"@type\":\"SearchAction\",\"target\":{\"@type\":\"EntryPoint\",\"urlTemplate\":\"https:\/\/www.coccigames.com\/?s={search_term_string}\"},\"query-input\":{\"@type\":\"PropertyValueSpecification\",\"valueRequired\":true,\"valueName\":\"search_term_string\"}}],\"inLanguage\":\"fr-FR\"},{\"@type\":\"Organization\",\"@id\":\"https:\/\/www.coccigames.com\/#organization\",\"name\":\"Coccigames\",\"url\":\"https:\/\/www.coccigames.com\/\",\"logo\":{\"@type\":\"ImageObject\",\"inLanguage\":\"fr-FR\",\"@id\":\"https:\/\/www.coccigames.com\/#\/schema\/logo\/image\/\",\"url\":\"https:\/\/www.coccigames.com\/wp-content\/uploads\/2025\/12\/coccigames_logo_v5.png\",\"contentUrl\":\"https:\/\/www.coccigames.com\/wp-content\/uploads\/2025\/12\/coccigames_logo_v5.png\",\"width\":1768,\"height\":424,\"caption\":\"Coccigames\"},\"image\":{\"@id\":\"https:\/\/www.coccigames.com\/#\/schema\/logo\/image\/\"}}]}<\/script>\n<!-- \/ Yoast SEO plugin. -->","yoast_head_json":{"title":"CIVITAS IMPERIALIS - Coccigames","robots":{"index":"index","follow":"follow","max-snippet":"max-snippet:-1","max-image-preview":"max-image-preview:large","max-video-preview":"max-video-preview:-1"},"canonical":"https:\/\/www.coccigames.com\/index.php\/produit\/civitas-imperialis\/","og_locale":"fr_FR","og_type":"article","og_title":"CIVITAS IMPERIALIS - Coccigames","og_description":"M\u00eame \u00e0 l&rsquo;\u00c2ge des T\u00e9n\u00e8bres, la monumentale architecture de l&rsquo;Imperium naissant favorise les \u00e9difices impressionnants, m\u00e9lange d&rsquo;\u00e9l\u00e9ments baroques et gothiques et de structures militaris\u00e9es con\u00e7us pour r\u00e9sister m\u00eame dans les environnements les plus hostiles. Ce kit en plastique permet d&rsquo;assembler un set de b\u00e2timents \u00e0&hellip;","og_url":"https:\/\/www.coccigames.com\/index.php\/produit\/civitas-imperialis\/","og_site_name":"Coccigames","article_modified_time":"2026-04-06T07:28:29+00:00","og_image":[{"width":918,"height":948,"url":"https:\/\/www.coccigames.com\/wp-content\/uploads\/2025\/12\/99122699004_CivitasImperialis5.jpg","type":"image\/jpeg"}],"twitter_card":"summary_large_image","twitter_misc":{"Dur\u00e9e de lecture estim\u00e9e":"1 minute"},"schema":{"@context":"https:\/\/schema.org","@graph":[{"@type":"WebPage","@id":"https:\/\/www.coccigames.com\/index.php\/produit\/civitas-imperialis\/","url":"https:\/\/www.coccigames.com\/index.php\/produit\/civitas-imperialis\/","name":"CIVITAS IMPERIALIS - Coccigames","isPartOf":{"@id":"https:\/\/www.coccigames.com\/#website"},"primaryImageOfPage":{"@id":"https:\/\/www.coccigames.com\/index.php\/produit\/civitas-imperialis\/#primaryimage"},"image":{"@id":"https:\/\/www.coccigames.com\/index.php\/produit\/civitas-imperialis\/#primaryimage"},"thumbnailUrl":"https:\/\/www.coccigames.com\/wp-content\/uploads\/2025\/12\/99122699004_CivitasImperialis5.jpg","datePublished":"2025-12-20T12:22:17+00:00","dateModified":"2026-04-06T07:28:29+00:00","breadcrumb":{"@id":"https:\/\/www.coccigames.com\/index.php\/produit\/civitas-imperialis\/#breadcrumb"},"inLanguage":"fr-FR","potentialAction":[{"@type":"ReadAction","target":["https:\/\/www.coccigames.com\/index.php\/produit\/civitas-imperialis\/"]}]},{"@type":"ImageObject","inLanguage":"fr-FR","@id":"https:\/\/www.coccigames.com\/index.php\/produit\/civitas-imperialis\/#primaryimage","url":"https:\/\/www.coccigames.com\/wp-content\/uploads\/2025\/12\/99122699004_CivitasImperialis5.jpg","contentUrl":"https:\/\/www.coccigames.com\/wp-content\/uploads\/2025\/12\/99122699004_CivitasImperialis5.jpg","width":918,"height":948},{"@type":"BreadcrumbList","@id":"https:\/\/www.coccigames.com\/index.php\/produit\/civitas-imperialis\/#breadcrumb","itemListElement":[{"@type":"ListItem","position":1,"name":"Accueil","item":"https:\/\/www.coccigames.com\/"},{"@type":"ListItem","position":2,"name":"Boutique","item":"https:\/\/www.coccigames.com\/index.php\/boutique\/"},{"@type":"ListItem","position":3,"name":"CIVITAS IMPERIALIS"}]},{"@type":"WebSite","@id":"https:\/\/www.coccigames.com\/#website","url":"https:\/\/www.coccigames.com\/","name":"Coccigames - Figurines et Peintures","description":"Figurines et Peintures","publisher":{"@id":"https:\/\/www.coccigames.com\/#organization"},"potentialAction":[{"@type":"SearchAction","target":{"@type":"EntryPoint","urlTemplate":"https:\/\/www.coccigames.com\/?s={search_term_string}"},"query-input":{"@type":"PropertyValueSpecification","valueRequired":true,"valueName":"search_term_string"}}],"inLanguage":"fr-FR"},{"@type":"Organization","@id":"https:\/\/www.coccigames.com\/#organization","name":"Coccigames","url":"https:\/\/www.coccigames.com\/","logo":{"@type":"ImageObject","inLanguage":"fr-FR","@id":"https:\/\/www.coccigames.com\/#\/schema\/logo\/image\/","url":"https:\/\/www.coccigames.com\/wp-content\/uploads\/2025\/12\/coccigames_logo_v5.png","contentUrl":"https:\/\/www.coccigames.com\/wp-content\/uploads\/2025\/12\/coccigames_logo_v5.png","width":1768,"height":424,"caption":"Coccigames"},"image":{"@id":"https:\/\/www.coccigames.com\/#\/schema\/logo\/image\/"}}]}},"_links":{"self":[{"href":"https:\/\/www.coccigames.com\/index.php\/wp-json\/wp\/v2\/product\/13002","targetHints":{"allow":["GET"]}}],"collection":[{"href":"https:\/\/www.coccigames.com\/index.php\/wp-json\/wp\/v2\/product"}],"about":[{"href":"https:\/\/www.coccigames.com\/index.php\/wp-json\/wp\/v2\/types\/product"}],"replies":[{"embeddable":true,"href":"https:\/\/www.coccigames.com\/index.php\/wp-json\/wp\/v2\/comments?post=13002"}],"wp:featuredmedia":[{"embeddable":true,"href":"https:\/\/www.coccigames.com\/index.php\/wp-json\/wp\/v2\/media\/13094"}],"wp:attachment":[{"href":"https:\/\/www.coccigames.com\/index.php\/wp-json\/wp\/v2\/media?parent=13002"}],"wp:term":[{"taxonomy":"product_brand","embeddable":true,"href":"https:\/\/www.coccigames.com\/index.php\/wp-json\/wp\/v2\/product_brand?post=13002"},{"taxonomy":"product_cat","embeddable":true,"href":"https:\/\/www.coccigames.com\/index.php\/wp-json\/wp\/v2\/product_cat?post=13002"},{"taxonomy":"product_tag","embeddable":true,"href":"https:\/\/www.coccigames.com\/index.php\/wp-json\/wp\/v2\/product_tag?post=13002"}],"curies":[{"name":"wp","href":"https:\/\/api.w.org\/{rel}","templated":true}]}}