{"id":12999,"date":"2025-12-20T13:22:16","date_gmt":"2025-12-20T12:22:16","guid":{"rendered":"https:\/\/www.coccigames.com\/index.php\/produit\/mechanicum-combat-force\/"},"modified":"2026-04-06T09:28:29","modified_gmt":"2026-04-06T07:28:29","slug":"mechanicum-combat-force","status":"publish","type":"product","link":"https:\/\/www.coccigames.com\/index.php\/produit\/mechanicum-combat-force\/","title":{"rendered":"MECHANICUM COMBAT FORCE"},"content":{"rendered":"<p>Le Mechanicum emploie une large vari\u00e9t\u00e9 d&rsquo;unit\u00e9s pour ex\u00e9cuter ses guerres, ce qui comprend des serfs et des automates cybern\u00e9tiquement am\u00e9lior\u00e9s, ainsi que des chars singuliers et \u00e9sot\u00e9riques d&rsquo;une conception peu ordinaire. Sa ma\u00eetrise des arcanes technologiques lui permet d&rsquo;aligner des armes qu&rsquo;on ne trouve nulle part, et ses constructions m\u00e9caniques sont incroyablement difficiles \u00e0 abattre.<\/p>\n<p>Ce kit en plastique permet d&rsquo;assembler 150 figurines individuelles \u00e0 l&rsquo;\u00e9chelle Epic, qui se combinent en 60 socles d&rsquo;infanterie ou v\u00e9hicules, pour vos arm\u00e9es du Mechanicum dans les parties de Legions Imperialis. Form\u00e9e autour d&rsquo;un noyau d&rsquo;infanterie cybern\u00e9tiquement augment\u00e9e, cette force est soutenue par un large \u00e9ventail de ch\u00e2ssis immenses et de chars de combat. Il est parfait pour d\u00e9buter une nouvelle arm\u00e9e, ou pour renforcer votre collection existante, et vous ferez des \u00e9conomies par rapport \u00e0 l&rsquo;achat de ces kits au d\u00e9tail. Les chars Krios peuvent \u00eatre personnalis\u00e9s gr\u00e2ce \u00e0 leurs options d&rsquo;armes, pour moduler cette force selon votre go\u00fbt.<\/p>\n<p><strong>Le set inclut 150 figurines, qui se combinent pour obtenir 60 socles d&rsquo;infanterie ou v\u00e9hicules:<\/strong><\/p>\n<p>\u2013 2x Archmagos Prime on Abeyant<\/p>\n<p>\u2013 2x Myrmidon Secutors<\/p>\n<p>\u2013 2x Tech-Priests<\/p>\n<p>\u2013 4x Ursarax<\/p>\n<p>\u2013 4x Myrmidon Destructors<\/p>\n<p>\u2013 8x Thallax<\/p>\n<p>\u2013 10x Tech-Thralls<\/p>\n<p>\u2013 2x Vultarax<\/p>\n<p>\u2013 2x Arlatax<\/p>\n<p>\u2013 2x Domitars<\/p>\n<p>\u2013 2x Vorax<\/p>\n<p>\u2013 4x Castellax<\/p>\n<p>\u2013 4x Thanatars with plasma mortar<\/p>\n<p>\u2013 4x Thanatars with Sollex heavy-las<\/p>\n<p>\u2013 6x Krios Battle Tanks<\/p>\n<p>\u2013 2x Triaros Armoured Conveyors<\/p>\n<p>Le kit s&rsquo;accompagne \u00e9galement de 2x Planches de D\u00e9calcos du Mechanicum, comprenant chacune 500x d\u00e9calcos de grande qualit\u00e9, incluant des logos, des chiffres, des rouages et plus encore.<\/p>\n<p>Ce kit est compos\u00e9 de 610 \u00e9l\u00e9ments en plastique, de 16x Socles Legions Imperialis de 32mm et de 36x Socles Legions Imperialis de 25mm. Ces figurines sont fournies non peintes et n\u00e9cessitent assemblage \u2013 nous recommandons d&#8217;employer la Colle Plastique Citadel et la peinture Citadel Colour.<\/p>\n<p>Les r\u00e8gles pour utiliser ces figurines dans vos parties de Legions Imperialis se trouvent dans Legions Imperialis: Liber Strategia, disponible s\u00e9par\u00e9ment.<\/p>\n","protected":false},"excerpt":{"rendered":"<p>Le Mechanicum emploie une large vari\u00e9t\u00e9 d&rsquo;unit\u00e9s pour ex\u00e9cuter ses guerres, ce qui comprend des serfs et des automates cybern\u00e9tiquement am\u00e9lior\u00e9s, ainsi que des chars singuliers et \u00e9sot\u00e9riques d&rsquo;une conception peu ordinaire. Sa ma\u00eetrise des arcanes technologiques lui permet d&rsquo;aligner des armes qu&rsquo;on ne trouve&hellip;<\/p>\n","protected":false},"featured_media":13092,"comment_status":"open","ping_status":"closed","template":"","meta":[],"product_brand":[23],"product_cat":[6199],"product_tag":[6184,225],"class_list":{"0":"post-12999","1":"product","2":"type-product","3":"status-publish","4":"has-post-thumbnail","6":"product_brand-games-workshop","7":"product_cat-mechanicum","8":"product_tag-legion-imperialis","9":"product_tag-mechanicum","11":"first","12":"onbackorder","13":"sale","14":"taxable","15":"shipping-taxable","16":"purchasable","17":"product-type-simple"},"yoast_head":"<!-- This site is optimized with the Yoast SEO plugin v26.4 - https:\/\/yoast.com\/wordpress\/plugins\/seo\/ -->\n<title>MECHANICUM COMBAT FORCE - Coccigames<\/title>\n<meta name=\"robots\" content=\"index, follow, max-snippet:-1, max-image-preview:large, max-video-preview:-1\" \/>\n<link rel=\"canonical\" href=\"https:\/\/www.coccigames.com\/index.php\/produit\/mechanicum-combat-force\/\" \/>\n<meta property=\"og:locale\" content=\"fr_FR\" \/>\n<meta property=\"og:type\" content=\"article\" \/>\n<meta property=\"og:title\" content=\"MECHANICUM COMBAT FORCE - Coccigames\" \/>\n<meta property=\"og:description\" content=\"Le Mechanicum emploie une large vari\u00e9t\u00e9 d&rsquo;unit\u00e9s pour ex\u00e9cuter ses guerres, ce qui comprend des serfs et des automates cybern\u00e9tiquement am\u00e9lior\u00e9s, ainsi que des chars singuliers et \u00e9sot\u00e9riques d&rsquo;une conception peu ordinaire. Sa ma\u00eetrise des arcanes technologiques lui permet d&rsquo;aligner des armes qu&rsquo;on ne trouve&hellip;\" \/>\n<meta property=\"og:url\" content=\"https:\/\/www.coccigames.com\/index.php\/produit\/mechanicum-combat-force\/\" \/>\n<meta property=\"og:site_name\" content=\"Coccigames\" \/>\n<meta property=\"article:modified_time\" content=\"2026-04-06T07:28:29+00:00\" \/>\n<meta property=\"og:image\" content=\"https:\/\/www.coccigames.com\/wp-content\/uploads\/2025\/12\/99122616012_LegionsImperialisMechanicumCombatForce09.jpg\" \/>\n\t<meta property=\"og:image:width\" content=\"918\" \/>\n\t<meta property=\"og:image:height\" content=\"948\" \/>\n\t<meta property=\"og:image:type\" content=\"image\/jpeg\" \/>\n<meta name=\"twitter:card\" content=\"summary_large_image\" \/>\n<meta name=\"twitter:label1\" content=\"Dur\u00e9e de lecture estim\u00e9e\" \/>\n\t<meta name=\"twitter:data1\" content=\"2 minutes\" \/>\n<script type=\"application\/ld+json\" class=\"yoast-schema-graph\">{\"@context\":\"https:\/\/schema.org\",\"@graph\":[{\"@type\":\"WebPage\",\"@id\":\"https:\/\/www.coccigames.com\/index.php\/produit\/mechanicum-combat-force\/\",\"url\":\"https:\/\/www.coccigames.com\/index.php\/produit\/mechanicum-combat-force\/\",\"name\":\"MECHANICUM COMBAT FORCE - Coccigames\",\"isPartOf\":{\"@id\":\"https:\/\/www.coccigames.com\/#website\"},\"primaryImageOfPage\":{\"@id\":\"https:\/\/www.coccigames.com\/index.php\/produit\/mechanicum-combat-force\/#primaryimage\"},\"image\":{\"@id\":\"https:\/\/www.coccigames.com\/index.php\/produit\/mechanicum-combat-force\/#primaryimage\"},\"thumbnailUrl\":\"https:\/\/www.coccigames.com\/wp-content\/uploads\/2025\/12\/99122616012_LegionsImperialisMechanicumCombatForce09.jpg\",\"datePublished\":\"2025-12-20T12:22:16+00:00\",\"dateModified\":\"2026-04-06T07:28:29+00:00\",\"breadcrumb\":{\"@id\":\"https:\/\/www.coccigames.com\/index.php\/produit\/mechanicum-combat-force\/#breadcrumb\"},\"inLanguage\":\"fr-FR\",\"potentialAction\":[{\"@type\":\"ReadAction\",\"target\":[\"https:\/\/www.coccigames.com\/index.php\/produit\/mechanicum-combat-force\/\"]}]},{\"@type\":\"ImageObject\",\"inLanguage\":\"fr-FR\",\"@id\":\"https:\/\/www.coccigames.com\/index.php\/produit\/mechanicum-combat-force\/#primaryimage\",\"url\":\"https:\/\/www.coccigames.com\/wp-content\/uploads\/2025\/12\/99122616012_LegionsImperialisMechanicumCombatForce09.jpg\",\"contentUrl\":\"https:\/\/www.coccigames.com\/wp-content\/uploads\/2025\/12\/99122616012_LegionsImperialisMechanicumCombatForce09.jpg\",\"width\":918,\"height\":948},{\"@type\":\"BreadcrumbList\",\"@id\":\"https:\/\/www.coccigames.com\/index.php\/produit\/mechanicum-combat-force\/#breadcrumb\",\"itemListElement\":[{\"@type\":\"ListItem\",\"position\":1,\"name\":\"Accueil\",\"item\":\"https:\/\/www.coccigames.com\/\"},{\"@type\":\"ListItem\",\"position\":2,\"name\":\"Boutique\",\"item\":\"https:\/\/www.coccigames.com\/index.php\/boutique\/\"},{\"@type\":\"ListItem\",\"position\":3,\"name\":\"MECHANICUM COMBAT FORCE\"}]},{\"@type\":\"WebSite\",\"@id\":\"https:\/\/www.coccigames.com\/#website\",\"url\":\"https:\/\/www.coccigames.com\/\",\"name\":\"Coccigames - Figurines et Peintures\",\"description\":\"Figurines et Peintures\",\"publisher\":{\"@id\":\"https:\/\/www.coccigames.com\/#organization\"},\"potentialAction\":[{\"@type\":\"SearchAction\",\"target\":{\"@type\":\"EntryPoint\",\"urlTemplate\":\"https:\/\/www.coccigames.com\/?s={search_term_string}\"},\"query-input\":{\"@type\":\"PropertyValueSpecification\",\"valueRequired\":true,\"valueName\":\"search_term_string\"}}],\"inLanguage\":\"fr-FR\"},{\"@type\":\"Organization\",\"@id\":\"https:\/\/www.coccigames.com\/#organization\",\"name\":\"Coccigames\",\"url\":\"https:\/\/www.coccigames.com\/\",\"logo\":{\"@type\":\"ImageObject\",\"inLanguage\":\"fr-FR\",\"@id\":\"https:\/\/www.coccigames.com\/#\/schema\/logo\/image\/\",\"url\":\"https:\/\/www.coccigames.com\/wp-content\/uploads\/2025\/12\/coccigames_logo_v5.png\",\"contentUrl\":\"https:\/\/www.coccigames.com\/wp-content\/uploads\/2025\/12\/coccigames_logo_v5.png\",\"width\":1768,\"height\":424,\"caption\":\"Coccigames\"},\"image\":{\"@id\":\"https:\/\/www.coccigames.com\/#\/schema\/logo\/image\/\"}}]}<\/script>\n<!-- \/ Yoast SEO plugin. -->","yoast_head_json":{"title":"MECHANICUM COMBAT FORCE - Coccigames","robots":{"index":"index","follow":"follow","max-snippet":"max-snippet:-1","max-image-preview":"max-image-preview:large","max-video-preview":"max-video-preview:-1"},"canonical":"https:\/\/www.coccigames.com\/index.php\/produit\/mechanicum-combat-force\/","og_locale":"fr_FR","og_type":"article","og_title":"MECHANICUM COMBAT FORCE - Coccigames","og_description":"Le Mechanicum emploie une large vari\u00e9t\u00e9 d&rsquo;unit\u00e9s pour ex\u00e9cuter ses guerres, ce qui comprend des serfs et des automates cybern\u00e9tiquement am\u00e9lior\u00e9s, ainsi que des chars singuliers et \u00e9sot\u00e9riques d&rsquo;une conception peu ordinaire. Sa ma\u00eetrise des arcanes technologiques lui permet d&rsquo;aligner des armes qu&rsquo;on ne trouve&hellip;","og_url":"https:\/\/www.coccigames.com\/index.php\/produit\/mechanicum-combat-force\/","og_site_name":"Coccigames","article_modified_time":"2026-04-06T07:28:29+00:00","og_image":[{"width":918,"height":948,"url":"https:\/\/www.coccigames.com\/wp-content\/uploads\/2025\/12\/99122616012_LegionsImperialisMechanicumCombatForce09.jpg","type":"image\/jpeg"}],"twitter_card":"summary_large_image","twitter_misc":{"Dur\u00e9e de lecture estim\u00e9e":"2 minutes"},"schema":{"@context":"https:\/\/schema.org","@graph":[{"@type":"WebPage","@id":"https:\/\/www.coccigames.com\/index.php\/produit\/mechanicum-combat-force\/","url":"https:\/\/www.coccigames.com\/index.php\/produit\/mechanicum-combat-force\/","name":"MECHANICUM COMBAT FORCE - Coccigames","isPartOf":{"@id":"https:\/\/www.coccigames.com\/#website"},"primaryImageOfPage":{"@id":"https:\/\/www.coccigames.com\/index.php\/produit\/mechanicum-combat-force\/#primaryimage"},"image":{"@id":"https:\/\/www.coccigames.com\/index.php\/produit\/mechanicum-combat-force\/#primaryimage"},"thumbnailUrl":"https:\/\/www.coccigames.com\/wp-content\/uploads\/2025\/12\/99122616012_LegionsImperialisMechanicumCombatForce09.jpg","datePublished":"2025-12-20T12:22:16+00:00","dateModified":"2026-04-06T07:28:29+00:00","breadcrumb":{"@id":"https:\/\/www.coccigames.com\/index.php\/produit\/mechanicum-combat-force\/#breadcrumb"},"inLanguage":"fr-FR","potentialAction":[{"@type":"ReadAction","target":["https:\/\/www.coccigames.com\/index.php\/produit\/mechanicum-combat-force\/"]}]},{"@type":"ImageObject","inLanguage":"fr-FR","@id":"https:\/\/www.coccigames.com\/index.php\/produit\/mechanicum-combat-force\/#primaryimage","url":"https:\/\/www.coccigames.com\/wp-content\/uploads\/2025\/12\/99122616012_LegionsImperialisMechanicumCombatForce09.jpg","contentUrl":"https:\/\/www.coccigames.com\/wp-content\/uploads\/2025\/12\/99122616012_LegionsImperialisMechanicumCombatForce09.jpg","width":918,"height":948},{"@type":"BreadcrumbList","@id":"https:\/\/www.coccigames.com\/index.php\/produit\/mechanicum-combat-force\/#breadcrumb","itemListElement":[{"@type":"ListItem","position":1,"name":"Accueil","item":"https:\/\/www.coccigames.com\/"},{"@type":"ListItem","position":2,"name":"Boutique","item":"https:\/\/www.coccigames.com\/index.php\/boutique\/"},{"@type":"ListItem","position":3,"name":"MECHANICUM COMBAT FORCE"}]},{"@type":"WebSite","@id":"https:\/\/www.coccigames.com\/#website","url":"https:\/\/www.coccigames.com\/","name":"Coccigames - Figurines et Peintures","description":"Figurines et Peintures","publisher":{"@id":"https:\/\/www.coccigames.com\/#organization"},"potentialAction":[{"@type":"SearchAction","target":{"@type":"EntryPoint","urlTemplate":"https:\/\/www.coccigames.com\/?s={search_term_string}"},"query-input":{"@type":"PropertyValueSpecification","valueRequired":true,"valueName":"search_term_string"}}],"inLanguage":"fr-FR"},{"@type":"Organization","@id":"https:\/\/www.coccigames.com\/#organization","name":"Coccigames","url":"https:\/\/www.coccigames.com\/","logo":{"@type":"ImageObject","inLanguage":"fr-FR","@id":"https:\/\/www.coccigames.com\/#\/schema\/logo\/image\/","url":"https:\/\/www.coccigames.com\/wp-content\/uploads\/2025\/12\/coccigames_logo_v5.png","contentUrl":"https:\/\/www.coccigames.com\/wp-content\/uploads\/2025\/12\/coccigames_logo_v5.png","width":1768,"height":424,"caption":"Coccigames"},"image":{"@id":"https:\/\/www.coccigames.com\/#\/schema\/logo\/image\/"}}]}},"_links":{"self":[{"href":"https:\/\/www.coccigames.com\/index.php\/wp-json\/wp\/v2\/product\/12999","targetHints":{"allow":["GET"]}}],"collection":[{"href":"https:\/\/www.coccigames.com\/index.php\/wp-json\/wp\/v2\/product"}],"about":[{"href":"https:\/\/www.coccigames.com\/index.php\/wp-json\/wp\/v2\/types\/product"}],"replies":[{"embeddable":true,"href":"https:\/\/www.coccigames.com\/index.php\/wp-json\/wp\/v2\/comments?post=12999"}],"wp:featuredmedia":[{"embeddable":true,"href":"https:\/\/www.coccigames.com\/index.php\/wp-json\/wp\/v2\/media\/13092"}],"wp:attachment":[{"href":"https:\/\/www.coccigames.com\/index.php\/wp-json\/wp\/v2\/media?parent=12999"}],"wp:term":[{"taxonomy":"product_brand","embeddable":true,"href":"https:\/\/www.coccigames.com\/index.php\/wp-json\/wp\/v2\/product_brand?post=12999"},{"taxonomy":"product_cat","embeddable":true,"href":"https:\/\/www.coccigames.com\/index.php\/wp-json\/wp\/v2\/product_cat?post=12999"},{"taxonomy":"product_tag","embeddable":true,"href":"https:\/\/www.coccigames.com\/index.php\/wp-json\/wp\/v2\/product_tag?post=12999"}],"curies":[{"name":"wp","href":"https:\/\/api.w.org\/{rel}","templated":true}]}}