{"id":12998,"date":"2025-12-20T13:22:15","date_gmt":"2025-12-20T12:22:15","guid":{"rendered":"https:\/\/www.coccigames.com\/index.php\/produit\/solar-auxilia-combat-force\/"},"modified":"2026-04-06T09:28:28","modified_gmt":"2026-04-06T07:28:28","slug":"solar-auxilia-combat-force","status":"publish","type":"product","link":"https:\/\/www.coccigames.com\/index.php\/produit\/solar-auxilia-combat-force\/","title":{"rendered":"SOLAR AUXILIA COMBAT FORCE"},"content":{"rendered":"<p>Les Solar Auxilia constituent une force combattante d&rsquo;\u00e9lite se fiant au poids du nombre pour submerger le champ de bataille. En faisant un usage judicieux de leurs \u00e9l\u00e9ments blind\u00e9s lourds, ils peuvent \u00e9liminer les unit\u00e9s les plus coriaces tout en absorbant la puissance de feu ennemie.<\/p>\n<p>Ce kit en plastique permet d&rsquo;assembler 157 figurines individuelles \u00e0 l&rsquo;\u00e9chelle Epic, qui se combinent en 67 socles d&rsquo;infanterie ou v\u00e9hicules, pour vos arm\u00e9es des Solar Auxilia dans les parties de Legions Imperialis. Le gros de cette force inclut un m\u00e9lange d&rsquo;infanterie et d&rsquo;unit\u00e9s de commandement, au c\u00f4t\u00e9 d&rsquo;un contingent de bonne taille de plateformes d&rsquo;armes lourdes et de Sentinel. Ces unit\u00e9s sont soutenues par un bon nombre de chars de combat, pouvant \u00eatre personnalis\u00e9s gr\u00e2ce \u00e0 leurs armes et leurs options esth\u00e9tiques. Cette bo\u00eete est parfaite pour d\u00e9buter une nouvelle arm\u00e9e, ou pour renforcer votre collection existante, et vous ferez des \u00e9conomies par rapport \u00e0 l&rsquo;achat de ces kits au d\u00e9tail.<\/p>\n<p><strong>Le set inclut 157 figurines, qui se combinent pour obtenir 67 socles d&rsquo;infanterie ou v\u00e9hicules:<\/strong><\/p>\n<p>\u2013\u00a02x Solar Auxilia Command Squads<\/p>\n<p>\u2013 8x Auxiliaries<\/p>\n<p>\u2013 4x Auxiliaries with flamers<\/p>\n<p>\u2013 4x Veletarii<\/p>\n<p>\u2013 4x Charonite Ogryns<\/p>\n<p>\u2013 4x Aethon Heavy Sentinels<\/p>\n<p>\u2013 12x Auxilia Rapiers<\/p>\n<p>\u2013 4x Cyclops<\/p>\n<p>\u2013 12x Auxilia Tarantulas<\/p>\n<p>\u2013 2x Auxilia Baneblades<\/p>\n<p>\u2013 3x Dracosans<\/p>\n<p>\u2013 8x Leman Russ Vanquishers<\/p>\n<p>Le kit s&rsquo;accompagne \u00e9galement de 3x Planches de D\u00e9calcos des V\u00e9hicules des Solar Auxilia, comprenant chacune 288x d\u00e9calcos de grande qualit\u00e9 pour d\u00e9corer vos figurines. Vous y trouverez des marquages pour les r\u00e9giments des Arkadian Janissaries, des Cthonian Headhunters, des Manachean Bulls, des Saturnyne Rams, des Lord Marshal\u2019s Own, des Ash Scorpions, des Bormanite Devils et de The Deathless.<\/p>\n<p>Ce kit est compos\u00e9 de 600 \u00e9l\u00e9ments en plastique et de 64x Socles Legions Imperialis de 25mm. Ces figurines sont fournies non peintes et n\u00e9cessitent assemblage \u2013 nous recommandons d&#8217;employer la Colle Plastique Citadel et la peinture Citadel Colour.<\/p>\n","protected":false},"excerpt":{"rendered":"<p>Les Solar Auxilia constituent une force combattante d&rsquo;\u00e9lite se fiant au poids du nombre pour submerger le champ de bataille. En faisant un usage judicieux de leurs \u00e9l\u00e9ments blind\u00e9s lourds, ils peuvent \u00e9liminer les unit\u00e9s les plus coriaces tout en absorbant la puissance de feu&hellip;<\/p>\n","protected":false},"featured_media":13082,"comment_status":"open","ping_status":"closed","template":"","meta":[],"product_brand":[23],"product_cat":[6198],"product_tag":[6184,224],"class_list":{"0":"post-12998","1":"product","2":"type-product","3":"status-publish","4":"has-post-thumbnail","6":"product_brand-games-workshop","7":"product_cat-solar-auxilia","8":"product_tag-legion-imperialis","9":"product_tag-solar-auxilia","11":"first","12":"onbackorder","13":"sale","14":"taxable","15":"shipping-taxable","16":"purchasable","17":"product-type-simple"},"yoast_head":"<!-- This site is optimized with the Yoast SEO plugin v26.4 - https:\/\/yoast.com\/wordpress\/plugins\/seo\/ -->\n<title>SOLAR AUXILIA COMBAT FORCE - Coccigames<\/title>\n<meta name=\"robots\" content=\"index, follow, max-snippet:-1, max-image-preview:large, max-video-preview:-1\" \/>\n<link rel=\"canonical\" href=\"https:\/\/www.coccigames.com\/index.php\/produit\/solar-auxilia-combat-force\/\" \/>\n<meta property=\"og:locale\" content=\"fr_FR\" \/>\n<meta property=\"og:type\" content=\"article\" \/>\n<meta property=\"og:title\" content=\"SOLAR AUXILIA COMBAT FORCE - Coccigames\" \/>\n<meta property=\"og:description\" content=\"Les Solar Auxilia constituent une force combattante d&rsquo;\u00e9lite se fiant au poids du nombre pour submerger le champ de bataille. En faisant un usage judicieux de leurs \u00e9l\u00e9ments blind\u00e9s lourds, ils peuvent \u00e9liminer les unit\u00e9s les plus coriaces tout en absorbant la puissance de feu&hellip;\" \/>\n<meta property=\"og:url\" content=\"https:\/\/www.coccigames.com\/index.php\/produit\/solar-auxilia-combat-force\/\" \/>\n<meta property=\"og:site_name\" content=\"Coccigames\" \/>\n<meta property=\"article:modified_time\" content=\"2026-04-06T07:28:28+00:00\" \/>\n<meta property=\"og:image\" content=\"https:\/\/www.coccigames.com\/wp-content\/uploads\/2025\/12\/99122605016_LegionsImperialisSolarAuxiliaCombatForce09.jpg\" \/>\n\t<meta property=\"og:image:width\" content=\"918\" \/>\n\t<meta property=\"og:image:height\" content=\"948\" \/>\n\t<meta property=\"og:image:type\" content=\"image\/jpeg\" \/>\n<meta name=\"twitter:card\" content=\"summary_large_image\" \/>\n<meta name=\"twitter:label1\" content=\"Dur\u00e9e de lecture estim\u00e9e\" \/>\n\t<meta name=\"twitter:data1\" content=\"2 minutes\" \/>\n<script type=\"application\/ld+json\" class=\"yoast-schema-graph\">{\"@context\":\"https:\/\/schema.org\",\"@graph\":[{\"@type\":\"WebPage\",\"@id\":\"https:\/\/www.coccigames.com\/index.php\/produit\/solar-auxilia-combat-force\/\",\"url\":\"https:\/\/www.coccigames.com\/index.php\/produit\/solar-auxilia-combat-force\/\",\"name\":\"SOLAR AUXILIA COMBAT FORCE - Coccigames\",\"isPartOf\":{\"@id\":\"https:\/\/www.coccigames.com\/#website\"},\"primaryImageOfPage\":{\"@id\":\"https:\/\/www.coccigames.com\/index.php\/produit\/solar-auxilia-combat-force\/#primaryimage\"},\"image\":{\"@id\":\"https:\/\/www.coccigames.com\/index.php\/produit\/solar-auxilia-combat-force\/#primaryimage\"},\"thumbnailUrl\":\"https:\/\/www.coccigames.com\/wp-content\/uploads\/2025\/12\/99122605016_LegionsImperialisSolarAuxiliaCombatForce09.jpg\",\"datePublished\":\"2025-12-20T12:22:15+00:00\",\"dateModified\":\"2026-04-06T07:28:28+00:00\",\"breadcrumb\":{\"@id\":\"https:\/\/www.coccigames.com\/index.php\/produit\/solar-auxilia-combat-force\/#breadcrumb\"},\"inLanguage\":\"fr-FR\",\"potentialAction\":[{\"@type\":\"ReadAction\",\"target\":[\"https:\/\/www.coccigames.com\/index.php\/produit\/solar-auxilia-combat-force\/\"]}]},{\"@type\":\"ImageObject\",\"inLanguage\":\"fr-FR\",\"@id\":\"https:\/\/www.coccigames.com\/index.php\/produit\/solar-auxilia-combat-force\/#primaryimage\",\"url\":\"https:\/\/www.coccigames.com\/wp-content\/uploads\/2025\/12\/99122605016_LegionsImperialisSolarAuxiliaCombatForce09.jpg\",\"contentUrl\":\"https:\/\/www.coccigames.com\/wp-content\/uploads\/2025\/12\/99122605016_LegionsImperialisSolarAuxiliaCombatForce09.jpg\",\"width\":918,\"height\":948},{\"@type\":\"BreadcrumbList\",\"@id\":\"https:\/\/www.coccigames.com\/index.php\/produit\/solar-auxilia-combat-force\/#breadcrumb\",\"itemListElement\":[{\"@type\":\"ListItem\",\"position\":1,\"name\":\"Accueil\",\"item\":\"https:\/\/www.coccigames.com\/\"},{\"@type\":\"ListItem\",\"position\":2,\"name\":\"Boutique\",\"item\":\"https:\/\/www.coccigames.com\/index.php\/boutique\/\"},{\"@type\":\"ListItem\",\"position\":3,\"name\":\"SOLAR AUXILIA COMBAT FORCE\"}]},{\"@type\":\"WebSite\",\"@id\":\"https:\/\/www.coccigames.com\/#website\",\"url\":\"https:\/\/www.coccigames.com\/\",\"name\":\"Coccigames - Figurines et Peintures\",\"description\":\"Figurines et Peintures\",\"publisher\":{\"@id\":\"https:\/\/www.coccigames.com\/#organization\"},\"potentialAction\":[{\"@type\":\"SearchAction\",\"target\":{\"@type\":\"EntryPoint\",\"urlTemplate\":\"https:\/\/www.coccigames.com\/?s={search_term_string}\"},\"query-input\":{\"@type\":\"PropertyValueSpecification\",\"valueRequired\":true,\"valueName\":\"search_term_string\"}}],\"inLanguage\":\"fr-FR\"},{\"@type\":\"Organization\",\"@id\":\"https:\/\/www.coccigames.com\/#organization\",\"name\":\"Coccigames\",\"url\":\"https:\/\/www.coccigames.com\/\",\"logo\":{\"@type\":\"ImageObject\",\"inLanguage\":\"fr-FR\",\"@id\":\"https:\/\/www.coccigames.com\/#\/schema\/logo\/image\/\",\"url\":\"https:\/\/www.coccigames.com\/wp-content\/uploads\/2025\/12\/coccigames_logo_v5.png\",\"contentUrl\":\"https:\/\/www.coccigames.com\/wp-content\/uploads\/2025\/12\/coccigames_logo_v5.png\",\"width\":1768,\"height\":424,\"caption\":\"Coccigames\"},\"image\":{\"@id\":\"https:\/\/www.coccigames.com\/#\/schema\/logo\/image\/\"}}]}<\/script>\n<!-- \/ Yoast SEO plugin. -->","yoast_head_json":{"title":"SOLAR AUXILIA COMBAT FORCE - Coccigames","robots":{"index":"index","follow":"follow","max-snippet":"max-snippet:-1","max-image-preview":"max-image-preview:large","max-video-preview":"max-video-preview:-1"},"canonical":"https:\/\/www.coccigames.com\/index.php\/produit\/solar-auxilia-combat-force\/","og_locale":"fr_FR","og_type":"article","og_title":"SOLAR AUXILIA COMBAT FORCE - Coccigames","og_description":"Les Solar Auxilia constituent une force combattante d&rsquo;\u00e9lite se fiant au poids du nombre pour submerger le champ de bataille. En faisant un usage judicieux de leurs \u00e9l\u00e9ments blind\u00e9s lourds, ils peuvent \u00e9liminer les unit\u00e9s les plus coriaces tout en absorbant la puissance de feu&hellip;","og_url":"https:\/\/www.coccigames.com\/index.php\/produit\/solar-auxilia-combat-force\/","og_site_name":"Coccigames","article_modified_time":"2026-04-06T07:28:28+00:00","og_image":[{"width":918,"height":948,"url":"https:\/\/www.coccigames.com\/wp-content\/uploads\/2025\/12\/99122605016_LegionsImperialisSolarAuxiliaCombatForce09.jpg","type":"image\/jpeg"}],"twitter_card":"summary_large_image","twitter_misc":{"Dur\u00e9e de lecture estim\u00e9e":"2 minutes"},"schema":{"@context":"https:\/\/schema.org","@graph":[{"@type":"WebPage","@id":"https:\/\/www.coccigames.com\/index.php\/produit\/solar-auxilia-combat-force\/","url":"https:\/\/www.coccigames.com\/index.php\/produit\/solar-auxilia-combat-force\/","name":"SOLAR AUXILIA COMBAT FORCE - Coccigames","isPartOf":{"@id":"https:\/\/www.coccigames.com\/#website"},"primaryImageOfPage":{"@id":"https:\/\/www.coccigames.com\/index.php\/produit\/solar-auxilia-combat-force\/#primaryimage"},"image":{"@id":"https:\/\/www.coccigames.com\/index.php\/produit\/solar-auxilia-combat-force\/#primaryimage"},"thumbnailUrl":"https:\/\/www.coccigames.com\/wp-content\/uploads\/2025\/12\/99122605016_LegionsImperialisSolarAuxiliaCombatForce09.jpg","datePublished":"2025-12-20T12:22:15+00:00","dateModified":"2026-04-06T07:28:28+00:00","breadcrumb":{"@id":"https:\/\/www.coccigames.com\/index.php\/produit\/solar-auxilia-combat-force\/#breadcrumb"},"inLanguage":"fr-FR","potentialAction":[{"@type":"ReadAction","target":["https:\/\/www.coccigames.com\/index.php\/produit\/solar-auxilia-combat-force\/"]}]},{"@type":"ImageObject","inLanguage":"fr-FR","@id":"https:\/\/www.coccigames.com\/index.php\/produit\/solar-auxilia-combat-force\/#primaryimage","url":"https:\/\/www.coccigames.com\/wp-content\/uploads\/2025\/12\/99122605016_LegionsImperialisSolarAuxiliaCombatForce09.jpg","contentUrl":"https:\/\/www.coccigames.com\/wp-content\/uploads\/2025\/12\/99122605016_LegionsImperialisSolarAuxiliaCombatForce09.jpg","width":918,"height":948},{"@type":"BreadcrumbList","@id":"https:\/\/www.coccigames.com\/index.php\/produit\/solar-auxilia-combat-force\/#breadcrumb","itemListElement":[{"@type":"ListItem","position":1,"name":"Accueil","item":"https:\/\/www.coccigames.com\/"},{"@type":"ListItem","position":2,"name":"Boutique","item":"https:\/\/www.coccigames.com\/index.php\/boutique\/"},{"@type":"ListItem","position":3,"name":"SOLAR AUXILIA COMBAT FORCE"}]},{"@type":"WebSite","@id":"https:\/\/www.coccigames.com\/#website","url":"https:\/\/www.coccigames.com\/","name":"Coccigames - Figurines et Peintures","description":"Figurines et Peintures","publisher":{"@id":"https:\/\/www.coccigames.com\/#organization"},"potentialAction":[{"@type":"SearchAction","target":{"@type":"EntryPoint","urlTemplate":"https:\/\/www.coccigames.com\/?s={search_term_string}"},"query-input":{"@type":"PropertyValueSpecification","valueRequired":true,"valueName":"search_term_string"}}],"inLanguage":"fr-FR"},{"@type":"Organization","@id":"https:\/\/www.coccigames.com\/#organization","name":"Coccigames","url":"https:\/\/www.coccigames.com\/","logo":{"@type":"ImageObject","inLanguage":"fr-FR","@id":"https:\/\/www.coccigames.com\/#\/schema\/logo\/image\/","url":"https:\/\/www.coccigames.com\/wp-content\/uploads\/2025\/12\/coccigames_logo_v5.png","contentUrl":"https:\/\/www.coccigames.com\/wp-content\/uploads\/2025\/12\/coccigames_logo_v5.png","width":1768,"height":424,"caption":"Coccigames"},"image":{"@id":"https:\/\/www.coccigames.com\/#\/schema\/logo\/image\/"}}]}},"_links":{"self":[{"href":"https:\/\/www.coccigames.com\/index.php\/wp-json\/wp\/v2\/product\/12998","targetHints":{"allow":["GET"]}}],"collection":[{"href":"https:\/\/www.coccigames.com\/index.php\/wp-json\/wp\/v2\/product"}],"about":[{"href":"https:\/\/www.coccigames.com\/index.php\/wp-json\/wp\/v2\/types\/product"}],"replies":[{"embeddable":true,"href":"https:\/\/www.coccigames.com\/index.php\/wp-json\/wp\/v2\/comments?post=12998"}],"wp:featuredmedia":[{"embeddable":true,"href":"https:\/\/www.coccigames.com\/index.php\/wp-json\/wp\/v2\/media\/13082"}],"wp:attachment":[{"href":"https:\/\/www.coccigames.com\/index.php\/wp-json\/wp\/v2\/media?parent=12998"}],"wp:term":[{"taxonomy":"product_brand","embeddable":true,"href":"https:\/\/www.coccigames.com\/index.php\/wp-json\/wp\/v2\/product_brand?post=12998"},{"taxonomy":"product_cat","embeddable":true,"href":"https:\/\/www.coccigames.com\/index.php\/wp-json\/wp\/v2\/product_cat?post=12998"},{"taxonomy":"product_tag","embeddable":true,"href":"https:\/\/www.coccigames.com\/index.php\/wp-json\/wp\/v2\/product_tag?post=12998"}],"curies":[{"name":"wp","href":"https:\/\/api.w.org\/{rel}","templated":true}]}}