{"id":12997,"date":"2025-12-20T13:22:15","date_gmt":"2025-12-20T12:22:15","guid":{"rendered":"https:\/\/www.coccigames.com\/index.php\/produit\/legiones-astartes-combat-force\/"},"modified":"2026-04-06T09:28:28","modified_gmt":"2026-04-06T07:28:28","slug":"legiones-astartes-combat-force","status":"publish","type":"product","link":"https:\/\/www.coccigames.com\/index.php\/produit\/legiones-astartes-combat-force\/","title":{"rendered":"LEGIONES ASTARTES COMBAT FORCE"},"content":{"rendered":"<p>Les puissantes Legiones Astartes vont en guerre avec un m\u00e9lange d&rsquo;infanterie lourde, de Dreadnoughts, de chars et de plateformes d&rsquo;armes de soutien. Ce sont des forces agressives et tenaces, qui brisent l&rsquo;\u00e9chine de leurs adversaires avant de passer rapidement \u00e0 l&rsquo;objectif suivant.<\/p>\n<p>Ce kit en plastique permet d&rsquo;assembler 131 figurines individuelles \u00e0 l&rsquo;\u00e9chelle Epic, qui se combinent en 51 socles d&rsquo;infanterie ou v\u00e9hicules, pour vos arm\u00e9es des Legiones Astartes dans les parties de Legions Imperialis. Le noyau de cette force est un large bloc d&rsquo;infanterie, d&rsquo;infanterie lourde et d&rsquo;unit\u00e9s de commandement, soutenu par des plateformes d&rsquo;armes lourdes, des Dreadnoughts, des transports et des chars de combat. Il est parfait pour d\u00e9buter une nouvelle arm\u00e9e, ou pour renforcer votre collection existante, et vous ferez des \u00e9conomies par rapport \u00e0 l&rsquo;achat de ces kits au d\u00e9tail. Les chars disposent chacun d&rsquo;une s\u00e9lection d&rsquo;options d&rsquo;armes et esth\u00e9tiques, qui vous permettent de moduler cette force selon votre go\u00fbt.<\/p>\n<p><strong>Le set inclut 131 figurines, qui se combinent pour obtenir 51 socles d&rsquo;infanterie ou v\u00e9hicules:<\/strong><\/p>\n<p>\u2013 2x Legion Command Squads<\/p>\n<p>\u2013 8x Tactical Legionaries<\/p>\n<p>\u2013 2x Legion Terminators<\/p>\n<p>\u2013 2x Assault Marines<\/p>\n<p>\u2013 2x Support Legionaries with plasma guns<\/p>\n<p>\u2013 2x Heavy Support Legionaries with missile launchers<\/p>\n<p>\u2013 4x Contemptor Dreadnoughts<\/p>\n<p>\u2013 2x Leviathan Siege Dreadnoughts with cyclonic melta lances<\/p>\n<p>\u2013 2x Leviathan Siege Dreadnoughts with Leviathan storm cannons<\/p>\n<p>\u2013 2x Deredeo Dreadnoughts with Anvilus autocannon batteries<\/p>\n<p>\u2013 2x Deredeo Dreadnoughts with Hellfire plasma cannonades<\/p>\n<p>\u2013 2x Legion Rapiers with laser destroyer arrays<\/p>\n<p>\u2013 2x Legion Rapiers with quad launchers<\/p>\n<p>\u2013 2x Legion Tarantulas with Tarantula lascannon batteries<\/p>\n<p>\u2013 2x Legion Tarantulas with Hyperios air-defence missile launchers<\/p>\n<p>\u2013 5x Rhinos<\/p>\n<p>\u2013 4x Kratos Heavy Tanks<\/p>\n<p>\u2013 4x Sicaran Tanks<\/p>\n<p>Le kit s&rsquo;accompagne \u00e9galement de 3x Planches de D\u00e9calcos des V\u00e9hicules des L\u00e9gions, comprenant chacune 1130x d\u00e9calcos de grande qualit\u00e9 incluant des marquages pour les 18 L\u00e9gions, des chiffres et des symboles honorifiques.<\/p>\n<p>Ce kit est compos\u00e9 de 596 \u00e9l\u00e9ments en plastique et de 38x Socles Legions Imperialis de 25mm. Ces figurines sont fournies non peintes et n\u00e9cessitent assemblage \u2013 nous recommandons d&#8217;employer la Colle Plastique Citadel et la peinture Citadel Colour.<\/p>\n","protected":false},"excerpt":{"rendered":"<p>Les puissantes Legiones Astartes vont en guerre avec un m\u00e9lange d&rsquo;infanterie lourde, de Dreadnoughts, de chars et de plateformes d&rsquo;armes de soutien. Ce sont des forces agressives et tenaces, qui brisent l&rsquo;\u00e9chine de leurs adversaires avant de passer rapidement \u00e0 l&rsquo;objectif suivant. Ce kit en&hellip;<\/p>\n","protected":false},"featured_media":13084,"comment_status":"open","ping_status":"closed","template":"","meta":[],"product_brand":[23],"product_cat":[6185],"product_tag":[434,6184],"class_list":{"0":"post-12997","1":"product","2":"type-product","3":"status-publish","4":"has-post-thumbnail","6":"product_brand-games-workshop","7":"product_cat-legion-imperialis","8":"product_tag-generic","9":"product_tag-legion-imperialis","11":"first","12":"onbackorder","13":"sale","14":"taxable","15":"shipping-taxable","16":"purchasable","17":"product-type-simple"},"yoast_head":"<!-- This site is optimized with the Yoast SEO plugin v26.4 - https:\/\/yoast.com\/wordpress\/plugins\/seo\/ -->\n<title>LEGIONES ASTARTES COMBAT FORCE - Coccigames<\/title>\n<meta name=\"robots\" content=\"index, follow, max-snippet:-1, max-image-preview:large, max-video-preview:-1\" \/>\n<link rel=\"canonical\" href=\"https:\/\/www.coccigames.com\/index.php\/produit\/legiones-astartes-combat-force\/\" \/>\n<meta property=\"og:locale\" content=\"fr_FR\" \/>\n<meta property=\"og:type\" content=\"article\" \/>\n<meta property=\"og:title\" content=\"LEGIONES ASTARTES COMBAT FORCE - Coccigames\" \/>\n<meta property=\"og:description\" content=\"Les puissantes Legiones Astartes vont en guerre avec un m\u00e9lange d&rsquo;infanterie lourde, de Dreadnoughts, de chars et de plateformes d&rsquo;armes de soutien. Ce sont des forces agressives et tenaces, qui brisent l&rsquo;\u00e9chine de leurs adversaires avant de passer rapidement \u00e0 l&rsquo;objectif suivant. Ce kit en&hellip;\" \/>\n<meta property=\"og:url\" content=\"https:\/\/www.coccigames.com\/index.php\/produit\/legiones-astartes-combat-force\/\" \/>\n<meta property=\"og:site_name\" content=\"Coccigames\" \/>\n<meta property=\"article:modified_time\" content=\"2026-04-06T07:28:28+00:00\" \/>\n<meta property=\"og:image\" content=\"https:\/\/www.coccigames.com\/wp-content\/uploads\/2025\/12\/99122601032_LegionsImperialisLegionAstartesCombatForce09.jpg\" \/>\n\t<meta property=\"og:image:width\" content=\"918\" \/>\n\t<meta property=\"og:image:height\" content=\"948\" \/>\n\t<meta property=\"og:image:type\" content=\"image\/jpeg\" \/>\n<meta name=\"twitter:card\" content=\"summary_large_image\" \/>\n<meta name=\"twitter:label1\" content=\"Dur\u00e9e de lecture estim\u00e9e\" \/>\n\t<meta name=\"twitter:data1\" content=\"2 minutes\" \/>\n<script type=\"application\/ld+json\" class=\"yoast-schema-graph\">{\"@context\":\"https:\/\/schema.org\",\"@graph\":[{\"@type\":\"WebPage\",\"@id\":\"https:\/\/www.coccigames.com\/index.php\/produit\/legiones-astartes-combat-force\/\",\"url\":\"https:\/\/www.coccigames.com\/index.php\/produit\/legiones-astartes-combat-force\/\",\"name\":\"LEGIONES ASTARTES COMBAT FORCE - Coccigames\",\"isPartOf\":{\"@id\":\"https:\/\/www.coccigames.com\/#website\"},\"primaryImageOfPage\":{\"@id\":\"https:\/\/www.coccigames.com\/index.php\/produit\/legiones-astartes-combat-force\/#primaryimage\"},\"image\":{\"@id\":\"https:\/\/www.coccigames.com\/index.php\/produit\/legiones-astartes-combat-force\/#primaryimage\"},\"thumbnailUrl\":\"https:\/\/www.coccigames.com\/wp-content\/uploads\/2025\/12\/99122601032_LegionsImperialisLegionAstartesCombatForce09.jpg\",\"datePublished\":\"2025-12-20T12:22:15+00:00\",\"dateModified\":\"2026-04-06T07:28:28+00:00\",\"breadcrumb\":{\"@id\":\"https:\/\/www.coccigames.com\/index.php\/produit\/legiones-astartes-combat-force\/#breadcrumb\"},\"inLanguage\":\"fr-FR\",\"potentialAction\":[{\"@type\":\"ReadAction\",\"target\":[\"https:\/\/www.coccigames.com\/index.php\/produit\/legiones-astartes-combat-force\/\"]}]},{\"@type\":\"ImageObject\",\"inLanguage\":\"fr-FR\",\"@id\":\"https:\/\/www.coccigames.com\/index.php\/produit\/legiones-astartes-combat-force\/#primaryimage\",\"url\":\"https:\/\/www.coccigames.com\/wp-content\/uploads\/2025\/12\/99122601032_LegionsImperialisLegionAstartesCombatForce09.jpg\",\"contentUrl\":\"https:\/\/www.coccigames.com\/wp-content\/uploads\/2025\/12\/99122601032_LegionsImperialisLegionAstartesCombatForce09.jpg\",\"width\":918,\"height\":948},{\"@type\":\"BreadcrumbList\",\"@id\":\"https:\/\/www.coccigames.com\/index.php\/produit\/legiones-astartes-combat-force\/#breadcrumb\",\"itemListElement\":[{\"@type\":\"ListItem\",\"position\":1,\"name\":\"Accueil\",\"item\":\"https:\/\/www.coccigames.com\/\"},{\"@type\":\"ListItem\",\"position\":2,\"name\":\"Boutique\",\"item\":\"https:\/\/www.coccigames.com\/index.php\/boutique\/\"},{\"@type\":\"ListItem\",\"position\":3,\"name\":\"LEGIONES ASTARTES COMBAT FORCE\"}]},{\"@type\":\"WebSite\",\"@id\":\"https:\/\/www.coccigames.com\/#website\",\"url\":\"https:\/\/www.coccigames.com\/\",\"name\":\"Coccigames - Figurines et Peintures\",\"description\":\"Figurines et Peintures\",\"publisher\":{\"@id\":\"https:\/\/www.coccigames.com\/#organization\"},\"potentialAction\":[{\"@type\":\"SearchAction\",\"target\":{\"@type\":\"EntryPoint\",\"urlTemplate\":\"https:\/\/www.coccigames.com\/?s={search_term_string}\"},\"query-input\":{\"@type\":\"PropertyValueSpecification\",\"valueRequired\":true,\"valueName\":\"search_term_string\"}}],\"inLanguage\":\"fr-FR\"},{\"@type\":\"Organization\",\"@id\":\"https:\/\/www.coccigames.com\/#organization\",\"name\":\"Coccigames\",\"url\":\"https:\/\/www.coccigames.com\/\",\"logo\":{\"@type\":\"ImageObject\",\"inLanguage\":\"fr-FR\",\"@id\":\"https:\/\/www.coccigames.com\/#\/schema\/logo\/image\/\",\"url\":\"https:\/\/www.coccigames.com\/wp-content\/uploads\/2025\/12\/coccigames_logo_v5.png\",\"contentUrl\":\"https:\/\/www.coccigames.com\/wp-content\/uploads\/2025\/12\/coccigames_logo_v5.png\",\"width\":1768,\"height\":424,\"caption\":\"Coccigames\"},\"image\":{\"@id\":\"https:\/\/www.coccigames.com\/#\/schema\/logo\/image\/\"}}]}<\/script>\n<!-- \/ Yoast SEO plugin. -->","yoast_head_json":{"title":"LEGIONES ASTARTES COMBAT FORCE - Coccigames","robots":{"index":"index","follow":"follow","max-snippet":"max-snippet:-1","max-image-preview":"max-image-preview:large","max-video-preview":"max-video-preview:-1"},"canonical":"https:\/\/www.coccigames.com\/index.php\/produit\/legiones-astartes-combat-force\/","og_locale":"fr_FR","og_type":"article","og_title":"LEGIONES ASTARTES COMBAT FORCE - Coccigames","og_description":"Les puissantes Legiones Astartes vont en guerre avec un m\u00e9lange d&rsquo;infanterie lourde, de Dreadnoughts, de chars et de plateformes d&rsquo;armes de soutien. Ce sont des forces agressives et tenaces, qui brisent l&rsquo;\u00e9chine de leurs adversaires avant de passer rapidement \u00e0 l&rsquo;objectif suivant. Ce kit en&hellip;","og_url":"https:\/\/www.coccigames.com\/index.php\/produit\/legiones-astartes-combat-force\/","og_site_name":"Coccigames","article_modified_time":"2026-04-06T07:28:28+00:00","og_image":[{"width":918,"height":948,"url":"https:\/\/www.coccigames.com\/wp-content\/uploads\/2025\/12\/99122601032_LegionsImperialisLegionAstartesCombatForce09.jpg","type":"image\/jpeg"}],"twitter_card":"summary_large_image","twitter_misc":{"Dur\u00e9e de lecture estim\u00e9e":"2 minutes"},"schema":{"@context":"https:\/\/schema.org","@graph":[{"@type":"WebPage","@id":"https:\/\/www.coccigames.com\/index.php\/produit\/legiones-astartes-combat-force\/","url":"https:\/\/www.coccigames.com\/index.php\/produit\/legiones-astartes-combat-force\/","name":"LEGIONES ASTARTES COMBAT FORCE - Coccigames","isPartOf":{"@id":"https:\/\/www.coccigames.com\/#website"},"primaryImageOfPage":{"@id":"https:\/\/www.coccigames.com\/index.php\/produit\/legiones-astartes-combat-force\/#primaryimage"},"image":{"@id":"https:\/\/www.coccigames.com\/index.php\/produit\/legiones-astartes-combat-force\/#primaryimage"},"thumbnailUrl":"https:\/\/www.coccigames.com\/wp-content\/uploads\/2025\/12\/99122601032_LegionsImperialisLegionAstartesCombatForce09.jpg","datePublished":"2025-12-20T12:22:15+00:00","dateModified":"2026-04-06T07:28:28+00:00","breadcrumb":{"@id":"https:\/\/www.coccigames.com\/index.php\/produit\/legiones-astartes-combat-force\/#breadcrumb"},"inLanguage":"fr-FR","potentialAction":[{"@type":"ReadAction","target":["https:\/\/www.coccigames.com\/index.php\/produit\/legiones-astartes-combat-force\/"]}]},{"@type":"ImageObject","inLanguage":"fr-FR","@id":"https:\/\/www.coccigames.com\/index.php\/produit\/legiones-astartes-combat-force\/#primaryimage","url":"https:\/\/www.coccigames.com\/wp-content\/uploads\/2025\/12\/99122601032_LegionsImperialisLegionAstartesCombatForce09.jpg","contentUrl":"https:\/\/www.coccigames.com\/wp-content\/uploads\/2025\/12\/99122601032_LegionsImperialisLegionAstartesCombatForce09.jpg","width":918,"height":948},{"@type":"BreadcrumbList","@id":"https:\/\/www.coccigames.com\/index.php\/produit\/legiones-astartes-combat-force\/#breadcrumb","itemListElement":[{"@type":"ListItem","position":1,"name":"Accueil","item":"https:\/\/www.coccigames.com\/"},{"@type":"ListItem","position":2,"name":"Boutique","item":"https:\/\/www.coccigames.com\/index.php\/boutique\/"},{"@type":"ListItem","position":3,"name":"LEGIONES ASTARTES COMBAT FORCE"}]},{"@type":"WebSite","@id":"https:\/\/www.coccigames.com\/#website","url":"https:\/\/www.coccigames.com\/","name":"Coccigames - Figurines et Peintures","description":"Figurines et Peintures","publisher":{"@id":"https:\/\/www.coccigames.com\/#organization"},"potentialAction":[{"@type":"SearchAction","target":{"@type":"EntryPoint","urlTemplate":"https:\/\/www.coccigames.com\/?s={search_term_string}"},"query-input":{"@type":"PropertyValueSpecification","valueRequired":true,"valueName":"search_term_string"}}],"inLanguage":"fr-FR"},{"@type":"Organization","@id":"https:\/\/www.coccigames.com\/#organization","name":"Coccigames","url":"https:\/\/www.coccigames.com\/","logo":{"@type":"ImageObject","inLanguage":"fr-FR","@id":"https:\/\/www.coccigames.com\/#\/schema\/logo\/image\/","url":"https:\/\/www.coccigames.com\/wp-content\/uploads\/2025\/12\/coccigames_logo_v5.png","contentUrl":"https:\/\/www.coccigames.com\/wp-content\/uploads\/2025\/12\/coccigames_logo_v5.png","width":1768,"height":424,"caption":"Coccigames"},"image":{"@id":"https:\/\/www.coccigames.com\/#\/schema\/logo\/image\/"}}]}},"_links":{"self":[{"href":"https:\/\/www.coccigames.com\/index.php\/wp-json\/wp\/v2\/product\/12997","targetHints":{"allow":["GET"]}}],"collection":[{"href":"https:\/\/www.coccigames.com\/index.php\/wp-json\/wp\/v2\/product"}],"about":[{"href":"https:\/\/www.coccigames.com\/index.php\/wp-json\/wp\/v2\/types\/product"}],"replies":[{"embeddable":true,"href":"https:\/\/www.coccigames.com\/index.php\/wp-json\/wp\/v2\/comments?post=12997"}],"wp:featuredmedia":[{"embeddable":true,"href":"https:\/\/www.coccigames.com\/index.php\/wp-json\/wp\/v2\/media\/13084"}],"wp:attachment":[{"href":"https:\/\/www.coccigames.com\/index.php\/wp-json\/wp\/v2\/media?parent=12997"}],"wp:term":[{"taxonomy":"product_brand","embeddable":true,"href":"https:\/\/www.coccigames.com\/index.php\/wp-json\/wp\/v2\/product_brand?post=12997"},{"taxonomy":"product_cat","embeddable":true,"href":"https:\/\/www.coccigames.com\/index.php\/wp-json\/wp\/v2\/product_cat?post=12997"},{"taxonomy":"product_tag","embeddable":true,"href":"https:\/\/www.coccigames.com\/index.php\/wp-json\/wp\/v2\/product_tag?post=12997"}],"curies":[{"name":"wp","href":"https:\/\/api.w.org\/{rel}","templated":true}]}}