{"id":12996,"date":"2025-12-20T13:22:15","date_gmt":"2025-12-20T12:22:15","guid":{"rendered":"https:\/\/www.coccigames.com\/index.php\/produit\/falchion-ascalon-super-heavy-tanks\/"},"modified":"2026-04-20T10:05:49","modified_gmt":"2026-04-20T08:05:49","slug":"falchion-ascalon-super-heavy-tanks","status":"publish","type":"product","link":"https:\/\/www.coccigames.com\/index.php\/produit\/falchion-ascalon-super-heavy-tanks\/","title":{"rendered":"FALCHION\/ASCALON SUPER-HEAVY TANKS"},"content":{"rendered":"<p>Le Falchion fut \u00e0 l&rsquo;origine con\u00e7u pour engager le combat contre des ennemis gargantuesques. Le puissant canon \u00e0 onde neutronique qui y est install\u00e9 le rend capable d&rsquo;infliger des dommages catastrophiques m\u00eame aux plus gros adversaires blind\u00e9s. D\u00e9velopp\u00e9 depuis le ch\u00e2ssis du Falchion, l&rsquo;Ascalon transporte quant \u00e0 lui un canon Inferno similaire \u00e0 ceux des Titans des Collegia Titanica.<\/p>\n<p>Ce kit en plastique permet d&rsquo;assembler deux chars super-lourds pour vos arm\u00e9es des Legiones Astartes dans les parties de Legions Imperialis. Chacun de ces v\u00e9hicules peut \u00eatre assembl\u00e9 soit comme un Falchion transportant un canon \u00e0 onde neutronique pour \u00e9liminer les unit\u00e9s adverses les plus lourdes, soit comme un Ascalon dot\u00e9 d&rsquo;un canon Inferno cracheur de flammes. Quelle que soit la variante que vous choisirez, ces chars peuvent renverser le cours de n&rsquo;importe quelle bataille.<\/p>\n<p>Les deux versions sont \u00e9quip\u00e9es d&rsquo;armes lat\u00e9rales selon votre choix entre destructeurs laser, bolters lourds quadruples ou canons laser quadruples. Elles peuvent aussi \u00eatre assembl\u00e9es avec une \u00e9coutille ferm\u00e9e ou ouverte, occup\u00e9e par un membre de l&rsquo;\u00e9quipage, ou par un tireur post\u00e9 derri\u00e8re un multi-fuseur ou un bolter lourd sur pivot.<\/p>\n<p>Ce kit s&rsquo;accompagne de 1x Planche de D\u00e9calcos des V\u00e9hicules des L\u00e9gions, comprenant 1130x d\u00e9calcos de grande qualit\u00e9, afin de d\u00e9corer vos figurines. Il s&rsquo;y trouve des ic\u00f4nes pour chacune des 18 L\u00e9gions de l&rsquo;H\u00e9r\u00e9sie d&rsquo;Horus, ainsi que des chiffres et des symboles honorifiques.<\/p>\n","protected":false},"excerpt":{"rendered":"<p>Le Falchion fut \u00e0 l&rsquo;origine con\u00e7u pour engager le combat contre des ennemis gargantuesques. Le puissant canon \u00e0 onde neutronique qui y est install\u00e9 le rend capable d&rsquo;infliger des dommages catastrophiques m\u00eame aux plus gros adversaires blind\u00e9s. D\u00e9velopp\u00e9 depuis le ch\u00e2ssis du Falchion, l&rsquo;Ascalon transporte&hellip;<\/p>\n","protected":false},"featured_media":13086,"comment_status":"open","ping_status":"closed","template":"","meta":[],"product_brand":[23],"product_cat":[6185],"product_tag":[434,6184],"class_list":{"0":"post-12996","1":"product","2":"type-product","3":"status-publish","4":"has-post-thumbnail","6":"product_brand-games-workshop","7":"product_cat-legion-imperialis","8":"product_tag-generic","9":"product_tag-legion-imperialis","11":"first","12":"onbackorder","13":"sale","14":"taxable","15":"shipping-taxable","16":"purchasable","17":"product-type-simple"},"yoast_head":"<!-- This site is optimized with the Yoast SEO plugin v26.4 - https:\/\/yoast.com\/wordpress\/plugins\/seo\/ -->\n<title>FALCHION\/ASCALON SUPER-HEAVY TANKS - Coccigames<\/title>\n<meta name=\"robots\" content=\"index, follow, max-snippet:-1, max-image-preview:large, max-video-preview:-1\" \/>\n<link rel=\"canonical\" href=\"https:\/\/www.coccigames.com\/index.php\/produit\/falchion-ascalon-super-heavy-tanks\/\" \/>\n<meta property=\"og:locale\" content=\"fr_FR\" \/>\n<meta property=\"og:type\" content=\"article\" \/>\n<meta property=\"og:title\" content=\"FALCHION\/ASCALON SUPER-HEAVY TANKS - Coccigames\" \/>\n<meta property=\"og:description\" content=\"Le Falchion fut \u00e0 l&rsquo;origine con\u00e7u pour engager le combat contre des ennemis gargantuesques. Le puissant canon \u00e0 onde neutronique qui y est install\u00e9 le rend capable d&rsquo;infliger des dommages catastrophiques m\u00eame aux plus gros adversaires blind\u00e9s. D\u00e9velopp\u00e9 depuis le ch\u00e2ssis du Falchion, l&rsquo;Ascalon transporte&hellip;\" \/>\n<meta property=\"og:url\" content=\"https:\/\/www.coccigames.com\/index.php\/produit\/falchion-ascalon-super-heavy-tanks\/\" \/>\n<meta property=\"og:site_name\" content=\"Coccigames\" \/>\n<meta property=\"article:modified_time\" content=\"2026-04-20T08:05:49+00:00\" \/>\n<meta property=\"og:image\" content=\"https:\/\/www.coccigames.com\/wp-content\/uploads\/2025\/12\/99122601024_LegionsImperialisFalchionAscalonSuperheavyTanks07.jpg\" \/>\n\t<meta property=\"og:image:width\" content=\"918\" \/>\n\t<meta property=\"og:image:height\" content=\"948\" \/>\n\t<meta property=\"og:image:type\" content=\"image\/jpeg\" \/>\n<meta name=\"twitter:card\" content=\"summary_large_image\" \/>\n<meta name=\"twitter:label1\" content=\"Dur\u00e9e de lecture estim\u00e9e\" \/>\n\t<meta name=\"twitter:data1\" content=\"2 minutes\" \/>\n<script type=\"application\/ld+json\" class=\"yoast-schema-graph\">{\"@context\":\"https:\/\/schema.org\",\"@graph\":[{\"@type\":\"WebPage\",\"@id\":\"https:\/\/www.coccigames.com\/index.php\/produit\/falchion-ascalon-super-heavy-tanks\/\",\"url\":\"https:\/\/www.coccigames.com\/index.php\/produit\/falchion-ascalon-super-heavy-tanks\/\",\"name\":\"FALCHION\/ASCALON SUPER-HEAVY TANKS - Coccigames\",\"isPartOf\":{\"@id\":\"https:\/\/www.coccigames.com\/#website\"},\"primaryImageOfPage\":{\"@id\":\"https:\/\/www.coccigames.com\/index.php\/produit\/falchion-ascalon-super-heavy-tanks\/#primaryimage\"},\"image\":{\"@id\":\"https:\/\/www.coccigames.com\/index.php\/produit\/falchion-ascalon-super-heavy-tanks\/#primaryimage\"},\"thumbnailUrl\":\"https:\/\/www.coccigames.com\/wp-content\/uploads\/2025\/12\/99122601024_LegionsImperialisFalchionAscalonSuperheavyTanks07.jpg\",\"datePublished\":\"2025-12-20T12:22:15+00:00\",\"dateModified\":\"2026-04-20T08:05:49+00:00\",\"breadcrumb\":{\"@id\":\"https:\/\/www.coccigames.com\/index.php\/produit\/falchion-ascalon-super-heavy-tanks\/#breadcrumb\"},\"inLanguage\":\"fr-FR\",\"potentialAction\":[{\"@type\":\"ReadAction\",\"target\":[\"https:\/\/www.coccigames.com\/index.php\/produit\/falchion-ascalon-super-heavy-tanks\/\"]}]},{\"@type\":\"ImageObject\",\"inLanguage\":\"fr-FR\",\"@id\":\"https:\/\/www.coccigames.com\/index.php\/produit\/falchion-ascalon-super-heavy-tanks\/#primaryimage\",\"url\":\"https:\/\/www.coccigames.com\/wp-content\/uploads\/2025\/12\/99122601024_LegionsImperialisFalchionAscalonSuperheavyTanks07.jpg\",\"contentUrl\":\"https:\/\/www.coccigames.com\/wp-content\/uploads\/2025\/12\/99122601024_LegionsImperialisFalchionAscalonSuperheavyTanks07.jpg\",\"width\":918,\"height\":948},{\"@type\":\"BreadcrumbList\",\"@id\":\"https:\/\/www.coccigames.com\/index.php\/produit\/falchion-ascalon-super-heavy-tanks\/#breadcrumb\",\"itemListElement\":[{\"@type\":\"ListItem\",\"position\":1,\"name\":\"Accueil\",\"item\":\"https:\/\/www.coccigames.com\/\"},{\"@type\":\"ListItem\",\"position\":2,\"name\":\"Boutique\",\"item\":\"https:\/\/www.coccigames.com\/index.php\/boutique\/\"},{\"@type\":\"ListItem\",\"position\":3,\"name\":\"FALCHION\/ASCALON SUPER-HEAVY TANKS\"}]},{\"@type\":\"WebSite\",\"@id\":\"https:\/\/www.coccigames.com\/#website\",\"url\":\"https:\/\/www.coccigames.com\/\",\"name\":\"Coccigames - Figurines et Peintures\",\"description\":\"Figurines et Peintures\",\"publisher\":{\"@id\":\"https:\/\/www.coccigames.com\/#organization\"},\"potentialAction\":[{\"@type\":\"SearchAction\",\"target\":{\"@type\":\"EntryPoint\",\"urlTemplate\":\"https:\/\/www.coccigames.com\/?s={search_term_string}\"},\"query-input\":{\"@type\":\"PropertyValueSpecification\",\"valueRequired\":true,\"valueName\":\"search_term_string\"}}],\"inLanguage\":\"fr-FR\"},{\"@type\":\"Organization\",\"@id\":\"https:\/\/www.coccigames.com\/#organization\",\"name\":\"Coccigames\",\"url\":\"https:\/\/www.coccigames.com\/\",\"logo\":{\"@type\":\"ImageObject\",\"inLanguage\":\"fr-FR\",\"@id\":\"https:\/\/www.coccigames.com\/#\/schema\/logo\/image\/\",\"url\":\"https:\/\/www.coccigames.com\/wp-content\/uploads\/2025\/12\/coccigames_logo_v5.png\",\"contentUrl\":\"https:\/\/www.coccigames.com\/wp-content\/uploads\/2025\/12\/coccigames_logo_v5.png\",\"width\":1768,\"height\":424,\"caption\":\"Coccigames\"},\"image\":{\"@id\":\"https:\/\/www.coccigames.com\/#\/schema\/logo\/image\/\"}}]}<\/script>\n<!-- \/ Yoast SEO plugin. -->","yoast_head_json":{"title":"FALCHION\/ASCALON SUPER-HEAVY TANKS - Coccigames","robots":{"index":"index","follow":"follow","max-snippet":"max-snippet:-1","max-image-preview":"max-image-preview:large","max-video-preview":"max-video-preview:-1"},"canonical":"https:\/\/www.coccigames.com\/index.php\/produit\/falchion-ascalon-super-heavy-tanks\/","og_locale":"fr_FR","og_type":"article","og_title":"FALCHION\/ASCALON SUPER-HEAVY TANKS - Coccigames","og_description":"Le Falchion fut \u00e0 l&rsquo;origine con\u00e7u pour engager le combat contre des ennemis gargantuesques. Le puissant canon \u00e0 onde neutronique qui y est install\u00e9 le rend capable d&rsquo;infliger des dommages catastrophiques m\u00eame aux plus gros adversaires blind\u00e9s. D\u00e9velopp\u00e9 depuis le ch\u00e2ssis du Falchion, l&rsquo;Ascalon transporte&hellip;","og_url":"https:\/\/www.coccigames.com\/index.php\/produit\/falchion-ascalon-super-heavy-tanks\/","og_site_name":"Coccigames","article_modified_time":"2026-04-20T08:05:49+00:00","og_image":[{"width":918,"height":948,"url":"https:\/\/www.coccigames.com\/wp-content\/uploads\/2025\/12\/99122601024_LegionsImperialisFalchionAscalonSuperheavyTanks07.jpg","type":"image\/jpeg"}],"twitter_card":"summary_large_image","twitter_misc":{"Dur\u00e9e de lecture estim\u00e9e":"2 minutes"},"schema":{"@context":"https:\/\/schema.org","@graph":[{"@type":"WebPage","@id":"https:\/\/www.coccigames.com\/index.php\/produit\/falchion-ascalon-super-heavy-tanks\/","url":"https:\/\/www.coccigames.com\/index.php\/produit\/falchion-ascalon-super-heavy-tanks\/","name":"FALCHION\/ASCALON SUPER-HEAVY TANKS - Coccigames","isPartOf":{"@id":"https:\/\/www.coccigames.com\/#website"},"primaryImageOfPage":{"@id":"https:\/\/www.coccigames.com\/index.php\/produit\/falchion-ascalon-super-heavy-tanks\/#primaryimage"},"image":{"@id":"https:\/\/www.coccigames.com\/index.php\/produit\/falchion-ascalon-super-heavy-tanks\/#primaryimage"},"thumbnailUrl":"https:\/\/www.coccigames.com\/wp-content\/uploads\/2025\/12\/99122601024_LegionsImperialisFalchionAscalonSuperheavyTanks07.jpg","datePublished":"2025-12-20T12:22:15+00:00","dateModified":"2026-04-20T08:05:49+00:00","breadcrumb":{"@id":"https:\/\/www.coccigames.com\/index.php\/produit\/falchion-ascalon-super-heavy-tanks\/#breadcrumb"},"inLanguage":"fr-FR","potentialAction":[{"@type":"ReadAction","target":["https:\/\/www.coccigames.com\/index.php\/produit\/falchion-ascalon-super-heavy-tanks\/"]}]},{"@type":"ImageObject","inLanguage":"fr-FR","@id":"https:\/\/www.coccigames.com\/index.php\/produit\/falchion-ascalon-super-heavy-tanks\/#primaryimage","url":"https:\/\/www.coccigames.com\/wp-content\/uploads\/2025\/12\/99122601024_LegionsImperialisFalchionAscalonSuperheavyTanks07.jpg","contentUrl":"https:\/\/www.coccigames.com\/wp-content\/uploads\/2025\/12\/99122601024_LegionsImperialisFalchionAscalonSuperheavyTanks07.jpg","width":918,"height":948},{"@type":"BreadcrumbList","@id":"https:\/\/www.coccigames.com\/index.php\/produit\/falchion-ascalon-super-heavy-tanks\/#breadcrumb","itemListElement":[{"@type":"ListItem","position":1,"name":"Accueil","item":"https:\/\/www.coccigames.com\/"},{"@type":"ListItem","position":2,"name":"Boutique","item":"https:\/\/www.coccigames.com\/index.php\/boutique\/"},{"@type":"ListItem","position":3,"name":"FALCHION\/ASCALON SUPER-HEAVY TANKS"}]},{"@type":"WebSite","@id":"https:\/\/www.coccigames.com\/#website","url":"https:\/\/www.coccigames.com\/","name":"Coccigames - Figurines et Peintures","description":"Figurines et Peintures","publisher":{"@id":"https:\/\/www.coccigames.com\/#organization"},"potentialAction":[{"@type":"SearchAction","target":{"@type":"EntryPoint","urlTemplate":"https:\/\/www.coccigames.com\/?s={search_term_string}"},"query-input":{"@type":"PropertyValueSpecification","valueRequired":true,"valueName":"search_term_string"}}],"inLanguage":"fr-FR"},{"@type":"Organization","@id":"https:\/\/www.coccigames.com\/#organization","name":"Coccigames","url":"https:\/\/www.coccigames.com\/","logo":{"@type":"ImageObject","inLanguage":"fr-FR","@id":"https:\/\/www.coccigames.com\/#\/schema\/logo\/image\/","url":"https:\/\/www.coccigames.com\/wp-content\/uploads\/2025\/12\/coccigames_logo_v5.png","contentUrl":"https:\/\/www.coccigames.com\/wp-content\/uploads\/2025\/12\/coccigames_logo_v5.png","width":1768,"height":424,"caption":"Coccigames"},"image":{"@id":"https:\/\/www.coccigames.com\/#\/schema\/logo\/image\/"}}]}},"_links":{"self":[{"href":"https:\/\/www.coccigames.com\/index.php\/wp-json\/wp\/v2\/product\/12996","targetHints":{"allow":["GET"]}}],"collection":[{"href":"https:\/\/www.coccigames.com\/index.php\/wp-json\/wp\/v2\/product"}],"about":[{"href":"https:\/\/www.coccigames.com\/index.php\/wp-json\/wp\/v2\/types\/product"}],"replies":[{"embeddable":true,"href":"https:\/\/www.coccigames.com\/index.php\/wp-json\/wp\/v2\/comments?post=12996"}],"wp:featuredmedia":[{"embeddable":true,"href":"https:\/\/www.coccigames.com\/index.php\/wp-json\/wp\/v2\/media\/13086"}],"wp:attachment":[{"href":"https:\/\/www.coccigames.com\/index.php\/wp-json\/wp\/v2\/media?parent=12996"}],"wp:term":[{"taxonomy":"product_brand","embeddable":true,"href":"https:\/\/www.coccigames.com\/index.php\/wp-json\/wp\/v2\/product_brand?post=12996"},{"taxonomy":"product_cat","embeddable":true,"href":"https:\/\/www.coccigames.com\/index.php\/wp-json\/wp\/v2\/product_cat?post=12996"},{"taxonomy":"product_tag","embeddable":true,"href":"https:\/\/www.coccigames.com\/index.php\/wp-json\/wp\/v2\/product_tag?post=12996"}],"curies":[{"name":"wp","href":"https:\/\/api.w.org\/{rel}","templated":true}]}}