{"id":12993,"date":"2025-12-20T13:22:13","date_gmt":"2025-12-20T12:22:13","guid":{"rendered":"https:\/\/www.coccigames.com\/index.php\/produit\/l-a-heavy-assault-cadre\/"},"modified":"2026-04-06T09:28:28","modified_gmt":"2026-04-06T07:28:28","slug":"l-a-heavy-assault-cadre","status":"publish","type":"product","link":"https:\/\/www.coccigames.com\/index.php\/produit\/l-a-heavy-assault-cadre\/","title":{"rendered":"SATURNINE HEAVY ASSAULT CADRE"},"content":{"rendered":"<p>L&rsquo;armure Saturnine est volumineuse, davantage que les mod\u00e8les d&rsquo;armure Tactique Dreadnought Cataphractii et Tartaros plus couramment utilis\u00e9s. \u00c9quip\u00e9s d&rsquo;un \u00e9ventail d&rsquo;armes \u00e0 \u00e9nergie effrayantes, combin\u00e9 \u00e0 des syst\u00e8mes de boucliers complexes, les L\u00e9gionnaires qui rev\u00eatent de telles armures voient leur r\u00e9sistance d\u00e9j\u00e0 l\u00e9gendaire s&rsquo;accro\u00eetre de fa\u00e7on significative, leur permettant d&rsquo;avancer avec impunit\u00e9 au milieu des feux de la bataille. Les Dreadnoughts Saturnine furent d\u00e9velopp\u00e9s \u00e0 la m\u00eame p\u00e9riode, dominent de leur taille m\u00eame les puissants mod\u00e8les Leviathan, et pulv\u00e9risent l&rsquo;ennemi sous une puissance de feu accablante.<\/p>\n<p>Ce kit en plastique permet d&rsquo;assembler des Saturnine Command Squads, des Saturnine Terminator Squads et des Saturnine Dreadnoughts pour vos arm\u00e9es des Legiones Astartes dans les parties de Legions Imperialis. Leurs armures et leur blindage leur permettent d&rsquo;essuyer la puissance de feu qui leur est adress\u00e9e, et ils emploient pour riposter un armement d\u00e9vastateur. Ils constituent un moyen id\u00e9al d&rsquo;ajouter \u00e0 votre arm\u00e9e une force d&rsquo;assaut inarr\u00eatable.<\/p>\n<p><strong>Le set inclut 28 figurines en plastique, qui se combinent pour obtenir 12 socles d&rsquo;infanterie ou v\u00e9hicules des Legiones Astartes:<\/strong><\/p>\n<p>\u2013 6x Saturnine Terminator Squads<\/p>\n<p>\u2013 4x Saturnine Dreadnoughts<\/p>\n<p>\u2013 2x Saturnine Command Squads<\/p>\n<p>Les figurines de ce kit sont faciles \u00e0 personnaliser. Les Saturnine Dreadnoughts poss\u00e8dent quatre torses interchangeables de deux mod\u00e8les diff\u00e9rents. Leurs armes sont interchangeables elles aussi, et il y a l\u00e0 deux canons \u00e0 inversion, deux bombardes \u00e0 plasma lourdes, deux pulv\u00e9riseurs \u00e0 gravitons, et deux canons d\u00e9sint\u00e9grateurs.<\/p>\n<p>Les Saturnine Terminators ont 18 corps interchangeables parmi six mod\u00e8les diff\u00e9rents. Leurs armes aussi sont interchangeables, et il y a l\u00e0 12 bombardes \u00e0 plasma pour bras droit, 12 d\u00e9sint\u00e9grateurs lourds jumel\u00e9s pour bras droit, six bombardes \u00e0 plasma pour bras gauche, six d\u00e9sint\u00e9grateurs lourds jumel\u00e9s pour bras gauche, et 18 poings disrupteurs pour bras gauche.<\/p>\n<p>Ce kit s&rsquo;accompagne de 1x Planche de D\u00e9calcos des V\u00e9hicules des L\u00e9gions, comprenant 1130x d\u00e9calcos de grande qualit\u00e9, afin de d\u00e9corer vos figurines. Il s&rsquo;y trouve des ic\u00f4nes pour chacune des 18 L\u00e9gions de l&rsquo;H\u00e9r\u00e9sie d&rsquo;Horus, ainsi que des chiffres et des symboles honorifiques.<\/p>\n<p>Ce kit est compos\u00e9 de 178 \u00e9l\u00e9ments en plastique et de 12x Socles Ronds Legions Imperialis de 32mm. Ces figurines sont fournies non peintes et n\u00e9cessitent assemblage \u2013 nous recommandons d&#8217;employer la Colle Plastique Citadel et la peinture Citadel Colour.<\/p>\n","protected":false},"excerpt":{"rendered":"<p>L&rsquo;armure Saturnine est volumineuse, davantage que les mod\u00e8les d&rsquo;armure Tactique Dreadnought Cataphractii et Tartaros plus couramment utilis\u00e9s. \u00c9quip\u00e9s d&rsquo;un \u00e9ventail d&rsquo;armes \u00e0 \u00e9nergie effrayantes, combin\u00e9 \u00e0 des syst\u00e8mes de boucliers complexes, les L\u00e9gionnaires qui rev\u00eatent de telles armures voient leur r\u00e9sistance d\u00e9j\u00e0 l\u00e9gendaire s&rsquo;accro\u00eetre de&hellip;<\/p>\n","protected":false},"featured_media":13069,"comment_status":"open","ping_status":"closed","template":"","meta":[],"product_brand":[23],"product_cat":[6185],"product_tag":[434,6184],"class_list":{"0":"post-12993","1":"product","2":"type-product","3":"status-publish","4":"has-post-thumbnail","6":"product_brand-games-workshop","7":"product_cat-legion-imperialis","8":"product_tag-generic","9":"product_tag-legion-imperialis","11":"first","12":"onbackorder","13":"sale","14":"taxable","15":"shipping-taxable","16":"purchasable","17":"product-type-simple"},"yoast_head":"<!-- This site is optimized with the Yoast SEO plugin v26.4 - https:\/\/yoast.com\/wordpress\/plugins\/seo\/ -->\n<title>SATURNINE HEAVY ASSAULT CADRE - Coccigames<\/title>\n<meta name=\"robots\" content=\"index, follow, max-snippet:-1, max-image-preview:large, max-video-preview:-1\" \/>\n<link rel=\"canonical\" href=\"https:\/\/www.coccigames.com\/index.php\/produit\/l-a-heavy-assault-cadre\/\" \/>\n<meta property=\"og:locale\" content=\"fr_FR\" \/>\n<meta property=\"og:type\" content=\"article\" \/>\n<meta property=\"og:title\" content=\"SATURNINE HEAVY ASSAULT CADRE - Coccigames\" \/>\n<meta property=\"og:description\" content=\"L&rsquo;armure Saturnine est volumineuse, davantage que les mod\u00e8les d&rsquo;armure Tactique Dreadnought Cataphractii et Tartaros plus couramment utilis\u00e9s. \u00c9quip\u00e9s d&rsquo;un \u00e9ventail d&rsquo;armes \u00e0 \u00e9nergie effrayantes, combin\u00e9 \u00e0 des syst\u00e8mes de boucliers complexes, les L\u00e9gionnaires qui rev\u00eatent de telles armures voient leur r\u00e9sistance d\u00e9j\u00e0 l\u00e9gendaire s&rsquo;accro\u00eetre de&hellip;\" \/>\n<meta property=\"og:url\" content=\"https:\/\/www.coccigames.com\/index.php\/produit\/l-a-heavy-assault-cadre\/\" \/>\n<meta property=\"og:site_name\" content=\"Coccigames\" \/>\n<meta property=\"article:modified_time\" content=\"2026-04-06T07:28:28+00:00\" \/>\n<meta property=\"og:image\" content=\"https:\/\/www.coccigames.com\/wp-content\/uploads\/2025\/12\/99122601028_LegionsImperialisSaturnineHeavyAssaultCadre05.jpg\" \/>\n\t<meta property=\"og:image:width\" content=\"918\" \/>\n\t<meta property=\"og:image:height\" content=\"948\" \/>\n\t<meta property=\"og:image:type\" content=\"image\/jpeg\" \/>\n<meta name=\"twitter:card\" content=\"summary_large_image\" \/>\n<meta name=\"twitter:label1\" content=\"Dur\u00e9e de lecture estim\u00e9e\" \/>\n\t<meta name=\"twitter:data1\" content=\"3 minutes\" \/>\n<script type=\"application\/ld+json\" class=\"yoast-schema-graph\">{\"@context\":\"https:\/\/schema.org\",\"@graph\":[{\"@type\":\"WebPage\",\"@id\":\"https:\/\/www.coccigames.com\/index.php\/produit\/l-a-heavy-assault-cadre\/\",\"url\":\"https:\/\/www.coccigames.com\/index.php\/produit\/l-a-heavy-assault-cadre\/\",\"name\":\"SATURNINE HEAVY ASSAULT CADRE - Coccigames\",\"isPartOf\":{\"@id\":\"https:\/\/www.coccigames.com\/#website\"},\"primaryImageOfPage\":{\"@id\":\"https:\/\/www.coccigames.com\/index.php\/produit\/l-a-heavy-assault-cadre\/#primaryimage\"},\"image\":{\"@id\":\"https:\/\/www.coccigames.com\/index.php\/produit\/l-a-heavy-assault-cadre\/#primaryimage\"},\"thumbnailUrl\":\"https:\/\/www.coccigames.com\/wp-content\/uploads\/2025\/12\/99122601028_LegionsImperialisSaturnineHeavyAssaultCadre05.jpg\",\"datePublished\":\"2025-12-20T12:22:13+00:00\",\"dateModified\":\"2026-04-06T07:28:28+00:00\",\"breadcrumb\":{\"@id\":\"https:\/\/www.coccigames.com\/index.php\/produit\/l-a-heavy-assault-cadre\/#breadcrumb\"},\"inLanguage\":\"fr-FR\",\"potentialAction\":[{\"@type\":\"ReadAction\",\"target\":[\"https:\/\/www.coccigames.com\/index.php\/produit\/l-a-heavy-assault-cadre\/\"]}]},{\"@type\":\"ImageObject\",\"inLanguage\":\"fr-FR\",\"@id\":\"https:\/\/www.coccigames.com\/index.php\/produit\/l-a-heavy-assault-cadre\/#primaryimage\",\"url\":\"https:\/\/www.coccigames.com\/wp-content\/uploads\/2025\/12\/99122601028_LegionsImperialisSaturnineHeavyAssaultCadre05.jpg\",\"contentUrl\":\"https:\/\/www.coccigames.com\/wp-content\/uploads\/2025\/12\/99122601028_LegionsImperialisSaturnineHeavyAssaultCadre05.jpg\",\"width\":918,\"height\":948},{\"@type\":\"BreadcrumbList\",\"@id\":\"https:\/\/www.coccigames.com\/index.php\/produit\/l-a-heavy-assault-cadre\/#breadcrumb\",\"itemListElement\":[{\"@type\":\"ListItem\",\"position\":1,\"name\":\"Accueil\",\"item\":\"https:\/\/www.coccigames.com\/\"},{\"@type\":\"ListItem\",\"position\":2,\"name\":\"Boutique\",\"item\":\"https:\/\/www.coccigames.com\/index.php\/boutique\/\"},{\"@type\":\"ListItem\",\"position\":3,\"name\":\"SATURNINE HEAVY ASSAULT CADRE\"}]},{\"@type\":\"WebSite\",\"@id\":\"https:\/\/www.coccigames.com\/#website\",\"url\":\"https:\/\/www.coccigames.com\/\",\"name\":\"Coccigames - Figurines et Peintures\",\"description\":\"Figurines et Peintures\",\"publisher\":{\"@id\":\"https:\/\/www.coccigames.com\/#organization\"},\"potentialAction\":[{\"@type\":\"SearchAction\",\"target\":{\"@type\":\"EntryPoint\",\"urlTemplate\":\"https:\/\/www.coccigames.com\/?s={search_term_string}\"},\"query-input\":{\"@type\":\"PropertyValueSpecification\",\"valueRequired\":true,\"valueName\":\"search_term_string\"}}],\"inLanguage\":\"fr-FR\"},{\"@type\":\"Organization\",\"@id\":\"https:\/\/www.coccigames.com\/#organization\",\"name\":\"Coccigames\",\"url\":\"https:\/\/www.coccigames.com\/\",\"logo\":{\"@type\":\"ImageObject\",\"inLanguage\":\"fr-FR\",\"@id\":\"https:\/\/www.coccigames.com\/#\/schema\/logo\/image\/\",\"url\":\"https:\/\/www.coccigames.com\/wp-content\/uploads\/2025\/12\/coccigames_logo_v5.png\",\"contentUrl\":\"https:\/\/www.coccigames.com\/wp-content\/uploads\/2025\/12\/coccigames_logo_v5.png\",\"width\":1768,\"height\":424,\"caption\":\"Coccigames\"},\"image\":{\"@id\":\"https:\/\/www.coccigames.com\/#\/schema\/logo\/image\/\"}}]}<\/script>\n<!-- \/ Yoast SEO plugin. -->","yoast_head_json":{"title":"SATURNINE HEAVY ASSAULT CADRE - Coccigames","robots":{"index":"index","follow":"follow","max-snippet":"max-snippet:-1","max-image-preview":"max-image-preview:large","max-video-preview":"max-video-preview:-1"},"canonical":"https:\/\/www.coccigames.com\/index.php\/produit\/l-a-heavy-assault-cadre\/","og_locale":"fr_FR","og_type":"article","og_title":"SATURNINE HEAVY ASSAULT CADRE - Coccigames","og_description":"L&rsquo;armure Saturnine est volumineuse, davantage que les mod\u00e8les d&rsquo;armure Tactique Dreadnought Cataphractii et Tartaros plus couramment utilis\u00e9s. \u00c9quip\u00e9s d&rsquo;un \u00e9ventail d&rsquo;armes \u00e0 \u00e9nergie effrayantes, combin\u00e9 \u00e0 des syst\u00e8mes de boucliers complexes, les L\u00e9gionnaires qui rev\u00eatent de telles armures voient leur r\u00e9sistance d\u00e9j\u00e0 l\u00e9gendaire s&rsquo;accro\u00eetre de&hellip;","og_url":"https:\/\/www.coccigames.com\/index.php\/produit\/l-a-heavy-assault-cadre\/","og_site_name":"Coccigames","article_modified_time":"2026-04-06T07:28:28+00:00","og_image":[{"width":918,"height":948,"url":"https:\/\/www.coccigames.com\/wp-content\/uploads\/2025\/12\/99122601028_LegionsImperialisSaturnineHeavyAssaultCadre05.jpg","type":"image\/jpeg"}],"twitter_card":"summary_large_image","twitter_misc":{"Dur\u00e9e de lecture estim\u00e9e":"3 minutes"},"schema":{"@context":"https:\/\/schema.org","@graph":[{"@type":"WebPage","@id":"https:\/\/www.coccigames.com\/index.php\/produit\/l-a-heavy-assault-cadre\/","url":"https:\/\/www.coccigames.com\/index.php\/produit\/l-a-heavy-assault-cadre\/","name":"SATURNINE HEAVY ASSAULT CADRE - Coccigames","isPartOf":{"@id":"https:\/\/www.coccigames.com\/#website"},"primaryImageOfPage":{"@id":"https:\/\/www.coccigames.com\/index.php\/produit\/l-a-heavy-assault-cadre\/#primaryimage"},"image":{"@id":"https:\/\/www.coccigames.com\/index.php\/produit\/l-a-heavy-assault-cadre\/#primaryimage"},"thumbnailUrl":"https:\/\/www.coccigames.com\/wp-content\/uploads\/2025\/12\/99122601028_LegionsImperialisSaturnineHeavyAssaultCadre05.jpg","datePublished":"2025-12-20T12:22:13+00:00","dateModified":"2026-04-06T07:28:28+00:00","breadcrumb":{"@id":"https:\/\/www.coccigames.com\/index.php\/produit\/l-a-heavy-assault-cadre\/#breadcrumb"},"inLanguage":"fr-FR","potentialAction":[{"@type":"ReadAction","target":["https:\/\/www.coccigames.com\/index.php\/produit\/l-a-heavy-assault-cadre\/"]}]},{"@type":"ImageObject","inLanguage":"fr-FR","@id":"https:\/\/www.coccigames.com\/index.php\/produit\/l-a-heavy-assault-cadre\/#primaryimage","url":"https:\/\/www.coccigames.com\/wp-content\/uploads\/2025\/12\/99122601028_LegionsImperialisSaturnineHeavyAssaultCadre05.jpg","contentUrl":"https:\/\/www.coccigames.com\/wp-content\/uploads\/2025\/12\/99122601028_LegionsImperialisSaturnineHeavyAssaultCadre05.jpg","width":918,"height":948},{"@type":"BreadcrumbList","@id":"https:\/\/www.coccigames.com\/index.php\/produit\/l-a-heavy-assault-cadre\/#breadcrumb","itemListElement":[{"@type":"ListItem","position":1,"name":"Accueil","item":"https:\/\/www.coccigames.com\/"},{"@type":"ListItem","position":2,"name":"Boutique","item":"https:\/\/www.coccigames.com\/index.php\/boutique\/"},{"@type":"ListItem","position":3,"name":"SATURNINE HEAVY ASSAULT CADRE"}]},{"@type":"WebSite","@id":"https:\/\/www.coccigames.com\/#website","url":"https:\/\/www.coccigames.com\/","name":"Coccigames - Figurines et Peintures","description":"Figurines et Peintures","publisher":{"@id":"https:\/\/www.coccigames.com\/#organization"},"potentialAction":[{"@type":"SearchAction","target":{"@type":"EntryPoint","urlTemplate":"https:\/\/www.coccigames.com\/?s={search_term_string}"},"query-input":{"@type":"PropertyValueSpecification","valueRequired":true,"valueName":"search_term_string"}}],"inLanguage":"fr-FR"},{"@type":"Organization","@id":"https:\/\/www.coccigames.com\/#organization","name":"Coccigames","url":"https:\/\/www.coccigames.com\/","logo":{"@type":"ImageObject","inLanguage":"fr-FR","@id":"https:\/\/www.coccigames.com\/#\/schema\/logo\/image\/","url":"https:\/\/www.coccigames.com\/wp-content\/uploads\/2025\/12\/coccigames_logo_v5.png","contentUrl":"https:\/\/www.coccigames.com\/wp-content\/uploads\/2025\/12\/coccigames_logo_v5.png","width":1768,"height":424,"caption":"Coccigames"},"image":{"@id":"https:\/\/www.coccigames.com\/#\/schema\/logo\/image\/"}}]}},"_links":{"self":[{"href":"https:\/\/www.coccigames.com\/index.php\/wp-json\/wp\/v2\/product\/12993","targetHints":{"allow":["GET"]}}],"collection":[{"href":"https:\/\/www.coccigames.com\/index.php\/wp-json\/wp\/v2\/product"}],"about":[{"href":"https:\/\/www.coccigames.com\/index.php\/wp-json\/wp\/v2\/types\/product"}],"replies":[{"embeddable":true,"href":"https:\/\/www.coccigames.com\/index.php\/wp-json\/wp\/v2\/comments?post=12993"}],"wp:featuredmedia":[{"embeddable":true,"href":"https:\/\/www.coccigames.com\/index.php\/wp-json\/wp\/v2\/media\/13069"}],"wp:attachment":[{"href":"https:\/\/www.coccigames.com\/index.php\/wp-json\/wp\/v2\/media?parent=12993"}],"wp:term":[{"taxonomy":"product_brand","embeddable":true,"href":"https:\/\/www.coccigames.com\/index.php\/wp-json\/wp\/v2\/product_brand?post=12993"},{"taxonomy":"product_cat","embeddable":true,"href":"https:\/\/www.coccigames.com\/index.php\/wp-json\/wp\/v2\/product_cat?post=12993"},{"taxonomy":"product_tag","embeddable":true,"href":"https:\/\/www.coccigames.com\/index.php\/wp-json\/wp\/v2\/product_tag?post=12993"}],"curies":[{"name":"wp","href":"https:\/\/api.w.org\/{rel}","templated":true}]}}