{"id":12992,"date":"2025-12-20T13:22:13","date_gmt":"2025-12-20T12:22:13","guid":{"rendered":"https:\/\/www.coccigames.com\/index.php\/produit\/combined-arms-battle-group\/"},"modified":"2026-04-06T09:28:28","modified_gmt":"2026-04-06T07:28:28","slug":"combined-arms-battle-group","status":"publish","type":"product","link":"https:\/\/www.coccigames.com\/index.php\/produit\/combined-arms-battle-group\/","title":{"rendered":"COMBINED ARMS BATTLE GROUP &#8211; SOLAR AUXILIA"},"content":{"rendered":"<p>Les Solar Auxilia sont une force de combat flexible, dont les outils pour livrer des guerres vont des hordes d&rsquo;infanterie aux emplacements d&rsquo;armes lourdes, en passant par les colonnes de chars. Lorsque tous ceux-ci sont d\u00e9ploy\u00e9s sous forme de groupe de combat interarmes, il est peu de choses dans la galaxie qu&rsquo;ils ne puissent combattre de front.<\/p>\n<p>Cette bo\u00eete bien remplie est id\u00e9ale pour d\u00e9buter une nouvelle collection ou pour \u00e9tendre votre arm\u00e9e existante des Solar Auxilia avant de la d\u00e9cha\u00eener dans les parties de Legions Imperialis, et vous ferez des \u00e9conomies par rapport \u00e0 l&rsquo;achat des kits au d\u00e9tail. Cette force est b\u00e2tie autour d&rsquo;un solide noyau d&rsquo;infanterie capable de contr\u00f4ler le champ de bataille par le simple poids du nombre. L&rsquo;artillerie d\u00e9ploie ses barrages constants de puissance de feu lourde, tandis qu&rsquo;un contingent de transports blind\u00e9s, de chars de combat et de chars super-lourds assure votre mobilit\u00e9. Une escadrille d&rsquo;engins a\u00e9riens vient compl\u00e9ter le groupe, afin d&rsquo;offrir une r\u00e9ponse rapide aux situations qui surgissent.<\/p>\n<p><strong>Le set inclut 166 figurines en plastique, qui se combinent pour obtenir 76 socles d&rsquo;infanterie ou v\u00e9hicules des Solar Auxilia:<\/strong><\/p>\n<p>\u2013\u00a02x Solar Auxilia Command<\/p>\n<p>\u2013\u00a012x Auxiliaries<\/p>\n<p>\u2013\u00a04x Veletarii<\/p>\n<p>\u2013 4x Charonite Ogryns<\/p>\n<p>\u2013 4x Aethon Heavy Sentinel<\/p>\n<p>\u2013 12x Auxilia Rapier<\/p>\n<p>\u2013 4x Cyclops<\/p>\n<p>\u2013 12x Auxilia Tarantula<\/p>\n<p>\u2013 2x Auxilia Super-heavy Tanks<\/p>\n<p>\u2013 6x Dracosan Armoured Transports<\/p>\n<p>\u2013 8x Leman Russ Tanks<\/p>\n<p>\u2013 6x Lightning Fighters<\/p>\n<p>Les Rapier sont quatre avec lanceur quadruple, quatre avec ensemble de destructeurs laser et quatre avec mortier taupe. Les Tarantula sont six avec lance-missiles Hyperios antia\u00e9riens et six avec batterie de canons laser Tarantula. Les Auxilia Super-heavy Tanks peuvent chacun \u00eatre assembl\u00e9s comme un Shadowsword, un Stormsword ou un Stormblade. Les Leman Russ Tanks peuvent chacun \u00eatre assembl\u00e9s comme un Leman Russ Demolisher ou un Leman Russ Executioner.<\/p>\n<p>Ce kit s&rsquo;accompagne de 3x Planches de D\u00e9calcos des V\u00e9hicules des Solar Auxilia, comprenant chacune 228x d\u00e9calcos de grande qualit\u00e9, et de 1x Planche de D\u00e9calcos de Thunderbolt Fighter, comprenant 136 d\u00e9calcos de grande qualit\u00e9, afin de d\u00e9corer vos figurines. Il s&rsquo;y trouve de l&rsquo;iconographie pour les Cthonian Headhunters, les Boremanite Devils, les Arkadian Janissaries, les Manachean Bulls, les Saturnyne Rams, les Lord Marshal&rsquo;s Own, les Ash Scorpions, et les Deathless, ainsi que des chiffres et autres marquages.<\/p>\n<p>Ce kit est compos\u00e9 de 748 \u00e9l\u00e9ments en plastique, de 54x Socles Ronds Legions Imperialis de 25mm, de 6x Socles Volants Ronds Legions Imperialis de 40mm et de 6x Tiges \u00e0 Rotule. Ces figurines sont fournies non peintes et n\u00e9cessitent assemblage \u2013 nous recommandons d&#8217;employer la Colle Plastique Citadel et la peinture Citadel Colour.<\/p>\n","protected":false},"excerpt":{"rendered":"<p>Les Solar Auxilia sont une force de combat flexible, dont les outils pour livrer des guerres vont des hordes d&rsquo;infanterie aux emplacements d&rsquo;armes lourdes, en passant par les colonnes de chars. Lorsque tous ceux-ci sont d\u00e9ploy\u00e9s sous forme de groupe de combat interarmes, il est&hellip;<\/p>\n","protected":false},"featured_media":13075,"comment_status":"open","ping_status":"closed","template":"","meta":[],"product_brand":[23],"product_cat":[6198],"product_tag":[6184,224],"class_list":{"0":"post-12992","1":"product","2":"type-product","3":"status-publish","4":"has-post-thumbnail","6":"product_brand-games-workshop","7":"product_cat-solar-auxilia","8":"product_tag-legion-imperialis","9":"product_tag-solar-auxilia","11":"first","12":"outofstock","13":"sale","14":"taxable","15":"shipping-taxable","16":"purchasable","17":"product-type-simple"},"yoast_head":"<!-- This site is optimized with the Yoast SEO plugin v26.4 - https:\/\/yoast.com\/wordpress\/plugins\/seo\/ -->\n<title>COMBINED ARMS BATTLE GROUP - SOLAR AUXILIA - Coccigames<\/title>\n<meta name=\"robots\" content=\"index, follow, max-snippet:-1, max-image-preview:large, max-video-preview:-1\" \/>\n<link rel=\"canonical\" href=\"https:\/\/www.coccigames.com\/index.php\/produit\/combined-arms-battle-group\/\" \/>\n<meta property=\"og:locale\" content=\"fr_FR\" \/>\n<meta property=\"og:type\" content=\"article\" \/>\n<meta property=\"og:title\" content=\"COMBINED ARMS BATTLE GROUP - SOLAR AUXILIA - Coccigames\" \/>\n<meta property=\"og:description\" content=\"Les Solar Auxilia sont une force de combat flexible, dont les outils pour livrer des guerres vont des hordes d&rsquo;infanterie aux emplacements d&rsquo;armes lourdes, en passant par les colonnes de chars. Lorsque tous ceux-ci sont d\u00e9ploy\u00e9s sous forme de groupe de combat interarmes, il est&hellip;\" \/>\n<meta property=\"og:url\" content=\"https:\/\/www.coccigames.com\/index.php\/produit\/combined-arms-battle-group\/\" \/>\n<meta property=\"og:site_name\" content=\"Coccigames\" \/>\n<meta property=\"article:modified_time\" content=\"2026-04-06T07:28:28+00:00\" \/>\n<meta property=\"og:image\" content=\"https:\/\/www.coccigames.com\/wp-content\/uploads\/2025\/12\/99122605014_LegionsImperialisSolarAuxiliaCombinedArmsBattleGroup06.jpg\" \/>\n\t<meta property=\"og:image:width\" content=\"918\" \/>\n\t<meta property=\"og:image:height\" content=\"948\" \/>\n\t<meta property=\"og:image:type\" content=\"image\/jpeg\" \/>\n<meta name=\"twitter:card\" content=\"summary_large_image\" \/>\n<meta name=\"twitter:label1\" content=\"Dur\u00e9e de lecture estim\u00e9e\" \/>\n\t<meta name=\"twitter:data1\" content=\"3 minutes\" \/>\n<script type=\"application\/ld+json\" class=\"yoast-schema-graph\">{\"@context\":\"https:\/\/schema.org\",\"@graph\":[{\"@type\":\"WebPage\",\"@id\":\"https:\/\/www.coccigames.com\/index.php\/produit\/combined-arms-battle-group\/\",\"url\":\"https:\/\/www.coccigames.com\/index.php\/produit\/combined-arms-battle-group\/\",\"name\":\"COMBINED ARMS BATTLE GROUP - SOLAR AUXILIA - Coccigames\",\"isPartOf\":{\"@id\":\"https:\/\/www.coccigames.com\/#website\"},\"primaryImageOfPage\":{\"@id\":\"https:\/\/www.coccigames.com\/index.php\/produit\/combined-arms-battle-group\/#primaryimage\"},\"image\":{\"@id\":\"https:\/\/www.coccigames.com\/index.php\/produit\/combined-arms-battle-group\/#primaryimage\"},\"thumbnailUrl\":\"https:\/\/www.coccigames.com\/wp-content\/uploads\/2025\/12\/99122605014_LegionsImperialisSolarAuxiliaCombinedArmsBattleGroup06.jpg\",\"datePublished\":\"2025-12-20T12:22:13+00:00\",\"dateModified\":\"2026-04-06T07:28:28+00:00\",\"breadcrumb\":{\"@id\":\"https:\/\/www.coccigames.com\/index.php\/produit\/combined-arms-battle-group\/#breadcrumb\"},\"inLanguage\":\"fr-FR\",\"potentialAction\":[{\"@type\":\"ReadAction\",\"target\":[\"https:\/\/www.coccigames.com\/index.php\/produit\/combined-arms-battle-group\/\"]}]},{\"@type\":\"ImageObject\",\"inLanguage\":\"fr-FR\",\"@id\":\"https:\/\/www.coccigames.com\/index.php\/produit\/combined-arms-battle-group\/#primaryimage\",\"url\":\"https:\/\/www.coccigames.com\/wp-content\/uploads\/2025\/12\/99122605014_LegionsImperialisSolarAuxiliaCombinedArmsBattleGroup06.jpg\",\"contentUrl\":\"https:\/\/www.coccigames.com\/wp-content\/uploads\/2025\/12\/99122605014_LegionsImperialisSolarAuxiliaCombinedArmsBattleGroup06.jpg\",\"width\":918,\"height\":948},{\"@type\":\"BreadcrumbList\",\"@id\":\"https:\/\/www.coccigames.com\/index.php\/produit\/combined-arms-battle-group\/#breadcrumb\",\"itemListElement\":[{\"@type\":\"ListItem\",\"position\":1,\"name\":\"Accueil\",\"item\":\"https:\/\/www.coccigames.com\/\"},{\"@type\":\"ListItem\",\"position\":2,\"name\":\"Boutique\",\"item\":\"https:\/\/www.coccigames.com\/index.php\/boutique\/\"},{\"@type\":\"ListItem\",\"position\":3,\"name\":\"COMBINED ARMS BATTLE GROUP &#8211; SOLAR AUXILIA\"}]},{\"@type\":\"WebSite\",\"@id\":\"https:\/\/www.coccigames.com\/#website\",\"url\":\"https:\/\/www.coccigames.com\/\",\"name\":\"Coccigames - Figurines et Peintures\",\"description\":\"Figurines et Peintures\",\"publisher\":{\"@id\":\"https:\/\/www.coccigames.com\/#organization\"},\"potentialAction\":[{\"@type\":\"SearchAction\",\"target\":{\"@type\":\"EntryPoint\",\"urlTemplate\":\"https:\/\/www.coccigames.com\/?s={search_term_string}\"},\"query-input\":{\"@type\":\"PropertyValueSpecification\",\"valueRequired\":true,\"valueName\":\"search_term_string\"}}],\"inLanguage\":\"fr-FR\"},{\"@type\":\"Organization\",\"@id\":\"https:\/\/www.coccigames.com\/#organization\",\"name\":\"Coccigames\",\"url\":\"https:\/\/www.coccigames.com\/\",\"logo\":{\"@type\":\"ImageObject\",\"inLanguage\":\"fr-FR\",\"@id\":\"https:\/\/www.coccigames.com\/#\/schema\/logo\/image\/\",\"url\":\"https:\/\/www.coccigames.com\/wp-content\/uploads\/2025\/12\/coccigames_logo_v5.png\",\"contentUrl\":\"https:\/\/www.coccigames.com\/wp-content\/uploads\/2025\/12\/coccigames_logo_v5.png\",\"width\":1768,\"height\":424,\"caption\":\"Coccigames\"},\"image\":{\"@id\":\"https:\/\/www.coccigames.com\/#\/schema\/logo\/image\/\"}}]}<\/script>\n<!-- \/ Yoast SEO plugin. -->","yoast_head_json":{"title":"COMBINED ARMS BATTLE GROUP - SOLAR AUXILIA - Coccigames","robots":{"index":"index","follow":"follow","max-snippet":"max-snippet:-1","max-image-preview":"max-image-preview:large","max-video-preview":"max-video-preview:-1"},"canonical":"https:\/\/www.coccigames.com\/index.php\/produit\/combined-arms-battle-group\/","og_locale":"fr_FR","og_type":"article","og_title":"COMBINED ARMS BATTLE GROUP - SOLAR AUXILIA - Coccigames","og_description":"Les Solar Auxilia sont une force de combat flexible, dont les outils pour livrer des guerres vont des hordes d&rsquo;infanterie aux emplacements d&rsquo;armes lourdes, en passant par les colonnes de chars. Lorsque tous ceux-ci sont d\u00e9ploy\u00e9s sous forme de groupe de combat interarmes, il est&hellip;","og_url":"https:\/\/www.coccigames.com\/index.php\/produit\/combined-arms-battle-group\/","og_site_name":"Coccigames","article_modified_time":"2026-04-06T07:28:28+00:00","og_image":[{"width":918,"height":948,"url":"https:\/\/www.coccigames.com\/wp-content\/uploads\/2025\/12\/99122605014_LegionsImperialisSolarAuxiliaCombinedArmsBattleGroup06.jpg","type":"image\/jpeg"}],"twitter_card":"summary_large_image","twitter_misc":{"Dur\u00e9e de lecture estim\u00e9e":"3 minutes"},"schema":{"@context":"https:\/\/schema.org","@graph":[{"@type":"WebPage","@id":"https:\/\/www.coccigames.com\/index.php\/produit\/combined-arms-battle-group\/","url":"https:\/\/www.coccigames.com\/index.php\/produit\/combined-arms-battle-group\/","name":"COMBINED ARMS BATTLE GROUP - SOLAR AUXILIA - Coccigames","isPartOf":{"@id":"https:\/\/www.coccigames.com\/#website"},"primaryImageOfPage":{"@id":"https:\/\/www.coccigames.com\/index.php\/produit\/combined-arms-battle-group\/#primaryimage"},"image":{"@id":"https:\/\/www.coccigames.com\/index.php\/produit\/combined-arms-battle-group\/#primaryimage"},"thumbnailUrl":"https:\/\/www.coccigames.com\/wp-content\/uploads\/2025\/12\/99122605014_LegionsImperialisSolarAuxiliaCombinedArmsBattleGroup06.jpg","datePublished":"2025-12-20T12:22:13+00:00","dateModified":"2026-04-06T07:28:28+00:00","breadcrumb":{"@id":"https:\/\/www.coccigames.com\/index.php\/produit\/combined-arms-battle-group\/#breadcrumb"},"inLanguage":"fr-FR","potentialAction":[{"@type":"ReadAction","target":["https:\/\/www.coccigames.com\/index.php\/produit\/combined-arms-battle-group\/"]}]},{"@type":"ImageObject","inLanguage":"fr-FR","@id":"https:\/\/www.coccigames.com\/index.php\/produit\/combined-arms-battle-group\/#primaryimage","url":"https:\/\/www.coccigames.com\/wp-content\/uploads\/2025\/12\/99122605014_LegionsImperialisSolarAuxiliaCombinedArmsBattleGroup06.jpg","contentUrl":"https:\/\/www.coccigames.com\/wp-content\/uploads\/2025\/12\/99122605014_LegionsImperialisSolarAuxiliaCombinedArmsBattleGroup06.jpg","width":918,"height":948},{"@type":"BreadcrumbList","@id":"https:\/\/www.coccigames.com\/index.php\/produit\/combined-arms-battle-group\/#breadcrumb","itemListElement":[{"@type":"ListItem","position":1,"name":"Accueil","item":"https:\/\/www.coccigames.com\/"},{"@type":"ListItem","position":2,"name":"Boutique","item":"https:\/\/www.coccigames.com\/index.php\/boutique\/"},{"@type":"ListItem","position":3,"name":"COMBINED ARMS BATTLE GROUP &#8211; SOLAR AUXILIA"}]},{"@type":"WebSite","@id":"https:\/\/www.coccigames.com\/#website","url":"https:\/\/www.coccigames.com\/","name":"Coccigames - Figurines et Peintures","description":"Figurines et Peintures","publisher":{"@id":"https:\/\/www.coccigames.com\/#organization"},"potentialAction":[{"@type":"SearchAction","target":{"@type":"EntryPoint","urlTemplate":"https:\/\/www.coccigames.com\/?s={search_term_string}"},"query-input":{"@type":"PropertyValueSpecification","valueRequired":true,"valueName":"search_term_string"}}],"inLanguage":"fr-FR"},{"@type":"Organization","@id":"https:\/\/www.coccigames.com\/#organization","name":"Coccigames","url":"https:\/\/www.coccigames.com\/","logo":{"@type":"ImageObject","inLanguage":"fr-FR","@id":"https:\/\/www.coccigames.com\/#\/schema\/logo\/image\/","url":"https:\/\/www.coccigames.com\/wp-content\/uploads\/2025\/12\/coccigames_logo_v5.png","contentUrl":"https:\/\/www.coccigames.com\/wp-content\/uploads\/2025\/12\/coccigames_logo_v5.png","width":1768,"height":424,"caption":"Coccigames"},"image":{"@id":"https:\/\/www.coccigames.com\/#\/schema\/logo\/image\/"}}]}},"_links":{"self":[{"href":"https:\/\/www.coccigames.com\/index.php\/wp-json\/wp\/v2\/product\/12992","targetHints":{"allow":["GET"]}}],"collection":[{"href":"https:\/\/www.coccigames.com\/index.php\/wp-json\/wp\/v2\/product"}],"about":[{"href":"https:\/\/www.coccigames.com\/index.php\/wp-json\/wp\/v2\/types\/product"}],"replies":[{"embeddable":true,"href":"https:\/\/www.coccigames.com\/index.php\/wp-json\/wp\/v2\/comments?post=12992"}],"wp:featuredmedia":[{"embeddable":true,"href":"https:\/\/www.coccigames.com\/index.php\/wp-json\/wp\/v2\/media\/13075"}],"wp:attachment":[{"href":"https:\/\/www.coccigames.com\/index.php\/wp-json\/wp\/v2\/media?parent=12992"}],"wp:term":[{"taxonomy":"product_brand","embeddable":true,"href":"https:\/\/www.coccigames.com\/index.php\/wp-json\/wp\/v2\/product_brand?post=12992"},{"taxonomy":"product_cat","embeddable":true,"href":"https:\/\/www.coccigames.com\/index.php\/wp-json\/wp\/v2\/product_cat?post=12992"},{"taxonomy":"product_tag","embeddable":true,"href":"https:\/\/www.coccigames.com\/index.php\/wp-json\/wp\/v2\/product_tag?post=12992"}],"curies":[{"name":"wp","href":"https:\/\/api.w.org\/{rel}","templated":true}]}}