{"id":12991,"date":"2025-12-20T13:22:12","date_gmt":"2025-12-20T12:22:12","guid":{"rendered":"https:\/\/www.coccigames.com\/index.php\/produit\/araknae-weapons-platform-batteries\/"},"modified":"2026-04-20T10:05:49","modified_gmt":"2026-04-20T08:05:49","slug":"araknae-weapons-platform-batteries","status":"publish","type":"product","link":"https:\/\/www.coccigames.com\/index.php\/produit\/araknae-weapons-platform-batteries\/","title":{"rendered":"ARAKNAE WEAPONS PLATFORM BATTERIES"},"content":{"rendered":"<p>Les plateformes Araknae sont des tourelles habit\u00e9es, largu\u00e9es en position par transport a\u00e9rien. G\u00e9n\u00e9ralement arm\u00e9es de puissants autocanons acc\u00e9l\u00e9rateurs quadritubes efficaces contre toutes sortes de cibles, y compris les unit\u00e9s blind\u00e9es l\u00e9g\u00e8res, les Araknae peuvent aussi \u00eatre \u00e9quip\u00e9es de diverses armes anti-infanterie, incluant les missiles Frag lourds Orias et un canon Punisher jumel\u00e9 d\u00e9vastateur.<\/p>\n<p>Ce kit en plastique permet d&rsquo;assembler huit Araknae Weapons Platform Batteries pour vos arm\u00e9es des Legiones Astartes dans les parties de Legions Imperialis. Ces dispositifs de d\u00e9fense.<\/p>\n","protected":false},"excerpt":{"rendered":"<p>Les plateformes Araknae sont des tourelles habit\u00e9es, largu\u00e9es en position par transport a\u00e9rien. G\u00e9n\u00e9ralement arm\u00e9es de puissants autocanons acc\u00e9l\u00e9rateurs quadritubes efficaces contre toutes sortes de cibles, y compris les unit\u00e9s blind\u00e9es l\u00e9g\u00e8res, les Araknae peuvent aussi \u00eatre \u00e9quip\u00e9es de diverses armes anti-infanterie, incluant les missiles&hellip;<\/p>\n","protected":false},"featured_media":13073,"comment_status":"open","ping_status":"closed","template":"","meta":[],"product_brand":[23],"product_cat":[6185],"product_tag":[434,6184],"class_list":{"0":"post-12991","1":"product","2":"type-product","3":"status-publish","4":"has-post-thumbnail","6":"product_brand-games-workshop","7":"product_cat-legion-imperialis","8":"product_tag-generic","9":"product_tag-legion-imperialis","11":"first","12":"onbackorder","13":"sale","14":"taxable","15":"shipping-taxable","16":"purchasable","17":"product-type-simple"},"yoast_head":"<!-- This site is optimized with the Yoast SEO plugin v26.4 - https:\/\/yoast.com\/wordpress\/plugins\/seo\/ -->\n<title>ARAKNAE WEAPONS PLATFORM BATTERIES - Coccigames<\/title>\n<meta name=\"robots\" content=\"index, follow, max-snippet:-1, max-image-preview:large, max-video-preview:-1\" \/>\n<link rel=\"canonical\" href=\"https:\/\/www.coccigames.com\/index.php\/produit\/araknae-weapons-platform-batteries\/\" \/>\n<meta property=\"og:locale\" content=\"fr_FR\" \/>\n<meta property=\"og:type\" content=\"article\" \/>\n<meta property=\"og:title\" content=\"ARAKNAE WEAPONS PLATFORM BATTERIES - Coccigames\" \/>\n<meta property=\"og:description\" content=\"Les plateformes Araknae sont des tourelles habit\u00e9es, largu\u00e9es en position par transport a\u00e9rien. G\u00e9n\u00e9ralement arm\u00e9es de puissants autocanons acc\u00e9l\u00e9rateurs quadritubes efficaces contre toutes sortes de cibles, y compris les unit\u00e9s blind\u00e9es l\u00e9g\u00e8res, les Araknae peuvent aussi \u00eatre \u00e9quip\u00e9es de diverses armes anti-infanterie, incluant les missiles&hellip;\" \/>\n<meta property=\"og:url\" content=\"https:\/\/www.coccigames.com\/index.php\/produit\/araknae-weapons-platform-batteries\/\" \/>\n<meta property=\"og:site_name\" content=\"Coccigames\" \/>\n<meta property=\"article:modified_time\" content=\"2026-04-20T08:05:49+00:00\" \/>\n<meta property=\"og:image\" content=\"https:\/\/www.coccigames.com\/wp-content\/uploads\/2025\/12\/99122601033_LegionsImperialisAraknaeWeaponsPlatformBatteries06.jpg\" \/>\n\t<meta property=\"og:image:width\" content=\"918\" \/>\n\t<meta property=\"og:image:height\" content=\"948\" \/>\n\t<meta property=\"og:image:type\" content=\"image\/jpeg\" \/>\n<meta name=\"twitter:card\" content=\"summary_large_image\" \/>\n<meta name=\"twitter:label1\" content=\"Dur\u00e9e de lecture estim\u00e9e\" \/>\n\t<meta name=\"twitter:data1\" content=\"1 minute\" \/>\n<script type=\"application\/ld+json\" class=\"yoast-schema-graph\">{\"@context\":\"https:\/\/schema.org\",\"@graph\":[{\"@type\":\"WebPage\",\"@id\":\"https:\/\/www.coccigames.com\/index.php\/produit\/araknae-weapons-platform-batteries\/\",\"url\":\"https:\/\/www.coccigames.com\/index.php\/produit\/araknae-weapons-platform-batteries\/\",\"name\":\"ARAKNAE WEAPONS PLATFORM BATTERIES - Coccigames\",\"isPartOf\":{\"@id\":\"https:\/\/www.coccigames.com\/#website\"},\"primaryImageOfPage\":{\"@id\":\"https:\/\/www.coccigames.com\/index.php\/produit\/araknae-weapons-platform-batteries\/#primaryimage\"},\"image\":{\"@id\":\"https:\/\/www.coccigames.com\/index.php\/produit\/araknae-weapons-platform-batteries\/#primaryimage\"},\"thumbnailUrl\":\"https:\/\/www.coccigames.com\/wp-content\/uploads\/2025\/12\/99122601033_LegionsImperialisAraknaeWeaponsPlatformBatteries06.jpg\",\"datePublished\":\"2025-12-20T12:22:12+00:00\",\"dateModified\":\"2026-04-20T08:05:49+00:00\",\"breadcrumb\":{\"@id\":\"https:\/\/www.coccigames.com\/index.php\/produit\/araknae-weapons-platform-batteries\/#breadcrumb\"},\"inLanguage\":\"fr-FR\",\"potentialAction\":[{\"@type\":\"ReadAction\",\"target\":[\"https:\/\/www.coccigames.com\/index.php\/produit\/araknae-weapons-platform-batteries\/\"]}]},{\"@type\":\"ImageObject\",\"inLanguage\":\"fr-FR\",\"@id\":\"https:\/\/www.coccigames.com\/index.php\/produit\/araknae-weapons-platform-batteries\/#primaryimage\",\"url\":\"https:\/\/www.coccigames.com\/wp-content\/uploads\/2025\/12\/99122601033_LegionsImperialisAraknaeWeaponsPlatformBatteries06.jpg\",\"contentUrl\":\"https:\/\/www.coccigames.com\/wp-content\/uploads\/2025\/12\/99122601033_LegionsImperialisAraknaeWeaponsPlatformBatteries06.jpg\",\"width\":918,\"height\":948},{\"@type\":\"BreadcrumbList\",\"@id\":\"https:\/\/www.coccigames.com\/index.php\/produit\/araknae-weapons-platform-batteries\/#breadcrumb\",\"itemListElement\":[{\"@type\":\"ListItem\",\"position\":1,\"name\":\"Accueil\",\"item\":\"https:\/\/www.coccigames.com\/\"},{\"@type\":\"ListItem\",\"position\":2,\"name\":\"Boutique\",\"item\":\"https:\/\/www.coccigames.com\/index.php\/boutique\/\"},{\"@type\":\"ListItem\",\"position\":3,\"name\":\"ARAKNAE WEAPONS PLATFORM BATTERIES\"}]},{\"@type\":\"WebSite\",\"@id\":\"https:\/\/www.coccigames.com\/#website\",\"url\":\"https:\/\/www.coccigames.com\/\",\"name\":\"Coccigames - Figurines et Peintures\",\"description\":\"Figurines et Peintures\",\"publisher\":{\"@id\":\"https:\/\/www.coccigames.com\/#organization\"},\"potentialAction\":[{\"@type\":\"SearchAction\",\"target\":{\"@type\":\"EntryPoint\",\"urlTemplate\":\"https:\/\/www.coccigames.com\/?s={search_term_string}\"},\"query-input\":{\"@type\":\"PropertyValueSpecification\",\"valueRequired\":true,\"valueName\":\"search_term_string\"}}],\"inLanguage\":\"fr-FR\"},{\"@type\":\"Organization\",\"@id\":\"https:\/\/www.coccigames.com\/#organization\",\"name\":\"Coccigames\",\"url\":\"https:\/\/www.coccigames.com\/\",\"logo\":{\"@type\":\"ImageObject\",\"inLanguage\":\"fr-FR\",\"@id\":\"https:\/\/www.coccigames.com\/#\/schema\/logo\/image\/\",\"url\":\"https:\/\/www.coccigames.com\/wp-content\/uploads\/2025\/12\/coccigames_logo_v5.png\",\"contentUrl\":\"https:\/\/www.coccigames.com\/wp-content\/uploads\/2025\/12\/coccigames_logo_v5.png\",\"width\":1768,\"height\":424,\"caption\":\"Coccigames\"},\"image\":{\"@id\":\"https:\/\/www.coccigames.com\/#\/schema\/logo\/image\/\"}}]}<\/script>\n<!-- \/ Yoast SEO plugin. -->","yoast_head_json":{"title":"ARAKNAE WEAPONS PLATFORM BATTERIES - Coccigames","robots":{"index":"index","follow":"follow","max-snippet":"max-snippet:-1","max-image-preview":"max-image-preview:large","max-video-preview":"max-video-preview:-1"},"canonical":"https:\/\/www.coccigames.com\/index.php\/produit\/araknae-weapons-platform-batteries\/","og_locale":"fr_FR","og_type":"article","og_title":"ARAKNAE WEAPONS PLATFORM BATTERIES - Coccigames","og_description":"Les plateformes Araknae sont des tourelles habit\u00e9es, largu\u00e9es en position par transport a\u00e9rien. G\u00e9n\u00e9ralement arm\u00e9es de puissants autocanons acc\u00e9l\u00e9rateurs quadritubes efficaces contre toutes sortes de cibles, y compris les unit\u00e9s blind\u00e9es l\u00e9g\u00e8res, les Araknae peuvent aussi \u00eatre \u00e9quip\u00e9es de diverses armes anti-infanterie, incluant les missiles&hellip;","og_url":"https:\/\/www.coccigames.com\/index.php\/produit\/araknae-weapons-platform-batteries\/","og_site_name":"Coccigames","article_modified_time":"2026-04-20T08:05:49+00:00","og_image":[{"width":918,"height":948,"url":"https:\/\/www.coccigames.com\/wp-content\/uploads\/2025\/12\/99122601033_LegionsImperialisAraknaeWeaponsPlatformBatteries06.jpg","type":"image\/jpeg"}],"twitter_card":"summary_large_image","twitter_misc":{"Dur\u00e9e de lecture estim\u00e9e":"1 minute"},"schema":{"@context":"https:\/\/schema.org","@graph":[{"@type":"WebPage","@id":"https:\/\/www.coccigames.com\/index.php\/produit\/araknae-weapons-platform-batteries\/","url":"https:\/\/www.coccigames.com\/index.php\/produit\/araknae-weapons-platform-batteries\/","name":"ARAKNAE WEAPONS PLATFORM BATTERIES - Coccigames","isPartOf":{"@id":"https:\/\/www.coccigames.com\/#website"},"primaryImageOfPage":{"@id":"https:\/\/www.coccigames.com\/index.php\/produit\/araknae-weapons-platform-batteries\/#primaryimage"},"image":{"@id":"https:\/\/www.coccigames.com\/index.php\/produit\/araknae-weapons-platform-batteries\/#primaryimage"},"thumbnailUrl":"https:\/\/www.coccigames.com\/wp-content\/uploads\/2025\/12\/99122601033_LegionsImperialisAraknaeWeaponsPlatformBatteries06.jpg","datePublished":"2025-12-20T12:22:12+00:00","dateModified":"2026-04-20T08:05:49+00:00","breadcrumb":{"@id":"https:\/\/www.coccigames.com\/index.php\/produit\/araknae-weapons-platform-batteries\/#breadcrumb"},"inLanguage":"fr-FR","potentialAction":[{"@type":"ReadAction","target":["https:\/\/www.coccigames.com\/index.php\/produit\/araknae-weapons-platform-batteries\/"]}]},{"@type":"ImageObject","inLanguage":"fr-FR","@id":"https:\/\/www.coccigames.com\/index.php\/produit\/araknae-weapons-platform-batteries\/#primaryimage","url":"https:\/\/www.coccigames.com\/wp-content\/uploads\/2025\/12\/99122601033_LegionsImperialisAraknaeWeaponsPlatformBatteries06.jpg","contentUrl":"https:\/\/www.coccigames.com\/wp-content\/uploads\/2025\/12\/99122601033_LegionsImperialisAraknaeWeaponsPlatformBatteries06.jpg","width":918,"height":948},{"@type":"BreadcrumbList","@id":"https:\/\/www.coccigames.com\/index.php\/produit\/araknae-weapons-platform-batteries\/#breadcrumb","itemListElement":[{"@type":"ListItem","position":1,"name":"Accueil","item":"https:\/\/www.coccigames.com\/"},{"@type":"ListItem","position":2,"name":"Boutique","item":"https:\/\/www.coccigames.com\/index.php\/boutique\/"},{"@type":"ListItem","position":3,"name":"ARAKNAE WEAPONS PLATFORM BATTERIES"}]},{"@type":"WebSite","@id":"https:\/\/www.coccigames.com\/#website","url":"https:\/\/www.coccigames.com\/","name":"Coccigames - Figurines et Peintures","description":"Figurines et Peintures","publisher":{"@id":"https:\/\/www.coccigames.com\/#organization"},"potentialAction":[{"@type":"SearchAction","target":{"@type":"EntryPoint","urlTemplate":"https:\/\/www.coccigames.com\/?s={search_term_string}"},"query-input":{"@type":"PropertyValueSpecification","valueRequired":true,"valueName":"search_term_string"}}],"inLanguage":"fr-FR"},{"@type":"Organization","@id":"https:\/\/www.coccigames.com\/#organization","name":"Coccigames","url":"https:\/\/www.coccigames.com\/","logo":{"@type":"ImageObject","inLanguage":"fr-FR","@id":"https:\/\/www.coccigames.com\/#\/schema\/logo\/image\/","url":"https:\/\/www.coccigames.com\/wp-content\/uploads\/2025\/12\/coccigames_logo_v5.png","contentUrl":"https:\/\/www.coccigames.com\/wp-content\/uploads\/2025\/12\/coccigames_logo_v5.png","width":1768,"height":424,"caption":"Coccigames"},"image":{"@id":"https:\/\/www.coccigames.com\/#\/schema\/logo\/image\/"}}]}},"_links":{"self":[{"href":"https:\/\/www.coccigames.com\/index.php\/wp-json\/wp\/v2\/product\/12991","targetHints":{"allow":["GET"]}}],"collection":[{"href":"https:\/\/www.coccigames.com\/index.php\/wp-json\/wp\/v2\/product"}],"about":[{"href":"https:\/\/www.coccigames.com\/index.php\/wp-json\/wp\/v2\/types\/product"}],"replies":[{"embeddable":true,"href":"https:\/\/www.coccigames.com\/index.php\/wp-json\/wp\/v2\/comments?post=12991"}],"wp:featuredmedia":[{"embeddable":true,"href":"https:\/\/www.coccigames.com\/index.php\/wp-json\/wp\/v2\/media\/13073"}],"wp:attachment":[{"href":"https:\/\/www.coccigames.com\/index.php\/wp-json\/wp\/v2\/media?parent=12991"}],"wp:term":[{"taxonomy":"product_brand","embeddable":true,"href":"https:\/\/www.coccigames.com\/index.php\/wp-json\/wp\/v2\/product_brand?post=12991"},{"taxonomy":"product_cat","embeddable":true,"href":"https:\/\/www.coccigames.com\/index.php\/wp-json\/wp\/v2\/product_cat?post=12991"},{"taxonomy":"product_tag","embeddable":true,"href":"https:\/\/www.coccigames.com\/index.php\/wp-json\/wp\/v2\/product_tag?post=12991"}],"curies":[{"name":"wp","href":"https:\/\/api.w.org\/{rel}","templated":true}]}}